{"id":3,"date":"2024-09-23T09:55:12","date_gmt":"2024-09-23T01:55:12","guid":{"rendered":"https:\/\/demo.dillerbottle.com\/?page_id=3"},"modified":"2024-10-26T17:48:30","modified_gmt":"2024-10-26T09:48:30","slug":"datenschutzrichtlinie","status":"publish","type":"page","link":"https:\/\/www.dillerbottle.com\/de\/privacy-policy","title":{"rendered":"Datenschutzrichtlinie"},"content":{"rendered":"<p>Wer wir sind<br \/>Unsere Website-Adresse lautet: https:\/\/www.dillerbottle.com.<\/p>\r\n<p>Kommentare<br \/>Wenn ein Besucher einen Kommentar auf unserer Website hinterl\u00e4sst, erfassen wir Daten aus dem Kommentarformular, der IP-Adresse des Besuchers und der User-Agent-Zeichenfolge des Browsers, um Spam-Kommentare zu erkennen.<\/p>\r\n<p>Dar\u00fcber hinaus k\u00f6nnen wir Anonymisierungszeichenfolgen (Hashes) auf Grundlage Ihrer E-Mail-Adresse generieren und diese dem Gravatar-Dienst zur Verf\u00fcgung stellen, um zu best\u00e4tigen, dass Sie den Dienst nutzen. Die Datenschutzrichtlinie des Gravatar-Dienstes k\u00f6nnen Sie unter folgendem Link abrufen: https:\/\/automattic.com\/privacy\/. Sobald Ihr Kommentar freigegeben wurde, wird Ihr Avatar zusammen mit Ihrem Kommentar \u00f6ffentlich angezeigt.<\/p>\r\n<p>Medien<br \/>Wenn Sie Bilder auf unsere Website hochladen, vermeiden Sie bitte das Hochladen von Bildern, die eingebettete Geolokalisierungsinformationen (EXIF-GPS-Daten) enthalten. Besucher der Website k\u00f6nnen die Standortinformationen aus den Bildern herunterladen und extrahieren.<\/p>\r\n<p>Dieses Portal verwendet Cookies zur Optimierung der Browserfunktion. Informieren Sie sich, wie wir Cookies verwenden und wie Sie Ihre Einstellungen \u00e4ndern k\u00f6nnen.<br \/>Wenn Sie einen Kommentar auf unserer Website hinterlassen, k\u00f6nnen Sie Cookies verwenden, um Ihren Namen, Ihre E-Mail-Adresse und Ihre Website-Adresse zu speichern. Diese Cookies bieten Ihnen den Komfort, dass Sie die Informationen nicht erneut eingeben m\u00fcssen, wenn Sie einen nachfolgenden Kommentar hinterlassen. Diese Cookies werden ein Jahr lang gespeichert.<\/p>\r\n<p>Wenn Sie unsere Anmeldeseite besuchen, setzen wir ein tempor\u00e4res Cookie, um zu best\u00e4tigen, dass Ihr Browser Cookies akzeptiert; dieses Cookie enth\u00e4lt keine personenbezogenen Daten und wird gel\u00f6scht, wenn Sie Ihren Browser schlie\u00dfen.<\/p>\r\n<p>Wenn Sie sich anmelden, setzen wir mehrere Cookies, um Ihre Anmeldeinformationen und Bildschirmanzeigeoptionen zu speichern. Anmelde-Cookies sind zwei Tage lang g\u00fcltig und Cookies f\u00fcr Bildschirmanzeigeoptionen ein Jahr lang. Wenn Sie \u201eAngemeldet bleiben\u201c ausw\u00e4hlen, werden Ihre Anmeldeinformationen vierzehn Tage lang gespeichert. Wenn Sie sich von Ihrem Konto abmelden, werden die Anmelde-Cookies entfernt.<\/p>\r\n<p>Wenn Sie einen Artikel bearbeiten oder ver\u00f6ffentlichen, setzen wir in Ihrem Browser zus\u00e4tzlich ein Cookie, das keine personenbezogenen Daten enth\u00e4lt, sondern lediglich die ID des Artikels, den Sie bearbeiten; dieses Cookie wird einen Tag lang gespeichert.<\/p>\r\n<p>Eingebettete Inhalte von anderen Websites<br \/>Artikel auf dieser Website k\u00f6nnen eingebettete Inhalte enthalten (z. B. Videos, Bilder, Artikel usw.). Diese eingebetteten Inhalte verhalten sich nicht anders, als wenn Sie diese externen Websites direkt besuchen.<\/p>\r\n<p>Diese externen Websites sammeln m\u00f6glicherweise Daten \u00fcber Sie, verwenden Cookies, betten zus\u00e4tzliche Tracking-Tools von Drittanbietern ein und \u00fcberwachen sogar Ihre Interaktionen mit den eingebetteten Inhalten, insbesondere wenn Sie \u00fcber ein Konto bei diesen externen Websites verf\u00fcgen und angemeldet sind.<\/p>\r\n<p>Mit wem wir Ihre Informationen teilen<br \/>Wenn Sie eine Zur\u00fccksetzung des Passworts anfordern, wird Ihre IP-Adresse in der E-Mail zur Zur\u00fccksetzung des Passworts enthalten sein.<\/p>\r\n<p>Wie lange wir Ihre Daten speichern<br \/>Wenn Sie einen Kommentar hinterlassen, werden dieser und die damit verbundenen Daten auf unbestimmte Zeit gespeichert. Dies dient der automatischen Identifizierung und Genehmigung nachfolgender Kommentare, ohne dass diese in eine Moderationswarteschlange gestellt werden m\u00fcssen.<\/p>\r\n<p>F\u00fcr Benutzer, die sich auf unserer Website registrieren, speichern wir auch die pers\u00f6nlichen Daten, die sie in ihrem Profil angeben. Alle Benutzer k\u00f6nnen ihre pers\u00f6nlichen Daten jederzeit einsehen, bearbeiten oder l\u00f6schen (mit Ausnahme von Benutzernamen), und Site-Administratoren k\u00f6nnen diese Informationen ebenfalls einsehen und bearbeiten.<\/p>\r\n<p>Welche Rechte haben Sie an Ihren Daten<br \/>Wenn Sie ein Konto auf unserer Website haben oder schon einmal eine Bewertung abgegeben haben, k\u00f6nnen Sie eine exportierte Datei Ihrer bei uns gespeicherten personenbezogenen Daten anfordern, die alle Daten enth\u00e4lt, die Sie uns \u00fcbermittelt haben. Sie k\u00f6nnen auch verlangen, dass wir alle \u00fcber Sie gespeicherten personenbezogenen Daten l\u00f6schen. Dies umfasst keine Daten, die wir aus administrativen, rechtlichen oder sicherheitsrelevanten Gr\u00fcnden aufbewahren m\u00fcssen.<\/p>\r\n<p>Wohin Ihre Daten gesendet werden<br \/>Gastkommentare k\u00f6nnen durch einen automatisierten Dienst zur Spam-Kommentarerkennung \u00fcberpr\u00fcft werden.<\/p>","protected":false},"excerpt":{"rendered":"<p>Who we areOur website address is: https:\/\/www.dillerbottle.com. CommentsWhen a visitor leaves a comment on our website, we collect data from the comment form, the visitor&#8217;s IP address and browser User-Agent string, which helps detect spam comments. In addition, we may generate anonymisation strings (hashes) based on your email address and provide them to the Gravatar [&hellip;]<\/p>\n","protected":false},"author":1,"featured_media":0,"parent":0,"menu_order":0,"comment_status":"closed","ping_status":"open","template":"","meta":{"_acf_changed":false,"footnotes":""},"class_list":["post-3","page","type-page","status-publish","hentry"],"acf":[],"yoast_head":"<!-- This site is optimized with the Yoast SEO Premium plugin v27.4 (Yoast SEO v27.4) - https:\/\/yoast.com\/product\/yoast-seo-premium-wordpress\/ -->\n<title>Privacy Policy - Diller Water Bottle Manufacturer<\/title>\n<meta name=\"description\" content=\"Learn about our website&#039;s privacy policy and how we collect data from comments and media uploads. Find out how we protect your personal information.\" \/>\n<meta name=\"robots\" content=\"index, follow, max-snippet:-1, max-image-preview:large, max-video-preview:-1\" \/>\n<link rel=\"canonical\" href=\"https:\/\/www.dillerbottle.com\/de\/datenschutzrichtlinie\" \/>\n<meta property=\"og:locale\" content=\"de_DE\" \/>\n<meta property=\"og:type\" content=\"article\" \/>\n<meta property=\"og:title\" content=\"Privacy Policy\" \/>\n<meta property=\"og:description\" content=\"Learn about our website&#039;s privacy policy and how we collect data from comments and media uploads. Find out how we protect your personal information.\" \/>\n<meta property=\"og:url\" content=\"https:\/\/www.dillerbottle.com\/de\/datenschutzrichtlinie\" \/>\n<meta property=\"og:site_name\" content=\"Diller Water Bottle Manufacturer\" \/>\n<meta property=\"article:modified_time\" content=\"2024-10-26T09:48:30+00:00\" \/>\n<meta name=\"twitter:card\" content=\"summary_large_image\" \/>\n<meta name=\"twitter:label1\" content=\"Gesch\u00e4tzte Lesezeit\" \/>\n\t<meta name=\"twitter:data1\" content=\"3\u00a0Minuten\" \/>\n<script type=\"application\/ld+json\" class=\"yoast-schema-graph\">{\"@context\":\"https:\\\/\\\/schema.org\",\"@graph\":[{\"@type\":\"Article\",\"@id\":\"https:\\\/\\\/www.dillerbottle.com\\\/privacy-policy#article\",\"isPartOf\":{\"@id\":\"https:\\\/\\\/www.dillerbottle.com\\\/privacy-policy\"},\"author\":{\"name\":\"Chief Product Officer of Diller\",\"@id\":\"https:\\\/\\\/www.dillerbottle.com\\\/#\\\/schema\\\/person\\\/6e4e3f367a0e12fd1bd059570c54c9af\"},\"headline\":\"Privacy Policy\",\"datePublished\":\"2024-09-23T01:55:12+00:00\",\"dateModified\":\"2024-10-26T09:48:30+00:00\",\"mainEntityOfPage\":{\"@id\":\"https:\\\/\\\/www.dillerbottle.com\\\/privacy-policy\"},\"wordCount\":607,\"publisher\":{\"@id\":\"https:\\\/\\\/www.dillerbottle.com\\\/#organization\"},\"inLanguage\":\"de\"},{\"@type\":\"WebPage\",\"@id\":\"https:\\\/\\\/www.dillerbottle.com\\\/privacy-policy\",\"url\":\"https:\\\/\\\/www.dillerbottle.com\\\/privacy-policy\",\"name\":\"Privacy Policy - Diller Water Bottle Manufacturer\",\"isPartOf\":{\"@id\":\"https:\\\/\\\/www.dillerbottle.com\\\/#website\"},\"datePublished\":\"2024-09-23T01:55:12+00:00\",\"dateModified\":\"2024-10-26T09:48:30+00:00\",\"description\":\"Learn about our website's privacy policy and how we collect data from comments and media uploads. Find out how we protect your personal information.\",\"breadcrumb\":{\"@id\":\"https:\\\/\\\/www.dillerbottle.com\\\/privacy-policy#breadcrumb\"},\"inLanguage\":\"de\",\"potentialAction\":[{\"@type\":\"ReadAction\",\"target\":[\"https:\\\/\\\/www.dillerbottle.com\\\/privacy-policy\"]}]},{\"@type\":\"BreadcrumbList\",\"@id\":\"https:\\\/\\\/www.dillerbottle.com\\\/privacy-policy#breadcrumb\",\"itemListElement\":[{\"@type\":\"ListItem\",\"position\":1,\"name\":\"Home\",\"item\":\"https:\\\/\\\/www.dillerbottle.com\\\/\"},{\"@type\":\"ListItem\",\"position\":2,\"name\":\"Privacy Policy\"}]},{\"@type\":\"WebSite\",\"@id\":\"https:\\\/\\\/www.dillerbottle.com\\\/#website\",\"url\":\"https:\\\/\\\/www.dillerbottle.com\\\/\",\"name\":\"Diller Water Bottle Manufacturer\",\"description\":\"Water Bottle Manufacturer\",\"publisher\":{\"@id\":\"https:\\\/\\\/www.dillerbottle.com\\\/#organization\"},\"potentialAction\":[{\"@type\":\"SearchAction\",\"target\":{\"@type\":\"EntryPoint\",\"urlTemplate\":\"https:\\\/\\\/www.dillerbottle.com\\\/?s={search_term_string}\"},\"query-input\":{\"@type\":\"PropertyValueSpecification\",\"valueRequired\":true,\"valueName\":\"search_term_string\"}}],\"inLanguage\":\"de\"},{\"@type\":\"Organization\",\"@id\":\"https:\\\/\\\/www.dillerbottle.com\\\/#organization\",\"name\":\"Diller Water Bottle Manufacturer\",\"url\":\"https:\\\/\\\/www.dillerbottle.com\\\/\",\"logo\":{\"@type\":\"ImageObject\",\"inLanguage\":\"de\",\"@id\":\"https:\\\/\\\/www.dillerbottle.com\\\/#\\\/schema\\\/logo\\\/image\\\/\",\"url\":\"https:\\\/\\\/www.dillerbottle.com\\\/wp-content\\\/uploads\\\/2024\\\/09\\\/49918bfa848dcc1e9f8b509933603ac.png\",\"contentUrl\":\"https:\\\/\\\/www.dillerbottle.com\\\/wp-content\\\/uploads\\\/2024\\\/09\\\/49918bfa848dcc1e9f8b509933603ac.png\",\"width\":988,\"height\":198,\"caption\":\"Diller Water Bottle Manufacturer\"},\"image\":{\"@id\":\"https:\\\/\\\/www.dillerbottle.com\\\/#\\\/schema\\\/logo\\\/image\\\/\"}},{\"@type\":\"Person\",\"@id\":\"https:\\\/\\\/www.dillerbottle.com\\\/#\\\/schema\\\/person\\\/6e4e3f367a0e12fd1bd059570c54c9af\",\"name\":\"Chief Product Officer of Diller\",\"image\":{\"@type\":\"ImageObject\",\"inLanguage\":\"de\",\"@id\":\"https:\\\/\\\/secure.gravatar.com\\\/avatar\\\/948a7094970fcd6f83ebecba16db8a0cd9e0d9a5526ec2aad2f199a3553f6eb5?s=96&d=mm&r=g\",\"url\":\"https:\\\/\\\/secure.gravatar.com\\\/avatar\\\/948a7094970fcd6f83ebecba16db8a0cd9e0d9a5526ec2aad2f199a3553f6eb5?s=96&d=mm&r=g\",\"contentUrl\":\"https:\\\/\\\/secure.gravatar.com\\\/avatar\\\/948a7094970fcd6f83ebecba16db8a0cd9e0d9a5526ec2aad2f199a3553f6eb5?s=96&d=mm&r=g\",\"caption\":\"Chief Product Officer of Diller\"},\"sameAs\":[\"https:\\\/\\\/www.dillerbottle.com\"],\"jobTitle\":\"Chief Product Officer of Diller\",\"url\":\"https:\\\/\\\/www.dillerbottle.com\\\/de\\\/author\\\/diller\"}]}<\/script>\n<!-- \/ Yoast SEO Premium plugin. -->","yoast_head_json":{"title":"Datenschutzrichtlinie - Diller Wasserflaschenhersteller","description":"Informieren Sie sich \u00fcber die Datenschutzrichtlinie unserer Website und dar\u00fcber, wie wir Daten aus Kommentaren und Medien-Uploads sammeln. Finden Sie heraus, wie wir Ihre pers\u00f6nlichen Daten sch\u00fctzen.","robots":{"index":"index","follow":"follow","max-snippet":"max-snippet:-1","max-image-preview":"max-image-preview:large","max-video-preview":"max-video-preview:-1"},"canonical":"https:\/\/www.dillerbottle.com\/de\/datenschutzrichtlinie","og_locale":"de_DE","og_type":"article","og_title":"Privacy Policy","og_description":"Learn about our website's privacy policy and how we collect data from comments and media uploads. Find out how we protect your personal information.","og_url":"https:\/\/www.dillerbottle.com\/de\/datenschutzrichtlinie","og_site_name":"Diller Water Bottle Manufacturer","article_modified_time":"2024-10-26T09:48:30+00:00","twitter_card":"summary_large_image","twitter_misc":{"Gesch\u00e4tzte Lesezeit":"3\u00a0Minuten"},"schema":{"@context":"https:\/\/schema.org","@graph":[{"@type":"Article","@id":"https:\/\/www.dillerbottle.com\/privacy-policy#article","isPartOf":{"@id":"https:\/\/www.dillerbottle.com\/privacy-policy"},"author":{"name":"Chief Product Officer of Diller","@id":"https:\/\/www.dillerbottle.com\/#\/schema\/person\/6e4e3f367a0e12fd1bd059570c54c9af"},"headline":"Privacy Policy","datePublished":"2024-09-23T01:55:12+00:00","dateModified":"2024-10-26T09:48:30+00:00","mainEntityOfPage":{"@id":"https:\/\/www.dillerbottle.com\/privacy-policy"},"wordCount":607,"publisher":{"@id":"https:\/\/www.dillerbottle.com\/#organization"},"inLanguage":"de"},{"@type":"WebPage","@id":"https:\/\/www.dillerbottle.com\/privacy-policy","url":"https:\/\/www.dillerbottle.com\/privacy-policy","name":"Datenschutzrichtlinie - Diller Wasserflaschenhersteller","isPartOf":{"@id":"https:\/\/www.dillerbottle.com\/#website"},"datePublished":"2024-09-23T01:55:12+00:00","dateModified":"2024-10-26T09:48:30+00:00","description":"Informieren Sie sich \u00fcber die Datenschutzrichtlinie unserer Website und dar\u00fcber, wie wir Daten aus Kommentaren und Medien-Uploads sammeln. Finden Sie heraus, wie wir Ihre pers\u00f6nlichen Daten sch\u00fctzen.","breadcrumb":{"@id":"https:\/\/www.dillerbottle.com\/privacy-policy#breadcrumb"},"inLanguage":"de","potentialAction":[{"@type":"ReadAction","target":["https:\/\/www.dillerbottle.com\/privacy-policy"]}]},{"@type":"BreadcrumbList","@id":"https:\/\/www.dillerbottle.com\/privacy-policy#breadcrumb","itemListElement":[{"@type":"ListItem","position":1,"name":"Home","item":"https:\/\/www.dillerbottle.com\/"},{"@type":"ListItem","position":2,"name":"Privacy Policy"}]},{"@type":"WebSite","@id":"https:\/\/www.dillerbottle.com\/#website","url":"https:\/\/www.dillerbottle.com\/","name":"Diller Wasserflaschenhersteller","description":"Wasserflaschenhersteller","publisher":{"@id":"https:\/\/www.dillerbottle.com\/#organization"},"potentialAction":[{"@type":"SearchAction","target":{"@type":"EntryPoint","urlTemplate":"https:\/\/www.dillerbottle.com\/?s={search_term_string}"},"query-input":{"@type":"PropertyValueSpecification","valueRequired":true,"valueName":"search_term_string"}}],"inLanguage":"de"},{"@type":"Organization","@id":"https:\/\/www.dillerbottle.com\/#organization","name":"Diller Wasserflaschenhersteller","url":"https:\/\/www.dillerbottle.com\/","logo":{"@type":"ImageObject","inLanguage":"de","@id":"https:\/\/www.dillerbottle.com\/#\/schema\/logo\/image\/","url":"https:\/\/www.dillerbottle.com\/wp-content\/uploads\/2024\/09\/49918bfa848dcc1e9f8b509933603ac.png","contentUrl":"https:\/\/www.dillerbottle.com\/wp-content\/uploads\/2024\/09\/49918bfa848dcc1e9f8b509933603ac.png","width":988,"height":198,"caption":"Diller Water Bottle Manufacturer"},"image":{"@id":"https:\/\/www.dillerbottle.com\/#\/schema\/logo\/image\/"}},{"@type":"Person","@id":"https:\/\/www.dillerbottle.com\/#\/schema\/person\/6e4e3f367a0e12fd1bd059570c54c9af","name":"Produktverantwortlicher von Diller","image":{"@type":"ImageObject","inLanguage":"de","@id":"https:\/\/secure.gravatar.com\/avatar\/948a7094970fcd6f83ebecba16db8a0cd9e0d9a5526ec2aad2f199a3553f6eb5?s=96&d=mm&r=g","url":"https:\/\/secure.gravatar.com\/avatar\/948a7094970fcd6f83ebecba16db8a0cd9e0d9a5526ec2aad2f199a3553f6eb5?s=96&d=mm&r=g","contentUrl":"https:\/\/secure.gravatar.com\/avatar\/948a7094970fcd6f83ebecba16db8a0cd9e0d9a5526ec2aad2f199a3553f6eb5?s=96&d=mm&r=g","caption":"Chief Product Officer of Diller"},"sameAs":["https:\/\/www.dillerbottle.com"],"jobTitle":"Chief Product Officer of Diller","url":"https:\/\/www.dillerbottle.com\/de\/author\/diller"}]}},"_links":{"self":[{"href":"https:\/\/www.dillerbottle.com\/de\/wp-json\/wp\/v2\/pages\/3","targetHints":{"allow":["GET"]}}],"collection":[{"href":"https:\/\/www.dillerbottle.com\/de\/wp-json\/wp\/v2\/pages"}],"about":[{"href":"https:\/\/www.dillerbottle.com\/de\/wp-json\/wp\/v2\/types\/page"}],"author":[{"embeddable":true,"href":"https:\/\/www.dillerbottle.com\/de\/wp-json\/wp\/v2\/users\/1"}],"replies":[{"embeddable":true,"href":"https:\/\/www.dillerbottle.com\/de\/wp-json\/wp\/v2\/comments?post=3"}],"version-history":[{"count":0,"href":"https:\/\/www.dillerbottle.com\/de\/wp-json\/wp\/v2\/pages\/3\/revisions"}],"wp:attachment":[{"href":"https:\/\/www.dillerbottle.com\/de\/wp-json\/wp\/v2\/media?parent=3"}],"curies":[{"name":"wp","href":"https:\/\/api.w.org\/{rel}","templated":true}]}}