{"id":10218,"date":"2024-09-29T14:42:22","date_gmt":"2024-09-29T06:42:22","guid":{"rendered":"https:\/\/demo.dillerbottle.com\/products\/stainless-steel-thermal-bottle"},"modified":"2025-07-09T15:38:22","modified_gmt":"2025-07-09T07:38:22","slug":"thermosflasche-aus-edelstahl-2","status":"publish","type":"product","link":"https:\/\/www.dillerbottle.com\/de\/products\/stainless-steel-thermal-bottle","title":{"rendered":"Thermosflasche aus Edelstahl"},"content":{"rendered":"<p>1. Die Thermosflasche aus Edelstahl besteht aus hochwertigem Edelstahl und ist BPA- und toxinfreies 100%-Material.<\/p>\n<p>2. Die Thermosflasche aus Edelstahl ist vakuumisoliert und verf\u00fcgt \u00fcber einen versiegelten Deckel, der ein Auslaufen verhindert. Sie h\u00e4lt Getr\u00e4nke 6 Stunden hei\u00df und 12 Stunden kalt.<\/p>\n<p>3. Diese Thermoflasche aus Edelstahl verf\u00fcgt \u00fcber ein schlankes Design, das sich leicht \u00fcberallhin mitnehmen l\u00e4sst. Die Thermoflasche ist perfekt f\u00fcr losen Tee oder Kaffee, sie kann aber auch f\u00fcr hei\u00dfen und kalten Kaffee verwendet werden.<\/p>\n<p><iframe title=\"Isolierte Wasserflasche aus Edelstahl mit Vakuum-Wasserflaschen und Tee-Ei MLH8983\" width=\"800\" height=\"600\" src=\"https:\/\/www.youtube.com\/embed\/qNww3l-Zr4Q?feature=oembed\" frameborder=\"0\" allow=\"accelerometer; autoplay; clipboard-write; encrypted-media; gyroscope; picture-in-picture; web-share\" referrerpolicy=\"strict-origin-when-cross-origin\" allowfullscreen><\/iframe><\/p>","protected":false},"excerpt":{"rendered":"<p>Diese Thermosflasche aus Edelstahl ist aus langlebigem Edelstahl und lebensmittelechten Materialien gefertigt.<br \/>\nDiese isolierte Wasserflasche kann den Inhalt bis zu 6\u201312 Stunden lang hei\u00df oder eiskalt halten.<br \/>\nDie Thermosflasche ist vakuumisoliert und verf\u00fcgt \u00fcber einen versiegelten Deckel, der ein Auslaufen verhindert.<br \/>\nAbnehmbarer Overall, bequemer zu reinigen.<br \/>\nOEM und ODM akzeptabel.<br \/>\nWir k\u00f6nnen die Thermosflasche aus Metall nach Ihren W\u00fcnschen individualisieren.<br \/>\nWillkommen beim Gro\u00dfhandelskauf, senden Sie jetzt eine Anfrage!<\/p>","protected":false},"featured_media":10219,"comment_status":"open","ping_status":"closed","template":"","meta":{"_acf_changed":false},"product_brand":[],"product_cat":[18],"product_tag":[32,36,33,31,813,39,38,719,569,29,37,34,35,862,28,796,691,30,827],"class_list":{"0":"post-10218","1":"product","2":"type-product","3":"status-publish","4":"has-post-thumbnail","6":"product_cat-insulated-water-bottle","7":"product_tag-best","8":"product_tag-bulk","9":"product_tag-buy","10":"product_tag-custom","11":"product_tag-cute-water-bottle","12":"product_tag-for-sale","13":"product_tag-good-quality","14":"product_tag-gym-sports-insulated-stainless-steel-water-bottle","15":"product_tag-leakproof-water-bottle","16":"product_tag-manufacturers","17":"product_tag-manufacturing","18":"product_tag-price","19":"product_tag-small","20":"product_tag-stainless-steel-thermal-bottle","21":"product_tag-suppliers","22":"product_tag-water-bottle-transparent","23":"product_tag-water-bottles-leak-proof-bpa-free-sports-bottle","24":"product_tag-wholesale","25":"product_tag-wide-mouth-water-bottle","27":"first","28":"instock","29":"shipping-taxable","30":"product-type-simple"},"acf":[],"yoast_head":"<!-- This site is optimized with the Yoast SEO Premium plugin v27.5 (Yoast SEO v27.5) - https:\/\/yoast.com\/product\/yoast-seo-premium-wordpress\/ -->\n<title>Stainless Steel Thermal Bottle - Diller Water Bottle Manufacturer<\/title>\n<meta name=\"description\" content=\"As one of the best stainless steel thermal bottle manufacturers and suppliers, we are engaged in manufacturing good quality water bottles. We warmly welcome you to wholesale or buy custom made stainless steel thermal bottle at competitive price from us. Also, small quantity orders are acceptable.\" \/>\n<meta name=\"robots\" content=\"index, follow, max-snippet:-1, max-image-preview:large, max-video-preview:-1\" \/>\n<link rel=\"canonical\" href=\"https:\/\/www.dillerbottle.com\/de\/produkte\/thermosflasche-aus-edelstahl-2\" \/>\n<meta property=\"og:locale\" content=\"de_DE\" \/>\n<meta property=\"og:type\" content=\"article\" \/>\n<meta property=\"og:title\" content=\"Stainless Steel Thermal Bottle\" \/>\n<meta property=\"og:description\" content=\"As one of the best stainless steel thermal bottle manufacturers and suppliers, we are engaged in manufacturing good quality water bottles. We warmly welcome you to wholesale or buy custom made stainless steel thermal bottle at competitive price from us. Also, small quantity orders are acceptable.\" \/>\n<meta property=\"og:url\" content=\"https:\/\/www.dillerbottle.com\/de\/produkte\/thermosflasche-aus-edelstahl-2\" \/>\n<meta property=\"og:site_name\" content=\"Diller Water Bottle Manufacturer\" \/>\n<meta property=\"article:modified_time\" content=\"2025-07-09T07:38:22+00:00\" \/>\n<meta property=\"og:image\" content=\"https:\/\/www.dillerbottle.com\/wp-content\/uploads\/2024\/09\/stainless-steel-thermal-bottle4f551e25-1e80-40eb-b8cf-53229599b662.jpg\" \/>\n\t<meta property=\"og:image:width\" content=\"730\" \/>\n\t<meta property=\"og:image:height\" content=\"730\" \/>\n\t<meta property=\"og:image:type\" content=\"image\/jpeg\" \/>\n<meta name=\"twitter:card\" content=\"summary_large_image\" \/>\n<meta name=\"twitter:label1\" content=\"Gesch\u00e4tzte Lesezeit\" \/>\n\t<meta name=\"twitter:data1\" content=\"5\u00a0Minuten\" \/>\n<script type=\"application\/ld+json\" class=\"yoast-schema-graph\">{\"@context\":\"https:\\\/\\\/schema.org\",\"@graph\":[{\"@type\":\"WebPage\",\"@id\":\"https:\\\/\\\/www.dillerbottle.com\\\/ko\\\/%ec%a0%9c%ed%92%88\\\/%ec%8a%a4%ed%85%8c%ec%9d%b8%eb%a6%ac%ec%8a%a4-%ec%8a%a4%ed%8b%b8-%eb%b3%b4%ec%98%a8%eb%b3%91-6\",\"url\":\"https:\\\/\\\/www.dillerbottle.com\\\/ko\\\/%ec%a0%9c%ed%92%88\\\/%ec%8a%a4%ed%85%8c%ec%9d%b8%eb%a6%ac%ec%8a%a4-%ec%8a%a4%ed%8b%b8-%eb%b3%b4%ec%98%a8%eb%b3%91-6\",\"name\":\"Stainless Steel Thermal Bottle - Diller Water Bottle Manufacturer\",\"isPartOf\":{\"@id\":\"https:\\\/\\\/www.dillerbottle.com\\\/#website\"},\"primaryImageOfPage\":{\"@id\":\"https:\\\/\\\/www.dillerbottle.com\\\/ko\\\/%ec%a0%9c%ed%92%88\\\/%ec%8a%a4%ed%85%8c%ec%9d%b8%eb%a6%ac%ec%8a%a4-%ec%8a%a4%ed%8b%b8-%eb%b3%b4%ec%98%a8%eb%b3%91-6#primaryimage\"},\"image\":{\"@id\":\"https:\\\/\\\/www.dillerbottle.com\\\/ko\\\/%ec%a0%9c%ed%92%88\\\/%ec%8a%a4%ed%85%8c%ec%9d%b8%eb%a6%ac%ec%8a%a4-%ec%8a%a4%ed%8b%b8-%eb%b3%b4%ec%98%a8%eb%b3%91-6#primaryimage\"},\"thumbnailUrl\":\"https:\\\/\\\/www.dillerbottle.com\\\/wp-content\\\/uploads\\\/2024\\\/09\\\/stainless-steel-thermal-bottle4f551e25-1e80-40eb-b8cf-53229599b662.jpg\",\"datePublished\":\"2024-09-29T06:42:22+00:00\",\"dateModified\":\"2025-07-09T07:38:22+00:00\",\"description\":\"As one of the best stainless steel thermal bottle manufacturers and suppliers, we are engaged in manufacturing good quality water bottles. We warmly welcome you to wholesale or buy custom made stainless steel thermal bottle at competitive price from us. Also, small quantity orders are acceptable.\",\"breadcrumb\":{\"@id\":\"https:\\\/\\\/www.dillerbottle.com\\\/ko\\\/%ec%a0%9c%ed%92%88\\\/%ec%8a%a4%ed%85%8c%ec%9d%b8%eb%a6%ac%ec%8a%a4-%ec%8a%a4%ed%8b%b8-%eb%b3%b4%ec%98%a8%eb%b3%91-6#breadcrumb\"},\"inLanguage\":\"de\",\"potentialAction\":[{\"@type\":\"ReadAction\",\"target\":[\"https:\\\/\\\/www.dillerbottle.com\\\/ko\\\/%ec%a0%9c%ed%92%88\\\/%ec%8a%a4%ed%85%8c%ec%9d%b8%eb%a6%ac%ec%8a%a4-%ec%8a%a4%ed%8b%b8-%eb%b3%b4%ec%98%a8%eb%b3%91-6\"]}]},{\"@type\":\"ImageObject\",\"inLanguage\":\"de\",\"@id\":\"https:\\\/\\\/www.dillerbottle.com\\\/ko\\\/%ec%a0%9c%ed%92%88\\\/%ec%8a%a4%ed%85%8c%ec%9d%b8%eb%a6%ac%ec%8a%a4-%ec%8a%a4%ed%8b%b8-%eb%b3%b4%ec%98%a8%eb%b3%91-6#primaryimage\",\"url\":\"https:\\\/\\\/www.dillerbottle.com\\\/wp-content\\\/uploads\\\/2024\\\/09\\\/stainless-steel-thermal-bottle4f551e25-1e80-40eb-b8cf-53229599b662.jpg\",\"contentUrl\":\"https:\\\/\\\/www.dillerbottle.com\\\/wp-content\\\/uploads\\\/2024\\\/09\\\/stainless-steel-thermal-bottle4f551e25-1e80-40eb-b8cf-53229599b662.jpg\",\"width\":730,\"height\":730},{\"@type\":\"BreadcrumbList\",\"@id\":\"https:\\\/\\\/www.dillerbottle.com\\\/ko\\\/%ec%a0%9c%ed%92%88\\\/%ec%8a%a4%ed%85%8c%ec%9d%b8%eb%a6%ac%ec%8a%a4-%ec%8a%a4%ed%8b%b8-%eb%b3%b4%ec%98%a8%eb%b3%91-6#breadcrumb\",\"itemListElement\":[{\"@type\":\"ListItem\",\"position\":1,\"name\":\"Home\",\"item\":\"https:\\\/\\\/www.dillerbottle.com\\\/\"},{\"@type\":\"ListItem\",\"position\":2,\"name\":\"Products\",\"item\":\"https:\\\/\\\/www.dillerbottle.com\\\/shop\"},{\"@type\":\"ListItem\",\"position\":3,\"name\":\"Stainless Steel Thermal Bottle\"}]},{\"@type\":\"WebSite\",\"@id\":\"https:\\\/\\\/www.dillerbottle.com\\\/#website\",\"url\":\"https:\\\/\\\/www.dillerbottle.com\\\/\",\"name\":\"Diller Water Bottle Manufacturer\",\"description\":\"Water Bottle Manufacturer\",\"publisher\":{\"@id\":\"https:\\\/\\\/www.dillerbottle.com\\\/#organization\"},\"potentialAction\":[{\"@type\":\"SearchAction\",\"target\":{\"@type\":\"EntryPoint\",\"urlTemplate\":\"https:\\\/\\\/www.dillerbottle.com\\\/?s={search_term_string}\"},\"query-input\":{\"@type\":\"PropertyValueSpecification\",\"valueRequired\":true,\"valueName\":\"search_term_string\"}}],\"inLanguage\":\"de\"},{\"@type\":\"Organization\",\"@id\":\"https:\\\/\\\/www.dillerbottle.com\\\/#organization\",\"name\":\"Diller Water Bottle Manufacturer\",\"url\":\"https:\\\/\\\/www.dillerbottle.com\\\/\",\"logo\":{\"@type\":\"ImageObject\",\"inLanguage\":\"de\",\"@id\":\"https:\\\/\\\/www.dillerbottle.com\\\/#\\\/schema\\\/logo\\\/image\\\/\",\"url\":\"https:\\\/\\\/www.dillerbottle.com\\\/wp-content\\\/uploads\\\/2024\\\/09\\\/49918bfa848dcc1e9f8b509933603ac.png\",\"contentUrl\":\"https:\\\/\\\/www.dillerbottle.com\\\/wp-content\\\/uploads\\\/2024\\\/09\\\/49918bfa848dcc1e9f8b509933603ac.png\",\"width\":988,\"height\":198,\"caption\":\"Diller Water Bottle Manufacturer\"},\"image\":{\"@id\":\"https:\\\/\\\/www.dillerbottle.com\\\/#\\\/schema\\\/logo\\\/image\\\/\"}}]}<\/script>\n<!-- \/ Yoast SEO Premium plugin. -->","yoast_head_json":{"title":"Thermosflasche aus Edelstahl - Diller Wasserflaschenhersteller","description":"Als einer der besten Hersteller und Lieferanten von Thermoflaschen aus Edelstahl sind wir auf die Herstellung hochwertiger Wasserflaschen spezialisiert. Wir hei\u00dfen Sie herzlich willkommen, bei uns Thermoflaschen aus Edelstahl im Gro\u00dfhandel zu kaufen oder nach Ma\u00df zu wettbewerbsf\u00e4higen Preisen zu erwerben. Auch Bestellungen in kleinen Mengen sind m\u00f6glich.","robots":{"index":"index","follow":"follow","max-snippet":"max-snippet:-1","max-image-preview":"max-image-preview:large","max-video-preview":"max-video-preview:-1"},"canonical":"https:\/\/www.dillerbottle.com\/de\/produkte\/thermosflasche-aus-edelstahl-2","og_locale":"de_DE","og_type":"article","og_title":"Stainless Steel Thermal Bottle","og_description":"As one of the best stainless steel thermal bottle manufacturers and suppliers, we are engaged in manufacturing good quality water bottles. We warmly welcome you to wholesale or buy custom made stainless steel thermal bottle at competitive price from us. Also, small quantity orders are acceptable.","og_url":"https:\/\/www.dillerbottle.com\/de\/produkte\/thermosflasche-aus-edelstahl-2","og_site_name":"Diller Water Bottle Manufacturer","article_modified_time":"2025-07-09T07:38:22+00:00","og_image":[{"width":730,"height":730,"url":"https:\/\/www.dillerbottle.com\/wp-content\/uploads\/2024\/09\/stainless-steel-thermal-bottle4f551e25-1e80-40eb-b8cf-53229599b662.jpg","type":"image\/jpeg"}],"twitter_card":"summary_large_image","twitter_misc":{"Gesch\u00e4tzte Lesezeit":"5\u00a0Minuten"},"schema":{"@context":"https:\/\/schema.org","@graph":[{"@type":"WebPage","@id":"https:\/\/www.dillerbottle.com\/ko\/%ec%a0%9c%ed%92%88\/%ec%8a%a4%ed%85%8c%ec%9d%b8%eb%a6%ac%ec%8a%a4-%ec%8a%a4%ed%8b%b8-%eb%b3%b4%ec%98%a8%eb%b3%91-6","url":"https:\/\/www.dillerbottle.com\/ko\/%ec%a0%9c%ed%92%88\/%ec%8a%a4%ed%85%8c%ec%9d%b8%eb%a6%ac%ec%8a%a4-%ec%8a%a4%ed%8b%b8-%eb%b3%b4%ec%98%a8%eb%b3%91-6","name":"Thermosflasche aus Edelstahl - Diller Wasserflaschenhersteller","isPartOf":{"@id":"https:\/\/www.dillerbottle.com\/#website"},"primaryImageOfPage":{"@id":"https:\/\/www.dillerbottle.com\/ko\/%ec%a0%9c%ed%92%88\/%ec%8a%a4%ed%85%8c%ec%9d%b8%eb%a6%ac%ec%8a%a4-%ec%8a%a4%ed%8b%b8-%eb%b3%b4%ec%98%a8%eb%b3%91-6#primaryimage"},"image":{"@id":"https:\/\/www.dillerbottle.com\/ko\/%ec%a0%9c%ed%92%88\/%ec%8a%a4%ed%85%8c%ec%9d%b8%eb%a6%ac%ec%8a%a4-%ec%8a%a4%ed%8b%b8-%eb%b3%b4%ec%98%a8%eb%b3%91-6#primaryimage"},"thumbnailUrl":"https:\/\/www.dillerbottle.com\/wp-content\/uploads\/2024\/09\/stainless-steel-thermal-bottle4f551e25-1e80-40eb-b8cf-53229599b662.jpg","datePublished":"2024-09-29T06:42:22+00:00","dateModified":"2025-07-09T07:38:22+00:00","description":"Als einer der besten Hersteller und Lieferanten von Thermoflaschen aus Edelstahl sind wir auf die Herstellung hochwertiger Wasserflaschen spezialisiert. Wir hei\u00dfen Sie herzlich willkommen, bei uns Thermoflaschen aus Edelstahl im Gro\u00dfhandel zu kaufen oder nach Ma\u00df zu wettbewerbsf\u00e4higen Preisen zu erwerben. Auch Bestellungen in kleinen Mengen sind m\u00f6glich.","breadcrumb":{"@id":"https:\/\/www.dillerbottle.com\/ko\/%ec%a0%9c%ed%92%88\/%ec%8a%a4%ed%85%8c%ec%9d%b8%eb%a6%ac%ec%8a%a4-%ec%8a%a4%ed%8b%b8-%eb%b3%b4%ec%98%a8%eb%b3%91-6#breadcrumb"},"inLanguage":"de","potentialAction":[{"@type":"ReadAction","target":["https:\/\/www.dillerbottle.com\/ko\/%ec%a0%9c%ed%92%88\/%ec%8a%a4%ed%85%8c%ec%9d%b8%eb%a6%ac%ec%8a%a4-%ec%8a%a4%ed%8b%b8-%eb%b3%b4%ec%98%a8%eb%b3%91-6"]}]},{"@type":"ImageObject","inLanguage":"de","@id":"https:\/\/www.dillerbottle.com\/ko\/%ec%a0%9c%ed%92%88\/%ec%8a%a4%ed%85%8c%ec%9d%b8%eb%a6%ac%ec%8a%a4-%ec%8a%a4%ed%8b%b8-%eb%b3%b4%ec%98%a8%eb%b3%91-6#primaryimage","url":"https:\/\/www.dillerbottle.com\/wp-content\/uploads\/2024\/09\/stainless-steel-thermal-bottle4f551e25-1e80-40eb-b8cf-53229599b662.jpg","contentUrl":"https:\/\/www.dillerbottle.com\/wp-content\/uploads\/2024\/09\/stainless-steel-thermal-bottle4f551e25-1e80-40eb-b8cf-53229599b662.jpg","width":730,"height":730},{"@type":"BreadcrumbList","@id":"https:\/\/www.dillerbottle.com\/ko\/%ec%a0%9c%ed%92%88\/%ec%8a%a4%ed%85%8c%ec%9d%b8%eb%a6%ac%ec%8a%a4-%ec%8a%a4%ed%8b%b8-%eb%b3%b4%ec%98%a8%eb%b3%91-6#breadcrumb","itemListElement":[{"@type":"ListItem","position":1,"name":"Home","item":"https:\/\/www.dillerbottle.com\/"},{"@type":"ListItem","position":2,"name":"Products","item":"https:\/\/www.dillerbottle.com\/shop"},{"@type":"ListItem","position":3,"name":"Stainless Steel Thermal Bottle"}]},{"@type":"WebSite","@id":"https:\/\/www.dillerbottle.com\/#website","url":"https:\/\/www.dillerbottle.com\/","name":"Diller Wasserflaschenhersteller","description":"Wasserflaschenhersteller","publisher":{"@id":"https:\/\/www.dillerbottle.com\/#organization"},"potentialAction":[{"@type":"SearchAction","target":{"@type":"EntryPoint","urlTemplate":"https:\/\/www.dillerbottle.com\/?s={search_term_string}"},"query-input":{"@type":"PropertyValueSpecification","valueRequired":true,"valueName":"search_term_string"}}],"inLanguage":"de"},{"@type":"Organization","@id":"https:\/\/www.dillerbottle.com\/#organization","name":"Diller Wasserflaschenhersteller","url":"https:\/\/www.dillerbottle.com\/","logo":{"@type":"ImageObject","inLanguage":"de","@id":"https:\/\/www.dillerbottle.com\/#\/schema\/logo\/image\/","url":"https:\/\/www.dillerbottle.com\/wp-content\/uploads\/2024\/09\/49918bfa848dcc1e9f8b509933603ac.png","contentUrl":"https:\/\/www.dillerbottle.com\/wp-content\/uploads\/2024\/09\/49918bfa848dcc1e9f8b509933603ac.png","width":988,"height":198,"caption":"Diller Water Bottle Manufacturer"},"image":{"@id":"https:\/\/www.dillerbottle.com\/#\/schema\/logo\/image\/"}}]}},"_links":{"self":[{"href":"https:\/\/www.dillerbottle.com\/de\/wp-json\/wp\/v2\/product\/10218","targetHints":{"allow":["GET"]}}],"collection":[{"href":"https:\/\/www.dillerbottle.com\/de\/wp-json\/wp\/v2\/product"}],"about":[{"href":"https:\/\/www.dillerbottle.com\/de\/wp-json\/wp\/v2\/types\/product"}],"replies":[{"embeddable":true,"href":"https:\/\/www.dillerbottle.com\/de\/wp-json\/wp\/v2\/comments?post=10218"}],"wp:featuredmedia":[{"embeddable":true,"href":"https:\/\/www.dillerbottle.com\/de\/wp-json\/wp\/v2\/media\/10219"}],"wp:attachment":[{"href":"https:\/\/www.dillerbottle.com\/de\/wp-json\/wp\/v2\/media?parent=10218"}],"wp:term":[{"taxonomy":"product_brand","embeddable":true,"href":"https:\/\/www.dillerbottle.com\/de\/wp-json\/wp\/v2\/product_brand?post=10218"},{"taxonomy":"product_cat","embeddable":true,"href":"https:\/\/www.dillerbottle.com\/de\/wp-json\/wp\/v2\/product_cat?post=10218"},{"taxonomy":"product_tag","embeddable":true,"href":"https:\/\/www.dillerbottle.com\/de\/wp-json\/wp\/v2\/product_tag?post=10218"}],"curies":[{"name":"wp","href":"https:\/\/api.w.org\/{rel}","templated":true}]}}