{"id":10642,"date":"2024-09-29T14:47:52","date_gmt":"2024-09-29T06:47:52","guid":{"rendered":"https:\/\/demo.dillerbottle.com\/products\/stainless-steel-vacuum-thermos"},"modified":"2025-07-09T15:18:21","modified_gmt":"2025-07-09T07:18:21","slug":"vakuumthermoskanne-aus-edelstahl","status":"publish","type":"product","link":"https:\/\/www.dillerbottle.com\/de\/products\/stainless-steel-vacuum-thermos","title":{"rendered":"Vakuumthermoskanne aus Edelstahl"},"content":{"rendered":"<p>Merkmale:<br \/>\n1.;Au\u00dfergew\u00f6hnliche Temperaturkontrolle. H\u00e4lt bis zu 24 Stunden kalt und bis zu 12 Stunden hei\u00df. Doppelwandige Vakuumisolierung, hochwertige Isolierschicht hilft, die gew\u00fcnschte Temperatur zu halten.<\/p>\n<p>2.;Vakuumthermoskanne aus hochwertigem rostfreiem Edelstahl 18\/8. BPA-freier, lebensmittelechter Stahl, lebensmittelechter Kunststoff und Silikon.<\/p>\n<p>3.;100% auslaufsicher und schwei\u00dffrei. Thermosflasche mit gro\u00dfem Fassungsverm\u00f6gen und breiter Flaschen\u00f6ffnung, leicht zu bef\u00fcllen und zu reinigen.;Kommt mit einem langen Edelstahlnetzfilter, der zum Zubereiten von Tee oder Kaffee verwendet werden kann.<\/p>\n<p>4. Die matte Spr\u00fchbeschichtung sorgt f\u00fcr ein angenehmes Tragegef\u00fchl und macht die Flasche langlebiger, verschlei\u00dffester und kratzfester.<br \/>\n5.;Wir k\u00f6nnen Ihr eigenes Markenlogo anpassen. Siebdruck, Lasergravur, gepr\u00e4gtes Logo, W\u00e4rme\u00fcbertragungsdruck, 3D-Druck, Sublimations\u00fcbertragung usw.<\/p>","protected":false},"excerpt":{"rendered":"<p>Die Edelstahl-Vakuumthermoskanne ist aus hochwertigem rostfreiem Edelstahl 304 (18\/8) gefertigt.<br \/>\nDoppelwandige Vakuumisolierung h\u00e4lt K\u00e4lte bis zu 24 Stunden und W\u00e4rme bis zu 12 Stunden.<br \/>\nKostenlose Proben erh\u00e4ltlich.<br \/>\nWir k\u00f6nnen die Edelstahl-Vakuumthermoskanne nach Ihren W\u00fcnschen wie Logo, Muster, Farbe und Verpackung individualisieren.<br \/>\nWillkommen beim Gro\u00dfhandelskauf, senden Sie jetzt eine Anfrage!<\/p>","protected":false},"featured_media":10643,"comment_status":"open","ping_status":"closed","template":"","meta":{"_acf_changed":false},"product_brand":[],"product_cat":[18],"product_tag":[32,36,33,521,31,39,38,29,37,34,35,700,889,780,738,28,692,767,30],"class_list":{"0":"post-10642","1":"product","2":"type-product","3":"status-publish","4":"has-post-thumbnail","6":"product_cat-insulated-water-bottle","7":"product_tag-best","8":"product_tag-bulk","9":"product_tag-buy","10":"product_tag-cup-outdoor-travel-sports-water-bottle-with-handle","11":"product_tag-custom","12":"product_tag-for-sale","13":"product_tag-good-quality","14":"product_tag-manufacturers","15":"product_tag-manufacturing","16":"product_tag-price","17":"product_tag-small","18":"product_tag-soft-water-bottle","19":"product_tag-stainless-steel-vacuum-thermos","20":"product_tag-stainless-water-bottle","21":"product_tag-steel-water-bottles-with-sports-straw-lid","22":"product_tag-suppliers","23":"product_tag-vacuum-sports-stainless-steel-sport-water-bottle","24":"product_tag-water-bottles-with-custom-logo","25":"product_tag-wholesale","27":"first","28":"instock","29":"shipping-taxable","30":"product-type-simple"},"acf":[],"yoast_head":"<!-- This site is optimized with the Yoast SEO Premium plugin v27.3 (Yoast SEO v27.3) - https:\/\/yoast.com\/product\/yoast-seo-premium-wordpress\/ -->\n<title>Stainless Steel Vacuum Thermos - Diller Water Bottle Manufacturer<\/title>\n<meta name=\"description\" content=\"As one of the best stainless steel vacuum thermos manufacturers and suppliers, we are engaged in manufacturing good quality water bottles. We warmly welcome you to wholesale or buy custom made stainless steel vacuum thermos at competitive price from us. Also, small quantity orders are acceptable.\" \/>\n<meta name=\"robots\" content=\"index, follow, max-snippet:-1, max-image-preview:large, max-video-preview:-1\" \/>\n<link rel=\"canonical\" href=\"https:\/\/www.dillerbottle.com\/de\/produkte\/vakuumthermoskanne-aus-edelstahl\" \/>\n<meta property=\"og:locale\" content=\"de_DE\" \/>\n<meta property=\"og:type\" content=\"article\" \/>\n<meta property=\"og:title\" content=\"Stainless Steel Vacuum Thermos\" \/>\n<meta property=\"og:description\" content=\"As one of the best stainless steel vacuum thermos manufacturers and suppliers, we are engaged in manufacturing good quality water bottles. We warmly welcome you to wholesale or buy custom made stainless steel vacuum thermos at competitive price from us. Also, small quantity orders are acceptable.\" \/>\n<meta property=\"og:url\" content=\"https:\/\/www.dillerbottle.com\/de\/produkte\/vakuumthermoskanne-aus-edelstahl\" \/>\n<meta property=\"og:site_name\" content=\"Diller Water Bottle Manufacturer\" \/>\n<meta property=\"article:modified_time\" content=\"2025-07-09T07:18:21+00:00\" \/>\n<meta property=\"og:image\" content=\"https:\/\/www.dillerbottle.com\/wp-content\/uploads\/2024\/09\/stainless-steel-vacuum-thermos47591617685.jpg\" \/>\n\t<meta property=\"og:image:width\" content=\"730\" \/>\n\t<meta property=\"og:image:height\" content=\"730\" \/>\n\t<meta property=\"og:image:type\" content=\"image\/jpeg\" \/>\n<meta name=\"twitter:card\" content=\"summary_large_image\" \/>\n<meta name=\"twitter:label1\" content=\"Gesch\u00e4tzte Lesezeit\" \/>\n\t<meta name=\"twitter:data1\" content=\"2\u00a0Minuten\" \/>\n<script type=\"application\/ld+json\" class=\"yoast-schema-graph\">{\"@context\":\"https:\\\/\\\/schema.org\",\"@graph\":[{\"@type\":\"WebPage\",\"@id\":\"https:\\\/\\\/www.dillerbottle.com\\\/ru\\\/%d0%bf%d1%80%d0%be%d0%b4%d1%83%d0%ba%d1%82%d1%8b\\\/%d0%b2%d0%b0%d0%ba%d1%83%d1%83%d0%bc%d0%bd%d1%8b%d0%b9-%d1%82%d0%b5%d1%80%d0%bc%d0%be%d1%81-%d0%b8%d0%b7-%d0%bd%d0%b5%d1%80%d0%b6%d0%b0%d0%b2%d0%b5%d1%8e%d1%89%d0%b5%d0%b9-%d1%81%d1%82%d0%b0%d0%bb\",\"url\":\"https:\\\/\\\/www.dillerbottle.com\\\/ru\\\/%d0%bf%d1%80%d0%be%d0%b4%d1%83%d0%ba%d1%82%d1%8b\\\/%d0%b2%d0%b0%d0%ba%d1%83%d1%83%d0%bc%d0%bd%d1%8b%d0%b9-%d1%82%d0%b5%d1%80%d0%bc%d0%be%d1%81-%d0%b8%d0%b7-%d0%bd%d0%b5%d1%80%d0%b6%d0%b0%d0%b2%d0%b5%d1%8e%d1%89%d0%b5%d0%b9-%d1%81%d1%82%d0%b0%d0%bb\",\"name\":\"Stainless Steel Vacuum Thermos - Diller Water Bottle Manufacturer\",\"isPartOf\":{\"@id\":\"https:\\\/\\\/www.dillerbottle.com\\\/#website\"},\"primaryImageOfPage\":{\"@id\":\"https:\\\/\\\/www.dillerbottle.com\\\/ru\\\/%d0%bf%d1%80%d0%be%d0%b4%d1%83%d0%ba%d1%82%d1%8b\\\/%d0%b2%d0%b0%d0%ba%d1%83%d1%83%d0%bc%d0%bd%d1%8b%d0%b9-%d1%82%d0%b5%d1%80%d0%bc%d0%be%d1%81-%d0%b8%d0%b7-%d0%bd%d0%b5%d1%80%d0%b6%d0%b0%d0%b2%d0%b5%d1%8e%d1%89%d0%b5%d0%b9-%d1%81%d1%82%d0%b0%d0%bb#primaryimage\"},\"image\":{\"@id\":\"https:\\\/\\\/www.dillerbottle.com\\\/ru\\\/%d0%bf%d1%80%d0%be%d0%b4%d1%83%d0%ba%d1%82%d1%8b\\\/%d0%b2%d0%b0%d0%ba%d1%83%d1%83%d0%bc%d0%bd%d1%8b%d0%b9-%d1%82%d0%b5%d1%80%d0%bc%d0%be%d1%81-%d0%b8%d0%b7-%d0%bd%d0%b5%d1%80%d0%b6%d0%b0%d0%b2%d0%b5%d1%8e%d1%89%d0%b5%d0%b9-%d1%81%d1%82%d0%b0%d0%bb#primaryimage\"},\"thumbnailUrl\":\"https:\\\/\\\/www.dillerbottle.com\\\/wp-content\\\/uploads\\\/2024\\\/09\\\/stainless-steel-vacuum-thermos47591617685.jpg\",\"datePublished\":\"2024-09-29T06:47:52+00:00\",\"dateModified\":\"2025-07-09T07:18:21+00:00\",\"description\":\"As one of the best stainless steel vacuum thermos manufacturers and suppliers, we are engaged in manufacturing good quality water bottles. We warmly welcome you to wholesale or buy custom made stainless steel vacuum thermos at competitive price from us. Also, small quantity orders are acceptable.\",\"breadcrumb\":{\"@id\":\"https:\\\/\\\/www.dillerbottle.com\\\/ru\\\/%d0%bf%d1%80%d0%be%d0%b4%d1%83%d0%ba%d1%82%d1%8b\\\/%d0%b2%d0%b0%d0%ba%d1%83%d1%83%d0%bc%d0%bd%d1%8b%d0%b9-%d1%82%d0%b5%d1%80%d0%bc%d0%be%d1%81-%d0%b8%d0%b7-%d0%bd%d0%b5%d1%80%d0%b6%d0%b0%d0%b2%d0%b5%d1%8e%d1%89%d0%b5%d0%b9-%d1%81%d1%82%d0%b0%d0%bb#breadcrumb\"},\"inLanguage\":\"de\",\"potentialAction\":[{\"@type\":\"ReadAction\",\"target\":[\"https:\\\/\\\/www.dillerbottle.com\\\/ru\\\/%d0%bf%d1%80%d0%be%d0%b4%d1%83%d0%ba%d1%82%d1%8b\\\/%d0%b2%d0%b0%d0%ba%d1%83%d1%83%d0%bc%d0%bd%d1%8b%d0%b9-%d1%82%d0%b5%d1%80%d0%bc%d0%be%d1%81-%d0%b8%d0%b7-%d0%bd%d0%b5%d1%80%d0%b6%d0%b0%d0%b2%d0%b5%d1%8e%d1%89%d0%b5%d0%b9-%d1%81%d1%82%d0%b0%d0%bb\"]}]},{\"@type\":\"ImageObject\",\"inLanguage\":\"de\",\"@id\":\"https:\\\/\\\/www.dillerbottle.com\\\/ru\\\/%d0%bf%d1%80%d0%be%d0%b4%d1%83%d0%ba%d1%82%d1%8b\\\/%d0%b2%d0%b0%d0%ba%d1%83%d1%83%d0%bc%d0%bd%d1%8b%d0%b9-%d1%82%d0%b5%d1%80%d0%bc%d0%be%d1%81-%d0%b8%d0%b7-%d0%bd%d0%b5%d1%80%d0%b6%d0%b0%d0%b2%d0%b5%d1%8e%d1%89%d0%b5%d0%b9-%d1%81%d1%82%d0%b0%d0%bb#primaryimage\",\"url\":\"https:\\\/\\\/www.dillerbottle.com\\\/wp-content\\\/uploads\\\/2024\\\/09\\\/stainless-steel-vacuum-thermos47591617685.jpg\",\"contentUrl\":\"https:\\\/\\\/www.dillerbottle.com\\\/wp-content\\\/uploads\\\/2024\\\/09\\\/stainless-steel-vacuum-thermos47591617685.jpg\",\"width\":730,\"height\":730},{\"@type\":\"BreadcrumbList\",\"@id\":\"https:\\\/\\\/www.dillerbottle.com\\\/ru\\\/%d0%bf%d1%80%d0%be%d0%b4%d1%83%d0%ba%d1%82%d1%8b\\\/%d0%b2%d0%b0%d0%ba%d1%83%d1%83%d0%bc%d0%bd%d1%8b%d0%b9-%d1%82%d0%b5%d1%80%d0%bc%d0%be%d1%81-%d0%b8%d0%b7-%d0%bd%d0%b5%d1%80%d0%b6%d0%b0%d0%b2%d0%b5%d1%8e%d1%89%d0%b5%d0%b9-%d1%81%d1%82%d0%b0%d0%bb#breadcrumb\",\"itemListElement\":[{\"@type\":\"ListItem\",\"position\":1,\"name\":\"Home\",\"item\":\"https:\\\/\\\/www.dillerbottle.com\\\/\"},{\"@type\":\"ListItem\",\"position\":2,\"name\":\"Products\",\"item\":\"https:\\\/\\\/www.dillerbottle.com\\\/shop\"},{\"@type\":\"ListItem\",\"position\":3,\"name\":\"Stainless Steel Vacuum Thermos\"}]},{\"@type\":\"WebSite\",\"@id\":\"https:\\\/\\\/www.dillerbottle.com\\\/#website\",\"url\":\"https:\\\/\\\/www.dillerbottle.com\\\/\",\"name\":\"Diller Water Bottle Manufacturer\",\"description\":\"Water Bottle Manufacturer\",\"publisher\":{\"@id\":\"https:\\\/\\\/www.dillerbottle.com\\\/#organization\"},\"potentialAction\":[{\"@type\":\"SearchAction\",\"target\":{\"@type\":\"EntryPoint\",\"urlTemplate\":\"https:\\\/\\\/www.dillerbottle.com\\\/?s={search_term_string}\"},\"query-input\":{\"@type\":\"PropertyValueSpecification\",\"valueRequired\":true,\"valueName\":\"search_term_string\"}}],\"inLanguage\":\"de\"},{\"@type\":\"Organization\",\"@id\":\"https:\\\/\\\/www.dillerbottle.com\\\/#organization\",\"name\":\"Diller Water Bottle Manufacturer\",\"url\":\"https:\\\/\\\/www.dillerbottle.com\\\/\",\"logo\":{\"@type\":\"ImageObject\",\"inLanguage\":\"de\",\"@id\":\"https:\\\/\\\/www.dillerbottle.com\\\/#\\\/schema\\\/logo\\\/image\\\/\",\"url\":\"https:\\\/\\\/www.dillerbottle.com\\\/wp-content\\\/uploads\\\/2024\\\/09\\\/49918bfa848dcc1e9f8b509933603ac.png\",\"contentUrl\":\"https:\\\/\\\/www.dillerbottle.com\\\/wp-content\\\/uploads\\\/2024\\\/09\\\/49918bfa848dcc1e9f8b509933603ac.png\",\"width\":988,\"height\":198,\"caption\":\"Diller Water Bottle Manufacturer\"},\"image\":{\"@id\":\"https:\\\/\\\/www.dillerbottle.com\\\/#\\\/schema\\\/logo\\\/image\\\/\"}}]}<\/script>\n<!-- \/ Yoast SEO Premium plugin. -->","yoast_head_json":{"title":"Edelstahl-Vakuumthermosflasche - Diller Wasserflaschenhersteller","description":"Als einer der besten Hersteller und Lieferanten von Vakuumthermoskannen aus Edelstahl sind wir auf die Herstellung hochwertiger Wasserflaschen spezialisiert. Wir hei\u00dfen Sie herzlich willkommen, bei uns im Gro\u00dfhandel oder zu wettbewerbsf\u00e4higen Preisen ma\u00dfgeschneiderte Vakuumthermoskannen aus Edelstahl zu kaufen. Auch Bestellungen in kleinen Mengen sind akzeptabel.","robots":{"index":"index","follow":"follow","max-snippet":"max-snippet:-1","max-image-preview":"max-image-preview:large","max-video-preview":"max-video-preview:-1"},"canonical":"https:\/\/www.dillerbottle.com\/de\/produkte\/vakuumthermoskanne-aus-edelstahl","og_locale":"de_DE","og_type":"article","og_title":"Stainless Steel Vacuum Thermos","og_description":"As one of the best stainless steel vacuum thermos manufacturers and suppliers, we are engaged in manufacturing good quality water bottles. We warmly welcome you to wholesale or buy custom made stainless steel vacuum thermos at competitive price from us. Also, small quantity orders are acceptable.","og_url":"https:\/\/www.dillerbottle.com\/de\/produkte\/vakuumthermoskanne-aus-edelstahl","og_site_name":"Diller Water Bottle Manufacturer","article_modified_time":"2025-07-09T07:18:21+00:00","og_image":[{"width":730,"height":730,"url":"https:\/\/www.dillerbottle.com\/wp-content\/uploads\/2024\/09\/stainless-steel-vacuum-thermos47591617685.jpg","type":"image\/jpeg"}],"twitter_card":"summary_large_image","twitter_misc":{"Gesch\u00e4tzte Lesezeit":"2\u00a0Minuten"},"schema":{"@context":"https:\/\/schema.org","@graph":[{"@type":"WebPage","@id":"https:\/\/www.dillerbottle.com\/ru\/%d0%bf%d1%80%d0%be%d0%b4%d1%83%d0%ba%d1%82%d1%8b\/%d0%b2%d0%b0%d0%ba%d1%83%d1%83%d0%bc%d0%bd%d1%8b%d0%b9-%d1%82%d0%b5%d1%80%d0%bc%d0%be%d1%81-%d0%b8%d0%b7-%d0%bd%d0%b5%d1%80%d0%b6%d0%b0%d0%b2%d0%b5%d1%8e%d1%89%d0%b5%d0%b9-%d1%81%d1%82%d0%b0%d0%bb","url":"https:\/\/www.dillerbottle.com\/ru\/%d0%bf%d1%80%d0%be%d0%b4%d1%83%d0%ba%d1%82%d1%8b\/%d0%b2%d0%b0%d0%ba%d1%83%d1%83%d0%bc%d0%bd%d1%8b%d0%b9-%d1%82%d0%b5%d1%80%d0%bc%d0%be%d1%81-%d0%b8%d0%b7-%d0%bd%d0%b5%d1%80%d0%b6%d0%b0%d0%b2%d0%b5%d1%8e%d1%89%d0%b5%d0%b9-%d1%81%d1%82%d0%b0%d0%bb","name":"Edelstahl-Vakuumthermosflasche - Diller Wasserflaschenhersteller","isPartOf":{"@id":"https:\/\/www.dillerbottle.com\/#website"},"primaryImageOfPage":{"@id":"https:\/\/www.dillerbottle.com\/ru\/%d0%bf%d1%80%d0%be%d0%b4%d1%83%d0%ba%d1%82%d1%8b\/%d0%b2%d0%b0%d0%ba%d1%83%d1%83%d0%bc%d0%bd%d1%8b%d0%b9-%d1%82%d0%b5%d1%80%d0%bc%d0%be%d1%81-%d0%b8%d0%b7-%d0%bd%d0%b5%d1%80%d0%b6%d0%b0%d0%b2%d0%b5%d1%8e%d1%89%d0%b5%d0%b9-%d1%81%d1%82%d0%b0%d0%bb#primaryimage"},"image":{"@id":"https:\/\/www.dillerbottle.com\/ru\/%d0%bf%d1%80%d0%be%d0%b4%d1%83%d0%ba%d1%82%d1%8b\/%d0%b2%d0%b0%d0%ba%d1%83%d1%83%d0%bc%d0%bd%d1%8b%d0%b9-%d1%82%d0%b5%d1%80%d0%bc%d0%be%d1%81-%d0%b8%d0%b7-%d0%bd%d0%b5%d1%80%d0%b6%d0%b0%d0%b2%d0%b5%d1%8e%d1%89%d0%b5%d0%b9-%d1%81%d1%82%d0%b0%d0%bb#primaryimage"},"thumbnailUrl":"https:\/\/www.dillerbottle.com\/wp-content\/uploads\/2024\/09\/stainless-steel-vacuum-thermos47591617685.jpg","datePublished":"2024-09-29T06:47:52+00:00","dateModified":"2025-07-09T07:18:21+00:00","description":"Als einer der besten Hersteller und Lieferanten von Vakuumthermoskannen aus Edelstahl sind wir auf die Herstellung hochwertiger Wasserflaschen spezialisiert. Wir hei\u00dfen Sie herzlich willkommen, bei uns im Gro\u00dfhandel oder zu wettbewerbsf\u00e4higen Preisen ma\u00dfgeschneiderte Vakuumthermoskannen aus Edelstahl zu kaufen. Auch Bestellungen in kleinen Mengen sind akzeptabel.","breadcrumb":{"@id":"https:\/\/www.dillerbottle.com\/ru\/%d0%bf%d1%80%d0%be%d0%b4%d1%83%d0%ba%d1%82%d1%8b\/%d0%b2%d0%b0%d0%ba%d1%83%d1%83%d0%bc%d0%bd%d1%8b%d0%b9-%d1%82%d0%b5%d1%80%d0%bc%d0%be%d1%81-%d0%b8%d0%b7-%d0%bd%d0%b5%d1%80%d0%b6%d0%b0%d0%b2%d0%b5%d1%8e%d1%89%d0%b5%d0%b9-%d1%81%d1%82%d0%b0%d0%bb#breadcrumb"},"inLanguage":"de","potentialAction":[{"@type":"ReadAction","target":["https:\/\/www.dillerbottle.com\/ru\/%d0%bf%d1%80%d0%be%d0%b4%d1%83%d0%ba%d1%82%d1%8b\/%d0%b2%d0%b0%d0%ba%d1%83%d1%83%d0%bc%d0%bd%d1%8b%d0%b9-%d1%82%d0%b5%d1%80%d0%bc%d0%be%d1%81-%d0%b8%d0%b7-%d0%bd%d0%b5%d1%80%d0%b6%d0%b0%d0%b2%d0%b5%d1%8e%d1%89%d0%b5%d0%b9-%d1%81%d1%82%d0%b0%d0%bb"]}]},{"@type":"ImageObject","inLanguage":"de","@id":"https:\/\/www.dillerbottle.com\/ru\/%d0%bf%d1%80%d0%be%d0%b4%d1%83%d0%ba%d1%82%d1%8b\/%d0%b2%d0%b0%d0%ba%d1%83%d1%83%d0%bc%d0%bd%d1%8b%d0%b9-%d1%82%d0%b5%d1%80%d0%bc%d0%be%d1%81-%d0%b8%d0%b7-%d0%bd%d0%b5%d1%80%d0%b6%d0%b0%d0%b2%d0%b5%d1%8e%d1%89%d0%b5%d0%b9-%d1%81%d1%82%d0%b0%d0%bb#primaryimage","url":"https:\/\/www.dillerbottle.com\/wp-content\/uploads\/2024\/09\/stainless-steel-vacuum-thermos47591617685.jpg","contentUrl":"https:\/\/www.dillerbottle.com\/wp-content\/uploads\/2024\/09\/stainless-steel-vacuum-thermos47591617685.jpg","width":730,"height":730},{"@type":"BreadcrumbList","@id":"https:\/\/www.dillerbottle.com\/ru\/%d0%bf%d1%80%d0%be%d0%b4%d1%83%d0%ba%d1%82%d1%8b\/%d0%b2%d0%b0%d0%ba%d1%83%d1%83%d0%bc%d0%bd%d1%8b%d0%b9-%d1%82%d0%b5%d1%80%d0%bc%d0%be%d1%81-%d0%b8%d0%b7-%d0%bd%d0%b5%d1%80%d0%b6%d0%b0%d0%b2%d0%b5%d1%8e%d1%89%d0%b5%d0%b9-%d1%81%d1%82%d0%b0%d0%bb#breadcrumb","itemListElement":[{"@type":"ListItem","position":1,"name":"Home","item":"https:\/\/www.dillerbottle.com\/"},{"@type":"ListItem","position":2,"name":"Products","item":"https:\/\/www.dillerbottle.com\/shop"},{"@type":"ListItem","position":3,"name":"Stainless Steel Vacuum Thermos"}]},{"@type":"WebSite","@id":"https:\/\/www.dillerbottle.com\/#website","url":"https:\/\/www.dillerbottle.com\/","name":"Diller Wasserflaschenhersteller","description":"Wasserflaschenhersteller","publisher":{"@id":"https:\/\/www.dillerbottle.com\/#organization"},"potentialAction":[{"@type":"SearchAction","target":{"@type":"EntryPoint","urlTemplate":"https:\/\/www.dillerbottle.com\/?s={search_term_string}"},"query-input":{"@type":"PropertyValueSpecification","valueRequired":true,"valueName":"search_term_string"}}],"inLanguage":"de"},{"@type":"Organization","@id":"https:\/\/www.dillerbottle.com\/#organization","name":"Diller Wasserflaschenhersteller","url":"https:\/\/www.dillerbottle.com\/","logo":{"@type":"ImageObject","inLanguage":"de","@id":"https:\/\/www.dillerbottle.com\/#\/schema\/logo\/image\/","url":"https:\/\/www.dillerbottle.com\/wp-content\/uploads\/2024\/09\/49918bfa848dcc1e9f8b509933603ac.png","contentUrl":"https:\/\/www.dillerbottle.com\/wp-content\/uploads\/2024\/09\/49918bfa848dcc1e9f8b509933603ac.png","width":988,"height":198,"caption":"Diller Water Bottle Manufacturer"},"image":{"@id":"https:\/\/www.dillerbottle.com\/#\/schema\/logo\/image\/"}}]}},"_links":{"self":[{"href":"https:\/\/www.dillerbottle.com\/de\/wp-json\/wp\/v2\/product\/10642","targetHints":{"allow":["GET"]}}],"collection":[{"href":"https:\/\/www.dillerbottle.com\/de\/wp-json\/wp\/v2\/product"}],"about":[{"href":"https:\/\/www.dillerbottle.com\/de\/wp-json\/wp\/v2\/types\/product"}],"replies":[{"embeddable":true,"href":"https:\/\/www.dillerbottle.com\/de\/wp-json\/wp\/v2\/comments?post=10642"}],"wp:featuredmedia":[{"embeddable":true,"href":"https:\/\/www.dillerbottle.com\/de\/wp-json\/wp\/v2\/media\/10643"}],"wp:attachment":[{"href":"https:\/\/www.dillerbottle.com\/de\/wp-json\/wp\/v2\/media?parent=10642"}],"wp:term":[{"taxonomy":"product_brand","embeddable":true,"href":"https:\/\/www.dillerbottle.com\/de\/wp-json\/wp\/v2\/product_brand?post=10642"},{"taxonomy":"product_cat","embeddable":true,"href":"https:\/\/www.dillerbottle.com\/de\/wp-json\/wp\/v2\/product_cat?post=10642"},{"taxonomy":"product_tag","embeddable":true,"href":"https:\/\/www.dillerbottle.com\/de\/wp-json\/wp\/v2\/product_tag?post=10642"}],"curies":[{"name":"wp","href":"https:\/\/api.w.org\/{rel}","templated":true}]}}