{"id":10740,"date":"2024-09-29T14:48:59","date_gmt":"2024-09-29T06:48:59","guid":{"rendered":"https:\/\/demo.dillerbottle.com\/products\/stainless-steel-flask-thermos"},"modified":"2025-07-09T15:12:35","modified_gmt":"2025-07-09T07:12:35","slug":"thermoskanne-aus-edelstahl","status":"publish","type":"product","link":"https:\/\/www.dillerbottle.com\/de\/products\/stainless-steel-flask-thermos","title":{"rendered":"Thermoskanne aus Edelstahl"},"content":{"rendered":"<p>Die Thermoskanne aus Edelstahl ist aus lebensmittelechtem, BPA-freiem 304 (18\/8) Edelstahl gefertigt und h\u00e4lt Ihr Getr\u00e4nk frei von Geruch und unerw\u00fcnschtem Geschmack. Die doppelwandige Vakuumisolierung speichert W\u00e4rme bis zu 10 Stunden und K\u00e4lte bis zu 24 Stunden. Sie ist rutschfest und mit hochwertigem Pulver beschichtet, das Kratzer und Dellen abh\u00e4lt und auch Schwei\u00df an der Au\u00dfenwand verhindert. Der Edelstahldeckel mit Griff ist leicht zu tragen. 1. Hochwertige doppelwandige, vakuumisolierte Thermoskanne aus Edelstahl. H\u00e4lt Getr\u00e4nke bis zu 24 Stunden kalt und bis zu 12 Stunden hei\u00df. BPA-freier, lebensmittelechter 18\/8 Edelstahl h\u00e4lt Ihr Getr\u00e4nk frei von Geruch und unerw\u00fcnschtem Geschmack.<br \/>\n2.;Rutschfest, mit hochwertigem Pulver beschichteter Au\u00dfenschutz gegen Kratzer und Dellen und verhindert zudem Schwei\u00df an der Au\u00dfenwand.;<br \/>\n3. Das BPA-freie Silikongummi auf jedem Deckel sorgt daf\u00fcr, dass es nicht ausl\u00e4uft und kein Plastikgeruch entsteht. Diese Thermoskanne aus Edelstahl ist perfekt f\u00fcr den t\u00e4glichen Gebrauch, zum Laufen, Wandern, Camping usw. geeignet.<\/p>","protected":false},"excerpt":{"rendered":"<p>Die Edelstahl-Thermoskanne besteht aus lebensmittelechtem, BPA-freiem 304 (18\/8) Edelstahl und h\u00e4lt Ihr Getr\u00e4nk frei von Geruch und unerw\u00fcnschtem Geschmack.<br \/>\nDoppelwandige Vakuumisolierung speichert W\u00e4rme bis zu 10 Stunden und K\u00e4lte bis zu 24 Stunden, rutschhemmend, mit hochwertigem Pulver beschichteter Au\u00dfenschutz f\u00fcr\u2026<\/p>","protected":false},"featured_media":10741,"comment_status":"open","ping_status":"closed","template":"","meta":{"_acf_changed":false},"product_brand":[],"product_cat":[18],"product_tag":[32,36,33,507,31,753,39,38,680,29,37,687,34,725,35,899,28,544,30],"class_list":{"0":"post-10740","1":"product","2":"type-product","3":"status-publish","4":"has-post-thumbnail","6":"product_cat-insulated-water-bottle","7":"product_tag-best","8":"product_tag-bulk","9":"product_tag-buy","10":"product_tag-cartoon-water-bottles","11":"product_tag-custom","12":"product_tag-double-wall-insulated-stainless-steel-water-bottle","13":"product_tag-for-sale","14":"product_tag-good-quality","15":"product_tag-hot-water-bottle-with-cover","16":"product_tag-manufacturers","17":"product_tag-manufacturing","18":"product_tag-oem-stainless-steel-water-bottle-with-custom-logo","19":"product_tag-price","20":"product_tag-simple-modern-water-bottle","21":"product_tag-small","22":"product_tag-stainless-steel-flask-thermos","23":"product_tag-suppliers","24":"product_tag-water-bottle-handle-lifter","25":"product_tag-wholesale","27":"first","28":"instock","29":"shipping-taxable","30":"product-type-simple"},"acf":[],"yoast_head":"<!-- This site is optimized with the Yoast SEO Premium plugin v27.4 (Yoast SEO v27.4) - https:\/\/yoast.com\/product\/yoast-seo-premium-wordpress\/ -->\n<title>Stainless Steel Flask Thermos - Diller Water Bottle Manufacturer<\/title>\n<meta name=\"description\" content=\"As one of the best stainless steel flask thermos manufacturers and suppliers, we are engaged in manufacturing good quality water bottles. We warmly welcome you to wholesale or buy custom made stainless steel flask thermos at competitive price from us. Also, small quantity orders are acceptable.\" \/>\n<meta name=\"robots\" content=\"index, follow, max-snippet:-1, max-image-preview:large, max-video-preview:-1\" \/>\n<link rel=\"canonical\" href=\"https:\/\/www.dillerbottle.com\/de\/produkte\/thermoskanne-aus-edelstahl\" \/>\n<meta property=\"og:locale\" content=\"de_DE\" \/>\n<meta property=\"og:type\" content=\"article\" \/>\n<meta property=\"og:title\" content=\"Stainless Steel Flask Thermos\" \/>\n<meta property=\"og:description\" content=\"As one of the best stainless steel flask thermos manufacturers and suppliers, we are engaged in manufacturing good quality water bottles. We warmly welcome you to wholesale or buy custom made stainless steel flask thermos at competitive price from us. Also, small quantity orders are acceptable.\" \/>\n<meta property=\"og:url\" content=\"https:\/\/www.dillerbottle.com\/de\/produkte\/thermoskanne-aus-edelstahl\" \/>\n<meta property=\"og:site_name\" content=\"Diller Water Bottle Manufacturer\" \/>\n<meta property=\"article:modified_time\" content=\"2025-07-09T07:12:35+00:00\" \/>\n<meta property=\"og:image\" content=\"https:\/\/www.dillerbottle.com\/wp-content\/uploads\/2024\/09\/stainless-steel-flask-thermos07130367763.jpg\" \/>\n\t<meta property=\"og:image:width\" content=\"730\" \/>\n\t<meta property=\"og:image:height\" content=\"730\" \/>\n\t<meta property=\"og:image:type\" content=\"image\/jpeg\" \/>\n<meta name=\"twitter:card\" content=\"summary_large_image\" \/>\n<meta name=\"twitter:label1\" content=\"Gesch\u00e4tzte Lesezeit\" \/>\n\t<meta name=\"twitter:data1\" content=\"2\u00a0Minuten\" \/>\n<script type=\"application\/ld+json\" class=\"yoast-schema-graph\">{\"@context\":\"https:\\\/\\\/schema.org\",\"@graph\":[{\"@type\":\"WebPage\",\"@id\":\"https:\\\/\\\/www.dillerbottle.com\\\/my\\\/produk\\\/termos-kelalang-keluli-tahan-karat\",\"url\":\"https:\\\/\\\/www.dillerbottle.com\\\/my\\\/produk\\\/termos-kelalang-keluli-tahan-karat\",\"name\":\"Stainless Steel Flask Thermos - Diller Water Bottle Manufacturer\",\"isPartOf\":{\"@id\":\"https:\\\/\\\/www.dillerbottle.com\\\/#website\"},\"primaryImageOfPage\":{\"@id\":\"https:\\\/\\\/www.dillerbottle.com\\\/my\\\/produk\\\/termos-kelalang-keluli-tahan-karat#primaryimage\"},\"image\":{\"@id\":\"https:\\\/\\\/www.dillerbottle.com\\\/my\\\/produk\\\/termos-kelalang-keluli-tahan-karat#primaryimage\"},\"thumbnailUrl\":\"https:\\\/\\\/www.dillerbottle.com\\\/wp-content\\\/uploads\\\/2024\\\/09\\\/stainless-steel-flask-thermos07130367763.jpg\",\"datePublished\":\"2024-09-29T06:48:59+00:00\",\"dateModified\":\"2025-07-09T07:12:35+00:00\",\"description\":\"As one of the best stainless steel flask thermos manufacturers and suppliers, we are engaged in manufacturing good quality water bottles. We warmly welcome you to wholesale or buy custom made stainless steel flask thermos at competitive price from us. Also, small quantity orders are acceptable.\",\"breadcrumb\":{\"@id\":\"https:\\\/\\\/www.dillerbottle.com\\\/my\\\/produk\\\/termos-kelalang-keluli-tahan-karat#breadcrumb\"},\"inLanguage\":\"de\",\"potentialAction\":[{\"@type\":\"ReadAction\",\"target\":[\"https:\\\/\\\/www.dillerbottle.com\\\/my\\\/produk\\\/termos-kelalang-keluli-tahan-karat\"]}]},{\"@type\":\"ImageObject\",\"inLanguage\":\"de\",\"@id\":\"https:\\\/\\\/www.dillerbottle.com\\\/my\\\/produk\\\/termos-kelalang-keluli-tahan-karat#primaryimage\",\"url\":\"https:\\\/\\\/www.dillerbottle.com\\\/wp-content\\\/uploads\\\/2024\\\/09\\\/stainless-steel-flask-thermos07130367763.jpg\",\"contentUrl\":\"https:\\\/\\\/www.dillerbottle.com\\\/wp-content\\\/uploads\\\/2024\\\/09\\\/stainless-steel-flask-thermos07130367763.jpg\",\"width\":730,\"height\":730},{\"@type\":\"BreadcrumbList\",\"@id\":\"https:\\\/\\\/www.dillerbottle.com\\\/my\\\/produk\\\/termos-kelalang-keluli-tahan-karat#breadcrumb\",\"itemListElement\":[{\"@type\":\"ListItem\",\"position\":1,\"name\":\"Home\",\"item\":\"https:\\\/\\\/www.dillerbottle.com\\\/\"},{\"@type\":\"ListItem\",\"position\":2,\"name\":\"Products\",\"item\":\"https:\\\/\\\/www.dillerbottle.com\\\/shop\"},{\"@type\":\"ListItem\",\"position\":3,\"name\":\"Stainless Steel Flask Thermos\"}]},{\"@type\":\"WebSite\",\"@id\":\"https:\\\/\\\/www.dillerbottle.com\\\/#website\",\"url\":\"https:\\\/\\\/www.dillerbottle.com\\\/\",\"name\":\"Diller Water Bottle Manufacturer\",\"description\":\"Water Bottle Manufacturer\",\"publisher\":{\"@id\":\"https:\\\/\\\/www.dillerbottle.com\\\/#organization\"},\"potentialAction\":[{\"@type\":\"SearchAction\",\"target\":{\"@type\":\"EntryPoint\",\"urlTemplate\":\"https:\\\/\\\/www.dillerbottle.com\\\/?s={search_term_string}\"},\"query-input\":{\"@type\":\"PropertyValueSpecification\",\"valueRequired\":true,\"valueName\":\"search_term_string\"}}],\"inLanguage\":\"de\"},{\"@type\":\"Organization\",\"@id\":\"https:\\\/\\\/www.dillerbottle.com\\\/#organization\",\"name\":\"Diller Water Bottle Manufacturer\",\"url\":\"https:\\\/\\\/www.dillerbottle.com\\\/\",\"logo\":{\"@type\":\"ImageObject\",\"inLanguage\":\"de\",\"@id\":\"https:\\\/\\\/www.dillerbottle.com\\\/#\\\/schema\\\/logo\\\/image\\\/\",\"url\":\"https:\\\/\\\/www.dillerbottle.com\\\/wp-content\\\/uploads\\\/2024\\\/09\\\/49918bfa848dcc1e9f8b509933603ac.png\",\"contentUrl\":\"https:\\\/\\\/www.dillerbottle.com\\\/wp-content\\\/uploads\\\/2024\\\/09\\\/49918bfa848dcc1e9f8b509933603ac.png\",\"width\":988,\"height\":198,\"caption\":\"Diller Water Bottle Manufacturer\"},\"image\":{\"@id\":\"https:\\\/\\\/www.dillerbottle.com\\\/#\\\/schema\\\/logo\\\/image\\\/\"}}]}<\/script>\n<!-- \/ Yoast SEO Premium plugin. -->","yoast_head_json":{"title":"Thermoskanne aus Edelstahl - Diller Wasserflaschenhersteller","description":"Als einer der besten Hersteller und Lieferanten von Thermosflaschen aus Edelstahl sind wir auf die Herstellung hochwertiger Wasserflaschen spezialisiert. Wir hei\u00dfen Sie herzlich willkommen, bei uns Thermosflaschen aus Edelstahl im Gro\u00dfhandel zu kaufen oder nach Ma\u00df zu wettbewerbsf\u00e4higen Preisen zu bestellen. Auch Bestellungen in kleinen Mengen sind m\u00f6glich.","robots":{"index":"index","follow":"follow","max-snippet":"max-snippet:-1","max-image-preview":"max-image-preview:large","max-video-preview":"max-video-preview:-1"},"canonical":"https:\/\/www.dillerbottle.com\/de\/produkte\/thermoskanne-aus-edelstahl","og_locale":"de_DE","og_type":"article","og_title":"Stainless Steel Flask Thermos","og_description":"As one of the best stainless steel flask thermos manufacturers and suppliers, we are engaged in manufacturing good quality water bottles. We warmly welcome you to wholesale or buy custom made stainless steel flask thermos at competitive price from us. Also, small quantity orders are acceptable.","og_url":"https:\/\/www.dillerbottle.com\/de\/produkte\/thermoskanne-aus-edelstahl","og_site_name":"Diller Water Bottle Manufacturer","article_modified_time":"2025-07-09T07:12:35+00:00","og_image":[{"width":730,"height":730,"url":"https:\/\/www.dillerbottle.com\/wp-content\/uploads\/2024\/09\/stainless-steel-flask-thermos07130367763.jpg","type":"image\/jpeg"}],"twitter_card":"summary_large_image","twitter_misc":{"Gesch\u00e4tzte Lesezeit":"2\u00a0Minuten"},"schema":{"@context":"https:\/\/schema.org","@graph":[{"@type":"WebPage","@id":"https:\/\/www.dillerbottle.com\/my\/produk\/termos-kelalang-keluli-tahan-karat","url":"https:\/\/www.dillerbottle.com\/my\/produk\/termos-kelalang-keluli-tahan-karat","name":"Thermoskanne aus Edelstahl - Diller Wasserflaschenhersteller","isPartOf":{"@id":"https:\/\/www.dillerbottle.com\/#website"},"primaryImageOfPage":{"@id":"https:\/\/www.dillerbottle.com\/my\/produk\/termos-kelalang-keluli-tahan-karat#primaryimage"},"image":{"@id":"https:\/\/www.dillerbottle.com\/my\/produk\/termos-kelalang-keluli-tahan-karat#primaryimage"},"thumbnailUrl":"https:\/\/www.dillerbottle.com\/wp-content\/uploads\/2024\/09\/stainless-steel-flask-thermos07130367763.jpg","datePublished":"2024-09-29T06:48:59+00:00","dateModified":"2025-07-09T07:12:35+00:00","description":"Als einer der besten Hersteller und Lieferanten von Thermosflaschen aus Edelstahl sind wir auf die Herstellung hochwertiger Wasserflaschen spezialisiert. Wir hei\u00dfen Sie herzlich willkommen, bei uns Thermosflaschen aus Edelstahl im Gro\u00dfhandel zu kaufen oder nach Ma\u00df zu wettbewerbsf\u00e4higen Preisen zu bestellen. Auch Bestellungen in kleinen Mengen sind m\u00f6glich.","breadcrumb":{"@id":"https:\/\/www.dillerbottle.com\/my\/produk\/termos-kelalang-keluli-tahan-karat#breadcrumb"},"inLanguage":"de","potentialAction":[{"@type":"ReadAction","target":["https:\/\/www.dillerbottle.com\/my\/produk\/termos-kelalang-keluli-tahan-karat"]}]},{"@type":"ImageObject","inLanguage":"de","@id":"https:\/\/www.dillerbottle.com\/my\/produk\/termos-kelalang-keluli-tahan-karat#primaryimage","url":"https:\/\/www.dillerbottle.com\/wp-content\/uploads\/2024\/09\/stainless-steel-flask-thermos07130367763.jpg","contentUrl":"https:\/\/www.dillerbottle.com\/wp-content\/uploads\/2024\/09\/stainless-steel-flask-thermos07130367763.jpg","width":730,"height":730},{"@type":"BreadcrumbList","@id":"https:\/\/www.dillerbottle.com\/my\/produk\/termos-kelalang-keluli-tahan-karat#breadcrumb","itemListElement":[{"@type":"ListItem","position":1,"name":"Home","item":"https:\/\/www.dillerbottle.com\/"},{"@type":"ListItem","position":2,"name":"Products","item":"https:\/\/www.dillerbottle.com\/shop"},{"@type":"ListItem","position":3,"name":"Stainless Steel Flask Thermos"}]},{"@type":"WebSite","@id":"https:\/\/www.dillerbottle.com\/#website","url":"https:\/\/www.dillerbottle.com\/","name":"Diller Wasserflaschenhersteller","description":"Wasserflaschenhersteller","publisher":{"@id":"https:\/\/www.dillerbottle.com\/#organization"},"potentialAction":[{"@type":"SearchAction","target":{"@type":"EntryPoint","urlTemplate":"https:\/\/www.dillerbottle.com\/?s={search_term_string}"},"query-input":{"@type":"PropertyValueSpecification","valueRequired":true,"valueName":"search_term_string"}}],"inLanguage":"de"},{"@type":"Organization","@id":"https:\/\/www.dillerbottle.com\/#organization","name":"Diller Wasserflaschenhersteller","url":"https:\/\/www.dillerbottle.com\/","logo":{"@type":"ImageObject","inLanguage":"de","@id":"https:\/\/www.dillerbottle.com\/#\/schema\/logo\/image\/","url":"https:\/\/www.dillerbottle.com\/wp-content\/uploads\/2024\/09\/49918bfa848dcc1e9f8b509933603ac.png","contentUrl":"https:\/\/www.dillerbottle.com\/wp-content\/uploads\/2024\/09\/49918bfa848dcc1e9f8b509933603ac.png","width":988,"height":198,"caption":"Diller Water Bottle Manufacturer"},"image":{"@id":"https:\/\/www.dillerbottle.com\/#\/schema\/logo\/image\/"}}]}},"_links":{"self":[{"href":"https:\/\/www.dillerbottle.com\/de\/wp-json\/wp\/v2\/product\/10740","targetHints":{"allow":["GET"]}}],"collection":[{"href":"https:\/\/www.dillerbottle.com\/de\/wp-json\/wp\/v2\/product"}],"about":[{"href":"https:\/\/www.dillerbottle.com\/de\/wp-json\/wp\/v2\/types\/product"}],"replies":[{"embeddable":true,"href":"https:\/\/www.dillerbottle.com\/de\/wp-json\/wp\/v2\/comments?post=10740"}],"wp:featuredmedia":[{"embeddable":true,"href":"https:\/\/www.dillerbottle.com\/de\/wp-json\/wp\/v2\/media\/10741"}],"wp:attachment":[{"href":"https:\/\/www.dillerbottle.com\/de\/wp-json\/wp\/v2\/media?parent=10740"}],"wp:term":[{"taxonomy":"product_brand","embeddable":true,"href":"https:\/\/www.dillerbottle.com\/de\/wp-json\/wp\/v2\/product_brand?post=10740"},{"taxonomy":"product_cat","embeddable":true,"href":"https:\/\/www.dillerbottle.com\/de\/wp-json\/wp\/v2\/product_cat?post=10740"},{"taxonomy":"product_tag","embeddable":true,"href":"https:\/\/www.dillerbottle.com\/de\/wp-json\/wp\/v2\/product_tag?post=10740"}],"curies":[{"name":"wp","href":"https:\/\/api.w.org\/{rel}","templated":true}]}}