{"id":10750,"date":"2024-09-29T14:49:05","date_gmt":"2024-09-29T06:49:05","guid":{"rendered":"https:\/\/demo.dillerbottle.com\/products\/thermos-with-temperature-display"},"modified":"2025-07-09T15:11:35","modified_gmt":"2025-07-09T07:11:35","slug":"thermoskanne-mit-temperaturanzeige","status":"publish","type":"product","link":"https:\/\/www.dillerbottle.com\/de\/products\/thermos-with-temperature-display","title":{"rendered":"Thermoskanne mit Temperaturanzeige"},"content":{"rendered":"<p>1. Diese Thermoskanne im neuen Stil mit einer intelligenten LED-Temperaturanzeige auf der Oberseite der Thermoskanne h\u00e4lt bis zu 50.000 Ber\u00fchrungen ohne Batteriewechsel. Die W\u00e4rme jedes Augenblicks k\u00f6nnen Sie durch leichtes Ber\u00fchren der Oberseite der Thermoskannenabdeckung sp\u00fcren. Dr\u00fccken Sie leicht auf die Oberseite der Thermoskanne, die empfindliche Touch-Abdeckung kann die Wassertemperatur in der Thermoskanne sofort anzeigen.<br \/>\n2. Die Thermoskanne mit Temperaturanzeige besteht aus einer vakuumisolierten Flasche aus hochwertigem Edelstahl 316, die 6 Stunden lang kalt und 12 Stunden lang warm h\u00e4lt.<br \/>\n3. 300 ml sind f\u00fcr alle Arten von Bed\u00fcrfnissen geeignet. Durch die einfache Struktur leicht zu reinigen. Die Standardausf\u00fchrung von Sharp passt in die meisten Getr\u00e4nkehalter in Autos, Kinos, Flugzeugen usw.<\/p>\n<p><iframe title=\"Tragbare Kaffee-Teetasse, intelligente Temperaturanzeige, Vakuumflasche, Wasserflasche mit Tee-Ei\" width=\"800\" height=\"600\" src=\"https:\/\/www.youtube.com\/embed\/pgUOn4kgWXY?feature=oembed\" frameborder=\"0\" allow=\"accelerometer; autoplay; clipboard-write; encrypted-media; gyroscope; picture-in-picture; web-share\" referrerpolicy=\"strict-origin-when-cross-origin\" allowfullscreen><\/iframe><\/p>","protected":false},"excerpt":{"rendered":"<p>Merkmale: 1.<br \/>\nDiese neuartige Thermoskanne verf\u00fcgt \u00fcber eine intelligente LED-Temperaturanzeige auf der Oberseite der Thermoskanne, die bis zu 50.000 Ber\u00fchrungen ohne Batteriewechsel erm\u00f6glicht.<br \/>\nDie W\u00e4rme eines jeden Augenblicks kann man sehen, wenn man den Deckel der Thermoskanne leicht ber\u00fchrt.<br \/>\nDr\u00fccken Sie sanft auf die Oberseite der Thermoskanne. Der empfindliche Kapazit\u00e4ts-Touch-Deckel kann die Temperatur des Wassers in der Thermoskanne sofort anzeigen.<br \/>\n2.<br \/>\nDie Thermosflasche mit Temperaturanzeige ist aus hochwertigem 316er Edelstahl gefertigt und vakuumisoliert. Sie h\u00e4lt 6 Stunden lang kalt und 12 Stunden lang hei\u00df.<br \/>\n3.<br \/>\n300ML ist f\u00fcr alle Arten von Bed\u00fcrfnissen geeignet.<br \/>\nLeicht zu reinigen durch einfache Struktur.<br \/>\nDer Standard Sharp passt in fast alle Becherhalter in Autos, Kinos, Flugzeugen usw.<\/p>","protected":false},"featured_media":10751,"comment_status":"open","ping_status":"closed","template":"","meta":{"_acf_changed":false},"product_brand":[],"product_cat":[18],"product_tag":[32,36,33,31,529,39,38,719,29,37,34,815,35,28,900,685,544,791,30],"class_list":{"0":"post-10750","1":"product","2":"type-product","3":"status-publish","4":"has-post-thumbnail","6":"product_cat-insulated-water-bottle","7":"product_tag-best","8":"product_tag-bulk","9":"product_tag-buy","10":"product_tag-custom","11":"product_tag-cute-water-bottles-for-girls","12":"product_tag-for-sale","13":"product_tag-good-quality","14":"product_tag-gym-sports-insulated-stainless-steel-water-bottle","15":"product_tag-manufacturers","16":"product_tag-manufacturing","17":"product_tag-price","18":"product_tag-reusable-water-bottles","19":"product_tag-small","20":"product_tag-suppliers","21":"product_tag-thermos-with-temperature-display","22":"product_tag-water-bottle-custom-logo","23":"product_tag-water-bottle-handle-lifter","24":"product_tag-water-bottle-stainless-steel","25":"product_tag-wholesale","27":"first","28":"instock","29":"shipping-taxable","30":"product-type-simple"},"acf":[],"yoast_head":"<!-- This site is optimized with the Yoast SEO Premium plugin v27.5 (Yoast SEO v27.5) - https:\/\/yoast.com\/product\/yoast-seo-premium-wordpress\/ -->\n<title>Thermos With Temperature Display - Diller Water Bottle Manufacturer<\/title>\n<meta name=\"description\" content=\"As one of the best thermos with temperature display manufacturers and suppliers, we are engaged in manufacturing good quality water bottles. We warmly welcome you to wholesale or buy custom made thermos with temperature display at competitive price from us. Also, small quantity orders are acceptable.\" \/>\n<meta name=\"robots\" content=\"index, follow, max-snippet:-1, max-image-preview:large, max-video-preview:-1\" \/>\n<link rel=\"canonical\" href=\"https:\/\/www.dillerbottle.com\/de\/produkte\/thermoskanne-mit-temperaturanzeige\" \/>\n<meta property=\"og:locale\" content=\"de_DE\" \/>\n<meta property=\"og:type\" content=\"article\" \/>\n<meta property=\"og:title\" content=\"Thermos With Temperature Display\" \/>\n<meta property=\"og:description\" content=\"As one of the best thermos with temperature display manufacturers and suppliers, we are engaged in manufacturing good quality water bottles. We warmly welcome you to wholesale or buy custom made thermos with temperature display at competitive price from us. Also, small quantity orders are acceptable.\" \/>\n<meta property=\"og:url\" content=\"https:\/\/www.dillerbottle.com\/de\/produkte\/thermoskanne-mit-temperaturanzeige\" \/>\n<meta property=\"og:site_name\" content=\"Diller Water Bottle Manufacturer\" \/>\n<meta property=\"article:modified_time\" content=\"2025-07-09T07:11:35+00:00\" \/>\n<meta property=\"og:image\" content=\"https:\/\/www.dillerbottle.com\/wp-content\/uploads\/2024\/09\/thermos-with-temperature-display1a11651f-3056-4d89-8c29-7f10f77b1683.jpg\" \/>\n\t<meta property=\"og:image:width\" content=\"730\" \/>\n\t<meta property=\"og:image:height\" content=\"730\" \/>\n\t<meta property=\"og:image:type\" content=\"image\/jpeg\" \/>\n<meta name=\"twitter:card\" content=\"summary_large_image\" \/>\n<meta name=\"twitter:label1\" content=\"Gesch\u00e4tzte Lesezeit\" \/>\n\t<meta name=\"twitter:data1\" content=\"6\u00a0Minuten\" \/>\n<script type=\"application\/ld+json\" class=\"yoast-schema-graph\">{\"@context\":\"https:\\\/\\\/schema.org\",\"@graph\":[{\"@type\":\"WebPage\",\"@id\":\"https:\\\/\\\/www.dillerbottle.com\\\/ru\\\/%d0%bf%d1%80%d0%be%d0%b4%d1%83%d0%ba%d1%82%d1%8b\\\/%d1%82%d0%b5%d1%80%d0%bc%d0%be%d1%81-%d1%81-%d0%b4%d0%b8%d1%81%d0%bf%d0%bb%d0%b5%d0%b5%d0%bc-%d1%82%d0%b5%d0%bc%d0%bf%d0%b5%d1%80%d0%b0%d1%82%d1%83%d1%80%d1%8b\",\"url\":\"https:\\\/\\\/www.dillerbottle.com\\\/ru\\\/%d0%bf%d1%80%d0%be%d0%b4%d1%83%d0%ba%d1%82%d1%8b\\\/%d1%82%d0%b5%d1%80%d0%bc%d0%be%d1%81-%d1%81-%d0%b4%d0%b8%d1%81%d0%bf%d0%bb%d0%b5%d0%b5%d0%bc-%d1%82%d0%b5%d0%bc%d0%bf%d0%b5%d1%80%d0%b0%d1%82%d1%83%d1%80%d1%8b\",\"name\":\"Thermos With Temperature Display - Diller Water Bottle Manufacturer\",\"isPartOf\":{\"@id\":\"https:\\\/\\\/www.dillerbottle.com\\\/#website\"},\"primaryImageOfPage\":{\"@id\":\"https:\\\/\\\/www.dillerbottle.com\\\/ru\\\/%d0%bf%d1%80%d0%be%d0%b4%d1%83%d0%ba%d1%82%d1%8b\\\/%d1%82%d0%b5%d1%80%d0%bc%d0%be%d1%81-%d1%81-%d0%b4%d0%b8%d1%81%d0%bf%d0%bb%d0%b5%d0%b5%d0%bc-%d1%82%d0%b5%d0%bc%d0%bf%d0%b5%d1%80%d0%b0%d1%82%d1%83%d1%80%d1%8b#primaryimage\"},\"image\":{\"@id\":\"https:\\\/\\\/www.dillerbottle.com\\\/ru\\\/%d0%bf%d1%80%d0%be%d0%b4%d1%83%d0%ba%d1%82%d1%8b\\\/%d1%82%d0%b5%d1%80%d0%bc%d0%be%d1%81-%d1%81-%d0%b4%d0%b8%d1%81%d0%bf%d0%bb%d0%b5%d0%b5%d0%bc-%d1%82%d0%b5%d0%bc%d0%bf%d0%b5%d1%80%d0%b0%d1%82%d1%83%d1%80%d1%8b#primaryimage\"},\"thumbnailUrl\":\"https:\\\/\\\/www.dillerbottle.com\\\/wp-content\\\/uploads\\\/2024\\\/09\\\/thermos-with-temperature-display1a11651f-3056-4d89-8c29-7f10f77b1683.jpg\",\"datePublished\":\"2024-09-29T06:49:05+00:00\",\"dateModified\":\"2025-07-09T07:11:35+00:00\",\"description\":\"As one of the best thermos with temperature display manufacturers and suppliers, we are engaged in manufacturing good quality water bottles. We warmly welcome you to wholesale or buy custom made thermos with temperature display at competitive price from us. Also, small quantity orders are acceptable.\",\"breadcrumb\":{\"@id\":\"https:\\\/\\\/www.dillerbottle.com\\\/ru\\\/%d0%bf%d1%80%d0%be%d0%b4%d1%83%d0%ba%d1%82%d1%8b\\\/%d1%82%d0%b5%d1%80%d0%bc%d0%be%d1%81-%d1%81-%d0%b4%d0%b8%d1%81%d0%bf%d0%bb%d0%b5%d0%b5%d0%bc-%d1%82%d0%b5%d0%bc%d0%bf%d0%b5%d1%80%d0%b0%d1%82%d1%83%d1%80%d1%8b#breadcrumb\"},\"inLanguage\":\"de\",\"potentialAction\":[{\"@type\":\"ReadAction\",\"target\":[\"https:\\\/\\\/www.dillerbottle.com\\\/ru\\\/%d0%bf%d1%80%d0%be%d0%b4%d1%83%d0%ba%d1%82%d1%8b\\\/%d1%82%d0%b5%d1%80%d0%bc%d0%be%d1%81-%d1%81-%d0%b4%d0%b8%d1%81%d0%bf%d0%bb%d0%b5%d0%b5%d0%bc-%d1%82%d0%b5%d0%bc%d0%bf%d0%b5%d1%80%d0%b0%d1%82%d1%83%d1%80%d1%8b\"]}]},{\"@type\":\"ImageObject\",\"inLanguage\":\"de\",\"@id\":\"https:\\\/\\\/www.dillerbottle.com\\\/ru\\\/%d0%bf%d1%80%d0%be%d0%b4%d1%83%d0%ba%d1%82%d1%8b\\\/%d1%82%d0%b5%d1%80%d0%bc%d0%be%d1%81-%d1%81-%d0%b4%d0%b8%d1%81%d0%bf%d0%bb%d0%b5%d0%b5%d0%bc-%d1%82%d0%b5%d0%bc%d0%bf%d0%b5%d1%80%d0%b0%d1%82%d1%83%d1%80%d1%8b#primaryimage\",\"url\":\"https:\\\/\\\/www.dillerbottle.com\\\/wp-content\\\/uploads\\\/2024\\\/09\\\/thermos-with-temperature-display1a11651f-3056-4d89-8c29-7f10f77b1683.jpg\",\"contentUrl\":\"https:\\\/\\\/www.dillerbottle.com\\\/wp-content\\\/uploads\\\/2024\\\/09\\\/thermos-with-temperature-display1a11651f-3056-4d89-8c29-7f10f77b1683.jpg\",\"width\":730,\"height\":730},{\"@type\":\"BreadcrumbList\",\"@id\":\"https:\\\/\\\/www.dillerbottle.com\\\/ru\\\/%d0%bf%d1%80%d0%be%d0%b4%d1%83%d0%ba%d1%82%d1%8b\\\/%d1%82%d0%b5%d1%80%d0%bc%d0%be%d1%81-%d1%81-%d0%b4%d0%b8%d1%81%d0%bf%d0%bb%d0%b5%d0%b5%d0%bc-%d1%82%d0%b5%d0%bc%d0%bf%d0%b5%d1%80%d0%b0%d1%82%d1%83%d1%80%d1%8b#breadcrumb\",\"itemListElement\":[{\"@type\":\"ListItem\",\"position\":1,\"name\":\"Home\",\"item\":\"https:\\\/\\\/www.dillerbottle.com\\\/\"},{\"@type\":\"ListItem\",\"position\":2,\"name\":\"Products\",\"item\":\"https:\\\/\\\/www.dillerbottle.com\\\/shop\"},{\"@type\":\"ListItem\",\"position\":3,\"name\":\"Thermos With Temperature Display\"}]},{\"@type\":\"WebSite\",\"@id\":\"https:\\\/\\\/www.dillerbottle.com\\\/#website\",\"url\":\"https:\\\/\\\/www.dillerbottle.com\\\/\",\"name\":\"Diller Water Bottle Manufacturer\",\"description\":\"Water Bottle Manufacturer\",\"publisher\":{\"@id\":\"https:\\\/\\\/www.dillerbottle.com\\\/#organization\"},\"potentialAction\":[{\"@type\":\"SearchAction\",\"target\":{\"@type\":\"EntryPoint\",\"urlTemplate\":\"https:\\\/\\\/www.dillerbottle.com\\\/?s={search_term_string}\"},\"query-input\":{\"@type\":\"PropertyValueSpecification\",\"valueRequired\":true,\"valueName\":\"search_term_string\"}}],\"inLanguage\":\"de\"},{\"@type\":\"Organization\",\"@id\":\"https:\\\/\\\/www.dillerbottle.com\\\/#organization\",\"name\":\"Diller Water Bottle Manufacturer\",\"url\":\"https:\\\/\\\/www.dillerbottle.com\\\/\",\"logo\":{\"@type\":\"ImageObject\",\"inLanguage\":\"de\",\"@id\":\"https:\\\/\\\/www.dillerbottle.com\\\/#\\\/schema\\\/logo\\\/image\\\/\",\"url\":\"https:\\\/\\\/www.dillerbottle.com\\\/wp-content\\\/uploads\\\/2024\\\/09\\\/49918bfa848dcc1e9f8b509933603ac.png\",\"contentUrl\":\"https:\\\/\\\/www.dillerbottle.com\\\/wp-content\\\/uploads\\\/2024\\\/09\\\/49918bfa848dcc1e9f8b509933603ac.png\",\"width\":988,\"height\":198,\"caption\":\"Diller Water Bottle Manufacturer\"},\"image\":{\"@id\":\"https:\\\/\\\/www.dillerbottle.com\\\/#\\\/schema\\\/logo\\\/image\\\/\"}}]}<\/script>\n<!-- \/ Yoast SEO Premium plugin. -->","yoast_head_json":{"title":"Thermosflasche mit Temperaturanzeige - Diller Wasserflasche Hersteller","description":"Als einer der besten Hersteller und Lieferanten von Thermoskannen mit Temperaturanzeige, besch\u00e4ftigen wir uns mit der Herstellung von Wasserflaschen guter Qualit\u00e4t. Wir hei\u00dfen Sie herzlich willkommen, Gro\u00dfhandel oder kaufen ma\u00dfgeschneiderte Thermos mit Temperaturanzeige zu wettbewerbsf\u00e4higen Preisen von uns. Auch kleine Menge Bestellungen sind akzeptabel.","robots":{"index":"index","follow":"follow","max-snippet":"max-snippet:-1","max-image-preview":"max-image-preview:large","max-video-preview":"max-video-preview:-1"},"canonical":"https:\/\/www.dillerbottle.com\/de\/produkte\/thermoskanne-mit-temperaturanzeige","og_locale":"de_DE","og_type":"article","og_title":"Thermos With Temperature Display","og_description":"As one of the best thermos with temperature display manufacturers and suppliers, we are engaged in manufacturing good quality water bottles. We warmly welcome you to wholesale or buy custom made thermos with temperature display at competitive price from us. Also, small quantity orders are acceptable.","og_url":"https:\/\/www.dillerbottle.com\/de\/produkte\/thermoskanne-mit-temperaturanzeige","og_site_name":"Diller Water Bottle Manufacturer","article_modified_time":"2025-07-09T07:11:35+00:00","og_image":[{"width":730,"height":730,"url":"https:\/\/www.dillerbottle.com\/wp-content\/uploads\/2024\/09\/thermos-with-temperature-display1a11651f-3056-4d89-8c29-7f10f77b1683.jpg","type":"image\/jpeg"}],"twitter_card":"summary_large_image","twitter_misc":{"Gesch\u00e4tzte Lesezeit":"6\u00a0Minuten"},"schema":{"@context":"https:\/\/schema.org","@graph":[{"@type":"WebPage","@id":"https:\/\/www.dillerbottle.com\/ru\/%d0%bf%d1%80%d0%be%d0%b4%d1%83%d0%ba%d1%82%d1%8b\/%d1%82%d0%b5%d1%80%d0%bc%d0%be%d1%81-%d1%81-%d0%b4%d0%b8%d1%81%d0%bf%d0%bb%d0%b5%d0%b5%d0%bc-%d1%82%d0%b5%d0%bc%d0%bf%d0%b5%d1%80%d0%b0%d1%82%d1%83%d1%80%d1%8b","url":"https:\/\/www.dillerbottle.com\/ru\/%d0%bf%d1%80%d0%be%d0%b4%d1%83%d0%ba%d1%82%d1%8b\/%d1%82%d0%b5%d1%80%d0%bc%d0%be%d1%81-%d1%81-%d0%b4%d0%b8%d1%81%d0%bf%d0%bb%d0%b5%d0%b5%d0%bc-%d1%82%d0%b5%d0%bc%d0%bf%d0%b5%d1%80%d0%b0%d1%82%d1%83%d1%80%d1%8b","name":"Thermosflasche mit Temperaturanzeige - Diller Wasserflasche Hersteller","isPartOf":{"@id":"https:\/\/www.dillerbottle.com\/#website"},"primaryImageOfPage":{"@id":"https:\/\/www.dillerbottle.com\/ru\/%d0%bf%d1%80%d0%be%d0%b4%d1%83%d0%ba%d1%82%d1%8b\/%d1%82%d0%b5%d1%80%d0%bc%d0%be%d1%81-%d1%81-%d0%b4%d0%b8%d1%81%d0%bf%d0%bb%d0%b5%d0%b5%d0%bc-%d1%82%d0%b5%d0%bc%d0%bf%d0%b5%d1%80%d0%b0%d1%82%d1%83%d1%80%d1%8b#primaryimage"},"image":{"@id":"https:\/\/www.dillerbottle.com\/ru\/%d0%bf%d1%80%d0%be%d0%b4%d1%83%d0%ba%d1%82%d1%8b\/%d1%82%d0%b5%d1%80%d0%bc%d0%be%d1%81-%d1%81-%d0%b4%d0%b8%d1%81%d0%bf%d0%bb%d0%b5%d0%b5%d0%bc-%d1%82%d0%b5%d0%bc%d0%bf%d0%b5%d1%80%d0%b0%d1%82%d1%83%d1%80%d1%8b#primaryimage"},"thumbnailUrl":"https:\/\/www.dillerbottle.com\/wp-content\/uploads\/2024\/09\/thermos-with-temperature-display1a11651f-3056-4d89-8c29-7f10f77b1683.jpg","datePublished":"2024-09-29T06:49:05+00:00","dateModified":"2025-07-09T07:11:35+00:00","description":"Als einer der besten Hersteller und Lieferanten von Thermoskannen mit Temperaturanzeige, besch\u00e4ftigen wir uns mit der Herstellung von Wasserflaschen guter Qualit\u00e4t. Wir hei\u00dfen Sie herzlich willkommen, Gro\u00dfhandel oder kaufen ma\u00dfgeschneiderte Thermos mit Temperaturanzeige zu wettbewerbsf\u00e4higen Preisen von uns. Auch kleine Menge Bestellungen sind akzeptabel.","breadcrumb":{"@id":"https:\/\/www.dillerbottle.com\/ru\/%d0%bf%d1%80%d0%be%d0%b4%d1%83%d0%ba%d1%82%d1%8b\/%d1%82%d0%b5%d1%80%d0%bc%d0%be%d1%81-%d1%81-%d0%b4%d0%b8%d1%81%d0%bf%d0%bb%d0%b5%d0%b5%d0%bc-%d1%82%d0%b5%d0%bc%d0%bf%d0%b5%d1%80%d0%b0%d1%82%d1%83%d1%80%d1%8b#breadcrumb"},"inLanguage":"de","potentialAction":[{"@type":"ReadAction","target":["https:\/\/www.dillerbottle.com\/ru\/%d0%bf%d1%80%d0%be%d0%b4%d1%83%d0%ba%d1%82%d1%8b\/%d1%82%d0%b5%d1%80%d0%bc%d0%be%d1%81-%d1%81-%d0%b4%d0%b8%d1%81%d0%bf%d0%bb%d0%b5%d0%b5%d0%bc-%d1%82%d0%b5%d0%bc%d0%bf%d0%b5%d1%80%d0%b0%d1%82%d1%83%d1%80%d1%8b"]}]},{"@type":"ImageObject","inLanguage":"de","@id":"https:\/\/www.dillerbottle.com\/ru\/%d0%bf%d1%80%d0%be%d0%b4%d1%83%d0%ba%d1%82%d1%8b\/%d1%82%d0%b5%d1%80%d0%bc%d0%be%d1%81-%d1%81-%d0%b4%d0%b8%d1%81%d0%bf%d0%bb%d0%b5%d0%b5%d0%bc-%d1%82%d0%b5%d0%bc%d0%bf%d0%b5%d1%80%d0%b0%d1%82%d1%83%d1%80%d1%8b#primaryimage","url":"https:\/\/www.dillerbottle.com\/wp-content\/uploads\/2024\/09\/thermos-with-temperature-display1a11651f-3056-4d89-8c29-7f10f77b1683.jpg","contentUrl":"https:\/\/www.dillerbottle.com\/wp-content\/uploads\/2024\/09\/thermos-with-temperature-display1a11651f-3056-4d89-8c29-7f10f77b1683.jpg","width":730,"height":730},{"@type":"BreadcrumbList","@id":"https:\/\/www.dillerbottle.com\/ru\/%d0%bf%d1%80%d0%be%d0%b4%d1%83%d0%ba%d1%82%d1%8b\/%d1%82%d0%b5%d1%80%d0%bc%d0%be%d1%81-%d1%81-%d0%b4%d0%b8%d1%81%d0%bf%d0%bb%d0%b5%d0%b5%d0%bc-%d1%82%d0%b5%d0%bc%d0%bf%d0%b5%d1%80%d0%b0%d1%82%d1%83%d1%80%d1%8b#breadcrumb","itemListElement":[{"@type":"ListItem","position":1,"name":"Home","item":"https:\/\/www.dillerbottle.com\/"},{"@type":"ListItem","position":2,"name":"Products","item":"https:\/\/www.dillerbottle.com\/shop"},{"@type":"ListItem","position":3,"name":"Thermos With Temperature Display"}]},{"@type":"WebSite","@id":"https:\/\/www.dillerbottle.com\/#website","url":"https:\/\/www.dillerbottle.com\/","name":"Diller Wasserflaschenhersteller","description":"Wasserflaschenhersteller","publisher":{"@id":"https:\/\/www.dillerbottle.com\/#organization"},"potentialAction":[{"@type":"SearchAction","target":{"@type":"EntryPoint","urlTemplate":"https:\/\/www.dillerbottle.com\/?s={search_term_string}"},"query-input":{"@type":"PropertyValueSpecification","valueRequired":true,"valueName":"search_term_string"}}],"inLanguage":"de"},{"@type":"Organization","@id":"https:\/\/www.dillerbottle.com\/#organization","name":"Diller Wasserflaschenhersteller","url":"https:\/\/www.dillerbottle.com\/","logo":{"@type":"ImageObject","inLanguage":"de","@id":"https:\/\/www.dillerbottle.com\/#\/schema\/logo\/image\/","url":"https:\/\/www.dillerbottle.com\/wp-content\/uploads\/2024\/09\/49918bfa848dcc1e9f8b509933603ac.png","contentUrl":"https:\/\/www.dillerbottle.com\/wp-content\/uploads\/2024\/09\/49918bfa848dcc1e9f8b509933603ac.png","width":988,"height":198,"caption":"Diller Water Bottle Manufacturer"},"image":{"@id":"https:\/\/www.dillerbottle.com\/#\/schema\/logo\/image\/"}}]}},"_links":{"self":[{"href":"https:\/\/www.dillerbottle.com\/de\/wp-json\/wp\/v2\/product\/10750","targetHints":{"allow":["GET"]}}],"collection":[{"href":"https:\/\/www.dillerbottle.com\/de\/wp-json\/wp\/v2\/product"}],"about":[{"href":"https:\/\/www.dillerbottle.com\/de\/wp-json\/wp\/v2\/types\/product"}],"replies":[{"embeddable":true,"href":"https:\/\/www.dillerbottle.com\/de\/wp-json\/wp\/v2\/comments?post=10750"}],"wp:featuredmedia":[{"embeddable":true,"href":"https:\/\/www.dillerbottle.com\/de\/wp-json\/wp\/v2\/media\/10751"}],"wp:attachment":[{"href":"https:\/\/www.dillerbottle.com\/de\/wp-json\/wp\/v2\/media?parent=10750"}],"wp:term":[{"taxonomy":"product_brand","embeddable":true,"href":"https:\/\/www.dillerbottle.com\/de\/wp-json\/wp\/v2\/product_brand?post=10750"},{"taxonomy":"product_cat","embeddable":true,"href":"https:\/\/www.dillerbottle.com\/de\/wp-json\/wp\/v2\/product_cat?post=10750"},{"taxonomy":"product_tag","embeddable":true,"href":"https:\/\/www.dillerbottle.com\/de\/wp-json\/wp\/v2\/product_tag?post=10750"}],"curies":[{"name":"wp","href":"https:\/\/api.w.org\/{rel}","templated":true}]}}