{"id":10793,"date":"2024-09-29T14:49:39","date_gmt":"2024-09-29T06:49:39","guid":{"rendered":"https:\/\/demo.dillerbottle.com\/products\/thermos-stainless-steel-water-bottle"},"modified":"2026-02-27T16:53:11","modified_gmt":"2026-02-27T08:53:11","slug":"thermos-wasserflasche-aus-edelstahl","status":"publish","type":"product","link":"https:\/\/www.dillerbottle.com\/de\/products\/thermos-stainless-steel-water-bottle","title":{"rendered":"Thermos-Edelstahl-Wasserflasche"},"content":{"rendered":"<p>Merkmale:<\/p>\n<p>1. Der Thermos-Wasserflaschendeckel aus Edelstahl mit Sicherheitsverschluss, versiegelt und auslaufsicher. Einhandbedienung per Druckknopf, einfach zu bedienen.<\/p>\n<p>2. Der Becher ist mit einem Tee-Ei aus Edelstahl ausgestattet, sodass sich Tee ganz einfach aufbr\u00fchen l\u00e4sst, ohne dass R\u00fcckst\u00e4nde ausgespucken.<\/p>\n<p>3. Der Stopfen kann zur leichteren Reinigung zerlegt werden.<\/p>\n<p>4. Der U-f\u00f6rmige Wasserauslass sorgt f\u00fcr einen sanften und gleichm\u00e4\u00dfigen Wasserfluss.<\/p>\n<p>5. Originelle Welpenillustrationen bringen mehr Spa\u00df auf die Trinkflasche.<\/p>\n<p>OEM und ODM akzeptabel.<br \/>\nWir k\u00f6nnen den Edelstahlbecher nach Ihren W\u00fcnschen individualisieren.<br \/>\nWillkommen beim Gro\u00dfhandelskauf, senden Sie jetzt eine Anfrage!<\/p>","protected":false},"excerpt":{"rendered":"<p>Der Deckel der Thermos-Wasserflasche aus Edelstahl mit Sicherheitsverschluss, versiegelt und auslaufsicher. Einhandbedienung per Druckknopf, einfach zu bedienen.<br \/>\nDer Becher ist mit einem Tee-Ei aus Edelstahl ausgestattet, sodass sich Tee ganz einfach aufbr\u00fchen l\u00e4sst, ohne dass R\u00fcckst\u00e4nde ausgespucken.<br \/>\nZur leichteren Reinigung kann der Stopfen zerlegt werden.<br \/>\nDer U-f\u00f6rmige Wasserauslass sorgt f\u00fcr einen sanften und gleichm\u00e4\u00dfigen Wasserfluss.<br \/>\nOriginelle Welpenillustrationen bringen mehr Spa\u00df auf die Trinkflasche.<br \/>\nOEM und ODM akzeptabel.<\/p>","protected":false},"featured_media":15993,"comment_status":"open","ping_status":"closed","template":"","meta":{"_acf_changed":false},"product_brand":[],"product_cat":[18],"product_tag":[724],"class_list":{"0":"post-10793","1":"product","2":"type-product","3":"status-publish","4":"has-post-thumbnail","6":"product_cat-insulated-water-bottle","7":"product_tag-personalised-water-bottles","9":"first","10":"instock","11":"shipping-taxable","12":"product-type-simple"},"acf":[],"yoast_head":"<!-- This site is optimized with the Yoast SEO Premium plugin v27.5 (Yoast SEO v27.5) - https:\/\/yoast.com\/product\/yoast-seo-premium-wordpress\/ -->\n<title>Thermos Stainless Steel Water Bottle - Diller Water Bottle Manufacturer<\/title>\n<meta name=\"description\" content=\"As one of the best thermos stainless steel water bottle manufacturers and suppliers, we are engaged in manufacturing good quality water bottles. We warmly welcome you to wholesale or buy custom made thermos stainless steel water bottle at competitive price from us. Also, small quantity orders are acceptable.\" \/>\n<meta name=\"robots\" content=\"index, follow, max-snippet:-1, max-image-preview:large, max-video-preview:-1\" \/>\n<link rel=\"canonical\" href=\"https:\/\/www.dillerbottle.com\/de\/produkte\/thermos-wasserflasche-aus-edelstahl\" \/>\n<meta property=\"og:locale\" content=\"de_DE\" \/>\n<meta property=\"og:type\" content=\"article\" \/>\n<meta property=\"og:title\" content=\"Thermos Stainless Steel Water Bottle\" \/>\n<meta property=\"og:description\" content=\"As one of the best thermos stainless steel water bottle manufacturers and suppliers, we are engaged in manufacturing good quality water bottles. We warmly welcome you to wholesale or buy custom made thermos stainless steel water bottle at competitive price from us. Also, small quantity orders are acceptable.\" \/>\n<meta property=\"og:url\" content=\"https:\/\/www.dillerbottle.com\/de\/produkte\/thermos-wasserflasche-aus-edelstahl\" \/>\n<meta property=\"og:site_name\" content=\"Diller Water Bottle Manufacturer\" \/>\n<meta property=\"article:modified_time\" content=\"2026-02-27T08:53:11+00:00\" \/>\n<meta property=\"og:image\" content=\"https:\/\/www.dillerbottle.com\/wp-content\/uploads\/2024\/09\/thermos-stainless-steel-water-bottle-9214-1.jpg\" \/>\n\t<meta property=\"og:image:width\" content=\"800\" \/>\n\t<meta property=\"og:image:height\" content=\"800\" \/>\n\t<meta property=\"og:image:type\" content=\"image\/jpeg\" \/>\n<meta name=\"twitter:card\" content=\"summary_large_image\" \/>\n<meta name=\"twitter:label1\" content=\"Gesch\u00e4tzte Lesezeit\" \/>\n\t<meta name=\"twitter:data1\" content=\"3\u00a0Minuten\" \/>\n<script type=\"application\/ld+json\" class=\"yoast-schema-graph\">{\"@context\":\"https:\\\/\\\/schema.org\",\"@graph\":[{\"@type\":\"WebPage\",\"@id\":\"https:\\\/\\\/www.dillerbottle.com\\\/products\\\/thermos-stainless-steel-water-bottle\",\"url\":\"https:\\\/\\\/www.dillerbottle.com\\\/products\\\/thermos-stainless-steel-water-bottle\",\"name\":\"Thermos Stainless Steel Water Bottle - Diller Water Bottle Manufacturer\",\"isPartOf\":{\"@id\":\"https:\\\/\\\/www.dillerbottle.com\\\/#website\"},\"primaryImageOfPage\":{\"@id\":\"https:\\\/\\\/www.dillerbottle.com\\\/products\\\/thermos-stainless-steel-water-bottle#primaryimage\"},\"image\":{\"@id\":\"https:\\\/\\\/www.dillerbottle.com\\\/products\\\/thermos-stainless-steel-water-bottle#primaryimage\"},\"thumbnailUrl\":\"https:\\\/\\\/www.dillerbottle.com\\\/wp-content\\\/uploads\\\/2024\\\/09\\\/thermos-stainless-steel-water-bottle-9214-1.jpg\",\"datePublished\":\"2024-09-29T06:49:39+00:00\",\"dateModified\":\"2026-02-27T08:53:11+00:00\",\"description\":\"As one of the best thermos stainless steel water bottle manufacturers and suppliers, we are engaged in manufacturing good quality water bottles. We warmly welcome you to wholesale or buy custom made thermos stainless steel water bottle at competitive price from us. Also, small quantity orders are acceptable.\",\"breadcrumb\":{\"@id\":\"https:\\\/\\\/www.dillerbottle.com\\\/products\\\/thermos-stainless-steel-water-bottle#breadcrumb\"},\"inLanguage\":\"de\",\"potentialAction\":[{\"@type\":\"ReadAction\",\"target\":[\"https:\\\/\\\/www.dillerbottle.com\\\/products\\\/thermos-stainless-steel-water-bottle\"]}]},{\"@type\":\"ImageObject\",\"inLanguage\":\"de\",\"@id\":\"https:\\\/\\\/www.dillerbottle.com\\\/products\\\/thermos-stainless-steel-water-bottle#primaryimage\",\"url\":\"https:\\\/\\\/www.dillerbottle.com\\\/wp-content\\\/uploads\\\/2024\\\/09\\\/thermos-stainless-steel-water-bottle-9214-1.jpg\",\"contentUrl\":\"https:\\\/\\\/www.dillerbottle.com\\\/wp-content\\\/uploads\\\/2024\\\/09\\\/thermos-stainless-steel-water-bottle-9214-1.jpg\",\"width\":800,\"height\":800},{\"@type\":\"BreadcrumbList\",\"@id\":\"https:\\\/\\\/www.dillerbottle.com\\\/products\\\/thermos-stainless-steel-water-bottle#breadcrumb\",\"itemListElement\":[{\"@type\":\"ListItem\",\"position\":1,\"name\":\"Home\",\"item\":\"https:\\\/\\\/www.dillerbottle.com\\\/\"},{\"@type\":\"ListItem\",\"position\":2,\"name\":\"Products\",\"item\":\"https:\\\/\\\/www.dillerbottle.com\\\/shop\"},{\"@type\":\"ListItem\",\"position\":3,\"name\":\"Thermos Stainless Steel Water Bottle\"}]},{\"@type\":\"WebSite\",\"@id\":\"https:\\\/\\\/www.dillerbottle.com\\\/#website\",\"url\":\"https:\\\/\\\/www.dillerbottle.com\\\/\",\"name\":\"Diller Water Bottle Manufacturer\",\"description\":\"Water Bottle Manufacturer\",\"publisher\":{\"@id\":\"https:\\\/\\\/www.dillerbottle.com\\\/#organization\"},\"potentialAction\":[{\"@type\":\"SearchAction\",\"target\":{\"@type\":\"EntryPoint\",\"urlTemplate\":\"https:\\\/\\\/www.dillerbottle.com\\\/?s={search_term_string}\"},\"query-input\":{\"@type\":\"PropertyValueSpecification\",\"valueRequired\":true,\"valueName\":\"search_term_string\"}}],\"inLanguage\":\"de\"},{\"@type\":\"Organization\",\"@id\":\"https:\\\/\\\/www.dillerbottle.com\\\/#organization\",\"name\":\"Diller Water Bottle Manufacturer\",\"url\":\"https:\\\/\\\/www.dillerbottle.com\\\/\",\"logo\":{\"@type\":\"ImageObject\",\"inLanguage\":\"de\",\"@id\":\"https:\\\/\\\/www.dillerbottle.com\\\/#\\\/schema\\\/logo\\\/image\\\/\",\"url\":\"https:\\\/\\\/www.dillerbottle.com\\\/wp-content\\\/uploads\\\/2024\\\/09\\\/49918bfa848dcc1e9f8b509933603ac.png\",\"contentUrl\":\"https:\\\/\\\/www.dillerbottle.com\\\/wp-content\\\/uploads\\\/2024\\\/09\\\/49918bfa848dcc1e9f8b509933603ac.png\",\"width\":988,\"height\":198,\"caption\":\"Diller Water Bottle Manufacturer\"},\"image\":{\"@id\":\"https:\\\/\\\/www.dillerbottle.com\\\/#\\\/schema\\\/logo\\\/image\\\/\"}}]}<\/script>\n<!-- \/ Yoast SEO Premium plugin. -->","yoast_head_json":{"title":"Thermos Edelstahl-Wasserflasche - Diller Wasserflaschenhersteller","description":"Als einer der besten Hersteller und Lieferanten von Thermos-Wasserflaschen aus Edelstahl sind wir auf die Herstellung hochwertiger Wasserflaschen spezialisiert. Wir hei\u00dfen Sie herzlich willkommen, bei uns im Gro\u00dfhandel oder zu wettbewerbsf\u00e4higen Preisen individuell angefertigte Thermos-Wasserflaschen aus Edelstahl zu kaufen. Auch Bestellungen in kleinen Mengen sind akzeptabel.","robots":{"index":"index","follow":"follow","max-snippet":"max-snippet:-1","max-image-preview":"max-image-preview:large","max-video-preview":"max-video-preview:-1"},"canonical":"https:\/\/www.dillerbottle.com\/de\/produkte\/thermos-wasserflasche-aus-edelstahl","og_locale":"de_DE","og_type":"article","og_title":"Thermos Stainless Steel Water Bottle","og_description":"As one of the best thermos stainless steel water bottle manufacturers and suppliers, we are engaged in manufacturing good quality water bottles. We warmly welcome you to wholesale or buy custom made thermos stainless steel water bottle at competitive price from us. Also, small quantity orders are acceptable.","og_url":"https:\/\/www.dillerbottle.com\/de\/produkte\/thermos-wasserflasche-aus-edelstahl","og_site_name":"Diller Water Bottle Manufacturer","article_modified_time":"2026-02-27T08:53:11+00:00","og_image":[{"width":800,"height":800,"url":"https:\/\/www.dillerbottle.com\/wp-content\/uploads\/2024\/09\/thermos-stainless-steel-water-bottle-9214-1.jpg","type":"image\/jpeg"}],"twitter_card":"summary_large_image","twitter_misc":{"Gesch\u00e4tzte Lesezeit":"3\u00a0Minuten"},"schema":{"@context":"https:\/\/schema.org","@graph":[{"@type":"WebPage","@id":"https:\/\/www.dillerbottle.com\/products\/thermos-stainless-steel-water-bottle","url":"https:\/\/www.dillerbottle.com\/products\/thermos-stainless-steel-water-bottle","name":"Thermos Edelstahl-Wasserflasche - Diller Wasserflaschenhersteller","isPartOf":{"@id":"https:\/\/www.dillerbottle.com\/#website"},"primaryImageOfPage":{"@id":"https:\/\/www.dillerbottle.com\/products\/thermos-stainless-steel-water-bottle#primaryimage"},"image":{"@id":"https:\/\/www.dillerbottle.com\/products\/thermos-stainless-steel-water-bottle#primaryimage"},"thumbnailUrl":"https:\/\/www.dillerbottle.com\/wp-content\/uploads\/2024\/09\/thermos-stainless-steel-water-bottle-9214-1.jpg","datePublished":"2024-09-29T06:49:39+00:00","dateModified":"2026-02-27T08:53:11+00:00","description":"Als einer der besten Hersteller und Lieferanten von Thermos-Wasserflaschen aus Edelstahl sind wir auf die Herstellung hochwertiger Wasserflaschen spezialisiert. Wir hei\u00dfen Sie herzlich willkommen, bei uns im Gro\u00dfhandel oder zu wettbewerbsf\u00e4higen Preisen individuell angefertigte Thermos-Wasserflaschen aus Edelstahl zu kaufen. Auch Bestellungen in kleinen Mengen sind akzeptabel.","breadcrumb":{"@id":"https:\/\/www.dillerbottle.com\/products\/thermos-stainless-steel-water-bottle#breadcrumb"},"inLanguage":"de","potentialAction":[{"@type":"ReadAction","target":["https:\/\/www.dillerbottle.com\/products\/thermos-stainless-steel-water-bottle"]}]},{"@type":"ImageObject","inLanguage":"de","@id":"https:\/\/www.dillerbottle.com\/products\/thermos-stainless-steel-water-bottle#primaryimage","url":"https:\/\/www.dillerbottle.com\/wp-content\/uploads\/2024\/09\/thermos-stainless-steel-water-bottle-9214-1.jpg","contentUrl":"https:\/\/www.dillerbottle.com\/wp-content\/uploads\/2024\/09\/thermos-stainless-steel-water-bottle-9214-1.jpg","width":800,"height":800},{"@type":"BreadcrumbList","@id":"https:\/\/www.dillerbottle.com\/products\/thermos-stainless-steel-water-bottle#breadcrumb","itemListElement":[{"@type":"ListItem","position":1,"name":"Home","item":"https:\/\/www.dillerbottle.com\/"},{"@type":"ListItem","position":2,"name":"Products","item":"https:\/\/www.dillerbottle.com\/shop"},{"@type":"ListItem","position":3,"name":"Thermos Stainless Steel Water Bottle"}]},{"@type":"WebSite","@id":"https:\/\/www.dillerbottle.com\/#website","url":"https:\/\/www.dillerbottle.com\/","name":"Diller Wasserflaschenhersteller","description":"Wasserflaschenhersteller","publisher":{"@id":"https:\/\/www.dillerbottle.com\/#organization"},"potentialAction":[{"@type":"SearchAction","target":{"@type":"EntryPoint","urlTemplate":"https:\/\/www.dillerbottle.com\/?s={search_term_string}"},"query-input":{"@type":"PropertyValueSpecification","valueRequired":true,"valueName":"search_term_string"}}],"inLanguage":"de"},{"@type":"Organization","@id":"https:\/\/www.dillerbottle.com\/#organization","name":"Diller Wasserflaschenhersteller","url":"https:\/\/www.dillerbottle.com\/","logo":{"@type":"ImageObject","inLanguage":"de","@id":"https:\/\/www.dillerbottle.com\/#\/schema\/logo\/image\/","url":"https:\/\/www.dillerbottle.com\/wp-content\/uploads\/2024\/09\/49918bfa848dcc1e9f8b509933603ac.png","contentUrl":"https:\/\/www.dillerbottle.com\/wp-content\/uploads\/2024\/09\/49918bfa848dcc1e9f8b509933603ac.png","width":988,"height":198,"caption":"Diller Water Bottle Manufacturer"},"image":{"@id":"https:\/\/www.dillerbottle.com\/#\/schema\/logo\/image\/"}}]}},"_links":{"self":[{"href":"https:\/\/www.dillerbottle.com\/de\/wp-json\/wp\/v2\/product\/10793","targetHints":{"allow":["GET"]}}],"collection":[{"href":"https:\/\/www.dillerbottle.com\/de\/wp-json\/wp\/v2\/product"}],"about":[{"href":"https:\/\/www.dillerbottle.com\/de\/wp-json\/wp\/v2\/types\/product"}],"replies":[{"embeddable":true,"href":"https:\/\/www.dillerbottle.com\/de\/wp-json\/wp\/v2\/comments?post=10793"}],"wp:featuredmedia":[{"embeddable":true,"href":"https:\/\/www.dillerbottle.com\/de\/wp-json\/wp\/v2\/media\/15993"}],"wp:attachment":[{"href":"https:\/\/www.dillerbottle.com\/de\/wp-json\/wp\/v2\/media?parent=10793"}],"wp:term":[{"taxonomy":"product_brand","embeddable":true,"href":"https:\/\/www.dillerbottle.com\/de\/wp-json\/wp\/v2\/product_brand?post=10793"},{"taxonomy":"product_cat","embeddable":true,"href":"https:\/\/www.dillerbottle.com\/de\/wp-json\/wp\/v2\/product_cat?post=10793"},{"taxonomy":"product_tag","embeddable":true,"href":"https:\/\/www.dillerbottle.com\/de\/wp-json\/wp\/v2\/product_tag?post=10793"}],"curies":[{"name":"wp","href":"https:\/\/api.w.org\/{rel}","templated":true}]}}