{"id":10973,"date":"2024-09-29T14:51:37","date_gmt":"2024-09-29T06:51:37","guid":{"rendered":"https:\/\/demo.dillerbottle.com\/products\/thermos-bottle-stainless-steel"},"modified":"2025-07-09T14:57:30","modified_gmt":"2025-07-09T06:57:30","slug":"thermosflasche-edelstahl","status":"publish","type":"product","link":"https:\/\/www.dillerbottle.com\/de\/products\/thermos-bottle-stainless-steel","title":{"rendered":"Thermosflasche aus Edelstahl"},"content":{"rendered":"<p>1. Intelligente Thermosflasche aus Edelstahl mit Deckel mit Temperaturanzeige, die Wassertemperatur kann jederzeit kontrolliert werden.<br \/>\n2. Die Thermosflasche besteht aus hochwertigem Edelstahl 316, ist korrosionsbest\u00e4ndiger und langlebiger.<br \/>\n3. 480 ml Fassungsverm\u00f6gen, 321 g leichtes Gewicht, doppelwandige Isolierung h\u00e4lt Getr\u00e4nke 12 bis 24 Stunden lang hei\u00df und kalt.<br \/>\n4.;Der gerade und schlanke Flaschenk\u00f6rper liegt angenehmer in der Hand.<\/p>","protected":false},"excerpt":{"rendered":"<p>Merkmale: 1.<br \/>\nIntelligente Thermosflasche aus Edelstahl mit Deckel mit Temperaturanzeige, die Wassertemperatur kann jederzeit kontrolliert werden.<br \/>\n2.<br \/>\nDie Thermosflasche besteht aus hochwertigem 316-Edelstahl, ist korrosionsbest\u00e4ndiger und langlebiger.<br \/>\n3.<br \/>\n480 ml Fassungsverm\u00f6gen, 321 g leichtes Gewicht, doppelwandige Isolierung h\u00e4lt Getr\u00e4nke 12 bis 24 Stunden lang hei\u00df und kalt.<br \/>\n4.<br \/>\nDer gerade und schlanke Flaschenk\u00f6rper liegt angenehmer in der Hand \u2026<\/p>","protected":false},"featured_media":10974,"comment_status":"open","ping_status":"closed","template":"","meta":{"_acf_changed":false},"product_brand":[],"product_cat":[18],"product_tag":[714,32,540,36,33,31,39,38,920,755,29,37,34,35,28,919,685,567,30],"class_list":{"0":"post-10973","1":"product","2":"type-product","3":"status-publish","4":"has-post-thumbnail","6":"product_cat-insulated-water-bottle","7":"product_tag-bamboo-water-bottle","8":"product_tag-best","9":"product_tag-black-water-bottle","10":"product_tag-bulk","11":"product_tag-buy","12":"product_tag-custom","13":"product_tag-for-sale","14":"product_tag-good-quality","15":"product_tag-gym-water-bottle-custom-logo","16":"product_tag-insulated-water-bottles","17":"product_tag-manufacturers","18":"product_tag-manufacturing","19":"product_tag-price","20":"product_tag-small","21":"product_tag-suppliers","22":"product_tag-thermos-bottle-stainless-steel","23":"product_tag-water-bottle-custom-logo","24":"product_tag-water-bottle-sport","25":"product_tag-wholesale","27":"first","28":"instock","29":"shipping-taxable","30":"product-type-simple"},"acf":[],"yoast_head":"<!-- This site is optimized with the Yoast SEO Premium plugin v27.5 (Yoast SEO v27.5) - https:\/\/yoast.com\/product\/yoast-seo-premium-wordpress\/ -->\n<title>Thermos Bottle Stainless Steel - Diller Water Bottle Manufacturer<\/title>\n<meta name=\"description\" content=\"As one of the best thermos bottle stainless steel manufacturers and suppliers, we are engaged in manufacturing good quality water bottles. We warmly welcome you to wholesale or buy custom made thermos bottle stainless steel at competitive price from us. Also, small quantity orders are acceptable.\" \/>\n<meta name=\"robots\" content=\"index, follow, max-snippet:-1, max-image-preview:large, max-video-preview:-1\" \/>\n<link rel=\"canonical\" href=\"https:\/\/www.dillerbottle.com\/de\/produkte\/thermosflasche-edelstahl\" \/>\n<meta property=\"og:locale\" content=\"de_DE\" \/>\n<meta property=\"og:type\" content=\"article\" \/>\n<meta property=\"og:title\" content=\"Thermos Bottle Stainless Steel\" \/>\n<meta property=\"og:description\" content=\"As one of the best thermos bottle stainless steel manufacturers and suppliers, we are engaged in manufacturing good quality water bottles. We warmly welcome you to wholesale or buy custom made thermos bottle stainless steel at competitive price from us. Also, small quantity orders are acceptable.\" \/>\n<meta property=\"og:url\" content=\"https:\/\/www.dillerbottle.com\/de\/produkte\/thermosflasche-edelstahl\" \/>\n<meta property=\"og:site_name\" content=\"Diller Water Bottle Manufacturer\" \/>\n<meta property=\"article:modified_time\" content=\"2025-07-09T06:57:30+00:00\" \/>\n<meta property=\"og:image\" content=\"https:\/\/www.dillerbottle.com\/wp-content\/uploads\/2024\/09\/thermos-bottle-stainless-steel58463503539.jpg\" \/>\n\t<meta property=\"og:image:width\" content=\"730\" \/>\n\t<meta property=\"og:image:height\" content=\"730\" \/>\n\t<meta property=\"og:image:type\" content=\"image\/jpeg\" \/>\n<meta name=\"twitter:card\" content=\"summary_large_image\" \/>\n<meta name=\"twitter:label1\" content=\"Gesch\u00e4tzte Lesezeit\" \/>\n\t<meta name=\"twitter:data1\" content=\"3\u00a0Minuten\" \/>\n<script type=\"application\/ld+json\" class=\"yoast-schema-graph\">{\"@context\":\"https:\\\/\\\/schema.org\",\"@graph\":[{\"@type\":\"WebPage\",\"@id\":\"https:\\\/\\\/www.dillerbottle.com\\\/ar\\\/%d9%85%d9%86%d8%aa%d8%ac%d8%a7%d8%aa\\\/%d9%82%d8%a7%d8%b1%d9%88%d8%b1%d8%a9-%d8%ad%d8%b1%d8%a7%d8%b1%d9%8a%d8%a9-%d9%85%d9%86-%d8%a7%d9%84%d9%81%d9%88%d9%84%d8%a7%d8%b0-%d8%a7%d9%84%d9%85%d9%82%d8%a7%d9%88%d9%85-%d9%84%d9%84%d8%b5%d8%af\",\"url\":\"https:\\\/\\\/www.dillerbottle.com\\\/ar\\\/%d9%85%d9%86%d8%aa%d8%ac%d8%a7%d8%aa\\\/%d9%82%d8%a7%d8%b1%d9%88%d8%b1%d8%a9-%d8%ad%d8%b1%d8%a7%d8%b1%d9%8a%d8%a9-%d9%85%d9%86-%d8%a7%d9%84%d9%81%d9%88%d9%84%d8%a7%d8%b0-%d8%a7%d9%84%d9%85%d9%82%d8%a7%d9%88%d9%85-%d9%84%d9%84%d8%b5%d8%af\",\"name\":\"Thermos Bottle Stainless Steel - Diller Water Bottle Manufacturer\",\"isPartOf\":{\"@id\":\"https:\\\/\\\/www.dillerbottle.com\\\/#website\"},\"primaryImageOfPage\":{\"@id\":\"https:\\\/\\\/www.dillerbottle.com\\\/ar\\\/%d9%85%d9%86%d8%aa%d8%ac%d8%a7%d8%aa\\\/%d9%82%d8%a7%d8%b1%d9%88%d8%b1%d8%a9-%d8%ad%d8%b1%d8%a7%d8%b1%d9%8a%d8%a9-%d9%85%d9%86-%d8%a7%d9%84%d9%81%d9%88%d9%84%d8%a7%d8%b0-%d8%a7%d9%84%d9%85%d9%82%d8%a7%d9%88%d9%85-%d9%84%d9%84%d8%b5%d8%af#primaryimage\"},\"image\":{\"@id\":\"https:\\\/\\\/www.dillerbottle.com\\\/ar\\\/%d9%85%d9%86%d8%aa%d8%ac%d8%a7%d8%aa\\\/%d9%82%d8%a7%d8%b1%d9%88%d8%b1%d8%a9-%d8%ad%d8%b1%d8%a7%d8%b1%d9%8a%d8%a9-%d9%85%d9%86-%d8%a7%d9%84%d9%81%d9%88%d9%84%d8%a7%d8%b0-%d8%a7%d9%84%d9%85%d9%82%d8%a7%d9%88%d9%85-%d9%84%d9%84%d8%b5%d8%af#primaryimage\"},\"thumbnailUrl\":\"https:\\\/\\\/www.dillerbottle.com\\\/wp-content\\\/uploads\\\/2024\\\/09\\\/thermos-bottle-stainless-steel58463503539.jpg\",\"datePublished\":\"2024-09-29T06:51:37+00:00\",\"dateModified\":\"2025-07-09T06:57:30+00:00\",\"description\":\"As one of the best thermos bottle stainless steel manufacturers and suppliers, we are engaged in manufacturing good quality water bottles. We warmly welcome you to wholesale or buy custom made thermos bottle stainless steel at competitive price from us. Also, small quantity orders are acceptable.\",\"breadcrumb\":{\"@id\":\"https:\\\/\\\/www.dillerbottle.com\\\/ar\\\/%d9%85%d9%86%d8%aa%d8%ac%d8%a7%d8%aa\\\/%d9%82%d8%a7%d8%b1%d9%88%d8%b1%d8%a9-%d8%ad%d8%b1%d8%a7%d8%b1%d9%8a%d8%a9-%d9%85%d9%86-%d8%a7%d9%84%d9%81%d9%88%d9%84%d8%a7%d8%b0-%d8%a7%d9%84%d9%85%d9%82%d8%a7%d9%88%d9%85-%d9%84%d9%84%d8%b5%d8%af#breadcrumb\"},\"inLanguage\":\"de\",\"potentialAction\":[{\"@type\":\"ReadAction\",\"target\":[\"https:\\\/\\\/www.dillerbottle.com\\\/ar\\\/%d9%85%d9%86%d8%aa%d8%ac%d8%a7%d8%aa\\\/%d9%82%d8%a7%d8%b1%d9%88%d8%b1%d8%a9-%d8%ad%d8%b1%d8%a7%d8%b1%d9%8a%d8%a9-%d9%85%d9%86-%d8%a7%d9%84%d9%81%d9%88%d9%84%d8%a7%d8%b0-%d8%a7%d9%84%d9%85%d9%82%d8%a7%d9%88%d9%85-%d9%84%d9%84%d8%b5%d8%af\"]}]},{\"@type\":\"ImageObject\",\"inLanguage\":\"de\",\"@id\":\"https:\\\/\\\/www.dillerbottle.com\\\/ar\\\/%d9%85%d9%86%d8%aa%d8%ac%d8%a7%d8%aa\\\/%d9%82%d8%a7%d8%b1%d9%88%d8%b1%d8%a9-%d8%ad%d8%b1%d8%a7%d8%b1%d9%8a%d8%a9-%d9%85%d9%86-%d8%a7%d9%84%d9%81%d9%88%d9%84%d8%a7%d8%b0-%d8%a7%d9%84%d9%85%d9%82%d8%a7%d9%88%d9%85-%d9%84%d9%84%d8%b5%d8%af#primaryimage\",\"url\":\"https:\\\/\\\/www.dillerbottle.com\\\/wp-content\\\/uploads\\\/2024\\\/09\\\/thermos-bottle-stainless-steel58463503539.jpg\",\"contentUrl\":\"https:\\\/\\\/www.dillerbottle.com\\\/wp-content\\\/uploads\\\/2024\\\/09\\\/thermos-bottle-stainless-steel58463503539.jpg\",\"width\":730,\"height\":730},{\"@type\":\"BreadcrumbList\",\"@id\":\"https:\\\/\\\/www.dillerbottle.com\\\/ar\\\/%d9%85%d9%86%d8%aa%d8%ac%d8%a7%d8%aa\\\/%d9%82%d8%a7%d8%b1%d9%88%d8%b1%d8%a9-%d8%ad%d8%b1%d8%a7%d8%b1%d9%8a%d8%a9-%d9%85%d9%86-%d8%a7%d9%84%d9%81%d9%88%d9%84%d8%a7%d8%b0-%d8%a7%d9%84%d9%85%d9%82%d8%a7%d9%88%d9%85-%d9%84%d9%84%d8%b5%d8%af#breadcrumb\",\"itemListElement\":[{\"@type\":\"ListItem\",\"position\":1,\"name\":\"Home\",\"item\":\"https:\\\/\\\/www.dillerbottle.com\\\/\"},{\"@type\":\"ListItem\",\"position\":2,\"name\":\"Products\",\"item\":\"https:\\\/\\\/www.dillerbottle.com\\\/shop\"},{\"@type\":\"ListItem\",\"position\":3,\"name\":\"Thermos Bottle Stainless Steel\"}]},{\"@type\":\"WebSite\",\"@id\":\"https:\\\/\\\/www.dillerbottle.com\\\/#website\",\"url\":\"https:\\\/\\\/www.dillerbottle.com\\\/\",\"name\":\"Diller Water Bottle Manufacturer\",\"description\":\"Water Bottle Manufacturer\",\"publisher\":{\"@id\":\"https:\\\/\\\/www.dillerbottle.com\\\/#organization\"},\"potentialAction\":[{\"@type\":\"SearchAction\",\"target\":{\"@type\":\"EntryPoint\",\"urlTemplate\":\"https:\\\/\\\/www.dillerbottle.com\\\/?s={search_term_string}\"},\"query-input\":{\"@type\":\"PropertyValueSpecification\",\"valueRequired\":true,\"valueName\":\"search_term_string\"}}],\"inLanguage\":\"de\"},{\"@type\":\"Organization\",\"@id\":\"https:\\\/\\\/www.dillerbottle.com\\\/#organization\",\"name\":\"Diller Water Bottle Manufacturer\",\"url\":\"https:\\\/\\\/www.dillerbottle.com\\\/\",\"logo\":{\"@type\":\"ImageObject\",\"inLanguage\":\"de\",\"@id\":\"https:\\\/\\\/www.dillerbottle.com\\\/#\\\/schema\\\/logo\\\/image\\\/\",\"url\":\"https:\\\/\\\/www.dillerbottle.com\\\/wp-content\\\/uploads\\\/2024\\\/09\\\/49918bfa848dcc1e9f8b509933603ac.png\",\"contentUrl\":\"https:\\\/\\\/www.dillerbottle.com\\\/wp-content\\\/uploads\\\/2024\\\/09\\\/49918bfa848dcc1e9f8b509933603ac.png\",\"width\":988,\"height\":198,\"caption\":\"Diller Water Bottle Manufacturer\"},\"image\":{\"@id\":\"https:\\\/\\\/www.dillerbottle.com\\\/#\\\/schema\\\/logo\\\/image\\\/\"}}]}<\/script>\n<!-- \/ Yoast SEO Premium plugin. -->","yoast_head_json":{"title":"Thermosflasche Edelstahl - Diller Wasserflaschen Hersteller","description":"Als einer der besten Hersteller und Lieferanten von Thermosflaschen aus Edelstahl sind wir auf die Herstellung hochwertiger Wasserflaschen spezialisiert. Wir hei\u00dfen Sie herzlich willkommen, bei uns Thermosflaschen aus Edelstahl im Gro\u00dfhandel zu kaufen oder nach Ma\u00df zu wettbewerbsf\u00e4higen Preisen zu erwerben. Auch Bestellungen in kleinen Mengen sind m\u00f6glich.","robots":{"index":"index","follow":"follow","max-snippet":"max-snippet:-1","max-image-preview":"max-image-preview:large","max-video-preview":"max-video-preview:-1"},"canonical":"https:\/\/www.dillerbottle.com\/de\/produkte\/thermosflasche-edelstahl","og_locale":"de_DE","og_type":"article","og_title":"Thermos Bottle Stainless Steel","og_description":"As one of the best thermos bottle stainless steel manufacturers and suppliers, we are engaged in manufacturing good quality water bottles. We warmly welcome you to wholesale or buy custom made thermos bottle stainless steel at competitive price from us. Also, small quantity orders are acceptable.","og_url":"https:\/\/www.dillerbottle.com\/de\/produkte\/thermosflasche-edelstahl","og_site_name":"Diller Water Bottle Manufacturer","article_modified_time":"2025-07-09T06:57:30+00:00","og_image":[{"width":730,"height":730,"url":"https:\/\/www.dillerbottle.com\/wp-content\/uploads\/2024\/09\/thermos-bottle-stainless-steel58463503539.jpg","type":"image\/jpeg"}],"twitter_card":"summary_large_image","twitter_misc":{"Gesch\u00e4tzte Lesezeit":"3\u00a0Minuten"},"schema":{"@context":"https:\/\/schema.org","@graph":[{"@type":"WebPage","@id":"https:\/\/www.dillerbottle.com\/ar\/%d9%85%d9%86%d8%aa%d8%ac%d8%a7%d8%aa\/%d9%82%d8%a7%d8%b1%d9%88%d8%b1%d8%a9-%d8%ad%d8%b1%d8%a7%d8%b1%d9%8a%d8%a9-%d9%85%d9%86-%d8%a7%d9%84%d9%81%d9%88%d9%84%d8%a7%d8%b0-%d8%a7%d9%84%d9%85%d9%82%d8%a7%d9%88%d9%85-%d9%84%d9%84%d8%b5%d8%af","url":"https:\/\/www.dillerbottle.com\/ar\/%d9%85%d9%86%d8%aa%d8%ac%d8%a7%d8%aa\/%d9%82%d8%a7%d8%b1%d9%88%d8%b1%d8%a9-%d8%ad%d8%b1%d8%a7%d8%b1%d9%8a%d8%a9-%d9%85%d9%86-%d8%a7%d9%84%d9%81%d9%88%d9%84%d8%a7%d8%b0-%d8%a7%d9%84%d9%85%d9%82%d8%a7%d9%88%d9%85-%d9%84%d9%84%d8%b5%d8%af","name":"Thermosflasche Edelstahl - Diller Wasserflaschen Hersteller","isPartOf":{"@id":"https:\/\/www.dillerbottle.com\/#website"},"primaryImageOfPage":{"@id":"https:\/\/www.dillerbottle.com\/ar\/%d9%85%d9%86%d8%aa%d8%ac%d8%a7%d8%aa\/%d9%82%d8%a7%d8%b1%d9%88%d8%b1%d8%a9-%d8%ad%d8%b1%d8%a7%d8%b1%d9%8a%d8%a9-%d9%85%d9%86-%d8%a7%d9%84%d9%81%d9%88%d9%84%d8%a7%d8%b0-%d8%a7%d9%84%d9%85%d9%82%d8%a7%d9%88%d9%85-%d9%84%d9%84%d8%b5%d8%af#primaryimage"},"image":{"@id":"https:\/\/www.dillerbottle.com\/ar\/%d9%85%d9%86%d8%aa%d8%ac%d8%a7%d8%aa\/%d9%82%d8%a7%d8%b1%d9%88%d8%b1%d8%a9-%d8%ad%d8%b1%d8%a7%d8%b1%d9%8a%d8%a9-%d9%85%d9%86-%d8%a7%d9%84%d9%81%d9%88%d9%84%d8%a7%d8%b0-%d8%a7%d9%84%d9%85%d9%82%d8%a7%d9%88%d9%85-%d9%84%d9%84%d8%b5%d8%af#primaryimage"},"thumbnailUrl":"https:\/\/www.dillerbottle.com\/wp-content\/uploads\/2024\/09\/thermos-bottle-stainless-steel58463503539.jpg","datePublished":"2024-09-29T06:51:37+00:00","dateModified":"2025-07-09T06:57:30+00:00","description":"Als einer der besten Hersteller und Lieferanten von Thermosflaschen aus Edelstahl sind wir auf die Herstellung hochwertiger Wasserflaschen spezialisiert. Wir hei\u00dfen Sie herzlich willkommen, bei uns Thermosflaschen aus Edelstahl im Gro\u00dfhandel zu kaufen oder nach Ma\u00df zu wettbewerbsf\u00e4higen Preisen zu erwerben. Auch Bestellungen in kleinen Mengen sind m\u00f6glich.","breadcrumb":{"@id":"https:\/\/www.dillerbottle.com\/ar\/%d9%85%d9%86%d8%aa%d8%ac%d8%a7%d8%aa\/%d9%82%d8%a7%d8%b1%d9%88%d8%b1%d8%a9-%d8%ad%d8%b1%d8%a7%d8%b1%d9%8a%d8%a9-%d9%85%d9%86-%d8%a7%d9%84%d9%81%d9%88%d9%84%d8%a7%d8%b0-%d8%a7%d9%84%d9%85%d9%82%d8%a7%d9%88%d9%85-%d9%84%d9%84%d8%b5%d8%af#breadcrumb"},"inLanguage":"de","potentialAction":[{"@type":"ReadAction","target":["https:\/\/www.dillerbottle.com\/ar\/%d9%85%d9%86%d8%aa%d8%ac%d8%a7%d8%aa\/%d9%82%d8%a7%d8%b1%d9%88%d8%b1%d8%a9-%d8%ad%d8%b1%d8%a7%d8%b1%d9%8a%d8%a9-%d9%85%d9%86-%d8%a7%d9%84%d9%81%d9%88%d9%84%d8%a7%d8%b0-%d8%a7%d9%84%d9%85%d9%82%d8%a7%d9%88%d9%85-%d9%84%d9%84%d8%b5%d8%af"]}]},{"@type":"ImageObject","inLanguage":"de","@id":"https:\/\/www.dillerbottle.com\/ar\/%d9%85%d9%86%d8%aa%d8%ac%d8%a7%d8%aa\/%d9%82%d8%a7%d8%b1%d9%88%d8%b1%d8%a9-%d8%ad%d8%b1%d8%a7%d8%b1%d9%8a%d8%a9-%d9%85%d9%86-%d8%a7%d9%84%d9%81%d9%88%d9%84%d8%a7%d8%b0-%d8%a7%d9%84%d9%85%d9%82%d8%a7%d9%88%d9%85-%d9%84%d9%84%d8%b5%d8%af#primaryimage","url":"https:\/\/www.dillerbottle.com\/wp-content\/uploads\/2024\/09\/thermos-bottle-stainless-steel58463503539.jpg","contentUrl":"https:\/\/www.dillerbottle.com\/wp-content\/uploads\/2024\/09\/thermos-bottle-stainless-steel58463503539.jpg","width":730,"height":730},{"@type":"BreadcrumbList","@id":"https:\/\/www.dillerbottle.com\/ar\/%d9%85%d9%86%d8%aa%d8%ac%d8%a7%d8%aa\/%d9%82%d8%a7%d8%b1%d9%88%d8%b1%d8%a9-%d8%ad%d8%b1%d8%a7%d8%b1%d9%8a%d8%a9-%d9%85%d9%86-%d8%a7%d9%84%d9%81%d9%88%d9%84%d8%a7%d8%b0-%d8%a7%d9%84%d9%85%d9%82%d8%a7%d9%88%d9%85-%d9%84%d9%84%d8%b5%d8%af#breadcrumb","itemListElement":[{"@type":"ListItem","position":1,"name":"Home","item":"https:\/\/www.dillerbottle.com\/"},{"@type":"ListItem","position":2,"name":"Products","item":"https:\/\/www.dillerbottle.com\/shop"},{"@type":"ListItem","position":3,"name":"Thermos Bottle Stainless Steel"}]},{"@type":"WebSite","@id":"https:\/\/www.dillerbottle.com\/#website","url":"https:\/\/www.dillerbottle.com\/","name":"Diller Wasserflaschenhersteller","description":"Wasserflaschenhersteller","publisher":{"@id":"https:\/\/www.dillerbottle.com\/#organization"},"potentialAction":[{"@type":"SearchAction","target":{"@type":"EntryPoint","urlTemplate":"https:\/\/www.dillerbottle.com\/?s={search_term_string}"},"query-input":{"@type":"PropertyValueSpecification","valueRequired":true,"valueName":"search_term_string"}}],"inLanguage":"de"},{"@type":"Organization","@id":"https:\/\/www.dillerbottle.com\/#organization","name":"Diller Wasserflaschenhersteller","url":"https:\/\/www.dillerbottle.com\/","logo":{"@type":"ImageObject","inLanguage":"de","@id":"https:\/\/www.dillerbottle.com\/#\/schema\/logo\/image\/","url":"https:\/\/www.dillerbottle.com\/wp-content\/uploads\/2024\/09\/49918bfa848dcc1e9f8b509933603ac.png","contentUrl":"https:\/\/www.dillerbottle.com\/wp-content\/uploads\/2024\/09\/49918bfa848dcc1e9f8b509933603ac.png","width":988,"height":198,"caption":"Diller Water Bottle Manufacturer"},"image":{"@id":"https:\/\/www.dillerbottle.com\/#\/schema\/logo\/image\/"}}]}},"_links":{"self":[{"href":"https:\/\/www.dillerbottle.com\/de\/wp-json\/wp\/v2\/product\/10973","targetHints":{"allow":["GET"]}}],"collection":[{"href":"https:\/\/www.dillerbottle.com\/de\/wp-json\/wp\/v2\/product"}],"about":[{"href":"https:\/\/www.dillerbottle.com\/de\/wp-json\/wp\/v2\/types\/product"}],"replies":[{"embeddable":true,"href":"https:\/\/www.dillerbottle.com\/de\/wp-json\/wp\/v2\/comments?post=10973"}],"wp:featuredmedia":[{"embeddable":true,"href":"https:\/\/www.dillerbottle.com\/de\/wp-json\/wp\/v2\/media\/10974"}],"wp:attachment":[{"href":"https:\/\/www.dillerbottle.com\/de\/wp-json\/wp\/v2\/media?parent=10973"}],"wp:term":[{"taxonomy":"product_brand","embeddable":true,"href":"https:\/\/www.dillerbottle.com\/de\/wp-json\/wp\/v2\/product_brand?post=10973"},{"taxonomy":"product_cat","embeddable":true,"href":"https:\/\/www.dillerbottle.com\/de\/wp-json\/wp\/v2\/product_cat?post=10973"},{"taxonomy":"product_tag","embeddable":true,"href":"https:\/\/www.dillerbottle.com\/de\/wp-json\/wp\/v2\/product_tag?post=10973"}],"curies":[{"name":"wp","href":"https:\/\/api.w.org\/{rel}","templated":true}]}}