{"id":10997,"date":"2024-09-29T14:51:53","date_gmt":"2024-09-29T06:51:53","guid":{"rendered":"https:\/\/demo.dillerbottle.com\/products\/double-wall-vacuum-insulated-stainless-steel-water-bottles"},"modified":"2025-07-09T14:57:27","modified_gmt":"2025-07-09T06:57:27","slug":"doppelwandige-vakuumisolierte-edelstahl-wasserflaschen","status":"publish","type":"product","link":"https:\/\/www.dillerbottle.com\/de\/products\/double-wall-vacuum-insulated-stainless-steel-water-bottles","title":{"rendered":"Doppelwandige vakuumisolierte Wasserflaschen aus Edelstahl"},"content":{"rendered":"<p>1. Doppelwandige Vakuumisolierung h\u00e4lt Getr\u00e4nke oder Wasser bis zu 12\u201324 Stunden kalt oder warm.<br \/>\n2.;Doppelwandige, vakuumisolierte Edelstahl-Wasserflaschen sind aus hochwertigem 18\/8-Edelstahl gefertigt.<br \/>\n3. Die Flasche hat ein kompaktes Fassungsverm\u00f6gen und bietet viel Fl\u00fcssigkeitskapazit\u00e4t, sodass Sie den ganzen Tag \u00fcber leichter hydriert und voller Energie bleiben.<br \/>\n4.;Diese Flasche ist perfekt f\u00fcr Schule, Arbeit, Reisen und Fitness. Die weite \u00d6ffnung erm\u00f6glicht einen einfachen Fl\u00fcssigkeitsfluss und eignet sich daher hervorragend zum Trinken unterwegs. Die weite \u00d6ffnung bietet auch Platz f\u00fcr gro\u00dfe Eisw\u00fcrfel und erm\u00f6glicht es Ihnen, Ihre Flasche schnell zu f\u00fcllen.;5.;Diese auslaufsichere, isolierte Edelstahl-Wasserflasche hat eine einzigartige Pulverbeschichtung, die f\u00fcr zus\u00e4tzliche Haltbarkeit und einen rutschfesten Griff sorgt.<\/p>","protected":false},"excerpt":{"rendered":"<p>Merkmale: 1.<br \/>\nDie doppelwandige Vakuumisolierung h\u00e4lt Getr\u00e4nke oder Wasser bis zu 12\u201324 Stunden kalt oder warm.<br \/>\n2.<br \/>\nDoppelwandige, vakuumisolierte Edelstahl-Wasserflaschen sind aus hochwertigem 18\/8-Edelstahl gefertigt.<br \/>\n3.<br \/>\nDie Flasche bietet kompakt Platz f\u00fcr viel Fl\u00fcssigkeit, sodass Sie den ganzen Tag \u00fcber viel Fl\u00fcssigkeit und Energie haben.<br \/>\n4.<br \/>\nDiese Flasche ist perfekt f\u00fcr Schule, Arbeit, Reisen und Fitness.<br \/>\nDurch die weite \u00d6ffnung kann die Fl\u00fcssigkeit ungehindert flie\u00dfen, sodass sich das Getr\u00e4nk ideal f\u00fcr unterwegs eignet \u2026<\/p>","protected":false},"featured_media":10998,"comment_status":"open","ping_status":"closed","template":"","meta":{"_acf_changed":false},"product_brand":[],"product_cat":[18],"product_tag":[32,36,33,31,683,922,752,39,38,29,37,829,114,732,34,35,543,28,30],"class_list":{"0":"post-10997","1":"product","2":"type-product","3":"status-publish","4":"has-post-thumbnail","6":"product_cat-insulated-water-bottle","7":"product_tag-best","8":"product_tag-bulk","9":"product_tag-buy","10":"product_tag-custom","11":"product_tag-custom-water-bottles","12":"product_tag-double-wall-vacuum-insulated-stainless-steel-water-bottles","13":"product_tag-eco-friendly-water-bottle-stainless-steel","14":"product_tag-for-sale","15":"product_tag-good-quality","16":"product_tag-manufacturers","17":"product_tag-manufacturing","18":"product_tag-metal-water-bottle-with-handle","19":"product_tag-modern-water-bottle","20":"product_tag-portable-travel-water-bottle","21":"product_tag-price","22":"product_tag-small","23":"product_tag-smart-vacuum-insulated-water-bottle","24":"product_tag-suppliers","25":"product_tag-wholesale","27":"first","28":"instock","29":"shipping-taxable","30":"product-type-simple"},"acf":[],"yoast_head":"<!-- This site is optimized with the Yoast SEO Premium plugin v27.3 (Yoast SEO v27.3) - https:\/\/yoast.com\/product\/yoast-seo-premium-wordpress\/ -->\n<title>Double Wall Vacuum Insulated Stainless Steel Water Bottles - Diller Water Bottle Manufacturer<\/title>\n<meta name=\"description\" content=\"As one of the best double wall vacuum insulated stainless steel water bottles manufacturers and suppliers, we are engaged in manufacturing good quality water bottles. We warmly welcome you to wholesale or buy custom made double wall vacuum insulated stainless steel water bottles at competitive price from us. Also, small quantity orders are acceptable.\" \/>\n<meta name=\"robots\" content=\"index, follow, max-snippet:-1, max-image-preview:large, max-video-preview:-1\" \/>\n<link rel=\"canonical\" href=\"https:\/\/www.dillerbottle.com\/de\/produkte\/doppelwandige-vakuumisolierte-edelstahl-wasserflaschen\" \/>\n<meta property=\"og:locale\" content=\"de_DE\" \/>\n<meta property=\"og:type\" content=\"article\" \/>\n<meta property=\"og:title\" content=\"Double Wall Vacuum Insulated Stainless Steel Water Bottles\" \/>\n<meta property=\"og:description\" content=\"As one of the best double wall vacuum insulated stainless steel water bottles manufacturers and suppliers, we are engaged in manufacturing good quality water bottles. We warmly welcome you to wholesale or buy custom made double wall vacuum insulated stainless steel water bottles at competitive price from us. Also, small quantity orders are acceptable.\" \/>\n<meta property=\"og:url\" content=\"https:\/\/www.dillerbottle.com\/de\/produkte\/doppelwandige-vakuumisolierte-edelstahl-wasserflaschen\" \/>\n<meta property=\"og:site_name\" content=\"Diller Water Bottle Manufacturer\" \/>\n<meta property=\"article:modified_time\" content=\"2025-07-09T06:57:27+00:00\" \/>\n<meta property=\"og:image\" content=\"https:\/\/www.dillerbottle.com\/wp-content\/uploads\/2024\/09\/double-wall-vacuum-insulated-stainless-steel34444863731.jpg\" \/>\n\t<meta property=\"og:image:width\" content=\"730\" \/>\n\t<meta property=\"og:image:height\" content=\"730\" \/>\n\t<meta property=\"og:image:type\" content=\"image\/jpeg\" \/>\n<meta name=\"twitter:card\" content=\"summary_large_image\" \/>\n<meta name=\"twitter:label1\" content=\"Gesch\u00e4tzte Lesezeit\" \/>\n\t<meta name=\"twitter:data1\" content=\"2\u00a0Minuten\" \/>\n<script type=\"application\/ld+json\" class=\"yoast-schema-graph\">{\"@context\":\"https:\\\/\\\/schema.org\",\"@graph\":[{\"@type\":\"WebPage\",\"@id\":\"https:\\\/\\\/www.dillerbottle.com\\\/tr\\\/urunler\\\/cift-cidarli-vakum-yalitimli-paslanmaz-celik-su-siseleri\",\"url\":\"https:\\\/\\\/www.dillerbottle.com\\\/tr\\\/urunler\\\/cift-cidarli-vakum-yalitimli-paslanmaz-celik-su-siseleri\",\"name\":\"Double Wall Vacuum Insulated Stainless Steel Water Bottles - Diller Water Bottle Manufacturer\",\"isPartOf\":{\"@id\":\"https:\\\/\\\/www.dillerbottle.com\\\/#website\"},\"primaryImageOfPage\":{\"@id\":\"https:\\\/\\\/www.dillerbottle.com\\\/tr\\\/urunler\\\/cift-cidarli-vakum-yalitimli-paslanmaz-celik-su-siseleri#primaryimage\"},\"image\":{\"@id\":\"https:\\\/\\\/www.dillerbottle.com\\\/tr\\\/urunler\\\/cift-cidarli-vakum-yalitimli-paslanmaz-celik-su-siseleri#primaryimage\"},\"thumbnailUrl\":\"https:\\\/\\\/www.dillerbottle.com\\\/wp-content\\\/uploads\\\/2024\\\/09\\\/double-wall-vacuum-insulated-stainless-steel34444863731.jpg\",\"datePublished\":\"2024-09-29T06:51:53+00:00\",\"dateModified\":\"2025-07-09T06:57:27+00:00\",\"description\":\"As one of the best double wall vacuum insulated stainless steel water bottles manufacturers and suppliers, we are engaged in manufacturing good quality water bottles. We warmly welcome you to wholesale or buy custom made double wall vacuum insulated stainless steel water bottles at competitive price from us. Also, small quantity orders are acceptable.\",\"breadcrumb\":{\"@id\":\"https:\\\/\\\/www.dillerbottle.com\\\/tr\\\/urunler\\\/cift-cidarli-vakum-yalitimli-paslanmaz-celik-su-siseleri#breadcrumb\"},\"inLanguage\":\"de\",\"potentialAction\":[{\"@type\":\"ReadAction\",\"target\":[\"https:\\\/\\\/www.dillerbottle.com\\\/tr\\\/urunler\\\/cift-cidarli-vakum-yalitimli-paslanmaz-celik-su-siseleri\"]}]},{\"@type\":\"ImageObject\",\"inLanguage\":\"de\",\"@id\":\"https:\\\/\\\/www.dillerbottle.com\\\/tr\\\/urunler\\\/cift-cidarli-vakum-yalitimli-paslanmaz-celik-su-siseleri#primaryimage\",\"url\":\"https:\\\/\\\/www.dillerbottle.com\\\/wp-content\\\/uploads\\\/2024\\\/09\\\/double-wall-vacuum-insulated-stainless-steel34444863731.jpg\",\"contentUrl\":\"https:\\\/\\\/www.dillerbottle.com\\\/wp-content\\\/uploads\\\/2024\\\/09\\\/double-wall-vacuum-insulated-stainless-steel34444863731.jpg\",\"width\":730,\"height\":730},{\"@type\":\"BreadcrumbList\",\"@id\":\"https:\\\/\\\/www.dillerbottle.com\\\/tr\\\/urunler\\\/cift-cidarli-vakum-yalitimli-paslanmaz-celik-su-siseleri#breadcrumb\",\"itemListElement\":[{\"@type\":\"ListItem\",\"position\":1,\"name\":\"Home\",\"item\":\"https:\\\/\\\/www.dillerbottle.com\\\/\"},{\"@type\":\"ListItem\",\"position\":2,\"name\":\"Products\",\"item\":\"https:\\\/\\\/www.dillerbottle.com\\\/shop\"},{\"@type\":\"ListItem\",\"position\":3,\"name\":\"Double Wall Vacuum Insulated Stainless Steel Water Bottles\"}]},{\"@type\":\"WebSite\",\"@id\":\"https:\\\/\\\/www.dillerbottle.com\\\/#website\",\"url\":\"https:\\\/\\\/www.dillerbottle.com\\\/\",\"name\":\"Diller Water Bottle Manufacturer\",\"description\":\"Water Bottle Manufacturer\",\"publisher\":{\"@id\":\"https:\\\/\\\/www.dillerbottle.com\\\/#organization\"},\"potentialAction\":[{\"@type\":\"SearchAction\",\"target\":{\"@type\":\"EntryPoint\",\"urlTemplate\":\"https:\\\/\\\/www.dillerbottle.com\\\/?s={search_term_string}\"},\"query-input\":{\"@type\":\"PropertyValueSpecification\",\"valueRequired\":true,\"valueName\":\"search_term_string\"}}],\"inLanguage\":\"de\"},{\"@type\":\"Organization\",\"@id\":\"https:\\\/\\\/www.dillerbottle.com\\\/#organization\",\"name\":\"Diller Water Bottle Manufacturer\",\"url\":\"https:\\\/\\\/www.dillerbottle.com\\\/\",\"logo\":{\"@type\":\"ImageObject\",\"inLanguage\":\"de\",\"@id\":\"https:\\\/\\\/www.dillerbottle.com\\\/#\\\/schema\\\/logo\\\/image\\\/\",\"url\":\"https:\\\/\\\/www.dillerbottle.com\\\/wp-content\\\/uploads\\\/2024\\\/09\\\/49918bfa848dcc1e9f8b509933603ac.png\",\"contentUrl\":\"https:\\\/\\\/www.dillerbottle.com\\\/wp-content\\\/uploads\\\/2024\\\/09\\\/49918bfa848dcc1e9f8b509933603ac.png\",\"width\":988,\"height\":198,\"caption\":\"Diller Water Bottle Manufacturer\"},\"image\":{\"@id\":\"https:\\\/\\\/www.dillerbottle.com\\\/#\\\/schema\\\/logo\\\/image\\\/\"}}]}<\/script>\n<!-- \/ Yoast SEO Premium plugin. -->","yoast_head_json":{"title":"Doppelwandige, vakuumisolierte Edelstahl-Wasserflaschen - Diller Wasserflaschenhersteller","description":"Als einer der besten Hersteller und Lieferanten von doppelwandigen, vakuumisolierten Edelstahl-Wasserflaschen sind wir auf die Herstellung hochwertiger Wasserflaschen spezialisiert. Wir hei\u00dfen Sie herzlich willkommen, doppelwandige, vakuumisolierte Edelstahl-Wasserflaschen im Gro\u00dfhandel zu kaufen oder zu einem wettbewerbsf\u00e4higen Preis bei uns zu kaufen. Auch Bestellungen in kleinen Mengen sind akzeptabel.","robots":{"index":"index","follow":"follow","max-snippet":"max-snippet:-1","max-image-preview":"max-image-preview:large","max-video-preview":"max-video-preview:-1"},"canonical":"https:\/\/www.dillerbottle.com\/de\/produkte\/doppelwandige-vakuumisolierte-edelstahl-wasserflaschen","og_locale":"de_DE","og_type":"article","og_title":"Double Wall Vacuum Insulated Stainless Steel Water Bottles","og_description":"As one of the best double wall vacuum insulated stainless steel water bottles manufacturers and suppliers, we are engaged in manufacturing good quality water bottles. We warmly welcome you to wholesale or buy custom made double wall vacuum insulated stainless steel water bottles at competitive price from us. Also, small quantity orders are acceptable.","og_url":"https:\/\/www.dillerbottle.com\/de\/produkte\/doppelwandige-vakuumisolierte-edelstahl-wasserflaschen","og_site_name":"Diller Water Bottle Manufacturer","article_modified_time":"2025-07-09T06:57:27+00:00","og_image":[{"width":730,"height":730,"url":"https:\/\/www.dillerbottle.com\/wp-content\/uploads\/2024\/09\/double-wall-vacuum-insulated-stainless-steel34444863731.jpg","type":"image\/jpeg"}],"twitter_card":"summary_large_image","twitter_misc":{"Gesch\u00e4tzte Lesezeit":"2\u00a0Minuten"},"schema":{"@context":"https:\/\/schema.org","@graph":[{"@type":"WebPage","@id":"https:\/\/www.dillerbottle.com\/tr\/urunler\/cift-cidarli-vakum-yalitimli-paslanmaz-celik-su-siseleri","url":"https:\/\/www.dillerbottle.com\/tr\/urunler\/cift-cidarli-vakum-yalitimli-paslanmaz-celik-su-siseleri","name":"Doppelwandige, vakuumisolierte Edelstahl-Wasserflaschen - Diller Wasserflaschenhersteller","isPartOf":{"@id":"https:\/\/www.dillerbottle.com\/#website"},"primaryImageOfPage":{"@id":"https:\/\/www.dillerbottle.com\/tr\/urunler\/cift-cidarli-vakum-yalitimli-paslanmaz-celik-su-siseleri#primaryimage"},"image":{"@id":"https:\/\/www.dillerbottle.com\/tr\/urunler\/cift-cidarli-vakum-yalitimli-paslanmaz-celik-su-siseleri#primaryimage"},"thumbnailUrl":"https:\/\/www.dillerbottle.com\/wp-content\/uploads\/2024\/09\/double-wall-vacuum-insulated-stainless-steel34444863731.jpg","datePublished":"2024-09-29T06:51:53+00:00","dateModified":"2025-07-09T06:57:27+00:00","description":"Als einer der besten Hersteller und Lieferanten von doppelwandigen, vakuumisolierten Edelstahl-Wasserflaschen sind wir auf die Herstellung hochwertiger Wasserflaschen spezialisiert. Wir hei\u00dfen Sie herzlich willkommen, doppelwandige, vakuumisolierte Edelstahl-Wasserflaschen im Gro\u00dfhandel zu kaufen oder zu einem wettbewerbsf\u00e4higen Preis bei uns zu kaufen. Auch Bestellungen in kleinen Mengen sind akzeptabel.","breadcrumb":{"@id":"https:\/\/www.dillerbottle.com\/tr\/urunler\/cift-cidarli-vakum-yalitimli-paslanmaz-celik-su-siseleri#breadcrumb"},"inLanguage":"de","potentialAction":[{"@type":"ReadAction","target":["https:\/\/www.dillerbottle.com\/tr\/urunler\/cift-cidarli-vakum-yalitimli-paslanmaz-celik-su-siseleri"]}]},{"@type":"ImageObject","inLanguage":"de","@id":"https:\/\/www.dillerbottle.com\/tr\/urunler\/cift-cidarli-vakum-yalitimli-paslanmaz-celik-su-siseleri#primaryimage","url":"https:\/\/www.dillerbottle.com\/wp-content\/uploads\/2024\/09\/double-wall-vacuum-insulated-stainless-steel34444863731.jpg","contentUrl":"https:\/\/www.dillerbottle.com\/wp-content\/uploads\/2024\/09\/double-wall-vacuum-insulated-stainless-steel34444863731.jpg","width":730,"height":730},{"@type":"BreadcrumbList","@id":"https:\/\/www.dillerbottle.com\/tr\/urunler\/cift-cidarli-vakum-yalitimli-paslanmaz-celik-su-siseleri#breadcrumb","itemListElement":[{"@type":"ListItem","position":1,"name":"Home","item":"https:\/\/www.dillerbottle.com\/"},{"@type":"ListItem","position":2,"name":"Products","item":"https:\/\/www.dillerbottle.com\/shop"},{"@type":"ListItem","position":3,"name":"Double Wall Vacuum Insulated Stainless Steel Water Bottles"}]},{"@type":"WebSite","@id":"https:\/\/www.dillerbottle.com\/#website","url":"https:\/\/www.dillerbottle.com\/","name":"Diller Wasserflaschenhersteller","description":"Wasserflaschenhersteller","publisher":{"@id":"https:\/\/www.dillerbottle.com\/#organization"},"potentialAction":[{"@type":"SearchAction","target":{"@type":"EntryPoint","urlTemplate":"https:\/\/www.dillerbottle.com\/?s={search_term_string}"},"query-input":{"@type":"PropertyValueSpecification","valueRequired":true,"valueName":"search_term_string"}}],"inLanguage":"de"},{"@type":"Organization","@id":"https:\/\/www.dillerbottle.com\/#organization","name":"Diller Wasserflaschenhersteller","url":"https:\/\/www.dillerbottle.com\/","logo":{"@type":"ImageObject","inLanguage":"de","@id":"https:\/\/www.dillerbottle.com\/#\/schema\/logo\/image\/","url":"https:\/\/www.dillerbottle.com\/wp-content\/uploads\/2024\/09\/49918bfa848dcc1e9f8b509933603ac.png","contentUrl":"https:\/\/www.dillerbottle.com\/wp-content\/uploads\/2024\/09\/49918bfa848dcc1e9f8b509933603ac.png","width":988,"height":198,"caption":"Diller Water Bottle Manufacturer"},"image":{"@id":"https:\/\/www.dillerbottle.com\/#\/schema\/logo\/image\/"}}]}},"_links":{"self":[{"href":"https:\/\/www.dillerbottle.com\/de\/wp-json\/wp\/v2\/product\/10997","targetHints":{"allow":["GET"]}}],"collection":[{"href":"https:\/\/www.dillerbottle.com\/de\/wp-json\/wp\/v2\/product"}],"about":[{"href":"https:\/\/www.dillerbottle.com\/de\/wp-json\/wp\/v2\/types\/product"}],"replies":[{"embeddable":true,"href":"https:\/\/www.dillerbottle.com\/de\/wp-json\/wp\/v2\/comments?post=10997"}],"wp:featuredmedia":[{"embeddable":true,"href":"https:\/\/www.dillerbottle.com\/de\/wp-json\/wp\/v2\/media\/10998"}],"wp:attachment":[{"href":"https:\/\/www.dillerbottle.com\/de\/wp-json\/wp\/v2\/media?parent=10997"}],"wp:term":[{"taxonomy":"product_brand","embeddable":true,"href":"https:\/\/www.dillerbottle.com\/de\/wp-json\/wp\/v2\/product_brand?post=10997"},{"taxonomy":"product_cat","embeddable":true,"href":"https:\/\/www.dillerbottle.com\/de\/wp-json\/wp\/v2\/product_cat?post=10997"},{"taxonomy":"product_tag","embeddable":true,"href":"https:\/\/www.dillerbottle.com\/de\/wp-json\/wp\/v2\/product_tag?post=10997"}],"curies":[{"name":"wp","href":"https:\/\/api.w.org\/{rel}","templated":true}]}}