{"id":11023,"date":"2024-09-29T14:52:10","date_gmt":"2024-09-29T06:52:10","guid":{"rendered":"https:\/\/demo.dillerbottle.com\/products\/stainless-steel-double-insulated-water-bottle"},"modified":"2025-08-21T17:10:12","modified_gmt":"2025-08-21T09:10:12","slug":"doppelt-isolierte-wasserflasche-aus-edelstahl","status":"publish","type":"product","link":"https:\/\/www.dillerbottle.com\/de\/products\/stainless-steel-double-insulated-water-bottle","title":{"rendered":"Doppelt isolierte Wasserflasche aus Edelstahl"},"content":{"rendered":"<p data-start=\"448\" data-end=\"589\">Diese Pr\u00e4mie <strong data-start=\"461\" data-end=\"498\">Isolierter Becher aus Edelstahl 316<\/strong> wurde f\u00fcr den allt\u00e4glichen Gebrauch und die Bequemlichkeit im Freien entwickelt und verbindet Funktionalit\u00e4t mit Stil.<\/p>\n<ul data-start=\"590\" data-end=\"1061\">\n<li data-start=\"590\" data-end=\"672\">\n<p data-start=\"592\" data-end=\"672\"><strong data-start=\"592\" data-end=\"621\">Starke Isolierf\u00e4higkeit<\/strong>: H\u00e4lt Getr\u00e4nke f\u00fcr l\u00e4ngere Zeit hei\u00df oder kalt.<\/p>\n<\/li>\n<li data-start=\"673\" data-end=\"749\">\n<p data-start=\"675\" data-end=\"749\"><strong data-start=\"675\" data-end=\"695\">Doppelt verwendbarer Deckel<\/strong>: Der Deckel dient als kleine Sch\u00fcssel und ist vielseitig einsetzbar.<\/p>\n<\/li>\n<li data-start=\"750\" data-end=\"820\">\n<p data-start=\"752\" data-end=\"820\"><strong data-start=\"752\" data-end=\"772\">Kommt mit L\u00f6ffel<\/strong>: Ausgestattet mit einem L\u00f6ffel f\u00fcr zus\u00e4tzlichen Komfort.<\/p>\n<\/li>\n<li data-start=\"821\" data-end=\"907\">\n<p data-start=\"823\" data-end=\"907\"><strong data-start=\"823\" data-end=\"846\">Edelstahl 316<\/strong>: Hochgradig korrosions- und hitzebest\u00e4ndig, sicher und langlebig.<\/p>\n<\/li>\n<li data-start=\"908\" data-end=\"992\">\n<p data-start=\"910\" data-end=\"992\"><strong data-start=\"910\" data-end=\"936\">Materialien mit Lebensmittelkontakt<\/strong>: Hergestellt aus lebensmittelechten, geruchsneutralen und sicheren Materialien.<\/p>\n<\/li>\n<li data-start=\"993\" data-end=\"1061\">\n<p data-start=\"995\" data-end=\"1061\"><strong data-start=\"995\" data-end=\"1019\">Gro\u00dfes Fassungsverm\u00f6gen von 520ML<\/strong>: Perfekt f\u00fcr die t\u00e4gliche Fl\u00fcssigkeitszufuhr und die Mahlzeiten.<\/p>\n<\/li>\n<\/ul>\n<p data-start=\"1063\" data-end=\"1191\">Dieser isolierte Becher ist ideal f\u00fcr die Arbeit, auf Reisen oder bei Outdoor-Aktivit\u00e4ten und sorgt jederzeit f\u00fcr ein gesundes und angenehmes Trinkerlebnis.<\/p>","protected":false},"excerpt":{"rendered":"<p>Diese Pr\u00e4mie <strong data-start=\"461\" data-end=\"498\">Isolierter Becher aus Edelstahl 316<\/strong> wurde f\u00fcr den allt\u00e4glichen Gebrauch und die Bequemlichkeit im Freien entwickelt und verbindet Funktionalit\u00e4t mit Stil.<\/p>\n<p>Dieser isolierte Becher ist ideal f\u00fcr die Arbeit, auf Reisen oder bei Outdoor-Aktivit\u00e4ten und sorgt jederzeit f\u00fcr ein gesundes und angenehmes Trinkerlebnis.<\/p>","protected":false},"featured_media":16653,"comment_status":"open","ping_status":"closed","template":"","meta":{"_acf_changed":false},"product_brand":[],"product_cat":[18],"product_tag":[771,30],"class_list":{"0":"post-11023","1":"product","2":"type-product","3":"status-publish","4":"has-post-thumbnail","6":"product_cat-insulated-water-bottle","7":"product_tag-water-bottle-sublimation","8":"product_tag-wholesale","10":"first","11":"instock","12":"shipping-taxable","13":"product-type-simple"},"acf":[],"yoast_head":"<!-- This site is optimized with the Yoast SEO Premium plugin v27.5 (Yoast SEO v27.5) - https:\/\/yoast.com\/product\/yoast-seo-premium-wordpress\/ -->\n<title>Stainless Steel Double Insulated Water Bottle - Diller Water Bottle Manufacturer<\/title>\n<meta name=\"description\" content=\"This premium 316 stainless steel insulated cup is designed for everyday use and outdoor convenience, combining practicality with style.\" \/>\n<meta name=\"robots\" content=\"index, follow, max-snippet:-1, max-image-preview:large, max-video-preview:-1\" \/>\n<link rel=\"canonical\" href=\"https:\/\/www.dillerbottle.com\/de\/produkte\/doppelt-isolierte-wasserflasche-aus-edelstahl\" \/>\n<meta property=\"og:locale\" content=\"de_DE\" \/>\n<meta property=\"og:type\" content=\"article\" \/>\n<meta property=\"og:title\" content=\"Stainless Steel Double Insulated Water Bottle\" \/>\n<meta property=\"og:description\" content=\"This premium 316 stainless steel insulated cup is designed for everyday use and outdoor convenience, combining practicality with style.\" \/>\n<meta property=\"og:url\" content=\"https:\/\/www.dillerbottle.com\/de\/produkte\/doppelt-isolierte-wasserflasche-aus-edelstahl\" \/>\n<meta property=\"og:site_name\" content=\"Diller Water Bottle Manufacturer\" \/>\n<meta property=\"article:modified_time\" content=\"2025-08-21T09:10:12+00:00\" \/>\n<meta property=\"og:image\" content=\"https:\/\/www.dillerbottle.com\/wp-content\/uploads\/2024\/09\/stainless-steel-double-insulated-water-bottle-9215-2.jpg\" \/>\n\t<meta property=\"og:image:width\" content=\"800\" \/>\n\t<meta property=\"og:image:height\" content=\"800\" \/>\n\t<meta property=\"og:image:type\" content=\"image\/jpeg\" \/>\n<meta name=\"twitter:card\" content=\"summary_large_image\" \/>\n<meta name=\"twitter:label1\" content=\"Gesch\u00e4tzte Lesezeit\" \/>\n\t<meta name=\"twitter:data1\" content=\"1\u00a0Minute\" \/>\n<script type=\"application\/ld+json\" class=\"yoast-schema-graph\">{\"@context\":\"https:\\\/\\\/schema.org\",\"@graph\":[{\"@type\":\"WebPage\",\"@id\":\"https:\\\/\\\/www.dillerbottle.com\\\/products\\\/stainless-steel-double-insulated-water-bottle\",\"url\":\"https:\\\/\\\/www.dillerbottle.com\\\/products\\\/stainless-steel-double-insulated-water-bottle\",\"name\":\"Stainless Steel Double Insulated Water Bottle - Diller Water Bottle Manufacturer\",\"isPartOf\":{\"@id\":\"https:\\\/\\\/www.dillerbottle.com\\\/#website\"},\"primaryImageOfPage\":{\"@id\":\"https:\\\/\\\/www.dillerbottle.com\\\/products\\\/stainless-steel-double-insulated-water-bottle#primaryimage\"},\"image\":{\"@id\":\"https:\\\/\\\/www.dillerbottle.com\\\/products\\\/stainless-steel-double-insulated-water-bottle#primaryimage\"},\"thumbnailUrl\":\"https:\\\/\\\/www.dillerbottle.com\\\/wp-content\\\/uploads\\\/2024\\\/09\\\/stainless-steel-double-insulated-water-bottle-9215-2.jpg\",\"datePublished\":\"2024-09-29T06:52:10+00:00\",\"dateModified\":\"2025-08-21T09:10:12+00:00\",\"description\":\"This premium 316 stainless steel insulated cup is designed for everyday use and outdoor convenience, combining practicality with style.\",\"breadcrumb\":{\"@id\":\"https:\\\/\\\/www.dillerbottle.com\\\/products\\\/stainless-steel-double-insulated-water-bottle#breadcrumb\"},\"inLanguage\":\"de\",\"potentialAction\":[{\"@type\":\"ReadAction\",\"target\":[\"https:\\\/\\\/www.dillerbottle.com\\\/products\\\/stainless-steel-double-insulated-water-bottle\"]}]},{\"@type\":\"ImageObject\",\"inLanguage\":\"de\",\"@id\":\"https:\\\/\\\/www.dillerbottle.com\\\/products\\\/stainless-steel-double-insulated-water-bottle#primaryimage\",\"url\":\"https:\\\/\\\/www.dillerbottle.com\\\/wp-content\\\/uploads\\\/2024\\\/09\\\/stainless-steel-double-insulated-water-bottle-9215-2.jpg\",\"contentUrl\":\"https:\\\/\\\/www.dillerbottle.com\\\/wp-content\\\/uploads\\\/2024\\\/09\\\/stainless-steel-double-insulated-water-bottle-9215-2.jpg\",\"width\":800,\"height\":800},{\"@type\":\"BreadcrumbList\",\"@id\":\"https:\\\/\\\/www.dillerbottle.com\\\/products\\\/stainless-steel-double-insulated-water-bottle#breadcrumb\",\"itemListElement\":[{\"@type\":\"ListItem\",\"position\":1,\"name\":\"Home\",\"item\":\"https:\\\/\\\/www.dillerbottle.com\\\/\"},{\"@type\":\"ListItem\",\"position\":2,\"name\":\"Products\",\"item\":\"https:\\\/\\\/www.dillerbottle.com\\\/shop\"},{\"@type\":\"ListItem\",\"position\":3,\"name\":\"Stainless Steel Double Insulated Water Bottle\"}]},{\"@type\":\"WebSite\",\"@id\":\"https:\\\/\\\/www.dillerbottle.com\\\/#website\",\"url\":\"https:\\\/\\\/www.dillerbottle.com\\\/\",\"name\":\"Diller Water Bottle Manufacturer\",\"description\":\"Water Bottle Manufacturer\",\"publisher\":{\"@id\":\"https:\\\/\\\/www.dillerbottle.com\\\/#organization\"},\"potentialAction\":[{\"@type\":\"SearchAction\",\"target\":{\"@type\":\"EntryPoint\",\"urlTemplate\":\"https:\\\/\\\/www.dillerbottle.com\\\/?s={search_term_string}\"},\"query-input\":{\"@type\":\"PropertyValueSpecification\",\"valueRequired\":true,\"valueName\":\"search_term_string\"}}],\"inLanguage\":\"de\"},{\"@type\":\"Organization\",\"@id\":\"https:\\\/\\\/www.dillerbottle.com\\\/#organization\",\"name\":\"Diller Water Bottle Manufacturer\",\"url\":\"https:\\\/\\\/www.dillerbottle.com\\\/\",\"logo\":{\"@type\":\"ImageObject\",\"inLanguage\":\"de\",\"@id\":\"https:\\\/\\\/www.dillerbottle.com\\\/#\\\/schema\\\/logo\\\/image\\\/\",\"url\":\"https:\\\/\\\/www.dillerbottle.com\\\/wp-content\\\/uploads\\\/2024\\\/09\\\/49918bfa848dcc1e9f8b509933603ac.png\",\"contentUrl\":\"https:\\\/\\\/www.dillerbottle.com\\\/wp-content\\\/uploads\\\/2024\\\/09\\\/49918bfa848dcc1e9f8b509933603ac.png\",\"width\":988,\"height\":198,\"caption\":\"Diller Water Bottle Manufacturer\"},\"image\":{\"@id\":\"https:\\\/\\\/www.dillerbottle.com\\\/#\\\/schema\\\/logo\\\/image\\\/\"}}]}<\/script>\n<!-- \/ Yoast SEO Premium plugin. -->","yoast_head_json":{"title":"Doppelt isolierte Wasserflasche aus Edelstahl - Diller Wasserflaschenhersteller","description":"Dieser isolierte Becher aus hochwertigem 316er Edelstahl ist f\u00fcr den t\u00e4glichen Gebrauch und f\u00fcr den Einsatz im Freien konzipiert und verbindet Funktionalit\u00e4t mit Stil.","robots":{"index":"index","follow":"follow","max-snippet":"max-snippet:-1","max-image-preview":"max-image-preview:large","max-video-preview":"max-video-preview:-1"},"canonical":"https:\/\/www.dillerbottle.com\/de\/produkte\/doppelt-isolierte-wasserflasche-aus-edelstahl","og_locale":"de_DE","og_type":"article","og_title":"Stainless Steel Double Insulated Water Bottle","og_description":"This premium 316 stainless steel insulated cup is designed for everyday use and outdoor convenience, combining practicality with style.","og_url":"https:\/\/www.dillerbottle.com\/de\/produkte\/doppelt-isolierte-wasserflasche-aus-edelstahl","og_site_name":"Diller Water Bottle Manufacturer","article_modified_time":"2025-08-21T09:10:12+00:00","og_image":[{"width":800,"height":800,"url":"https:\/\/www.dillerbottle.com\/wp-content\/uploads\/2024\/09\/stainless-steel-double-insulated-water-bottle-9215-2.jpg","type":"image\/jpeg"}],"twitter_card":"summary_large_image","twitter_misc":{"Gesch\u00e4tzte Lesezeit":"1\u00a0Minute"},"schema":{"@context":"https:\/\/schema.org","@graph":[{"@type":"WebPage","@id":"https:\/\/www.dillerbottle.com\/products\/stainless-steel-double-insulated-water-bottle","url":"https:\/\/www.dillerbottle.com\/products\/stainless-steel-double-insulated-water-bottle","name":"Doppelt isolierte Wasserflasche aus Edelstahl - Diller Wasserflaschenhersteller","isPartOf":{"@id":"https:\/\/www.dillerbottle.com\/#website"},"primaryImageOfPage":{"@id":"https:\/\/www.dillerbottle.com\/products\/stainless-steel-double-insulated-water-bottle#primaryimage"},"image":{"@id":"https:\/\/www.dillerbottle.com\/products\/stainless-steel-double-insulated-water-bottle#primaryimage"},"thumbnailUrl":"https:\/\/www.dillerbottle.com\/wp-content\/uploads\/2024\/09\/stainless-steel-double-insulated-water-bottle-9215-2.jpg","datePublished":"2024-09-29T06:52:10+00:00","dateModified":"2025-08-21T09:10:12+00:00","description":"Dieser isolierte Becher aus hochwertigem 316er Edelstahl ist f\u00fcr den t\u00e4glichen Gebrauch und f\u00fcr den Einsatz im Freien konzipiert und verbindet Funktionalit\u00e4t mit Stil.","breadcrumb":{"@id":"https:\/\/www.dillerbottle.com\/products\/stainless-steel-double-insulated-water-bottle#breadcrumb"},"inLanguage":"de","potentialAction":[{"@type":"ReadAction","target":["https:\/\/www.dillerbottle.com\/products\/stainless-steel-double-insulated-water-bottle"]}]},{"@type":"ImageObject","inLanguage":"de","@id":"https:\/\/www.dillerbottle.com\/products\/stainless-steel-double-insulated-water-bottle#primaryimage","url":"https:\/\/www.dillerbottle.com\/wp-content\/uploads\/2024\/09\/stainless-steel-double-insulated-water-bottle-9215-2.jpg","contentUrl":"https:\/\/www.dillerbottle.com\/wp-content\/uploads\/2024\/09\/stainless-steel-double-insulated-water-bottle-9215-2.jpg","width":800,"height":800},{"@type":"BreadcrumbList","@id":"https:\/\/www.dillerbottle.com\/products\/stainless-steel-double-insulated-water-bottle#breadcrumb","itemListElement":[{"@type":"ListItem","position":1,"name":"Home","item":"https:\/\/www.dillerbottle.com\/"},{"@type":"ListItem","position":2,"name":"Products","item":"https:\/\/www.dillerbottle.com\/shop"},{"@type":"ListItem","position":3,"name":"Stainless Steel Double Insulated Water Bottle"}]},{"@type":"WebSite","@id":"https:\/\/www.dillerbottle.com\/#website","url":"https:\/\/www.dillerbottle.com\/","name":"Diller Wasserflaschenhersteller","description":"Wasserflaschenhersteller","publisher":{"@id":"https:\/\/www.dillerbottle.com\/#organization"},"potentialAction":[{"@type":"SearchAction","target":{"@type":"EntryPoint","urlTemplate":"https:\/\/www.dillerbottle.com\/?s={search_term_string}"},"query-input":{"@type":"PropertyValueSpecification","valueRequired":true,"valueName":"search_term_string"}}],"inLanguage":"de"},{"@type":"Organization","@id":"https:\/\/www.dillerbottle.com\/#organization","name":"Diller Wasserflaschenhersteller","url":"https:\/\/www.dillerbottle.com\/","logo":{"@type":"ImageObject","inLanguage":"de","@id":"https:\/\/www.dillerbottle.com\/#\/schema\/logo\/image\/","url":"https:\/\/www.dillerbottle.com\/wp-content\/uploads\/2024\/09\/49918bfa848dcc1e9f8b509933603ac.png","contentUrl":"https:\/\/www.dillerbottle.com\/wp-content\/uploads\/2024\/09\/49918bfa848dcc1e9f8b509933603ac.png","width":988,"height":198,"caption":"Diller Water Bottle Manufacturer"},"image":{"@id":"https:\/\/www.dillerbottle.com\/#\/schema\/logo\/image\/"}}]}},"_links":{"self":[{"href":"https:\/\/www.dillerbottle.com\/de\/wp-json\/wp\/v2\/product\/11023","targetHints":{"allow":["GET"]}}],"collection":[{"href":"https:\/\/www.dillerbottle.com\/de\/wp-json\/wp\/v2\/product"}],"about":[{"href":"https:\/\/www.dillerbottle.com\/de\/wp-json\/wp\/v2\/types\/product"}],"replies":[{"embeddable":true,"href":"https:\/\/www.dillerbottle.com\/de\/wp-json\/wp\/v2\/comments?post=11023"}],"wp:featuredmedia":[{"embeddable":true,"href":"https:\/\/www.dillerbottle.com\/de\/wp-json\/wp\/v2\/media\/16653"}],"wp:attachment":[{"href":"https:\/\/www.dillerbottle.com\/de\/wp-json\/wp\/v2\/media?parent=11023"}],"wp:term":[{"taxonomy":"product_brand","embeddable":true,"href":"https:\/\/www.dillerbottle.com\/de\/wp-json\/wp\/v2\/product_brand?post=11023"},{"taxonomy":"product_cat","embeddable":true,"href":"https:\/\/www.dillerbottle.com\/de\/wp-json\/wp\/v2\/product_cat?post=11023"},{"taxonomy":"product_tag","embeddable":true,"href":"https:\/\/www.dillerbottle.com\/de\/wp-json\/wp\/v2\/product_tag?post=11023"}],"curies":[{"name":"wp","href":"https:\/\/api.w.org\/{rel}","templated":true}]}}