{"id":11207,"date":"2024-09-29T14:54:16","date_gmt":"2024-09-29T06:54:16","guid":{"rendered":"https:\/\/demo.dillerbottle.com\/products\/big-thermal-water-bottle"},"modified":"2025-07-09T14:15:12","modified_gmt":"2025-07-09T06:15:12","slug":"grose-thermoswasserflasche-2","status":"publish","type":"product","link":"https:\/\/www.dillerbottle.com\/de\/products\/big-thermal-water-bottle","title":{"rendered":"Gro\u00dfe Thermalwasserflasche"},"content":{"rendered":"<p>1. Die gro\u00dfe Thermowasserflasche ist aus langlebigem medizinischem Edelstahl 304 gefertigt, unzerbrechlich und bruchsicher.<\/p>\n<p>2. Das doppelwandige Vakuum-Isolierdesign dieses Bechers erm\u00f6glicht eine hochwirksame Isolierung, die Fl\u00fcssigkeiten bis zu 12 Stunden lang hei\u00df oder kalt h\u00e4lt.<\/p>\n<p>3. Gro\u00dfe 1,2-l- oder 2-l-Thermowasserflaschen haben ein gro\u00dfes Volumen und sind mit tragbaren Riemen und Griffen ausgestattet, sodass sie sich f\u00fcr Outdoor-Aktivit\u00e4ten, Sport oder Reisen eignen.<\/p>\n<p>4. Das versteckte Tee-Ei im inneren Deckel erm\u00f6glicht bequemes Teetrinken und trennt Tee und Wasser.<\/p>\n<p>OEM und ODM akzeptabel.<br \/>\nWir k\u00f6nnen den Becher entsprechend Ihren Anforderungen anpassen.<br \/>\nWillkommen beim Gro\u00dfhandelskauf, senden Sie jetzt eine Anfrage!<\/p>","protected":false},"excerpt":{"rendered":"<p>Die gro\u00dfe Thermowasserflasche ist aus langlebigem medizinischem Edelstahl 304 gefertigt und unzerbrechlich und bruchsicher.<br \/>\nDas doppelwandige Vakuum-Isolierdesign dieses Bechers erm\u00f6glicht eine hochwirksame Isolierung, die Fl\u00fcssigkeiten bis zu 12 Stunden lang hei\u00df oder kalt h\u00e4lt.<br \/>\nGro\u00dfe Thermo-Trinkflaschen mit 1,2 oder 2 Litern Fassungsverm\u00f6gen verf\u00fcgen \u00fcber ein gro\u00dfes Volumen und sind mit Tragegurten und Griffen ausgestattet, sodass sie sich f\u00fcr Outdoor-Aktivit\u00e4ten, Sport oder Reisen eignen.<br \/>\nDas versteckte Tee-Ei im Innendeckel erm\u00f6glicht bequemes Teetrinken und trennt Tee und Wasser.<br \/>\nOEM und ODM akzeptabel.<\/p>","protected":false},"featured_media":15442,"comment_status":"open","ping_status":"closed","template":"","meta":{"_acf_changed":false},"product_brand":[],"product_cat":[18],"product_tag":[32,944,36,33,31,39,38,566,29,37,709,523,34,35,28,685,537,691,30],"class_list":{"0":"post-11207","1":"product","2":"type-product","3":"status-publish","4":"has-post-thumbnail","6":"product_cat-insulated-water-bottle","7":"product_tag-best","8":"product_tag-big-thermal-water-bottle","9":"product_tag-bulk","10":"product_tag-buy","11":"product_tag-custom","12":"product_tag-for-sale","13":"product_tag-good-quality","14":"product_tag-kawaii-water-bottle","15":"product_tag-manufacturers","16":"product_tag-manufacturing","17":"product_tag-metal-water-bottle","18":"product_tag-outdoor-water-bottle","19":"product_tag-price","20":"product_tag-small","21":"product_tag-suppliers","22":"product_tag-water-bottle-custom-logo","23":"product_tag-water-bottle-sleeve","24":"product_tag-water-bottles-leak-proof-bpa-free-sports-bottle","25":"product_tag-wholesale","27":"first","28":"instock","29":"shipping-taxable","30":"product-type-simple"},"acf":[],"yoast_head":"<!-- This site is optimized with the Yoast SEO Premium plugin v27.3 (Yoast SEO v27.3) - https:\/\/yoast.com\/product\/yoast-seo-premium-wordpress\/ -->\n<title>Big Thermal Water Bottle - Diller Water Bottle Manufacturer<\/title>\n<meta name=\"description\" content=\"As one of the best big thermal water bottle manufacturers and suppliers, we are engaged in manufacturing good quality water bottles. We warmly welcome you to wholesale or buy custom made big thermal water bottle at competitive price from us. Also, small quantity orders are acceptable.\" \/>\n<meta name=\"robots\" content=\"index, follow, max-snippet:-1, max-image-preview:large, max-video-preview:-1\" \/>\n<link rel=\"canonical\" href=\"https:\/\/www.dillerbottle.com\/de\/produkte\/grose-thermoswasserflasche-2\" \/>\n<meta property=\"og:locale\" content=\"de_DE\" \/>\n<meta property=\"og:type\" content=\"article\" \/>\n<meta property=\"og:title\" content=\"Big Thermal Water Bottle\" \/>\n<meta property=\"og:description\" content=\"As one of the best big thermal water bottle manufacturers and suppliers, we are engaged in manufacturing good quality water bottles. We warmly welcome you to wholesale or buy custom made big thermal water bottle at competitive price from us. Also, small quantity orders are acceptable.\" \/>\n<meta property=\"og:url\" content=\"https:\/\/www.dillerbottle.com\/de\/produkte\/grose-thermoswasserflasche-2\" \/>\n<meta property=\"og:site_name\" content=\"Diller Water Bottle Manufacturer\" \/>\n<meta property=\"article:modified_time\" content=\"2025-07-09T06:15:12+00:00\" \/>\n<meta property=\"og:image\" content=\"https:\/\/www.dillerbottle.com\/wp-content\/uploads\/2024\/09\/big-thermal-water-bottle--2000.jpg\" \/>\n\t<meta property=\"og:image:width\" content=\"800\" \/>\n\t<meta property=\"og:image:height\" content=\"800\" \/>\n\t<meta property=\"og:image:type\" content=\"image\/jpeg\" \/>\n<meta name=\"twitter:card\" content=\"summary_large_image\" \/>\n<meta name=\"twitter:label1\" content=\"Gesch\u00e4tzte Lesezeit\" \/>\n\t<meta name=\"twitter:data1\" content=\"3\u00a0Minuten\" \/>\n<script type=\"application\/ld+json\" class=\"yoast-schema-graph\">{\"@context\":\"https:\\\/\\\/schema.org\",\"@graph\":[{\"@type\":\"WebPage\",\"@id\":\"https:\\\/\\\/www.dillerbottle.com\\\/ru\\\/%d0%bf%d1%80%d0%be%d0%b4%d1%83%d0%ba%d1%82%d1%8b\\\/%d0%b1%d0%be%d0%bb%d1%8c%d1%88%d0%b0%d1%8f-%d0%b1%d1%83%d1%82%d1%8b%d0%bb%d0%ba%d0%b0-%d1%81-%d1%82%d0%b5%d1%80%d0%bc%d0%b0%d0%bb%d1%8c%d0%bd%d0%be%d0%b9-%d0%b2%d0%be%d0%b4%d0%be%d0%b9-2\",\"url\":\"https:\\\/\\\/www.dillerbottle.com\\\/ru\\\/%d0%bf%d1%80%d0%be%d0%b4%d1%83%d0%ba%d1%82%d1%8b\\\/%d0%b1%d0%be%d0%bb%d1%8c%d1%88%d0%b0%d1%8f-%d0%b1%d1%83%d1%82%d1%8b%d0%bb%d0%ba%d0%b0-%d1%81-%d1%82%d0%b5%d1%80%d0%bc%d0%b0%d0%bb%d1%8c%d0%bd%d0%be%d0%b9-%d0%b2%d0%be%d0%b4%d0%be%d0%b9-2\",\"name\":\"Big Thermal Water Bottle - Diller Water Bottle Manufacturer\",\"isPartOf\":{\"@id\":\"https:\\\/\\\/www.dillerbottle.com\\\/#website\"},\"primaryImageOfPage\":{\"@id\":\"https:\\\/\\\/www.dillerbottle.com\\\/ru\\\/%d0%bf%d1%80%d0%be%d0%b4%d1%83%d0%ba%d1%82%d1%8b\\\/%d0%b1%d0%be%d0%bb%d1%8c%d1%88%d0%b0%d1%8f-%d0%b1%d1%83%d1%82%d1%8b%d0%bb%d0%ba%d0%b0-%d1%81-%d1%82%d0%b5%d1%80%d0%bc%d0%b0%d0%bb%d1%8c%d0%bd%d0%be%d0%b9-%d0%b2%d0%be%d0%b4%d0%be%d0%b9-2#primaryimage\"},\"image\":{\"@id\":\"https:\\\/\\\/www.dillerbottle.com\\\/ru\\\/%d0%bf%d1%80%d0%be%d0%b4%d1%83%d0%ba%d1%82%d1%8b\\\/%d0%b1%d0%be%d0%bb%d1%8c%d1%88%d0%b0%d1%8f-%d0%b1%d1%83%d1%82%d1%8b%d0%bb%d0%ba%d0%b0-%d1%81-%d1%82%d0%b5%d1%80%d0%bc%d0%b0%d0%bb%d1%8c%d0%bd%d0%be%d0%b9-%d0%b2%d0%be%d0%b4%d0%be%d0%b9-2#primaryimage\"},\"thumbnailUrl\":\"https:\\\/\\\/www.dillerbottle.com\\\/wp-content\\\/uploads\\\/2024\\\/09\\\/big-thermal-water-bottle--2000.jpg\",\"datePublished\":\"2024-09-29T06:54:16+00:00\",\"dateModified\":\"2025-07-09T06:15:12+00:00\",\"description\":\"As one of the best big thermal water bottle manufacturers and suppliers, we are engaged in manufacturing good quality water bottles. We warmly welcome you to wholesale or buy custom made big thermal water bottle at competitive price from us. Also, small quantity orders are acceptable.\",\"breadcrumb\":{\"@id\":\"https:\\\/\\\/www.dillerbottle.com\\\/ru\\\/%d0%bf%d1%80%d0%be%d0%b4%d1%83%d0%ba%d1%82%d1%8b\\\/%d0%b1%d0%be%d0%bb%d1%8c%d1%88%d0%b0%d1%8f-%d0%b1%d1%83%d1%82%d1%8b%d0%bb%d0%ba%d0%b0-%d1%81-%d1%82%d0%b5%d1%80%d0%bc%d0%b0%d0%bb%d1%8c%d0%bd%d0%be%d0%b9-%d0%b2%d0%be%d0%b4%d0%be%d0%b9-2#breadcrumb\"},\"inLanguage\":\"de\",\"potentialAction\":[{\"@type\":\"ReadAction\",\"target\":[\"https:\\\/\\\/www.dillerbottle.com\\\/ru\\\/%d0%bf%d1%80%d0%be%d0%b4%d1%83%d0%ba%d1%82%d1%8b\\\/%d0%b1%d0%be%d0%bb%d1%8c%d1%88%d0%b0%d1%8f-%d0%b1%d1%83%d1%82%d1%8b%d0%bb%d0%ba%d0%b0-%d1%81-%d1%82%d0%b5%d1%80%d0%bc%d0%b0%d0%bb%d1%8c%d0%bd%d0%be%d0%b9-%d0%b2%d0%be%d0%b4%d0%be%d0%b9-2\"]}]},{\"@type\":\"ImageObject\",\"inLanguage\":\"de\",\"@id\":\"https:\\\/\\\/www.dillerbottle.com\\\/ru\\\/%d0%bf%d1%80%d0%be%d0%b4%d1%83%d0%ba%d1%82%d1%8b\\\/%d0%b1%d0%be%d0%bb%d1%8c%d1%88%d0%b0%d1%8f-%d0%b1%d1%83%d1%82%d1%8b%d0%bb%d0%ba%d0%b0-%d1%81-%d1%82%d0%b5%d1%80%d0%bc%d0%b0%d0%bb%d1%8c%d0%bd%d0%be%d0%b9-%d0%b2%d0%be%d0%b4%d0%be%d0%b9-2#primaryimage\",\"url\":\"https:\\\/\\\/www.dillerbottle.com\\\/wp-content\\\/uploads\\\/2024\\\/09\\\/big-thermal-water-bottle--2000.jpg\",\"contentUrl\":\"https:\\\/\\\/www.dillerbottle.com\\\/wp-content\\\/uploads\\\/2024\\\/09\\\/big-thermal-water-bottle--2000.jpg\",\"width\":800,\"height\":800},{\"@type\":\"BreadcrumbList\",\"@id\":\"https:\\\/\\\/www.dillerbottle.com\\\/ru\\\/%d0%bf%d1%80%d0%be%d0%b4%d1%83%d0%ba%d1%82%d1%8b\\\/%d0%b1%d0%be%d0%bb%d1%8c%d1%88%d0%b0%d1%8f-%d0%b1%d1%83%d1%82%d1%8b%d0%bb%d0%ba%d0%b0-%d1%81-%d1%82%d0%b5%d1%80%d0%bc%d0%b0%d0%bb%d1%8c%d0%bd%d0%be%d0%b9-%d0%b2%d0%be%d0%b4%d0%be%d0%b9-2#breadcrumb\",\"itemListElement\":[{\"@type\":\"ListItem\",\"position\":1,\"name\":\"Home\",\"item\":\"https:\\\/\\\/www.dillerbottle.com\\\/\"},{\"@type\":\"ListItem\",\"position\":2,\"name\":\"Products\",\"item\":\"https:\\\/\\\/www.dillerbottle.com\\\/shop\"},{\"@type\":\"ListItem\",\"position\":3,\"name\":\"Big Thermal Water Bottle\"}]},{\"@type\":\"WebSite\",\"@id\":\"https:\\\/\\\/www.dillerbottle.com\\\/#website\",\"url\":\"https:\\\/\\\/www.dillerbottle.com\\\/\",\"name\":\"Diller Water Bottle Manufacturer\",\"description\":\"Water Bottle Manufacturer\",\"publisher\":{\"@id\":\"https:\\\/\\\/www.dillerbottle.com\\\/#organization\"},\"potentialAction\":[{\"@type\":\"SearchAction\",\"target\":{\"@type\":\"EntryPoint\",\"urlTemplate\":\"https:\\\/\\\/www.dillerbottle.com\\\/?s={search_term_string}\"},\"query-input\":{\"@type\":\"PropertyValueSpecification\",\"valueRequired\":true,\"valueName\":\"search_term_string\"}}],\"inLanguage\":\"de\"},{\"@type\":\"Organization\",\"@id\":\"https:\\\/\\\/www.dillerbottle.com\\\/#organization\",\"name\":\"Diller Water Bottle Manufacturer\",\"url\":\"https:\\\/\\\/www.dillerbottle.com\\\/\",\"logo\":{\"@type\":\"ImageObject\",\"inLanguage\":\"de\",\"@id\":\"https:\\\/\\\/www.dillerbottle.com\\\/#\\\/schema\\\/logo\\\/image\\\/\",\"url\":\"https:\\\/\\\/www.dillerbottle.com\\\/wp-content\\\/uploads\\\/2024\\\/09\\\/49918bfa848dcc1e9f8b509933603ac.png\",\"contentUrl\":\"https:\\\/\\\/www.dillerbottle.com\\\/wp-content\\\/uploads\\\/2024\\\/09\\\/49918bfa848dcc1e9f8b509933603ac.png\",\"width\":988,\"height\":198,\"caption\":\"Diller Water Bottle Manufacturer\"},\"image\":{\"@id\":\"https:\\\/\\\/www.dillerbottle.com\\\/#\\\/schema\\\/logo\\\/image\\\/\"}}]}<\/script>\n<!-- \/ Yoast SEO Premium plugin. -->","yoast_head_json":{"title":"Gro\u00dfe Thermo-Wasserflasche - Diller Wasserflaschenhersteller","description":"Als einer der besten Hersteller und Lieferanten gro\u00dfer Thermowasserflaschen sind wir auf die Herstellung qualitativ hochwertiger Wasserflaschen spezialisiert. Wir hei\u00dfen Sie herzlich willkommen, gro\u00dfe Thermowasserflaschen im Gro\u00dfhandel zu kaufen oder sie zu einem wettbewerbsf\u00e4higen Preis bei uns zu bestellen. Auch Bestellungen in kleinen Mengen sind akzeptabel.","robots":{"index":"index","follow":"follow","max-snippet":"max-snippet:-1","max-image-preview":"max-image-preview:large","max-video-preview":"max-video-preview:-1"},"canonical":"https:\/\/www.dillerbottle.com\/de\/produkte\/grose-thermoswasserflasche-2","og_locale":"de_DE","og_type":"article","og_title":"Big Thermal Water Bottle","og_description":"As one of the best big thermal water bottle manufacturers and suppliers, we are engaged in manufacturing good quality water bottles. We warmly welcome you to wholesale or buy custom made big thermal water bottle at competitive price from us. Also, small quantity orders are acceptable.","og_url":"https:\/\/www.dillerbottle.com\/de\/produkte\/grose-thermoswasserflasche-2","og_site_name":"Diller Water Bottle Manufacturer","article_modified_time":"2025-07-09T06:15:12+00:00","og_image":[{"width":800,"height":800,"url":"https:\/\/www.dillerbottle.com\/wp-content\/uploads\/2024\/09\/big-thermal-water-bottle--2000.jpg","type":"image\/jpeg"}],"twitter_card":"summary_large_image","twitter_misc":{"Gesch\u00e4tzte Lesezeit":"3\u00a0Minuten"},"schema":{"@context":"https:\/\/schema.org","@graph":[{"@type":"WebPage","@id":"https:\/\/www.dillerbottle.com\/ru\/%d0%bf%d1%80%d0%be%d0%b4%d1%83%d0%ba%d1%82%d1%8b\/%d0%b1%d0%be%d0%bb%d1%8c%d1%88%d0%b0%d1%8f-%d0%b1%d1%83%d1%82%d1%8b%d0%bb%d0%ba%d0%b0-%d1%81-%d1%82%d0%b5%d1%80%d0%bc%d0%b0%d0%bb%d1%8c%d0%bd%d0%be%d0%b9-%d0%b2%d0%be%d0%b4%d0%be%d0%b9-2","url":"https:\/\/www.dillerbottle.com\/ru\/%d0%bf%d1%80%d0%be%d0%b4%d1%83%d0%ba%d1%82%d1%8b\/%d0%b1%d0%be%d0%bb%d1%8c%d1%88%d0%b0%d1%8f-%d0%b1%d1%83%d1%82%d1%8b%d0%bb%d0%ba%d0%b0-%d1%81-%d1%82%d0%b5%d1%80%d0%bc%d0%b0%d0%bb%d1%8c%d0%bd%d0%be%d0%b9-%d0%b2%d0%be%d0%b4%d0%be%d0%b9-2","name":"Gro\u00dfe Thermo-Wasserflasche - Diller Wasserflaschenhersteller","isPartOf":{"@id":"https:\/\/www.dillerbottle.com\/#website"},"primaryImageOfPage":{"@id":"https:\/\/www.dillerbottle.com\/ru\/%d0%bf%d1%80%d0%be%d0%b4%d1%83%d0%ba%d1%82%d1%8b\/%d0%b1%d0%be%d0%bb%d1%8c%d1%88%d0%b0%d1%8f-%d0%b1%d1%83%d1%82%d1%8b%d0%bb%d0%ba%d0%b0-%d1%81-%d1%82%d0%b5%d1%80%d0%bc%d0%b0%d0%bb%d1%8c%d0%bd%d0%be%d0%b9-%d0%b2%d0%be%d0%b4%d0%be%d0%b9-2#primaryimage"},"image":{"@id":"https:\/\/www.dillerbottle.com\/ru\/%d0%bf%d1%80%d0%be%d0%b4%d1%83%d0%ba%d1%82%d1%8b\/%d0%b1%d0%be%d0%bb%d1%8c%d1%88%d0%b0%d1%8f-%d0%b1%d1%83%d1%82%d1%8b%d0%bb%d0%ba%d0%b0-%d1%81-%d1%82%d0%b5%d1%80%d0%bc%d0%b0%d0%bb%d1%8c%d0%bd%d0%be%d0%b9-%d0%b2%d0%be%d0%b4%d0%be%d0%b9-2#primaryimage"},"thumbnailUrl":"https:\/\/www.dillerbottle.com\/wp-content\/uploads\/2024\/09\/big-thermal-water-bottle--2000.jpg","datePublished":"2024-09-29T06:54:16+00:00","dateModified":"2025-07-09T06:15:12+00:00","description":"Als einer der besten Hersteller und Lieferanten gro\u00dfer Thermowasserflaschen sind wir auf die Herstellung qualitativ hochwertiger Wasserflaschen spezialisiert. Wir hei\u00dfen Sie herzlich willkommen, gro\u00dfe Thermowasserflaschen im Gro\u00dfhandel zu kaufen oder sie zu einem wettbewerbsf\u00e4higen Preis bei uns zu bestellen. Auch Bestellungen in kleinen Mengen sind akzeptabel.","breadcrumb":{"@id":"https:\/\/www.dillerbottle.com\/ru\/%d0%bf%d1%80%d0%be%d0%b4%d1%83%d0%ba%d1%82%d1%8b\/%d0%b1%d0%be%d0%bb%d1%8c%d1%88%d0%b0%d1%8f-%d0%b1%d1%83%d1%82%d1%8b%d0%bb%d0%ba%d0%b0-%d1%81-%d1%82%d0%b5%d1%80%d0%bc%d0%b0%d0%bb%d1%8c%d0%bd%d0%be%d0%b9-%d0%b2%d0%be%d0%b4%d0%be%d0%b9-2#breadcrumb"},"inLanguage":"de","potentialAction":[{"@type":"ReadAction","target":["https:\/\/www.dillerbottle.com\/ru\/%d0%bf%d1%80%d0%be%d0%b4%d1%83%d0%ba%d1%82%d1%8b\/%d0%b1%d0%be%d0%bb%d1%8c%d1%88%d0%b0%d1%8f-%d0%b1%d1%83%d1%82%d1%8b%d0%bb%d0%ba%d0%b0-%d1%81-%d1%82%d0%b5%d1%80%d0%bc%d0%b0%d0%bb%d1%8c%d0%bd%d0%be%d0%b9-%d0%b2%d0%be%d0%b4%d0%be%d0%b9-2"]}]},{"@type":"ImageObject","inLanguage":"de","@id":"https:\/\/www.dillerbottle.com\/ru\/%d0%bf%d1%80%d0%be%d0%b4%d1%83%d0%ba%d1%82%d1%8b\/%d0%b1%d0%be%d0%bb%d1%8c%d1%88%d0%b0%d1%8f-%d0%b1%d1%83%d1%82%d1%8b%d0%bb%d0%ba%d0%b0-%d1%81-%d1%82%d0%b5%d1%80%d0%bc%d0%b0%d0%bb%d1%8c%d0%bd%d0%be%d0%b9-%d0%b2%d0%be%d0%b4%d0%be%d0%b9-2#primaryimage","url":"https:\/\/www.dillerbottle.com\/wp-content\/uploads\/2024\/09\/big-thermal-water-bottle--2000.jpg","contentUrl":"https:\/\/www.dillerbottle.com\/wp-content\/uploads\/2024\/09\/big-thermal-water-bottle--2000.jpg","width":800,"height":800},{"@type":"BreadcrumbList","@id":"https:\/\/www.dillerbottle.com\/ru\/%d0%bf%d1%80%d0%be%d0%b4%d1%83%d0%ba%d1%82%d1%8b\/%d0%b1%d0%be%d0%bb%d1%8c%d1%88%d0%b0%d1%8f-%d0%b1%d1%83%d1%82%d1%8b%d0%bb%d0%ba%d0%b0-%d1%81-%d1%82%d0%b5%d1%80%d0%bc%d0%b0%d0%bb%d1%8c%d0%bd%d0%be%d0%b9-%d0%b2%d0%be%d0%b4%d0%be%d0%b9-2#breadcrumb","itemListElement":[{"@type":"ListItem","position":1,"name":"Home","item":"https:\/\/www.dillerbottle.com\/"},{"@type":"ListItem","position":2,"name":"Products","item":"https:\/\/www.dillerbottle.com\/shop"},{"@type":"ListItem","position":3,"name":"Big Thermal Water Bottle"}]},{"@type":"WebSite","@id":"https:\/\/www.dillerbottle.com\/#website","url":"https:\/\/www.dillerbottle.com\/","name":"Diller Wasserflaschenhersteller","description":"Wasserflaschenhersteller","publisher":{"@id":"https:\/\/www.dillerbottle.com\/#organization"},"potentialAction":[{"@type":"SearchAction","target":{"@type":"EntryPoint","urlTemplate":"https:\/\/www.dillerbottle.com\/?s={search_term_string}"},"query-input":{"@type":"PropertyValueSpecification","valueRequired":true,"valueName":"search_term_string"}}],"inLanguage":"de"},{"@type":"Organization","@id":"https:\/\/www.dillerbottle.com\/#organization","name":"Diller Wasserflaschenhersteller","url":"https:\/\/www.dillerbottle.com\/","logo":{"@type":"ImageObject","inLanguage":"de","@id":"https:\/\/www.dillerbottle.com\/#\/schema\/logo\/image\/","url":"https:\/\/www.dillerbottle.com\/wp-content\/uploads\/2024\/09\/49918bfa848dcc1e9f8b509933603ac.png","contentUrl":"https:\/\/www.dillerbottle.com\/wp-content\/uploads\/2024\/09\/49918bfa848dcc1e9f8b509933603ac.png","width":988,"height":198,"caption":"Diller Water Bottle Manufacturer"},"image":{"@id":"https:\/\/www.dillerbottle.com\/#\/schema\/logo\/image\/"}}]}},"_links":{"self":[{"href":"https:\/\/www.dillerbottle.com\/de\/wp-json\/wp\/v2\/product\/11207","targetHints":{"allow":["GET"]}}],"collection":[{"href":"https:\/\/www.dillerbottle.com\/de\/wp-json\/wp\/v2\/product"}],"about":[{"href":"https:\/\/www.dillerbottle.com\/de\/wp-json\/wp\/v2\/types\/product"}],"replies":[{"embeddable":true,"href":"https:\/\/www.dillerbottle.com\/de\/wp-json\/wp\/v2\/comments?post=11207"}],"wp:featuredmedia":[{"embeddable":true,"href":"https:\/\/www.dillerbottle.com\/de\/wp-json\/wp\/v2\/media\/15442"}],"wp:attachment":[{"href":"https:\/\/www.dillerbottle.com\/de\/wp-json\/wp\/v2\/media?parent=11207"}],"wp:term":[{"taxonomy":"product_brand","embeddable":true,"href":"https:\/\/www.dillerbottle.com\/de\/wp-json\/wp\/v2\/product_brand?post=11207"},{"taxonomy":"product_cat","embeddable":true,"href":"https:\/\/www.dillerbottle.com\/de\/wp-json\/wp\/v2\/product_cat?post=11207"},{"taxonomy":"product_tag","embeddable":true,"href":"https:\/\/www.dillerbottle.com\/de\/wp-json\/wp\/v2\/product_tag?post=11207"}],"curies":[{"name":"wp","href":"https:\/\/api.w.org\/{rel}","templated":true}]}}