{"id":11449,"date":"2024-09-29T14:57:17","date_gmt":"2024-09-29T06:57:17","guid":{"rendered":"https:\/\/demo.dillerbottle.com\/products\/thermos-travel-mug"},"modified":"2025-07-09T13:59:38","modified_gmt":"2025-07-09T05:59:38","slug":"thermos-reisebecher-2","status":"publish","type":"product","link":"https:\/\/www.dillerbottle.com\/de\/products\/thermos-travel-mug","title":{"rendered":"Thermos Reisebecher"},"content":{"rendered":"<p>1. Der Thermos-Reisebecher ist doppelt vakuumisoliert. Das doppelwandige Isolierdesign sorgt daf\u00fcr, dass Getr\u00e4nke \u00fcber l\u00e4ngere Zeit entweder hei\u00df oder kalt bleiben k\u00f6nnen.<\/p>\n<p>2. Der Schiebedeckel aus BPA-freiem PP-Kunststoff mit Gummidichtung ist sicher, umweltfreundlich und dicht. Oben befindet sich ein Trinkloch, das f\u00fcr Strohhalme geeignet ist.<\/p>\n<p>3. Der Thermos-Reisebecher ist aus lebensmittelechtem 316-Edelstahl hergestellt, die Auskleidung des Kaffeebechers gibt keinen Geschmack ab und rostet nicht, er ist leicht zu reinigen. Die Struktur des Kaffeebecherk\u00f6rpers ist robust und kann \u00fcber einen langen Zeitraum verwendet werden.<\/p>\n<p>4. Der 700 ml Thermos-Reisebecher ist leicht und einfach zu tragen, seine Oberfl\u00e4che hat eine matte Pulverbeschichtung und das schwei\u00dfabweisende Design sorgt daf\u00fcr, dass der Kaffeebecher leicht zu greifen ist und angenehm in der Hand liegt.<\/p>\n<p>5. Originelles Illustrationsdesign des K\u00f6rbchenk\u00f6rpers, gepaart mit Schleifenverzierung, modisch und s\u00fc\u00df.<\/p>\n<p>OEM und ODM akzeptabel.<br \/>\nWir k\u00f6nnen den Becher entsprechend Ihren Anforderungen anpassen.<br \/>\nWillkommen beim Gro\u00dfhandelskauf, senden Sie jetzt eine Anfrage!<\/p>","protected":false},"excerpt":{"rendered":"<p>Der Thermos-Reisebecher ist doppelt vakuumisoliert. Das doppelwandige Isolierdesign sorgt daf\u00fcr, dass Getr\u00e4nke \u00fcber l\u00e4ngere Zeit hei\u00df oder kalt bleiben k\u00f6nnen.<br \/>\nDer Schiebedeckel aus BPA-freiem PP-Kunststoff mit Gummidichtung ist sicher, umweltfreundlich und dicht. Oben befindet sich ein Trinkloch, das f\u00fcr Strohhalme geeignet ist.<br \/>\nDer Thermos-Reisebecher ist aus lebensmittelechtem 316-Edelstahl hergestellt. Die Auskleidung des Kaffeebechers gibt keinen Geschmack ab und rostet nicht, er ist leicht zu reinigen. Die Struktur des Kaffeebecherk\u00f6rpers ist robust und kann \u00fcber einen langen Zeitraum verwendet werden.<br \/>\nDer 700 ml Thermos-Reisebecher ist leicht und einfach zu tragen, seine Oberfl\u00e4che hat eine matte Pulverbeschichtung und das schwei\u00dfabweisende Design sorgt daf\u00fcr, dass der Kaffeebecher leicht zu greifen ist und angenehm in der Hand liegt.<br \/>\nOriginelles Illustrationsdesign des K\u00f6rbchenk\u00f6rpers, gepaart mit Schleifenverzierung, modisch und s\u00fc\u00df.<br \/>\nOEM und ODM akzeptabel.<\/p>","protected":false},"featured_media":15250,"comment_status":"open","ping_status":"closed","template":"","meta":{"_acf_changed":false},"product_brand":[],"product_cat":[46,18],"product_tag":[721,32,36,33,31,750,39,38,29,37,523,34,35,538,516,28,968,30,827],"class_list":{"0":"post-11449","1":"product","2":"type-product","3":"status-publish","4":"has-post-thumbnail","6":"product_cat-cup","7":"product_cat-insulated-water-bottle","8":"product_tag-500ml-water-bottle-with-straw","9":"product_tag-best","10":"product_tag-bulk","11":"product_tag-buy","12":"product_tag-custom","13":"product_tag-ecofriendly-water-bottle","14":"product_tag-for-sale","15":"product_tag-good-quality","16":"product_tag-manufacturers","17":"product_tag-manufacturing","18":"product_tag-outdoor-water-bottle","19":"product_tag-price","20":"product_tag-small","21":"product_tag-sport-water-bottle","22":"product_tag-stainless-steel-hot-water-bottle-with-custom-color","23":"product_tag-suppliers","24":"product_tag-thermos-travel-mug","25":"product_tag-wholesale","26":"product_tag-wide-mouth-water-bottle","28":"first","29":"instock","30":"shipping-taxable","31":"product-type-simple"},"acf":[],"yoast_head":"<!-- This site is optimized with the Yoast SEO Premium plugin v27.5 (Yoast SEO v27.5) - https:\/\/yoast.com\/product\/yoast-seo-premium-wordpress\/ -->\n<title>Thermos Travel Mug - Diller Water Bottle Manufacturer<\/title>\n<meta name=\"description\" content=\"As one of the best thermos travel mug manufacturers and suppliers, we are engaged in manufacturing good quality water bottles. We warmly welcome you to wholesale or buy custom made thermos travel mug at competitive price from us. Also, small quantity orders are acceptable.\" \/>\n<meta name=\"robots\" content=\"index, follow, max-snippet:-1, max-image-preview:large, max-video-preview:-1\" \/>\n<link rel=\"canonical\" href=\"https:\/\/www.dillerbottle.com\/de\/produkte\/thermos-reisebecher-2\" \/>\n<meta property=\"og:locale\" content=\"de_DE\" \/>\n<meta property=\"og:type\" content=\"article\" \/>\n<meta property=\"og:title\" content=\"Thermos Travel Mug\" \/>\n<meta property=\"og:description\" content=\"As one of the best thermos travel mug manufacturers and suppliers, we are engaged in manufacturing good quality water bottles. We warmly welcome you to wholesale or buy custom made thermos travel mug at competitive price from us. Also, small quantity orders are acceptable.\" \/>\n<meta property=\"og:url\" content=\"https:\/\/www.dillerbottle.com\/de\/produkte\/thermos-reisebecher-2\" \/>\n<meta property=\"og:site_name\" content=\"Diller Water Bottle Manufacturer\" \/>\n<meta property=\"article:modified_time\" content=\"2025-07-09T05:59:38+00:00\" \/>\n<meta property=\"og:image\" content=\"https:\/\/www.dillerbottle.com\/wp-content\/uploads\/2024\/09\/thermos-travel-mug--700.jpg\" \/>\n\t<meta property=\"og:image:width\" content=\"800\" \/>\n\t<meta property=\"og:image:height\" content=\"800\" \/>\n\t<meta property=\"og:image:type\" content=\"image\/jpeg\" \/>\n<meta name=\"twitter:card\" content=\"summary_large_image\" \/>\n<meta name=\"twitter:label1\" content=\"Gesch\u00e4tzte Lesezeit\" \/>\n\t<meta name=\"twitter:data1\" content=\"3\u00a0Minuten\" \/>\n<script type=\"application\/ld+json\" class=\"yoast-schema-graph\">{\"@context\":\"https:\\\/\\\/schema.org\",\"@graph\":[{\"@type\":\"WebPage\",\"@id\":\"https:\\\/\\\/www.dillerbottle.com\\\/ar\\\/%d9%85%d9%86%d8%aa%d8%ac%d8%a7%d8%aa\\\/%d9%83%d9%88%d8%a8-%d8%b3%d9%81%d8%b1-%d8%ad%d8%b1%d8%a7%d8%b1%d9%8a\",\"url\":\"https:\\\/\\\/www.dillerbottle.com\\\/ar\\\/%d9%85%d9%86%d8%aa%d8%ac%d8%a7%d8%aa\\\/%d9%83%d9%88%d8%a8-%d8%b3%d9%81%d8%b1-%d8%ad%d8%b1%d8%a7%d8%b1%d9%8a\",\"name\":\"Thermos Travel Mug - Diller Water Bottle Manufacturer\",\"isPartOf\":{\"@id\":\"https:\\\/\\\/www.dillerbottle.com\\\/#website\"},\"primaryImageOfPage\":{\"@id\":\"https:\\\/\\\/www.dillerbottle.com\\\/ar\\\/%d9%85%d9%86%d8%aa%d8%ac%d8%a7%d8%aa\\\/%d9%83%d9%88%d8%a8-%d8%b3%d9%81%d8%b1-%d8%ad%d8%b1%d8%a7%d8%b1%d9%8a#primaryimage\"},\"image\":{\"@id\":\"https:\\\/\\\/www.dillerbottle.com\\\/ar\\\/%d9%85%d9%86%d8%aa%d8%ac%d8%a7%d8%aa\\\/%d9%83%d9%88%d8%a8-%d8%b3%d9%81%d8%b1-%d8%ad%d8%b1%d8%a7%d8%b1%d9%8a#primaryimage\"},\"thumbnailUrl\":\"https:\\\/\\\/www.dillerbottle.com\\\/wp-content\\\/uploads\\\/2024\\\/09\\\/thermos-travel-mug--700.jpg\",\"datePublished\":\"2024-09-29T06:57:17+00:00\",\"dateModified\":\"2025-07-09T05:59:38+00:00\",\"description\":\"As one of the best thermos travel mug manufacturers and suppliers, we are engaged in manufacturing good quality water bottles. We warmly welcome you to wholesale or buy custom made thermos travel mug at competitive price from us. Also, small quantity orders are acceptable.\",\"breadcrumb\":{\"@id\":\"https:\\\/\\\/www.dillerbottle.com\\\/ar\\\/%d9%85%d9%86%d8%aa%d8%ac%d8%a7%d8%aa\\\/%d9%83%d9%88%d8%a8-%d8%b3%d9%81%d8%b1-%d8%ad%d8%b1%d8%a7%d8%b1%d9%8a#breadcrumb\"},\"inLanguage\":\"de\",\"potentialAction\":[{\"@type\":\"ReadAction\",\"target\":[\"https:\\\/\\\/www.dillerbottle.com\\\/ar\\\/%d9%85%d9%86%d8%aa%d8%ac%d8%a7%d8%aa\\\/%d9%83%d9%88%d8%a8-%d8%b3%d9%81%d8%b1-%d8%ad%d8%b1%d8%a7%d8%b1%d9%8a\"]}]},{\"@type\":\"ImageObject\",\"inLanguage\":\"de\",\"@id\":\"https:\\\/\\\/www.dillerbottle.com\\\/ar\\\/%d9%85%d9%86%d8%aa%d8%ac%d8%a7%d8%aa\\\/%d9%83%d9%88%d8%a8-%d8%b3%d9%81%d8%b1-%d8%ad%d8%b1%d8%a7%d8%b1%d9%8a#primaryimage\",\"url\":\"https:\\\/\\\/www.dillerbottle.com\\\/wp-content\\\/uploads\\\/2024\\\/09\\\/thermos-travel-mug--700.jpg\",\"contentUrl\":\"https:\\\/\\\/www.dillerbottle.com\\\/wp-content\\\/uploads\\\/2024\\\/09\\\/thermos-travel-mug--700.jpg\",\"width\":800,\"height\":800},{\"@type\":\"BreadcrumbList\",\"@id\":\"https:\\\/\\\/www.dillerbottle.com\\\/ar\\\/%d9%85%d9%86%d8%aa%d8%ac%d8%a7%d8%aa\\\/%d9%83%d9%88%d8%a8-%d8%b3%d9%81%d8%b1-%d8%ad%d8%b1%d8%a7%d8%b1%d9%8a#breadcrumb\",\"itemListElement\":[{\"@type\":\"ListItem\",\"position\":1,\"name\":\"Home\",\"item\":\"https:\\\/\\\/www.dillerbottle.com\\\/\"},{\"@type\":\"ListItem\",\"position\":2,\"name\":\"Products\",\"item\":\"https:\\\/\\\/www.dillerbottle.com\\\/shop\"},{\"@type\":\"ListItem\",\"position\":3,\"name\":\"Thermos Travel Mug\"}]},{\"@type\":\"WebSite\",\"@id\":\"https:\\\/\\\/www.dillerbottle.com\\\/#website\",\"url\":\"https:\\\/\\\/www.dillerbottle.com\\\/\",\"name\":\"Diller Water Bottle Manufacturer\",\"description\":\"Water Bottle Manufacturer\",\"publisher\":{\"@id\":\"https:\\\/\\\/www.dillerbottle.com\\\/#organization\"},\"potentialAction\":[{\"@type\":\"SearchAction\",\"target\":{\"@type\":\"EntryPoint\",\"urlTemplate\":\"https:\\\/\\\/www.dillerbottle.com\\\/?s={search_term_string}\"},\"query-input\":{\"@type\":\"PropertyValueSpecification\",\"valueRequired\":true,\"valueName\":\"search_term_string\"}}],\"inLanguage\":\"de\"},{\"@type\":\"Organization\",\"@id\":\"https:\\\/\\\/www.dillerbottle.com\\\/#organization\",\"name\":\"Diller Water Bottle Manufacturer\",\"url\":\"https:\\\/\\\/www.dillerbottle.com\\\/\",\"logo\":{\"@type\":\"ImageObject\",\"inLanguage\":\"de\",\"@id\":\"https:\\\/\\\/www.dillerbottle.com\\\/#\\\/schema\\\/logo\\\/image\\\/\",\"url\":\"https:\\\/\\\/www.dillerbottle.com\\\/wp-content\\\/uploads\\\/2024\\\/09\\\/49918bfa848dcc1e9f8b509933603ac.png\",\"contentUrl\":\"https:\\\/\\\/www.dillerbottle.com\\\/wp-content\\\/uploads\\\/2024\\\/09\\\/49918bfa848dcc1e9f8b509933603ac.png\",\"width\":988,\"height\":198,\"caption\":\"Diller Water Bottle Manufacturer\"},\"image\":{\"@id\":\"https:\\\/\\\/www.dillerbottle.com\\\/#\\\/schema\\\/logo\\\/image\\\/\"}}]}<\/script>\n<!-- \/ Yoast SEO Premium plugin. -->","yoast_head_json":{"title":"Thermos Reisebecher - Diller Wasserflaschen Hersteller","description":"Als einer der besten Hersteller und Lieferanten von Thermos-Reisebechern sind wir auf die Herstellung hochwertiger Wasserflaschen spezialisiert. Wir hei\u00dfen Sie herzlich willkommen, bei uns ma\u00dfgeschneiderte Thermos-Reisebecher zu wettbewerbsf\u00e4higen Preisen im Gro\u00dfhandel zu kaufen oder zu kaufen. Auch Bestellungen in kleinen Mengen sind akzeptabel.","robots":{"index":"index","follow":"follow","max-snippet":"max-snippet:-1","max-image-preview":"max-image-preview:large","max-video-preview":"max-video-preview:-1"},"canonical":"https:\/\/www.dillerbottle.com\/de\/produkte\/thermos-reisebecher-2","og_locale":"de_DE","og_type":"article","og_title":"Thermos Travel Mug","og_description":"As one of the best thermos travel mug manufacturers and suppliers, we are engaged in manufacturing good quality water bottles. We warmly welcome you to wholesale or buy custom made thermos travel mug at competitive price from us. Also, small quantity orders are acceptable.","og_url":"https:\/\/www.dillerbottle.com\/de\/produkte\/thermos-reisebecher-2","og_site_name":"Diller Water Bottle Manufacturer","article_modified_time":"2025-07-09T05:59:38+00:00","og_image":[{"width":800,"height":800,"url":"https:\/\/www.dillerbottle.com\/wp-content\/uploads\/2024\/09\/thermos-travel-mug--700.jpg","type":"image\/jpeg"}],"twitter_card":"summary_large_image","twitter_misc":{"Gesch\u00e4tzte Lesezeit":"3\u00a0Minuten"},"schema":{"@context":"https:\/\/schema.org","@graph":[{"@type":"WebPage","@id":"https:\/\/www.dillerbottle.com\/ar\/%d9%85%d9%86%d8%aa%d8%ac%d8%a7%d8%aa\/%d9%83%d9%88%d8%a8-%d8%b3%d9%81%d8%b1-%d8%ad%d8%b1%d8%a7%d8%b1%d9%8a","url":"https:\/\/www.dillerbottle.com\/ar\/%d9%85%d9%86%d8%aa%d8%ac%d8%a7%d8%aa\/%d9%83%d9%88%d8%a8-%d8%b3%d9%81%d8%b1-%d8%ad%d8%b1%d8%a7%d8%b1%d9%8a","name":"Thermos Reisebecher - Diller Wasserflaschen Hersteller","isPartOf":{"@id":"https:\/\/www.dillerbottle.com\/#website"},"primaryImageOfPage":{"@id":"https:\/\/www.dillerbottle.com\/ar\/%d9%85%d9%86%d8%aa%d8%ac%d8%a7%d8%aa\/%d9%83%d9%88%d8%a8-%d8%b3%d9%81%d8%b1-%d8%ad%d8%b1%d8%a7%d8%b1%d9%8a#primaryimage"},"image":{"@id":"https:\/\/www.dillerbottle.com\/ar\/%d9%85%d9%86%d8%aa%d8%ac%d8%a7%d8%aa\/%d9%83%d9%88%d8%a8-%d8%b3%d9%81%d8%b1-%d8%ad%d8%b1%d8%a7%d8%b1%d9%8a#primaryimage"},"thumbnailUrl":"https:\/\/www.dillerbottle.com\/wp-content\/uploads\/2024\/09\/thermos-travel-mug--700.jpg","datePublished":"2024-09-29T06:57:17+00:00","dateModified":"2025-07-09T05:59:38+00:00","description":"Als einer der besten Hersteller und Lieferanten von Thermos-Reisebechern sind wir auf die Herstellung hochwertiger Wasserflaschen spezialisiert. Wir hei\u00dfen Sie herzlich willkommen, bei uns ma\u00dfgeschneiderte Thermos-Reisebecher zu wettbewerbsf\u00e4higen Preisen im Gro\u00dfhandel zu kaufen oder zu kaufen. Auch Bestellungen in kleinen Mengen sind akzeptabel.","breadcrumb":{"@id":"https:\/\/www.dillerbottle.com\/ar\/%d9%85%d9%86%d8%aa%d8%ac%d8%a7%d8%aa\/%d9%83%d9%88%d8%a8-%d8%b3%d9%81%d8%b1-%d8%ad%d8%b1%d8%a7%d8%b1%d9%8a#breadcrumb"},"inLanguage":"de","potentialAction":[{"@type":"ReadAction","target":["https:\/\/www.dillerbottle.com\/ar\/%d9%85%d9%86%d8%aa%d8%ac%d8%a7%d8%aa\/%d9%83%d9%88%d8%a8-%d8%b3%d9%81%d8%b1-%d8%ad%d8%b1%d8%a7%d8%b1%d9%8a"]}]},{"@type":"ImageObject","inLanguage":"de","@id":"https:\/\/www.dillerbottle.com\/ar\/%d9%85%d9%86%d8%aa%d8%ac%d8%a7%d8%aa\/%d9%83%d9%88%d8%a8-%d8%b3%d9%81%d8%b1-%d8%ad%d8%b1%d8%a7%d8%b1%d9%8a#primaryimage","url":"https:\/\/www.dillerbottle.com\/wp-content\/uploads\/2024\/09\/thermos-travel-mug--700.jpg","contentUrl":"https:\/\/www.dillerbottle.com\/wp-content\/uploads\/2024\/09\/thermos-travel-mug--700.jpg","width":800,"height":800},{"@type":"BreadcrumbList","@id":"https:\/\/www.dillerbottle.com\/ar\/%d9%85%d9%86%d8%aa%d8%ac%d8%a7%d8%aa\/%d9%83%d9%88%d8%a8-%d8%b3%d9%81%d8%b1-%d8%ad%d8%b1%d8%a7%d8%b1%d9%8a#breadcrumb","itemListElement":[{"@type":"ListItem","position":1,"name":"Home","item":"https:\/\/www.dillerbottle.com\/"},{"@type":"ListItem","position":2,"name":"Products","item":"https:\/\/www.dillerbottle.com\/shop"},{"@type":"ListItem","position":3,"name":"Thermos Travel Mug"}]},{"@type":"WebSite","@id":"https:\/\/www.dillerbottle.com\/#website","url":"https:\/\/www.dillerbottle.com\/","name":"Diller Wasserflaschenhersteller","description":"Wasserflaschenhersteller","publisher":{"@id":"https:\/\/www.dillerbottle.com\/#organization"},"potentialAction":[{"@type":"SearchAction","target":{"@type":"EntryPoint","urlTemplate":"https:\/\/www.dillerbottle.com\/?s={search_term_string}"},"query-input":{"@type":"PropertyValueSpecification","valueRequired":true,"valueName":"search_term_string"}}],"inLanguage":"de"},{"@type":"Organization","@id":"https:\/\/www.dillerbottle.com\/#organization","name":"Diller Wasserflaschenhersteller","url":"https:\/\/www.dillerbottle.com\/","logo":{"@type":"ImageObject","inLanguage":"de","@id":"https:\/\/www.dillerbottle.com\/#\/schema\/logo\/image\/","url":"https:\/\/www.dillerbottle.com\/wp-content\/uploads\/2024\/09\/49918bfa848dcc1e9f8b509933603ac.png","contentUrl":"https:\/\/www.dillerbottle.com\/wp-content\/uploads\/2024\/09\/49918bfa848dcc1e9f8b509933603ac.png","width":988,"height":198,"caption":"Diller Water Bottle Manufacturer"},"image":{"@id":"https:\/\/www.dillerbottle.com\/#\/schema\/logo\/image\/"}}]}},"_links":{"self":[{"href":"https:\/\/www.dillerbottle.com\/de\/wp-json\/wp\/v2\/product\/11449","targetHints":{"allow":["GET"]}}],"collection":[{"href":"https:\/\/www.dillerbottle.com\/de\/wp-json\/wp\/v2\/product"}],"about":[{"href":"https:\/\/www.dillerbottle.com\/de\/wp-json\/wp\/v2\/types\/product"}],"replies":[{"embeddable":true,"href":"https:\/\/www.dillerbottle.com\/de\/wp-json\/wp\/v2\/comments?post=11449"}],"wp:featuredmedia":[{"embeddable":true,"href":"https:\/\/www.dillerbottle.com\/de\/wp-json\/wp\/v2\/media\/15250"}],"wp:attachment":[{"href":"https:\/\/www.dillerbottle.com\/de\/wp-json\/wp\/v2\/media?parent=11449"}],"wp:term":[{"taxonomy":"product_brand","embeddable":true,"href":"https:\/\/www.dillerbottle.com\/de\/wp-json\/wp\/v2\/product_brand?post=11449"},{"taxonomy":"product_cat","embeddable":true,"href":"https:\/\/www.dillerbottle.com\/de\/wp-json\/wp\/v2\/product_cat?post=11449"},{"taxonomy":"product_tag","embeddable":true,"href":"https:\/\/www.dillerbottle.com\/de\/wp-json\/wp\/v2\/product_tag?post=11449"}],"curies":[{"name":"wp","href":"https:\/\/api.w.org\/{rel}","templated":true}]}}