{"id":11597,"date":"2024-09-29T14:58:56","date_gmt":"2024-09-29T06:58:56","guid":{"rendered":"https:\/\/demo.dillerbottle.com\/products\/insulated-tumbler-cup-with-lid"},"modified":"2025-07-09T13:51:47","modified_gmt":"2025-07-09T05:51:47","slug":"isolierbecher-mit-deckel","status":"publish","type":"product","link":"https:\/\/www.dillerbottle.com\/de\/products\/insulated-tumbler-cup-with-lid","title":{"rendered":"Isolierter Trinkbecher mit Deckel"},"content":{"rendered":"<p>1. Doppelwandiges Vakuum, ausgezeichneter Temperaturschutz. Schwei\u00dfbest\u00e4ndig, sorgt f\u00fcr schwei\u00dffreies Eindringen von au\u00dfen.<\/p>\n<p>2. Der isolierte Becher ist aus lebensmittelechtem Edelstahl 304 18\/8 von h\u00f6chster Qualit\u00e4t, FDA-zugelassen, BPA-frei, bleifrei. Die langlebige Pulverbeschichtung sorgt f\u00fcr eine farbenfrohe Oberfl\u00e4che und ein eleganteres und edleres Aussehen. Die superrobuste, farbenfrohe Pulverbeschichtung ist anderen Designs \u00fcberlegen und sch\u00fctzt vor Dellen und Kratzern.<\/p>\n<p>3. Dieser Trinkbecher eignet sich zum Trinken von Tee, Kaffee, Wasser usw. Mit seiner passenden Gr\u00f6\u00dfe ist er eine gute Wahl f\u00fcr die Freizeit und den Einsatz zu Hause, im B\u00fcro, auf Autofahrten, beim Camping und Reisen, Wandern, bei sportlichen Aktivit\u00e4ten und Picknicks. Der Griff liegt gut in der Hand und f\u00fchlt sich angenehm an.<\/p>\n<p>OEM und ODM akzeptabel.<br \/>\nWir k\u00f6nnen die Kaffeetasse nach Ihren W\u00fcnschen personalisieren.<br \/>\nWillkommen beim Gro\u00dfhandelskauf, senden Sie jetzt eine Anfrage!<\/p>","protected":false},"excerpt":{"rendered":"<p>Doppelwandiges Vakuum, ausgezeichneter Temperaturschutz. Schwei\u00dfresistent, sorgt f\u00fcr schwei\u00dffreien Schutz von au\u00dfen.<br \/>\nDer isolierte Becher ist aus lebensmittelechtem Edelstahl 304 18\/8 von h\u00f6chster Qualit\u00e4t, FDA-zugelassen, BPA-frei, bleifrei. Die langlebige Pulverbeschichtung sorgt f\u00fcr eine langanhaltende, farbenfrohe Oberfl\u00e4che und ein eleganteres und edleres Aussehen. Die superrobuste, farbenfrohe Pulverbeschichtung ist anderen Designs \u00fcberlegen und sch\u00fctzt vor Dellen und Kratzern.<br \/>\nDieser Trinkbecher eignet sich zum Trinken von Tee, Kaffee, Wasser usw. Mit seiner passenden Gr\u00f6\u00dfe ist er eine gute Wahl f\u00fcr die Freizeit und den Einsatz zu Hause, im B\u00fcro, auf Autofahrten, beim Camping und Reisen, Wandern, bei sportlichen Aktivit\u00e4ten und Picknicks. Er liegt gut in der Hand und l\u00e4sst sich gut greifen.<br \/>\nOEM und ODM akzeptabel.<\/p>","protected":false},"featured_media":15015,"comment_status":"open","ping_status":"closed","template":"","meta":{"_acf_changed":false},"product_brand":[],"product_cat":[46,18],"product_tag":[32,36,33,849,31,733,39,38,982,774,29,37,831,34,35,28,703,313,30],"class_list":{"0":"post-11597","1":"product","2":"type-product","3":"status-publish","4":"has-post-thumbnail","6":"product_cat-cup","7":"product_cat-insulated-water-bottle","8":"product_tag-best","9":"product_tag-bulk","10":"product_tag-buy","11":"product_tag-ceramic-water-bottles","12":"product_tag-custom","13":"product_tag-custom-water-bottle-logo","14":"product_tag-for-sale","15":"product_tag-good-quality","16":"product_tag-insulated-tumbler-cup-with-lid","17":"product_tag-insulated-water-bottle-with-straw","18":"product_tag-manufacturers","19":"product_tag-manufacturing","20":"product_tag-mini-hot-water-bottle","21":"product_tag-price","22":"product_tag-small","23":"product_tag-suppliers","24":"product_tag-water-bottle-bamboo-lid","25":"product_tag-water-bottle-for-women","26":"product_tag-wholesale","28":"first","29":"instock","30":"shipping-taxable","31":"product-type-simple"},"acf":[],"yoast_head":"<!-- This site is optimized with the Yoast SEO Premium plugin v27.5 (Yoast SEO v27.5) - https:\/\/yoast.com\/product\/yoast-seo-premium-wordpress\/ -->\n<title>Insulated Tumbler Cup With Lid - Diller Water Bottle Manufacturer<\/title>\n<meta name=\"description\" content=\"As one of the best insulated tumbler cup with lid manufacturers and suppliers, we are engaged in manufacturing good quality water bottles. We warmly welcome you to wholesale or buy custom made insulated tumbler cup with lid at competitive price from us. Also, small quantity orders are acceptable.\" \/>\n<meta name=\"robots\" content=\"index, follow, max-snippet:-1, max-image-preview:large, max-video-preview:-1\" \/>\n<link rel=\"canonical\" href=\"https:\/\/www.dillerbottle.com\/de\/produkte\/isolierbecher-mit-deckel\" \/>\n<meta property=\"og:locale\" content=\"de_DE\" \/>\n<meta property=\"og:type\" content=\"article\" \/>\n<meta property=\"og:title\" content=\"Insulated Tumbler Cup With Lid\" \/>\n<meta property=\"og:description\" content=\"As one of the best insulated tumbler cup with lid manufacturers and suppliers, we are engaged in manufacturing good quality water bottles. We warmly welcome you to wholesale or buy custom made insulated tumbler cup with lid at competitive price from us. Also, small quantity orders are acceptable.\" \/>\n<meta property=\"og:url\" content=\"https:\/\/www.dillerbottle.com\/de\/produkte\/isolierbecher-mit-deckel\" \/>\n<meta property=\"og:site_name\" content=\"Diller Water Bottle Manufacturer\" \/>\n<meta property=\"article:modified_time\" content=\"2025-07-09T05:51:47+00:00\" \/>\n<meta property=\"og:image\" content=\"https:\/\/www.dillerbottle.com\/wp-content\/uploads\/2024\/09\/insulated-tumbler-cup-with-lid.jpg\" \/>\n\t<meta property=\"og:image:width\" content=\"800\" \/>\n\t<meta property=\"og:image:height\" content=\"800\" \/>\n\t<meta property=\"og:image:type\" content=\"image\/jpeg\" \/>\n<meta name=\"twitter:card\" content=\"summary_large_image\" \/>\n<meta name=\"twitter:label1\" content=\"Gesch\u00e4tzte Lesezeit\" \/>\n\t<meta name=\"twitter:data1\" content=\"3\u00a0Minuten\" \/>\n<script type=\"application\/ld+json\" class=\"yoast-schema-graph\">{\"@context\":\"https:\\\/\\\/schema.org\",\"@graph\":[{\"@type\":\"WebPage\",\"@id\":\"https:\\\/\\\/www.dillerbottle.com\\\/vn\\\/cac-san-pham\\\/coc-thuy-tinh-cach-nhiet-co-nap\",\"url\":\"https:\\\/\\\/www.dillerbottle.com\\\/vn\\\/cac-san-pham\\\/coc-thuy-tinh-cach-nhiet-co-nap\",\"name\":\"Insulated Tumbler Cup With Lid - Diller Water Bottle Manufacturer\",\"isPartOf\":{\"@id\":\"https:\\\/\\\/www.dillerbottle.com\\\/#website\"},\"primaryImageOfPage\":{\"@id\":\"https:\\\/\\\/www.dillerbottle.com\\\/vn\\\/cac-san-pham\\\/coc-thuy-tinh-cach-nhiet-co-nap#primaryimage\"},\"image\":{\"@id\":\"https:\\\/\\\/www.dillerbottle.com\\\/vn\\\/cac-san-pham\\\/coc-thuy-tinh-cach-nhiet-co-nap#primaryimage\"},\"thumbnailUrl\":\"https:\\\/\\\/www.dillerbottle.com\\\/wp-content\\\/uploads\\\/2024\\\/09\\\/insulated-tumbler-cup-with-lid.jpg\",\"datePublished\":\"2024-09-29T06:58:56+00:00\",\"dateModified\":\"2025-07-09T05:51:47+00:00\",\"description\":\"As one of the best insulated tumbler cup with lid manufacturers and suppliers, we are engaged in manufacturing good quality water bottles. We warmly welcome you to wholesale or buy custom made insulated tumbler cup with lid at competitive price from us. Also, small quantity orders are acceptable.\",\"breadcrumb\":{\"@id\":\"https:\\\/\\\/www.dillerbottle.com\\\/vn\\\/cac-san-pham\\\/coc-thuy-tinh-cach-nhiet-co-nap#breadcrumb\"},\"inLanguage\":\"de\",\"potentialAction\":[{\"@type\":\"ReadAction\",\"target\":[\"https:\\\/\\\/www.dillerbottle.com\\\/vn\\\/cac-san-pham\\\/coc-thuy-tinh-cach-nhiet-co-nap\"]}]},{\"@type\":\"ImageObject\",\"inLanguage\":\"de\",\"@id\":\"https:\\\/\\\/www.dillerbottle.com\\\/vn\\\/cac-san-pham\\\/coc-thuy-tinh-cach-nhiet-co-nap#primaryimage\",\"url\":\"https:\\\/\\\/www.dillerbottle.com\\\/wp-content\\\/uploads\\\/2024\\\/09\\\/insulated-tumbler-cup-with-lid.jpg\",\"contentUrl\":\"https:\\\/\\\/www.dillerbottle.com\\\/wp-content\\\/uploads\\\/2024\\\/09\\\/insulated-tumbler-cup-with-lid.jpg\",\"width\":800,\"height\":800},{\"@type\":\"BreadcrumbList\",\"@id\":\"https:\\\/\\\/www.dillerbottle.com\\\/vn\\\/cac-san-pham\\\/coc-thuy-tinh-cach-nhiet-co-nap#breadcrumb\",\"itemListElement\":[{\"@type\":\"ListItem\",\"position\":1,\"name\":\"Home\",\"item\":\"https:\\\/\\\/www.dillerbottle.com\\\/\"},{\"@type\":\"ListItem\",\"position\":2,\"name\":\"Products\",\"item\":\"https:\\\/\\\/www.dillerbottle.com\\\/shop\"},{\"@type\":\"ListItem\",\"position\":3,\"name\":\"Insulated Tumbler Cup With Lid\"}]},{\"@type\":\"WebSite\",\"@id\":\"https:\\\/\\\/www.dillerbottle.com\\\/#website\",\"url\":\"https:\\\/\\\/www.dillerbottle.com\\\/\",\"name\":\"Diller Water Bottle Manufacturer\",\"description\":\"Water Bottle Manufacturer\",\"publisher\":{\"@id\":\"https:\\\/\\\/www.dillerbottle.com\\\/#organization\"},\"potentialAction\":[{\"@type\":\"SearchAction\",\"target\":{\"@type\":\"EntryPoint\",\"urlTemplate\":\"https:\\\/\\\/www.dillerbottle.com\\\/?s={search_term_string}\"},\"query-input\":{\"@type\":\"PropertyValueSpecification\",\"valueRequired\":true,\"valueName\":\"search_term_string\"}}],\"inLanguage\":\"de\"},{\"@type\":\"Organization\",\"@id\":\"https:\\\/\\\/www.dillerbottle.com\\\/#organization\",\"name\":\"Diller Water Bottle Manufacturer\",\"url\":\"https:\\\/\\\/www.dillerbottle.com\\\/\",\"logo\":{\"@type\":\"ImageObject\",\"inLanguage\":\"de\",\"@id\":\"https:\\\/\\\/www.dillerbottle.com\\\/#\\\/schema\\\/logo\\\/image\\\/\",\"url\":\"https:\\\/\\\/www.dillerbottle.com\\\/wp-content\\\/uploads\\\/2024\\\/09\\\/49918bfa848dcc1e9f8b509933603ac.png\",\"contentUrl\":\"https:\\\/\\\/www.dillerbottle.com\\\/wp-content\\\/uploads\\\/2024\\\/09\\\/49918bfa848dcc1e9f8b509933603ac.png\",\"width\":988,\"height\":198,\"caption\":\"Diller Water Bottle Manufacturer\"},\"image\":{\"@id\":\"https:\\\/\\\/www.dillerbottle.com\\\/#\\\/schema\\\/logo\\\/image\\\/\"}}]}<\/script>\n<!-- \/ Yoast SEO Premium plugin. -->","yoast_head_json":{"title":"Isolierter Trinkbecher mit Deckel - Diller Wasserflaschenhersteller","description":"Als einer der besten Hersteller und Lieferanten von Isolierbechern mit Deckel sind wir auf die Herstellung hochwertiger Wasserflaschen spezialisiert. Wir hei\u00dfen Sie herzlich willkommen, bei uns ma\u00dfgeschneiderte Isolierbecher mit Deckel im Gro\u00dfhandel zu kaufen oder zu wettbewerbsf\u00e4higen Preisen zu erwerben. Auch Bestellungen in kleinen Mengen sind m\u00f6glich.","robots":{"index":"index","follow":"follow","max-snippet":"max-snippet:-1","max-image-preview":"max-image-preview:large","max-video-preview":"max-video-preview:-1"},"canonical":"https:\/\/www.dillerbottle.com\/de\/produkte\/isolierbecher-mit-deckel","og_locale":"de_DE","og_type":"article","og_title":"Insulated Tumbler Cup With Lid","og_description":"As one of the best insulated tumbler cup with lid manufacturers and suppliers, we are engaged in manufacturing good quality water bottles. We warmly welcome you to wholesale or buy custom made insulated tumbler cup with lid at competitive price from us. Also, small quantity orders are acceptable.","og_url":"https:\/\/www.dillerbottle.com\/de\/produkte\/isolierbecher-mit-deckel","og_site_name":"Diller Water Bottle Manufacturer","article_modified_time":"2025-07-09T05:51:47+00:00","og_image":[{"width":800,"height":800,"url":"https:\/\/www.dillerbottle.com\/wp-content\/uploads\/2024\/09\/insulated-tumbler-cup-with-lid.jpg","type":"image\/jpeg"}],"twitter_card":"summary_large_image","twitter_misc":{"Gesch\u00e4tzte Lesezeit":"3\u00a0Minuten"},"schema":{"@context":"https:\/\/schema.org","@graph":[{"@type":"WebPage","@id":"https:\/\/www.dillerbottle.com\/vn\/cac-san-pham\/coc-thuy-tinh-cach-nhiet-co-nap","url":"https:\/\/www.dillerbottle.com\/vn\/cac-san-pham\/coc-thuy-tinh-cach-nhiet-co-nap","name":"Isolierter Trinkbecher mit Deckel - Diller Wasserflaschenhersteller","isPartOf":{"@id":"https:\/\/www.dillerbottle.com\/#website"},"primaryImageOfPage":{"@id":"https:\/\/www.dillerbottle.com\/vn\/cac-san-pham\/coc-thuy-tinh-cach-nhiet-co-nap#primaryimage"},"image":{"@id":"https:\/\/www.dillerbottle.com\/vn\/cac-san-pham\/coc-thuy-tinh-cach-nhiet-co-nap#primaryimage"},"thumbnailUrl":"https:\/\/www.dillerbottle.com\/wp-content\/uploads\/2024\/09\/insulated-tumbler-cup-with-lid.jpg","datePublished":"2024-09-29T06:58:56+00:00","dateModified":"2025-07-09T05:51:47+00:00","description":"Als einer der besten Hersteller und Lieferanten von Isolierbechern mit Deckel sind wir auf die Herstellung hochwertiger Wasserflaschen spezialisiert. Wir hei\u00dfen Sie herzlich willkommen, bei uns ma\u00dfgeschneiderte Isolierbecher mit Deckel im Gro\u00dfhandel zu kaufen oder zu wettbewerbsf\u00e4higen Preisen zu erwerben. Auch Bestellungen in kleinen Mengen sind m\u00f6glich.","breadcrumb":{"@id":"https:\/\/www.dillerbottle.com\/vn\/cac-san-pham\/coc-thuy-tinh-cach-nhiet-co-nap#breadcrumb"},"inLanguage":"de","potentialAction":[{"@type":"ReadAction","target":["https:\/\/www.dillerbottle.com\/vn\/cac-san-pham\/coc-thuy-tinh-cach-nhiet-co-nap"]}]},{"@type":"ImageObject","inLanguage":"de","@id":"https:\/\/www.dillerbottle.com\/vn\/cac-san-pham\/coc-thuy-tinh-cach-nhiet-co-nap#primaryimage","url":"https:\/\/www.dillerbottle.com\/wp-content\/uploads\/2024\/09\/insulated-tumbler-cup-with-lid.jpg","contentUrl":"https:\/\/www.dillerbottle.com\/wp-content\/uploads\/2024\/09\/insulated-tumbler-cup-with-lid.jpg","width":800,"height":800},{"@type":"BreadcrumbList","@id":"https:\/\/www.dillerbottle.com\/vn\/cac-san-pham\/coc-thuy-tinh-cach-nhiet-co-nap#breadcrumb","itemListElement":[{"@type":"ListItem","position":1,"name":"Home","item":"https:\/\/www.dillerbottle.com\/"},{"@type":"ListItem","position":2,"name":"Products","item":"https:\/\/www.dillerbottle.com\/shop"},{"@type":"ListItem","position":3,"name":"Insulated Tumbler Cup With Lid"}]},{"@type":"WebSite","@id":"https:\/\/www.dillerbottle.com\/#website","url":"https:\/\/www.dillerbottle.com\/","name":"Diller Wasserflaschenhersteller","description":"Wasserflaschenhersteller","publisher":{"@id":"https:\/\/www.dillerbottle.com\/#organization"},"potentialAction":[{"@type":"SearchAction","target":{"@type":"EntryPoint","urlTemplate":"https:\/\/www.dillerbottle.com\/?s={search_term_string}"},"query-input":{"@type":"PropertyValueSpecification","valueRequired":true,"valueName":"search_term_string"}}],"inLanguage":"de"},{"@type":"Organization","@id":"https:\/\/www.dillerbottle.com\/#organization","name":"Diller Wasserflaschenhersteller","url":"https:\/\/www.dillerbottle.com\/","logo":{"@type":"ImageObject","inLanguage":"de","@id":"https:\/\/www.dillerbottle.com\/#\/schema\/logo\/image\/","url":"https:\/\/www.dillerbottle.com\/wp-content\/uploads\/2024\/09\/49918bfa848dcc1e9f8b509933603ac.png","contentUrl":"https:\/\/www.dillerbottle.com\/wp-content\/uploads\/2024\/09\/49918bfa848dcc1e9f8b509933603ac.png","width":988,"height":198,"caption":"Diller Water Bottle Manufacturer"},"image":{"@id":"https:\/\/www.dillerbottle.com\/#\/schema\/logo\/image\/"}}]}},"_links":{"self":[{"href":"https:\/\/www.dillerbottle.com\/de\/wp-json\/wp\/v2\/product\/11597","targetHints":{"allow":["GET"]}}],"collection":[{"href":"https:\/\/www.dillerbottle.com\/de\/wp-json\/wp\/v2\/product"}],"about":[{"href":"https:\/\/www.dillerbottle.com\/de\/wp-json\/wp\/v2\/types\/product"}],"replies":[{"embeddable":true,"href":"https:\/\/www.dillerbottle.com\/de\/wp-json\/wp\/v2\/comments?post=11597"}],"wp:featuredmedia":[{"embeddable":true,"href":"https:\/\/www.dillerbottle.com\/de\/wp-json\/wp\/v2\/media\/15015"}],"wp:attachment":[{"href":"https:\/\/www.dillerbottle.com\/de\/wp-json\/wp\/v2\/media?parent=11597"}],"wp:term":[{"taxonomy":"product_brand","embeddable":true,"href":"https:\/\/www.dillerbottle.com\/de\/wp-json\/wp\/v2\/product_brand?post=11597"},{"taxonomy":"product_cat","embeddable":true,"href":"https:\/\/www.dillerbottle.com\/de\/wp-json\/wp\/v2\/product_cat?post=11597"},{"taxonomy":"product_tag","embeddable":true,"href":"https:\/\/www.dillerbottle.com\/de\/wp-json\/wp\/v2\/product_tag?post=11597"}],"curies":[{"name":"wp","href":"https:\/\/api.w.org\/{rel}","templated":true}]}}