{"id":11710,"date":"2024-09-29T15:00:13","date_gmt":"2024-09-29T07:00:13","guid":{"rendered":"https:\/\/demo.dillerbottle.com\/products\/double-wall-stainless-steel-bottle"},"modified":"2025-07-09T11:09:06","modified_gmt":"2025-07-09T03:09:06","slug":"doppelwandige-edelstahlflasche","status":"publish","type":"product","link":"https:\/\/www.dillerbottle.com\/de\/products\/double-wall-stainless-steel-bottle","title":{"rendered":"Doppelwandige Edelstahlflasche"},"content":{"rendered":"<p>1. Doppelwandige Edelstahlflasche h\u00e4lt Getr\u00e4nke bis zu 6 Stunden hei\u00df oder bis zu 12 Stunden kalt.<\/p>\n<p>2. Das Fassungsverm\u00f6gen des Bechers betr\u00e4gt 230 ml, er ist leicht und kompakt und l\u00e4sst sich daher einfach tragen.<\/p>\n<p>3. Die doppelwandige Edelstahl-Wasserflasche mit Vakuumverschluss bietet eine gute Abdichtung und stellt sicher, dass kein Wasser austritt. Jede Trinkflasche ist absolut dicht und verf\u00fcgt \u00fcber einen leicht zu \u00f6ffnenden Schraubverschluss.<\/p>\n<p>4. Umweltfreundlich und langlebig. BPA-freier, hochwertiger 316 Edelstahl. Genie\u00dfen Sie personalisierte Getr\u00e4nke, Tee, Milch oder Kaffee mit dieser Wasserflasche, die Ihrer Gesundheit nicht schadet. Geeignet f\u00fcr Kinder und Erwachsene.<\/p>\n<p>5. Die originelle rosa B\u00e4renillustration auf dem Becherk\u00f6rper macht die Wasserflasche interessanter.<\/p>\n<p>OEM und ODM akzeptabel.<br \/>\nWir k\u00f6nnen den Becher entsprechend Ihren Anforderungen anpassen.<br \/>\nWillkommen beim Gro\u00dfhandelskauf, senden Sie jetzt eine Anfrage!<\/p>","protected":false},"excerpt":{"rendered":"<p>Doppelwandige Edelstahlflasche h\u00e4lt Getr\u00e4nke bis zu 6 Stunden hei\u00df oder bis zu 12 Stunden kalt.<br \/>\nDas Fassungsverm\u00f6gen des Bechers betr\u00e4gt 230 ml, er ist leicht und kompakt und l\u00e4sst sich daher einfach tragen.<br \/>\nDie doppelwandige Edelstahl-Wasserflasche mit Vakuumverschluss bietet eine gute Abdichtung und stellt sicher, dass kein Wasser austritt. Jede Trinkflasche ist absolut dicht und verf\u00fcgt \u00fcber einen leicht zu \u00f6ffnenden Schraubverschluss.<br \/>\nUmweltfreundlich und langlebig. BPA-frei, hochwertiger 316 Edelstahl. Genie\u00dfen Sie personalisierte Getr\u00e4nke, Tee, Milch oder Kaffee mit dieser Wasserflasche, die Ihrer Gesundheit nicht schadet. Geeignet f\u00fcr Kinder und Erwachsene.<br \/>\nDie originelle rosa B\u00e4renillustration auf dem Becherk\u00f6rper macht die Wasserflasche noch interessanter.<br \/>\nOEM und ODM akzeptabel.<\/p>","protected":false},"featured_media":15200,"comment_status":"open","ping_status":"closed","template":"","meta":{"_acf_changed":false},"product_brand":[],"product_cat":[18],"product_tag":[32,36,33,31,991,39,38,719,29,37,34,35,805,712,28,692,537,567,30],"class_list":{"0":"post-11710","1":"product","2":"type-product","3":"status-publish","4":"has-post-thumbnail","6":"product_cat-insulated-water-bottle","7":"product_tag-best","8":"product_tag-bulk","9":"product_tag-buy","10":"product_tag-custom","11":"product_tag-double-wall-stainless-steel-bottle","12":"product_tag-for-sale","13":"product_tag-good-quality","14":"product_tag-gym-sports-insulated-stainless-steel-water-bottle","15":"product_tag-manufacturers","16":"product_tag-manufacturing","17":"product_tag-price","18":"product_tag-small","19":"product_tag-steel-sports-water-bottles-with-bpa-free-lid","20":"product_tag-steel-vacuum-water-sport-bottles-with-handle","21":"product_tag-suppliers","22":"product_tag-vacuum-sports-stainless-steel-sport-water-bottle","23":"product_tag-water-bottle-sleeve","24":"product_tag-water-bottle-sport","25":"product_tag-wholesale","27":"first","28":"instock","29":"shipping-taxable","30":"product-type-simple"},"acf":[],"yoast_head":"<!-- This site is optimized with the Yoast SEO Premium plugin v27.5 (Yoast SEO v27.5) - https:\/\/yoast.com\/product\/yoast-seo-premium-wordpress\/ -->\n<title>Double Wall Stainless Steel Bottle - Diller Water Bottle Manufacturer<\/title>\n<meta name=\"description\" content=\"As one of the best double wall stainless steel bottle manufacturers and suppliers, we are engaged in manufacturing good quality water bottles. We warmly welcome you to wholesale or buy custom made double wall stainless steel bottle at competitive price from us. Also, small quantity orders are acceptable.\" \/>\n<meta name=\"robots\" content=\"index, follow, max-snippet:-1, max-image-preview:large, max-video-preview:-1\" \/>\n<link rel=\"canonical\" href=\"https:\/\/www.dillerbottle.com\/de\/produkte\/doppelwandige-edelstahlflasche\" \/>\n<meta property=\"og:locale\" content=\"de_DE\" \/>\n<meta property=\"og:type\" content=\"article\" \/>\n<meta property=\"og:title\" content=\"Double Wall Stainless Steel Bottle\" \/>\n<meta property=\"og:description\" content=\"As one of the best double wall stainless steel bottle manufacturers and suppliers, we are engaged in manufacturing good quality water bottles. We warmly welcome you to wholesale or buy custom made double wall stainless steel bottle at competitive price from us. Also, small quantity orders are acceptable.\" \/>\n<meta property=\"og:url\" content=\"https:\/\/www.dillerbottle.com\/de\/produkte\/doppelwandige-edelstahlflasche\" \/>\n<meta property=\"og:site_name\" content=\"Diller Water Bottle Manufacturer\" \/>\n<meta property=\"article:modified_time\" content=\"2025-07-09T03:09:06+00:00\" \/>\n<meta property=\"og:image\" content=\"https:\/\/www.dillerbottle.com\/wp-content\/uploads\/2024\/09\/double-wall-stainless-steel-bottle-9263-6.jpg\" \/>\n\t<meta property=\"og:image:width\" content=\"800\" \/>\n\t<meta property=\"og:image:height\" content=\"800\" \/>\n\t<meta property=\"og:image:type\" content=\"image\/jpeg\" \/>\n<meta name=\"twitter:card\" content=\"summary_large_image\" \/>\n<meta name=\"twitter:label1\" content=\"Gesch\u00e4tzte Lesezeit\" \/>\n\t<meta name=\"twitter:data1\" content=\"2\u00a0Minuten\" \/>\n<script type=\"application\/ld+json\" class=\"yoast-schema-graph\">{\"@context\":\"https:\\\/\\\/schema.org\",\"@graph\":[{\"@type\":\"WebPage\",\"@id\":\"https:\\\/\\\/www.dillerbottle.com\\\/ko\\\/%ec%a0%9c%ed%92%88\\\/%eb%8d%94%eb%b8%94%ec%9b%94-%ec%8a%a4%ed%85%8c%ec%9d%b8%eb%a6%ac%ec%8a%a4-%ec%8a%a4%ed%8b%b8-%eb%b3%91\",\"url\":\"https:\\\/\\\/www.dillerbottle.com\\\/ko\\\/%ec%a0%9c%ed%92%88\\\/%eb%8d%94%eb%b8%94%ec%9b%94-%ec%8a%a4%ed%85%8c%ec%9d%b8%eb%a6%ac%ec%8a%a4-%ec%8a%a4%ed%8b%b8-%eb%b3%91\",\"name\":\"Double Wall Stainless Steel Bottle - Diller Water Bottle Manufacturer\",\"isPartOf\":{\"@id\":\"https:\\\/\\\/www.dillerbottle.com\\\/#website\"},\"primaryImageOfPage\":{\"@id\":\"https:\\\/\\\/www.dillerbottle.com\\\/ko\\\/%ec%a0%9c%ed%92%88\\\/%eb%8d%94%eb%b8%94%ec%9b%94-%ec%8a%a4%ed%85%8c%ec%9d%b8%eb%a6%ac%ec%8a%a4-%ec%8a%a4%ed%8b%b8-%eb%b3%91#primaryimage\"},\"image\":{\"@id\":\"https:\\\/\\\/www.dillerbottle.com\\\/ko\\\/%ec%a0%9c%ed%92%88\\\/%eb%8d%94%eb%b8%94%ec%9b%94-%ec%8a%a4%ed%85%8c%ec%9d%b8%eb%a6%ac%ec%8a%a4-%ec%8a%a4%ed%8b%b8-%eb%b3%91#primaryimage\"},\"thumbnailUrl\":\"https:\\\/\\\/www.dillerbottle.com\\\/wp-content\\\/uploads\\\/2024\\\/09\\\/double-wall-stainless-steel-bottle-9263-6.jpg\",\"datePublished\":\"2024-09-29T07:00:13+00:00\",\"dateModified\":\"2025-07-09T03:09:06+00:00\",\"description\":\"As one of the best double wall stainless steel bottle manufacturers and suppliers, we are engaged in manufacturing good quality water bottles. We warmly welcome you to wholesale or buy custom made double wall stainless steel bottle at competitive price from us. Also, small quantity orders are acceptable.\",\"breadcrumb\":{\"@id\":\"https:\\\/\\\/www.dillerbottle.com\\\/ko\\\/%ec%a0%9c%ed%92%88\\\/%eb%8d%94%eb%b8%94%ec%9b%94-%ec%8a%a4%ed%85%8c%ec%9d%b8%eb%a6%ac%ec%8a%a4-%ec%8a%a4%ed%8b%b8-%eb%b3%91#breadcrumb\"},\"inLanguage\":\"de\",\"potentialAction\":[{\"@type\":\"ReadAction\",\"target\":[\"https:\\\/\\\/www.dillerbottle.com\\\/ko\\\/%ec%a0%9c%ed%92%88\\\/%eb%8d%94%eb%b8%94%ec%9b%94-%ec%8a%a4%ed%85%8c%ec%9d%b8%eb%a6%ac%ec%8a%a4-%ec%8a%a4%ed%8b%b8-%eb%b3%91\"]}]},{\"@type\":\"ImageObject\",\"inLanguage\":\"de\",\"@id\":\"https:\\\/\\\/www.dillerbottle.com\\\/ko\\\/%ec%a0%9c%ed%92%88\\\/%eb%8d%94%eb%b8%94%ec%9b%94-%ec%8a%a4%ed%85%8c%ec%9d%b8%eb%a6%ac%ec%8a%a4-%ec%8a%a4%ed%8b%b8-%eb%b3%91#primaryimage\",\"url\":\"https:\\\/\\\/www.dillerbottle.com\\\/wp-content\\\/uploads\\\/2024\\\/09\\\/double-wall-stainless-steel-bottle-9263-6.jpg\",\"contentUrl\":\"https:\\\/\\\/www.dillerbottle.com\\\/wp-content\\\/uploads\\\/2024\\\/09\\\/double-wall-stainless-steel-bottle-9263-6.jpg\",\"width\":800,\"height\":800},{\"@type\":\"BreadcrumbList\",\"@id\":\"https:\\\/\\\/www.dillerbottle.com\\\/ko\\\/%ec%a0%9c%ed%92%88\\\/%eb%8d%94%eb%b8%94%ec%9b%94-%ec%8a%a4%ed%85%8c%ec%9d%b8%eb%a6%ac%ec%8a%a4-%ec%8a%a4%ed%8b%b8-%eb%b3%91#breadcrumb\",\"itemListElement\":[{\"@type\":\"ListItem\",\"position\":1,\"name\":\"Home\",\"item\":\"https:\\\/\\\/www.dillerbottle.com\\\/\"},{\"@type\":\"ListItem\",\"position\":2,\"name\":\"Products\",\"item\":\"https:\\\/\\\/www.dillerbottle.com\\\/shop\"},{\"@type\":\"ListItem\",\"position\":3,\"name\":\"Double Wall Stainless Steel Bottle\"}]},{\"@type\":\"WebSite\",\"@id\":\"https:\\\/\\\/www.dillerbottle.com\\\/#website\",\"url\":\"https:\\\/\\\/www.dillerbottle.com\\\/\",\"name\":\"Diller Water Bottle Manufacturer\",\"description\":\"Water Bottle Manufacturer\",\"publisher\":{\"@id\":\"https:\\\/\\\/www.dillerbottle.com\\\/#organization\"},\"potentialAction\":[{\"@type\":\"SearchAction\",\"target\":{\"@type\":\"EntryPoint\",\"urlTemplate\":\"https:\\\/\\\/www.dillerbottle.com\\\/?s={search_term_string}\"},\"query-input\":{\"@type\":\"PropertyValueSpecification\",\"valueRequired\":true,\"valueName\":\"search_term_string\"}}],\"inLanguage\":\"de\"},{\"@type\":\"Organization\",\"@id\":\"https:\\\/\\\/www.dillerbottle.com\\\/#organization\",\"name\":\"Diller Water Bottle Manufacturer\",\"url\":\"https:\\\/\\\/www.dillerbottle.com\\\/\",\"logo\":{\"@type\":\"ImageObject\",\"inLanguage\":\"de\",\"@id\":\"https:\\\/\\\/www.dillerbottle.com\\\/#\\\/schema\\\/logo\\\/image\\\/\",\"url\":\"https:\\\/\\\/www.dillerbottle.com\\\/wp-content\\\/uploads\\\/2024\\\/09\\\/49918bfa848dcc1e9f8b509933603ac.png\",\"contentUrl\":\"https:\\\/\\\/www.dillerbottle.com\\\/wp-content\\\/uploads\\\/2024\\\/09\\\/49918bfa848dcc1e9f8b509933603ac.png\",\"width\":988,\"height\":198,\"caption\":\"Diller Water Bottle Manufacturer\"},\"image\":{\"@id\":\"https:\\\/\\\/www.dillerbottle.com\\\/#\\\/schema\\\/logo\\\/image\\\/\"}}]}<\/script>\n<!-- \/ Yoast SEO Premium plugin. -->","yoast_head_json":{"title":"Doppelwandige Edelstahlflasche - Diller Wasserflaschenhersteller","description":"Als einer der besten Hersteller und Lieferanten von doppelwandigen Edelstahlflaschen sind wir auf die Herstellung hochwertiger Wasserflaschen spezialisiert. Wir hei\u00dfen Sie herzlich willkommen, doppelwandige Edelstahlflaschen im Gro\u00dfhandel zu kaufen oder sie zu wettbewerbsf\u00e4higen Preisen bei uns zu bestellen. Auch Bestellungen in kleinen Mengen sind m\u00f6glich.","robots":{"index":"index","follow":"follow","max-snippet":"max-snippet:-1","max-image-preview":"max-image-preview:large","max-video-preview":"max-video-preview:-1"},"canonical":"https:\/\/www.dillerbottle.com\/de\/produkte\/doppelwandige-edelstahlflasche","og_locale":"de_DE","og_type":"article","og_title":"Double Wall Stainless Steel Bottle","og_description":"As one of the best double wall stainless steel bottle manufacturers and suppliers, we are engaged in manufacturing good quality water bottles. We warmly welcome you to wholesale or buy custom made double wall stainless steel bottle at competitive price from us. Also, small quantity orders are acceptable.","og_url":"https:\/\/www.dillerbottle.com\/de\/produkte\/doppelwandige-edelstahlflasche","og_site_name":"Diller Water Bottle Manufacturer","article_modified_time":"2025-07-09T03:09:06+00:00","og_image":[{"width":800,"height":800,"url":"https:\/\/www.dillerbottle.com\/wp-content\/uploads\/2024\/09\/double-wall-stainless-steel-bottle-9263-6.jpg","type":"image\/jpeg"}],"twitter_card":"summary_large_image","twitter_misc":{"Gesch\u00e4tzte Lesezeit":"2\u00a0Minuten"},"schema":{"@context":"https:\/\/schema.org","@graph":[{"@type":"WebPage","@id":"https:\/\/www.dillerbottle.com\/ko\/%ec%a0%9c%ed%92%88\/%eb%8d%94%eb%b8%94%ec%9b%94-%ec%8a%a4%ed%85%8c%ec%9d%b8%eb%a6%ac%ec%8a%a4-%ec%8a%a4%ed%8b%b8-%eb%b3%91","url":"https:\/\/www.dillerbottle.com\/ko\/%ec%a0%9c%ed%92%88\/%eb%8d%94%eb%b8%94%ec%9b%94-%ec%8a%a4%ed%85%8c%ec%9d%b8%eb%a6%ac%ec%8a%a4-%ec%8a%a4%ed%8b%b8-%eb%b3%91","name":"Doppelwandige Edelstahlflasche - Diller Wasserflaschenhersteller","isPartOf":{"@id":"https:\/\/www.dillerbottle.com\/#website"},"primaryImageOfPage":{"@id":"https:\/\/www.dillerbottle.com\/ko\/%ec%a0%9c%ed%92%88\/%eb%8d%94%eb%b8%94%ec%9b%94-%ec%8a%a4%ed%85%8c%ec%9d%b8%eb%a6%ac%ec%8a%a4-%ec%8a%a4%ed%8b%b8-%eb%b3%91#primaryimage"},"image":{"@id":"https:\/\/www.dillerbottle.com\/ko\/%ec%a0%9c%ed%92%88\/%eb%8d%94%eb%b8%94%ec%9b%94-%ec%8a%a4%ed%85%8c%ec%9d%b8%eb%a6%ac%ec%8a%a4-%ec%8a%a4%ed%8b%b8-%eb%b3%91#primaryimage"},"thumbnailUrl":"https:\/\/www.dillerbottle.com\/wp-content\/uploads\/2024\/09\/double-wall-stainless-steel-bottle-9263-6.jpg","datePublished":"2024-09-29T07:00:13+00:00","dateModified":"2025-07-09T03:09:06+00:00","description":"Als einer der besten Hersteller und Lieferanten von doppelwandigen Edelstahlflaschen sind wir auf die Herstellung hochwertiger Wasserflaschen spezialisiert. Wir hei\u00dfen Sie herzlich willkommen, doppelwandige Edelstahlflaschen im Gro\u00dfhandel zu kaufen oder sie zu wettbewerbsf\u00e4higen Preisen bei uns zu bestellen. Auch Bestellungen in kleinen Mengen sind m\u00f6glich.","breadcrumb":{"@id":"https:\/\/www.dillerbottle.com\/ko\/%ec%a0%9c%ed%92%88\/%eb%8d%94%eb%b8%94%ec%9b%94-%ec%8a%a4%ed%85%8c%ec%9d%b8%eb%a6%ac%ec%8a%a4-%ec%8a%a4%ed%8b%b8-%eb%b3%91#breadcrumb"},"inLanguage":"de","potentialAction":[{"@type":"ReadAction","target":["https:\/\/www.dillerbottle.com\/ko\/%ec%a0%9c%ed%92%88\/%eb%8d%94%eb%b8%94%ec%9b%94-%ec%8a%a4%ed%85%8c%ec%9d%b8%eb%a6%ac%ec%8a%a4-%ec%8a%a4%ed%8b%b8-%eb%b3%91"]}]},{"@type":"ImageObject","inLanguage":"de","@id":"https:\/\/www.dillerbottle.com\/ko\/%ec%a0%9c%ed%92%88\/%eb%8d%94%eb%b8%94%ec%9b%94-%ec%8a%a4%ed%85%8c%ec%9d%b8%eb%a6%ac%ec%8a%a4-%ec%8a%a4%ed%8b%b8-%eb%b3%91#primaryimage","url":"https:\/\/www.dillerbottle.com\/wp-content\/uploads\/2024\/09\/double-wall-stainless-steel-bottle-9263-6.jpg","contentUrl":"https:\/\/www.dillerbottle.com\/wp-content\/uploads\/2024\/09\/double-wall-stainless-steel-bottle-9263-6.jpg","width":800,"height":800},{"@type":"BreadcrumbList","@id":"https:\/\/www.dillerbottle.com\/ko\/%ec%a0%9c%ed%92%88\/%eb%8d%94%eb%b8%94%ec%9b%94-%ec%8a%a4%ed%85%8c%ec%9d%b8%eb%a6%ac%ec%8a%a4-%ec%8a%a4%ed%8b%b8-%eb%b3%91#breadcrumb","itemListElement":[{"@type":"ListItem","position":1,"name":"Home","item":"https:\/\/www.dillerbottle.com\/"},{"@type":"ListItem","position":2,"name":"Products","item":"https:\/\/www.dillerbottle.com\/shop"},{"@type":"ListItem","position":3,"name":"Double Wall Stainless Steel Bottle"}]},{"@type":"WebSite","@id":"https:\/\/www.dillerbottle.com\/#website","url":"https:\/\/www.dillerbottle.com\/","name":"Diller Wasserflaschenhersteller","description":"Wasserflaschenhersteller","publisher":{"@id":"https:\/\/www.dillerbottle.com\/#organization"},"potentialAction":[{"@type":"SearchAction","target":{"@type":"EntryPoint","urlTemplate":"https:\/\/www.dillerbottle.com\/?s={search_term_string}"},"query-input":{"@type":"PropertyValueSpecification","valueRequired":true,"valueName":"search_term_string"}}],"inLanguage":"de"},{"@type":"Organization","@id":"https:\/\/www.dillerbottle.com\/#organization","name":"Diller Wasserflaschenhersteller","url":"https:\/\/www.dillerbottle.com\/","logo":{"@type":"ImageObject","inLanguage":"de","@id":"https:\/\/www.dillerbottle.com\/#\/schema\/logo\/image\/","url":"https:\/\/www.dillerbottle.com\/wp-content\/uploads\/2024\/09\/49918bfa848dcc1e9f8b509933603ac.png","contentUrl":"https:\/\/www.dillerbottle.com\/wp-content\/uploads\/2024\/09\/49918bfa848dcc1e9f8b509933603ac.png","width":988,"height":198,"caption":"Diller Water Bottle Manufacturer"},"image":{"@id":"https:\/\/www.dillerbottle.com\/#\/schema\/logo\/image\/"}}]}},"_links":{"self":[{"href":"https:\/\/www.dillerbottle.com\/de\/wp-json\/wp\/v2\/product\/11710","targetHints":{"allow":["GET"]}}],"collection":[{"href":"https:\/\/www.dillerbottle.com\/de\/wp-json\/wp\/v2\/product"}],"about":[{"href":"https:\/\/www.dillerbottle.com\/de\/wp-json\/wp\/v2\/types\/product"}],"replies":[{"embeddable":true,"href":"https:\/\/www.dillerbottle.com\/de\/wp-json\/wp\/v2\/comments?post=11710"}],"wp:featuredmedia":[{"embeddable":true,"href":"https:\/\/www.dillerbottle.com\/de\/wp-json\/wp\/v2\/media\/15200"}],"wp:attachment":[{"href":"https:\/\/www.dillerbottle.com\/de\/wp-json\/wp\/v2\/media?parent=11710"}],"wp:term":[{"taxonomy":"product_brand","embeddable":true,"href":"https:\/\/www.dillerbottle.com\/de\/wp-json\/wp\/v2\/product_brand?post=11710"},{"taxonomy":"product_cat","embeddable":true,"href":"https:\/\/www.dillerbottle.com\/de\/wp-json\/wp\/v2\/product_cat?post=11710"},{"taxonomy":"product_tag","embeddable":true,"href":"https:\/\/www.dillerbottle.com\/de\/wp-json\/wp\/v2\/product_tag?post=11710"}],"curies":[{"name":"wp","href":"https:\/\/api.w.org\/{rel}","templated":true}]}}