{"id":11753,"date":"2024-09-29T15:00:40","date_gmt":"2024-09-29T07:00:40","guid":{"rendered":"https:\/\/demo.dillerbottle.com\/products\/stainless-steel-thermos-flask"},"modified":"2025-07-09T11:00:00","modified_gmt":"2025-07-09T03:00:00","slug":"thermoskanne-aus-edelstahl-3","status":"publish","type":"product","link":"https:\/\/www.dillerbottle.com\/de\/products\/stainless-steel-thermos-flask","title":{"rendered":"Thermosflasche aus Edelstahl"},"content":{"rendered":"<p>1. Langlebige und elegante 304 Edelstahl-Sicherheitsmaterialien in Lebensmittelqualit\u00e4t, BPA-frei, umweltfreundlich, um die Sicherheit und Gesundheit des Trinkwassers zu gew\u00e4hrleisten.<br \/>\n2. Das \u00d6ffnungsdesign erleichtert die Reinigung; eine Druckknopfverriegelung erm\u00f6glicht einfaches Ausgie\u00dfen mit einer Hand; der K\u00f6rper bleibt bei Ber\u00fchrung mit hei\u00dfen oder kalten Fl\u00fcssigkeiten k\u00fchl.<br \/>\n3. Tragbares, gro\u00dfes Fassungsverm\u00f6gen von 2\u00a0Litern.<\/p>","protected":false},"excerpt":{"rendered":"<p>Funktionen: 1. Langlebiger und eleganter Edelstahl 304, lebensmittelechte Sicherheitsmaterialien, BPA-frei, umweltfreundlich, um die Sicherheit und Gesundheit des Trinkwassers zu gew\u00e4hrleisten.<br \/>\n2. Das \u00d6ffnungsdesign erleichtert die Reinigung; eine Druckknopfverriegelung erm\u00f6glicht einfaches Ausgie\u00dfen mit einer Hand; Der K\u00f6rper bleibt bei hei\u00dfer Ber\u00fchrung k\u00fchl \u2026<\/p>","protected":false},"featured_media":11754,"comment_status":"open","ping_status":"closed","template":"","meta":{"_acf_changed":false},"product_brand":[],"product_cat":[18],"product_tag":[32,36,33,31,524,39,38,920,527,569,29,37,34,35,995,28,706,839,30],"class_list":{"0":"post-11753","1":"product","2":"type-product","3":"status-publish","4":"has-post-thumbnail","6":"product_cat-insulated-water-bottle","7":"product_tag-best","8":"product_tag-bulk","9":"product_tag-buy","10":"product_tag-custom","11":"product_tag-drinking-water-bottles","12":"product_tag-for-sale","13":"product_tag-good-quality","14":"product_tag-gym-water-bottle-custom-logo","15":"product_tag-hot-and-cold-water-bottle","16":"product_tag-leakproof-water-bottle","17":"product_tag-manufacturers","18":"product_tag-manufacturing","19":"product_tag-price","20":"product_tag-small","21":"product_tag-stainless-steel-thermos-flask","22":"product_tag-suppliers","23":"product_tag-water-bottle-with-time-marker","24":"product_tag-water-bottles-bamboo","25":"product_tag-wholesale","27":"first","28":"instock","29":"shipping-taxable","30":"product-type-simple"},"acf":[],"yoast_head":"<!-- This site is optimized with the Yoast SEO Premium plugin v27.3 (Yoast SEO v27.3) - https:\/\/yoast.com\/product\/yoast-seo-premium-wordpress\/ -->\n<title>Stainless Steel Thermos Flask - Diller Water Bottle Manufacturer<\/title>\n<meta name=\"description\" content=\"As one of the best stainless steel thermos flask manufacturers and suppliers, we are engaged in manufacturing good quality water bottles. We warmly welcome you to wholesale or buy custom made stainless steel thermos flask at competitive price from us. Also, small quantity orders are acceptable.\" \/>\n<meta name=\"robots\" content=\"index, follow, max-snippet:-1, max-image-preview:large, max-video-preview:-1\" \/>\n<link rel=\"canonical\" href=\"https:\/\/www.dillerbottle.com\/de\/produkte\/thermoskanne-aus-edelstahl-3\" \/>\n<meta property=\"og:locale\" content=\"de_DE\" \/>\n<meta property=\"og:type\" content=\"article\" \/>\n<meta property=\"og:title\" content=\"Stainless Steel Thermos Flask\" \/>\n<meta property=\"og:description\" content=\"As one of the best stainless steel thermos flask manufacturers and suppliers, we are engaged in manufacturing good quality water bottles. We warmly welcome you to wholesale or buy custom made stainless steel thermos flask at competitive price from us. Also, small quantity orders are acceptable.\" \/>\n<meta property=\"og:url\" content=\"https:\/\/www.dillerbottle.com\/de\/produkte\/thermoskanne-aus-edelstahl-3\" \/>\n<meta property=\"og:site_name\" content=\"Diller Water Bottle Manufacturer\" \/>\n<meta property=\"article:modified_time\" content=\"2025-07-09T03:00:00+00:00\" \/>\n<meta property=\"og:image\" content=\"https:\/\/www.dillerbottle.com\/wp-content\/uploads\/2024\/09\/stainless-steel-thermos-flask41298367042.jpg\" \/>\n\t<meta property=\"og:image:width\" content=\"730\" \/>\n\t<meta property=\"og:image:height\" content=\"730\" \/>\n\t<meta property=\"og:image:type\" content=\"image\/jpeg\" \/>\n<meta name=\"twitter:card\" content=\"summary_large_image\" \/>\n<meta name=\"twitter:label1\" content=\"Gesch\u00e4tzte Lesezeit\" \/>\n\t<meta name=\"twitter:data1\" content=\"2\u00a0Minuten\" \/>\n<script type=\"application\/ld+json\" class=\"yoast-schema-graph\">{\"@context\":\"https:\\\/\\\/schema.org\",\"@graph\":[{\"@type\":\"WebPage\",\"@id\":\"https:\\\/\\\/www.dillerbottle.com\\\/ar\\\/%d9%85%d9%86%d8%aa%d8%ac%d8%a7%d8%aa\\\/%d8%aa%d8%b1%d9%85%d8%b3-%d8%ad%d8%b1%d8%a7%d8%b1%d9%8a-%d9%85%d9%86-%d8%a7%d9%84%d9%81%d9%88%d9%84%d8%a7%d8%b0-%d8%a7%d9%84%d9%85%d9%82%d8%a7%d9%88%d9%85-%d9%84%d9%84%d8%b5%d8%af%d8%a3\",\"url\":\"https:\\\/\\\/www.dillerbottle.com\\\/ar\\\/%d9%85%d9%86%d8%aa%d8%ac%d8%a7%d8%aa\\\/%d8%aa%d8%b1%d9%85%d8%b3-%d8%ad%d8%b1%d8%a7%d8%b1%d9%8a-%d9%85%d9%86-%d8%a7%d9%84%d9%81%d9%88%d9%84%d8%a7%d8%b0-%d8%a7%d9%84%d9%85%d9%82%d8%a7%d9%88%d9%85-%d9%84%d9%84%d8%b5%d8%af%d8%a3\",\"name\":\"Stainless Steel Thermos Flask - Diller Water Bottle Manufacturer\",\"isPartOf\":{\"@id\":\"https:\\\/\\\/www.dillerbottle.com\\\/#website\"},\"primaryImageOfPage\":{\"@id\":\"https:\\\/\\\/www.dillerbottle.com\\\/ar\\\/%d9%85%d9%86%d8%aa%d8%ac%d8%a7%d8%aa\\\/%d8%aa%d8%b1%d9%85%d8%b3-%d8%ad%d8%b1%d8%a7%d8%b1%d9%8a-%d9%85%d9%86-%d8%a7%d9%84%d9%81%d9%88%d9%84%d8%a7%d8%b0-%d8%a7%d9%84%d9%85%d9%82%d8%a7%d9%88%d9%85-%d9%84%d9%84%d8%b5%d8%af%d8%a3#primaryimage\"},\"image\":{\"@id\":\"https:\\\/\\\/www.dillerbottle.com\\\/ar\\\/%d9%85%d9%86%d8%aa%d8%ac%d8%a7%d8%aa\\\/%d8%aa%d8%b1%d9%85%d8%b3-%d8%ad%d8%b1%d8%a7%d8%b1%d9%8a-%d9%85%d9%86-%d8%a7%d9%84%d9%81%d9%88%d9%84%d8%a7%d8%b0-%d8%a7%d9%84%d9%85%d9%82%d8%a7%d9%88%d9%85-%d9%84%d9%84%d8%b5%d8%af%d8%a3#primaryimage\"},\"thumbnailUrl\":\"https:\\\/\\\/www.dillerbottle.com\\\/wp-content\\\/uploads\\\/2024\\\/09\\\/stainless-steel-thermos-flask41298367042.jpg\",\"datePublished\":\"2024-09-29T07:00:40+00:00\",\"dateModified\":\"2025-07-09T03:00:00+00:00\",\"description\":\"As one of the best stainless steel thermos flask manufacturers and suppliers, we are engaged in manufacturing good quality water bottles. We warmly welcome you to wholesale or buy custom made stainless steel thermos flask at competitive price from us. Also, small quantity orders are acceptable.\",\"breadcrumb\":{\"@id\":\"https:\\\/\\\/www.dillerbottle.com\\\/ar\\\/%d9%85%d9%86%d8%aa%d8%ac%d8%a7%d8%aa\\\/%d8%aa%d8%b1%d9%85%d8%b3-%d8%ad%d8%b1%d8%a7%d8%b1%d9%8a-%d9%85%d9%86-%d8%a7%d9%84%d9%81%d9%88%d9%84%d8%a7%d8%b0-%d8%a7%d9%84%d9%85%d9%82%d8%a7%d9%88%d9%85-%d9%84%d9%84%d8%b5%d8%af%d8%a3#breadcrumb\"},\"inLanguage\":\"de\",\"potentialAction\":[{\"@type\":\"ReadAction\",\"target\":[\"https:\\\/\\\/www.dillerbottle.com\\\/ar\\\/%d9%85%d9%86%d8%aa%d8%ac%d8%a7%d8%aa\\\/%d8%aa%d8%b1%d9%85%d8%b3-%d8%ad%d8%b1%d8%a7%d8%b1%d9%8a-%d9%85%d9%86-%d8%a7%d9%84%d9%81%d9%88%d9%84%d8%a7%d8%b0-%d8%a7%d9%84%d9%85%d9%82%d8%a7%d9%88%d9%85-%d9%84%d9%84%d8%b5%d8%af%d8%a3\"]}]},{\"@type\":\"ImageObject\",\"inLanguage\":\"de\",\"@id\":\"https:\\\/\\\/www.dillerbottle.com\\\/ar\\\/%d9%85%d9%86%d8%aa%d8%ac%d8%a7%d8%aa\\\/%d8%aa%d8%b1%d9%85%d8%b3-%d8%ad%d8%b1%d8%a7%d8%b1%d9%8a-%d9%85%d9%86-%d8%a7%d9%84%d9%81%d9%88%d9%84%d8%a7%d8%b0-%d8%a7%d9%84%d9%85%d9%82%d8%a7%d9%88%d9%85-%d9%84%d9%84%d8%b5%d8%af%d8%a3#primaryimage\",\"url\":\"https:\\\/\\\/www.dillerbottle.com\\\/wp-content\\\/uploads\\\/2024\\\/09\\\/stainless-steel-thermos-flask41298367042.jpg\",\"contentUrl\":\"https:\\\/\\\/www.dillerbottle.com\\\/wp-content\\\/uploads\\\/2024\\\/09\\\/stainless-steel-thermos-flask41298367042.jpg\",\"width\":730,\"height\":730},{\"@type\":\"BreadcrumbList\",\"@id\":\"https:\\\/\\\/www.dillerbottle.com\\\/ar\\\/%d9%85%d9%86%d8%aa%d8%ac%d8%a7%d8%aa\\\/%d8%aa%d8%b1%d9%85%d8%b3-%d8%ad%d8%b1%d8%a7%d8%b1%d9%8a-%d9%85%d9%86-%d8%a7%d9%84%d9%81%d9%88%d9%84%d8%a7%d8%b0-%d8%a7%d9%84%d9%85%d9%82%d8%a7%d9%88%d9%85-%d9%84%d9%84%d8%b5%d8%af%d8%a3#breadcrumb\",\"itemListElement\":[{\"@type\":\"ListItem\",\"position\":1,\"name\":\"Home\",\"item\":\"https:\\\/\\\/www.dillerbottle.com\\\/\"},{\"@type\":\"ListItem\",\"position\":2,\"name\":\"Products\",\"item\":\"https:\\\/\\\/www.dillerbottle.com\\\/shop\"},{\"@type\":\"ListItem\",\"position\":3,\"name\":\"Stainless Steel Thermos Flask\"}]},{\"@type\":\"WebSite\",\"@id\":\"https:\\\/\\\/www.dillerbottle.com\\\/#website\",\"url\":\"https:\\\/\\\/www.dillerbottle.com\\\/\",\"name\":\"Diller Water Bottle Manufacturer\",\"description\":\"Water Bottle Manufacturer\",\"publisher\":{\"@id\":\"https:\\\/\\\/www.dillerbottle.com\\\/#organization\"},\"potentialAction\":[{\"@type\":\"SearchAction\",\"target\":{\"@type\":\"EntryPoint\",\"urlTemplate\":\"https:\\\/\\\/www.dillerbottle.com\\\/?s={search_term_string}\"},\"query-input\":{\"@type\":\"PropertyValueSpecification\",\"valueRequired\":true,\"valueName\":\"search_term_string\"}}],\"inLanguage\":\"de\"},{\"@type\":\"Organization\",\"@id\":\"https:\\\/\\\/www.dillerbottle.com\\\/#organization\",\"name\":\"Diller Water Bottle Manufacturer\",\"url\":\"https:\\\/\\\/www.dillerbottle.com\\\/\",\"logo\":{\"@type\":\"ImageObject\",\"inLanguage\":\"de\",\"@id\":\"https:\\\/\\\/www.dillerbottle.com\\\/#\\\/schema\\\/logo\\\/image\\\/\",\"url\":\"https:\\\/\\\/www.dillerbottle.com\\\/wp-content\\\/uploads\\\/2024\\\/09\\\/49918bfa848dcc1e9f8b509933603ac.png\",\"contentUrl\":\"https:\\\/\\\/www.dillerbottle.com\\\/wp-content\\\/uploads\\\/2024\\\/09\\\/49918bfa848dcc1e9f8b509933603ac.png\",\"width\":988,\"height\":198,\"caption\":\"Diller Water Bottle Manufacturer\"},\"image\":{\"@id\":\"https:\\\/\\\/www.dillerbottle.com\\\/#\\\/schema\\\/logo\\\/image\\\/\"}}]}<\/script>\n<!-- \/ Yoast SEO Premium plugin. -->","yoast_head_json":{"title":"Thermosflasche aus Edelstahl - Diller Wasserflaschenhersteller","description":"Als einer der besten Hersteller und Lieferanten von Thermosflaschen aus Edelstahl sind wir auf die Herstellung hochwertiger Wasserflaschen spezialisiert. Wir hei\u00dfen Sie herzlich willkommen, bei uns Thermosflaschen aus Edelstahl im Gro\u00dfhandel zu kaufen oder nach Ma\u00df zu wettbewerbsf\u00e4higen Preisen zu bestellen. Auch Bestellungen in kleinen Mengen sind m\u00f6glich.","robots":{"index":"index","follow":"follow","max-snippet":"max-snippet:-1","max-image-preview":"max-image-preview:large","max-video-preview":"max-video-preview:-1"},"canonical":"https:\/\/www.dillerbottle.com\/de\/produkte\/thermoskanne-aus-edelstahl-3","og_locale":"de_DE","og_type":"article","og_title":"Stainless Steel Thermos Flask","og_description":"As one of the best stainless steel thermos flask manufacturers and suppliers, we are engaged in manufacturing good quality water bottles. We warmly welcome you to wholesale or buy custom made stainless steel thermos flask at competitive price from us. Also, small quantity orders are acceptable.","og_url":"https:\/\/www.dillerbottle.com\/de\/produkte\/thermoskanne-aus-edelstahl-3","og_site_name":"Diller Water Bottle Manufacturer","article_modified_time":"2025-07-09T03:00:00+00:00","og_image":[{"width":730,"height":730,"url":"https:\/\/www.dillerbottle.com\/wp-content\/uploads\/2024\/09\/stainless-steel-thermos-flask41298367042.jpg","type":"image\/jpeg"}],"twitter_card":"summary_large_image","twitter_misc":{"Gesch\u00e4tzte Lesezeit":"2\u00a0Minuten"},"schema":{"@context":"https:\/\/schema.org","@graph":[{"@type":"WebPage","@id":"https:\/\/www.dillerbottle.com\/ar\/%d9%85%d9%86%d8%aa%d8%ac%d8%a7%d8%aa\/%d8%aa%d8%b1%d9%85%d8%b3-%d8%ad%d8%b1%d8%a7%d8%b1%d9%8a-%d9%85%d9%86-%d8%a7%d9%84%d9%81%d9%88%d9%84%d8%a7%d8%b0-%d8%a7%d9%84%d9%85%d9%82%d8%a7%d9%88%d9%85-%d9%84%d9%84%d8%b5%d8%af%d8%a3","url":"https:\/\/www.dillerbottle.com\/ar\/%d9%85%d9%86%d8%aa%d8%ac%d8%a7%d8%aa\/%d8%aa%d8%b1%d9%85%d8%b3-%d8%ad%d8%b1%d8%a7%d8%b1%d9%8a-%d9%85%d9%86-%d8%a7%d9%84%d9%81%d9%88%d9%84%d8%a7%d8%b0-%d8%a7%d9%84%d9%85%d9%82%d8%a7%d9%88%d9%85-%d9%84%d9%84%d8%b5%d8%af%d8%a3","name":"Thermosflasche aus Edelstahl - Diller Wasserflaschenhersteller","isPartOf":{"@id":"https:\/\/www.dillerbottle.com\/#website"},"primaryImageOfPage":{"@id":"https:\/\/www.dillerbottle.com\/ar\/%d9%85%d9%86%d8%aa%d8%ac%d8%a7%d8%aa\/%d8%aa%d8%b1%d9%85%d8%b3-%d8%ad%d8%b1%d8%a7%d8%b1%d9%8a-%d9%85%d9%86-%d8%a7%d9%84%d9%81%d9%88%d9%84%d8%a7%d8%b0-%d8%a7%d9%84%d9%85%d9%82%d8%a7%d9%88%d9%85-%d9%84%d9%84%d8%b5%d8%af%d8%a3#primaryimage"},"image":{"@id":"https:\/\/www.dillerbottle.com\/ar\/%d9%85%d9%86%d8%aa%d8%ac%d8%a7%d8%aa\/%d8%aa%d8%b1%d9%85%d8%b3-%d8%ad%d8%b1%d8%a7%d8%b1%d9%8a-%d9%85%d9%86-%d8%a7%d9%84%d9%81%d9%88%d9%84%d8%a7%d8%b0-%d8%a7%d9%84%d9%85%d9%82%d8%a7%d9%88%d9%85-%d9%84%d9%84%d8%b5%d8%af%d8%a3#primaryimage"},"thumbnailUrl":"https:\/\/www.dillerbottle.com\/wp-content\/uploads\/2024\/09\/stainless-steel-thermos-flask41298367042.jpg","datePublished":"2024-09-29T07:00:40+00:00","dateModified":"2025-07-09T03:00:00+00:00","description":"Als einer der besten Hersteller und Lieferanten von Thermosflaschen aus Edelstahl sind wir auf die Herstellung hochwertiger Wasserflaschen spezialisiert. Wir hei\u00dfen Sie herzlich willkommen, bei uns Thermosflaschen aus Edelstahl im Gro\u00dfhandel zu kaufen oder nach Ma\u00df zu wettbewerbsf\u00e4higen Preisen zu bestellen. Auch Bestellungen in kleinen Mengen sind m\u00f6glich.","breadcrumb":{"@id":"https:\/\/www.dillerbottle.com\/ar\/%d9%85%d9%86%d8%aa%d8%ac%d8%a7%d8%aa\/%d8%aa%d8%b1%d9%85%d8%b3-%d8%ad%d8%b1%d8%a7%d8%b1%d9%8a-%d9%85%d9%86-%d8%a7%d9%84%d9%81%d9%88%d9%84%d8%a7%d8%b0-%d8%a7%d9%84%d9%85%d9%82%d8%a7%d9%88%d9%85-%d9%84%d9%84%d8%b5%d8%af%d8%a3#breadcrumb"},"inLanguage":"de","potentialAction":[{"@type":"ReadAction","target":["https:\/\/www.dillerbottle.com\/ar\/%d9%85%d9%86%d8%aa%d8%ac%d8%a7%d8%aa\/%d8%aa%d8%b1%d9%85%d8%b3-%d8%ad%d8%b1%d8%a7%d8%b1%d9%8a-%d9%85%d9%86-%d8%a7%d9%84%d9%81%d9%88%d9%84%d8%a7%d8%b0-%d8%a7%d9%84%d9%85%d9%82%d8%a7%d9%88%d9%85-%d9%84%d9%84%d8%b5%d8%af%d8%a3"]}]},{"@type":"ImageObject","inLanguage":"de","@id":"https:\/\/www.dillerbottle.com\/ar\/%d9%85%d9%86%d8%aa%d8%ac%d8%a7%d8%aa\/%d8%aa%d8%b1%d9%85%d8%b3-%d8%ad%d8%b1%d8%a7%d8%b1%d9%8a-%d9%85%d9%86-%d8%a7%d9%84%d9%81%d9%88%d9%84%d8%a7%d8%b0-%d8%a7%d9%84%d9%85%d9%82%d8%a7%d9%88%d9%85-%d9%84%d9%84%d8%b5%d8%af%d8%a3#primaryimage","url":"https:\/\/www.dillerbottle.com\/wp-content\/uploads\/2024\/09\/stainless-steel-thermos-flask41298367042.jpg","contentUrl":"https:\/\/www.dillerbottle.com\/wp-content\/uploads\/2024\/09\/stainless-steel-thermos-flask41298367042.jpg","width":730,"height":730},{"@type":"BreadcrumbList","@id":"https:\/\/www.dillerbottle.com\/ar\/%d9%85%d9%86%d8%aa%d8%ac%d8%a7%d8%aa\/%d8%aa%d8%b1%d9%85%d8%b3-%d8%ad%d8%b1%d8%a7%d8%b1%d9%8a-%d9%85%d9%86-%d8%a7%d9%84%d9%81%d9%88%d9%84%d8%a7%d8%b0-%d8%a7%d9%84%d9%85%d9%82%d8%a7%d9%88%d9%85-%d9%84%d9%84%d8%b5%d8%af%d8%a3#breadcrumb","itemListElement":[{"@type":"ListItem","position":1,"name":"Home","item":"https:\/\/www.dillerbottle.com\/"},{"@type":"ListItem","position":2,"name":"Products","item":"https:\/\/www.dillerbottle.com\/shop"},{"@type":"ListItem","position":3,"name":"Stainless Steel Thermos Flask"}]},{"@type":"WebSite","@id":"https:\/\/www.dillerbottle.com\/#website","url":"https:\/\/www.dillerbottle.com\/","name":"Diller Wasserflaschenhersteller","description":"Wasserflaschenhersteller","publisher":{"@id":"https:\/\/www.dillerbottle.com\/#organization"},"potentialAction":[{"@type":"SearchAction","target":{"@type":"EntryPoint","urlTemplate":"https:\/\/www.dillerbottle.com\/?s={search_term_string}"},"query-input":{"@type":"PropertyValueSpecification","valueRequired":true,"valueName":"search_term_string"}}],"inLanguage":"de"},{"@type":"Organization","@id":"https:\/\/www.dillerbottle.com\/#organization","name":"Diller Wasserflaschenhersteller","url":"https:\/\/www.dillerbottle.com\/","logo":{"@type":"ImageObject","inLanguage":"de","@id":"https:\/\/www.dillerbottle.com\/#\/schema\/logo\/image\/","url":"https:\/\/www.dillerbottle.com\/wp-content\/uploads\/2024\/09\/49918bfa848dcc1e9f8b509933603ac.png","contentUrl":"https:\/\/www.dillerbottle.com\/wp-content\/uploads\/2024\/09\/49918bfa848dcc1e9f8b509933603ac.png","width":988,"height":198,"caption":"Diller Water Bottle Manufacturer"},"image":{"@id":"https:\/\/www.dillerbottle.com\/#\/schema\/logo\/image\/"}}]}},"_links":{"self":[{"href":"https:\/\/www.dillerbottle.com\/de\/wp-json\/wp\/v2\/product\/11753","targetHints":{"allow":["GET"]}}],"collection":[{"href":"https:\/\/www.dillerbottle.com\/de\/wp-json\/wp\/v2\/product"}],"about":[{"href":"https:\/\/www.dillerbottle.com\/de\/wp-json\/wp\/v2\/types\/product"}],"replies":[{"embeddable":true,"href":"https:\/\/www.dillerbottle.com\/de\/wp-json\/wp\/v2\/comments?post=11753"}],"wp:featuredmedia":[{"embeddable":true,"href":"https:\/\/www.dillerbottle.com\/de\/wp-json\/wp\/v2\/media\/11754"}],"wp:attachment":[{"href":"https:\/\/www.dillerbottle.com\/de\/wp-json\/wp\/v2\/media?parent=11753"}],"wp:term":[{"taxonomy":"product_brand","embeddable":true,"href":"https:\/\/www.dillerbottle.com\/de\/wp-json\/wp\/v2\/product_brand?post=11753"},{"taxonomy":"product_cat","embeddable":true,"href":"https:\/\/www.dillerbottle.com\/de\/wp-json\/wp\/v2\/product_cat?post=11753"},{"taxonomy":"product_tag","embeddable":true,"href":"https:\/\/www.dillerbottle.com\/de\/wp-json\/wp\/v2\/product_tag?post=11753"}],"curies":[{"name":"wp","href":"https:\/\/api.w.org\/{rel}","templated":true}]}}