{"id":12054,"date":"2024-09-29T15:03:58","date_gmt":"2024-09-29T07:03:58","guid":{"rendered":"https:\/\/demo.dillerbottle.com\/products\/double-wall-vacuum-insulated-water-bottle"},"modified":"2025-07-08T17:48:42","modified_gmt":"2025-07-08T09:48:42","slug":"doppelwandige-vakuumisolierte-wasserflasche","status":"publish","type":"product","link":"https:\/\/www.dillerbottle.com\/de\/products\/double-wall-vacuum-insulated-water-bottle","title":{"rendered":"Doppelwandige vakuumisolierte Wasserflasche"},"content":{"rendered":"<p>Merkmale:<br \/>\n1.; Mit einer Hand zu bedienender Deckel. Die doppelwandige, vakuumisolierte Wasserflasche verf\u00fcgt \u00fcber einen staubdichten Klappdeckel und verwendet eine Ein-Klick-\u00d6ffnungstechnologie. Mit nur einer Hand l\u00e4sst sich der Deckel bequem \u00f6ffnen.<\/p>\n<p>2.;Die doppelwandige, vakuumisolierte Wasserflasche besteht aus lebensmittelechtem 304 (18\/8) Edelstahl, der 100% BPA-frei, geruchsfrei und ungiftig ist. Sie hinterl\u00e4sst weder einen metallischen Geschmack noch Rost.<\/p>\n<p>3; Verabschieden Sie sich von \"SWEAT\"! Die doppelwandige Isolierung macht die vakuumisolierten Wasserflaschen schwei\u00dffrei. Sie h\u00e4lt Ihre Getr\u00e4nke bis zu 24 Stunden kalt und bis zu 12 Stunden hei\u00df.<\/p>\n<p>4.;Die Pulverbeschichtung ist klassisch. Es stellt sicher, dass die \u00e4u\u00dfere Oberfl\u00e4che der Flasche dauerhaft ist. Es wird nicht abbl\u00e4ttern, auch wenn Sie es f\u00fcr eine lange Zeit verwenden.<\/p>","protected":false},"excerpt":{"rendered":"<p>Individualisieren Sie Ihre doppelwandige, vakuumisolierte Wasserflasche mit Ihrem Logo, Ihrer Farbe, Ihrem Muster oder Ihrem eigenen Design.<br \/>\nKostenlose Proben erh\u00e4ltlich.<br \/>\nKaufen Sie doppelwandige, vakuumisolierte Wasserflaschen in gro\u00dfen Mengen zum Gro\u00dfhandelspreis, 50\u201360 St\u00fcck, niedrige Mindestbestellmenge zur Unterst\u00fctzung kleiner Unternehmen.<br \/>\nHergestellt aus lebensmittelechtem Edelstahl 304 (18\/8), der 100% BPA-frei, geruchsfrei und ungiftig ist.<br \/>\nEs hinterl\u00e4sst weder einen Metallgeschmack noch Rost.<br \/>\nDurch die doppelwandige Isolierung sind die vakuumisolierten Wasserflaschen schwei\u00dffrei.<br \/>\nEs h\u00e4lt Ihre Getr\u00e4nke bis zu 24 Stunden kalt oder 12 Stunden hei\u00df.<\/p>","protected":false},"featured_media":12055,"comment_status":"open","ping_status":"closed","template":"","meta":{"_acf_changed":false},"product_brand":[],"product_cat":[18],"product_tag":[32,36,33,31,1024,39,38,711,29,37,34,35,539,817,28,685,537,691,30],"class_list":{"0":"post-12054","1":"product","2":"type-product","3":"status-publish","4":"has-post-thumbnail","6":"product_cat-insulated-water-bottle","7":"product_tag-best","8":"product_tag-bulk","9":"product_tag-buy","10":"product_tag-custom","11":"product_tag-double-wall-vacuum-insulated-water-bottle","12":"product_tag-for-sale","13":"product_tag-good-quality","14":"product_tag-insulated-stainless-steel-water-bottle","15":"product_tag-manufacturers","16":"product_tag-manufacturing","17":"product_tag-price","18":"product_tag-small","19":"product_tag-stainless-steel-water-bottle","20":"product_tag-steel-double-walled-water-bottle-travel-bottle","21":"product_tag-suppliers","22":"product_tag-water-bottle-custom-logo","23":"product_tag-water-bottle-sleeve","24":"product_tag-water-bottles-leak-proof-bpa-free-sports-bottle","25":"product_tag-wholesale","27":"first","28":"instock","29":"shipping-taxable","30":"product-type-simple"},"acf":[],"yoast_head":"<!-- This site is optimized with the Yoast SEO Premium plugin v27.3 (Yoast SEO v27.3) - https:\/\/yoast.com\/product\/yoast-seo-premium-wordpress\/ -->\n<title>Double Wall Vacuum Insulated Water Bottle - Diller Water Bottle Manufacturer<\/title>\n<meta name=\"description\" content=\"As one of the best double wall vacuum insulated water bottle manufacturers and suppliers, we are engaged in manufacturing good quality water bottles. We warmly welcome you to wholesale or buy custom made double wall vacuum insulated water bottle at competitive price from us. Also, small quantity orders are acceptable.\" \/>\n<meta name=\"robots\" content=\"index, follow, max-snippet:-1, max-image-preview:large, max-video-preview:-1\" \/>\n<link rel=\"canonical\" href=\"https:\/\/www.dillerbottle.com\/de\/produkte\/doppelwandige-vakuumisolierte-wasserflasche\" \/>\n<meta property=\"og:locale\" content=\"de_DE\" \/>\n<meta property=\"og:type\" content=\"article\" \/>\n<meta property=\"og:title\" content=\"Double Wall Vacuum Insulated Water Bottle\" \/>\n<meta property=\"og:description\" content=\"As one of the best double wall vacuum insulated water bottle manufacturers and suppliers, we are engaged in manufacturing good quality water bottles. We warmly welcome you to wholesale or buy custom made double wall vacuum insulated water bottle at competitive price from us. Also, small quantity orders are acceptable.\" \/>\n<meta property=\"og:url\" content=\"https:\/\/www.dillerbottle.com\/de\/produkte\/doppelwandige-vakuumisolierte-wasserflasche\" \/>\n<meta property=\"og:site_name\" content=\"Diller Water Bottle Manufacturer\" \/>\n<meta property=\"article:modified_time\" content=\"2025-07-08T09:48:42+00:00\" \/>\n<meta property=\"og:image\" content=\"https:\/\/www.dillerbottle.com\/wp-content\/uploads\/2024\/09\/double-wall-vacuum-insulated-water-bottle14320980887.jpg\" \/>\n\t<meta property=\"og:image:width\" content=\"730\" \/>\n\t<meta property=\"og:image:height\" content=\"730\" \/>\n\t<meta property=\"og:image:type\" content=\"image\/jpeg\" \/>\n<meta name=\"twitter:card\" content=\"summary_large_image\" \/>\n<meta name=\"twitter:label1\" content=\"Gesch\u00e4tzte Lesezeit\" \/>\n\t<meta name=\"twitter:data1\" content=\"2\u00a0Minuten\" \/>\n<script type=\"application\/ld+json\" class=\"yoast-schema-graph\">{\"@context\":\"https:\\\/\\\/schema.org\",\"@graph\":[{\"@type\":\"WebPage\",\"@id\":\"https:\\\/\\\/www.dillerbottle.com\\\/fr\\\/produits\\\/bouteille-deau-isolee-sous-vide-a-double-paroi\",\"url\":\"https:\\\/\\\/www.dillerbottle.com\\\/fr\\\/produits\\\/bouteille-deau-isolee-sous-vide-a-double-paroi\",\"name\":\"Double Wall Vacuum Insulated Water Bottle - Diller Water Bottle Manufacturer\",\"isPartOf\":{\"@id\":\"https:\\\/\\\/www.dillerbottle.com\\\/#website\"},\"primaryImageOfPage\":{\"@id\":\"https:\\\/\\\/www.dillerbottle.com\\\/fr\\\/produits\\\/bouteille-deau-isolee-sous-vide-a-double-paroi#primaryimage\"},\"image\":{\"@id\":\"https:\\\/\\\/www.dillerbottle.com\\\/fr\\\/produits\\\/bouteille-deau-isolee-sous-vide-a-double-paroi#primaryimage\"},\"thumbnailUrl\":\"https:\\\/\\\/www.dillerbottle.com\\\/wp-content\\\/uploads\\\/2024\\\/09\\\/double-wall-vacuum-insulated-water-bottle14320980887.jpg\",\"datePublished\":\"2024-09-29T07:03:58+00:00\",\"dateModified\":\"2025-07-08T09:48:42+00:00\",\"description\":\"As one of the best double wall vacuum insulated water bottle manufacturers and suppliers, we are engaged in manufacturing good quality water bottles. We warmly welcome you to wholesale or buy custom made double wall vacuum insulated water bottle at competitive price from us. Also, small quantity orders are acceptable.\",\"breadcrumb\":{\"@id\":\"https:\\\/\\\/www.dillerbottle.com\\\/fr\\\/produits\\\/bouteille-deau-isolee-sous-vide-a-double-paroi#breadcrumb\"},\"inLanguage\":\"de\",\"potentialAction\":[{\"@type\":\"ReadAction\",\"target\":[\"https:\\\/\\\/www.dillerbottle.com\\\/fr\\\/produits\\\/bouteille-deau-isolee-sous-vide-a-double-paroi\"]}]},{\"@type\":\"ImageObject\",\"inLanguage\":\"de\",\"@id\":\"https:\\\/\\\/www.dillerbottle.com\\\/fr\\\/produits\\\/bouteille-deau-isolee-sous-vide-a-double-paroi#primaryimage\",\"url\":\"https:\\\/\\\/www.dillerbottle.com\\\/wp-content\\\/uploads\\\/2024\\\/09\\\/double-wall-vacuum-insulated-water-bottle14320980887.jpg\",\"contentUrl\":\"https:\\\/\\\/www.dillerbottle.com\\\/wp-content\\\/uploads\\\/2024\\\/09\\\/double-wall-vacuum-insulated-water-bottle14320980887.jpg\",\"width\":730,\"height\":730},{\"@type\":\"BreadcrumbList\",\"@id\":\"https:\\\/\\\/www.dillerbottle.com\\\/fr\\\/produits\\\/bouteille-deau-isolee-sous-vide-a-double-paroi#breadcrumb\",\"itemListElement\":[{\"@type\":\"ListItem\",\"position\":1,\"name\":\"Home\",\"item\":\"https:\\\/\\\/www.dillerbottle.com\\\/\"},{\"@type\":\"ListItem\",\"position\":2,\"name\":\"Products\",\"item\":\"https:\\\/\\\/www.dillerbottle.com\\\/shop\"},{\"@type\":\"ListItem\",\"position\":3,\"name\":\"Double Wall Vacuum Insulated Water Bottle\"}]},{\"@type\":\"WebSite\",\"@id\":\"https:\\\/\\\/www.dillerbottle.com\\\/#website\",\"url\":\"https:\\\/\\\/www.dillerbottle.com\\\/\",\"name\":\"Diller Water Bottle Manufacturer\",\"description\":\"Water Bottle Manufacturer\",\"publisher\":{\"@id\":\"https:\\\/\\\/www.dillerbottle.com\\\/#organization\"},\"potentialAction\":[{\"@type\":\"SearchAction\",\"target\":{\"@type\":\"EntryPoint\",\"urlTemplate\":\"https:\\\/\\\/www.dillerbottle.com\\\/?s={search_term_string}\"},\"query-input\":{\"@type\":\"PropertyValueSpecification\",\"valueRequired\":true,\"valueName\":\"search_term_string\"}}],\"inLanguage\":\"de\"},{\"@type\":\"Organization\",\"@id\":\"https:\\\/\\\/www.dillerbottle.com\\\/#organization\",\"name\":\"Diller Water Bottle Manufacturer\",\"url\":\"https:\\\/\\\/www.dillerbottle.com\\\/\",\"logo\":{\"@type\":\"ImageObject\",\"inLanguage\":\"de\",\"@id\":\"https:\\\/\\\/www.dillerbottle.com\\\/#\\\/schema\\\/logo\\\/image\\\/\",\"url\":\"https:\\\/\\\/www.dillerbottle.com\\\/wp-content\\\/uploads\\\/2024\\\/09\\\/49918bfa848dcc1e9f8b509933603ac.png\",\"contentUrl\":\"https:\\\/\\\/www.dillerbottle.com\\\/wp-content\\\/uploads\\\/2024\\\/09\\\/49918bfa848dcc1e9f8b509933603ac.png\",\"width\":988,\"height\":198,\"caption\":\"Diller Water Bottle Manufacturer\"},\"image\":{\"@id\":\"https:\\\/\\\/www.dillerbottle.com\\\/#\\\/schema\\\/logo\\\/image\\\/\"}}]}<\/script>\n<!-- \/ Yoast SEO Premium plugin. -->","yoast_head_json":{"title":"Doppelwandige, vakuumisolierte Wasserflasche - Diller Wasserflaschenhersteller","description":"Als einer der besten Hersteller und Lieferanten von doppelwandigen, vakuumisolierten Wasserflaschen sind wir auf die Herstellung qualitativ hochwertiger Wasserflaschen spezialisiert. Wir hei\u00dfen Sie herzlich willkommen, doppelwandige, vakuumisolierte Wasserflaschen im Gro\u00dfhandel zu kaufen oder zu einem wettbewerbsf\u00e4higen Preis bei uns zu kaufen. Auch Bestellungen in kleinen Mengen sind akzeptabel.","robots":{"index":"index","follow":"follow","max-snippet":"max-snippet:-1","max-image-preview":"max-image-preview:large","max-video-preview":"max-video-preview:-1"},"canonical":"https:\/\/www.dillerbottle.com\/de\/produkte\/doppelwandige-vakuumisolierte-wasserflasche","og_locale":"de_DE","og_type":"article","og_title":"Double Wall Vacuum Insulated Water Bottle","og_description":"As one of the best double wall vacuum insulated water bottle manufacturers and suppliers, we are engaged in manufacturing good quality water bottles. We warmly welcome you to wholesale or buy custom made double wall vacuum insulated water bottle at competitive price from us. Also, small quantity orders are acceptable.","og_url":"https:\/\/www.dillerbottle.com\/de\/produkte\/doppelwandige-vakuumisolierte-wasserflasche","og_site_name":"Diller Water Bottle Manufacturer","article_modified_time":"2025-07-08T09:48:42+00:00","og_image":[{"width":730,"height":730,"url":"https:\/\/www.dillerbottle.com\/wp-content\/uploads\/2024\/09\/double-wall-vacuum-insulated-water-bottle14320980887.jpg","type":"image\/jpeg"}],"twitter_card":"summary_large_image","twitter_misc":{"Gesch\u00e4tzte Lesezeit":"2\u00a0Minuten"},"schema":{"@context":"https:\/\/schema.org","@graph":[{"@type":"WebPage","@id":"https:\/\/www.dillerbottle.com\/fr\/produits\/bouteille-deau-isolee-sous-vide-a-double-paroi","url":"https:\/\/www.dillerbottle.com\/fr\/produits\/bouteille-deau-isolee-sous-vide-a-double-paroi","name":"Doppelwandige, vakuumisolierte Wasserflasche - Diller Wasserflaschenhersteller","isPartOf":{"@id":"https:\/\/www.dillerbottle.com\/#website"},"primaryImageOfPage":{"@id":"https:\/\/www.dillerbottle.com\/fr\/produits\/bouteille-deau-isolee-sous-vide-a-double-paroi#primaryimage"},"image":{"@id":"https:\/\/www.dillerbottle.com\/fr\/produits\/bouteille-deau-isolee-sous-vide-a-double-paroi#primaryimage"},"thumbnailUrl":"https:\/\/www.dillerbottle.com\/wp-content\/uploads\/2024\/09\/double-wall-vacuum-insulated-water-bottle14320980887.jpg","datePublished":"2024-09-29T07:03:58+00:00","dateModified":"2025-07-08T09:48:42+00:00","description":"Als einer der besten Hersteller und Lieferanten von doppelwandigen, vakuumisolierten Wasserflaschen sind wir auf die Herstellung qualitativ hochwertiger Wasserflaschen spezialisiert. Wir hei\u00dfen Sie herzlich willkommen, doppelwandige, vakuumisolierte Wasserflaschen im Gro\u00dfhandel zu kaufen oder zu einem wettbewerbsf\u00e4higen Preis bei uns zu kaufen. Auch Bestellungen in kleinen Mengen sind akzeptabel.","breadcrumb":{"@id":"https:\/\/www.dillerbottle.com\/fr\/produits\/bouteille-deau-isolee-sous-vide-a-double-paroi#breadcrumb"},"inLanguage":"de","potentialAction":[{"@type":"ReadAction","target":["https:\/\/www.dillerbottle.com\/fr\/produits\/bouteille-deau-isolee-sous-vide-a-double-paroi"]}]},{"@type":"ImageObject","inLanguage":"de","@id":"https:\/\/www.dillerbottle.com\/fr\/produits\/bouteille-deau-isolee-sous-vide-a-double-paroi#primaryimage","url":"https:\/\/www.dillerbottle.com\/wp-content\/uploads\/2024\/09\/double-wall-vacuum-insulated-water-bottle14320980887.jpg","contentUrl":"https:\/\/www.dillerbottle.com\/wp-content\/uploads\/2024\/09\/double-wall-vacuum-insulated-water-bottle14320980887.jpg","width":730,"height":730},{"@type":"BreadcrumbList","@id":"https:\/\/www.dillerbottle.com\/fr\/produits\/bouteille-deau-isolee-sous-vide-a-double-paroi#breadcrumb","itemListElement":[{"@type":"ListItem","position":1,"name":"Home","item":"https:\/\/www.dillerbottle.com\/"},{"@type":"ListItem","position":2,"name":"Products","item":"https:\/\/www.dillerbottle.com\/shop"},{"@type":"ListItem","position":3,"name":"Double Wall Vacuum Insulated Water Bottle"}]},{"@type":"WebSite","@id":"https:\/\/www.dillerbottle.com\/#website","url":"https:\/\/www.dillerbottle.com\/","name":"Diller Wasserflaschenhersteller","description":"Wasserflaschenhersteller","publisher":{"@id":"https:\/\/www.dillerbottle.com\/#organization"},"potentialAction":[{"@type":"SearchAction","target":{"@type":"EntryPoint","urlTemplate":"https:\/\/www.dillerbottle.com\/?s={search_term_string}"},"query-input":{"@type":"PropertyValueSpecification","valueRequired":true,"valueName":"search_term_string"}}],"inLanguage":"de"},{"@type":"Organization","@id":"https:\/\/www.dillerbottle.com\/#organization","name":"Diller Wasserflaschenhersteller","url":"https:\/\/www.dillerbottle.com\/","logo":{"@type":"ImageObject","inLanguage":"de","@id":"https:\/\/www.dillerbottle.com\/#\/schema\/logo\/image\/","url":"https:\/\/www.dillerbottle.com\/wp-content\/uploads\/2024\/09\/49918bfa848dcc1e9f8b509933603ac.png","contentUrl":"https:\/\/www.dillerbottle.com\/wp-content\/uploads\/2024\/09\/49918bfa848dcc1e9f8b509933603ac.png","width":988,"height":198,"caption":"Diller Water Bottle Manufacturer"},"image":{"@id":"https:\/\/www.dillerbottle.com\/#\/schema\/logo\/image\/"}}]}},"_links":{"self":[{"href":"https:\/\/www.dillerbottle.com\/de\/wp-json\/wp\/v2\/product\/12054","targetHints":{"allow":["GET"]}}],"collection":[{"href":"https:\/\/www.dillerbottle.com\/de\/wp-json\/wp\/v2\/product"}],"about":[{"href":"https:\/\/www.dillerbottle.com\/de\/wp-json\/wp\/v2\/types\/product"}],"replies":[{"embeddable":true,"href":"https:\/\/www.dillerbottle.com\/de\/wp-json\/wp\/v2\/comments?post=12054"}],"wp:featuredmedia":[{"embeddable":true,"href":"https:\/\/www.dillerbottle.com\/de\/wp-json\/wp\/v2\/media\/12055"}],"wp:attachment":[{"href":"https:\/\/www.dillerbottle.com\/de\/wp-json\/wp\/v2\/media?parent=12054"}],"wp:term":[{"taxonomy":"product_brand","embeddable":true,"href":"https:\/\/www.dillerbottle.com\/de\/wp-json\/wp\/v2\/product_brand?post=12054"},{"taxonomy":"product_cat","embeddable":true,"href":"https:\/\/www.dillerbottle.com\/de\/wp-json\/wp\/v2\/product_cat?post=12054"},{"taxonomy":"product_tag","embeddable":true,"href":"https:\/\/www.dillerbottle.com\/de\/wp-json\/wp\/v2\/product_tag?post=12054"}],"curies":[{"name":"wp","href":"https:\/\/api.w.org\/{rel}","templated":true}]}}