{"id":12325,"date":"2024-09-29T15:06:56","date_gmt":"2024-09-29T07:06:56","guid":{"rendered":"https:\/\/demo.dillerbottle.com\/products\/1l-insulated-water-bottle"},"modified":"2025-07-08T17:29:50","modified_gmt":"2025-07-08T09:29:50","slug":"1l-isolierte-wasserflasche","status":"publish","type":"product","link":"https:\/\/www.dillerbottle.com\/de\/products\/1l-insulated-water-bottle","title":{"rendered":"1l Isolierte Wasserflasche"},"content":{"rendered":"<p>Isolierte Wasserflasche mit 1,1 l Fassungsverm\u00f6gen.<\/p>\n<p>2. doppelwandige vakuumisolierte Flasche, die Getr\u00e4nke 12 Stunden lang eiskalt oder 6 Stunden lang hei\u00df h\u00e4lt.<\/p>\n<p>3. diese Thermosflasche aus Edelstahl ist mit einem innovativen, auslaufsicheren, isolierten Deckel ausgestattet, der ein einfaches Trinken oder Ausgie\u00dfen mit einer Hand erm\u00f6glicht. Der Deckel kann auch als kleiner Becher verwendet werden.<\/p>\n<p>OEM und ODM akzeptabel.<br \/>\nWir k\u00f6nnen die Kaffeetasse nach Ihren W\u00fcnschen individualisieren.<br \/>\nWillkommen beim Gro\u00dfhandelskauf, senden Sie jetzt eine Anfrage!<\/p>","protected":false},"excerpt":{"rendered":"<p>Isolierte 1-Liter-Wasserflasche mit gro\u00dfem Fassungsverm\u00f6gen.<br \/>\nDoppelwandige, vakuumisolierte Flasche, die Getr\u00e4nke 12 Stunden lang eiskalt oder 6 Stunden lang hei\u00df h\u00e4lt.<br \/>\nDiese Thermosflasche aus rostfreiem Stahl ist mit einem innovativen, auslaufsicheren, isolierten Deckel ausgestattet, der ein einfaches Trinken oder Ausgie\u00dfen mit einer Hand erm\u00f6glicht. Der Deckel kann auch als kleiner Becher verwendet werden.<br \/>\nOEM und ODM akzeptabel.<\/p>","protected":false},"featured_media":14802,"comment_status":"open","ping_status":"closed","template":"","meta":{"_acf_changed":false},"product_brand":[],"product_cat":[18],"product_tag":[1051,548,32,36,33,31,555,39,38,794,29,37,724,34,35,811,28,30,506],"class_list":{"0":"post-12325","1":"product","2":"type-product","3":"status-publish","4":"has-post-thumbnail","6":"product_cat-insulated-water-bottle","7":"product_tag-1l-insulated-water-bottle","8":"product_tag-anime-water-bottle","9":"product_tag-best","10":"product_tag-bulk","11":"product_tag-buy","12":"product_tag-custom","13":"product_tag-double-walled-insulated-water-bottle","14":"product_tag-for-sale","15":"product_tag-good-quality","16":"product_tag-hydro-flask-water-bottles","17":"product_tag-manufacturers","18":"product_tag-manufacturing","19":"product_tag-personalised-water-bottles","20":"product_tag-price","21":"product_tag-small","22":"product_tag-stylish-water-bottle","23":"product_tag-suppliers","24":"product_tag-wholesale","25":"product_tag-wooden-water-bottles","27":"first","28":"instock","29":"shipping-taxable","30":"product-type-simple"},"acf":[],"yoast_head":"<!-- This site is optimized with the Yoast SEO Premium plugin v27.3 (Yoast SEO v27.3) - https:\/\/yoast.com\/product\/yoast-seo-premium-wordpress\/ -->\n<title>1l Insulated Water Bottle - Diller Water Bottle Manufacturer<\/title>\n<meta name=\"description\" content=\"As one of the best 1l insulated water bottle manufacturers and suppliers, we are engaged in manufacturing good quality water bottles. We warmly welcome you to wholesale or buy custom made 1l insulated water bottle at competitive price from us. Also, small quantity orders are acceptable.\" \/>\n<meta name=\"robots\" content=\"index, follow, max-snippet:-1, max-image-preview:large, max-video-preview:-1\" \/>\n<link rel=\"canonical\" href=\"https:\/\/www.dillerbottle.com\/de\/produkte\/1l-isolierte-wasserflasche\" \/>\n<meta property=\"og:locale\" content=\"de_DE\" \/>\n<meta property=\"og:type\" content=\"article\" \/>\n<meta property=\"og:title\" content=\"1l Insulated Water Bottle\" \/>\n<meta property=\"og:description\" content=\"As one of the best 1l insulated water bottle manufacturers and suppliers, we are engaged in manufacturing good quality water bottles. We warmly welcome you to wholesale or buy custom made 1l insulated water bottle at competitive price from us. Also, small quantity orders are acceptable.\" \/>\n<meta property=\"og:url\" content=\"https:\/\/www.dillerbottle.com\/de\/produkte\/1l-isolierte-wasserflasche\" \/>\n<meta property=\"og:site_name\" content=\"Diller Water Bottle Manufacturer\" \/>\n<meta property=\"article:modified_time\" content=\"2025-07-08T09:29:50+00:00\" \/>\n<meta property=\"og:image\" content=\"https:\/\/www.dillerbottle.com\/wp-content\/uploads\/2024\/09\/1l-insulated-water-bottle-d9271-2.jpg\" \/>\n\t<meta property=\"og:image:width\" content=\"800\" \/>\n\t<meta property=\"og:image:height\" content=\"800\" \/>\n\t<meta property=\"og:image:type\" content=\"image\/jpeg\" \/>\n<meta name=\"twitter:card\" content=\"summary_large_image\" \/>\n<meta name=\"twitter:label1\" content=\"Gesch\u00e4tzte Lesezeit\" \/>\n\t<meta name=\"twitter:data1\" content=\"2\u00a0Minuten\" \/>\n<script type=\"application\/ld+json\" class=\"yoast-schema-graph\">{\"@context\":\"https:\\\/\\\/schema.org\",\"@graph\":[{\"@type\":\"WebPage\",\"@id\":\"https:\\\/\\\/www.dillerbottle.com\\\/ja\\\/%e8%a3%bd%e5%93%81\\\/1l-%e6%96%ad%e7%86%b1%e3%82%a6%e3%82%a9%e3%83%bc%e3%82%bf%e3%83%bc%e3%83%9c%e3%83%88%e3%83%ab\",\"url\":\"https:\\\/\\\/www.dillerbottle.com\\\/ja\\\/%e8%a3%bd%e5%93%81\\\/1l-%e6%96%ad%e7%86%b1%e3%82%a6%e3%82%a9%e3%83%bc%e3%82%bf%e3%83%bc%e3%83%9c%e3%83%88%e3%83%ab\",\"name\":\"1l Insulated Water Bottle - Diller Water Bottle Manufacturer\",\"isPartOf\":{\"@id\":\"https:\\\/\\\/www.dillerbottle.com\\\/#website\"},\"primaryImageOfPage\":{\"@id\":\"https:\\\/\\\/www.dillerbottle.com\\\/ja\\\/%e8%a3%bd%e5%93%81\\\/1l-%e6%96%ad%e7%86%b1%e3%82%a6%e3%82%a9%e3%83%bc%e3%82%bf%e3%83%bc%e3%83%9c%e3%83%88%e3%83%ab#primaryimage\"},\"image\":{\"@id\":\"https:\\\/\\\/www.dillerbottle.com\\\/ja\\\/%e8%a3%bd%e5%93%81\\\/1l-%e6%96%ad%e7%86%b1%e3%82%a6%e3%82%a9%e3%83%bc%e3%82%bf%e3%83%bc%e3%83%9c%e3%83%88%e3%83%ab#primaryimage\"},\"thumbnailUrl\":\"https:\\\/\\\/www.dillerbottle.com\\\/wp-content\\\/uploads\\\/2024\\\/09\\\/1l-insulated-water-bottle-d9271-2.jpg\",\"datePublished\":\"2024-09-29T07:06:56+00:00\",\"dateModified\":\"2025-07-08T09:29:50+00:00\",\"description\":\"As one of the best 1l insulated water bottle manufacturers and suppliers, we are engaged in manufacturing good quality water bottles. We warmly welcome you to wholesale or buy custom made 1l insulated water bottle at competitive price from us. Also, small quantity orders are acceptable.\",\"breadcrumb\":{\"@id\":\"https:\\\/\\\/www.dillerbottle.com\\\/ja\\\/%e8%a3%bd%e5%93%81\\\/1l-%e6%96%ad%e7%86%b1%e3%82%a6%e3%82%a9%e3%83%bc%e3%82%bf%e3%83%bc%e3%83%9c%e3%83%88%e3%83%ab#breadcrumb\"},\"inLanguage\":\"de\",\"potentialAction\":[{\"@type\":\"ReadAction\",\"target\":[\"https:\\\/\\\/www.dillerbottle.com\\\/ja\\\/%e8%a3%bd%e5%93%81\\\/1l-%e6%96%ad%e7%86%b1%e3%82%a6%e3%82%a9%e3%83%bc%e3%82%bf%e3%83%bc%e3%83%9c%e3%83%88%e3%83%ab\"]}]},{\"@type\":\"ImageObject\",\"inLanguage\":\"de\",\"@id\":\"https:\\\/\\\/www.dillerbottle.com\\\/ja\\\/%e8%a3%bd%e5%93%81\\\/1l-%e6%96%ad%e7%86%b1%e3%82%a6%e3%82%a9%e3%83%bc%e3%82%bf%e3%83%bc%e3%83%9c%e3%83%88%e3%83%ab#primaryimage\",\"url\":\"https:\\\/\\\/www.dillerbottle.com\\\/wp-content\\\/uploads\\\/2024\\\/09\\\/1l-insulated-water-bottle-d9271-2.jpg\",\"contentUrl\":\"https:\\\/\\\/www.dillerbottle.com\\\/wp-content\\\/uploads\\\/2024\\\/09\\\/1l-insulated-water-bottle-d9271-2.jpg\",\"width\":800,\"height\":800},{\"@type\":\"BreadcrumbList\",\"@id\":\"https:\\\/\\\/www.dillerbottle.com\\\/ja\\\/%e8%a3%bd%e5%93%81\\\/1l-%e6%96%ad%e7%86%b1%e3%82%a6%e3%82%a9%e3%83%bc%e3%82%bf%e3%83%bc%e3%83%9c%e3%83%88%e3%83%ab#breadcrumb\",\"itemListElement\":[{\"@type\":\"ListItem\",\"position\":1,\"name\":\"Home\",\"item\":\"https:\\\/\\\/www.dillerbottle.com\\\/\"},{\"@type\":\"ListItem\",\"position\":2,\"name\":\"Products\",\"item\":\"https:\\\/\\\/www.dillerbottle.com\\\/shop\"},{\"@type\":\"ListItem\",\"position\":3,\"name\":\"1l Insulated Water Bottle\"}]},{\"@type\":\"WebSite\",\"@id\":\"https:\\\/\\\/www.dillerbottle.com\\\/#website\",\"url\":\"https:\\\/\\\/www.dillerbottle.com\\\/\",\"name\":\"Diller Water Bottle Manufacturer\",\"description\":\"Water Bottle Manufacturer\",\"publisher\":{\"@id\":\"https:\\\/\\\/www.dillerbottle.com\\\/#organization\"},\"potentialAction\":[{\"@type\":\"SearchAction\",\"target\":{\"@type\":\"EntryPoint\",\"urlTemplate\":\"https:\\\/\\\/www.dillerbottle.com\\\/?s={search_term_string}\"},\"query-input\":{\"@type\":\"PropertyValueSpecification\",\"valueRequired\":true,\"valueName\":\"search_term_string\"}}],\"inLanguage\":\"de\"},{\"@type\":\"Organization\",\"@id\":\"https:\\\/\\\/www.dillerbottle.com\\\/#organization\",\"name\":\"Diller Water Bottle Manufacturer\",\"url\":\"https:\\\/\\\/www.dillerbottle.com\\\/\",\"logo\":{\"@type\":\"ImageObject\",\"inLanguage\":\"de\",\"@id\":\"https:\\\/\\\/www.dillerbottle.com\\\/#\\\/schema\\\/logo\\\/image\\\/\",\"url\":\"https:\\\/\\\/www.dillerbottle.com\\\/wp-content\\\/uploads\\\/2024\\\/09\\\/49918bfa848dcc1e9f8b509933603ac.png\",\"contentUrl\":\"https:\\\/\\\/www.dillerbottle.com\\\/wp-content\\\/uploads\\\/2024\\\/09\\\/49918bfa848dcc1e9f8b509933603ac.png\",\"width\":988,\"height\":198,\"caption\":\"Diller Water Bottle Manufacturer\"},\"image\":{\"@id\":\"https:\\\/\\\/www.dillerbottle.com\\\/#\\\/schema\\\/logo\\\/image\\\/\"}}]}<\/script>\n<!-- \/ Yoast SEO Premium plugin. -->","yoast_head_json":{"title":"1l Isolierte Wasserflasche - Diller Wasserflasche Hersteller","description":"Als einer der besten 1l isolierte Wasserflasche Hersteller und Lieferanten, sind wir in der Herstellung guter Qualit\u00e4t Wasserflaschen besch\u00e4ftigt. Wir hei\u00dfen Sie herzlich willkommen, Gro\u00dfhandel oder kaufen ma\u00dfgeschneiderte 1l isolierte Wasserflasche zu wettbewerbsf\u00e4higen Preisen von uns. Auch kleine Menge Bestellungen sind akzeptabel.","robots":{"index":"index","follow":"follow","max-snippet":"max-snippet:-1","max-image-preview":"max-image-preview:large","max-video-preview":"max-video-preview:-1"},"canonical":"https:\/\/www.dillerbottle.com\/de\/produkte\/1l-isolierte-wasserflasche","og_locale":"de_DE","og_type":"article","og_title":"1l Insulated Water Bottle","og_description":"As one of the best 1l insulated water bottle manufacturers and suppliers, we are engaged in manufacturing good quality water bottles. We warmly welcome you to wholesale or buy custom made 1l insulated water bottle at competitive price from us. Also, small quantity orders are acceptable.","og_url":"https:\/\/www.dillerbottle.com\/de\/produkte\/1l-isolierte-wasserflasche","og_site_name":"Diller Water Bottle Manufacturer","article_modified_time":"2025-07-08T09:29:50+00:00","og_image":[{"width":800,"height":800,"url":"https:\/\/www.dillerbottle.com\/wp-content\/uploads\/2024\/09\/1l-insulated-water-bottle-d9271-2.jpg","type":"image\/jpeg"}],"twitter_card":"summary_large_image","twitter_misc":{"Gesch\u00e4tzte Lesezeit":"2\u00a0Minuten"},"schema":{"@context":"https:\/\/schema.org","@graph":[{"@type":"WebPage","@id":"https:\/\/www.dillerbottle.com\/ja\/%e8%a3%bd%e5%93%81\/1l-%e6%96%ad%e7%86%b1%e3%82%a6%e3%82%a9%e3%83%bc%e3%82%bf%e3%83%bc%e3%83%9c%e3%83%88%e3%83%ab","url":"https:\/\/www.dillerbottle.com\/ja\/%e8%a3%bd%e5%93%81\/1l-%e6%96%ad%e7%86%b1%e3%82%a6%e3%82%a9%e3%83%bc%e3%82%bf%e3%83%bc%e3%83%9c%e3%83%88%e3%83%ab","name":"1l Isolierte Wasserflasche - Diller Wasserflasche Hersteller","isPartOf":{"@id":"https:\/\/www.dillerbottle.com\/#website"},"primaryImageOfPage":{"@id":"https:\/\/www.dillerbottle.com\/ja\/%e8%a3%bd%e5%93%81\/1l-%e6%96%ad%e7%86%b1%e3%82%a6%e3%82%a9%e3%83%bc%e3%82%bf%e3%83%bc%e3%83%9c%e3%83%88%e3%83%ab#primaryimage"},"image":{"@id":"https:\/\/www.dillerbottle.com\/ja\/%e8%a3%bd%e5%93%81\/1l-%e6%96%ad%e7%86%b1%e3%82%a6%e3%82%a9%e3%83%bc%e3%82%bf%e3%83%bc%e3%83%9c%e3%83%88%e3%83%ab#primaryimage"},"thumbnailUrl":"https:\/\/www.dillerbottle.com\/wp-content\/uploads\/2024\/09\/1l-insulated-water-bottle-d9271-2.jpg","datePublished":"2024-09-29T07:06:56+00:00","dateModified":"2025-07-08T09:29:50+00:00","description":"Als einer der besten 1l isolierte Wasserflasche Hersteller und Lieferanten, sind wir in der Herstellung guter Qualit\u00e4t Wasserflaschen besch\u00e4ftigt. Wir hei\u00dfen Sie herzlich willkommen, Gro\u00dfhandel oder kaufen ma\u00dfgeschneiderte 1l isolierte Wasserflasche zu wettbewerbsf\u00e4higen Preisen von uns. Auch kleine Menge Bestellungen sind akzeptabel.","breadcrumb":{"@id":"https:\/\/www.dillerbottle.com\/ja\/%e8%a3%bd%e5%93%81\/1l-%e6%96%ad%e7%86%b1%e3%82%a6%e3%82%a9%e3%83%bc%e3%82%bf%e3%83%bc%e3%83%9c%e3%83%88%e3%83%ab#breadcrumb"},"inLanguage":"de","potentialAction":[{"@type":"ReadAction","target":["https:\/\/www.dillerbottle.com\/ja\/%e8%a3%bd%e5%93%81\/1l-%e6%96%ad%e7%86%b1%e3%82%a6%e3%82%a9%e3%83%bc%e3%82%bf%e3%83%bc%e3%83%9c%e3%83%88%e3%83%ab"]}]},{"@type":"ImageObject","inLanguage":"de","@id":"https:\/\/www.dillerbottle.com\/ja\/%e8%a3%bd%e5%93%81\/1l-%e6%96%ad%e7%86%b1%e3%82%a6%e3%82%a9%e3%83%bc%e3%82%bf%e3%83%bc%e3%83%9c%e3%83%88%e3%83%ab#primaryimage","url":"https:\/\/www.dillerbottle.com\/wp-content\/uploads\/2024\/09\/1l-insulated-water-bottle-d9271-2.jpg","contentUrl":"https:\/\/www.dillerbottle.com\/wp-content\/uploads\/2024\/09\/1l-insulated-water-bottle-d9271-2.jpg","width":800,"height":800},{"@type":"BreadcrumbList","@id":"https:\/\/www.dillerbottle.com\/ja\/%e8%a3%bd%e5%93%81\/1l-%e6%96%ad%e7%86%b1%e3%82%a6%e3%82%a9%e3%83%bc%e3%82%bf%e3%83%bc%e3%83%9c%e3%83%88%e3%83%ab#breadcrumb","itemListElement":[{"@type":"ListItem","position":1,"name":"Home","item":"https:\/\/www.dillerbottle.com\/"},{"@type":"ListItem","position":2,"name":"Products","item":"https:\/\/www.dillerbottle.com\/shop"},{"@type":"ListItem","position":3,"name":"1l Insulated Water Bottle"}]},{"@type":"WebSite","@id":"https:\/\/www.dillerbottle.com\/#website","url":"https:\/\/www.dillerbottle.com\/","name":"Diller Wasserflaschenhersteller","description":"Wasserflaschenhersteller","publisher":{"@id":"https:\/\/www.dillerbottle.com\/#organization"},"potentialAction":[{"@type":"SearchAction","target":{"@type":"EntryPoint","urlTemplate":"https:\/\/www.dillerbottle.com\/?s={search_term_string}"},"query-input":{"@type":"PropertyValueSpecification","valueRequired":true,"valueName":"search_term_string"}}],"inLanguage":"de"},{"@type":"Organization","@id":"https:\/\/www.dillerbottle.com\/#organization","name":"Diller Wasserflaschenhersteller","url":"https:\/\/www.dillerbottle.com\/","logo":{"@type":"ImageObject","inLanguage":"de","@id":"https:\/\/www.dillerbottle.com\/#\/schema\/logo\/image\/","url":"https:\/\/www.dillerbottle.com\/wp-content\/uploads\/2024\/09\/49918bfa848dcc1e9f8b509933603ac.png","contentUrl":"https:\/\/www.dillerbottle.com\/wp-content\/uploads\/2024\/09\/49918bfa848dcc1e9f8b509933603ac.png","width":988,"height":198,"caption":"Diller Water Bottle Manufacturer"},"image":{"@id":"https:\/\/www.dillerbottle.com\/#\/schema\/logo\/image\/"}}]}},"_links":{"self":[{"href":"https:\/\/www.dillerbottle.com\/de\/wp-json\/wp\/v2\/product\/12325","targetHints":{"allow":["GET"]}}],"collection":[{"href":"https:\/\/www.dillerbottle.com\/de\/wp-json\/wp\/v2\/product"}],"about":[{"href":"https:\/\/www.dillerbottle.com\/de\/wp-json\/wp\/v2\/types\/product"}],"replies":[{"embeddable":true,"href":"https:\/\/www.dillerbottle.com\/de\/wp-json\/wp\/v2\/comments?post=12325"}],"wp:featuredmedia":[{"embeddable":true,"href":"https:\/\/www.dillerbottle.com\/de\/wp-json\/wp\/v2\/media\/14802"}],"wp:attachment":[{"href":"https:\/\/www.dillerbottle.com\/de\/wp-json\/wp\/v2\/media?parent=12325"}],"wp:term":[{"taxonomy":"product_brand","embeddable":true,"href":"https:\/\/www.dillerbottle.com\/de\/wp-json\/wp\/v2\/product_brand?post=12325"},{"taxonomy":"product_cat","embeddable":true,"href":"https:\/\/www.dillerbottle.com\/de\/wp-json\/wp\/v2\/product_cat?post=12325"},{"taxonomy":"product_tag","embeddable":true,"href":"https:\/\/www.dillerbottle.com\/de\/wp-json\/wp\/v2\/product_tag?post=12325"}],"curies":[{"name":"wp","href":"https:\/\/api.w.org\/{rel}","templated":true}]}}