{"id":12335,"date":"2024-09-29T15:07:02","date_gmt":"2024-09-29T07:07:02","guid":{"rendered":"https:\/\/demo.dillerbottle.com\/products\/double-wall-insulated-water-bottle"},"modified":"2025-07-08T17:24:38","modified_gmt":"2025-07-08T09:24:38","slug":"doppelwandige-isolierte-wasserflasche","status":"publish","type":"product","link":"https:\/\/www.dillerbottle.com\/de\/products\/double-wall-insulated-water-bottle","title":{"rendered":"Doppelwandige isolierte Wasserflasche"},"content":{"rendered":"<p>1. Ein-Knopf-Bedienung, Sicherheitssperre verhindert das versehentliche Dr\u00fccken des Knopfes.<\/p>\n<p>2. Doppelwandige isolierte Wasserflasche h\u00e4lt Getr\u00e4nke 12 Stunden lang kalt und 6 Stunden lang hei\u00df.<\/p>\n<p>3. Die Edelstahl-Vakuum-Wasserflasche wird aus hochwertigem, lebensmittelechtem und BPA-freiem Edelstahl 316 hergestellt.<\/p>\n<p>4. Gro\u00dfbestellungen mit geringer Mindestbestellmenge sind akzeptabel.<\/p>\n<p>OEM und ODM akzeptabel.<br \/>\nWir k\u00f6nnen die Kaffeetasse nach Ihren W\u00fcnschen individualisieren.<br \/>\nWillkommen beim Gro\u00dfhandelskauf, senden Sie jetzt eine Anfrage!<\/p>","protected":false},"excerpt":{"rendered":"<p>Die Ein-Knopf-Sicherheitsverriegelung verhindert das versehentliche Dr\u00fccken des Knopfes.<br \/>\nDoppelwandige isolierte Wasserflasche h\u00e4lt Getr\u00e4nke 12 Stunden lang kalt und 6 Stunden lang hei\u00df.<br \/>\nDie Edelstahl-Vakuum-Wasserflasche wird aus hochwertigem, lebensmittelechtem und BPA-freiem Edelstahl 316 hergestellt.<br \/>\nOEM und ODM akzeptabel.<\/p>","protected":false},"featured_media":14789,"comment_status":"open","ping_status":"closed","template":"","meta":{"_acf_changed":false},"product_brand":[],"product_cat":[18],"product_tag":[32,36,33,31,887,1052,39,38,794,711,29,37,34,35,28,685,842,560,30],"class_list":{"0":"post-12335","1":"product","2":"type-product","3":"status-publish","4":"has-post-thumbnail","6":"product_cat-insulated-water-bottle","7":"product_tag-best","8":"product_tag-bulk","9":"product_tag-buy","10":"product_tag-custom","11":"product_tag-double-insulate-water-bottle","12":"product_tag-double-wall-insulated-water-bottle","13":"product_tag-for-sale","14":"product_tag-good-quality","15":"product_tag-hydro-flask-water-bottles","16":"product_tag-insulated-stainless-steel-water-bottle","17":"product_tag-manufacturers","18":"product_tag-manufacturing","19":"product_tag-price","20":"product_tag-small","21":"product_tag-suppliers","22":"product_tag-water-bottle-custom-logo","23":"product_tag-water-bottle-new-design","24":"product_tag-water-bottle-with-sleeve","25":"product_tag-wholesale","27":"first","28":"instock","29":"shipping-taxable","30":"product-type-simple"},"acf":[],"yoast_head":"<!-- This site is optimized with the Yoast SEO Premium plugin v27.3 (Yoast SEO v27.3) - https:\/\/yoast.com\/product\/yoast-seo-premium-wordpress\/ -->\n<title>Double Wall Insulated Water Bottle - Diller Water Bottle Manufacturer<\/title>\n<meta name=\"description\" content=\"As one of the best double wall insulated water bottle manufacturers and suppliers, we are engaged in manufacturing good quality water bottles. We warmly welcome you to wholesale or buy custom made double wall insulated water bottle at competitive price from us. Also, small quantity orders are acceptable.\" \/>\n<meta name=\"robots\" content=\"index, follow, max-snippet:-1, max-image-preview:large, max-video-preview:-1\" \/>\n<link rel=\"canonical\" href=\"https:\/\/www.dillerbottle.com\/de\/produkte\/doppelwandige-isolierte-wasserflasche\" \/>\n<meta property=\"og:locale\" content=\"de_DE\" \/>\n<meta property=\"og:type\" content=\"article\" \/>\n<meta property=\"og:title\" content=\"Double Wall Insulated Water Bottle\" \/>\n<meta property=\"og:description\" content=\"As one of the best double wall insulated water bottle manufacturers and suppliers, we are engaged in manufacturing good quality water bottles. We warmly welcome you to wholesale or buy custom made double wall insulated water bottle at competitive price from us. Also, small quantity orders are acceptable.\" \/>\n<meta property=\"og:url\" content=\"https:\/\/www.dillerbottle.com\/de\/produkte\/doppelwandige-isolierte-wasserflasche\" \/>\n<meta property=\"og:site_name\" content=\"Diller Water Bottle Manufacturer\" \/>\n<meta property=\"article:modified_time\" content=\"2025-07-08T09:24:38+00:00\" \/>\n<meta property=\"og:image\" content=\"https:\/\/www.dillerbottle.com\/wp-content\/uploads\/2024\/09\/double-wall-insulated-water-bottle-9192-3.jpg\" \/>\n\t<meta property=\"og:image:width\" content=\"800\" \/>\n\t<meta property=\"og:image:height\" content=\"800\" \/>\n\t<meta property=\"og:image:type\" content=\"image\/jpeg\" \/>\n<meta name=\"twitter:card\" content=\"summary_large_image\" \/>\n<meta name=\"twitter:label1\" content=\"Gesch\u00e4tzte Lesezeit\" \/>\n\t<meta name=\"twitter:data1\" content=\"3\u00a0Minuten\" \/>\n<script type=\"application\/ld+json\" class=\"yoast-schema-graph\">{\"@context\":\"https:\\\/\\\/schema.org\",\"@graph\":[{\"@type\":\"WebPage\",\"@id\":\"https:\\\/\\\/www.dillerbottle.com\\\/ar\\\/%d9%85%d9%86%d8%aa%d8%ac%d8%a7%d8%aa\\\/%d8%b2%d8%ac%d8%a7%d8%ac%d8%a9-%d9%85%d8%a7%d8%a1-%d9%85%d8%b9%d8%b2%d9%88%d9%84%d8%a9-%d8%a8%d8%ac%d8%af%d8%a7%d8%b1-%d9%85%d8%b2%d8%af%d9%88%d8%ac\",\"url\":\"https:\\\/\\\/www.dillerbottle.com\\\/ar\\\/%d9%85%d9%86%d8%aa%d8%ac%d8%a7%d8%aa\\\/%d8%b2%d8%ac%d8%a7%d8%ac%d8%a9-%d9%85%d8%a7%d8%a1-%d9%85%d8%b9%d8%b2%d9%88%d9%84%d8%a9-%d8%a8%d8%ac%d8%af%d8%a7%d8%b1-%d9%85%d8%b2%d8%af%d9%88%d8%ac\",\"name\":\"Double Wall Insulated Water Bottle - Diller Water Bottle Manufacturer\",\"isPartOf\":{\"@id\":\"https:\\\/\\\/www.dillerbottle.com\\\/#website\"},\"primaryImageOfPage\":{\"@id\":\"https:\\\/\\\/www.dillerbottle.com\\\/ar\\\/%d9%85%d9%86%d8%aa%d8%ac%d8%a7%d8%aa\\\/%d8%b2%d8%ac%d8%a7%d8%ac%d8%a9-%d9%85%d8%a7%d8%a1-%d9%85%d8%b9%d8%b2%d9%88%d9%84%d8%a9-%d8%a8%d8%ac%d8%af%d8%a7%d8%b1-%d9%85%d8%b2%d8%af%d9%88%d8%ac#primaryimage\"},\"image\":{\"@id\":\"https:\\\/\\\/www.dillerbottle.com\\\/ar\\\/%d9%85%d9%86%d8%aa%d8%ac%d8%a7%d8%aa\\\/%d8%b2%d8%ac%d8%a7%d8%ac%d8%a9-%d9%85%d8%a7%d8%a1-%d9%85%d8%b9%d8%b2%d9%88%d9%84%d8%a9-%d8%a8%d8%ac%d8%af%d8%a7%d8%b1-%d9%85%d8%b2%d8%af%d9%88%d8%ac#primaryimage\"},\"thumbnailUrl\":\"https:\\\/\\\/www.dillerbottle.com\\\/wp-content\\\/uploads\\\/2024\\\/09\\\/double-wall-insulated-water-bottle-9192-3.jpg\",\"datePublished\":\"2024-09-29T07:07:02+00:00\",\"dateModified\":\"2025-07-08T09:24:38+00:00\",\"description\":\"As one of the best double wall insulated water bottle manufacturers and suppliers, we are engaged in manufacturing good quality water bottles. We warmly welcome you to wholesale or buy custom made double wall insulated water bottle at competitive price from us. Also, small quantity orders are acceptable.\",\"breadcrumb\":{\"@id\":\"https:\\\/\\\/www.dillerbottle.com\\\/ar\\\/%d9%85%d9%86%d8%aa%d8%ac%d8%a7%d8%aa\\\/%d8%b2%d8%ac%d8%a7%d8%ac%d8%a9-%d9%85%d8%a7%d8%a1-%d9%85%d8%b9%d8%b2%d9%88%d9%84%d8%a9-%d8%a8%d8%ac%d8%af%d8%a7%d8%b1-%d9%85%d8%b2%d8%af%d9%88%d8%ac#breadcrumb\"},\"inLanguage\":\"de\",\"potentialAction\":[{\"@type\":\"ReadAction\",\"target\":[\"https:\\\/\\\/www.dillerbottle.com\\\/ar\\\/%d9%85%d9%86%d8%aa%d8%ac%d8%a7%d8%aa\\\/%d8%b2%d8%ac%d8%a7%d8%ac%d8%a9-%d9%85%d8%a7%d8%a1-%d9%85%d8%b9%d8%b2%d9%88%d9%84%d8%a9-%d8%a8%d8%ac%d8%af%d8%a7%d8%b1-%d9%85%d8%b2%d8%af%d9%88%d8%ac\"]}]},{\"@type\":\"ImageObject\",\"inLanguage\":\"de\",\"@id\":\"https:\\\/\\\/www.dillerbottle.com\\\/ar\\\/%d9%85%d9%86%d8%aa%d8%ac%d8%a7%d8%aa\\\/%d8%b2%d8%ac%d8%a7%d8%ac%d8%a9-%d9%85%d8%a7%d8%a1-%d9%85%d8%b9%d8%b2%d9%88%d9%84%d8%a9-%d8%a8%d8%ac%d8%af%d8%a7%d8%b1-%d9%85%d8%b2%d8%af%d9%88%d8%ac#primaryimage\",\"url\":\"https:\\\/\\\/www.dillerbottle.com\\\/wp-content\\\/uploads\\\/2024\\\/09\\\/double-wall-insulated-water-bottle-9192-3.jpg\",\"contentUrl\":\"https:\\\/\\\/www.dillerbottle.com\\\/wp-content\\\/uploads\\\/2024\\\/09\\\/double-wall-insulated-water-bottle-9192-3.jpg\",\"width\":800,\"height\":800},{\"@type\":\"BreadcrumbList\",\"@id\":\"https:\\\/\\\/www.dillerbottle.com\\\/ar\\\/%d9%85%d9%86%d8%aa%d8%ac%d8%a7%d8%aa\\\/%d8%b2%d8%ac%d8%a7%d8%ac%d8%a9-%d9%85%d8%a7%d8%a1-%d9%85%d8%b9%d8%b2%d9%88%d9%84%d8%a9-%d8%a8%d8%ac%d8%af%d8%a7%d8%b1-%d9%85%d8%b2%d8%af%d9%88%d8%ac#breadcrumb\",\"itemListElement\":[{\"@type\":\"ListItem\",\"position\":1,\"name\":\"Home\",\"item\":\"https:\\\/\\\/www.dillerbottle.com\\\/\"},{\"@type\":\"ListItem\",\"position\":2,\"name\":\"Products\",\"item\":\"https:\\\/\\\/www.dillerbottle.com\\\/shop\"},{\"@type\":\"ListItem\",\"position\":3,\"name\":\"Double Wall Insulated Water Bottle\"}]},{\"@type\":\"WebSite\",\"@id\":\"https:\\\/\\\/www.dillerbottle.com\\\/#website\",\"url\":\"https:\\\/\\\/www.dillerbottle.com\\\/\",\"name\":\"Diller Water Bottle Manufacturer\",\"description\":\"Water Bottle Manufacturer\",\"publisher\":{\"@id\":\"https:\\\/\\\/www.dillerbottle.com\\\/#organization\"},\"potentialAction\":[{\"@type\":\"SearchAction\",\"target\":{\"@type\":\"EntryPoint\",\"urlTemplate\":\"https:\\\/\\\/www.dillerbottle.com\\\/?s={search_term_string}\"},\"query-input\":{\"@type\":\"PropertyValueSpecification\",\"valueRequired\":true,\"valueName\":\"search_term_string\"}}],\"inLanguage\":\"de\"},{\"@type\":\"Organization\",\"@id\":\"https:\\\/\\\/www.dillerbottle.com\\\/#organization\",\"name\":\"Diller Water Bottle Manufacturer\",\"url\":\"https:\\\/\\\/www.dillerbottle.com\\\/\",\"logo\":{\"@type\":\"ImageObject\",\"inLanguage\":\"de\",\"@id\":\"https:\\\/\\\/www.dillerbottle.com\\\/#\\\/schema\\\/logo\\\/image\\\/\",\"url\":\"https:\\\/\\\/www.dillerbottle.com\\\/wp-content\\\/uploads\\\/2024\\\/09\\\/49918bfa848dcc1e9f8b509933603ac.png\",\"contentUrl\":\"https:\\\/\\\/www.dillerbottle.com\\\/wp-content\\\/uploads\\\/2024\\\/09\\\/49918bfa848dcc1e9f8b509933603ac.png\",\"width\":988,\"height\":198,\"caption\":\"Diller Water Bottle Manufacturer\"},\"image\":{\"@id\":\"https:\\\/\\\/www.dillerbottle.com\\\/#\\\/schema\\\/logo\\\/image\\\/\"}}]}<\/script>\n<!-- \/ Yoast SEO Premium plugin. -->","yoast_head_json":{"title":"Doppelwandige isolierte Wasserflasche - Diller Wasserflaschenhersteller","description":"Als einer der besten Hersteller und Lieferanten von doppelwandigen Isolierwasserflaschen sind wir auf die Herstellung qualitativ hochwertiger Wasserflaschen spezialisiert. Wir hei\u00dfen Sie herzlich willkommen, doppelwandige Isolierwasserflaschen im Gro\u00dfhandel zu kaufen oder sie zu einem wettbewerbsf\u00e4higen Preis bei uns zu bestellen. Auch Bestellungen in kleinen Mengen sind m\u00f6glich.","robots":{"index":"index","follow":"follow","max-snippet":"max-snippet:-1","max-image-preview":"max-image-preview:large","max-video-preview":"max-video-preview:-1"},"canonical":"https:\/\/www.dillerbottle.com\/de\/produkte\/doppelwandige-isolierte-wasserflasche","og_locale":"de_DE","og_type":"article","og_title":"Double Wall Insulated Water Bottle","og_description":"As one of the best double wall insulated water bottle manufacturers and suppliers, we are engaged in manufacturing good quality water bottles. We warmly welcome you to wholesale or buy custom made double wall insulated water bottle at competitive price from us. Also, small quantity orders are acceptable.","og_url":"https:\/\/www.dillerbottle.com\/de\/produkte\/doppelwandige-isolierte-wasserflasche","og_site_name":"Diller Water Bottle Manufacturer","article_modified_time":"2025-07-08T09:24:38+00:00","og_image":[{"width":800,"height":800,"url":"https:\/\/www.dillerbottle.com\/wp-content\/uploads\/2024\/09\/double-wall-insulated-water-bottle-9192-3.jpg","type":"image\/jpeg"}],"twitter_card":"summary_large_image","twitter_misc":{"Gesch\u00e4tzte Lesezeit":"3\u00a0Minuten"},"schema":{"@context":"https:\/\/schema.org","@graph":[{"@type":"WebPage","@id":"https:\/\/www.dillerbottle.com\/ar\/%d9%85%d9%86%d8%aa%d8%ac%d8%a7%d8%aa\/%d8%b2%d8%ac%d8%a7%d8%ac%d8%a9-%d9%85%d8%a7%d8%a1-%d9%85%d8%b9%d8%b2%d9%88%d9%84%d8%a9-%d8%a8%d8%ac%d8%af%d8%a7%d8%b1-%d9%85%d8%b2%d8%af%d9%88%d8%ac","url":"https:\/\/www.dillerbottle.com\/ar\/%d9%85%d9%86%d8%aa%d8%ac%d8%a7%d8%aa\/%d8%b2%d8%ac%d8%a7%d8%ac%d8%a9-%d9%85%d8%a7%d8%a1-%d9%85%d8%b9%d8%b2%d9%88%d9%84%d8%a9-%d8%a8%d8%ac%d8%af%d8%a7%d8%b1-%d9%85%d8%b2%d8%af%d9%88%d8%ac","name":"Doppelwandige isolierte Wasserflasche - Diller Wasserflaschenhersteller","isPartOf":{"@id":"https:\/\/www.dillerbottle.com\/#website"},"primaryImageOfPage":{"@id":"https:\/\/www.dillerbottle.com\/ar\/%d9%85%d9%86%d8%aa%d8%ac%d8%a7%d8%aa\/%d8%b2%d8%ac%d8%a7%d8%ac%d8%a9-%d9%85%d8%a7%d8%a1-%d9%85%d8%b9%d8%b2%d9%88%d9%84%d8%a9-%d8%a8%d8%ac%d8%af%d8%a7%d8%b1-%d9%85%d8%b2%d8%af%d9%88%d8%ac#primaryimage"},"image":{"@id":"https:\/\/www.dillerbottle.com\/ar\/%d9%85%d9%86%d8%aa%d8%ac%d8%a7%d8%aa\/%d8%b2%d8%ac%d8%a7%d8%ac%d8%a9-%d9%85%d8%a7%d8%a1-%d9%85%d8%b9%d8%b2%d9%88%d9%84%d8%a9-%d8%a8%d8%ac%d8%af%d8%a7%d8%b1-%d9%85%d8%b2%d8%af%d9%88%d8%ac#primaryimage"},"thumbnailUrl":"https:\/\/www.dillerbottle.com\/wp-content\/uploads\/2024\/09\/double-wall-insulated-water-bottle-9192-3.jpg","datePublished":"2024-09-29T07:07:02+00:00","dateModified":"2025-07-08T09:24:38+00:00","description":"Als einer der besten Hersteller und Lieferanten von doppelwandigen Isolierwasserflaschen sind wir auf die Herstellung qualitativ hochwertiger Wasserflaschen spezialisiert. Wir hei\u00dfen Sie herzlich willkommen, doppelwandige Isolierwasserflaschen im Gro\u00dfhandel zu kaufen oder sie zu einem wettbewerbsf\u00e4higen Preis bei uns zu bestellen. Auch Bestellungen in kleinen Mengen sind m\u00f6glich.","breadcrumb":{"@id":"https:\/\/www.dillerbottle.com\/ar\/%d9%85%d9%86%d8%aa%d8%ac%d8%a7%d8%aa\/%d8%b2%d8%ac%d8%a7%d8%ac%d8%a9-%d9%85%d8%a7%d8%a1-%d9%85%d8%b9%d8%b2%d9%88%d9%84%d8%a9-%d8%a8%d8%ac%d8%af%d8%a7%d8%b1-%d9%85%d8%b2%d8%af%d9%88%d8%ac#breadcrumb"},"inLanguage":"de","potentialAction":[{"@type":"ReadAction","target":["https:\/\/www.dillerbottle.com\/ar\/%d9%85%d9%86%d8%aa%d8%ac%d8%a7%d8%aa\/%d8%b2%d8%ac%d8%a7%d8%ac%d8%a9-%d9%85%d8%a7%d8%a1-%d9%85%d8%b9%d8%b2%d9%88%d9%84%d8%a9-%d8%a8%d8%ac%d8%af%d8%a7%d8%b1-%d9%85%d8%b2%d8%af%d9%88%d8%ac"]}]},{"@type":"ImageObject","inLanguage":"de","@id":"https:\/\/www.dillerbottle.com\/ar\/%d9%85%d9%86%d8%aa%d8%ac%d8%a7%d8%aa\/%d8%b2%d8%ac%d8%a7%d8%ac%d8%a9-%d9%85%d8%a7%d8%a1-%d9%85%d8%b9%d8%b2%d9%88%d9%84%d8%a9-%d8%a8%d8%ac%d8%af%d8%a7%d8%b1-%d9%85%d8%b2%d8%af%d9%88%d8%ac#primaryimage","url":"https:\/\/www.dillerbottle.com\/wp-content\/uploads\/2024\/09\/double-wall-insulated-water-bottle-9192-3.jpg","contentUrl":"https:\/\/www.dillerbottle.com\/wp-content\/uploads\/2024\/09\/double-wall-insulated-water-bottle-9192-3.jpg","width":800,"height":800},{"@type":"BreadcrumbList","@id":"https:\/\/www.dillerbottle.com\/ar\/%d9%85%d9%86%d8%aa%d8%ac%d8%a7%d8%aa\/%d8%b2%d8%ac%d8%a7%d8%ac%d8%a9-%d9%85%d8%a7%d8%a1-%d9%85%d8%b9%d8%b2%d9%88%d9%84%d8%a9-%d8%a8%d8%ac%d8%af%d8%a7%d8%b1-%d9%85%d8%b2%d8%af%d9%88%d8%ac#breadcrumb","itemListElement":[{"@type":"ListItem","position":1,"name":"Home","item":"https:\/\/www.dillerbottle.com\/"},{"@type":"ListItem","position":2,"name":"Products","item":"https:\/\/www.dillerbottle.com\/shop"},{"@type":"ListItem","position":3,"name":"Double Wall Insulated Water Bottle"}]},{"@type":"WebSite","@id":"https:\/\/www.dillerbottle.com\/#website","url":"https:\/\/www.dillerbottle.com\/","name":"Diller Wasserflaschenhersteller","description":"Wasserflaschenhersteller","publisher":{"@id":"https:\/\/www.dillerbottle.com\/#organization"},"potentialAction":[{"@type":"SearchAction","target":{"@type":"EntryPoint","urlTemplate":"https:\/\/www.dillerbottle.com\/?s={search_term_string}"},"query-input":{"@type":"PropertyValueSpecification","valueRequired":true,"valueName":"search_term_string"}}],"inLanguage":"de"},{"@type":"Organization","@id":"https:\/\/www.dillerbottle.com\/#organization","name":"Diller Wasserflaschenhersteller","url":"https:\/\/www.dillerbottle.com\/","logo":{"@type":"ImageObject","inLanguage":"de","@id":"https:\/\/www.dillerbottle.com\/#\/schema\/logo\/image\/","url":"https:\/\/www.dillerbottle.com\/wp-content\/uploads\/2024\/09\/49918bfa848dcc1e9f8b509933603ac.png","contentUrl":"https:\/\/www.dillerbottle.com\/wp-content\/uploads\/2024\/09\/49918bfa848dcc1e9f8b509933603ac.png","width":988,"height":198,"caption":"Diller Water Bottle Manufacturer"},"image":{"@id":"https:\/\/www.dillerbottle.com\/#\/schema\/logo\/image\/"}}]}},"_links":{"self":[{"href":"https:\/\/www.dillerbottle.com\/de\/wp-json\/wp\/v2\/product\/12335","targetHints":{"allow":["GET"]}}],"collection":[{"href":"https:\/\/www.dillerbottle.com\/de\/wp-json\/wp\/v2\/product"}],"about":[{"href":"https:\/\/www.dillerbottle.com\/de\/wp-json\/wp\/v2\/types\/product"}],"replies":[{"embeddable":true,"href":"https:\/\/www.dillerbottle.com\/de\/wp-json\/wp\/v2\/comments?post=12335"}],"wp:featuredmedia":[{"embeddable":true,"href":"https:\/\/www.dillerbottle.com\/de\/wp-json\/wp\/v2\/media\/14789"}],"wp:attachment":[{"href":"https:\/\/www.dillerbottle.com\/de\/wp-json\/wp\/v2\/media?parent=12335"}],"wp:term":[{"taxonomy":"product_brand","embeddable":true,"href":"https:\/\/www.dillerbottle.com\/de\/wp-json\/wp\/v2\/product_brand?post=12335"},{"taxonomy":"product_cat","embeddable":true,"href":"https:\/\/www.dillerbottle.com\/de\/wp-json\/wp\/v2\/product_cat?post=12335"},{"taxonomy":"product_tag","embeddable":true,"href":"https:\/\/www.dillerbottle.com\/de\/wp-json\/wp\/v2\/product_tag?post=12335"}],"curies":[{"name":"wp","href":"https:\/\/api.w.org\/{rel}","templated":true}]}}