{"id":17385,"date":"2025-11-18T14:18:31","date_gmt":"2025-11-18T06:18:31","guid":{"rendered":"https:\/\/www.dillerbottle.com\/?post_type=product&#038;p=17385"},"modified":"2025-11-19T17:37:19","modified_gmt":"2025-11-19T09:37:19","slug":"grose-eisblumen-titan-wasserflaschen","status":"publish","type":"product","link":"https:\/\/www.dillerbottle.com\/de\/products\/large-ice-flowers-titanium-water-bottles","title":{"rendered":"Gro\u00dfe Eisblumen-Titan-Wasserflaschen"},"content":{"rendered":"<h2 data-start=\"376\" data-end=\"423\"><strong data-start=\"379\" data-end=\"423\">\u2728 Reintitan TI Serie Reisebecher<\/strong><\/h2>\n<p data-start=\"425\" data-end=\"730\">Die DILLER TI-Serie stellt einen neuen Standard f\u00fcr gesundes Trinkgeschirr dar - sie besteht innen und au\u00dfen vollst\u00e4ndig aus reinem Titan. Titan ist von Natur aus antibakteriell, leicht, korrosionsbest\u00e4ndig und v\u00f6llig frei von Metallgeruch, was es zum sichersten Metall f\u00fcr den direkten Kontakt mit Getr\u00e4nken macht.<\/p>\n<p data-start=\"732\" data-end=\"852\">Dieser Becher wurde f\u00fcr den modernen Lebensstil entwickelt und bietet eine perfekte Mischung aus luxuri\u00f6ser \u00c4sthetik und lang anhaltender Leistung.<\/p>\n<hr data-start=\"854\" data-end=\"857\" \/>\n<h2 data-start=\"859\" data-end=\"881\"><strong data-start=\"862\" data-end=\"881\">\ud83c\udf1f Hauptmerkmale<\/strong><\/h2>\n<h3 data-start=\"883\" data-end=\"921\"><strong data-start=\"887\" data-end=\"921\">\u2714 99%+ Struktur aus Reintitan<\/strong><\/h3>\n<ul data-start=\"922\" data-end=\"1083\">\n<li data-start=\"922\" data-end=\"966\">\n<p data-start=\"924\" data-end=\"966\">Sowohl die Innen- als auch die Au\u00dfenw\u00e4nde sind aus reinem Titan<\/p>\n<\/li>\n<li data-start=\"967\" data-end=\"1015\">\n<p data-start=\"969\" data-end=\"1015\">Keine Schwermetalle, keine Beschichtung, keine chemischen Ger\u00fcche<\/p>\n<\/li>\n<li data-start=\"1016\" data-end=\"1083\">\n<p data-start=\"1018\" data-end=\"1083\">Titan reagiert nicht mit Tee, Kaffee, Saft oder s\u00e4urehaltigen Getr\u00e4nken<\/p>\n<\/li>\n<\/ul>\n<h3 data-start=\"1085\" data-end=\"1128\"><strong data-start=\"1089\" data-end=\"1128\">\u2714 Nat\u00fcrlich antibakteriell &amp; gesund<\/strong><\/h3>\n<ul data-start=\"1129\" data-end=\"1245\">\n<li data-start=\"1129\" data-end=\"1165\">\n<p data-start=\"1131\" data-end=\"1165\">Titan hemmt bakterielles Wachstum<\/p>\n<\/li>\n<li data-start=\"1166\" data-end=\"1208\">\n<p data-start=\"1168\" data-end=\"1208\">H\u00e4lt Getr\u00e4nke ohne Nachgeschmack frisch<\/p>\n<\/li>\n<li data-start=\"1209\" data-end=\"1245\">\n<p data-start=\"1211\" data-end=\"1245\">Ideal f\u00fcr langfristiges t\u00e4gliches Trinken<\/p>\n<\/li>\n<\/ul>\n<h3 data-start=\"1247\" data-end=\"1284\"><strong data-start=\"1251\" data-end=\"1284\">\u2714 Leicht und extrem langlebig<\/strong><\/h3>\n<ul data-start=\"1285\" data-end=\"1412\">\n<li data-start=\"1285\" data-end=\"1315\">\n<p data-start=\"1287\" data-end=\"1315\">Leichter als rostfreier Stahl<\/p>\n<\/li>\n<li data-start=\"1316\" data-end=\"1374\">\n<p data-start=\"1318\" data-end=\"1374\">St\u00e4rkere Korrosionsbest\u00e4ndigkeit - kein Rost, keine Farbver\u00e4nderung<\/p>\n<\/li>\n<li data-start=\"1375\" data-end=\"1412\">\n<p data-start=\"1377\" data-end=\"1412\">Geeignet f\u00fcr den Einsatz im Freien und auf Reisen<\/p>\n<\/li>\n<\/ul>\n<h3 data-start=\"1414\" data-end=\"1455\"><strong data-start=\"1418\" data-end=\"1455\">\u2714 Hervorragende Temperaturbest\u00e4ndigkeit<\/strong><\/h3>\n<ul data-start=\"1456\" data-end=\"1541\">\n<li data-start=\"1456\" data-end=\"1487\">\n<p data-start=\"1458\" data-end=\"1487\">Doppelwandige Vakuumisolierung<\/p>\n<\/li>\n<li data-start=\"1488\" data-end=\"1541\">\n<p data-start=\"1490\" data-end=\"1541\">H\u00e4lt hei\u00dfe Getr\u00e4nke warm und kalte Getr\u00e4nke \u00fcber Stunden frisch<\/p>\n<\/li>\n<\/ul>\n<h3 data-start=\"1543\" data-end=\"1584\"><strong data-start=\"1547\" data-end=\"1584\">\u2714 Elegante Titanium-Oberfl\u00e4che<\/strong><\/h3>\n<ul data-start=\"1585\" data-end=\"1695\">\n<li data-start=\"1585\" data-end=\"1608\">\n<p data-start=\"1587\" data-end=\"1608\">Weiche metallische Textur<\/p>\n<\/li>\n<li data-start=\"1609\" data-end=\"1654\">\n<p data-start=\"1611\" data-end=\"1654\">Anti-Fingerabdruck, kratzfeste Beschichtung<\/p>\n<\/li>\n<li data-start=\"1655\" data-end=\"1695\">\n<p data-start=\"1657\" data-end=\"1695\">Hochwertige, von der Mode inspirierte Farboptionen<\/p>\n<\/li>\n<\/ul>\n<hr data-start=\"1697\" data-end=\"1700\" \/>\n<h2 data-start=\"1702\" data-end=\"1730\"><strong data-start=\"1705\" data-end=\"1730\">\ud83d\udc8e Durchdachte Details<\/strong><\/h2>\n<ul data-start=\"1732\" data-end=\"1913\">\n<li data-start=\"1732\" data-end=\"1775\">\n<p data-start=\"1734\" data-end=\"1775\">Inklusive lebensmittelechtem Teefilter aus Titan<\/p>\n<\/li>\n<li data-start=\"1776\" data-end=\"1820\">\n<p data-start=\"1778\" data-end=\"1820\">Auslaufsicherer Deckel f\u00fcr taschenfreundliches Tragen<\/p>\n<\/li>\n<li data-start=\"1821\" data-end=\"1860\">\n<p data-start=\"1823\" data-end=\"1860\">Glatter Rand f\u00fcr bequemes Trinken<\/p>\n<\/li>\n<li data-start=\"1861\" data-end=\"1913\">\n<p data-start=\"1863\" data-end=\"1913\">Schlankes Flaschendesign f\u00fcr Handtaschen und Getr\u00e4nkehalter<\/p>\n<\/li>\n<\/ul>","protected":false},"excerpt":{"rendered":"<p>Ein erstklassiger Reisebecher aus reinem Titan, der innen und au\u00dfen aus 99%+ Titan besteht. Leicht, antibakteriell, geruchsneutral und nat\u00fcrlich sicher f\u00fcr den langfristigen t\u00e4glichen Gebrauch. Ideal f\u00fcr Arbeit, Reisen, Teetrinken und gesunde Fl\u00fcssigkeitszufuhr.<\/p>","protected":false},"featured_media":17395,"comment_status":"open","ping_status":"closed","template":"","meta":{"_acf_changed":false},"product_brand":[],"product_cat":[1161],"product_tag":[1162],"class_list":{"0":"post-17385","1":"product","2":"type-product","3":"status-publish","4":"has-post-thumbnail","6":"product_cat-titanium-water-bottle","7":"product_tag-titanium-water-bottles","9":"first","10":"instock","11":"shipping-taxable","12":"product-type-simple"},"acf":[],"yoast_head":"<!-- This site is optimized with the Yoast SEO Premium plugin v27.5 (Yoast SEO v27.5) - https:\/\/yoast.com\/product\/yoast-seo-premium-wordpress\/ -->\n<title>Large ice flowers titanium water bottles - Diller Water Bottle Manufacturer<\/title>\n<meta name=\"description\" content=\"Experience luxury and safety with our Large ice flowers titanium water bottles, crafted entirely from pure titanium. Elevate your hydration today!\" \/>\n<meta name=\"robots\" content=\"index, follow, max-snippet:-1, max-image-preview:large, max-video-preview:-1\" \/>\n<link rel=\"canonical\" href=\"https:\/\/www.dillerbottle.com\/de\/produkte\/grose-eisblumen-titan-wasserflaschen\" \/>\n<meta property=\"og:locale\" content=\"de_DE\" \/>\n<meta property=\"og:type\" content=\"article\" \/>\n<meta property=\"og:title\" content=\"Large ice flowers titanium water bottles\" \/>\n<meta property=\"og:description\" content=\"Experience luxury and safety with our Large ice flowers titanium water bottles, crafted entirely from pure titanium. Elevate your hydration today!\" \/>\n<meta property=\"og:url\" content=\"https:\/\/www.dillerbottle.com\/de\/produkte\/grose-eisblumen-titan-wasserflaschen\" \/>\n<meta property=\"og:site_name\" content=\"Diller Water Bottle Manufacturer\" \/>\n<meta property=\"article:modified_time\" content=\"2025-11-19T09:37:19+00:00\" \/>\n<meta property=\"og:image\" content=\"https:\/\/www.dillerbottle.com\/wp-content\/uploads\/2025\/11\/large-ice-flowers-titanium-water-bottles-dti5011-1-3.jpg\" \/>\n\t<meta property=\"og:image:width\" content=\"800\" \/>\n\t<meta property=\"og:image:height\" content=\"800\" \/>\n\t<meta property=\"og:image:type\" content=\"image\/jpeg\" \/>\n<meta name=\"twitter:card\" content=\"summary_large_image\" \/>\n<meta name=\"twitter:label1\" content=\"Gesch\u00e4tzte Lesezeit\" \/>\n\t<meta name=\"twitter:data1\" content=\"2\u00a0Minuten\" \/>\n<script type=\"application\/ld+json\" class=\"yoast-schema-graph\">{\"@context\":\"https:\\\/\\\/schema.org\",\"@graph\":[{\"@type\":\"WebPage\",\"@id\":\"https:\\\/\\\/www.dillerbottle.com\\\/products\\\/large-ice-flowers-titanium-water-bottles\",\"url\":\"https:\\\/\\\/www.dillerbottle.com\\\/products\\\/large-ice-flowers-titanium-water-bottles\",\"name\":\"Large ice flowers titanium water bottles - Diller Water Bottle Manufacturer\",\"isPartOf\":{\"@id\":\"https:\\\/\\\/www.dillerbottle.com\\\/#website\"},\"primaryImageOfPage\":{\"@id\":\"https:\\\/\\\/www.dillerbottle.com\\\/products\\\/large-ice-flowers-titanium-water-bottles#primaryimage\"},\"image\":{\"@id\":\"https:\\\/\\\/www.dillerbottle.com\\\/products\\\/large-ice-flowers-titanium-water-bottles#primaryimage\"},\"thumbnailUrl\":\"https:\\\/\\\/www.dillerbottle.com\\\/wp-content\\\/uploads\\\/2025\\\/11\\\/large-ice-flowers-titanium-water-bottles-dti5011-1-3.jpg\",\"datePublished\":\"2025-11-18T06:18:31+00:00\",\"dateModified\":\"2025-11-19T09:37:19+00:00\",\"description\":\"Experience luxury and safety with our Large ice flowers titanium water bottles, crafted entirely from pure titanium. Elevate your hydration today!\",\"breadcrumb\":{\"@id\":\"https:\\\/\\\/www.dillerbottle.com\\\/products\\\/large-ice-flowers-titanium-water-bottles#breadcrumb\"},\"inLanguage\":\"de\",\"potentialAction\":[{\"@type\":\"ReadAction\",\"target\":[\"https:\\\/\\\/www.dillerbottle.com\\\/products\\\/large-ice-flowers-titanium-water-bottles\"]}]},{\"@type\":\"ImageObject\",\"inLanguage\":\"de\",\"@id\":\"https:\\\/\\\/www.dillerbottle.com\\\/products\\\/large-ice-flowers-titanium-water-bottles#primaryimage\",\"url\":\"https:\\\/\\\/www.dillerbottle.com\\\/wp-content\\\/uploads\\\/2025\\\/11\\\/large-ice-flowers-titanium-water-bottles-dti5011-1-3.jpg\",\"contentUrl\":\"https:\\\/\\\/www.dillerbottle.com\\\/wp-content\\\/uploads\\\/2025\\\/11\\\/large-ice-flowers-titanium-water-bottles-dti5011-1-3.jpg\",\"width\":800,\"height\":800},{\"@type\":\"BreadcrumbList\",\"@id\":\"https:\\\/\\\/www.dillerbottle.com\\\/products\\\/large-ice-flowers-titanium-water-bottles#breadcrumb\",\"itemListElement\":[{\"@type\":\"ListItem\",\"position\":1,\"name\":\"Home\",\"item\":\"https:\\\/\\\/www.dillerbottle.com\\\/\"},{\"@type\":\"ListItem\",\"position\":2,\"name\":\"Products\",\"item\":\"https:\\\/\\\/www.dillerbottle.com\\\/shop\"},{\"@type\":\"ListItem\",\"position\":3,\"name\":\"Large ice flowers titanium water bottles\"}]},{\"@type\":\"WebSite\",\"@id\":\"https:\\\/\\\/www.dillerbottle.com\\\/#website\",\"url\":\"https:\\\/\\\/www.dillerbottle.com\\\/\",\"name\":\"Diller Water Bottle Manufacturer\",\"description\":\"Water Bottle Manufacturer\",\"publisher\":{\"@id\":\"https:\\\/\\\/www.dillerbottle.com\\\/#organization\"},\"potentialAction\":[{\"@type\":\"SearchAction\",\"target\":{\"@type\":\"EntryPoint\",\"urlTemplate\":\"https:\\\/\\\/www.dillerbottle.com\\\/?s={search_term_string}\"},\"query-input\":{\"@type\":\"PropertyValueSpecification\",\"valueRequired\":true,\"valueName\":\"search_term_string\"}}],\"inLanguage\":\"de\"},{\"@type\":\"Organization\",\"@id\":\"https:\\\/\\\/www.dillerbottle.com\\\/#organization\",\"name\":\"Diller Water Bottle Manufacturer\",\"url\":\"https:\\\/\\\/www.dillerbottle.com\\\/\",\"logo\":{\"@type\":\"ImageObject\",\"inLanguage\":\"de\",\"@id\":\"https:\\\/\\\/www.dillerbottle.com\\\/#\\\/schema\\\/logo\\\/image\\\/\",\"url\":\"https:\\\/\\\/www.dillerbottle.com\\\/wp-content\\\/uploads\\\/2024\\\/09\\\/49918bfa848dcc1e9f8b509933603ac.png\",\"contentUrl\":\"https:\\\/\\\/www.dillerbottle.com\\\/wp-content\\\/uploads\\\/2024\\\/09\\\/49918bfa848dcc1e9f8b509933603ac.png\",\"width\":988,\"height\":198,\"caption\":\"Diller Water Bottle Manufacturer\"},\"image\":{\"@id\":\"https:\\\/\\\/www.dillerbottle.com\\\/#\\\/schema\\\/logo\\\/image\\\/\"}}]}<\/script>\n<!-- \/ Yoast SEO Premium plugin. -->","yoast_head_json":{"title":"Gro\u00dfe Eisblumen Titan Wasserflaschen - Diller Wasserflasche Hersteller","description":"Erleben Sie Luxus und Sicherheit mit unseren Large ice flowers Titanflaschen, die vollst\u00e4ndig aus reinem Titan gefertigt sind. Verbessern Sie Ihre Fl\u00fcssigkeitszufuhr noch heute!","robots":{"index":"index","follow":"follow","max-snippet":"max-snippet:-1","max-image-preview":"max-image-preview:large","max-video-preview":"max-video-preview:-1"},"canonical":"https:\/\/www.dillerbottle.com\/de\/produkte\/grose-eisblumen-titan-wasserflaschen","og_locale":"de_DE","og_type":"article","og_title":"Large ice flowers titanium water bottles","og_description":"Experience luxury and safety with our Large ice flowers titanium water bottles, crafted entirely from pure titanium. Elevate your hydration today!","og_url":"https:\/\/www.dillerbottle.com\/de\/produkte\/grose-eisblumen-titan-wasserflaschen","og_site_name":"Diller Water Bottle Manufacturer","article_modified_time":"2025-11-19T09:37:19+00:00","og_image":[{"width":800,"height":800,"url":"https:\/\/www.dillerbottle.com\/wp-content\/uploads\/2025\/11\/large-ice-flowers-titanium-water-bottles-dti5011-1-3.jpg","type":"image\/jpeg"}],"twitter_card":"summary_large_image","twitter_misc":{"Gesch\u00e4tzte Lesezeit":"2\u00a0Minuten"},"schema":{"@context":"https:\/\/schema.org","@graph":[{"@type":"WebPage","@id":"https:\/\/www.dillerbottle.com\/products\/large-ice-flowers-titanium-water-bottles","url":"https:\/\/www.dillerbottle.com\/products\/large-ice-flowers-titanium-water-bottles","name":"Gro\u00dfe Eisblumen Titan Wasserflaschen - Diller Wasserflasche Hersteller","isPartOf":{"@id":"https:\/\/www.dillerbottle.com\/#website"},"primaryImageOfPage":{"@id":"https:\/\/www.dillerbottle.com\/products\/large-ice-flowers-titanium-water-bottles#primaryimage"},"image":{"@id":"https:\/\/www.dillerbottle.com\/products\/large-ice-flowers-titanium-water-bottles#primaryimage"},"thumbnailUrl":"https:\/\/www.dillerbottle.com\/wp-content\/uploads\/2025\/11\/large-ice-flowers-titanium-water-bottles-dti5011-1-3.jpg","datePublished":"2025-11-18T06:18:31+00:00","dateModified":"2025-11-19T09:37:19+00:00","description":"Erleben Sie Luxus und Sicherheit mit unseren Large ice flowers Titanflaschen, die vollst\u00e4ndig aus reinem Titan gefertigt sind. Verbessern Sie Ihre Fl\u00fcssigkeitszufuhr noch heute!","breadcrumb":{"@id":"https:\/\/www.dillerbottle.com\/products\/large-ice-flowers-titanium-water-bottles#breadcrumb"},"inLanguage":"de","potentialAction":[{"@type":"ReadAction","target":["https:\/\/www.dillerbottle.com\/products\/large-ice-flowers-titanium-water-bottles"]}]},{"@type":"ImageObject","inLanguage":"de","@id":"https:\/\/www.dillerbottle.com\/products\/large-ice-flowers-titanium-water-bottles#primaryimage","url":"https:\/\/www.dillerbottle.com\/wp-content\/uploads\/2025\/11\/large-ice-flowers-titanium-water-bottles-dti5011-1-3.jpg","contentUrl":"https:\/\/www.dillerbottle.com\/wp-content\/uploads\/2025\/11\/large-ice-flowers-titanium-water-bottles-dti5011-1-3.jpg","width":800,"height":800},{"@type":"BreadcrumbList","@id":"https:\/\/www.dillerbottle.com\/products\/large-ice-flowers-titanium-water-bottles#breadcrumb","itemListElement":[{"@type":"ListItem","position":1,"name":"Home","item":"https:\/\/www.dillerbottle.com\/"},{"@type":"ListItem","position":2,"name":"Products","item":"https:\/\/www.dillerbottle.com\/shop"},{"@type":"ListItem","position":3,"name":"Large ice flowers titanium water bottles"}]},{"@type":"WebSite","@id":"https:\/\/www.dillerbottle.com\/#website","url":"https:\/\/www.dillerbottle.com\/","name":"Diller Wasserflaschenhersteller","description":"Wasserflaschenhersteller","publisher":{"@id":"https:\/\/www.dillerbottle.com\/#organization"},"potentialAction":[{"@type":"SearchAction","target":{"@type":"EntryPoint","urlTemplate":"https:\/\/www.dillerbottle.com\/?s={search_term_string}"},"query-input":{"@type":"PropertyValueSpecification","valueRequired":true,"valueName":"search_term_string"}}],"inLanguage":"de"},{"@type":"Organization","@id":"https:\/\/www.dillerbottle.com\/#organization","name":"Diller Wasserflaschenhersteller","url":"https:\/\/www.dillerbottle.com\/","logo":{"@type":"ImageObject","inLanguage":"de","@id":"https:\/\/www.dillerbottle.com\/#\/schema\/logo\/image\/","url":"https:\/\/www.dillerbottle.com\/wp-content\/uploads\/2024\/09\/49918bfa848dcc1e9f8b509933603ac.png","contentUrl":"https:\/\/www.dillerbottle.com\/wp-content\/uploads\/2024\/09\/49918bfa848dcc1e9f8b509933603ac.png","width":988,"height":198,"caption":"Diller Water Bottle Manufacturer"},"image":{"@id":"https:\/\/www.dillerbottle.com\/#\/schema\/logo\/image\/"}}]}},"_links":{"self":[{"href":"https:\/\/www.dillerbottle.com\/de\/wp-json\/wp\/v2\/product\/17385","targetHints":{"allow":["GET"]}}],"collection":[{"href":"https:\/\/www.dillerbottle.com\/de\/wp-json\/wp\/v2\/product"}],"about":[{"href":"https:\/\/www.dillerbottle.com\/de\/wp-json\/wp\/v2\/types\/product"}],"replies":[{"embeddable":true,"href":"https:\/\/www.dillerbottle.com\/de\/wp-json\/wp\/v2\/comments?post=17385"}],"wp:featuredmedia":[{"embeddable":true,"href":"https:\/\/www.dillerbottle.com\/de\/wp-json\/wp\/v2\/media\/17395"}],"wp:attachment":[{"href":"https:\/\/www.dillerbottle.com\/de\/wp-json\/wp\/v2\/media?parent=17385"}],"wp:term":[{"taxonomy":"product_brand","embeddable":true,"href":"https:\/\/www.dillerbottle.com\/de\/wp-json\/wp\/v2\/product_brand?post=17385"},{"taxonomy":"product_cat","embeddable":true,"href":"https:\/\/www.dillerbottle.com\/de\/wp-json\/wp\/v2\/product_cat?post=17385"},{"taxonomy":"product_tag","embeddable":true,"href":"https:\/\/www.dillerbottle.com\/de\/wp-json\/wp\/v2\/product_tag?post=17385"}],"curies":[{"name":"wp","href":"https:\/\/api.w.org\/{rel}","templated":true}]}}