{"id":17413,"date":"2025-11-20T10:49:23","date_gmt":"2025-11-20T02:49:23","guid":{"rendered":"https:\/\/www.dillerbottle.com\/?post_type=product&#038;p=17413"},"modified":"2025-11-20T15:15:23","modified_gmt":"2025-11-20T07:15:23","slug":"isolierte-wasserflasche-aus-titan","status":"publish","type":"product","link":"https:\/\/www.dillerbottle.com\/de\/products\/insulated-titanium-water-bottle","title":{"rendered":"isolierte Wasserflasche aus Titan"},"content":{"rendered":"<h2 data-start=\"569\" data-end=\"609\"><strong data-start=\"572\" data-end=\"609\">99.99% Konstruktion aus Reintitan<\/strong><\/h2>\n<p data-start=\"611\" data-end=\"738\">Sowohl die Innen- als auch die Au\u00dfenwand sind aus medizinischem 99,99% Reintitan gefertigt. Dies gew\u00e4hrleistet au\u00dfergew\u00f6hnliche Sicherheit und Stabilit\u00e4t:<\/p>\n<ul data-start=\"740\" data-end=\"899\">\n<li data-start=\"740\" data-end=\"778\">\n<p data-start=\"742\" data-end=\"778\">Keine Beschichtungen oder chemischen Behandlungen<\/p>\n<\/li>\n<li data-start=\"779\" data-end=\"800\">\n<p data-start=\"781\" data-end=\"800\">Kein metallischer Geruch<\/p>\n<\/li>\n<li data-start=\"801\" data-end=\"820\">\n<p data-start=\"803\" data-end=\"820\">Keine Schwermetalle<\/p>\n<\/li>\n<li data-start=\"821\" data-end=\"845\">\n<p data-start=\"823\" data-end=\"845\">Kein Rost oder Korrosion<\/p>\n<\/li>\n<li data-start=\"846\" data-end=\"899\">\n<p data-start=\"848\" data-end=\"899\">Keine Wechselwirkung mit Tee, Kaffee oder s\u00e4urehaltigen Getr\u00e4nken<\/p>\n<\/li>\n<\/ul>\n<p data-start=\"901\" data-end=\"965\">Titan sorgt daf\u00fcr, dass jedes Getr\u00e4nk genau so schmeckt, wie es schmecken soll.<\/p>\n<hr data-start=\"967\" data-end=\"970\" \/>\n<h2 data-start=\"972\" data-end=\"1015\"><strong data-start=\"975\" data-end=\"1015\">Autoritative Materialzertifizierung<\/strong><\/h2>\n<p data-start=\"1017\" data-end=\"1198\">Jede Charge Titan wird von einem professionellen Dritten auf Reinheit und Sicherheit gepr\u00fcft. Jedes Detail ist durch eine echte Zertifizierung gesichert, so dass Sie volles Vertrauen in den t\u00e4glichen Gebrauch haben.<\/p>\n<hr data-start=\"1200\" data-end=\"1203\" \/>\n<h2 data-start=\"1205\" data-end=\"1243\"><strong data-start=\"1208\" data-end=\"1243\">Reiner Geschmack, keine Geruchsr\u00fcckst\u00e4nde<\/strong><\/h2>\n<p data-start=\"1245\" data-end=\"1372\">Titan bewahrt auf nat\u00fcrliche Weise den urspr\u00fcnglichen Geschmack Ihres Getr\u00e4nks.<br data-start=\"1308\" data-end=\"1311\" \/>Der Becher nimmt keine Ger\u00fcche auf und ist daher ideal f\u00fcr den Einsatz in der K\u00fcche:<\/p>\n<ul data-start=\"1374\" data-end=\"1456\">\n<li data-start=\"1374\" data-end=\"1381\">\n<p data-start=\"1376\" data-end=\"1381\">Tee<\/p>\n<\/li>\n<li data-start=\"1382\" data-end=\"1392\">\n<p data-start=\"1384\" data-end=\"1392\">Kaffee<\/p>\n<\/li>\n<li data-start=\"1393\" data-end=\"1410\">\n<p data-start=\"1395\" data-end=\"1410\">Pflanzliche Getr\u00e4nke<\/p>\n<\/li>\n<li data-start=\"1411\" data-end=\"1430\">\n<p data-start=\"1413\" data-end=\"1430\">Fr\u00fcchtetees<\/p>\n<\/li>\n<li data-start=\"1431\" data-end=\"1456\">\n<p data-start=\"1433\" data-end=\"1456\">T\u00e4gliche Fl\u00fcssigkeitszufuhr<\/p>\n<\/li>\n<\/ul>\n<p data-start=\"1458\" data-end=\"1565\">Egal, ob man zwischen verschiedenen Getr\u00e4nken wechselt oder ihn \u00fcber einen l\u00e4ngeren Zeitraum verwendet, der Geschmack bleibt immer sauber und rein.<\/p>\n<hr data-start=\"1567\" data-end=\"1570\" \/>\n<h2 data-start=\"1572\" data-end=\"1602\"><strong data-start=\"1575\" data-end=\"1602\">Exquisite Handwerkskunst<\/strong><\/h2>\n<p data-start=\"1604\" data-end=\"1804\">Die Oberfl\u00e4che weist eine raffinierte Titan-Struktur mit dezentem Metallglanz auf. Die Tasse ist kratzfest, liegt angenehm in der Hand und ist optisch unverwechselbar. Jedes Detail spiegelt hochwertige Handwerkskunst wider.<\/p>\n<hr data-start=\"1806\" data-end=\"1809\" \/>\n<h2 data-start=\"1811\" data-end=\"1855\"><strong data-start=\"1814\" data-end=\"1855\">Leicht und m\u00fchelos tragbar<\/strong><\/h2>\n<p data-start=\"1857\" data-end=\"2074\">Obwohl der Becher vollst\u00e4ndig aus Titan besteht, ist er bemerkenswert leicht.<br data-start=\"1936\" data-end=\"1939\" \/>Einfach in Handtaschen und Rucks\u00e4cken zu tragen oder beim Pendeln, auf Reisen, beim Wandern oder bei der B\u00fcroarbeit zu verwenden. Leichtes Gewicht f\u00fcr den t\u00e4glichen Gebrauch.<\/p>\n<hr data-start=\"2076\" data-end=\"2079\" \/>\n<h2 data-start=\"2081\" data-end=\"2116\"><strong data-start=\"2084\" data-end=\"2116\">Auslaufsicheres &amp; zuverl\u00e4ssiges Design<\/strong><\/h2>\n<p data-start=\"2118\" data-end=\"2288\">Der verbesserte Schraubdeckel in Kombination mit einem lebensmittelechten Silikondichtungsring sorgt f\u00fcr eine hervorragende Auslaufsicherheit. Sie k\u00f6nnen ihn in Ihrer Tasche mitnehmen, ohne sich Gedanken \u00fcber versch\u00fcttete Fl\u00fcssigkeiten zu machen.<\/p>\n<hr data-start=\"2290\" data-end=\"2293\" \/>\n<h2 data-start=\"2295\" data-end=\"2331\"><strong data-start=\"2298\" data-end=\"2331\">Durchdachte funktionale Details<\/strong><\/h2>\n<ul data-start=\"2333\" data-end=\"2486\">\n<li data-start=\"2333\" data-end=\"2361\">\n<p data-start=\"2335\" data-end=\"2361\">Innenwand aus Reintitan<\/p>\n<\/li>\n<li data-start=\"2362\" data-end=\"2396\">\n<p data-start=\"2364\" data-end=\"2396\">Abnehmbarer Teefilter aus Titan<\/p>\n<\/li>\n<li data-start=\"2397\" data-end=\"2424\">\n<p data-start=\"2399\" data-end=\"2424\">Glatter, komfortabler Rand<\/p>\n<\/li>\n<li data-start=\"2425\" data-end=\"2451\">\n<p data-start=\"2427\" data-end=\"2451\">Rutschfester Silikonboden<\/p>\n<\/li>\n<li data-start=\"2452\" data-end=\"2486\">\n<p data-start=\"2454\" data-end=\"2486\">Breite \u00d6ffnung f\u00fcr einfache Reinigung<\/p>\n<\/li>\n<\/ul>\n<p data-start=\"2488\" data-end=\"2551\">Jedes Detail wurde f\u00fcr ein besseres Trinkerlebnis verfeinert.<\/p>","protected":false},"excerpt":{"rendered":"<p>Dieser leichte Isolierbecher (mit einem Gewicht von ca. 155 Gramm) besteht sowohl innen als auch au\u00dfen vollst\u00e4ndig aus 99,99% Reintitan. Er zeichnet sich durch extrem hohe Reinheit, hervorragende nat\u00fcrliche antibakterielle Eigenschaften und lang anhaltende Frische aus. Seine hochwertige Geschenkverpackung macht ihn zu einer ausgezeichneten Wahl f\u00fcr gesundes t\u00e4gliches Trinken und elegantes Verschenken.<\/p>","protected":false},"featured_media":17419,"comment_status":"open","ping_status":"closed","template":"","meta":{"_acf_changed":false},"product_brand":[],"product_cat":[1161],"product_tag":[1162],"class_list":{"0":"post-17413","1":"product","2":"type-product","3":"status-publish","4":"has-post-thumbnail","6":"product_cat-titanium-water-bottle","7":"product_tag-titanium-water-bottles","9":"first","10":"instock","11":"shipping-taxable","12":"product-type-simple"},"acf":[],"yoast_head":"<!-- This site is optimized with the Yoast SEO Premium plugin v27.5 (Yoast SEO v27.5) - https:\/\/yoast.com\/product\/yoast-seo-premium-wordpress\/ -->\n<title>insulated titanium water bottle\u200b - Diller Water Bottle Manufacturer<\/title>\n<meta name=\"description\" content=\"Experience pure taste with our insulated titanium water bottle\u200b, crafted from medical-grade titanium for unmatched safety. Order yours now!\" \/>\n<meta name=\"robots\" content=\"index, follow, max-snippet:-1, max-image-preview:large, max-video-preview:-1\" \/>\n<link rel=\"canonical\" href=\"https:\/\/www.dillerbottle.com\/de\/produkte\/isolierte-wasserflasche-aus-titan\" \/>\n<meta property=\"og:locale\" content=\"de_DE\" \/>\n<meta property=\"og:type\" content=\"article\" \/>\n<meta property=\"og:title\" content=\"insulated titanium water bottle\u200b\" \/>\n<meta property=\"og:description\" content=\"Experience pure taste with our insulated titanium water bottle\u200b, crafted from medical-grade titanium for unmatched safety. Order yours now!\" \/>\n<meta property=\"og:url\" content=\"https:\/\/www.dillerbottle.com\/de\/produkte\/isolierte-wasserflasche-aus-titan\" \/>\n<meta property=\"og:site_name\" content=\"Diller Water Bottle Manufacturer\" \/>\n<meta property=\"article:modified_time\" content=\"2025-11-20T07:15:23+00:00\" \/>\n<meta property=\"og:image\" content=\"https:\/\/www.dillerbottle.com\/wp-content\/uploads\/2025\/11\/insulated-titanium-water-bottle-png-5.png\" \/>\n\t<meta property=\"og:image:width\" content=\"800\" \/>\n\t<meta property=\"og:image:height\" content=\"800\" \/>\n\t<meta property=\"og:image:type\" content=\"image\/png\" \/>\n<meta name=\"twitter:card\" content=\"summary_large_image\" \/>\n<meta name=\"twitter:label1\" content=\"Gesch\u00e4tzte Lesezeit\" \/>\n\t<meta name=\"twitter:data1\" content=\"2\u00a0Minuten\" \/>\n<script type=\"application\/ld+json\" class=\"yoast-schema-graph\">{\"@context\":\"https:\\\/\\\/schema.org\",\"@graph\":[{\"@type\":\"WebPage\",\"@id\":\"https:\\\/\\\/www.dillerbottle.com\\\/products\\\/insulated-titanium-water-bottle\",\"url\":\"https:\\\/\\\/www.dillerbottle.com\\\/products\\\/insulated-titanium-water-bottle\",\"name\":\"insulated titanium water bottle\u200b - Diller Water Bottle Manufacturer\",\"isPartOf\":{\"@id\":\"https:\\\/\\\/www.dillerbottle.com\\\/#website\"},\"primaryImageOfPage\":{\"@id\":\"https:\\\/\\\/www.dillerbottle.com\\\/products\\\/insulated-titanium-water-bottle#primaryimage\"},\"image\":{\"@id\":\"https:\\\/\\\/www.dillerbottle.com\\\/products\\\/insulated-titanium-water-bottle#primaryimage\"},\"thumbnailUrl\":\"https:\\\/\\\/www.dillerbottle.com\\\/wp-content\\\/uploads\\\/2025\\\/11\\\/insulated-titanium-water-bottle-png-5.png\",\"datePublished\":\"2025-11-20T02:49:23+00:00\",\"dateModified\":\"2025-11-20T07:15:23+00:00\",\"description\":\"Experience pure taste with our insulated titanium water bottle\u200b, crafted from medical-grade titanium for unmatched safety. Order yours now!\",\"breadcrumb\":{\"@id\":\"https:\\\/\\\/www.dillerbottle.com\\\/products\\\/insulated-titanium-water-bottle#breadcrumb\"},\"inLanguage\":\"de\",\"potentialAction\":[{\"@type\":\"ReadAction\",\"target\":[\"https:\\\/\\\/www.dillerbottle.com\\\/products\\\/insulated-titanium-water-bottle\"]}]},{\"@type\":\"ImageObject\",\"inLanguage\":\"de\",\"@id\":\"https:\\\/\\\/www.dillerbottle.com\\\/products\\\/insulated-titanium-water-bottle#primaryimage\",\"url\":\"https:\\\/\\\/www.dillerbottle.com\\\/wp-content\\\/uploads\\\/2025\\\/11\\\/insulated-titanium-water-bottle-png-5.png\",\"contentUrl\":\"https:\\\/\\\/www.dillerbottle.com\\\/wp-content\\\/uploads\\\/2025\\\/11\\\/insulated-titanium-water-bottle-png-5.png\",\"width\":800,\"height\":800},{\"@type\":\"BreadcrumbList\",\"@id\":\"https:\\\/\\\/www.dillerbottle.com\\\/products\\\/insulated-titanium-water-bottle#breadcrumb\",\"itemListElement\":[{\"@type\":\"ListItem\",\"position\":1,\"name\":\"Home\",\"item\":\"https:\\\/\\\/www.dillerbottle.com\\\/\"},{\"@type\":\"ListItem\",\"position\":2,\"name\":\"Products\",\"item\":\"https:\\\/\\\/www.dillerbottle.com\\\/shop\"},{\"@type\":\"ListItem\",\"position\":3,\"name\":\"insulated titanium water bottle\u200b\"}]},{\"@type\":\"WebSite\",\"@id\":\"https:\\\/\\\/www.dillerbottle.com\\\/#website\",\"url\":\"https:\\\/\\\/www.dillerbottle.com\\\/\",\"name\":\"Diller Water Bottle Manufacturer\",\"description\":\"Water Bottle Manufacturer\",\"publisher\":{\"@id\":\"https:\\\/\\\/www.dillerbottle.com\\\/#organization\"},\"potentialAction\":[{\"@type\":\"SearchAction\",\"target\":{\"@type\":\"EntryPoint\",\"urlTemplate\":\"https:\\\/\\\/www.dillerbottle.com\\\/?s={search_term_string}\"},\"query-input\":{\"@type\":\"PropertyValueSpecification\",\"valueRequired\":true,\"valueName\":\"search_term_string\"}}],\"inLanguage\":\"de\"},{\"@type\":\"Organization\",\"@id\":\"https:\\\/\\\/www.dillerbottle.com\\\/#organization\",\"name\":\"Diller Water Bottle Manufacturer\",\"url\":\"https:\\\/\\\/www.dillerbottle.com\\\/\",\"logo\":{\"@type\":\"ImageObject\",\"inLanguage\":\"de\",\"@id\":\"https:\\\/\\\/www.dillerbottle.com\\\/#\\\/schema\\\/logo\\\/image\\\/\",\"url\":\"https:\\\/\\\/www.dillerbottle.com\\\/wp-content\\\/uploads\\\/2024\\\/09\\\/49918bfa848dcc1e9f8b509933603ac.png\",\"contentUrl\":\"https:\\\/\\\/www.dillerbottle.com\\\/wp-content\\\/uploads\\\/2024\\\/09\\\/49918bfa848dcc1e9f8b509933603ac.png\",\"width\":988,\"height\":198,\"caption\":\"Diller Water Bottle Manufacturer\"},\"image\":{\"@id\":\"https:\\\/\\\/www.dillerbottle.com\\\/#\\\/schema\\\/logo\\\/image\\\/\"}}]}<\/script>\n<!-- \/ Yoast SEO Premium plugin. -->","yoast_head_json":{"title":"isolierte titan wasserflasche - Diller Wasserflasche Hersteller","description":"Erleben Sie den reinen Geschmack mit unserer isolierten Titan-Wasserflasche, die aus medizinischem Titan f\u00fcr un\u00fcbertroffene Sicherheit gefertigt ist. Bestellen Sie sie jetzt!","robots":{"index":"index","follow":"follow","max-snippet":"max-snippet:-1","max-image-preview":"max-image-preview:large","max-video-preview":"max-video-preview:-1"},"canonical":"https:\/\/www.dillerbottle.com\/de\/produkte\/isolierte-wasserflasche-aus-titan","og_locale":"de_DE","og_type":"article","og_title":"insulated titanium water bottle\u200b","og_description":"Experience pure taste with our insulated titanium water bottle\u200b, crafted from medical-grade titanium for unmatched safety. Order yours now!","og_url":"https:\/\/www.dillerbottle.com\/de\/produkte\/isolierte-wasserflasche-aus-titan","og_site_name":"Diller Water Bottle Manufacturer","article_modified_time":"2025-11-20T07:15:23+00:00","og_image":[{"width":800,"height":800,"url":"https:\/\/www.dillerbottle.com\/wp-content\/uploads\/2025\/11\/insulated-titanium-water-bottle-png-5.png","type":"image\/png"}],"twitter_card":"summary_large_image","twitter_misc":{"Gesch\u00e4tzte Lesezeit":"2\u00a0Minuten"},"schema":{"@context":"https:\/\/schema.org","@graph":[{"@type":"WebPage","@id":"https:\/\/www.dillerbottle.com\/products\/insulated-titanium-water-bottle","url":"https:\/\/www.dillerbottle.com\/products\/insulated-titanium-water-bottle","name":"isolierte titan wasserflasche - Diller Wasserflasche Hersteller","isPartOf":{"@id":"https:\/\/www.dillerbottle.com\/#website"},"primaryImageOfPage":{"@id":"https:\/\/www.dillerbottle.com\/products\/insulated-titanium-water-bottle#primaryimage"},"image":{"@id":"https:\/\/www.dillerbottle.com\/products\/insulated-titanium-water-bottle#primaryimage"},"thumbnailUrl":"https:\/\/www.dillerbottle.com\/wp-content\/uploads\/2025\/11\/insulated-titanium-water-bottle-png-5.png","datePublished":"2025-11-20T02:49:23+00:00","dateModified":"2025-11-20T07:15:23+00:00","description":"Erleben Sie den reinen Geschmack mit unserer isolierten Titan-Wasserflasche, die aus medizinischem Titan f\u00fcr un\u00fcbertroffene Sicherheit gefertigt ist. Bestellen Sie sie jetzt!","breadcrumb":{"@id":"https:\/\/www.dillerbottle.com\/products\/insulated-titanium-water-bottle#breadcrumb"},"inLanguage":"de","potentialAction":[{"@type":"ReadAction","target":["https:\/\/www.dillerbottle.com\/products\/insulated-titanium-water-bottle"]}]},{"@type":"ImageObject","inLanguage":"de","@id":"https:\/\/www.dillerbottle.com\/products\/insulated-titanium-water-bottle#primaryimage","url":"https:\/\/www.dillerbottle.com\/wp-content\/uploads\/2025\/11\/insulated-titanium-water-bottle-png-5.png","contentUrl":"https:\/\/www.dillerbottle.com\/wp-content\/uploads\/2025\/11\/insulated-titanium-water-bottle-png-5.png","width":800,"height":800},{"@type":"BreadcrumbList","@id":"https:\/\/www.dillerbottle.com\/products\/insulated-titanium-water-bottle#breadcrumb","itemListElement":[{"@type":"ListItem","position":1,"name":"Home","item":"https:\/\/www.dillerbottle.com\/"},{"@type":"ListItem","position":2,"name":"Products","item":"https:\/\/www.dillerbottle.com\/shop"},{"@type":"ListItem","position":3,"name":"insulated titanium water bottle\u200b"}]},{"@type":"WebSite","@id":"https:\/\/www.dillerbottle.com\/#website","url":"https:\/\/www.dillerbottle.com\/","name":"Diller Wasserflaschenhersteller","description":"Wasserflaschenhersteller","publisher":{"@id":"https:\/\/www.dillerbottle.com\/#organization"},"potentialAction":[{"@type":"SearchAction","target":{"@type":"EntryPoint","urlTemplate":"https:\/\/www.dillerbottle.com\/?s={search_term_string}"},"query-input":{"@type":"PropertyValueSpecification","valueRequired":true,"valueName":"search_term_string"}}],"inLanguage":"de"},{"@type":"Organization","@id":"https:\/\/www.dillerbottle.com\/#organization","name":"Diller Wasserflaschenhersteller","url":"https:\/\/www.dillerbottle.com\/","logo":{"@type":"ImageObject","inLanguage":"de","@id":"https:\/\/www.dillerbottle.com\/#\/schema\/logo\/image\/","url":"https:\/\/www.dillerbottle.com\/wp-content\/uploads\/2024\/09\/49918bfa848dcc1e9f8b509933603ac.png","contentUrl":"https:\/\/www.dillerbottle.com\/wp-content\/uploads\/2024\/09\/49918bfa848dcc1e9f8b509933603ac.png","width":988,"height":198,"caption":"Diller Water Bottle Manufacturer"},"image":{"@id":"https:\/\/www.dillerbottle.com\/#\/schema\/logo\/image\/"}}]}},"_links":{"self":[{"href":"https:\/\/www.dillerbottle.com\/de\/wp-json\/wp\/v2\/product\/17413","targetHints":{"allow":["GET"]}}],"collection":[{"href":"https:\/\/www.dillerbottle.com\/de\/wp-json\/wp\/v2\/product"}],"about":[{"href":"https:\/\/www.dillerbottle.com\/de\/wp-json\/wp\/v2\/types\/product"}],"replies":[{"embeddable":true,"href":"https:\/\/www.dillerbottle.com\/de\/wp-json\/wp\/v2\/comments?post=17413"}],"wp:featuredmedia":[{"embeddable":true,"href":"https:\/\/www.dillerbottle.com\/de\/wp-json\/wp\/v2\/media\/17419"}],"wp:attachment":[{"href":"https:\/\/www.dillerbottle.com\/de\/wp-json\/wp\/v2\/media?parent=17413"}],"wp:term":[{"taxonomy":"product_brand","embeddable":true,"href":"https:\/\/www.dillerbottle.com\/de\/wp-json\/wp\/v2\/product_brand?post=17413"},{"taxonomy":"product_cat","embeddable":true,"href":"https:\/\/www.dillerbottle.com\/de\/wp-json\/wp\/v2\/product_cat?post=17413"},{"taxonomy":"product_tag","embeddable":true,"href":"https:\/\/www.dillerbottle.com\/de\/wp-json\/wp\/v2\/product_tag?post=17413"}],"curies":[{"name":"wp","href":"https:\/\/api.w.org\/{rel}","templated":true}]}}