{"id":17561,"date":"2026-02-11T10:35:49","date_gmt":"2026-02-11T02:35:49","guid":{"rendered":"https:\/\/www.dillerbottle.com\/?post_type=product&#038;p=17561"},"modified":"2026-02-11T15:17:46","modified_gmt":"2026-02-11T07:17:46","slug":"wasserflasche-aus-borosilikatglas-mit-strohhalmdeckel","status":"publish","type":"product","link":"https:\/\/www.dillerbottle.com\/de\/products\/borosilicate-glass-water-bottle-with-straw-lid","title":{"rendered":"Borosilikatglas-Wasserflasche mit Strohhalm-Deckel"},"content":{"rendered":"<p data-start=\"533\" data-end=\"813\">Diese Wasserflasche aus Borosilikatglas wurde f\u00fcr Marken und H\u00e4ndler entwickelt, die nach sicheren, funktionalen und individuell gestaltbaren Trinkgef\u00e4\u00dfl\u00f6sungen suchen. Sie ist aus hochwertigem, hitzebest\u00e4ndigem Borosilikatglas gefertigt und bietet eine ausgezeichnete thermische Stabilit\u00e4t und ein sauberes, geruchsfreies Trinkerlebnis.<\/p>\n<p data-start=\"815\" data-end=\"1142\">Die Flasche verf\u00fcgt \u00fcber einen Strohhalm-Deckel f\u00fcr einfaches Schl\u00fcrfen, kombiniert mit einer weiten \u00d6ffnung, die Eisw\u00fcrfel, Fr\u00fcchtetee und m\u00fcheloses Reinigen erm\u00f6glicht. Die ausgewogene Struktur des Becherk\u00f6rpers sorgt f\u00fcr einen bequemen Griff und bietet gleichzeitig ein modernes, minimalistisches Erscheinungsbild, das f\u00fcr Lifestyle-, K\u00fcchenartikel- und Werbem\u00e4rkte geeignet ist.<\/p>\n<p data-start=\"1144\" data-end=\"1495\">Mit einer Standardkapazit\u00e4t von 580 ml erf\u00fcllt diese Glasflasche den t\u00e4glichen Fl\u00fcssigkeitsbedarf und eignet sich f\u00fcr den Gebrauch zu Hause, im B\u00fcro, in Caf\u00e9s, Fitnessstudios und bei Outdoor-Aktivit\u00e4ten. Das Produkt unterst\u00fctzt den individuellen Logodruck, die Verpackungsanpassung und die OEM\/ODM-Entwicklung, was es zur idealen Wahl f\u00fcr Gro\u00dfabnehmer, Markeninhaber und Firmengeschenkprogramme macht.<\/p>\n<p data-start=\"1497\" data-end=\"1649\">Jedes Ger\u00e4t wird unter strengen Qualit\u00e4tskontroll- und Materialpr\u00fcfungsstandards hergestellt, um Konsistenz, Haltbarkeit und langfristige Sicherheit f\u00fcr den t\u00e4glichen Gebrauch zu gew\u00e4hrleisten.<\/p>","protected":false},"excerpt":{"rendered":"<p>Eine 500-ml-Wasserflasche aus hochwertigem Borosilikatglas mit Strohhalmdeckel, die sich durch Hitzebest\u00e4ndigkeit, Geruchsfreiheit und eine breite \u00d6ffnung auszeichnet. Ideal f\u00fcr Gro\u00dfhandel, Eigenmarken und OEM-Getr\u00e4nkeartikelprojekte.<\/p>\n<p>&nbsp;<\/p>","protected":false},"featured_media":17565,"comment_status":"open","ping_status":"closed","template":"","meta":{"_acf_changed":false},"product_brand":[],"product_cat":[309],"product_tag":[1170],"class_list":{"0":"post-17561","1":"product","2":"type-product","3":"status-publish","4":"has-post-thumbnail","6":"product_cat-plastic-water-bottle","7":"product_tag-plastic-water-bottle","9":"first","10":"instock","11":"shipping-taxable","12":"product-type-simple"},"acf":[],"yoast_head":"<!-- This site is optimized with the Yoast SEO Premium plugin v27.6 (Yoast SEO v27.6) - https:\/\/yoast.com\/product\/yoast-seo-premium-wordpress\/ -->\n<title>Borosilicate Glass Water Bottle with Straw Lid - Diller Water Bottle Manufacturer<\/title>\n<meta name=\"description\" content=\"Wholesale borosilicate glass water bottle with straw lid, 500ml capacity, heat-resistant, safe, and customizable for OEM and private label drinkware.\" \/>\n<meta name=\"robots\" content=\"index, follow, max-snippet:-1, max-image-preview:large, max-video-preview:-1\" \/>\n<link rel=\"canonical\" href=\"https:\/\/www.dillerbottle.com\/de\/produkte\/wasserflasche-aus-borosilikatglas-mit-strohhalmdeckel\" \/>\n<meta property=\"og:locale\" content=\"de_DE\" \/>\n<meta property=\"og:type\" content=\"article\" \/>\n<meta property=\"og:title\" content=\"Borosilicate Glass Water Bottle with Straw Lid\" \/>\n<meta property=\"og:description\" content=\"Wholesale borosilicate glass water bottle with straw lid, 500ml capacity, heat-resistant, safe, and customizable for OEM and private label drinkware.\" \/>\n<meta property=\"og:url\" content=\"https:\/\/www.dillerbottle.com\/de\/produkte\/wasserflasche-aus-borosilikatglas-mit-strohhalmdeckel\" \/>\n<meta property=\"og:site_name\" content=\"Diller Water Bottle Manufacturer\" \/>\n<meta property=\"article:modified_time\" content=\"2026-02-11T07:17:46+00:00\" \/>\n<meta property=\"og:image\" content=\"https:\/\/www.dillerbottle.com\/wp-content\/uploads\/2026\/02\/panda-tritan-water-bottle-399mlh592-1.jpg\" \/>\n\t<meta property=\"og:image:width\" content=\"800\" \/>\n\t<meta property=\"og:image:height\" content=\"800\" \/>\n\t<meta property=\"og:image:type\" content=\"image\/jpeg\" \/>\n<meta name=\"twitter:card\" content=\"summary_large_image\" \/>\n<meta name=\"twitter:label1\" content=\"Gesch\u00e4tzte Lesezeit\" \/>\n\t<meta name=\"twitter:data1\" content=\"4\u00a0Minuten\" \/>\n<script type=\"application\/ld+json\" class=\"yoast-schema-graph\">{\"@context\":\"https:\\\/\\\/schema.org\",\"@graph\":[{\"@type\":\"WebPage\",\"@id\":\"https:\\\/\\\/www.dillerbottle.com\\\/products\\\/borosilicate-glass-water-bottle-with-straw-lid\",\"url\":\"https:\\\/\\\/www.dillerbottle.com\\\/products\\\/borosilicate-glass-water-bottle-with-straw-lid\",\"name\":\"Borosilicate Glass Water Bottle with Straw Lid - Diller Water Bottle Manufacturer\",\"isPartOf\":{\"@id\":\"https:\\\/\\\/www.dillerbottle.com\\\/#website\"},\"primaryImageOfPage\":{\"@id\":\"https:\\\/\\\/www.dillerbottle.com\\\/products\\\/borosilicate-glass-water-bottle-with-straw-lid#primaryimage\"},\"image\":{\"@id\":\"https:\\\/\\\/www.dillerbottle.com\\\/products\\\/borosilicate-glass-water-bottle-with-straw-lid#primaryimage\"},\"thumbnailUrl\":\"https:\\\/\\\/www.dillerbottle.com\\\/wp-content\\\/uploads\\\/2026\\\/02\\\/panda-tritan-water-bottle-399mlh592-1.jpg\",\"datePublished\":\"2026-02-11T02:35:49+00:00\",\"dateModified\":\"2026-02-11T07:17:46+00:00\",\"description\":\"Wholesale borosilicate glass water bottle with straw lid, 500ml capacity, heat-resistant, safe, and customizable for OEM and private label drinkware.\",\"breadcrumb\":{\"@id\":\"https:\\\/\\\/www.dillerbottle.com\\\/products\\\/borosilicate-glass-water-bottle-with-straw-lid#breadcrumb\"},\"inLanguage\":\"de\",\"potentialAction\":[{\"@type\":\"ReadAction\",\"target\":[\"https:\\\/\\\/www.dillerbottle.com\\\/products\\\/borosilicate-glass-water-bottle-with-straw-lid\"]}]},{\"@type\":\"ImageObject\",\"inLanguage\":\"de\",\"@id\":\"https:\\\/\\\/www.dillerbottle.com\\\/products\\\/borosilicate-glass-water-bottle-with-straw-lid#primaryimage\",\"url\":\"https:\\\/\\\/www.dillerbottle.com\\\/wp-content\\\/uploads\\\/2026\\\/02\\\/panda-tritan-water-bottle-399mlh592-1.jpg\",\"contentUrl\":\"https:\\\/\\\/www.dillerbottle.com\\\/wp-content\\\/uploads\\\/2026\\\/02\\\/panda-tritan-water-bottle-399mlh592-1.jpg\",\"width\":800,\"height\":800},{\"@type\":\"BreadcrumbList\",\"@id\":\"https:\\\/\\\/www.dillerbottle.com\\\/products\\\/borosilicate-glass-water-bottle-with-straw-lid#breadcrumb\",\"itemListElement\":[{\"@type\":\"ListItem\",\"position\":1,\"name\":\"Home\",\"item\":\"https:\\\/\\\/www.dillerbottle.com\\\/\"},{\"@type\":\"ListItem\",\"position\":2,\"name\":\"Products\",\"item\":\"https:\\\/\\\/www.dillerbottle.com\\\/shop\"},{\"@type\":\"ListItem\",\"position\":3,\"name\":\"Borosilicate Glass Water Bottle with Straw Lid\"}]},{\"@type\":\"WebSite\",\"@id\":\"https:\\\/\\\/www.dillerbottle.com\\\/#website\",\"url\":\"https:\\\/\\\/www.dillerbottle.com\\\/\",\"name\":\"Diller Water Bottle Manufacturer\",\"description\":\"Water Bottle Manufacturer\",\"publisher\":{\"@id\":\"https:\\\/\\\/www.dillerbottle.com\\\/#organization\"},\"potentialAction\":[{\"@type\":\"SearchAction\",\"target\":{\"@type\":\"EntryPoint\",\"urlTemplate\":\"https:\\\/\\\/www.dillerbottle.com\\\/?s={search_term_string}\"},\"query-input\":{\"@type\":\"PropertyValueSpecification\",\"valueRequired\":true,\"valueName\":\"search_term_string\"}}],\"inLanguage\":\"de\"},{\"@type\":\"Organization\",\"@id\":\"https:\\\/\\\/www.dillerbottle.com\\\/#organization\",\"name\":\"Diller Water Bottle Manufacturer\",\"url\":\"https:\\\/\\\/www.dillerbottle.com\\\/\",\"logo\":{\"@type\":\"ImageObject\",\"inLanguage\":\"de\",\"@id\":\"https:\\\/\\\/www.dillerbottle.com\\\/#\\\/schema\\\/logo\\\/image\\\/\",\"url\":\"https:\\\/\\\/www.dillerbottle.com\\\/wp-content\\\/uploads\\\/2024\\\/09\\\/49918bfa848dcc1e9f8b509933603ac.png\",\"contentUrl\":\"https:\\\/\\\/www.dillerbottle.com\\\/wp-content\\\/uploads\\\/2024\\\/09\\\/49918bfa848dcc1e9f8b509933603ac.png\",\"width\":988,\"height\":198,\"caption\":\"Diller Water Bottle Manufacturer\"},\"image\":{\"@id\":\"https:\\\/\\\/www.dillerbottle.com\\\/#\\\/schema\\\/logo\\\/image\\\/\"}}]}<\/script>\n<!-- \/ Yoast SEO Premium plugin. -->","yoast_head_json":{"title":"Borosilikatglas Wasserflasche mit Strohhalm Deckel - Diller Wasserflasche Hersteller","description":"Gro\u00dfhandel Borosilikatglas Wasserflasche mit Stroh Deckel, 500ml Kapazit\u00e4t, hitzebest\u00e4ndig, sicher und anpassbar f\u00fcr OEM und Private Label Drinkware.","robots":{"index":"index","follow":"follow","max-snippet":"max-snippet:-1","max-image-preview":"max-image-preview:large","max-video-preview":"max-video-preview:-1"},"canonical":"https:\/\/www.dillerbottle.com\/de\/produkte\/wasserflasche-aus-borosilikatglas-mit-strohhalmdeckel","og_locale":"de_DE","og_type":"article","og_title":"Borosilicate Glass Water Bottle with Straw Lid","og_description":"Wholesale borosilicate glass water bottle with straw lid, 500ml capacity, heat-resistant, safe, and customizable for OEM and private label drinkware.","og_url":"https:\/\/www.dillerbottle.com\/de\/produkte\/wasserflasche-aus-borosilikatglas-mit-strohhalmdeckel","og_site_name":"Diller Water Bottle Manufacturer","article_modified_time":"2026-02-11T07:17:46+00:00","og_image":[{"width":800,"height":800,"url":"https:\/\/www.dillerbottle.com\/wp-content\/uploads\/2026\/02\/panda-tritan-water-bottle-399mlh592-1.jpg","type":"image\/jpeg"}],"twitter_card":"summary_large_image","twitter_misc":{"Gesch\u00e4tzte Lesezeit":"4\u00a0Minuten"},"schema":{"@context":"https:\/\/schema.org","@graph":[{"@type":"WebPage","@id":"https:\/\/www.dillerbottle.com\/products\/borosilicate-glass-water-bottle-with-straw-lid","url":"https:\/\/www.dillerbottle.com\/products\/borosilicate-glass-water-bottle-with-straw-lid","name":"Borosilikatglas Wasserflasche mit Strohhalm Deckel - Diller Wasserflasche Hersteller","isPartOf":{"@id":"https:\/\/www.dillerbottle.com\/#website"},"primaryImageOfPage":{"@id":"https:\/\/www.dillerbottle.com\/products\/borosilicate-glass-water-bottle-with-straw-lid#primaryimage"},"image":{"@id":"https:\/\/www.dillerbottle.com\/products\/borosilicate-glass-water-bottle-with-straw-lid#primaryimage"},"thumbnailUrl":"https:\/\/www.dillerbottle.com\/wp-content\/uploads\/2026\/02\/panda-tritan-water-bottle-399mlh592-1.jpg","datePublished":"2026-02-11T02:35:49+00:00","dateModified":"2026-02-11T07:17:46+00:00","description":"Gro\u00dfhandel Borosilikatglas Wasserflasche mit Stroh Deckel, 500ml Kapazit\u00e4t, hitzebest\u00e4ndig, sicher und anpassbar f\u00fcr OEM und Private Label Drinkware.","breadcrumb":{"@id":"https:\/\/www.dillerbottle.com\/products\/borosilicate-glass-water-bottle-with-straw-lid#breadcrumb"},"inLanguage":"de","potentialAction":[{"@type":"ReadAction","target":["https:\/\/www.dillerbottle.com\/products\/borosilicate-glass-water-bottle-with-straw-lid"]}]},{"@type":"ImageObject","inLanguage":"de","@id":"https:\/\/www.dillerbottle.com\/products\/borosilicate-glass-water-bottle-with-straw-lid#primaryimage","url":"https:\/\/www.dillerbottle.com\/wp-content\/uploads\/2026\/02\/panda-tritan-water-bottle-399mlh592-1.jpg","contentUrl":"https:\/\/www.dillerbottle.com\/wp-content\/uploads\/2026\/02\/panda-tritan-water-bottle-399mlh592-1.jpg","width":800,"height":800},{"@type":"BreadcrumbList","@id":"https:\/\/www.dillerbottle.com\/products\/borosilicate-glass-water-bottle-with-straw-lid#breadcrumb","itemListElement":[{"@type":"ListItem","position":1,"name":"Home","item":"https:\/\/www.dillerbottle.com\/"},{"@type":"ListItem","position":2,"name":"Products","item":"https:\/\/www.dillerbottle.com\/shop"},{"@type":"ListItem","position":3,"name":"Borosilicate Glass Water Bottle with Straw Lid"}]},{"@type":"WebSite","@id":"https:\/\/www.dillerbottle.com\/#website","url":"https:\/\/www.dillerbottle.com\/","name":"Diller Wasserflaschenhersteller","description":"Wasserflaschenhersteller","publisher":{"@id":"https:\/\/www.dillerbottle.com\/#organization"},"potentialAction":[{"@type":"SearchAction","target":{"@type":"EntryPoint","urlTemplate":"https:\/\/www.dillerbottle.com\/?s={search_term_string}"},"query-input":{"@type":"PropertyValueSpecification","valueRequired":true,"valueName":"search_term_string"}}],"inLanguage":"de"},{"@type":"Organization","@id":"https:\/\/www.dillerbottle.com\/#organization","name":"Diller Wasserflaschenhersteller","url":"https:\/\/www.dillerbottle.com\/","logo":{"@type":"ImageObject","inLanguage":"de","@id":"https:\/\/www.dillerbottle.com\/#\/schema\/logo\/image\/","url":"https:\/\/www.dillerbottle.com\/wp-content\/uploads\/2024\/09\/49918bfa848dcc1e9f8b509933603ac.png","contentUrl":"https:\/\/www.dillerbottle.com\/wp-content\/uploads\/2024\/09\/49918bfa848dcc1e9f8b509933603ac.png","width":988,"height":198,"caption":"Diller Water Bottle Manufacturer"},"image":{"@id":"https:\/\/www.dillerbottle.com\/#\/schema\/logo\/image\/"}}]}},"_links":{"self":[{"href":"https:\/\/www.dillerbottle.com\/de\/wp-json\/wp\/v2\/product\/17561","targetHints":{"allow":["GET"]}}],"collection":[{"href":"https:\/\/www.dillerbottle.com\/de\/wp-json\/wp\/v2\/product"}],"about":[{"href":"https:\/\/www.dillerbottle.com\/de\/wp-json\/wp\/v2\/types\/product"}],"replies":[{"embeddable":true,"href":"https:\/\/www.dillerbottle.com\/de\/wp-json\/wp\/v2\/comments?post=17561"}],"wp:featuredmedia":[{"embeddable":true,"href":"https:\/\/www.dillerbottle.com\/de\/wp-json\/wp\/v2\/media\/17565"}],"wp:attachment":[{"href":"https:\/\/www.dillerbottle.com\/de\/wp-json\/wp\/v2\/media?parent=17561"}],"wp:term":[{"taxonomy":"product_brand","embeddable":true,"href":"https:\/\/www.dillerbottle.com\/de\/wp-json\/wp\/v2\/product_brand?post=17561"},{"taxonomy":"product_cat","embeddable":true,"href":"https:\/\/www.dillerbottle.com\/de\/wp-json\/wp\/v2\/product_cat?post=17561"},{"taxonomy":"product_tag","embeddable":true,"href":"https:\/\/www.dillerbottle.com\/de\/wp-json\/wp\/v2\/product_tag?post=17561"}],"curies":[{"name":"wp","href":"https:\/\/api.w.org\/{rel}","templated":true}]}}