{"id":17608,"date":"2026-02-11T15:39:11","date_gmt":"2026-02-11T07:39:11","guid":{"rendered":"https:\/\/www.dillerbottle.com\/?post_type=product&#038;p=17608"},"modified":"2026-02-11T15:52:42","modified_gmt":"2026-02-11T07:52:42","slug":"oem-odm-520ml-isoliertes-lebensmittelgefas","status":"publish","type":"product","link":"https:\/\/www.dillerbottle.com\/de\/products\/oem-odm-520ml-insulated-food-jar","title":{"rendered":"OEM\/ODM 520ml Isoliertes Lebensmittelgef\u00e4\u00df"},"content":{"rendered":"<p data-start=\"533\" data-end=\"703\">Dieser isolierte 520-ml-Thermobeh\u00e4lter f\u00fcr Lebensmittel ist f\u00fcr Marken, H\u00e4ndler und Importeure gedacht, die zuverl\u00e4ssige OEM\/ODM-L\u00f6sungen f\u00fcr Getr\u00e4nke- und Lebensmittelbeh\u00e4lter aus Edelstahl suchen.<\/p>\n<p data-start=\"705\" data-end=\"934\">Die innere Auskleidung besteht aus rostfreiem Stahl SUS316, der eine hohe Korrosionsbest\u00e4ndigkeit, Lebensmittelsicherheit und Langlebigkeit gew\u00e4hrleistet. Der Au\u00dfenk\u00f6rper hat eine glatte, anpassbare Oberfl\u00e4che, die sich f\u00fcr den Druck von Eigenmarken und die Entwicklung von Marken eignet.<\/p>\n<p data-start=\"936\" data-end=\"1218\">Mit einem gro\u00dfen Fassungsverm\u00f6gen von 520 ml ist dieser Isolierbeh\u00e4lter ideal f\u00fcr Suppen, Brei, Babynahrung, warme Mahlzeiten und Getr\u00e4nke. Die breite \u00d6ffnung erm\u00f6glicht ein einfaches Bef\u00fcllen, Reinigen und direktes Essen. Ein praktischer, tragbarer Griff erleichtert den t\u00e4glichen Gebrauch in der Schule, auf Reisen und im Freien.<\/p>\n<p data-start=\"1220\" data-end=\"1397\">Das Produkt wird unter strengen Qualit\u00e4tskontrollstandards hergestellt und unterst\u00fctzt die vollst\u00e4ndige OEM\/ODM-Anpassung, einschlie\u00dflich Logodruck, Verpackungsdesign und strukturelle Anpassungen.<\/p>\n<p data-start=\"1399\" data-end=\"1437\">Dieses Modell ist besonders geeignet f\u00fcr:<\/p>\n<ul data-start=\"1438\" data-end=\"1598\">\n<li data-start=\"1438\" data-end=\"1468\">\n<p data-start=\"1440\" data-end=\"1468\">Marken f\u00fcr Baby- und Kinderprodukte<\/p>\n<\/li>\n<li data-start=\"1469\" data-end=\"1499\">\n<p data-start=\"1471\" data-end=\"1499\">Unternehmen f\u00fcr Werbegeschenke<\/p>\n<\/li>\n<li data-start=\"1500\" data-end=\"1525\">\n<p data-start=\"1502\" data-end=\"1525\">H\u00e4ndler f\u00fcr Haushaltswaren<\/p>\n<\/li>\n<li data-start=\"1526\" data-end=\"1563\">\n<p data-start=\"1528\" data-end=\"1563\">Importeure von Thermobeh\u00e4ltern f\u00fcr Mittagessen<\/p>\n<\/li>\n<li data-start=\"1564\" data-end=\"1598\">\n<p data-start=\"1566\" data-end=\"1598\">Grenz\u00fcberschreitende E-Commerce-Marken<\/p>\n<\/li>\n<\/ul>","protected":false},"excerpt":{"rendered":"<p>Isolierte 520-ml-Lebensmittelbeh\u00e4lter mit Innenseite aus Edelstahl SUS316, breiter \u00d6ffnung und tragbarem Griff. Ideal f\u00fcr OEM\/ODM-Projekte, Eigenmarken und Gro\u00dfhandel.<\/p>","protected":false},"featured_media":17613,"comment_status":"open","ping_status":"closed","template":"","meta":{"_acf_changed":false},"product_brand":[],"product_cat":[108,18],"product_tag":[1029],"class_list":{"0":"post-17608","1":"product","2":"type-product","3":"status-publish","4":"has-post-thumbnail","6":"product_cat-insulated-food-jar","7":"product_cat-insulated-water-bottle","8":"product_tag-stainless-vacuum-water-bottle","10":"first","11":"instock","12":"shipping-taxable","13":"product-type-simple"},"acf":[],"yoast_head":"<!-- This site is optimized with the Yoast SEO Premium plugin v27.3 (Yoast SEO v27.3) - https:\/\/yoast.com\/product\/yoast-seo-premium-wordpress\/ -->\n<title>OEM\/ODM 520ml Insulated Food Jar - Diller Water Bottle Manufacturer<\/title>\n<meta name=\"description\" content=\"OEM 520ml insulated food jar with SUS316 stainless steel liner, wide mouth design, customizable for wholesale and private label brands.\" \/>\n<meta name=\"robots\" content=\"index, follow, max-snippet:-1, max-image-preview:large, max-video-preview:-1\" \/>\n<link rel=\"canonical\" href=\"https:\/\/www.dillerbottle.com\/de\/produkte\/oem-odm-520ml-isoliertes-lebensmittelgefas\" \/>\n<meta property=\"og:locale\" content=\"de_DE\" \/>\n<meta property=\"og:type\" content=\"article\" \/>\n<meta property=\"og:title\" content=\"OEM\/ODM 520ml Insulated Food Jar\" \/>\n<meta property=\"og:description\" content=\"OEM 520ml insulated food jar with SUS316 stainless steel liner, wide mouth design, customizable for wholesale and private label brands.\" \/>\n<meta property=\"og:url\" content=\"https:\/\/www.dillerbottle.com\/de\/produkte\/oem-odm-520ml-isoliertes-lebensmittelgefas\" \/>\n<meta property=\"og:site_name\" content=\"Diller Water Bottle Manufacturer\" \/>\n<meta property=\"article:modified_time\" content=\"2026-02-11T07:52:42+00:00\" \/>\n<meta property=\"og:image\" content=\"https:\/\/www.dillerbottle.com\/wp-content\/uploads\/2026\/02\/oemodm-1100ml-insulated-food-jar-9201-1.jpg\" \/>\n\t<meta property=\"og:image:width\" content=\"800\" \/>\n\t<meta property=\"og:image:height\" content=\"800\" \/>\n\t<meta property=\"og:image:type\" content=\"image\/jpeg\" \/>\n<meta name=\"twitter:card\" content=\"summary_large_image\" \/>\n<meta name=\"twitter:label1\" content=\"Gesch\u00e4tzte Lesezeit\" \/>\n\t<meta name=\"twitter:data1\" content=\"4\u00a0Minuten\" \/>\n<script type=\"application\/ld+json\" class=\"yoast-schema-graph\">{\"@context\":\"https:\\\/\\\/schema.org\",\"@graph\":[{\"@type\":\"WebPage\",\"@id\":\"https:\\\/\\\/www.dillerbottle.com\\\/products\\\/oem-odm-520ml-insulated-food-jar\",\"url\":\"https:\\\/\\\/www.dillerbottle.com\\\/products\\\/oem-odm-520ml-insulated-food-jar\",\"name\":\"OEM\\\/ODM 520ml Insulated Food Jar - Diller Water Bottle Manufacturer\",\"isPartOf\":{\"@id\":\"https:\\\/\\\/www.dillerbottle.com\\\/#website\"},\"primaryImageOfPage\":{\"@id\":\"https:\\\/\\\/www.dillerbottle.com\\\/products\\\/oem-odm-520ml-insulated-food-jar#primaryimage\"},\"image\":{\"@id\":\"https:\\\/\\\/www.dillerbottle.com\\\/products\\\/oem-odm-520ml-insulated-food-jar#primaryimage\"},\"thumbnailUrl\":\"https:\\\/\\\/www.dillerbottle.com\\\/wp-content\\\/uploads\\\/2026\\\/02\\\/oemodm-1100ml-insulated-food-jar-9201-1.jpg\",\"datePublished\":\"2026-02-11T07:39:11+00:00\",\"dateModified\":\"2026-02-11T07:52:42+00:00\",\"description\":\"OEM 520ml insulated food jar with SUS316 stainless steel liner, wide mouth design, customizable for wholesale and private label brands.\",\"breadcrumb\":{\"@id\":\"https:\\\/\\\/www.dillerbottle.com\\\/products\\\/oem-odm-520ml-insulated-food-jar#breadcrumb\"},\"inLanguage\":\"de\",\"potentialAction\":[{\"@type\":\"ReadAction\",\"target\":[\"https:\\\/\\\/www.dillerbottle.com\\\/products\\\/oem-odm-520ml-insulated-food-jar\"]}]},{\"@type\":\"ImageObject\",\"inLanguage\":\"de\",\"@id\":\"https:\\\/\\\/www.dillerbottle.com\\\/products\\\/oem-odm-520ml-insulated-food-jar#primaryimage\",\"url\":\"https:\\\/\\\/www.dillerbottle.com\\\/wp-content\\\/uploads\\\/2026\\\/02\\\/oemodm-1100ml-insulated-food-jar-9201-1.jpg\",\"contentUrl\":\"https:\\\/\\\/www.dillerbottle.com\\\/wp-content\\\/uploads\\\/2026\\\/02\\\/oemodm-1100ml-insulated-food-jar-9201-1.jpg\",\"width\":800,\"height\":800},{\"@type\":\"BreadcrumbList\",\"@id\":\"https:\\\/\\\/www.dillerbottle.com\\\/products\\\/oem-odm-520ml-insulated-food-jar#breadcrumb\",\"itemListElement\":[{\"@type\":\"ListItem\",\"position\":1,\"name\":\"Home\",\"item\":\"https:\\\/\\\/www.dillerbottle.com\\\/\"},{\"@type\":\"ListItem\",\"position\":2,\"name\":\"Products\",\"item\":\"https:\\\/\\\/www.dillerbottle.com\\\/shop\"},{\"@type\":\"ListItem\",\"position\":3,\"name\":\"OEM\\\/ODM 520ml Insulated Food Jar\"}]},{\"@type\":\"WebSite\",\"@id\":\"https:\\\/\\\/www.dillerbottle.com\\\/#website\",\"url\":\"https:\\\/\\\/www.dillerbottle.com\\\/\",\"name\":\"Diller Water Bottle Manufacturer\",\"description\":\"Water Bottle Manufacturer\",\"publisher\":{\"@id\":\"https:\\\/\\\/www.dillerbottle.com\\\/#organization\"},\"potentialAction\":[{\"@type\":\"SearchAction\",\"target\":{\"@type\":\"EntryPoint\",\"urlTemplate\":\"https:\\\/\\\/www.dillerbottle.com\\\/?s={search_term_string}\"},\"query-input\":{\"@type\":\"PropertyValueSpecification\",\"valueRequired\":true,\"valueName\":\"search_term_string\"}}],\"inLanguage\":\"de\"},{\"@type\":\"Organization\",\"@id\":\"https:\\\/\\\/www.dillerbottle.com\\\/#organization\",\"name\":\"Diller Water Bottle Manufacturer\",\"url\":\"https:\\\/\\\/www.dillerbottle.com\\\/\",\"logo\":{\"@type\":\"ImageObject\",\"inLanguage\":\"de\",\"@id\":\"https:\\\/\\\/www.dillerbottle.com\\\/#\\\/schema\\\/logo\\\/image\\\/\",\"url\":\"https:\\\/\\\/www.dillerbottle.com\\\/wp-content\\\/uploads\\\/2024\\\/09\\\/49918bfa848dcc1e9f8b509933603ac.png\",\"contentUrl\":\"https:\\\/\\\/www.dillerbottle.com\\\/wp-content\\\/uploads\\\/2024\\\/09\\\/49918bfa848dcc1e9f8b509933603ac.png\",\"width\":988,\"height\":198,\"caption\":\"Diller Water Bottle Manufacturer\"},\"image\":{\"@id\":\"https:\\\/\\\/www.dillerbottle.com\\\/#\\\/schema\\\/logo\\\/image\\\/\"}}]}<\/script>\n<!-- \/ Yoast SEO Premium plugin. -->","yoast_head_json":{"title":"OEM\/ODM 520ml isolierte Lebensmittel Glas - Diller Wasserflasche Hersteller","description":"OEM 520ml isolierte Lebensmittelbeh\u00e4lter mit SUS316-Edelstahl-Innenbeh\u00e4lter, Weithalsdesign, anpassbar f\u00fcr Gro\u00dfhandel und Eigenmarken.","robots":{"index":"index","follow":"follow","max-snippet":"max-snippet:-1","max-image-preview":"max-image-preview:large","max-video-preview":"max-video-preview:-1"},"canonical":"https:\/\/www.dillerbottle.com\/de\/produkte\/oem-odm-520ml-isoliertes-lebensmittelgefas","og_locale":"de_DE","og_type":"article","og_title":"OEM\/ODM 520ml Insulated Food Jar","og_description":"OEM 520ml insulated food jar with SUS316 stainless steel liner, wide mouth design, customizable for wholesale and private label brands.","og_url":"https:\/\/www.dillerbottle.com\/de\/produkte\/oem-odm-520ml-isoliertes-lebensmittelgefas","og_site_name":"Diller Water Bottle Manufacturer","article_modified_time":"2026-02-11T07:52:42+00:00","og_image":[{"width":800,"height":800,"url":"https:\/\/www.dillerbottle.com\/wp-content\/uploads\/2026\/02\/oemodm-1100ml-insulated-food-jar-9201-1.jpg","type":"image\/jpeg"}],"twitter_card":"summary_large_image","twitter_misc":{"Gesch\u00e4tzte Lesezeit":"4\u00a0Minuten"},"schema":{"@context":"https:\/\/schema.org","@graph":[{"@type":"WebPage","@id":"https:\/\/www.dillerbottle.com\/products\/oem-odm-520ml-insulated-food-jar","url":"https:\/\/www.dillerbottle.com\/products\/oem-odm-520ml-insulated-food-jar","name":"OEM\/ODM 520ml isolierte Lebensmittel Glas - Diller Wasserflasche Hersteller","isPartOf":{"@id":"https:\/\/www.dillerbottle.com\/#website"},"primaryImageOfPage":{"@id":"https:\/\/www.dillerbottle.com\/products\/oem-odm-520ml-insulated-food-jar#primaryimage"},"image":{"@id":"https:\/\/www.dillerbottle.com\/products\/oem-odm-520ml-insulated-food-jar#primaryimage"},"thumbnailUrl":"https:\/\/www.dillerbottle.com\/wp-content\/uploads\/2026\/02\/oemodm-1100ml-insulated-food-jar-9201-1.jpg","datePublished":"2026-02-11T07:39:11+00:00","dateModified":"2026-02-11T07:52:42+00:00","description":"OEM 520ml isolierte Lebensmittelbeh\u00e4lter mit SUS316-Edelstahl-Innenbeh\u00e4lter, Weithalsdesign, anpassbar f\u00fcr Gro\u00dfhandel und Eigenmarken.","breadcrumb":{"@id":"https:\/\/www.dillerbottle.com\/products\/oem-odm-520ml-insulated-food-jar#breadcrumb"},"inLanguage":"de","potentialAction":[{"@type":"ReadAction","target":["https:\/\/www.dillerbottle.com\/products\/oem-odm-520ml-insulated-food-jar"]}]},{"@type":"ImageObject","inLanguage":"de","@id":"https:\/\/www.dillerbottle.com\/products\/oem-odm-520ml-insulated-food-jar#primaryimage","url":"https:\/\/www.dillerbottle.com\/wp-content\/uploads\/2026\/02\/oemodm-1100ml-insulated-food-jar-9201-1.jpg","contentUrl":"https:\/\/www.dillerbottle.com\/wp-content\/uploads\/2026\/02\/oemodm-1100ml-insulated-food-jar-9201-1.jpg","width":800,"height":800},{"@type":"BreadcrumbList","@id":"https:\/\/www.dillerbottle.com\/products\/oem-odm-520ml-insulated-food-jar#breadcrumb","itemListElement":[{"@type":"ListItem","position":1,"name":"Home","item":"https:\/\/www.dillerbottle.com\/"},{"@type":"ListItem","position":2,"name":"Products","item":"https:\/\/www.dillerbottle.com\/shop"},{"@type":"ListItem","position":3,"name":"OEM\/ODM 520ml Insulated Food Jar"}]},{"@type":"WebSite","@id":"https:\/\/www.dillerbottle.com\/#website","url":"https:\/\/www.dillerbottle.com\/","name":"Diller Wasserflaschenhersteller","description":"Wasserflaschenhersteller","publisher":{"@id":"https:\/\/www.dillerbottle.com\/#organization"},"potentialAction":[{"@type":"SearchAction","target":{"@type":"EntryPoint","urlTemplate":"https:\/\/www.dillerbottle.com\/?s={search_term_string}"},"query-input":{"@type":"PropertyValueSpecification","valueRequired":true,"valueName":"search_term_string"}}],"inLanguage":"de"},{"@type":"Organization","@id":"https:\/\/www.dillerbottle.com\/#organization","name":"Diller Wasserflaschenhersteller","url":"https:\/\/www.dillerbottle.com\/","logo":{"@type":"ImageObject","inLanguage":"de","@id":"https:\/\/www.dillerbottle.com\/#\/schema\/logo\/image\/","url":"https:\/\/www.dillerbottle.com\/wp-content\/uploads\/2024\/09\/49918bfa848dcc1e9f8b509933603ac.png","contentUrl":"https:\/\/www.dillerbottle.com\/wp-content\/uploads\/2024\/09\/49918bfa848dcc1e9f8b509933603ac.png","width":988,"height":198,"caption":"Diller Water Bottle Manufacturer"},"image":{"@id":"https:\/\/www.dillerbottle.com\/#\/schema\/logo\/image\/"}}]}},"_links":{"self":[{"href":"https:\/\/www.dillerbottle.com\/de\/wp-json\/wp\/v2\/product\/17608","targetHints":{"allow":["GET"]}}],"collection":[{"href":"https:\/\/www.dillerbottle.com\/de\/wp-json\/wp\/v2\/product"}],"about":[{"href":"https:\/\/www.dillerbottle.com\/de\/wp-json\/wp\/v2\/types\/product"}],"replies":[{"embeddable":true,"href":"https:\/\/www.dillerbottle.com\/de\/wp-json\/wp\/v2\/comments?post=17608"}],"wp:featuredmedia":[{"embeddable":true,"href":"https:\/\/www.dillerbottle.com\/de\/wp-json\/wp\/v2\/media\/17613"}],"wp:attachment":[{"href":"https:\/\/www.dillerbottle.com\/de\/wp-json\/wp\/v2\/media?parent=17608"}],"wp:term":[{"taxonomy":"product_brand","embeddable":true,"href":"https:\/\/www.dillerbottle.com\/de\/wp-json\/wp\/v2\/product_brand?post=17608"},{"taxonomy":"product_cat","embeddable":true,"href":"https:\/\/www.dillerbottle.com\/de\/wp-json\/wp\/v2\/product_cat?post=17608"},{"taxonomy":"product_tag","embeddable":true,"href":"https:\/\/www.dillerbottle.com\/de\/wp-json\/wp\/v2\/product_tag?post=17608"}],"curies":[{"name":"wp","href":"https:\/\/api.w.org\/{rel}","templated":true}]}}