{"id":17652,"date":"2026-02-11T16:47:45","date_gmt":"2026-02-11T08:47:45","guid":{"rendered":"https:\/\/www.dillerbottle.com\/?post_type=product&#038;p=17652"},"modified":"2026-02-11T16:59:02","modified_gmt":"2026-02-11T08:59:02","slug":"oem-580ml-borosilikatglas-teetasse-mit-silikondeckel","status":"publish","type":"product","link":"https:\/\/www.dillerbottle.com\/de\/products\/oem-580ml-borosilicate-glass-tea-cup-with-silicone-lid","title":{"rendered":"OEM 580ml Borosilikatglas-Teebecher mit Silikon-Deckel"},"content":{"rendered":"<p data-start=\"519\" data-end=\"678\">Dieser Teebecher aus Borosilikatglas mit einem Fassungsverm\u00f6gen von 580 ml wurde f\u00fcr Marken und H\u00e4ndler entwickelt, die kreative und individuell gestaltbare Trinkgef\u00e4\u00dfe aus Glas f\u00fcr den Geschenk- und Lifestyle-Markt suchen.<\/p>\n<p data-start=\"680\" data-end=\"934\">Der Becher aus hochwertigem Borosilikatglas ist hitzebest\u00e4ndig und langlebig und eignet sich sowohl f\u00fcr hei\u00dfe als auch f\u00fcr kalte Getr\u00e4nke. Der transparente K\u00f6rper verbessert die Produktpr\u00e4sentation und ist ideal f\u00fcr Tee, Fr\u00fcchtetees, Kaffee und Spezialgetr\u00e4nke.<\/p>\n<p data-start=\"936\" data-end=\"1165\">Der Deckel aus lebensmittelechtem Silikon verbessert die Praktikabilit\u00e4t und sorgt gleichzeitig f\u00fcr eine sanfte \u00c4sthetik. Mit seinem kompakten Fassungsverm\u00f6gen von 580 ml eignet er sich f\u00fcr den t\u00e4glichen Gebrauch im B\u00fcro, in Caf\u00e9s, f\u00fcr Werbegeschenke und saisonale Kollektionen im Einzelhandel.<\/p>\n<p data-start=\"1167\" data-end=\"1267\">Mit seiner starken visuellen Identit\u00e4t und der M\u00f6glichkeit der OEM-Anpassung ist dieses Modell besonders geeignet f\u00fcr:<\/p>\n<ul data-start=\"1269\" data-end=\"1417\">\n<li data-start=\"1269\" data-end=\"1288\">\n<p data-start=\"1271\" data-end=\"1288\">Geschenkartikel-Marken<\/p>\n<\/li>\n<li data-start=\"1289\" data-end=\"1320\">\n<p data-start=\"1291\" data-end=\"1320\">Verteiler f\u00fcr Haus und K\u00fcche<\/p>\n<\/li>\n<li data-start=\"1321\" data-end=\"1348\">\n<p data-start=\"1323\" data-end=\"1348\">Anbieter von Teezubeh\u00f6r<\/p>\n<\/li>\n<li data-start=\"1349\" data-end=\"1382\">\n<p data-start=\"1351\" data-end=\"1382\">Unternehmen, die Werbeartikel herstellen<\/p>\n<\/li>\n<li data-start=\"1383\" data-end=\"1417\">\n<p data-start=\"1385\" data-end=\"1417\">Lifestyle-Marken mit Eigenmarken<\/p>\n<\/li>\n<\/ul>\n<p data-start=\"1419\" data-end=\"1551\">Es werden umfassende OEM- und ODM-Dienstleistungen angeboten, einschlie\u00dflich Logodruck, Verpackungsdesign, strukturelle Anpassungen und Farbanpassungen.<\/p>","protected":false},"excerpt":{"rendered":"<p>580 ml gro\u00dfe Teetasse aus Borosilikatglas mit lebensmittelechtem Silikondeckel und kreativem Dekorationsdesign. Ideal f\u00fcr OEM-, Handelsmarken- und Gro\u00dfhandelsgeschenkprojekte.<\/p>","protected":false},"featured_media":17657,"comment_status":"open","ping_status":"closed","template":"","meta":{"_acf_changed":false},"product_brand":[],"product_cat":[310],"product_tag":[591],"class_list":{"0":"post-17652","1":"product","2":"type-product","3":"status-publish","4":"has-post-thumbnail","6":"product_cat-glass-water-bottle","7":"product_tag-glass-water-bottle","9":"first","10":"instock","11":"shipping-taxable","12":"product-type-simple"},"acf":[],"yoast_head":"<!-- This site is optimized with the Yoast SEO Premium plugin v27.6 (Yoast SEO v27.6) - https:\/\/yoast.com\/product\/yoast-seo-premium-wordpress\/ -->\n<title>OEM 580ml Borosilicate Glass Tea Cup with Silicone Lid - Diller Water Bottle Manufacturer<\/title>\n<meta name=\"description\" content=\"OEM 320ml borosilicate glass tea cup with silicone lid, custom logo drinkware for wholesale gift and lifestyle brands.\" \/>\n<meta name=\"robots\" content=\"index, follow, max-snippet:-1, max-image-preview:large, max-video-preview:-1\" \/>\n<link rel=\"canonical\" href=\"https:\/\/www.dillerbottle.com\/de\/produkte\/oem-580ml-borosilikatglas-teetasse-mit-silikondeckel\" \/>\n<meta property=\"og:locale\" content=\"de_DE\" \/>\n<meta property=\"og:type\" content=\"article\" \/>\n<meta property=\"og:title\" content=\"OEM 580ml Borosilicate Glass Tea Cup with Silicone Lid\" \/>\n<meta property=\"og:description\" content=\"OEM 320ml borosilicate glass tea cup with silicone lid, custom logo drinkware for wholesale gift and lifestyle brands.\" \/>\n<meta property=\"og:url\" content=\"https:\/\/www.dillerbottle.com\/de\/produkte\/oem-580ml-borosilikatglas-teetasse-mit-silikondeckel\" \/>\n<meta property=\"og:site_name\" content=\"Diller Water Bottle Manufacturer\" \/>\n<meta property=\"article:modified_time\" content=\"2026-02-11T08:59:02+00:00\" \/>\n<meta property=\"og:image\" content=\"https:\/\/www.dillerbottle.com\/wp-content\/uploads\/2026\/02\/oem-320ml-borosilicate-glass-tea-cup-with-silicone-lid-9203-1.jpg\" \/>\n\t<meta property=\"og:image:width\" content=\"800\" \/>\n\t<meta property=\"og:image:height\" content=\"800\" \/>\n\t<meta property=\"og:image:type\" content=\"image\/jpeg\" \/>\n<meta name=\"twitter:card\" content=\"summary_large_image\" \/>\n<meta name=\"twitter:label1\" content=\"Gesch\u00e4tzte Lesezeit\" \/>\n\t<meta name=\"twitter:data1\" content=\"4\u00a0Minuten\" \/>\n<script type=\"application\/ld+json\" class=\"yoast-schema-graph\">{\"@context\":\"https:\\\/\\\/schema.org\",\"@graph\":[{\"@type\":\"WebPage\",\"@id\":\"https:\\\/\\\/www.dillerbottle.com\\\/products\\\/oem-580ml-borosilicate-glass-tea-cup-with-silicone-lid\",\"url\":\"https:\\\/\\\/www.dillerbottle.com\\\/products\\\/oem-580ml-borosilicate-glass-tea-cup-with-silicone-lid\",\"name\":\"OEM 580ml Borosilicate Glass Tea Cup with Silicone Lid - Diller Water Bottle Manufacturer\",\"isPartOf\":{\"@id\":\"https:\\\/\\\/www.dillerbottle.com\\\/#website\"},\"primaryImageOfPage\":{\"@id\":\"https:\\\/\\\/www.dillerbottle.com\\\/products\\\/oem-580ml-borosilicate-glass-tea-cup-with-silicone-lid#primaryimage\"},\"image\":{\"@id\":\"https:\\\/\\\/www.dillerbottle.com\\\/products\\\/oem-580ml-borosilicate-glass-tea-cup-with-silicone-lid#primaryimage\"},\"thumbnailUrl\":\"https:\\\/\\\/www.dillerbottle.com\\\/wp-content\\\/uploads\\\/2026\\\/02\\\/oem-320ml-borosilicate-glass-tea-cup-with-silicone-lid-9203-1.jpg\",\"datePublished\":\"2026-02-11T08:47:45+00:00\",\"dateModified\":\"2026-02-11T08:59:02+00:00\",\"description\":\"OEM 320ml borosilicate glass tea cup with silicone lid, custom logo drinkware for wholesale gift and lifestyle brands.\",\"breadcrumb\":{\"@id\":\"https:\\\/\\\/www.dillerbottle.com\\\/products\\\/oem-580ml-borosilicate-glass-tea-cup-with-silicone-lid#breadcrumb\"},\"inLanguage\":\"de\",\"potentialAction\":[{\"@type\":\"ReadAction\",\"target\":[\"https:\\\/\\\/www.dillerbottle.com\\\/products\\\/oem-580ml-borosilicate-glass-tea-cup-with-silicone-lid\"]}]},{\"@type\":\"ImageObject\",\"inLanguage\":\"de\",\"@id\":\"https:\\\/\\\/www.dillerbottle.com\\\/products\\\/oem-580ml-borosilicate-glass-tea-cup-with-silicone-lid#primaryimage\",\"url\":\"https:\\\/\\\/www.dillerbottle.com\\\/wp-content\\\/uploads\\\/2026\\\/02\\\/oem-320ml-borosilicate-glass-tea-cup-with-silicone-lid-9203-1.jpg\",\"contentUrl\":\"https:\\\/\\\/www.dillerbottle.com\\\/wp-content\\\/uploads\\\/2026\\\/02\\\/oem-320ml-borosilicate-glass-tea-cup-with-silicone-lid-9203-1.jpg\",\"width\":800,\"height\":800},{\"@type\":\"BreadcrumbList\",\"@id\":\"https:\\\/\\\/www.dillerbottle.com\\\/products\\\/oem-580ml-borosilicate-glass-tea-cup-with-silicone-lid#breadcrumb\",\"itemListElement\":[{\"@type\":\"ListItem\",\"position\":1,\"name\":\"Home\",\"item\":\"https:\\\/\\\/www.dillerbottle.com\\\/\"},{\"@type\":\"ListItem\",\"position\":2,\"name\":\"Products\",\"item\":\"https:\\\/\\\/www.dillerbottle.com\\\/shop\"},{\"@type\":\"ListItem\",\"position\":3,\"name\":\"OEM 580ml Borosilicate Glass Tea Cup with Silicone Lid\"}]},{\"@type\":\"WebSite\",\"@id\":\"https:\\\/\\\/www.dillerbottle.com\\\/#website\",\"url\":\"https:\\\/\\\/www.dillerbottle.com\\\/\",\"name\":\"Diller Water Bottle Manufacturer\",\"description\":\"Water Bottle Manufacturer\",\"publisher\":{\"@id\":\"https:\\\/\\\/www.dillerbottle.com\\\/#organization\"},\"potentialAction\":[{\"@type\":\"SearchAction\",\"target\":{\"@type\":\"EntryPoint\",\"urlTemplate\":\"https:\\\/\\\/www.dillerbottle.com\\\/?s={search_term_string}\"},\"query-input\":{\"@type\":\"PropertyValueSpecification\",\"valueRequired\":true,\"valueName\":\"search_term_string\"}}],\"inLanguage\":\"de\"},{\"@type\":\"Organization\",\"@id\":\"https:\\\/\\\/www.dillerbottle.com\\\/#organization\",\"name\":\"Diller Water Bottle Manufacturer\",\"url\":\"https:\\\/\\\/www.dillerbottle.com\\\/\",\"logo\":{\"@type\":\"ImageObject\",\"inLanguage\":\"de\",\"@id\":\"https:\\\/\\\/www.dillerbottle.com\\\/#\\\/schema\\\/logo\\\/image\\\/\",\"url\":\"https:\\\/\\\/www.dillerbottle.com\\\/wp-content\\\/uploads\\\/2024\\\/09\\\/49918bfa848dcc1e9f8b509933603ac.png\",\"contentUrl\":\"https:\\\/\\\/www.dillerbottle.com\\\/wp-content\\\/uploads\\\/2024\\\/09\\\/49918bfa848dcc1e9f8b509933603ac.png\",\"width\":988,\"height\":198,\"caption\":\"Diller Water Bottle Manufacturer\"},\"image\":{\"@id\":\"https:\\\/\\\/www.dillerbottle.com\\\/#\\\/schema\\\/logo\\\/image\\\/\"}}]}<\/script>\n<!-- \/ Yoast SEO Premium plugin. -->","yoast_head_json":{"title":"OEM 580ml Borosilikatglas Teetasse mit Silikon-Deckel - Diller Wasserflasche Hersteller","description":"OEM 320ml Borosilikatglas Teetasse mit Silikon-Deckel, benutzerdefinierte Logo Trinkgeschirr f\u00fcr Gro\u00dfhandel Geschenk-und Lifestyle-Marken.","robots":{"index":"index","follow":"follow","max-snippet":"max-snippet:-1","max-image-preview":"max-image-preview:large","max-video-preview":"max-video-preview:-1"},"canonical":"https:\/\/www.dillerbottle.com\/de\/produkte\/oem-580ml-borosilikatglas-teetasse-mit-silikondeckel","og_locale":"de_DE","og_type":"article","og_title":"OEM 580ml Borosilicate Glass Tea Cup with Silicone Lid","og_description":"OEM 320ml borosilicate glass tea cup with silicone lid, custom logo drinkware for wholesale gift and lifestyle brands.","og_url":"https:\/\/www.dillerbottle.com\/de\/produkte\/oem-580ml-borosilikatglas-teetasse-mit-silikondeckel","og_site_name":"Diller Water Bottle Manufacturer","article_modified_time":"2026-02-11T08:59:02+00:00","og_image":[{"width":800,"height":800,"url":"https:\/\/www.dillerbottle.com\/wp-content\/uploads\/2026\/02\/oem-320ml-borosilicate-glass-tea-cup-with-silicone-lid-9203-1.jpg","type":"image\/jpeg"}],"twitter_card":"summary_large_image","twitter_misc":{"Gesch\u00e4tzte Lesezeit":"4\u00a0Minuten"},"schema":{"@context":"https:\/\/schema.org","@graph":[{"@type":"WebPage","@id":"https:\/\/www.dillerbottle.com\/products\/oem-580ml-borosilicate-glass-tea-cup-with-silicone-lid","url":"https:\/\/www.dillerbottle.com\/products\/oem-580ml-borosilicate-glass-tea-cup-with-silicone-lid","name":"OEM 580ml Borosilikatglas Teetasse mit Silikon-Deckel - Diller Wasserflasche Hersteller","isPartOf":{"@id":"https:\/\/www.dillerbottle.com\/#website"},"primaryImageOfPage":{"@id":"https:\/\/www.dillerbottle.com\/products\/oem-580ml-borosilicate-glass-tea-cup-with-silicone-lid#primaryimage"},"image":{"@id":"https:\/\/www.dillerbottle.com\/products\/oem-580ml-borosilicate-glass-tea-cup-with-silicone-lid#primaryimage"},"thumbnailUrl":"https:\/\/www.dillerbottle.com\/wp-content\/uploads\/2026\/02\/oem-320ml-borosilicate-glass-tea-cup-with-silicone-lid-9203-1.jpg","datePublished":"2026-02-11T08:47:45+00:00","dateModified":"2026-02-11T08:59:02+00:00","description":"OEM 320ml Borosilikatglas Teetasse mit Silikon-Deckel, benutzerdefinierte Logo Trinkgeschirr f\u00fcr Gro\u00dfhandel Geschenk-und Lifestyle-Marken.","breadcrumb":{"@id":"https:\/\/www.dillerbottle.com\/products\/oem-580ml-borosilicate-glass-tea-cup-with-silicone-lid#breadcrumb"},"inLanguage":"de","potentialAction":[{"@type":"ReadAction","target":["https:\/\/www.dillerbottle.com\/products\/oem-580ml-borosilicate-glass-tea-cup-with-silicone-lid"]}]},{"@type":"ImageObject","inLanguage":"de","@id":"https:\/\/www.dillerbottle.com\/products\/oem-580ml-borosilicate-glass-tea-cup-with-silicone-lid#primaryimage","url":"https:\/\/www.dillerbottle.com\/wp-content\/uploads\/2026\/02\/oem-320ml-borosilicate-glass-tea-cup-with-silicone-lid-9203-1.jpg","contentUrl":"https:\/\/www.dillerbottle.com\/wp-content\/uploads\/2026\/02\/oem-320ml-borosilicate-glass-tea-cup-with-silicone-lid-9203-1.jpg","width":800,"height":800},{"@type":"BreadcrumbList","@id":"https:\/\/www.dillerbottle.com\/products\/oem-580ml-borosilicate-glass-tea-cup-with-silicone-lid#breadcrumb","itemListElement":[{"@type":"ListItem","position":1,"name":"Home","item":"https:\/\/www.dillerbottle.com\/"},{"@type":"ListItem","position":2,"name":"Products","item":"https:\/\/www.dillerbottle.com\/shop"},{"@type":"ListItem","position":3,"name":"OEM 580ml Borosilicate Glass Tea Cup with Silicone Lid"}]},{"@type":"WebSite","@id":"https:\/\/www.dillerbottle.com\/#website","url":"https:\/\/www.dillerbottle.com\/","name":"Diller Wasserflaschenhersteller","description":"Wasserflaschenhersteller","publisher":{"@id":"https:\/\/www.dillerbottle.com\/#organization"},"potentialAction":[{"@type":"SearchAction","target":{"@type":"EntryPoint","urlTemplate":"https:\/\/www.dillerbottle.com\/?s={search_term_string}"},"query-input":{"@type":"PropertyValueSpecification","valueRequired":true,"valueName":"search_term_string"}}],"inLanguage":"de"},{"@type":"Organization","@id":"https:\/\/www.dillerbottle.com\/#organization","name":"Diller Wasserflaschenhersteller","url":"https:\/\/www.dillerbottle.com\/","logo":{"@type":"ImageObject","inLanguage":"de","@id":"https:\/\/www.dillerbottle.com\/#\/schema\/logo\/image\/","url":"https:\/\/www.dillerbottle.com\/wp-content\/uploads\/2024\/09\/49918bfa848dcc1e9f8b509933603ac.png","contentUrl":"https:\/\/www.dillerbottle.com\/wp-content\/uploads\/2024\/09\/49918bfa848dcc1e9f8b509933603ac.png","width":988,"height":198,"caption":"Diller Water Bottle Manufacturer"},"image":{"@id":"https:\/\/www.dillerbottle.com\/#\/schema\/logo\/image\/"}}]}},"_links":{"self":[{"href":"https:\/\/www.dillerbottle.com\/de\/wp-json\/wp\/v2\/product\/17652","targetHints":{"allow":["GET"]}}],"collection":[{"href":"https:\/\/www.dillerbottle.com\/de\/wp-json\/wp\/v2\/product"}],"about":[{"href":"https:\/\/www.dillerbottle.com\/de\/wp-json\/wp\/v2\/types\/product"}],"replies":[{"embeddable":true,"href":"https:\/\/www.dillerbottle.com\/de\/wp-json\/wp\/v2\/comments?post=17652"}],"wp:featuredmedia":[{"embeddable":true,"href":"https:\/\/www.dillerbottle.com\/de\/wp-json\/wp\/v2\/media\/17657"}],"wp:attachment":[{"href":"https:\/\/www.dillerbottle.com\/de\/wp-json\/wp\/v2\/media?parent=17652"}],"wp:term":[{"taxonomy":"product_brand","embeddable":true,"href":"https:\/\/www.dillerbottle.com\/de\/wp-json\/wp\/v2\/product_brand?post=17652"},{"taxonomy":"product_cat","embeddable":true,"href":"https:\/\/www.dillerbottle.com\/de\/wp-json\/wp\/v2\/product_cat?post=17652"},{"taxonomy":"product_tag","embeddable":true,"href":"https:\/\/www.dillerbottle.com\/de\/wp-json\/wp\/v2\/product_tag?post=17652"}],"curies":[{"name":"wp","href":"https:\/\/api.w.org\/{rel}","templated":true}]}}