{"id":17709,"date":"2026-02-12T16:13:56","date_gmt":"2026-02-12T08:13:56","guid":{"rendered":"https:\/\/www.dillerbottle.com\/?post_type=product&#038;p=17709"},"modified":"2026-02-12T16:21:54","modified_gmt":"2026-02-12T08:21:54","slug":"oem-600ml-edelstahl-isolierflasche-mit-doppeltem-trinkdeckel","status":"publish","type":"product","link":"https:\/\/www.dillerbottle.com\/de\/products\/oem-600ml-stainless-steel-insulated-bottle-with-dual-drinking-lid","title":{"rendered":"OEM 600ml Edelstahl Isolierflasche mit doppeltem Trinkdeckel"},"content":{"rendered":"<p data-start=\"581\" data-end=\"779\">Die DILLER D9312 Isolierflasche ist ein 600-ml-Thermobecher aus Edelstahl, der f\u00fcr Marken und H\u00e4ndler entwickelt wurde, die zuverl\u00e4ssige OEM-Getr\u00e4nkel\u00f6sungen f\u00fcr Lifestyle-, Studenten- und Werbem\u00e4rkte suchen.<\/p>\n<p data-start=\"781\" data-end=\"1051\">Dieses Modell ist mit einem Innenbeh\u00e4lter aus rostfreiem SUS304-Stahl ausgestattet, der einen sicheren Kontakt mit Lebensmitteln, Korrosionsbest\u00e4ndigkeit und lange Haltbarkeit gew\u00e4hrleistet. Die doppelwandige Vakuum-Isolierstruktur sorgt f\u00fcr eine effektive Temperaturerhaltung sowohl bei hei\u00dfen als auch bei kalten Getr\u00e4nken.<\/p>\n<p data-start=\"1053\" data-end=\"1330\">Der Deckel verf\u00fcgt \u00fcber zwei Trinkmethoden, die es dem Benutzer erm\u00f6glichen, direkt zu schl\u00fcrfen oder eine strohhalm\u00e4hnliche \u00d6ffnung zu verwenden, was die Funktionalit\u00e4t in verschiedenen Nutzungsszenarien verbessert. Die versiegelte Struktur erm\u00f6glicht es, die Flasche umzudrehen, ohne dass sie ausl\u00e4uft, so dass sie sicher in Taschen und Rucks\u00e4cken transportiert werden kann.<\/p>\n<p data-start=\"1332\" data-end=\"1574\">Das tragbare Seil-Design erh\u00f6ht den Komfort auf Reisen, in der Schule, bei Outdoor-Aktivit\u00e4ten und beim t\u00e4glichen Pendeln. Die \u00e4u\u00dfere Oberfl\u00e4che unterst\u00fctzt den Logodruck und die Farbanpassung, wodurch er sich f\u00fcr Eigenmarken- und Markenentwicklungsprojekte eignet.<\/p>\n<p data-start=\"1576\" data-end=\"1600\">Dieses Modell ist ideal f\u00fcr:<\/p>\n<ul data-start=\"1602\" data-end=\"1769\">\n<li data-start=\"1602\" data-end=\"1630\">\n<p data-start=\"1604\" data-end=\"1630\">Getr\u00e4nkemarken f\u00fcr Studenten<\/p>\n<\/li>\n<li data-start=\"1631\" data-end=\"1661\">\n<p data-start=\"1633\" data-end=\"1661\">Lieferanten von Werbegeschenken<\/p>\n<\/li>\n<li data-start=\"1662\" data-end=\"1695\">\n<p data-start=\"1664\" data-end=\"1695\">Sport- und Outdoor-H\u00e4ndler<\/p>\n<\/li>\n<li data-start=\"1696\" data-end=\"1732\">\n<p data-start=\"1698\" data-end=\"1732\">Eigenmarken f\u00fcr K\u00fcchenger\u00e4te<\/p>\n<\/li>\n<li data-start=\"1733\" data-end=\"1769\">\n<p data-start=\"1735\" data-end=\"1769\">Importeure von Flaschen aus rostfreiem Stahl<\/p>\n<\/li>\n<\/ul>\n<p data-start=\"1771\" data-end=\"1903\">OEM- und ODM-Dienstleistungen sind verf\u00fcgbar, einschlie\u00dflich Logodruck, Verpackungsanpassung, Strukturanpassung und Farbentwicklung.<\/p>","protected":false},"excerpt":{"rendered":"<p>600-ml-Isolierflasche aus Edelstahl mit zwei Trinkmethoden, auslaufsicherem Design und tragbarem Seil. Ideal f\u00fcr OEM-, Handelsmarken- und Gro\u00dfhandelsprojekte f\u00fcr Getr\u00e4nke.<\/p>","protected":false},"featured_media":17710,"comment_status":"open","ping_status":"closed","template":"","meta":{"_acf_changed":false},"product_brand":[],"product_cat":[18],"product_tag":[1029],"class_list":{"0":"post-17709","1":"product","2":"type-product","3":"status-publish","4":"has-post-thumbnail","6":"product_cat-insulated-water-bottle","7":"product_tag-stainless-vacuum-water-bottle","9":"first","10":"instock","11":"shipping-taxable","12":"product-type-simple"},"acf":[],"yoast_head":"<!-- This site is optimized with the Yoast SEO Premium plugin v27.4 (Yoast SEO v27.4) - https:\/\/yoast.com\/product\/yoast-seo-premium-wordpress\/ -->\n<title>OEM 600ml Stainless Steel Insulated Bottle with Dual Drinking Lid - Diller Water Bottle Manufacturer<\/title>\n<meta name=\"description\" content=\"OEM 600ml stainless steel insulated bottle with dual drinking lid, leak-proof thermo cup for wholesale and private label brands.\" \/>\n<meta name=\"robots\" content=\"index, follow, max-snippet:-1, max-image-preview:large, max-video-preview:-1\" \/>\n<link rel=\"canonical\" href=\"https:\/\/www.dillerbottle.com\/de\/produkte\/oem-600ml-edelstahl-isolierflasche-mit-doppeltem-trinkdeckel\" \/>\n<meta property=\"og:locale\" content=\"de_DE\" \/>\n<meta property=\"og:type\" content=\"article\" \/>\n<meta property=\"og:title\" content=\"OEM 600ml Stainless Steel Insulated Bottle with Dual Drinking Lid\" \/>\n<meta property=\"og:description\" content=\"OEM 600ml stainless steel insulated bottle with dual drinking lid, leak-proof thermo cup for wholesale and private label brands.\" \/>\n<meta property=\"og:url\" content=\"https:\/\/www.dillerbottle.com\/de\/produkte\/oem-600ml-edelstahl-isolierflasche-mit-doppeltem-trinkdeckel\" \/>\n<meta property=\"og:site_name\" content=\"Diller Water Bottle Manufacturer\" \/>\n<meta property=\"article:modified_time\" content=\"2026-02-12T08:21:54+00:00\" \/>\n<meta property=\"og:image\" content=\"https:\/\/www.dillerbottle.com\/wp-content\/uploads\/2026\/02\/oem-600ml-stainless-steel-insulated-bottle-with-dual-drinking-lid-9312-1.jpg\" \/>\n\t<meta property=\"og:image:width\" content=\"800\" \/>\n\t<meta property=\"og:image:height\" content=\"800\" \/>\n\t<meta property=\"og:image:type\" content=\"image\/jpeg\" \/>\n<meta name=\"twitter:card\" content=\"summary_large_image\" \/>\n<meta name=\"twitter:label1\" content=\"Gesch\u00e4tzte Lesezeit\" \/>\n\t<meta name=\"twitter:data1\" content=\"4\u00a0Minuten\" \/>\n<script type=\"application\/ld+json\" class=\"yoast-schema-graph\">{\"@context\":\"https:\\\/\\\/schema.org\",\"@graph\":[{\"@type\":\"WebPage\",\"@id\":\"https:\\\/\\\/www.dillerbottle.com\\\/products\\\/oem-600ml-stainless-steel-insulated-bottle-with-dual-drinking-lid\",\"url\":\"https:\\\/\\\/www.dillerbottle.com\\\/products\\\/oem-600ml-stainless-steel-insulated-bottle-with-dual-drinking-lid\",\"name\":\"OEM 600ml Stainless Steel Insulated Bottle with Dual Drinking Lid - Diller Water Bottle Manufacturer\",\"isPartOf\":{\"@id\":\"https:\\\/\\\/www.dillerbottle.com\\\/#website\"},\"primaryImageOfPage\":{\"@id\":\"https:\\\/\\\/www.dillerbottle.com\\\/products\\\/oem-600ml-stainless-steel-insulated-bottle-with-dual-drinking-lid#primaryimage\"},\"image\":{\"@id\":\"https:\\\/\\\/www.dillerbottle.com\\\/products\\\/oem-600ml-stainless-steel-insulated-bottle-with-dual-drinking-lid#primaryimage\"},\"thumbnailUrl\":\"https:\\\/\\\/www.dillerbottle.com\\\/wp-content\\\/uploads\\\/2026\\\/02\\\/oem-600ml-stainless-steel-insulated-bottle-with-dual-drinking-lid-9312-1.jpg\",\"datePublished\":\"2026-02-12T08:13:56+00:00\",\"dateModified\":\"2026-02-12T08:21:54+00:00\",\"description\":\"OEM 600ml stainless steel insulated bottle with dual drinking lid, leak-proof thermo cup for wholesale and private label brands.\",\"breadcrumb\":{\"@id\":\"https:\\\/\\\/www.dillerbottle.com\\\/products\\\/oem-600ml-stainless-steel-insulated-bottle-with-dual-drinking-lid#breadcrumb\"},\"inLanguage\":\"de\",\"potentialAction\":[{\"@type\":\"ReadAction\",\"target\":[\"https:\\\/\\\/www.dillerbottle.com\\\/products\\\/oem-600ml-stainless-steel-insulated-bottle-with-dual-drinking-lid\"]}]},{\"@type\":\"ImageObject\",\"inLanguage\":\"de\",\"@id\":\"https:\\\/\\\/www.dillerbottle.com\\\/products\\\/oem-600ml-stainless-steel-insulated-bottle-with-dual-drinking-lid#primaryimage\",\"url\":\"https:\\\/\\\/www.dillerbottle.com\\\/wp-content\\\/uploads\\\/2026\\\/02\\\/oem-600ml-stainless-steel-insulated-bottle-with-dual-drinking-lid-9312-1.jpg\",\"contentUrl\":\"https:\\\/\\\/www.dillerbottle.com\\\/wp-content\\\/uploads\\\/2026\\\/02\\\/oem-600ml-stainless-steel-insulated-bottle-with-dual-drinking-lid-9312-1.jpg\",\"width\":800,\"height\":800},{\"@type\":\"BreadcrumbList\",\"@id\":\"https:\\\/\\\/www.dillerbottle.com\\\/products\\\/oem-600ml-stainless-steel-insulated-bottle-with-dual-drinking-lid#breadcrumb\",\"itemListElement\":[{\"@type\":\"ListItem\",\"position\":1,\"name\":\"Home\",\"item\":\"https:\\\/\\\/www.dillerbottle.com\\\/\"},{\"@type\":\"ListItem\",\"position\":2,\"name\":\"Products\",\"item\":\"https:\\\/\\\/www.dillerbottle.com\\\/shop\"},{\"@type\":\"ListItem\",\"position\":3,\"name\":\"OEM 600ml Stainless Steel Insulated Bottle with Dual Drinking Lid\"}]},{\"@type\":\"WebSite\",\"@id\":\"https:\\\/\\\/www.dillerbottle.com\\\/#website\",\"url\":\"https:\\\/\\\/www.dillerbottle.com\\\/\",\"name\":\"Diller Water Bottle Manufacturer\",\"description\":\"Water Bottle Manufacturer\",\"publisher\":{\"@id\":\"https:\\\/\\\/www.dillerbottle.com\\\/#organization\"},\"potentialAction\":[{\"@type\":\"SearchAction\",\"target\":{\"@type\":\"EntryPoint\",\"urlTemplate\":\"https:\\\/\\\/www.dillerbottle.com\\\/?s={search_term_string}\"},\"query-input\":{\"@type\":\"PropertyValueSpecification\",\"valueRequired\":true,\"valueName\":\"search_term_string\"}}],\"inLanguage\":\"de\"},{\"@type\":\"Organization\",\"@id\":\"https:\\\/\\\/www.dillerbottle.com\\\/#organization\",\"name\":\"Diller Water Bottle Manufacturer\",\"url\":\"https:\\\/\\\/www.dillerbottle.com\\\/\",\"logo\":{\"@type\":\"ImageObject\",\"inLanguage\":\"de\",\"@id\":\"https:\\\/\\\/www.dillerbottle.com\\\/#\\\/schema\\\/logo\\\/image\\\/\",\"url\":\"https:\\\/\\\/www.dillerbottle.com\\\/wp-content\\\/uploads\\\/2024\\\/09\\\/49918bfa848dcc1e9f8b509933603ac.png\",\"contentUrl\":\"https:\\\/\\\/www.dillerbottle.com\\\/wp-content\\\/uploads\\\/2024\\\/09\\\/49918bfa848dcc1e9f8b509933603ac.png\",\"width\":988,\"height\":198,\"caption\":\"Diller Water Bottle Manufacturer\"},\"image\":{\"@id\":\"https:\\\/\\\/www.dillerbottle.com\\\/#\\\/schema\\\/logo\\\/image\\\/\"}}]}<\/script>\n<!-- \/ Yoast SEO Premium plugin. -->","yoast_head_json":{"title":"OEM 600ml Edelstahl isolierte Flasche mit Dual-Drinking-Deckel - Diller Wasserflasche Hersteller","description":"OEM 600ml Edelstahl Isolierflasche mit doppeltem Trinkdeckel, auslaufsicherer Thermobecher f\u00fcr Gro\u00dfhandel und Eigenmarken.","robots":{"index":"index","follow":"follow","max-snippet":"max-snippet:-1","max-image-preview":"max-image-preview:large","max-video-preview":"max-video-preview:-1"},"canonical":"https:\/\/www.dillerbottle.com\/de\/produkte\/oem-600ml-edelstahl-isolierflasche-mit-doppeltem-trinkdeckel","og_locale":"de_DE","og_type":"article","og_title":"OEM 600ml Stainless Steel Insulated Bottle with Dual Drinking Lid","og_description":"OEM 600ml stainless steel insulated bottle with dual drinking lid, leak-proof thermo cup for wholesale and private label brands.","og_url":"https:\/\/www.dillerbottle.com\/de\/produkte\/oem-600ml-edelstahl-isolierflasche-mit-doppeltem-trinkdeckel","og_site_name":"Diller Water Bottle Manufacturer","article_modified_time":"2026-02-12T08:21:54+00:00","og_image":[{"width":800,"height":800,"url":"https:\/\/www.dillerbottle.com\/wp-content\/uploads\/2026\/02\/oem-600ml-stainless-steel-insulated-bottle-with-dual-drinking-lid-9312-1.jpg","type":"image\/jpeg"}],"twitter_card":"summary_large_image","twitter_misc":{"Gesch\u00e4tzte Lesezeit":"4\u00a0Minuten"},"schema":{"@context":"https:\/\/schema.org","@graph":[{"@type":"WebPage","@id":"https:\/\/www.dillerbottle.com\/products\/oem-600ml-stainless-steel-insulated-bottle-with-dual-drinking-lid","url":"https:\/\/www.dillerbottle.com\/products\/oem-600ml-stainless-steel-insulated-bottle-with-dual-drinking-lid","name":"OEM 600ml Edelstahl isolierte Flasche mit Dual-Drinking-Deckel - Diller Wasserflasche Hersteller","isPartOf":{"@id":"https:\/\/www.dillerbottle.com\/#website"},"primaryImageOfPage":{"@id":"https:\/\/www.dillerbottle.com\/products\/oem-600ml-stainless-steel-insulated-bottle-with-dual-drinking-lid#primaryimage"},"image":{"@id":"https:\/\/www.dillerbottle.com\/products\/oem-600ml-stainless-steel-insulated-bottle-with-dual-drinking-lid#primaryimage"},"thumbnailUrl":"https:\/\/www.dillerbottle.com\/wp-content\/uploads\/2026\/02\/oem-600ml-stainless-steel-insulated-bottle-with-dual-drinking-lid-9312-1.jpg","datePublished":"2026-02-12T08:13:56+00:00","dateModified":"2026-02-12T08:21:54+00:00","description":"OEM 600ml Edelstahl Isolierflasche mit doppeltem Trinkdeckel, auslaufsicherer Thermobecher f\u00fcr Gro\u00dfhandel und Eigenmarken.","breadcrumb":{"@id":"https:\/\/www.dillerbottle.com\/products\/oem-600ml-stainless-steel-insulated-bottle-with-dual-drinking-lid#breadcrumb"},"inLanguage":"de","potentialAction":[{"@type":"ReadAction","target":["https:\/\/www.dillerbottle.com\/products\/oem-600ml-stainless-steel-insulated-bottle-with-dual-drinking-lid"]}]},{"@type":"ImageObject","inLanguage":"de","@id":"https:\/\/www.dillerbottle.com\/products\/oem-600ml-stainless-steel-insulated-bottle-with-dual-drinking-lid#primaryimage","url":"https:\/\/www.dillerbottle.com\/wp-content\/uploads\/2026\/02\/oem-600ml-stainless-steel-insulated-bottle-with-dual-drinking-lid-9312-1.jpg","contentUrl":"https:\/\/www.dillerbottle.com\/wp-content\/uploads\/2026\/02\/oem-600ml-stainless-steel-insulated-bottle-with-dual-drinking-lid-9312-1.jpg","width":800,"height":800},{"@type":"BreadcrumbList","@id":"https:\/\/www.dillerbottle.com\/products\/oem-600ml-stainless-steel-insulated-bottle-with-dual-drinking-lid#breadcrumb","itemListElement":[{"@type":"ListItem","position":1,"name":"Home","item":"https:\/\/www.dillerbottle.com\/"},{"@type":"ListItem","position":2,"name":"Products","item":"https:\/\/www.dillerbottle.com\/shop"},{"@type":"ListItem","position":3,"name":"OEM 600ml Stainless Steel Insulated Bottle with Dual Drinking Lid"}]},{"@type":"WebSite","@id":"https:\/\/www.dillerbottle.com\/#website","url":"https:\/\/www.dillerbottle.com\/","name":"Diller Wasserflaschenhersteller","description":"Wasserflaschenhersteller","publisher":{"@id":"https:\/\/www.dillerbottle.com\/#organization"},"potentialAction":[{"@type":"SearchAction","target":{"@type":"EntryPoint","urlTemplate":"https:\/\/www.dillerbottle.com\/?s={search_term_string}"},"query-input":{"@type":"PropertyValueSpecification","valueRequired":true,"valueName":"search_term_string"}}],"inLanguage":"de"},{"@type":"Organization","@id":"https:\/\/www.dillerbottle.com\/#organization","name":"Diller Wasserflaschenhersteller","url":"https:\/\/www.dillerbottle.com\/","logo":{"@type":"ImageObject","inLanguage":"de","@id":"https:\/\/www.dillerbottle.com\/#\/schema\/logo\/image\/","url":"https:\/\/www.dillerbottle.com\/wp-content\/uploads\/2024\/09\/49918bfa848dcc1e9f8b509933603ac.png","contentUrl":"https:\/\/www.dillerbottle.com\/wp-content\/uploads\/2024\/09\/49918bfa848dcc1e9f8b509933603ac.png","width":988,"height":198,"caption":"Diller Water Bottle Manufacturer"},"image":{"@id":"https:\/\/www.dillerbottle.com\/#\/schema\/logo\/image\/"}}]}},"_links":{"self":[{"href":"https:\/\/www.dillerbottle.com\/de\/wp-json\/wp\/v2\/product\/17709","targetHints":{"allow":["GET"]}}],"collection":[{"href":"https:\/\/www.dillerbottle.com\/de\/wp-json\/wp\/v2\/product"}],"about":[{"href":"https:\/\/www.dillerbottle.com\/de\/wp-json\/wp\/v2\/types\/product"}],"replies":[{"embeddable":true,"href":"https:\/\/www.dillerbottle.com\/de\/wp-json\/wp\/v2\/comments?post=17709"}],"wp:featuredmedia":[{"embeddable":true,"href":"https:\/\/www.dillerbottle.com\/de\/wp-json\/wp\/v2\/media\/17710"}],"wp:attachment":[{"href":"https:\/\/www.dillerbottle.com\/de\/wp-json\/wp\/v2\/media?parent=17709"}],"wp:term":[{"taxonomy":"product_brand","embeddable":true,"href":"https:\/\/www.dillerbottle.com\/de\/wp-json\/wp\/v2\/product_brand?post=17709"},{"taxonomy":"product_cat","embeddable":true,"href":"https:\/\/www.dillerbottle.com\/de\/wp-json\/wp\/v2\/product_cat?post=17709"},{"taxonomy":"product_tag","embeddable":true,"href":"https:\/\/www.dillerbottle.com\/de\/wp-json\/wp\/v2\/product_tag?post=17709"}],"curies":[{"name":"wp","href":"https:\/\/api.w.org\/{rel}","templated":true}]}}