{"id":17725,"date":"2026-02-12T16:55:46","date_gmt":"2026-02-12T08:55:46","guid":{"rendered":"https:\/\/www.dillerbottle.com\/?post_type=product&#038;p=17725"},"modified":"2026-02-12T17:02:08","modified_gmt":"2026-02-12T09:02:08","slug":"oem-480ml-sus316l-edelstahl-isolierte-flasche-mit-doppeltem-trinkdeckel","status":"publish","type":"product","link":"https:\/\/www.dillerbottle.com\/de\/products\/oem-480ml-sus316l-stainless-steel-insulated-bottle-with-dual-drink-lid","title":{"rendered":"OEM 480ml SUS316L Edelstahl Isolierflasche mit Dual-Drink-Deckel"},"content":{"rendered":"<p data-start=\"631\" data-end=\"794\">Die DILLER D9317 Isolierflasche ist ein 480ml Premium-Edelstahl-Thermobecher, der f\u00fcr Marken und H\u00e4ndler entwickelt wurde, die hochwertige OEM-Getr\u00e4nkel\u00f6sungen suchen.<\/p>\n<p data-start=\"796\" data-end=\"1049\">Der Innenbeh\u00e4lter besteht aus rostfreiem Stahl SUS316L, der im Vergleich zu 304er-Standardmaterialien eine h\u00f6here Korrosionsbest\u00e4ndigkeit und Haltbarkeit bietet. Dadurch eignet sich das Produkt f\u00fcr den t\u00e4glichen Langzeitgebrauch und f\u00fcr h\u00f6herwertige Eigenmarken.<\/p>\n<p data-start=\"1051\" data-end=\"1293\">Die doppelwandige Vakuumisolierung h\u00e4lt die Getr\u00e4nketemperatur sowohl bei hei\u00dfen als auch bei kalten Getr\u00e4nken aufrecht. Das Dual-Drink-Deckeldesign unterst\u00fctzt zwei Trinkmethoden, w\u00e4hrend der Ein-Klick-Deckel\u00f6ffnungsmechanismus die Benutzerfreundlichkeit verbessert.<\/p>\n<p data-start=\"1295\" data-end=\"1607\">Die versiegelte Struktur sorgt daf\u00fcr, dass die Tasche umgedreht verwendet werden kann, ohne dass sie ausl\u00e4uft, und macht sie so zu einem zuverl\u00e4ssigen Begleiter im Alltag, auf Reisen, in der Schule und im Freien. Zu den weiteren funktionalen Details geh\u00f6ren ein tragbares Seil f\u00fcr den einfachen Transport, eine rutschfeste Tassenh\u00fclle f\u00fcr besseren Halt und eine Silikonunterlage f\u00fcr Oberfl\u00e4chenschutz und Stabilit\u00e4t.<\/p>\n<p data-start=\"1609\" data-end=\"1636\">Dieses Modell ist geeignet f\u00fcr:<\/p>\n<ul data-start=\"1638\" data-end=\"1818\">\n<li data-start=\"1638\" data-end=\"1670\">\n<p data-start=\"1640\" data-end=\"1670\">Premium-Eigenmarken<\/p>\n<\/li>\n<li data-start=\"1671\" data-end=\"1713\">\n<p data-start=\"1673\" data-end=\"1713\">Getr\u00e4nkeh\u00e4ndler aus rostfreiem Stahl<\/p>\n<\/li>\n<li data-start=\"1714\" data-end=\"1752\">\n<p data-start=\"1716\" data-end=\"1752\">Anbieter von Sport- und Outdoor-Produkten<\/p>\n<\/li>\n<li data-start=\"1753\" data-end=\"1783\">\n<p data-start=\"1755\" data-end=\"1783\">Unternehmen f\u00fcr Werbegeschenke<\/p>\n<\/li>\n<li data-start=\"1784\" data-end=\"1818\">\n<p data-start=\"1786\" data-end=\"1818\">Grenz\u00fcberschreitende E-Commerce-Marken<\/p>\n<\/li>\n<\/ul>\n<p data-start=\"1820\" data-end=\"1952\">Es werden umfassende OEM- und ODM-Dienstleistungen angeboten, einschlie\u00dflich Logodruck, Farbanpassung, Verpackungsdesign und Strukturentwicklung.<\/p>","protected":false},"excerpt":{"rendered":"<p>480-ml-Vakuum-Isolierflasche mit SUS316L-Edelstahl-Innenauskleidung, Dual-Drink-Deckel, Ein-Klick-\u00d6ffnung und auslaufsicherem Design. Ideal f\u00fcr OEM- und Gro\u00dfhandelsprojekte mit Edelstahlgetr\u00e4nkeflaschen.<\/p>","protected":false},"featured_media":17729,"comment_status":"open","ping_status":"closed","template":"","meta":{"_acf_changed":false},"product_brand":[],"product_cat":[18],"product_tag":[1029],"class_list":{"0":"post-17725","1":"product","2":"type-product","3":"status-publish","4":"has-post-thumbnail","6":"product_cat-insulated-water-bottle","7":"product_tag-stainless-vacuum-water-bottle","9":"first","10":"instock","11":"shipping-taxable","12":"product-type-simple"},"acf":[],"yoast_head":"<!-- This site is optimized with the Yoast SEO Premium plugin v27.4 (Yoast SEO v27.4) - https:\/\/yoast.com\/product\/yoast-seo-premium-wordpress\/ -->\n<title>OEM 480ml SUS316L Stainless Steel Insulated Bottle with Dual-Drink Lid - Diller Water Bottle Manufacturer<\/title>\n<meta name=\"description\" content=\"OEM 480ml SUS316L insulated bottle with dual-drink lid, one-click leak-proof stainless steel thermo cup for wholesale brands.\" \/>\n<meta name=\"robots\" content=\"index, follow, max-snippet:-1, max-image-preview:large, max-video-preview:-1\" \/>\n<link rel=\"canonical\" href=\"https:\/\/www.dillerbottle.com\/de\/produkte\/oem-480ml-sus316l-edelstahl-isolierte-flasche-mit-doppeltem-trinkdeckel\" \/>\n<meta property=\"og:locale\" content=\"de_DE\" \/>\n<meta property=\"og:type\" content=\"article\" \/>\n<meta property=\"og:title\" content=\"OEM 480ml SUS316L Stainless Steel Insulated Bottle with Dual-Drink Lid\" \/>\n<meta property=\"og:description\" content=\"OEM 480ml SUS316L insulated bottle with dual-drink lid, one-click leak-proof stainless steel thermo cup for wholesale brands.\" \/>\n<meta property=\"og:url\" content=\"https:\/\/www.dillerbottle.com\/de\/produkte\/oem-480ml-sus316l-edelstahl-isolierte-flasche-mit-doppeltem-trinkdeckel\" \/>\n<meta property=\"og:site_name\" content=\"Diller Water Bottle Manufacturer\" \/>\n<meta property=\"article:modified_time\" content=\"2026-02-12T09:02:08+00:00\" \/>\n<meta property=\"og:image\" content=\"https:\/\/www.dillerbottle.com\/wp-content\/uploads\/2026\/02\/oem-480ml-sus316l-stainless-steel-insulated-bottle-with-dual-drink-lid-9317-1.jpg\" \/>\n\t<meta property=\"og:image:width\" content=\"800\" \/>\n\t<meta property=\"og:image:height\" content=\"800\" \/>\n\t<meta property=\"og:image:type\" content=\"image\/jpeg\" \/>\n<meta name=\"twitter:card\" content=\"summary_large_image\" \/>\n<meta name=\"twitter:label1\" content=\"Gesch\u00e4tzte Lesezeit\" \/>\n\t<meta name=\"twitter:data1\" content=\"4\u00a0Minuten\" \/>\n<script type=\"application\/ld+json\" class=\"yoast-schema-graph\">{\"@context\":\"https:\\\/\\\/schema.org\",\"@graph\":[{\"@type\":\"WebPage\",\"@id\":\"https:\\\/\\\/www.dillerbottle.com\\\/products\\\/oem-480ml-sus316l-stainless-steel-insulated-bottle-with-dual-drink-lid\",\"url\":\"https:\\\/\\\/www.dillerbottle.com\\\/products\\\/oem-480ml-sus316l-stainless-steel-insulated-bottle-with-dual-drink-lid\",\"name\":\"OEM 480ml SUS316L Stainless Steel Insulated Bottle with Dual-Drink Lid - Diller Water Bottle Manufacturer\",\"isPartOf\":{\"@id\":\"https:\\\/\\\/www.dillerbottle.com\\\/#website\"},\"primaryImageOfPage\":{\"@id\":\"https:\\\/\\\/www.dillerbottle.com\\\/products\\\/oem-480ml-sus316l-stainless-steel-insulated-bottle-with-dual-drink-lid#primaryimage\"},\"image\":{\"@id\":\"https:\\\/\\\/www.dillerbottle.com\\\/products\\\/oem-480ml-sus316l-stainless-steel-insulated-bottle-with-dual-drink-lid#primaryimage\"},\"thumbnailUrl\":\"https:\\\/\\\/www.dillerbottle.com\\\/wp-content\\\/uploads\\\/2026\\\/02\\\/oem-480ml-sus316l-stainless-steel-insulated-bottle-with-dual-drink-lid-9317-1.jpg\",\"datePublished\":\"2026-02-12T08:55:46+00:00\",\"dateModified\":\"2026-02-12T09:02:08+00:00\",\"description\":\"OEM 480ml SUS316L insulated bottle with dual-drink lid, one-click leak-proof stainless steel thermo cup for wholesale brands.\",\"breadcrumb\":{\"@id\":\"https:\\\/\\\/www.dillerbottle.com\\\/products\\\/oem-480ml-sus316l-stainless-steel-insulated-bottle-with-dual-drink-lid#breadcrumb\"},\"inLanguage\":\"de\",\"potentialAction\":[{\"@type\":\"ReadAction\",\"target\":[\"https:\\\/\\\/www.dillerbottle.com\\\/products\\\/oem-480ml-sus316l-stainless-steel-insulated-bottle-with-dual-drink-lid\"]}]},{\"@type\":\"ImageObject\",\"inLanguage\":\"de\",\"@id\":\"https:\\\/\\\/www.dillerbottle.com\\\/products\\\/oem-480ml-sus316l-stainless-steel-insulated-bottle-with-dual-drink-lid#primaryimage\",\"url\":\"https:\\\/\\\/www.dillerbottle.com\\\/wp-content\\\/uploads\\\/2026\\\/02\\\/oem-480ml-sus316l-stainless-steel-insulated-bottle-with-dual-drink-lid-9317-1.jpg\",\"contentUrl\":\"https:\\\/\\\/www.dillerbottle.com\\\/wp-content\\\/uploads\\\/2026\\\/02\\\/oem-480ml-sus316l-stainless-steel-insulated-bottle-with-dual-drink-lid-9317-1.jpg\",\"width\":800,\"height\":800},{\"@type\":\"BreadcrumbList\",\"@id\":\"https:\\\/\\\/www.dillerbottle.com\\\/products\\\/oem-480ml-sus316l-stainless-steel-insulated-bottle-with-dual-drink-lid#breadcrumb\",\"itemListElement\":[{\"@type\":\"ListItem\",\"position\":1,\"name\":\"Home\",\"item\":\"https:\\\/\\\/www.dillerbottle.com\\\/\"},{\"@type\":\"ListItem\",\"position\":2,\"name\":\"Products\",\"item\":\"https:\\\/\\\/www.dillerbottle.com\\\/shop\"},{\"@type\":\"ListItem\",\"position\":3,\"name\":\"OEM 480ml SUS316L Stainless Steel Insulated Bottle with Dual-Drink Lid\"}]},{\"@type\":\"WebSite\",\"@id\":\"https:\\\/\\\/www.dillerbottle.com\\\/#website\",\"url\":\"https:\\\/\\\/www.dillerbottle.com\\\/\",\"name\":\"Diller Water Bottle Manufacturer\",\"description\":\"Water Bottle Manufacturer\",\"publisher\":{\"@id\":\"https:\\\/\\\/www.dillerbottle.com\\\/#organization\"},\"potentialAction\":[{\"@type\":\"SearchAction\",\"target\":{\"@type\":\"EntryPoint\",\"urlTemplate\":\"https:\\\/\\\/www.dillerbottle.com\\\/?s={search_term_string}\"},\"query-input\":{\"@type\":\"PropertyValueSpecification\",\"valueRequired\":true,\"valueName\":\"search_term_string\"}}],\"inLanguage\":\"de\"},{\"@type\":\"Organization\",\"@id\":\"https:\\\/\\\/www.dillerbottle.com\\\/#organization\",\"name\":\"Diller Water Bottle Manufacturer\",\"url\":\"https:\\\/\\\/www.dillerbottle.com\\\/\",\"logo\":{\"@type\":\"ImageObject\",\"inLanguage\":\"de\",\"@id\":\"https:\\\/\\\/www.dillerbottle.com\\\/#\\\/schema\\\/logo\\\/image\\\/\",\"url\":\"https:\\\/\\\/www.dillerbottle.com\\\/wp-content\\\/uploads\\\/2024\\\/09\\\/49918bfa848dcc1e9f8b509933603ac.png\",\"contentUrl\":\"https:\\\/\\\/www.dillerbottle.com\\\/wp-content\\\/uploads\\\/2024\\\/09\\\/49918bfa848dcc1e9f8b509933603ac.png\",\"width\":988,\"height\":198,\"caption\":\"Diller Water Bottle Manufacturer\"},\"image\":{\"@id\":\"https:\\\/\\\/www.dillerbottle.com\\\/#\\\/schema\\\/logo\\\/image\\\/\"}}]}<\/script>\n<!-- \/ Yoast SEO Premium plugin. -->","yoast_head_json":{"title":"OEM 480ml SUS316L Edelstahl isolierte Flasche mit Dual-Drink-Deckel - Diller Wasserflasche Hersteller","description":"OEM 480ml SUS316L isolierte Flasche mit Dual-Drink-Deckel, ein-Klick auslaufsicher Edelstahl Thermobecher f\u00fcr Gro\u00dfhandel Marken.","robots":{"index":"index","follow":"follow","max-snippet":"max-snippet:-1","max-image-preview":"max-image-preview:large","max-video-preview":"max-video-preview:-1"},"canonical":"https:\/\/www.dillerbottle.com\/de\/produkte\/oem-480ml-sus316l-edelstahl-isolierte-flasche-mit-doppeltem-trinkdeckel","og_locale":"de_DE","og_type":"article","og_title":"OEM 480ml SUS316L Stainless Steel Insulated Bottle with Dual-Drink Lid","og_description":"OEM 480ml SUS316L insulated bottle with dual-drink lid, one-click leak-proof stainless steel thermo cup for wholesale brands.","og_url":"https:\/\/www.dillerbottle.com\/de\/produkte\/oem-480ml-sus316l-edelstahl-isolierte-flasche-mit-doppeltem-trinkdeckel","og_site_name":"Diller Water Bottle Manufacturer","article_modified_time":"2026-02-12T09:02:08+00:00","og_image":[{"width":800,"height":800,"url":"https:\/\/www.dillerbottle.com\/wp-content\/uploads\/2026\/02\/oem-480ml-sus316l-stainless-steel-insulated-bottle-with-dual-drink-lid-9317-1.jpg","type":"image\/jpeg"}],"twitter_card":"summary_large_image","twitter_misc":{"Gesch\u00e4tzte Lesezeit":"4\u00a0Minuten"},"schema":{"@context":"https:\/\/schema.org","@graph":[{"@type":"WebPage","@id":"https:\/\/www.dillerbottle.com\/products\/oem-480ml-sus316l-stainless-steel-insulated-bottle-with-dual-drink-lid","url":"https:\/\/www.dillerbottle.com\/products\/oem-480ml-sus316l-stainless-steel-insulated-bottle-with-dual-drink-lid","name":"OEM 480ml SUS316L Edelstahl isolierte Flasche mit Dual-Drink-Deckel - Diller Wasserflasche Hersteller","isPartOf":{"@id":"https:\/\/www.dillerbottle.com\/#website"},"primaryImageOfPage":{"@id":"https:\/\/www.dillerbottle.com\/products\/oem-480ml-sus316l-stainless-steel-insulated-bottle-with-dual-drink-lid#primaryimage"},"image":{"@id":"https:\/\/www.dillerbottle.com\/products\/oem-480ml-sus316l-stainless-steel-insulated-bottle-with-dual-drink-lid#primaryimage"},"thumbnailUrl":"https:\/\/www.dillerbottle.com\/wp-content\/uploads\/2026\/02\/oem-480ml-sus316l-stainless-steel-insulated-bottle-with-dual-drink-lid-9317-1.jpg","datePublished":"2026-02-12T08:55:46+00:00","dateModified":"2026-02-12T09:02:08+00:00","description":"OEM 480ml SUS316L isolierte Flasche mit Dual-Drink-Deckel, ein-Klick auslaufsicher Edelstahl Thermobecher f\u00fcr Gro\u00dfhandel Marken.","breadcrumb":{"@id":"https:\/\/www.dillerbottle.com\/products\/oem-480ml-sus316l-stainless-steel-insulated-bottle-with-dual-drink-lid#breadcrumb"},"inLanguage":"de","potentialAction":[{"@type":"ReadAction","target":["https:\/\/www.dillerbottle.com\/products\/oem-480ml-sus316l-stainless-steel-insulated-bottle-with-dual-drink-lid"]}]},{"@type":"ImageObject","inLanguage":"de","@id":"https:\/\/www.dillerbottle.com\/products\/oem-480ml-sus316l-stainless-steel-insulated-bottle-with-dual-drink-lid#primaryimage","url":"https:\/\/www.dillerbottle.com\/wp-content\/uploads\/2026\/02\/oem-480ml-sus316l-stainless-steel-insulated-bottle-with-dual-drink-lid-9317-1.jpg","contentUrl":"https:\/\/www.dillerbottle.com\/wp-content\/uploads\/2026\/02\/oem-480ml-sus316l-stainless-steel-insulated-bottle-with-dual-drink-lid-9317-1.jpg","width":800,"height":800},{"@type":"BreadcrumbList","@id":"https:\/\/www.dillerbottle.com\/products\/oem-480ml-sus316l-stainless-steel-insulated-bottle-with-dual-drink-lid#breadcrumb","itemListElement":[{"@type":"ListItem","position":1,"name":"Home","item":"https:\/\/www.dillerbottle.com\/"},{"@type":"ListItem","position":2,"name":"Products","item":"https:\/\/www.dillerbottle.com\/shop"},{"@type":"ListItem","position":3,"name":"OEM 480ml SUS316L Stainless Steel Insulated Bottle with Dual-Drink Lid"}]},{"@type":"WebSite","@id":"https:\/\/www.dillerbottle.com\/#website","url":"https:\/\/www.dillerbottle.com\/","name":"Diller Wasserflaschenhersteller","description":"Wasserflaschenhersteller","publisher":{"@id":"https:\/\/www.dillerbottle.com\/#organization"},"potentialAction":[{"@type":"SearchAction","target":{"@type":"EntryPoint","urlTemplate":"https:\/\/www.dillerbottle.com\/?s={search_term_string}"},"query-input":{"@type":"PropertyValueSpecification","valueRequired":true,"valueName":"search_term_string"}}],"inLanguage":"de"},{"@type":"Organization","@id":"https:\/\/www.dillerbottle.com\/#organization","name":"Diller Wasserflaschenhersteller","url":"https:\/\/www.dillerbottle.com\/","logo":{"@type":"ImageObject","inLanguage":"de","@id":"https:\/\/www.dillerbottle.com\/#\/schema\/logo\/image\/","url":"https:\/\/www.dillerbottle.com\/wp-content\/uploads\/2024\/09\/49918bfa848dcc1e9f8b509933603ac.png","contentUrl":"https:\/\/www.dillerbottle.com\/wp-content\/uploads\/2024\/09\/49918bfa848dcc1e9f8b509933603ac.png","width":988,"height":198,"caption":"Diller Water Bottle Manufacturer"},"image":{"@id":"https:\/\/www.dillerbottle.com\/#\/schema\/logo\/image\/"}}]}},"_links":{"self":[{"href":"https:\/\/www.dillerbottle.com\/de\/wp-json\/wp\/v2\/product\/17725","targetHints":{"allow":["GET"]}}],"collection":[{"href":"https:\/\/www.dillerbottle.com\/de\/wp-json\/wp\/v2\/product"}],"about":[{"href":"https:\/\/www.dillerbottle.com\/de\/wp-json\/wp\/v2\/types\/product"}],"replies":[{"embeddable":true,"href":"https:\/\/www.dillerbottle.com\/de\/wp-json\/wp\/v2\/comments?post=17725"}],"wp:featuredmedia":[{"embeddable":true,"href":"https:\/\/www.dillerbottle.com\/de\/wp-json\/wp\/v2\/media\/17729"}],"wp:attachment":[{"href":"https:\/\/www.dillerbottle.com\/de\/wp-json\/wp\/v2\/media?parent=17725"}],"wp:term":[{"taxonomy":"product_brand","embeddable":true,"href":"https:\/\/www.dillerbottle.com\/de\/wp-json\/wp\/v2\/product_brand?post=17725"},{"taxonomy":"product_cat","embeddable":true,"href":"https:\/\/www.dillerbottle.com\/de\/wp-json\/wp\/v2\/product_cat?post=17725"},{"taxonomy":"product_tag","embeddable":true,"href":"https:\/\/www.dillerbottle.com\/de\/wp-json\/wp\/v2\/product_tag?post=17725"}],"curies":[{"name":"wp","href":"https:\/\/api.w.org\/{rel}","templated":true}]}}