{"id":17787,"date":"2026-02-24T14:23:48","date_gmt":"2026-02-24T06:23:48","guid":{"rendered":"https:\/\/www.dillerbottle.com\/?post_type=product&#038;p=17787"},"modified":"2026-02-24T14:50:12","modified_gmt":"2026-02-24T06:50:12","slug":"520ml-insulated-food-jar","status":"publish","type":"product","link":"https:\/\/www.dillerbottle.com\/de\/products\/520ml-insulated-food-jar","title":{"rendered":"520ML Isoliertes Lebensmittelgef\u00e4\u00df"},"content":{"rendered":"<h2 data-start=\"644\" data-end=\"695\">520ML isolierte Lebensmittel Glas - OEM &amp; Gro\u00dfhandel bereit<\/h2>\n<p data-start=\"697\" data-end=\"858\">Der DILLER D9215 Isolierbeh\u00e4lter f\u00fcr Lebensmittel wurde speziell f\u00fcr globale Distributoren, Einzelh\u00e4ndler und Markeninhaber entwickelt, die auf der Suche nach hochwertigen thermischen Lunch-Beh\u00e4ltern sind.<\/p>\n<p data-start=\"860\" data-end=\"1146\">Der Innenbeh\u00e4lter aus rostfreiem Stahl SUS316 und lebensmittelechten Materialien gew\u00e4hrleistet einen sicheren Kontakt mit Lebensmitteln und eine lange Lebensdauer. Seine starke Isolierleistung h\u00e4lt Lebensmittel f\u00fcr l\u00e4ngere Zeit hei\u00df oder kalt und eignet sich daher f\u00fcr B\u00fcro, Schule, Outdoor und Reisen.<\/p>\n<p data-start=\"1148\" data-end=\"1276\">Das 360-Grad-Dichtungssystem verhindert das Auslaufen von Fl\u00fcssigkeiten, selbst wenn das Glas umgedreht wird, und gew\u00e4hrleistet so die Zuverl\u00e4ssigkeit beim t\u00e4glichen Transport.<\/p>\n<hr data-start=\"1278\" data-end=\"1281\" \/>\n<h2 data-start=\"1283\" data-end=\"1312\">F\u00fcr den praktischen Einsatz konzipiert<\/h2>\n<p data-start=\"1314\" data-end=\"1553\">Der PP-Deckel kann auch als kleine Sch\u00fcssel verwendet werden, was das Essen unterwegs erleichtert. Im Innendeckel ist ein versteckter, klappbarer Edelstahll\u00f6ffel integriert, der das Mitf\u00fchren von Utensilien ohne zus\u00e4tzliches Zubeh\u00f6r erleichtert.<\/p>\n<p data-start=\"1555\" data-end=\"1665\">Die weite \u00d6ffnung erm\u00f6glicht ein einfaches Bef\u00fcllen, Essen und Reinigen und verhindert gleichzeitig, dass sich Speisereste ablagern.<\/p>\n<hr data-start=\"1667\" data-end=\"1670\" \/>\n<h2 data-start=\"1672\" data-end=\"1702\">Hauptmerkmale f\u00fcr B2B-K\u00e4ufer<\/h2>\n<p data-start=\"1704\" data-end=\"2155\">- Innenauskleidung aus Edelstahl SUS316 (lebensmittelecht)<br data-start=\"1758\" data-end=\"1761\" \/>- Starke Isolierung f\u00fcr hei\u00dfe und kalte Speisen<br data-start=\"1802\" data-end=\"1805\" \/>- 360-Grad-Dichtungssystem<br data-start=\"1843\" data-end=\"1846\" \/>- Doppelt verwendbarer Deckel (Tassendeckel kann als Sch\u00fcssel verwendet werden)<br data-start=\"1894\" data-end=\"1897\" \/>- Eingebauter klappbarer L\u00f6ffel aus rostfreiem Stahl SUS304<br data-start=\"1944\" data-end=\"1947\" \/>- Breites Munddesign f\u00fcr einfache Reinigung und Bef\u00fcllung<br data-start=\"1996\" data-end=\"1999\" \/>- Tragbar und kompakt 520ML Fassungsverm\u00f6gen<br data-start=\"2036\" data-end=\"2039\" \/>- Lebensmittelgeeignetes PP, Dichtungsring aus Silikon<br data-start=\"2077\" data-end=\"2080\" \/>- Langlebige Au\u00dfenh\u00fclle aus rostfreiem Stahl<br data-start=\"2117\" data-end=\"2120\" \/>- OEM und kundenspezifisches Branding verf\u00fcgbar<\/p>\n<hr data-start=\"2157\" data-end=\"2160\" \/>\n<h2 data-start=\"2162\" data-end=\"2192\">OEM &amp; Anpassungsunterst\u00fctzung<\/h2>\n<p data-start=\"2194\" data-end=\"2271\">Als professioneller Hersteller von Getr\u00e4nke- und Lebensmittelbeh\u00e4ltern bietet DILLER:<\/p>\n<p data-start=\"2273\" data-end=\"2440\">- Kundenspezifischer Logodruck<br data-start=\"2295\" data-end=\"2298\" \/>- Farbanpassung<br data-start=\"2319\" data-end=\"2322\" \/>- Verpackungsdesign<br data-start=\"2340\" data-end=\"2343\" \/>- OEM \/ ODM Produktentwicklung<br data-start=\"2374\" data-end=\"2377\" \/>- Lieferung im Gro\u00dfhandel<br data-start=\"2400\" data-end=\"2403\" \/>- Zusammenarbeit von Vertriebsh\u00e4ndlern und Vertretern<\/p>\n<p data-start=\"2442\" data-end=\"2490\">Wir freuen uns \u00fcber die Zusammenarbeit mit globalen Partnern.<\/p>","protected":false},"excerpt":{"rendered":"<p>DILLER D9215 ist ein 520ML isolierter Lebensmittelbeh\u00e4lter aus SUS316-Edelstahl, der f\u00fcr Gro\u00dfabnehmer, Distributoren und OEM-Projekte entwickelt wurde. Mit starker Isolierung, auslaufsicherem Design, doppeltem Deckel und eingebautem Klappl\u00f6ffel ist sie ideal f\u00fcr Mittagessen, Reisen und Werbem\u00e4rkte.<\/p>","protected":false},"featured_media":17795,"comment_status":"open","ping_status":"closed","template":"","meta":{"_acf_changed":false},"product_brand":[],"product_cat":[108,18],"product_tag":[752],"class_list":{"0":"post-17787","1":"product","2":"type-product","3":"status-publish","4":"has-post-thumbnail","6":"product_cat-insulated-food-jar","7":"product_cat-insulated-water-bottle","8":"product_tag-eco-friendly-water-bottle-stainless-steel","10":"first","11":"instock","12":"shipping-taxable","13":"product-type-simple"},"acf":[],"yoast_head":"<!-- This site is optimized with the Yoast SEO Premium plugin v27.4 (Yoast SEO v27.4) - https:\/\/yoast.com\/product\/yoast-seo-premium-wordpress\/ -->\n<title>520ML Insulated Food Jar - Diller Water Bottle Manufacturer<\/title>\n<meta name=\"description\" content=\"520ML insulated food jar manufacturer and wholesale supplier. DILLER offers 316 stainless steel thermal lunch containers with custom logo, OEM service and bulk supply for distributors.\" \/>\n<meta name=\"robots\" content=\"index, follow, max-snippet:-1, max-image-preview:large, max-video-preview:-1\" \/>\n<link rel=\"canonical\" href=\"https:\/\/www.dillerbottle.com\/de\/produkte\/520ml-insulated-food-jar\" \/>\n<meta property=\"og:locale\" content=\"de_DE\" \/>\n<meta property=\"og:type\" content=\"article\" \/>\n<meta property=\"og:title\" content=\"520ML Insulated Food Jar\" \/>\n<meta property=\"og:description\" content=\"520ML insulated food jar manufacturer and wholesale supplier. DILLER offers 316 stainless steel thermal lunch containers with custom logo, OEM service and bulk supply for distributors.\" \/>\n<meta property=\"og:url\" content=\"https:\/\/www.dillerbottle.com\/de\/produkte\/520ml-insulated-food-jar\" \/>\n<meta property=\"og:site_name\" content=\"Diller Water Bottle Manufacturer\" \/>\n<meta property=\"article:modified_time\" content=\"2026-02-24T06:50:12+00:00\" \/>\n<meta property=\"og:image\" content=\"https:\/\/www.dillerbottle.com\/wp-content\/uploads\/2026\/02\/520ml-insulated-food-jar-9215-1.jpg\" \/>\n\t<meta property=\"og:image:width\" content=\"800\" \/>\n\t<meta property=\"og:image:height\" content=\"800\" \/>\n\t<meta property=\"og:image:type\" content=\"image\/jpeg\" \/>\n<meta name=\"twitter:card\" content=\"summary_large_image\" \/>\n<meta name=\"twitter:label1\" content=\"Gesch\u00e4tzte Lesezeit\" \/>\n\t<meta name=\"twitter:data1\" content=\"3\u00a0Minuten\" \/>\n<script type=\"application\/ld+json\" class=\"yoast-schema-graph\">{\"@context\":\"https:\\\/\\\/schema.org\",\"@graph\":[{\"@type\":\"WebPage\",\"@id\":\"https:\\\/\\\/www.dillerbottle.com\\\/products\\\/520ml-insulated-food-jar\",\"url\":\"https:\\\/\\\/www.dillerbottle.com\\\/products\\\/520ml-insulated-food-jar\",\"name\":\"520ML Insulated Food Jar - Diller Water Bottle Manufacturer\",\"isPartOf\":{\"@id\":\"https:\\\/\\\/www.dillerbottle.com\\\/#website\"},\"primaryImageOfPage\":{\"@id\":\"https:\\\/\\\/www.dillerbottle.com\\\/products\\\/520ml-insulated-food-jar#primaryimage\"},\"image\":{\"@id\":\"https:\\\/\\\/www.dillerbottle.com\\\/products\\\/520ml-insulated-food-jar#primaryimage\"},\"thumbnailUrl\":\"https:\\\/\\\/www.dillerbottle.com\\\/wp-content\\\/uploads\\\/2026\\\/02\\\/520ml-insulated-food-jar-9215-1.jpg\",\"datePublished\":\"2026-02-24T06:23:48+00:00\",\"dateModified\":\"2026-02-24T06:50:12+00:00\",\"description\":\"520ML insulated food jar manufacturer and wholesale supplier. DILLER offers 316 stainless steel thermal lunch containers with custom logo, OEM service and bulk supply for distributors.\",\"breadcrumb\":{\"@id\":\"https:\\\/\\\/www.dillerbottle.com\\\/products\\\/520ml-insulated-food-jar#breadcrumb\"},\"inLanguage\":\"de\",\"potentialAction\":[{\"@type\":\"ReadAction\",\"target\":[\"https:\\\/\\\/www.dillerbottle.com\\\/products\\\/520ml-insulated-food-jar\"]}]},{\"@type\":\"ImageObject\",\"inLanguage\":\"de\",\"@id\":\"https:\\\/\\\/www.dillerbottle.com\\\/products\\\/520ml-insulated-food-jar#primaryimage\",\"url\":\"https:\\\/\\\/www.dillerbottle.com\\\/wp-content\\\/uploads\\\/2026\\\/02\\\/520ml-insulated-food-jar-9215-1.jpg\",\"contentUrl\":\"https:\\\/\\\/www.dillerbottle.com\\\/wp-content\\\/uploads\\\/2026\\\/02\\\/520ml-insulated-food-jar-9215-1.jpg\",\"width\":800,\"height\":800},{\"@type\":\"BreadcrumbList\",\"@id\":\"https:\\\/\\\/www.dillerbottle.com\\\/products\\\/520ml-insulated-food-jar#breadcrumb\",\"itemListElement\":[{\"@type\":\"ListItem\",\"position\":1,\"name\":\"Home\",\"item\":\"https:\\\/\\\/www.dillerbottle.com\\\/\"},{\"@type\":\"ListItem\",\"position\":2,\"name\":\"Products\",\"item\":\"https:\\\/\\\/www.dillerbottle.com\\\/shop\"},{\"@type\":\"ListItem\",\"position\":3,\"name\":\"520ML Insulated Food Jar\"}]},{\"@type\":\"WebSite\",\"@id\":\"https:\\\/\\\/www.dillerbottle.com\\\/#website\",\"url\":\"https:\\\/\\\/www.dillerbottle.com\\\/\",\"name\":\"Diller Water Bottle Manufacturer\",\"description\":\"Water Bottle Manufacturer\",\"publisher\":{\"@id\":\"https:\\\/\\\/www.dillerbottle.com\\\/#organization\"},\"potentialAction\":[{\"@type\":\"SearchAction\",\"target\":{\"@type\":\"EntryPoint\",\"urlTemplate\":\"https:\\\/\\\/www.dillerbottle.com\\\/?s={search_term_string}\"},\"query-input\":{\"@type\":\"PropertyValueSpecification\",\"valueRequired\":true,\"valueName\":\"search_term_string\"}}],\"inLanguage\":\"de\"},{\"@type\":\"Organization\",\"@id\":\"https:\\\/\\\/www.dillerbottle.com\\\/#organization\",\"name\":\"Diller Water Bottle Manufacturer\",\"url\":\"https:\\\/\\\/www.dillerbottle.com\\\/\",\"logo\":{\"@type\":\"ImageObject\",\"inLanguage\":\"de\",\"@id\":\"https:\\\/\\\/www.dillerbottle.com\\\/#\\\/schema\\\/logo\\\/image\\\/\",\"url\":\"https:\\\/\\\/www.dillerbottle.com\\\/wp-content\\\/uploads\\\/2024\\\/09\\\/49918bfa848dcc1e9f8b509933603ac.png\",\"contentUrl\":\"https:\\\/\\\/www.dillerbottle.com\\\/wp-content\\\/uploads\\\/2024\\\/09\\\/49918bfa848dcc1e9f8b509933603ac.png\",\"width\":988,\"height\":198,\"caption\":\"Diller Water Bottle Manufacturer\"},\"image\":{\"@id\":\"https:\\\/\\\/www.dillerbottle.com\\\/#\\\/schema\\\/logo\\\/image\\\/\"}}]}<\/script>\n<!-- \/ Yoast SEO Premium plugin. -->","yoast_head_json":{"title":"520ml Isolier-Essensbeh\u00e4lter","description":"520ML Isolierter Lebensmittelbeh\u00e4lter Hersteller und Gro\u00dfhandelslieferant. DILLER bietet 316 Edelstahl Thermo-Lunchbeh\u00e4lter mit individuellem Logo, OEM-Service und Gro\u00dfmengenversorgung f\u00fcr H\u00e4ndler.","robots":{"index":"index","follow":"follow","max-snippet":"max-snippet:-1","max-image-preview":"max-image-preview:large","max-video-preview":"max-video-preview:-1"},"canonical":"https:\/\/www.dillerbottle.com\/de\/produkte\/520ml-insulated-food-jar","og_locale":"de_DE","og_type":"article","og_title":"520ML Insulated Food Jar","og_description":"520ML insulated food jar manufacturer and wholesale supplier. DILLER offers 316 stainless steel thermal lunch containers with custom logo, OEM service and bulk supply for distributors.","og_url":"https:\/\/www.dillerbottle.com\/de\/produkte\/520ml-insulated-food-jar","og_site_name":"Diller Water Bottle Manufacturer","article_modified_time":"2026-02-24T06:50:12+00:00","og_image":[{"width":800,"height":800,"url":"https:\/\/www.dillerbottle.com\/wp-content\/uploads\/2026\/02\/520ml-insulated-food-jar-9215-1.jpg","type":"image\/jpeg"}],"twitter_card":"summary_large_image","twitter_misc":{"Gesch\u00e4tzte Lesezeit":"3\u00a0Minuten"},"schema":{"@context":"https:\/\/schema.org","@graph":[{"@type":"WebPage","@id":"https:\/\/www.dillerbottle.com\/products\/520ml-insulated-food-jar","url":"https:\/\/www.dillerbottle.com\/products\/520ml-insulated-food-jar","name":"520ml Isolier-Essensbeh\u00e4lter","isPartOf":{"@id":"https:\/\/www.dillerbottle.com\/#website"},"primaryImageOfPage":{"@id":"https:\/\/www.dillerbottle.com\/products\/520ml-insulated-food-jar#primaryimage"},"image":{"@id":"https:\/\/www.dillerbottle.com\/products\/520ml-insulated-food-jar#primaryimage"},"thumbnailUrl":"https:\/\/www.dillerbottle.com\/wp-content\/uploads\/2026\/02\/520ml-insulated-food-jar-9215-1.jpg","datePublished":"2026-02-24T06:23:48+00:00","dateModified":"2026-02-24T06:50:12+00:00","description":"520ML Isolierter Lebensmittelbeh\u00e4lter Hersteller und Gro\u00dfhandelslieferant. DILLER bietet 316 Edelstahl Thermo-Lunchbeh\u00e4lter mit individuellem Logo, OEM-Service und Gro\u00dfmengenversorgung f\u00fcr H\u00e4ndler.","breadcrumb":{"@id":"https:\/\/www.dillerbottle.com\/products\/520ml-insulated-food-jar#breadcrumb"},"inLanguage":"de","potentialAction":[{"@type":"ReadAction","target":["https:\/\/www.dillerbottle.com\/products\/520ml-insulated-food-jar"]}]},{"@type":"ImageObject","inLanguage":"de","@id":"https:\/\/www.dillerbottle.com\/products\/520ml-insulated-food-jar#primaryimage","url":"https:\/\/www.dillerbottle.com\/wp-content\/uploads\/2026\/02\/520ml-insulated-food-jar-9215-1.jpg","contentUrl":"https:\/\/www.dillerbottle.com\/wp-content\/uploads\/2026\/02\/520ml-insulated-food-jar-9215-1.jpg","width":800,"height":800},{"@type":"BreadcrumbList","@id":"https:\/\/www.dillerbottle.com\/products\/520ml-insulated-food-jar#breadcrumb","itemListElement":[{"@type":"ListItem","position":1,"name":"Home","item":"https:\/\/www.dillerbottle.com\/"},{"@type":"ListItem","position":2,"name":"Products","item":"https:\/\/www.dillerbottle.com\/shop"},{"@type":"ListItem","position":3,"name":"520ML Insulated Food Jar"}]},{"@type":"WebSite","@id":"https:\/\/www.dillerbottle.com\/#website","url":"https:\/\/www.dillerbottle.com\/","name":"Diller Wasserflaschenhersteller","description":"Wasserflaschenhersteller","publisher":{"@id":"https:\/\/www.dillerbottle.com\/#organization"},"potentialAction":[{"@type":"SearchAction","target":{"@type":"EntryPoint","urlTemplate":"https:\/\/www.dillerbottle.com\/?s={search_term_string}"},"query-input":{"@type":"PropertyValueSpecification","valueRequired":true,"valueName":"search_term_string"}}],"inLanguage":"de"},{"@type":"Organization","@id":"https:\/\/www.dillerbottle.com\/#organization","name":"Diller Wasserflaschenhersteller","url":"https:\/\/www.dillerbottle.com\/","logo":{"@type":"ImageObject","inLanguage":"de","@id":"https:\/\/www.dillerbottle.com\/#\/schema\/logo\/image\/","url":"https:\/\/www.dillerbottle.com\/wp-content\/uploads\/2024\/09\/49918bfa848dcc1e9f8b509933603ac.png","contentUrl":"https:\/\/www.dillerbottle.com\/wp-content\/uploads\/2024\/09\/49918bfa848dcc1e9f8b509933603ac.png","width":988,"height":198,"caption":"Diller Water Bottle Manufacturer"},"image":{"@id":"https:\/\/www.dillerbottle.com\/#\/schema\/logo\/image\/"}}]}},"_links":{"self":[{"href":"https:\/\/www.dillerbottle.com\/de\/wp-json\/wp\/v2\/product\/17787","targetHints":{"allow":["GET"]}}],"collection":[{"href":"https:\/\/www.dillerbottle.com\/de\/wp-json\/wp\/v2\/product"}],"about":[{"href":"https:\/\/www.dillerbottle.com\/de\/wp-json\/wp\/v2\/types\/product"}],"replies":[{"embeddable":true,"href":"https:\/\/www.dillerbottle.com\/de\/wp-json\/wp\/v2\/comments?post=17787"}],"wp:featuredmedia":[{"embeddable":true,"href":"https:\/\/www.dillerbottle.com\/de\/wp-json\/wp\/v2\/media\/17795"}],"wp:attachment":[{"href":"https:\/\/www.dillerbottle.com\/de\/wp-json\/wp\/v2\/media?parent=17787"}],"wp:term":[{"taxonomy":"product_brand","embeddable":true,"href":"https:\/\/www.dillerbottle.com\/de\/wp-json\/wp\/v2\/product_brand?post=17787"},{"taxonomy":"product_cat","embeddable":true,"href":"https:\/\/www.dillerbottle.com\/de\/wp-json\/wp\/v2\/product_cat?post=17787"},{"taxonomy":"product_tag","embeddable":true,"href":"https:\/\/www.dillerbottle.com\/de\/wp-json\/wp\/v2\/product_tag?post=17787"}],"curies":[{"name":"wp","href":"https:\/\/api.w.org\/{rel}","templated":true}]}}