{"id":2033,"date":"2024-09-24T17:45:18","date_gmt":"2024-09-24T09:45:18","guid":{"rendered":"https:\/\/demo.dillerbottle.com\/product\/tumbler-cups-stainless-steel"},"modified":"2026-04-13T21:15:27","modified_gmt":"2026-04-13T13:15:27","slug":"becher-aus-edelstahl","status":"publish","type":"product","link":"https:\/\/www.dillerbottle.com\/de\/products\/tumbler-cups-stainless-steel","title":{"rendered":"Becher aus Edelstahl"},"content":{"rendered":"<p>Funktionen: 1.;Die schwei\u00dffeste, doppelwandige Vakuum-Isolierflasche h\u00e4lt kalte Getr\u00e4nke bis zu 24 Stunden kalt und hei\u00dfe Getr\u00e4nke bis zu 12 Stunden hei\u00df.<br \/>\n2.;Hergestellt aus hochwertigem und handels\u00fcblichem Edelstahl der G\u00fcteklasse 18\/8 (304), FDA-gepr\u00fcft, BPA-frei.<br \/>\n3.;Yumbler-Becher mit gro\u00dfem Fassungsverm\u00f6gen von 30\/20 oz und griffigem Design f\u00fcr M\u00e4nner und Frauen.;Die schwei\u00dffeste, doppelwandige Vakuumisolierung sorgt daf\u00fcr, dass Sie den Becher bequem halten k\u00f6nnen.;<br \/>\n4.;Der transparente, BPA-freie Deckel erm\u00f6glicht es Ihnen, den Inhalt des Bechers zu sehen. Die dicht schlie\u00dfende Dichtung des Reisebechers h\u00e4lt Staub und Insekten fern. Der Deckel ist so konzipiert, dass Sie unterwegs problemlos trinken k\u00f6nnen und Ihr Getr\u00e4nk gleichzeitig kalt oder hei\u00df bleibt.<\/p>","protected":false},"excerpt":{"rendered":"<p>Merkmale:<br \/>\n1. Schwei\u00dffeste doppelwandige Vakuum-Isolierflasche h\u00e4lt kalte Getr\u00e4nke bis zu 24 Stunden kalt oder hei\u00dfe Getr\u00e4nke bis zu 12 Stunden hei\u00df.<br \/>\n2. Hergestellt aus hochwertigem und handels\u00fcblichem Edelstahl der G\u00fcteklasse 18\/8 (304), FDA-gepr\u00fcft, BPA-frei.<br \/>\n3. 40 oz gro\u00dfe Trinkbecher mit griffigem Design f\u00fcr M\u00e4nner und Frauen. Schwei\u00dffeste doppelwandige Vakuumisolierung sorgt f\u00fcr bequemes Halten des Bechers. 4. Der transparente, BPA-freie Deckel erm\u00f6glicht es Ihnen, den Inhalt des Bechers zu sehen. H\u00e4lt Staub und Insekten mit der dicht schlie\u00dfenden Dichtung des Reisebechers fern. Der Deckel ist so konzipiert, dass Sie unterwegs problemlos trinken k\u00f6nnen und Ihr Getr\u00e4nk gleichzeitig kalt oder hei\u00df bleibt.<\/p>","protected":false},"featured_media":2034,"comment_status":"open","ping_status":"closed","template":"","meta":{"_acf_changed":false},"product_brand":[],"product_cat":[46],"product_tag":[32,36,33,31,39,38,29,37,34,35,28,63,30],"class_list":{"0":"post-2033","1":"product","2":"type-product","3":"status-publish","4":"has-post-thumbnail","6":"product_cat-cup","7":"product_tag-best","8":"product_tag-bulk","9":"product_tag-buy","10":"product_tag-custom","11":"product_tag-for-sale","12":"product_tag-good-quality","13":"product_tag-manufacturers","14":"product_tag-manufacturing","15":"product_tag-price","16":"product_tag-small","17":"product_tag-suppliers","18":"product_tag-tumbler-cups-stainless-steel","19":"product_tag-wholesale","21":"first","22":"instock","23":"featured","24":"shipping-taxable","25":"product-type-simple"},"acf":[],"yoast_head":"<!-- This site is optimized with the Yoast SEO Premium plugin v27.5 (Yoast SEO v27.5) - https:\/\/yoast.com\/product\/yoast-seo-premium-wordpress\/ -->\n<title>Tumbler Cups Stainless Steel - Diller Water Bottle Manufacturer<\/title>\n<meta name=\"description\" content=\"As one of the best tumbler cups stainless steel manufacturers and suppliers, we are engaged in manufacturing good quality water bottles. We warmly welcome you to wholesale or buy custom made tumbler cups stainless steel at competitive price from us. Also, small quantity orders are acceptable.\" \/>\n<meta name=\"robots\" content=\"index, follow, max-snippet:-1, max-image-preview:large, max-video-preview:-1\" \/>\n<link rel=\"canonical\" href=\"https:\/\/www.dillerbottle.com\/de\/produkte\/becher-aus-edelstahl\" \/>\n<meta property=\"og:locale\" content=\"de_DE\" \/>\n<meta property=\"og:type\" content=\"article\" \/>\n<meta property=\"og:title\" content=\"Tumbler Cups Stainless Steel\" \/>\n<meta property=\"og:description\" content=\"As one of the best tumbler cups stainless steel manufacturers and suppliers, we are engaged in manufacturing good quality water bottles. We warmly welcome you to wholesale or buy custom made tumbler cups stainless steel at competitive price from us. Also, small quantity orders are acceptable.\" \/>\n<meta property=\"og:url\" content=\"https:\/\/www.dillerbottle.com\/de\/produkte\/becher-aus-edelstahl\" \/>\n<meta property=\"og:site_name\" content=\"Diller Water Bottle Manufacturer\" \/>\n<meta property=\"article:modified_time\" content=\"2026-04-13T13:15:27+00:00\" \/>\n<meta property=\"og:image\" content=\"https:\/\/www.dillerbottle.com\/wp-content\/uploads\/2024\/09\/tumbler-cups-stainless-steel2c31ba9a-dce3-491e-937e-3e79d34aa099.jpg\" \/>\n\t<meta property=\"og:image:width\" content=\"730\" \/>\n\t<meta property=\"og:image:height\" content=\"730\" \/>\n\t<meta property=\"og:image:type\" content=\"image\/jpeg\" \/>\n<meta name=\"twitter:card\" content=\"summary_large_image\" \/>\n<meta name=\"twitter:label1\" content=\"Gesch\u00e4tzte Lesezeit\" \/>\n\t<meta name=\"twitter:data1\" content=\"6\u00a0Minuten\" \/>\n<script type=\"application\/ld+json\" class=\"yoast-schema-graph\">{\"@context\":\"https:\\\/\\\/schema.org\",\"@graph\":[{\"@type\":\"WebPage\",\"@id\":\"https:\\\/\\\/www.dillerbottle.com\\\/products\\\/tumbler-cups-stainless-steel\",\"url\":\"https:\\\/\\\/www.dillerbottle.com\\\/products\\\/tumbler-cups-stainless-steel\",\"name\":\"Tumbler Cups Stainless Steel - Diller Water Bottle Manufacturer\",\"isPartOf\":{\"@id\":\"https:\\\/\\\/www.dillerbottle.com\\\/#website\"},\"primaryImageOfPage\":{\"@id\":\"https:\\\/\\\/www.dillerbottle.com\\\/products\\\/tumbler-cups-stainless-steel#primaryimage\"},\"image\":{\"@id\":\"https:\\\/\\\/www.dillerbottle.com\\\/products\\\/tumbler-cups-stainless-steel#primaryimage\"},\"thumbnailUrl\":\"https:\\\/\\\/www.dillerbottle.com\\\/wp-content\\\/uploads\\\/2024\\\/09\\\/tumbler-cups-stainless-steel2c31ba9a-dce3-491e-937e-3e79d34aa099.jpg\",\"datePublished\":\"2024-09-24T09:45:18+00:00\",\"dateModified\":\"2026-04-13T13:15:27+00:00\",\"description\":\"As one of the best tumbler cups stainless steel manufacturers and suppliers, we are engaged in manufacturing good quality water bottles. We warmly welcome you to wholesale or buy custom made tumbler cups stainless steel at competitive price from us. Also, small quantity orders are acceptable.\",\"breadcrumb\":{\"@id\":\"https:\\\/\\\/www.dillerbottle.com\\\/products\\\/tumbler-cups-stainless-steel#breadcrumb\"},\"inLanguage\":\"de\",\"potentialAction\":[{\"@type\":\"ReadAction\",\"target\":[\"https:\\\/\\\/www.dillerbottle.com\\\/products\\\/tumbler-cups-stainless-steel\"]}]},{\"@type\":\"ImageObject\",\"inLanguage\":\"de\",\"@id\":\"https:\\\/\\\/www.dillerbottle.com\\\/products\\\/tumbler-cups-stainless-steel#primaryimage\",\"url\":\"https:\\\/\\\/www.dillerbottle.com\\\/wp-content\\\/uploads\\\/2024\\\/09\\\/tumbler-cups-stainless-steel2c31ba9a-dce3-491e-937e-3e79d34aa099.jpg\",\"contentUrl\":\"https:\\\/\\\/www.dillerbottle.com\\\/wp-content\\\/uploads\\\/2024\\\/09\\\/tumbler-cups-stainless-steel2c31ba9a-dce3-491e-937e-3e79d34aa099.jpg\",\"width\":730,\"height\":730},{\"@type\":\"BreadcrumbList\",\"@id\":\"https:\\\/\\\/www.dillerbottle.com\\\/products\\\/tumbler-cups-stainless-steel#breadcrumb\",\"itemListElement\":[{\"@type\":\"ListItem\",\"position\":1,\"name\":\"Home\",\"item\":\"https:\\\/\\\/www.dillerbottle.com\\\/\"},{\"@type\":\"ListItem\",\"position\":2,\"name\":\"Products\",\"item\":\"https:\\\/\\\/www.dillerbottle.com\\\/shop\"},{\"@type\":\"ListItem\",\"position\":3,\"name\":\"Tumbler Cups Stainless Steel\"}]},{\"@type\":\"WebSite\",\"@id\":\"https:\\\/\\\/www.dillerbottle.com\\\/#website\",\"url\":\"https:\\\/\\\/www.dillerbottle.com\\\/\",\"name\":\"Diller Water Bottle Manufacturer\",\"description\":\"Water Bottle Manufacturer\",\"publisher\":{\"@id\":\"https:\\\/\\\/www.dillerbottle.com\\\/#organization\"},\"potentialAction\":[{\"@type\":\"SearchAction\",\"target\":{\"@type\":\"EntryPoint\",\"urlTemplate\":\"https:\\\/\\\/www.dillerbottle.com\\\/?s={search_term_string}\"},\"query-input\":{\"@type\":\"PropertyValueSpecification\",\"valueRequired\":true,\"valueName\":\"search_term_string\"}}],\"inLanguage\":\"de\"},{\"@type\":\"Organization\",\"@id\":\"https:\\\/\\\/www.dillerbottle.com\\\/#organization\",\"name\":\"Diller Water Bottle Manufacturer\",\"url\":\"https:\\\/\\\/www.dillerbottle.com\\\/\",\"logo\":{\"@type\":\"ImageObject\",\"inLanguage\":\"de\",\"@id\":\"https:\\\/\\\/www.dillerbottle.com\\\/#\\\/schema\\\/logo\\\/image\\\/\",\"url\":\"https:\\\/\\\/www.dillerbottle.com\\\/wp-content\\\/uploads\\\/2024\\\/09\\\/49918bfa848dcc1e9f8b509933603ac.png\",\"contentUrl\":\"https:\\\/\\\/www.dillerbottle.com\\\/wp-content\\\/uploads\\\/2024\\\/09\\\/49918bfa848dcc1e9f8b509933603ac.png\",\"width\":988,\"height\":198,\"caption\":\"Diller Water Bottle Manufacturer\"},\"image\":{\"@id\":\"https:\\\/\\\/www.dillerbottle.com\\\/#\\\/schema\\\/logo\\\/image\\\/\"}}]}<\/script>\n<!-- \/ Yoast SEO Premium plugin. -->","yoast_head_json":{"title":"Trinkbecher aus Edelstahl - Diller Wasserflaschenhersteller","description":"Als einer der besten Hersteller und Lieferanten von Trinkbechern aus Edelstahl sind wir auf die Herstellung hochwertiger Wasserflaschen spezialisiert. Wir hei\u00dfen Sie herzlich willkommen, bei uns Trinkbecher aus Edelstahl im Gro\u00dfhandel zu kaufen oder zu wettbewerbsf\u00e4higen Preisen zu bestellen. Auch Bestellungen in kleinen Mengen sind m\u00f6glich.","robots":{"index":"index","follow":"follow","max-snippet":"max-snippet:-1","max-image-preview":"max-image-preview:large","max-video-preview":"max-video-preview:-1"},"canonical":"https:\/\/www.dillerbottle.com\/de\/produkte\/becher-aus-edelstahl","og_locale":"de_DE","og_type":"article","og_title":"Tumbler Cups Stainless Steel","og_description":"As one of the best tumbler cups stainless steel manufacturers and suppliers, we are engaged in manufacturing good quality water bottles. We warmly welcome you to wholesale or buy custom made tumbler cups stainless steel at competitive price from us. Also, small quantity orders are acceptable.","og_url":"https:\/\/www.dillerbottle.com\/de\/produkte\/becher-aus-edelstahl","og_site_name":"Diller Water Bottle Manufacturer","article_modified_time":"2026-04-13T13:15:27+00:00","og_image":[{"width":730,"height":730,"url":"https:\/\/www.dillerbottle.com\/wp-content\/uploads\/2024\/09\/tumbler-cups-stainless-steel2c31ba9a-dce3-491e-937e-3e79d34aa099.jpg","type":"image\/jpeg"}],"twitter_card":"summary_large_image","twitter_misc":{"Gesch\u00e4tzte Lesezeit":"6\u00a0Minuten"},"schema":{"@context":"https:\/\/schema.org","@graph":[{"@type":"WebPage","@id":"https:\/\/www.dillerbottle.com\/products\/tumbler-cups-stainless-steel","url":"https:\/\/www.dillerbottle.com\/products\/tumbler-cups-stainless-steel","name":"Trinkbecher aus Edelstahl - Diller Wasserflaschenhersteller","isPartOf":{"@id":"https:\/\/www.dillerbottle.com\/#website"},"primaryImageOfPage":{"@id":"https:\/\/www.dillerbottle.com\/products\/tumbler-cups-stainless-steel#primaryimage"},"image":{"@id":"https:\/\/www.dillerbottle.com\/products\/tumbler-cups-stainless-steel#primaryimage"},"thumbnailUrl":"https:\/\/www.dillerbottle.com\/wp-content\/uploads\/2024\/09\/tumbler-cups-stainless-steel2c31ba9a-dce3-491e-937e-3e79d34aa099.jpg","datePublished":"2024-09-24T09:45:18+00:00","dateModified":"2026-04-13T13:15:27+00:00","description":"Als einer der besten Hersteller und Lieferanten von Trinkbechern aus Edelstahl sind wir auf die Herstellung hochwertiger Wasserflaschen spezialisiert. Wir hei\u00dfen Sie herzlich willkommen, bei uns Trinkbecher aus Edelstahl im Gro\u00dfhandel zu kaufen oder zu wettbewerbsf\u00e4higen Preisen zu bestellen. Auch Bestellungen in kleinen Mengen sind m\u00f6glich.","breadcrumb":{"@id":"https:\/\/www.dillerbottle.com\/products\/tumbler-cups-stainless-steel#breadcrumb"},"inLanguage":"de","potentialAction":[{"@type":"ReadAction","target":["https:\/\/www.dillerbottle.com\/products\/tumbler-cups-stainless-steel"]}]},{"@type":"ImageObject","inLanguage":"de","@id":"https:\/\/www.dillerbottle.com\/products\/tumbler-cups-stainless-steel#primaryimage","url":"https:\/\/www.dillerbottle.com\/wp-content\/uploads\/2024\/09\/tumbler-cups-stainless-steel2c31ba9a-dce3-491e-937e-3e79d34aa099.jpg","contentUrl":"https:\/\/www.dillerbottle.com\/wp-content\/uploads\/2024\/09\/tumbler-cups-stainless-steel2c31ba9a-dce3-491e-937e-3e79d34aa099.jpg","width":730,"height":730},{"@type":"BreadcrumbList","@id":"https:\/\/www.dillerbottle.com\/products\/tumbler-cups-stainless-steel#breadcrumb","itemListElement":[{"@type":"ListItem","position":1,"name":"Home","item":"https:\/\/www.dillerbottle.com\/"},{"@type":"ListItem","position":2,"name":"Products","item":"https:\/\/www.dillerbottle.com\/shop"},{"@type":"ListItem","position":3,"name":"Tumbler Cups Stainless Steel"}]},{"@type":"WebSite","@id":"https:\/\/www.dillerbottle.com\/#website","url":"https:\/\/www.dillerbottle.com\/","name":"Diller Wasserflaschenhersteller","description":"Wasserflaschenhersteller","publisher":{"@id":"https:\/\/www.dillerbottle.com\/#organization"},"potentialAction":[{"@type":"SearchAction","target":{"@type":"EntryPoint","urlTemplate":"https:\/\/www.dillerbottle.com\/?s={search_term_string}"},"query-input":{"@type":"PropertyValueSpecification","valueRequired":true,"valueName":"search_term_string"}}],"inLanguage":"de"},{"@type":"Organization","@id":"https:\/\/www.dillerbottle.com\/#organization","name":"Diller Wasserflaschenhersteller","url":"https:\/\/www.dillerbottle.com\/","logo":{"@type":"ImageObject","inLanguage":"de","@id":"https:\/\/www.dillerbottle.com\/#\/schema\/logo\/image\/","url":"https:\/\/www.dillerbottle.com\/wp-content\/uploads\/2024\/09\/49918bfa848dcc1e9f8b509933603ac.png","contentUrl":"https:\/\/www.dillerbottle.com\/wp-content\/uploads\/2024\/09\/49918bfa848dcc1e9f8b509933603ac.png","width":988,"height":198,"caption":"Diller Water Bottle Manufacturer"},"image":{"@id":"https:\/\/www.dillerbottle.com\/#\/schema\/logo\/image\/"}}]}},"_links":{"self":[{"href":"https:\/\/www.dillerbottle.com\/de\/wp-json\/wp\/v2\/product\/2033","targetHints":{"allow":["GET"]}}],"collection":[{"href":"https:\/\/www.dillerbottle.com\/de\/wp-json\/wp\/v2\/product"}],"about":[{"href":"https:\/\/www.dillerbottle.com\/de\/wp-json\/wp\/v2\/types\/product"}],"replies":[{"embeddable":true,"href":"https:\/\/www.dillerbottle.com\/de\/wp-json\/wp\/v2\/comments?post=2033"}],"wp:featuredmedia":[{"embeddable":true,"href":"https:\/\/www.dillerbottle.com\/de\/wp-json\/wp\/v2\/media\/2034"}],"wp:attachment":[{"href":"https:\/\/www.dillerbottle.com\/de\/wp-json\/wp\/v2\/media?parent=2033"}],"wp:term":[{"taxonomy":"product_brand","embeddable":true,"href":"https:\/\/www.dillerbottle.com\/de\/wp-json\/wp\/v2\/product_brand?post=2033"},{"taxonomy":"product_cat","embeddable":true,"href":"https:\/\/www.dillerbottle.com\/de\/wp-json\/wp\/v2\/product_cat?post=2033"},{"taxonomy":"product_tag","embeddable":true,"href":"https:\/\/www.dillerbottle.com\/de\/wp-json\/wp\/v2\/product_tag?post=2033"}],"curies":[{"name":"wp","href":"https:\/\/api.w.org\/{rel}","templated":true}]}}