{"id":2069,"date":"2024-09-24T17:45:46","date_gmt":"2024-09-24T09:45:46","guid":{"rendered":"https:\/\/demo.dillerbottle.com\/product\/stainless-steel-mug"},"modified":"2026-02-11T16:11:03","modified_gmt":"2026-02-11T08:11:03","slug":"edelstahlbecher","status":"publish","type":"product","link":"https:\/\/www.dillerbottle.com\/de\/products\/stainless-steel-mug","title":{"rendered":"Becher aus rostfreiem Stahl"},"content":{"rendered":"<p>Merkmale:<\/p>\n<p>1. Der doppelwandige, isolierte Edelstahlbecher h\u00e4lt Wasser, Kaffee oder Tee \u00fcber 6 Stunden lang eiskalt oder hei\u00df.<\/p>\n<p>2. Der Edelstahlbecher ist aus lebensmittelechtem Edelstahl 316 gefertigt. Dank des vakuumisolierten Designs schwitzt dieser Edelstahlbecher nie. Die Pulverbeschichtung auf der Au\u00dfenseite liegt angenehmer in der Hand und ist rutschfest.<\/p>\n<p>3. Der Edelstahlbecher verf\u00fcgt \u00fcber einen bruchsicheren, kristallklaren Deckel. Niedlicher, staubdichter Strohhalmdeckel aus Silikon mit Panda-Motiv, praktisch und lustig.<\/p>\n<p>OEM und ODM akzeptabel.<br \/>\nWir k\u00f6nnen den Becher entsprechend Ihren Anforderungen anpassen.<br \/>\nWillkommen beim Gro\u00dfhandelskauf, senden Sie jetzt eine Anfrage!<\/p>","protected":false},"excerpt":{"rendered":"<p>Der doppelwandige, isolierte Edelstahlbecher h\u00e4lt Wasser, Kaffee oder Tee \u00fcber 6 Stunden lang eiskalt oder hei\u00df.<br \/>\nDer Edelstahlbecher ist aus lebensmittelechtem Edelstahl 316 gefertigt. Dank des vakuumisolierten Designs schwitzt dieser Edelstahlbecher nie. Die Pulverbeschichtung auf der Au\u00dfenseite liegt angenehmer in der Hand und ist rutschfest.<br \/>\nDer Edelstahlbecher verf\u00fcgt \u00fcber einen bruchsicheren, kristallklaren Deckel. Niedlicher, staubdichter Strohhalmverschluss aus Silikon mit Panda-Motiv, praktisch und lustig.<br \/>\nOEM und ODM akzeptabel.<\/p>","protected":false},"featured_media":15855,"comment_status":"open","ping_status":"closed","template":"","meta":{"_acf_changed":false},"product_brand":[],"product_cat":[46,18],"product_tag":[65],"class_list":{"0":"post-2069","1":"product","2":"type-product","3":"status-publish","4":"has-post-thumbnail","6":"product_cat-cup","7":"product_cat-insulated-water-bottle","8":"product_tag-stainless-steel-mug","10":"first","11":"instock","12":"shipping-taxable","13":"product-type-simple"},"acf":[],"yoast_head":"<!-- This site is optimized with the Yoast SEO Premium plugin v27.5 (Yoast SEO v27.5) - https:\/\/yoast.com\/product\/yoast-seo-premium-wordpress\/ -->\n<title>Stainless Steel Mug - Diller Water Bottle Manufacturer<\/title>\n<meta name=\"description\" content=\"Transform the way you drink with our innovative stainless steel mug! Keep your coffee hot and your hands cool with its comfortable grip.\" \/>\n<meta name=\"robots\" content=\"index, follow, max-snippet:-1, max-image-preview:large, max-video-preview:-1\" \/>\n<link rel=\"canonical\" href=\"https:\/\/www.dillerbottle.com\/de\/produkte\/edelstahlbecher\" \/>\n<meta property=\"og:locale\" content=\"de_DE\" \/>\n<meta property=\"og:type\" content=\"article\" \/>\n<meta property=\"og:title\" content=\"Stainless Steel Mug\" \/>\n<meta property=\"og:description\" content=\"Transform the way you drink with our innovative stainless steel mug! Keep your coffee hot and your hands cool with its comfortable grip.\" \/>\n<meta property=\"og:url\" content=\"https:\/\/www.dillerbottle.com\/de\/produkte\/edelstahlbecher\" \/>\n<meta property=\"og:site_name\" content=\"Diller Water Bottle Manufacturer\" \/>\n<meta property=\"article:modified_time\" content=\"2026-02-11T08:11:03+00:00\" \/>\n<meta property=\"og:image\" content=\"https:\/\/www.dillerbottle.com\/wp-content\/uploads\/2024\/09\/stainless-steel-mug-9205.jpg\" \/>\n\t<meta property=\"og:image:width\" content=\"800\" \/>\n\t<meta property=\"og:image:height\" content=\"800\" \/>\n\t<meta property=\"og:image:type\" content=\"image\/jpeg\" \/>\n<meta name=\"twitter:card\" content=\"summary_large_image\" \/>\n<meta name=\"twitter:label1\" content=\"Gesch\u00e4tzte Lesezeit\" \/>\n\t<meta name=\"twitter:data1\" content=\"3\u00a0Minuten\" \/>\n<script type=\"application\/ld+json\" class=\"yoast-schema-graph\">{\"@context\":\"https:\\\/\\\/schema.org\",\"@graph\":[{\"@type\":\"WebPage\",\"@id\":\"https:\\\/\\\/www.dillerbottle.com\\\/products\\\/stainless-steel-mug\",\"url\":\"https:\\\/\\\/www.dillerbottle.com\\\/products\\\/stainless-steel-mug\",\"name\":\"Stainless Steel Mug - Diller Water Bottle Manufacturer\",\"isPartOf\":{\"@id\":\"https:\\\/\\\/www.dillerbottle.com\\\/#website\"},\"primaryImageOfPage\":{\"@id\":\"https:\\\/\\\/www.dillerbottle.com\\\/products\\\/stainless-steel-mug#primaryimage\"},\"image\":{\"@id\":\"https:\\\/\\\/www.dillerbottle.com\\\/products\\\/stainless-steel-mug#primaryimage\"},\"thumbnailUrl\":\"https:\\\/\\\/www.dillerbottle.com\\\/wp-content\\\/uploads\\\/2024\\\/09\\\/stainless-steel-mug-9205.jpg\",\"datePublished\":\"2024-09-24T09:45:46+00:00\",\"dateModified\":\"2026-02-11T08:11:03+00:00\",\"description\":\"Transform the way you drink with our innovative stainless steel mug! Keep your coffee hot and your hands cool with its comfortable grip.\",\"breadcrumb\":{\"@id\":\"https:\\\/\\\/www.dillerbottle.com\\\/products\\\/stainless-steel-mug#breadcrumb\"},\"inLanguage\":\"de\",\"potentialAction\":[{\"@type\":\"ReadAction\",\"target\":[\"https:\\\/\\\/www.dillerbottle.com\\\/products\\\/stainless-steel-mug\"]}]},{\"@type\":\"ImageObject\",\"inLanguage\":\"de\",\"@id\":\"https:\\\/\\\/www.dillerbottle.com\\\/products\\\/stainless-steel-mug#primaryimage\",\"url\":\"https:\\\/\\\/www.dillerbottle.com\\\/wp-content\\\/uploads\\\/2024\\\/09\\\/stainless-steel-mug-9205.jpg\",\"contentUrl\":\"https:\\\/\\\/www.dillerbottle.com\\\/wp-content\\\/uploads\\\/2024\\\/09\\\/stainless-steel-mug-9205.jpg\",\"width\":800,\"height\":800},{\"@type\":\"BreadcrumbList\",\"@id\":\"https:\\\/\\\/www.dillerbottle.com\\\/products\\\/stainless-steel-mug#breadcrumb\",\"itemListElement\":[{\"@type\":\"ListItem\",\"position\":1,\"name\":\"Home\",\"item\":\"https:\\\/\\\/www.dillerbottle.com\\\/\"},{\"@type\":\"ListItem\",\"position\":2,\"name\":\"Products\",\"item\":\"https:\\\/\\\/www.dillerbottle.com\\\/shop\"},{\"@type\":\"ListItem\",\"position\":3,\"name\":\"Stainless Steel Mug\"}]},{\"@type\":\"WebSite\",\"@id\":\"https:\\\/\\\/www.dillerbottle.com\\\/#website\",\"url\":\"https:\\\/\\\/www.dillerbottle.com\\\/\",\"name\":\"Diller Water Bottle Manufacturer\",\"description\":\"Water Bottle Manufacturer\",\"publisher\":{\"@id\":\"https:\\\/\\\/www.dillerbottle.com\\\/#organization\"},\"potentialAction\":[{\"@type\":\"SearchAction\",\"target\":{\"@type\":\"EntryPoint\",\"urlTemplate\":\"https:\\\/\\\/www.dillerbottle.com\\\/?s={search_term_string}\"},\"query-input\":{\"@type\":\"PropertyValueSpecification\",\"valueRequired\":true,\"valueName\":\"search_term_string\"}}],\"inLanguage\":\"de\"},{\"@type\":\"Organization\",\"@id\":\"https:\\\/\\\/www.dillerbottle.com\\\/#organization\",\"name\":\"Diller Water Bottle Manufacturer\",\"url\":\"https:\\\/\\\/www.dillerbottle.com\\\/\",\"logo\":{\"@type\":\"ImageObject\",\"inLanguage\":\"de\",\"@id\":\"https:\\\/\\\/www.dillerbottle.com\\\/#\\\/schema\\\/logo\\\/image\\\/\",\"url\":\"https:\\\/\\\/www.dillerbottle.com\\\/wp-content\\\/uploads\\\/2024\\\/09\\\/49918bfa848dcc1e9f8b509933603ac.png\",\"contentUrl\":\"https:\\\/\\\/www.dillerbottle.com\\\/wp-content\\\/uploads\\\/2024\\\/09\\\/49918bfa848dcc1e9f8b509933603ac.png\",\"width\":988,\"height\":198,\"caption\":\"Diller Water Bottle Manufacturer\"},\"image\":{\"@id\":\"https:\\\/\\\/www.dillerbottle.com\\\/#\\\/schema\\\/logo\\\/image\\\/\"}}]}<\/script>\n<!-- \/ Yoast SEO Premium plugin. -->","yoast_head_json":{"title":"Edelstahlbecher - Diller Wasserflaschenhersteller","description":"Ver\u00e4ndern Sie Ihre Trinkgewohnheiten mit unserem innovativen Becher aus Edelstahl! Halten Sie Ihren Kaffee hei\u00df und Ihre H\u00e4nde k\u00fchl mit seinem bequemen Griff.","robots":{"index":"index","follow":"follow","max-snippet":"max-snippet:-1","max-image-preview":"max-image-preview:large","max-video-preview":"max-video-preview:-1"},"canonical":"https:\/\/www.dillerbottle.com\/de\/produkte\/edelstahlbecher","og_locale":"de_DE","og_type":"article","og_title":"Stainless Steel Mug","og_description":"Transform the way you drink with our innovative stainless steel mug! Keep your coffee hot and your hands cool with its comfortable grip.","og_url":"https:\/\/www.dillerbottle.com\/de\/produkte\/edelstahlbecher","og_site_name":"Diller Water Bottle Manufacturer","article_modified_time":"2026-02-11T08:11:03+00:00","og_image":[{"width":800,"height":800,"url":"https:\/\/www.dillerbottle.com\/wp-content\/uploads\/2024\/09\/stainless-steel-mug-9205.jpg","type":"image\/jpeg"}],"twitter_card":"summary_large_image","twitter_misc":{"Gesch\u00e4tzte Lesezeit":"3\u00a0Minuten"},"schema":{"@context":"https:\/\/schema.org","@graph":[{"@type":"WebPage","@id":"https:\/\/www.dillerbottle.com\/products\/stainless-steel-mug","url":"https:\/\/www.dillerbottle.com\/products\/stainless-steel-mug","name":"Edelstahlbecher - Diller Wasserflaschenhersteller","isPartOf":{"@id":"https:\/\/www.dillerbottle.com\/#website"},"primaryImageOfPage":{"@id":"https:\/\/www.dillerbottle.com\/products\/stainless-steel-mug#primaryimage"},"image":{"@id":"https:\/\/www.dillerbottle.com\/products\/stainless-steel-mug#primaryimage"},"thumbnailUrl":"https:\/\/www.dillerbottle.com\/wp-content\/uploads\/2024\/09\/stainless-steel-mug-9205.jpg","datePublished":"2024-09-24T09:45:46+00:00","dateModified":"2026-02-11T08:11:03+00:00","description":"Ver\u00e4ndern Sie Ihre Trinkgewohnheiten mit unserem innovativen Becher aus Edelstahl! Halten Sie Ihren Kaffee hei\u00df und Ihre H\u00e4nde k\u00fchl mit seinem bequemen Griff.","breadcrumb":{"@id":"https:\/\/www.dillerbottle.com\/products\/stainless-steel-mug#breadcrumb"},"inLanguage":"de","potentialAction":[{"@type":"ReadAction","target":["https:\/\/www.dillerbottle.com\/products\/stainless-steel-mug"]}]},{"@type":"ImageObject","inLanguage":"de","@id":"https:\/\/www.dillerbottle.com\/products\/stainless-steel-mug#primaryimage","url":"https:\/\/www.dillerbottle.com\/wp-content\/uploads\/2024\/09\/stainless-steel-mug-9205.jpg","contentUrl":"https:\/\/www.dillerbottle.com\/wp-content\/uploads\/2024\/09\/stainless-steel-mug-9205.jpg","width":800,"height":800},{"@type":"BreadcrumbList","@id":"https:\/\/www.dillerbottle.com\/products\/stainless-steel-mug#breadcrumb","itemListElement":[{"@type":"ListItem","position":1,"name":"Home","item":"https:\/\/www.dillerbottle.com\/"},{"@type":"ListItem","position":2,"name":"Products","item":"https:\/\/www.dillerbottle.com\/shop"},{"@type":"ListItem","position":3,"name":"Stainless Steel Mug"}]},{"@type":"WebSite","@id":"https:\/\/www.dillerbottle.com\/#website","url":"https:\/\/www.dillerbottle.com\/","name":"Diller Wasserflaschenhersteller","description":"Wasserflaschenhersteller","publisher":{"@id":"https:\/\/www.dillerbottle.com\/#organization"},"potentialAction":[{"@type":"SearchAction","target":{"@type":"EntryPoint","urlTemplate":"https:\/\/www.dillerbottle.com\/?s={search_term_string}"},"query-input":{"@type":"PropertyValueSpecification","valueRequired":true,"valueName":"search_term_string"}}],"inLanguage":"de"},{"@type":"Organization","@id":"https:\/\/www.dillerbottle.com\/#organization","name":"Diller Wasserflaschenhersteller","url":"https:\/\/www.dillerbottle.com\/","logo":{"@type":"ImageObject","inLanguage":"de","@id":"https:\/\/www.dillerbottle.com\/#\/schema\/logo\/image\/","url":"https:\/\/www.dillerbottle.com\/wp-content\/uploads\/2024\/09\/49918bfa848dcc1e9f8b509933603ac.png","contentUrl":"https:\/\/www.dillerbottle.com\/wp-content\/uploads\/2024\/09\/49918bfa848dcc1e9f8b509933603ac.png","width":988,"height":198,"caption":"Diller Water Bottle Manufacturer"},"image":{"@id":"https:\/\/www.dillerbottle.com\/#\/schema\/logo\/image\/"}}]}},"_links":{"self":[{"href":"https:\/\/www.dillerbottle.com\/de\/wp-json\/wp\/v2\/product\/2069","targetHints":{"allow":["GET"]}}],"collection":[{"href":"https:\/\/www.dillerbottle.com\/de\/wp-json\/wp\/v2\/product"}],"about":[{"href":"https:\/\/www.dillerbottle.com\/de\/wp-json\/wp\/v2\/types\/product"}],"replies":[{"embeddable":true,"href":"https:\/\/www.dillerbottle.com\/de\/wp-json\/wp\/v2\/comments?post=2069"}],"wp:featuredmedia":[{"embeddable":true,"href":"https:\/\/www.dillerbottle.com\/de\/wp-json\/wp\/v2\/media\/15855"}],"wp:attachment":[{"href":"https:\/\/www.dillerbottle.com\/de\/wp-json\/wp\/v2\/media?parent=2069"}],"wp:term":[{"taxonomy":"product_brand","embeddable":true,"href":"https:\/\/www.dillerbottle.com\/de\/wp-json\/wp\/v2\/product_brand?post=2069"},{"taxonomy":"product_cat","embeddable":true,"href":"https:\/\/www.dillerbottle.com\/de\/wp-json\/wp\/v2\/product_cat?post=2069"},{"taxonomy":"product_tag","embeddable":true,"href":"https:\/\/www.dillerbottle.com\/de\/wp-json\/wp\/v2\/product_tag?post=2069"}],"curies":[{"name":"wp","href":"https:\/\/api.w.org\/{rel}","templated":true}]}}