{"id":2419,"date":"2024-09-25T16:45:06","date_gmt":"2024-09-25T08:45:06","guid":{"rendered":"https:\/\/demo.dillerbottle.com\/uncategorized\/baby-milk-bottle-with-handle"},"modified":"2025-07-10T15:55:10","modified_gmt":"2025-07-10T07:55:10","slug":"babymilchflasche-mit-henkel","status":"publish","type":"product","link":"https:\/\/www.dillerbottle.com\/de\/products\/baby-milk-bottle-with-handle","title":{"rendered":"Babymilchflasche mit Griff"},"content":{"rendered":"<p>Merkmale der Baby-Milchflasche mit Griff:<br \/>\n1. Baby-Milchflasche ist aus ultra-haltbaren, leichten PPSU gemacht. Die Baby-Milchflasche verf\u00fcgt \u00fcber abnehmbare Griffe, einen tropffreien Sauger und einen auslaufsicheren Silikonauslauf und w\u00e4chst mit Ihrem Baby von der Geburt bis zum Kleinkind.<\/p>\n<p>2. Baby-Milchflasche; mit ergonomischen, leicht zu haltenden Griffen.<\/p>\n<p>3. die F\u00fcllstandsmarkierung auf der Flasche zeigt Ihnen an, wie viel Fl\u00fcssigkeit Ihr Baby getrunken hat.<\/p>\n<p>4.;Die Flasche Strohhalm ist mit einem Ball Schwerkraft, egal wie das Baby bewegt, kann es leicht trinken die Fl\u00fcssigkeit aus jedem Winkel.<br \/>\n5. 300ML Kapazit\u00e4t Baby-Milchflasche mit; lebendige und sch\u00f6ne Koala geformte Tasse Abdeckung kann die Aufmerksamkeit des Babys zu gewinnen und machen das Baby es lieben.<\/p>","protected":false},"excerpt":{"rendered":"<p>Merkmale der Baby-Milchflasche mit Griff: 1.<br \/>\nDie Babymilchflasche ist aus ultra-robustem, leichtem PPSU gefertigt.<br \/>\nDie Baby-Milchflasche mit abnehmbaren Griffen, tropffreiem Sauger und auslaufsicherem Silikonauslauf w\u00e4chst mit Ihrem Baby von der Geburt bis zum Kleinkind mit.<br \/>\n2.<br \/>\nBaby-Milchflasche mit ergonomischer, leicht zu...<\/p>","protected":false},"featured_media":2420,"comment_status":"open","ping_status":"closed","template":"","meta":{"_acf_changed":false},"product_brand":[],"product_cat":[77],"product_tag":[86,32,36,33,31,39,38,29,37,34,35,28,30],"class_list":{"0":"post-2419","1":"product","2":"type-product","3":"status-publish","4":"has-post-thumbnail","6":"product_cat-baby-bottles","7":"product_tag-baby-milk-bottle-with-handle","8":"product_tag-best","9":"product_tag-bulk","10":"product_tag-buy","11":"product_tag-custom","12":"product_tag-for-sale","13":"product_tag-good-quality","14":"product_tag-manufacturers","15":"product_tag-manufacturing","16":"product_tag-price","17":"product_tag-small","18":"product_tag-suppliers","19":"product_tag-wholesale","21":"first","22":"instock","23":"shipping-taxable","24":"product-type-simple"},"acf":[],"yoast_head":"<!-- This site is optimized with the Yoast SEO Premium plugin v27.5 (Yoast SEO v27.5) - https:\/\/yoast.com\/product\/yoast-seo-premium-wordpress\/ -->\n<title>Baby Milk Bottle With Handle - Diller Water Bottle Manufacturer<\/title>\n<meta name=\"description\" content=\"As one of the best baby milk bottle with handle manufacturers and suppliers, we are engaged in manufacturing good quality water bottles. We warmly welcome you to wholesale or buy custom made baby milk bottle with handle at competitive price from us. Also, small quantity orders are acceptable.\" \/>\n<meta name=\"robots\" content=\"index, follow, max-snippet:-1, max-image-preview:large, max-video-preview:-1\" \/>\n<link rel=\"canonical\" href=\"https:\/\/www.dillerbottle.com\/de\/produkte\/babymilchflasche-mit-henkel\" \/>\n<meta property=\"og:locale\" content=\"de_DE\" \/>\n<meta property=\"og:type\" content=\"article\" \/>\n<meta property=\"og:title\" content=\"Baby Milk Bottle With Handle\" \/>\n<meta property=\"og:description\" content=\"As one of the best baby milk bottle with handle manufacturers and suppliers, we are engaged in manufacturing good quality water bottles. We warmly welcome you to wholesale or buy custom made baby milk bottle with handle at competitive price from us. Also, small quantity orders are acceptable.\" \/>\n<meta property=\"og:url\" content=\"https:\/\/www.dillerbottle.com\/de\/produkte\/babymilchflasche-mit-henkel\" \/>\n<meta property=\"og:site_name\" content=\"Diller Water Bottle Manufacturer\" \/>\n<meta property=\"article:modified_time\" content=\"2025-07-10T07:55:10+00:00\" \/>\n<meta property=\"og:image\" content=\"https:\/\/www.dillerbottle.com\/wp-content\/uploads\/2024\/09\/baby-milk-bottle-with-handle35004044632.jpg\" \/>\n\t<meta property=\"og:image:width\" content=\"730\" \/>\n\t<meta property=\"og:image:height\" content=\"730\" \/>\n\t<meta property=\"og:image:type\" content=\"image\/jpeg\" \/>\n<meta name=\"twitter:card\" content=\"summary_large_image\" \/>\n<meta name=\"twitter:label1\" content=\"Gesch\u00e4tzte Lesezeit\" \/>\n\t<meta name=\"twitter:data1\" content=\"3\u00a0Minuten\" \/>\n<script type=\"application\/ld+json\" class=\"yoast-schema-graph\">{\"@context\":\"https:\\\/\\\/schema.org\",\"@graph\":[{\"@type\":\"WebPage\",\"@id\":\"https:\\\/\\\/www.dillerbottle.com\\\/tr\\\/urunler\\\/sapli-bebek-sut-sisesi\",\"url\":\"https:\\\/\\\/www.dillerbottle.com\\\/tr\\\/urunler\\\/sapli-bebek-sut-sisesi\",\"name\":\"Baby Milk Bottle With Handle - Diller Water Bottle Manufacturer\",\"isPartOf\":{\"@id\":\"https:\\\/\\\/www.dillerbottle.com\\\/#website\"},\"primaryImageOfPage\":{\"@id\":\"https:\\\/\\\/www.dillerbottle.com\\\/tr\\\/urunler\\\/sapli-bebek-sut-sisesi#primaryimage\"},\"image\":{\"@id\":\"https:\\\/\\\/www.dillerbottle.com\\\/tr\\\/urunler\\\/sapli-bebek-sut-sisesi#primaryimage\"},\"thumbnailUrl\":\"https:\\\/\\\/www.dillerbottle.com\\\/wp-content\\\/uploads\\\/2024\\\/09\\\/baby-milk-bottle-with-handle35004044632.jpg\",\"datePublished\":\"2024-09-25T08:45:06+00:00\",\"dateModified\":\"2025-07-10T07:55:10+00:00\",\"description\":\"As one of the best baby milk bottle with handle manufacturers and suppliers, we are engaged in manufacturing good quality water bottles. We warmly welcome you to wholesale or buy custom made baby milk bottle with handle at competitive price from us. Also, small quantity orders are acceptable.\",\"breadcrumb\":{\"@id\":\"https:\\\/\\\/www.dillerbottle.com\\\/tr\\\/urunler\\\/sapli-bebek-sut-sisesi#breadcrumb\"},\"inLanguage\":\"de\",\"potentialAction\":[{\"@type\":\"ReadAction\",\"target\":[\"https:\\\/\\\/www.dillerbottle.com\\\/tr\\\/urunler\\\/sapli-bebek-sut-sisesi\"]}]},{\"@type\":\"ImageObject\",\"inLanguage\":\"de\",\"@id\":\"https:\\\/\\\/www.dillerbottle.com\\\/tr\\\/urunler\\\/sapli-bebek-sut-sisesi#primaryimage\",\"url\":\"https:\\\/\\\/www.dillerbottle.com\\\/wp-content\\\/uploads\\\/2024\\\/09\\\/baby-milk-bottle-with-handle35004044632.jpg\",\"contentUrl\":\"https:\\\/\\\/www.dillerbottle.com\\\/wp-content\\\/uploads\\\/2024\\\/09\\\/baby-milk-bottle-with-handle35004044632.jpg\",\"width\":730,\"height\":730},{\"@type\":\"BreadcrumbList\",\"@id\":\"https:\\\/\\\/www.dillerbottle.com\\\/tr\\\/urunler\\\/sapli-bebek-sut-sisesi#breadcrumb\",\"itemListElement\":[{\"@type\":\"ListItem\",\"position\":1,\"name\":\"Home\",\"item\":\"https:\\\/\\\/www.dillerbottle.com\\\/\"},{\"@type\":\"ListItem\",\"position\":2,\"name\":\"Products\",\"item\":\"https:\\\/\\\/www.dillerbottle.com\\\/shop\"},{\"@type\":\"ListItem\",\"position\":3,\"name\":\"Baby Milk Bottle With Handle\"}]},{\"@type\":\"WebSite\",\"@id\":\"https:\\\/\\\/www.dillerbottle.com\\\/#website\",\"url\":\"https:\\\/\\\/www.dillerbottle.com\\\/\",\"name\":\"Diller Water Bottle Manufacturer\",\"description\":\"Water Bottle Manufacturer\",\"publisher\":{\"@id\":\"https:\\\/\\\/www.dillerbottle.com\\\/#organization\"},\"potentialAction\":[{\"@type\":\"SearchAction\",\"target\":{\"@type\":\"EntryPoint\",\"urlTemplate\":\"https:\\\/\\\/www.dillerbottle.com\\\/?s={search_term_string}\"},\"query-input\":{\"@type\":\"PropertyValueSpecification\",\"valueRequired\":true,\"valueName\":\"search_term_string\"}}],\"inLanguage\":\"de\"},{\"@type\":\"Organization\",\"@id\":\"https:\\\/\\\/www.dillerbottle.com\\\/#organization\",\"name\":\"Diller Water Bottle Manufacturer\",\"url\":\"https:\\\/\\\/www.dillerbottle.com\\\/\",\"logo\":{\"@type\":\"ImageObject\",\"inLanguage\":\"de\",\"@id\":\"https:\\\/\\\/www.dillerbottle.com\\\/#\\\/schema\\\/logo\\\/image\\\/\",\"url\":\"https:\\\/\\\/www.dillerbottle.com\\\/wp-content\\\/uploads\\\/2024\\\/09\\\/49918bfa848dcc1e9f8b509933603ac.png\",\"contentUrl\":\"https:\\\/\\\/www.dillerbottle.com\\\/wp-content\\\/uploads\\\/2024\\\/09\\\/49918bfa848dcc1e9f8b509933603ac.png\",\"width\":988,\"height\":198,\"caption\":\"Diller Water Bottle Manufacturer\"},\"image\":{\"@id\":\"https:\\\/\\\/www.dillerbottle.com\\\/#\\\/schema\\\/logo\\\/image\\\/\"}}]}<\/script>\n<!-- \/ Yoast SEO Premium plugin. -->","yoast_head_json":{"title":"Baby-Milchflasche mit Henkel - Diller Wasserflasche Hersteller","description":"Als einer der besten Baby-Milchflasche mit Griff Hersteller und Lieferanten, sind wir in der Herstellung guter Qualit\u00e4t Wasserflaschen besch\u00e4ftigt. Wir hei\u00dfen Sie herzlich willkommen, Gro\u00dfhandel oder kaufen ma\u00dfgeschneiderte Baby-Milchflasche mit Griff zu wettbewerbsf\u00e4higen Preisen von uns. Auch kleine Menge Bestellungen sind akzeptabel.","robots":{"index":"index","follow":"follow","max-snippet":"max-snippet:-1","max-image-preview":"max-image-preview:large","max-video-preview":"max-video-preview:-1"},"canonical":"https:\/\/www.dillerbottle.com\/de\/produkte\/babymilchflasche-mit-henkel","og_locale":"de_DE","og_type":"article","og_title":"Baby Milk Bottle With Handle","og_description":"As one of the best baby milk bottle with handle manufacturers and suppliers, we are engaged in manufacturing good quality water bottles. We warmly welcome you to wholesale or buy custom made baby milk bottle with handle at competitive price from us. Also, small quantity orders are acceptable.","og_url":"https:\/\/www.dillerbottle.com\/de\/produkte\/babymilchflasche-mit-henkel","og_site_name":"Diller Water Bottle Manufacturer","article_modified_time":"2025-07-10T07:55:10+00:00","og_image":[{"width":730,"height":730,"url":"https:\/\/www.dillerbottle.com\/wp-content\/uploads\/2024\/09\/baby-milk-bottle-with-handle35004044632.jpg","type":"image\/jpeg"}],"twitter_card":"summary_large_image","twitter_misc":{"Gesch\u00e4tzte Lesezeit":"3\u00a0Minuten"},"schema":{"@context":"https:\/\/schema.org","@graph":[{"@type":"WebPage","@id":"https:\/\/www.dillerbottle.com\/tr\/urunler\/sapli-bebek-sut-sisesi","url":"https:\/\/www.dillerbottle.com\/tr\/urunler\/sapli-bebek-sut-sisesi","name":"Baby-Milchflasche mit Henkel - Diller Wasserflasche Hersteller","isPartOf":{"@id":"https:\/\/www.dillerbottle.com\/#website"},"primaryImageOfPage":{"@id":"https:\/\/www.dillerbottle.com\/tr\/urunler\/sapli-bebek-sut-sisesi#primaryimage"},"image":{"@id":"https:\/\/www.dillerbottle.com\/tr\/urunler\/sapli-bebek-sut-sisesi#primaryimage"},"thumbnailUrl":"https:\/\/www.dillerbottle.com\/wp-content\/uploads\/2024\/09\/baby-milk-bottle-with-handle35004044632.jpg","datePublished":"2024-09-25T08:45:06+00:00","dateModified":"2025-07-10T07:55:10+00:00","description":"Als einer der besten Baby-Milchflasche mit Griff Hersteller und Lieferanten, sind wir in der Herstellung guter Qualit\u00e4t Wasserflaschen besch\u00e4ftigt. Wir hei\u00dfen Sie herzlich willkommen, Gro\u00dfhandel oder kaufen ma\u00dfgeschneiderte Baby-Milchflasche mit Griff zu wettbewerbsf\u00e4higen Preisen von uns. Auch kleine Menge Bestellungen sind akzeptabel.","breadcrumb":{"@id":"https:\/\/www.dillerbottle.com\/tr\/urunler\/sapli-bebek-sut-sisesi#breadcrumb"},"inLanguage":"de","potentialAction":[{"@type":"ReadAction","target":["https:\/\/www.dillerbottle.com\/tr\/urunler\/sapli-bebek-sut-sisesi"]}]},{"@type":"ImageObject","inLanguage":"de","@id":"https:\/\/www.dillerbottle.com\/tr\/urunler\/sapli-bebek-sut-sisesi#primaryimage","url":"https:\/\/www.dillerbottle.com\/wp-content\/uploads\/2024\/09\/baby-milk-bottle-with-handle35004044632.jpg","contentUrl":"https:\/\/www.dillerbottle.com\/wp-content\/uploads\/2024\/09\/baby-milk-bottle-with-handle35004044632.jpg","width":730,"height":730},{"@type":"BreadcrumbList","@id":"https:\/\/www.dillerbottle.com\/tr\/urunler\/sapli-bebek-sut-sisesi#breadcrumb","itemListElement":[{"@type":"ListItem","position":1,"name":"Home","item":"https:\/\/www.dillerbottle.com\/"},{"@type":"ListItem","position":2,"name":"Products","item":"https:\/\/www.dillerbottle.com\/shop"},{"@type":"ListItem","position":3,"name":"Baby Milk Bottle With Handle"}]},{"@type":"WebSite","@id":"https:\/\/www.dillerbottle.com\/#website","url":"https:\/\/www.dillerbottle.com\/","name":"Diller Wasserflaschenhersteller","description":"Wasserflaschenhersteller","publisher":{"@id":"https:\/\/www.dillerbottle.com\/#organization"},"potentialAction":[{"@type":"SearchAction","target":{"@type":"EntryPoint","urlTemplate":"https:\/\/www.dillerbottle.com\/?s={search_term_string}"},"query-input":{"@type":"PropertyValueSpecification","valueRequired":true,"valueName":"search_term_string"}}],"inLanguage":"de"},{"@type":"Organization","@id":"https:\/\/www.dillerbottle.com\/#organization","name":"Diller Wasserflaschenhersteller","url":"https:\/\/www.dillerbottle.com\/","logo":{"@type":"ImageObject","inLanguage":"de","@id":"https:\/\/www.dillerbottle.com\/#\/schema\/logo\/image\/","url":"https:\/\/www.dillerbottle.com\/wp-content\/uploads\/2024\/09\/49918bfa848dcc1e9f8b509933603ac.png","contentUrl":"https:\/\/www.dillerbottle.com\/wp-content\/uploads\/2024\/09\/49918bfa848dcc1e9f8b509933603ac.png","width":988,"height":198,"caption":"Diller Water Bottle Manufacturer"},"image":{"@id":"https:\/\/www.dillerbottle.com\/#\/schema\/logo\/image\/"}}]}},"_links":{"self":[{"href":"https:\/\/www.dillerbottle.com\/de\/wp-json\/wp\/v2\/product\/2419","targetHints":{"allow":["GET"]}}],"collection":[{"href":"https:\/\/www.dillerbottle.com\/de\/wp-json\/wp\/v2\/product"}],"about":[{"href":"https:\/\/www.dillerbottle.com\/de\/wp-json\/wp\/v2\/types\/product"}],"replies":[{"embeddable":true,"href":"https:\/\/www.dillerbottle.com\/de\/wp-json\/wp\/v2\/comments?post=2419"}],"wp:featuredmedia":[{"embeddable":true,"href":"https:\/\/www.dillerbottle.com\/de\/wp-json\/wp\/v2\/media\/2420"}],"wp:attachment":[{"href":"https:\/\/www.dillerbottle.com\/de\/wp-json\/wp\/v2\/media?parent=2419"}],"wp:term":[{"taxonomy":"product_brand","embeddable":true,"href":"https:\/\/www.dillerbottle.com\/de\/wp-json\/wp\/v2\/product_brand?post=2419"},{"taxonomy":"product_cat","embeddable":true,"href":"https:\/\/www.dillerbottle.com\/de\/wp-json\/wp\/v2\/product_cat?post=2419"},{"taxonomy":"product_tag","embeddable":true,"href":"https:\/\/www.dillerbottle.com\/de\/wp-json\/wp\/v2\/product_tag?post=2419"}],"curies":[{"name":"wp","href":"https:\/\/api.w.org\/{rel}","templated":true}]}}