{"id":2613,"date":"2024-09-25T16:47:07","date_gmt":"2024-09-25T08:47:07","guid":{"rendered":"https:\/\/demo.dillerbottle.com\/uncategorized\/newborn-baby-bottles"},"modified":"2025-07-10T15:44:44","modified_gmt":"2025-07-10T07:44:44","slug":"babyflaschen-fur-neugeborene","status":"publish","type":"product","link":"https:\/\/www.dillerbottle.com\/de\/products\/newborn-baby-bottles","title":{"rendered":"Babyflaschen f\u00fcr Neugeborene"},"content":{"rendered":"<p>1. Die Babyflasche f\u00fcr Neugeborene mit einem Sauger aus nat\u00fcrlichem, weichem, lebensmittelechtem Silikon erm\u00f6glicht dem Baby dieselben nat\u00fcrlichen F\u00fctterungsbewegungen, die gestillte Babys beim Stillen lernen.<br \/>\n2. Doppelte Anti-Kolik-Bel\u00fcftungs\u00f6ffnungen verhindern ungewollte Luftzufuhr und reduzieren Koliken.<br \/>\n3. Sicheres Material PPSU, BPA-frei, ungiftig und geruchlos, hochtemperaturbest\u00e4ndig bis 180 Grad.<br \/>\n4.Inklusive hygienischer Schutzkappe und tragbarem Griff.<\/p>","protected":false},"excerpt":{"rendered":"<p>Funktionen: 1. Die Babyflasche f\u00fcr Neugeborene mit nat\u00fcrlichem, weichem Sauger aus lebensmittelechtem Silikon erm\u00f6glicht dem Baby dieselben nat\u00fcrlichen F\u00fctterungsbewegungen, die gestillte Babys beim Stillen lernen.<br \/>\n2. Doppelte Anti-Kolik-Bel\u00fcftungs\u00f6ffnungen verhindern ungewollte Luftzufuhr und reduzieren Koliken.<br \/>\n3. Sicheres Material PPSU, BPA-frei, ungiftig und\u2026<\/p>","protected":false},"featured_media":2614,"comment_status":"open","ping_status":"closed","template":"","meta":{"_acf_changed":false},"product_brand":[],"product_cat":[77],"product_tag":[32,36,33,31,39,38,29,37,105,34,35,28,30],"class_list":{"0":"post-2613","1":"product","2":"type-product","3":"status-publish","4":"has-post-thumbnail","6":"product_cat-baby-bottles","7":"product_tag-best","8":"product_tag-bulk","9":"product_tag-buy","10":"product_tag-custom","11":"product_tag-for-sale","12":"product_tag-good-quality","13":"product_tag-manufacturers","14":"product_tag-manufacturing","15":"product_tag-newborn-baby-bottles","16":"product_tag-price","17":"product_tag-small","18":"product_tag-suppliers","19":"product_tag-wholesale","21":"first","22":"instock","23":"shipping-taxable","24":"product-type-simple"},"acf":[],"yoast_head":"<!-- This site is optimized with the Yoast SEO Premium plugin v27.5 (Yoast SEO v27.5) - https:\/\/yoast.com\/product\/yoast-seo-premium-wordpress\/ -->\n<title>Newborn Baby Bottles - Diller Water Bottle Manufacturer<\/title>\n<meta name=\"description\" content=\"As one of the best newborn baby bottles manufacturers and suppliers, we are engaged in manufacturing good quality water bottles. We warmly welcome you to wholesale or buy custom made newborn baby bottles at competitive price from us. Also, small quantity orders are acceptable.\" \/>\n<meta name=\"robots\" content=\"index, follow, max-snippet:-1, max-image-preview:large, max-video-preview:-1\" \/>\n<link rel=\"canonical\" href=\"https:\/\/www.dillerbottle.com\/de\/produkte\/babyflaschen-fur-neugeborene\" \/>\n<meta property=\"og:locale\" content=\"de_DE\" \/>\n<meta property=\"og:type\" content=\"article\" \/>\n<meta property=\"og:title\" content=\"Newborn Baby Bottles\" \/>\n<meta property=\"og:description\" content=\"As one of the best newborn baby bottles manufacturers and suppliers, we are engaged in manufacturing good quality water bottles. We warmly welcome you to wholesale or buy custom made newborn baby bottles at competitive price from us. Also, small quantity orders are acceptable.\" \/>\n<meta property=\"og:url\" content=\"https:\/\/www.dillerbottle.com\/de\/produkte\/babyflaschen-fur-neugeborene\" \/>\n<meta property=\"og:site_name\" content=\"Diller Water Bottle Manufacturer\" \/>\n<meta property=\"article:modified_time\" content=\"2025-07-10T07:44:44+00:00\" \/>\n<meta property=\"og:image\" content=\"https:\/\/www.dillerbottle.com\/wp-content\/uploads\/2024\/09\/newborn-baby-bottles29522233028.jpg\" \/>\n\t<meta property=\"og:image:width\" content=\"730\" \/>\n\t<meta property=\"og:image:height\" content=\"730\" \/>\n\t<meta property=\"og:image:type\" content=\"image\/jpeg\" \/>\n<meta name=\"twitter:card\" content=\"summary_large_image\" \/>\n<meta name=\"twitter:label1\" content=\"Gesch\u00e4tzte Lesezeit\" \/>\n\t<meta name=\"twitter:data1\" content=\"2\u00a0Minuten\" \/>\n<script type=\"application\/ld+json\" class=\"yoast-schema-graph\">{\"@context\":\"https:\\\/\\\/schema.org\",\"@graph\":[{\"@type\":\"WebPage\",\"@id\":\"https:\\\/\\\/www.dillerbottle.com\\\/ja\\\/%e8%a3%bd%e5%93%81\\\/%e6%96%b0%e7%94%9f%e5%85%90%e7%94%a8%e5%93%ba%e4%b9%b3%e7%93%b6\",\"url\":\"https:\\\/\\\/www.dillerbottle.com\\\/ja\\\/%e8%a3%bd%e5%93%81\\\/%e6%96%b0%e7%94%9f%e5%85%90%e7%94%a8%e5%93%ba%e4%b9%b3%e7%93%b6\",\"name\":\"Newborn Baby Bottles - Diller Water Bottle Manufacturer\",\"isPartOf\":{\"@id\":\"https:\\\/\\\/www.dillerbottle.com\\\/#website\"},\"primaryImageOfPage\":{\"@id\":\"https:\\\/\\\/www.dillerbottle.com\\\/ja\\\/%e8%a3%bd%e5%93%81\\\/%e6%96%b0%e7%94%9f%e5%85%90%e7%94%a8%e5%93%ba%e4%b9%b3%e7%93%b6#primaryimage\"},\"image\":{\"@id\":\"https:\\\/\\\/www.dillerbottle.com\\\/ja\\\/%e8%a3%bd%e5%93%81\\\/%e6%96%b0%e7%94%9f%e5%85%90%e7%94%a8%e5%93%ba%e4%b9%b3%e7%93%b6#primaryimage\"},\"thumbnailUrl\":\"https:\\\/\\\/www.dillerbottle.com\\\/wp-content\\\/uploads\\\/2024\\\/09\\\/newborn-baby-bottles29522233028.jpg\",\"datePublished\":\"2024-09-25T08:47:07+00:00\",\"dateModified\":\"2025-07-10T07:44:44+00:00\",\"description\":\"As one of the best newborn baby bottles manufacturers and suppliers, we are engaged in manufacturing good quality water bottles. We warmly welcome you to wholesale or buy custom made newborn baby bottles at competitive price from us. Also, small quantity orders are acceptable.\",\"breadcrumb\":{\"@id\":\"https:\\\/\\\/www.dillerbottle.com\\\/ja\\\/%e8%a3%bd%e5%93%81\\\/%e6%96%b0%e7%94%9f%e5%85%90%e7%94%a8%e5%93%ba%e4%b9%b3%e7%93%b6#breadcrumb\"},\"inLanguage\":\"de\",\"potentialAction\":[{\"@type\":\"ReadAction\",\"target\":[\"https:\\\/\\\/www.dillerbottle.com\\\/ja\\\/%e8%a3%bd%e5%93%81\\\/%e6%96%b0%e7%94%9f%e5%85%90%e7%94%a8%e5%93%ba%e4%b9%b3%e7%93%b6\"]}]},{\"@type\":\"ImageObject\",\"inLanguage\":\"de\",\"@id\":\"https:\\\/\\\/www.dillerbottle.com\\\/ja\\\/%e8%a3%bd%e5%93%81\\\/%e6%96%b0%e7%94%9f%e5%85%90%e7%94%a8%e5%93%ba%e4%b9%b3%e7%93%b6#primaryimage\",\"url\":\"https:\\\/\\\/www.dillerbottle.com\\\/wp-content\\\/uploads\\\/2024\\\/09\\\/newborn-baby-bottles29522233028.jpg\",\"contentUrl\":\"https:\\\/\\\/www.dillerbottle.com\\\/wp-content\\\/uploads\\\/2024\\\/09\\\/newborn-baby-bottles29522233028.jpg\",\"width\":730,\"height\":730},{\"@type\":\"BreadcrumbList\",\"@id\":\"https:\\\/\\\/www.dillerbottle.com\\\/ja\\\/%e8%a3%bd%e5%93%81\\\/%e6%96%b0%e7%94%9f%e5%85%90%e7%94%a8%e5%93%ba%e4%b9%b3%e7%93%b6#breadcrumb\",\"itemListElement\":[{\"@type\":\"ListItem\",\"position\":1,\"name\":\"Home\",\"item\":\"https:\\\/\\\/www.dillerbottle.com\\\/\"},{\"@type\":\"ListItem\",\"position\":2,\"name\":\"Products\",\"item\":\"https:\\\/\\\/www.dillerbottle.com\\\/shop\"},{\"@type\":\"ListItem\",\"position\":3,\"name\":\"Newborn Baby Bottles\"}]},{\"@type\":\"WebSite\",\"@id\":\"https:\\\/\\\/www.dillerbottle.com\\\/#website\",\"url\":\"https:\\\/\\\/www.dillerbottle.com\\\/\",\"name\":\"Diller Water Bottle Manufacturer\",\"description\":\"Water Bottle Manufacturer\",\"publisher\":{\"@id\":\"https:\\\/\\\/www.dillerbottle.com\\\/#organization\"},\"potentialAction\":[{\"@type\":\"SearchAction\",\"target\":{\"@type\":\"EntryPoint\",\"urlTemplate\":\"https:\\\/\\\/www.dillerbottle.com\\\/?s={search_term_string}\"},\"query-input\":{\"@type\":\"PropertyValueSpecification\",\"valueRequired\":true,\"valueName\":\"search_term_string\"}}],\"inLanguage\":\"de\"},{\"@type\":\"Organization\",\"@id\":\"https:\\\/\\\/www.dillerbottle.com\\\/#organization\",\"name\":\"Diller Water Bottle Manufacturer\",\"url\":\"https:\\\/\\\/www.dillerbottle.com\\\/\",\"logo\":{\"@type\":\"ImageObject\",\"inLanguage\":\"de\",\"@id\":\"https:\\\/\\\/www.dillerbottle.com\\\/#\\\/schema\\\/logo\\\/image\\\/\",\"url\":\"https:\\\/\\\/www.dillerbottle.com\\\/wp-content\\\/uploads\\\/2024\\\/09\\\/49918bfa848dcc1e9f8b509933603ac.png\",\"contentUrl\":\"https:\\\/\\\/www.dillerbottle.com\\\/wp-content\\\/uploads\\\/2024\\\/09\\\/49918bfa848dcc1e9f8b509933603ac.png\",\"width\":988,\"height\":198,\"caption\":\"Diller Water Bottle Manufacturer\"},\"image\":{\"@id\":\"https:\\\/\\\/www.dillerbottle.com\\\/#\\\/schema\\\/logo\\\/image\\\/\"}}]}<\/script>\n<!-- \/ Yoast SEO Premium plugin. -->","yoast_head_json":{"title":"Babyflaschen f\u00fcr Neugeborene - Diller Wasserflaschenhersteller","description":"Als einer der besten Hersteller und Lieferanten von Babyflaschen f\u00fcr Neugeborene besch\u00e4ftigen wir uns mit der Herstellung hochwertiger Wasserflaschen. Wir hei\u00dfen Sie herzlich willkommen, bei uns ma\u00dfgeschneiderte Babyflaschen f\u00fcr Neugeborene im Gro\u00dfhandel zu kaufen oder zu wettbewerbsf\u00e4higen Preisen zu erwerben. Auch Bestellungen in kleinen Mengen sind akzeptabel.","robots":{"index":"index","follow":"follow","max-snippet":"max-snippet:-1","max-image-preview":"max-image-preview:large","max-video-preview":"max-video-preview:-1"},"canonical":"https:\/\/www.dillerbottle.com\/de\/produkte\/babyflaschen-fur-neugeborene","og_locale":"de_DE","og_type":"article","og_title":"Newborn Baby Bottles","og_description":"As one of the best newborn baby bottles manufacturers and suppliers, we are engaged in manufacturing good quality water bottles. We warmly welcome you to wholesale or buy custom made newborn baby bottles at competitive price from us. Also, small quantity orders are acceptable.","og_url":"https:\/\/www.dillerbottle.com\/de\/produkte\/babyflaschen-fur-neugeborene","og_site_name":"Diller Water Bottle Manufacturer","article_modified_time":"2025-07-10T07:44:44+00:00","og_image":[{"width":730,"height":730,"url":"https:\/\/www.dillerbottle.com\/wp-content\/uploads\/2024\/09\/newborn-baby-bottles29522233028.jpg","type":"image\/jpeg"}],"twitter_card":"summary_large_image","twitter_misc":{"Gesch\u00e4tzte Lesezeit":"2\u00a0Minuten"},"schema":{"@context":"https:\/\/schema.org","@graph":[{"@type":"WebPage","@id":"https:\/\/www.dillerbottle.com\/ja\/%e8%a3%bd%e5%93%81\/%e6%96%b0%e7%94%9f%e5%85%90%e7%94%a8%e5%93%ba%e4%b9%b3%e7%93%b6","url":"https:\/\/www.dillerbottle.com\/ja\/%e8%a3%bd%e5%93%81\/%e6%96%b0%e7%94%9f%e5%85%90%e7%94%a8%e5%93%ba%e4%b9%b3%e7%93%b6","name":"Babyflaschen f\u00fcr Neugeborene - Diller Wasserflaschenhersteller","isPartOf":{"@id":"https:\/\/www.dillerbottle.com\/#website"},"primaryImageOfPage":{"@id":"https:\/\/www.dillerbottle.com\/ja\/%e8%a3%bd%e5%93%81\/%e6%96%b0%e7%94%9f%e5%85%90%e7%94%a8%e5%93%ba%e4%b9%b3%e7%93%b6#primaryimage"},"image":{"@id":"https:\/\/www.dillerbottle.com\/ja\/%e8%a3%bd%e5%93%81\/%e6%96%b0%e7%94%9f%e5%85%90%e7%94%a8%e5%93%ba%e4%b9%b3%e7%93%b6#primaryimage"},"thumbnailUrl":"https:\/\/www.dillerbottle.com\/wp-content\/uploads\/2024\/09\/newborn-baby-bottles29522233028.jpg","datePublished":"2024-09-25T08:47:07+00:00","dateModified":"2025-07-10T07:44:44+00:00","description":"Als einer der besten Hersteller und Lieferanten von Babyflaschen f\u00fcr Neugeborene besch\u00e4ftigen wir uns mit der Herstellung hochwertiger Wasserflaschen. Wir hei\u00dfen Sie herzlich willkommen, bei uns ma\u00dfgeschneiderte Babyflaschen f\u00fcr Neugeborene im Gro\u00dfhandel zu kaufen oder zu wettbewerbsf\u00e4higen Preisen zu erwerben. Auch Bestellungen in kleinen Mengen sind akzeptabel.","breadcrumb":{"@id":"https:\/\/www.dillerbottle.com\/ja\/%e8%a3%bd%e5%93%81\/%e6%96%b0%e7%94%9f%e5%85%90%e7%94%a8%e5%93%ba%e4%b9%b3%e7%93%b6#breadcrumb"},"inLanguage":"de","potentialAction":[{"@type":"ReadAction","target":["https:\/\/www.dillerbottle.com\/ja\/%e8%a3%bd%e5%93%81\/%e6%96%b0%e7%94%9f%e5%85%90%e7%94%a8%e5%93%ba%e4%b9%b3%e7%93%b6"]}]},{"@type":"ImageObject","inLanguage":"de","@id":"https:\/\/www.dillerbottle.com\/ja\/%e8%a3%bd%e5%93%81\/%e6%96%b0%e7%94%9f%e5%85%90%e7%94%a8%e5%93%ba%e4%b9%b3%e7%93%b6#primaryimage","url":"https:\/\/www.dillerbottle.com\/wp-content\/uploads\/2024\/09\/newborn-baby-bottles29522233028.jpg","contentUrl":"https:\/\/www.dillerbottle.com\/wp-content\/uploads\/2024\/09\/newborn-baby-bottles29522233028.jpg","width":730,"height":730},{"@type":"BreadcrumbList","@id":"https:\/\/www.dillerbottle.com\/ja\/%e8%a3%bd%e5%93%81\/%e6%96%b0%e7%94%9f%e5%85%90%e7%94%a8%e5%93%ba%e4%b9%b3%e7%93%b6#breadcrumb","itemListElement":[{"@type":"ListItem","position":1,"name":"Home","item":"https:\/\/www.dillerbottle.com\/"},{"@type":"ListItem","position":2,"name":"Products","item":"https:\/\/www.dillerbottle.com\/shop"},{"@type":"ListItem","position":3,"name":"Newborn Baby Bottles"}]},{"@type":"WebSite","@id":"https:\/\/www.dillerbottle.com\/#website","url":"https:\/\/www.dillerbottle.com\/","name":"Diller Wasserflaschenhersteller","description":"Wasserflaschenhersteller","publisher":{"@id":"https:\/\/www.dillerbottle.com\/#organization"},"potentialAction":[{"@type":"SearchAction","target":{"@type":"EntryPoint","urlTemplate":"https:\/\/www.dillerbottle.com\/?s={search_term_string}"},"query-input":{"@type":"PropertyValueSpecification","valueRequired":true,"valueName":"search_term_string"}}],"inLanguage":"de"},{"@type":"Organization","@id":"https:\/\/www.dillerbottle.com\/#organization","name":"Diller Wasserflaschenhersteller","url":"https:\/\/www.dillerbottle.com\/","logo":{"@type":"ImageObject","inLanguage":"de","@id":"https:\/\/www.dillerbottle.com\/#\/schema\/logo\/image\/","url":"https:\/\/www.dillerbottle.com\/wp-content\/uploads\/2024\/09\/49918bfa848dcc1e9f8b509933603ac.png","contentUrl":"https:\/\/www.dillerbottle.com\/wp-content\/uploads\/2024\/09\/49918bfa848dcc1e9f8b509933603ac.png","width":988,"height":198,"caption":"Diller Water Bottle Manufacturer"},"image":{"@id":"https:\/\/www.dillerbottle.com\/#\/schema\/logo\/image\/"}}]}},"_links":{"self":[{"href":"https:\/\/www.dillerbottle.com\/de\/wp-json\/wp\/v2\/product\/2613","targetHints":{"allow":["GET"]}}],"collection":[{"href":"https:\/\/www.dillerbottle.com\/de\/wp-json\/wp\/v2\/product"}],"about":[{"href":"https:\/\/www.dillerbottle.com\/de\/wp-json\/wp\/v2\/types\/product"}],"replies":[{"embeddable":true,"href":"https:\/\/www.dillerbottle.com\/de\/wp-json\/wp\/v2\/comments?post=2613"}],"wp:featuredmedia":[{"embeddable":true,"href":"https:\/\/www.dillerbottle.com\/de\/wp-json\/wp\/v2\/media\/2614"}],"wp:attachment":[{"href":"https:\/\/www.dillerbottle.com\/de\/wp-json\/wp\/v2\/media?parent=2613"}],"wp:term":[{"taxonomy":"product_brand","embeddable":true,"href":"https:\/\/www.dillerbottle.com\/de\/wp-json\/wp\/v2\/product_brand?post=2613"},{"taxonomy":"product_cat","embeddable":true,"href":"https:\/\/www.dillerbottle.com\/de\/wp-json\/wp\/v2\/product_cat?post=2613"},{"taxonomy":"product_tag","embeddable":true,"href":"https:\/\/www.dillerbottle.com\/de\/wp-json\/wp\/v2\/product_tag?post=2613"}],"curies":[{"name":"wp","href":"https:\/\/api.w.org\/{rel}","templated":true}]}}