{"id":2726,"date":"2024-09-26T09:37:55","date_gmt":"2024-09-26T01:37:55","guid":{"rendered":"https:\/\/demo.dillerbottle.com\/uncategorized\/lovely-rabbit-thermal-food-jar"},"modified":"2025-07-10T15:42:16","modified_gmt":"2025-07-10T07:42:16","slug":"schone-kaninchen-thermofutterdose","status":"publish","type":"product","link":"https:\/\/www.dillerbottle.com\/de\/products\/lovely-rabbit-thermal-food-jar","title":{"rendered":"Sch\u00f6nes Kaninchen-Thermogef\u00e4\u00df f\u00fcr Lebensmittel"},"content":{"rendered":"<p>Merkmale:<br \/>\n1. die sch\u00f6ne Kaninchen thermische Lebensmittel Glas ist aus Lebensmittelqualit\u00e4t 316 Edelstahl, die sicher, ungiftig, korrosionsbest\u00e4ndig und sehr langlebig ist. Es kann die Temperatur und Frische der Lebensmittel f\u00fcr eine lange Zeit zu halten.<\/p>\n<p>2. der Flaschenverschluss ist mit einem faltbaren L\u00f6ffel aus Edelstahl ausgestattet, der bequem zu transportieren ist und keinen Platz wegnimmt.<\/p>\n<p>3. der Deckel eines Lebensmittelbeh\u00e4lters kann als kleine Sch\u00fcssel zum Aufbewahren von Lebensmitteln verwendet werden. Die weite \u00d6ffnung der Flasche erleichtert das Einf\u00fcllen und Ausgie\u00dfen von Lebensmitteln und ist nach dem Gebrauch leichter zu reinigen.<\/p>","protected":false},"excerpt":{"rendered":"<p>Dieses h\u00fcbsche Kaninchen-Thermofuttergef\u00e4\u00df ist aus langlebigem 316er Edelstahl und lebensmittelechten Materialien hergestellt.<br \/>\nDieser Isolierbeh\u00e4lter aus Edelstahl kann Lebensmittel bis zu 12 Stunden hei\u00df und bis zu 18 Stunden eiskalt halten.<br \/>\nDer Essensbeh\u00e4lter hat einen klappbaren L\u00f6ffel, der praktisch ist und keinen Platz wegnimmt.<br \/>\nDer Becherdeckel kann als kleine Schale verwendet werden.<br \/>\nOEM und ODM akzeptabel.<br \/>\nAkzeptieren Sie benutzerdefinierte Logo und Muster.<br \/>\nWir k\u00f6nnen die Lebensmittelbeh\u00e4lter entsprechend Ihren Anforderungen anpassen.<\/p>","protected":false},"featured_media":2727,"comment_status":"open","ping_status":"closed","template":"","meta":{"_acf_changed":false},"product_brand":[],"product_cat":[108],"product_tag":[32,36,33,31,128,39,38,129,29,37,34,35,123,131,133,28,132,130,30],"class_list":{"0":"post-2726","1":"product","2":"type-product","3":"status-publish","4":"has-post-thumbnail","6":"product_cat-insulated-food-jar","7":"product_tag-best","8":"product_tag-bulk","9":"product_tag-buy","10":"product_tag-custom","11":"product_tag-food-warmer-thermal","12":"product_tag-for-sale","13":"product_tag-good-quality","14":"product_tag-lovely-rabbit-thermal-food-jar","15":"product_tag-manufacturers","16":"product_tag-manufacturing","17":"product_tag-price","18":"product_tag-small","19":"product_tag-stainless-steel-food-thermal-storage","20":"product_tag-stainless-steel-thermal-food-container","21":"product_tag-stainless-thermal-food-jar","22":"product_tag-suppliers","23":"product_tag-thermal-food-insulated","24":"product_tag-thermal-stainless-steel-food-jar","25":"product_tag-wholesale","27":"first","28":"instock","29":"shipping-taxable","30":"product-type-simple"},"acf":[],"yoast_head":"<!-- This site is optimized with the Yoast SEO Premium plugin v27.5 (Yoast SEO v27.5) - https:\/\/yoast.com\/product\/yoast-seo-premium-wordpress\/ -->\n<title>Lovely Rabbit Thermal Food Jar - Diller Water Bottle Manufacturer<\/title>\n<meta name=\"description\" content=\"As one of the best lovely rabbit thermal food jar manufacturers and suppliers, we are engaged in manufacturing good quality water bottles. We warmly welcome you to wholesale or buy custom made lovely rabbit thermal food jar at competitive price from us. Also, small quantity orders are acceptable.\" \/>\n<meta name=\"robots\" content=\"index, follow, max-snippet:-1, max-image-preview:large, max-video-preview:-1\" \/>\n<link rel=\"canonical\" href=\"https:\/\/www.dillerbottle.com\/de\/produkte\/schone-kaninchen-thermofutterdose\" \/>\n<meta property=\"og:locale\" content=\"de_DE\" \/>\n<meta property=\"og:type\" content=\"article\" \/>\n<meta property=\"og:title\" content=\"Lovely Rabbit Thermal Food Jar\" \/>\n<meta property=\"og:description\" content=\"As one of the best lovely rabbit thermal food jar manufacturers and suppliers, we are engaged in manufacturing good quality water bottles. We warmly welcome you to wholesale or buy custom made lovely rabbit thermal food jar at competitive price from us. Also, small quantity orders are acceptable.\" \/>\n<meta property=\"og:url\" content=\"https:\/\/www.dillerbottle.com\/de\/produkte\/schone-kaninchen-thermofutterdose\" \/>\n<meta property=\"og:site_name\" content=\"Diller Water Bottle Manufacturer\" \/>\n<meta property=\"article:modified_time\" content=\"2025-07-10T07:42:16+00:00\" \/>\n<meta property=\"og:image\" content=\"https:\/\/www.dillerbottle.com\/wp-content\/uploads\/2024\/09\/lovely-rabbit-thermal-food-jar2366a996-0ebe-4645-b84c-106325bc13a4.jpg\" \/>\n\t<meta property=\"og:image:width\" content=\"730\" \/>\n\t<meta property=\"og:image:height\" content=\"730\" \/>\n\t<meta property=\"og:image:type\" content=\"image\/jpeg\" \/>\n<meta name=\"twitter:card\" content=\"summary_large_image\" \/>\n<meta name=\"twitter:label1\" content=\"Gesch\u00e4tzte Lesezeit\" \/>\n\t<meta name=\"twitter:data1\" content=\"7\u00a0Minuten\" \/>\n<script type=\"application\/ld+json\" class=\"yoast-schema-graph\">{\"@context\":\"https:\\\/\\\/schema.org\",\"@graph\":[{\"@type\":\"WebPage\",\"@id\":\"https:\\\/\\\/www.dillerbottle.com\\\/tr\\\/urunler\\\/sevimli-tavsan-termal-yiyecek-kavanozu\",\"url\":\"https:\\\/\\\/www.dillerbottle.com\\\/tr\\\/urunler\\\/sevimli-tavsan-termal-yiyecek-kavanozu\",\"name\":\"Lovely Rabbit Thermal Food Jar - Diller Water Bottle Manufacturer\",\"isPartOf\":{\"@id\":\"https:\\\/\\\/www.dillerbottle.com\\\/#website\"},\"primaryImageOfPage\":{\"@id\":\"https:\\\/\\\/www.dillerbottle.com\\\/tr\\\/urunler\\\/sevimli-tavsan-termal-yiyecek-kavanozu#primaryimage\"},\"image\":{\"@id\":\"https:\\\/\\\/www.dillerbottle.com\\\/tr\\\/urunler\\\/sevimli-tavsan-termal-yiyecek-kavanozu#primaryimage\"},\"thumbnailUrl\":\"https:\\\/\\\/www.dillerbottle.com\\\/wp-content\\\/uploads\\\/2024\\\/09\\\/lovely-rabbit-thermal-food-jar2366a996-0ebe-4645-b84c-106325bc13a4.jpg\",\"datePublished\":\"2024-09-26T01:37:55+00:00\",\"dateModified\":\"2025-07-10T07:42:16+00:00\",\"description\":\"As one of the best lovely rabbit thermal food jar manufacturers and suppliers, we are engaged in manufacturing good quality water bottles. We warmly welcome you to wholesale or buy custom made lovely rabbit thermal food jar at competitive price from us. Also, small quantity orders are acceptable.\",\"breadcrumb\":{\"@id\":\"https:\\\/\\\/www.dillerbottle.com\\\/tr\\\/urunler\\\/sevimli-tavsan-termal-yiyecek-kavanozu#breadcrumb\"},\"inLanguage\":\"de\",\"potentialAction\":[{\"@type\":\"ReadAction\",\"target\":[\"https:\\\/\\\/www.dillerbottle.com\\\/tr\\\/urunler\\\/sevimli-tavsan-termal-yiyecek-kavanozu\"]}]},{\"@type\":\"ImageObject\",\"inLanguage\":\"de\",\"@id\":\"https:\\\/\\\/www.dillerbottle.com\\\/tr\\\/urunler\\\/sevimli-tavsan-termal-yiyecek-kavanozu#primaryimage\",\"url\":\"https:\\\/\\\/www.dillerbottle.com\\\/wp-content\\\/uploads\\\/2024\\\/09\\\/lovely-rabbit-thermal-food-jar2366a996-0ebe-4645-b84c-106325bc13a4.jpg\",\"contentUrl\":\"https:\\\/\\\/www.dillerbottle.com\\\/wp-content\\\/uploads\\\/2024\\\/09\\\/lovely-rabbit-thermal-food-jar2366a996-0ebe-4645-b84c-106325bc13a4.jpg\",\"width\":730,\"height\":730},{\"@type\":\"BreadcrumbList\",\"@id\":\"https:\\\/\\\/www.dillerbottle.com\\\/tr\\\/urunler\\\/sevimli-tavsan-termal-yiyecek-kavanozu#breadcrumb\",\"itemListElement\":[{\"@type\":\"ListItem\",\"position\":1,\"name\":\"Home\",\"item\":\"https:\\\/\\\/www.dillerbottle.com\\\/\"},{\"@type\":\"ListItem\",\"position\":2,\"name\":\"Products\",\"item\":\"https:\\\/\\\/www.dillerbottle.com\\\/shop\"},{\"@type\":\"ListItem\",\"position\":3,\"name\":\"Lovely Rabbit Thermal Food Jar\"}]},{\"@type\":\"WebSite\",\"@id\":\"https:\\\/\\\/www.dillerbottle.com\\\/#website\",\"url\":\"https:\\\/\\\/www.dillerbottle.com\\\/\",\"name\":\"Diller Water Bottle Manufacturer\",\"description\":\"Water Bottle Manufacturer\",\"publisher\":{\"@id\":\"https:\\\/\\\/www.dillerbottle.com\\\/#organization\"},\"potentialAction\":[{\"@type\":\"SearchAction\",\"target\":{\"@type\":\"EntryPoint\",\"urlTemplate\":\"https:\\\/\\\/www.dillerbottle.com\\\/?s={search_term_string}\"},\"query-input\":{\"@type\":\"PropertyValueSpecification\",\"valueRequired\":true,\"valueName\":\"search_term_string\"}}],\"inLanguage\":\"de\"},{\"@type\":\"Organization\",\"@id\":\"https:\\\/\\\/www.dillerbottle.com\\\/#organization\",\"name\":\"Diller Water Bottle Manufacturer\",\"url\":\"https:\\\/\\\/www.dillerbottle.com\\\/\",\"logo\":{\"@type\":\"ImageObject\",\"inLanguage\":\"de\",\"@id\":\"https:\\\/\\\/www.dillerbottle.com\\\/#\\\/schema\\\/logo\\\/image\\\/\",\"url\":\"https:\\\/\\\/www.dillerbottle.com\\\/wp-content\\\/uploads\\\/2024\\\/09\\\/49918bfa848dcc1e9f8b509933603ac.png\",\"contentUrl\":\"https:\\\/\\\/www.dillerbottle.com\\\/wp-content\\\/uploads\\\/2024\\\/09\\\/49918bfa848dcc1e9f8b509933603ac.png\",\"width\":988,\"height\":198,\"caption\":\"Diller Water Bottle Manufacturer\"},\"image\":{\"@id\":\"https:\\\/\\\/www.dillerbottle.com\\\/#\\\/schema\\\/logo\\\/image\\\/\"}}]}<\/script>\n<!-- \/ Yoast SEO Premium plugin. -->","yoast_head_json":{"title":"Lovely Rabbit Thermal Food Jar - Diller Wasserflasche Hersteller","description":"Als einer der besten Hersteller und Lieferanten von Thermosflaschen f\u00fcr Kaninchen, besch\u00e4ftigen wir uns mit der Herstellung von Wasserflaschen guter Qualit\u00e4t. Wir hei\u00dfen Sie herzlich willkommen, Gro\u00dfhandel oder kaufen ma\u00dfgeschneiderte sch\u00f6ne Kaninchen thermische Lebensmittel Glas zu wettbewerbsf\u00e4higen Preisen von uns. Auch kleine Mengen Bestellungen sind akzeptabel.","robots":{"index":"index","follow":"follow","max-snippet":"max-snippet:-1","max-image-preview":"max-image-preview:large","max-video-preview":"max-video-preview:-1"},"canonical":"https:\/\/www.dillerbottle.com\/de\/produkte\/schone-kaninchen-thermofutterdose","og_locale":"de_DE","og_type":"article","og_title":"Lovely Rabbit Thermal Food Jar","og_description":"As one of the best lovely rabbit thermal food jar manufacturers and suppliers, we are engaged in manufacturing good quality water bottles. We warmly welcome you to wholesale or buy custom made lovely rabbit thermal food jar at competitive price from us. Also, small quantity orders are acceptable.","og_url":"https:\/\/www.dillerbottle.com\/de\/produkte\/schone-kaninchen-thermofutterdose","og_site_name":"Diller Water Bottle Manufacturer","article_modified_time":"2025-07-10T07:42:16+00:00","og_image":[{"width":730,"height":730,"url":"https:\/\/www.dillerbottle.com\/wp-content\/uploads\/2024\/09\/lovely-rabbit-thermal-food-jar2366a996-0ebe-4645-b84c-106325bc13a4.jpg","type":"image\/jpeg"}],"twitter_card":"summary_large_image","twitter_misc":{"Gesch\u00e4tzte Lesezeit":"7\u00a0Minuten"},"schema":{"@context":"https:\/\/schema.org","@graph":[{"@type":"WebPage","@id":"https:\/\/www.dillerbottle.com\/tr\/urunler\/sevimli-tavsan-termal-yiyecek-kavanozu","url":"https:\/\/www.dillerbottle.com\/tr\/urunler\/sevimli-tavsan-termal-yiyecek-kavanozu","name":"Lovely Rabbit Thermal Food Jar - Diller Wasserflasche Hersteller","isPartOf":{"@id":"https:\/\/www.dillerbottle.com\/#website"},"primaryImageOfPage":{"@id":"https:\/\/www.dillerbottle.com\/tr\/urunler\/sevimli-tavsan-termal-yiyecek-kavanozu#primaryimage"},"image":{"@id":"https:\/\/www.dillerbottle.com\/tr\/urunler\/sevimli-tavsan-termal-yiyecek-kavanozu#primaryimage"},"thumbnailUrl":"https:\/\/www.dillerbottle.com\/wp-content\/uploads\/2024\/09\/lovely-rabbit-thermal-food-jar2366a996-0ebe-4645-b84c-106325bc13a4.jpg","datePublished":"2024-09-26T01:37:55+00:00","dateModified":"2025-07-10T07:42:16+00:00","description":"Als einer der besten Hersteller und Lieferanten von Thermosflaschen f\u00fcr Kaninchen, besch\u00e4ftigen wir uns mit der Herstellung von Wasserflaschen guter Qualit\u00e4t. Wir hei\u00dfen Sie herzlich willkommen, Gro\u00dfhandel oder kaufen ma\u00dfgeschneiderte sch\u00f6ne Kaninchen thermische Lebensmittel Glas zu wettbewerbsf\u00e4higen Preisen von uns. Auch kleine Mengen Bestellungen sind akzeptabel.","breadcrumb":{"@id":"https:\/\/www.dillerbottle.com\/tr\/urunler\/sevimli-tavsan-termal-yiyecek-kavanozu#breadcrumb"},"inLanguage":"de","potentialAction":[{"@type":"ReadAction","target":["https:\/\/www.dillerbottle.com\/tr\/urunler\/sevimli-tavsan-termal-yiyecek-kavanozu"]}]},{"@type":"ImageObject","inLanguage":"de","@id":"https:\/\/www.dillerbottle.com\/tr\/urunler\/sevimli-tavsan-termal-yiyecek-kavanozu#primaryimage","url":"https:\/\/www.dillerbottle.com\/wp-content\/uploads\/2024\/09\/lovely-rabbit-thermal-food-jar2366a996-0ebe-4645-b84c-106325bc13a4.jpg","contentUrl":"https:\/\/www.dillerbottle.com\/wp-content\/uploads\/2024\/09\/lovely-rabbit-thermal-food-jar2366a996-0ebe-4645-b84c-106325bc13a4.jpg","width":730,"height":730},{"@type":"BreadcrumbList","@id":"https:\/\/www.dillerbottle.com\/tr\/urunler\/sevimli-tavsan-termal-yiyecek-kavanozu#breadcrumb","itemListElement":[{"@type":"ListItem","position":1,"name":"Home","item":"https:\/\/www.dillerbottle.com\/"},{"@type":"ListItem","position":2,"name":"Products","item":"https:\/\/www.dillerbottle.com\/shop"},{"@type":"ListItem","position":3,"name":"Lovely Rabbit Thermal Food Jar"}]},{"@type":"WebSite","@id":"https:\/\/www.dillerbottle.com\/#website","url":"https:\/\/www.dillerbottle.com\/","name":"Diller Wasserflaschenhersteller","description":"Wasserflaschenhersteller","publisher":{"@id":"https:\/\/www.dillerbottle.com\/#organization"},"potentialAction":[{"@type":"SearchAction","target":{"@type":"EntryPoint","urlTemplate":"https:\/\/www.dillerbottle.com\/?s={search_term_string}"},"query-input":{"@type":"PropertyValueSpecification","valueRequired":true,"valueName":"search_term_string"}}],"inLanguage":"de"},{"@type":"Organization","@id":"https:\/\/www.dillerbottle.com\/#organization","name":"Diller Wasserflaschenhersteller","url":"https:\/\/www.dillerbottle.com\/","logo":{"@type":"ImageObject","inLanguage":"de","@id":"https:\/\/www.dillerbottle.com\/#\/schema\/logo\/image\/","url":"https:\/\/www.dillerbottle.com\/wp-content\/uploads\/2024\/09\/49918bfa848dcc1e9f8b509933603ac.png","contentUrl":"https:\/\/www.dillerbottle.com\/wp-content\/uploads\/2024\/09\/49918bfa848dcc1e9f8b509933603ac.png","width":988,"height":198,"caption":"Diller Water Bottle Manufacturer"},"image":{"@id":"https:\/\/www.dillerbottle.com\/#\/schema\/logo\/image\/"}}]}},"_links":{"self":[{"href":"https:\/\/www.dillerbottle.com\/de\/wp-json\/wp\/v2\/product\/2726","targetHints":{"allow":["GET"]}}],"collection":[{"href":"https:\/\/www.dillerbottle.com\/de\/wp-json\/wp\/v2\/product"}],"about":[{"href":"https:\/\/www.dillerbottle.com\/de\/wp-json\/wp\/v2\/types\/product"}],"replies":[{"embeddable":true,"href":"https:\/\/www.dillerbottle.com\/de\/wp-json\/wp\/v2\/comments?post=2726"}],"wp:featuredmedia":[{"embeddable":true,"href":"https:\/\/www.dillerbottle.com\/de\/wp-json\/wp\/v2\/media\/2727"}],"wp:attachment":[{"href":"https:\/\/www.dillerbottle.com\/de\/wp-json\/wp\/v2\/media?parent=2726"}],"wp:term":[{"taxonomy":"product_brand","embeddable":true,"href":"https:\/\/www.dillerbottle.com\/de\/wp-json\/wp\/v2\/product_brand?post=2726"},{"taxonomy":"product_cat","embeddable":true,"href":"https:\/\/www.dillerbottle.com\/de\/wp-json\/wp\/v2\/product_cat?post=2726"},{"taxonomy":"product_tag","embeddable":true,"href":"https:\/\/www.dillerbottle.com\/de\/wp-json\/wp\/v2\/product_tag?post=2726"}],"curies":[{"name":"wp","href":"https:\/\/api.w.org\/{rel}","templated":true}]}}