{"id":2760,"date":"2024-09-26T09:38:23","date_gmt":"2024-09-26T01:38:23","guid":{"rendered":"https:\/\/demo.dillerbottle.com\/uncategorized\/little-daisy-insulated-food-jar"},"modified":"2025-07-10T15:42:14","modified_gmt":"2025-07-10T07:42:14","slug":"ganseblumchen-isolierglas-fur-lebensmittel","status":"publish","type":"product","link":"https:\/\/www.dillerbottle.com\/de\/products\/little-daisy-insulated-food-jar","title":{"rendered":"Isolierte Speisedose \u201eLittle Daisy\u201c"},"content":{"rendered":"<p>1. Langlebiger Edelstahl innen und au\u00dfen, doppelwandige Vakuumisolierung h\u00e4lt hei\u00dfe oder kalte Temperaturen.<\/p>\n<p>2. Die breite \u00d6ffnung erm\u00f6glicht es Ihnen, direkt aus dem Thermoskanne zu essen. Die Reinigung nach dem Essen ist auch sehr praktisch.<\/p>\n<p>3. Der Flaschenverschluss ist mit einem faltbaren Edelstahll\u00f6ffel ausgestattet, der bequem zu tragen ist und keinen Platz wegnimmt.<\/p>\n<p>4. Der kleine G\u00e4nsebl\u00fcmchen-Thermospeisebeh\u00e4lter eignet sich f\u00fcr warme Mahlzeiten, Suppen, Haferflocken, kalte Desserts und Getr\u00e4nke und vieles mehr.<\/p>","protected":false},"excerpt":{"rendered":"<p>Dieser kleine G\u00e4nsebl\u00fcmchen-Isolierbeh\u00e4lter ist aus langlebigem 316er Edelstahl und lebensmittelechten Materialien hergestellt.<br \/>\nDieser Isolierbeh\u00e4lter aus Edelstahl kann Lebensmittel bis zu 12 Stunden hei\u00df und bis zu 18 Stunden eiskalt halten.<br \/>\nDer Essensbeh\u00e4lter hat einen klappbaren L\u00f6ffel, der praktisch ist und keinen Platz wegnimmt.<br \/>\nDer Becherdeckel kann als kleine Schale verwendet werden.<br \/>\nAkzeptieren Sie benutzerdefinierte Logo und Muster.<br \/>\nWir k\u00f6nnen die Lebensmittelbeh\u00e4lter entsprechend Ihren Anforderungen anpassen.<\/p>","protected":false},"featured_media":2761,"comment_status":"open","ping_status":"closed","template":"","meta":{"_acf_changed":false},"product_brand":[],"product_cat":[108],"product_tag":[32,36,33,31,128,39,38,135,134,29,37,34,35,137,125,28,121,136,30],"class_list":{"0":"post-2760","1":"product","2":"type-product","3":"status-publish","4":"has-post-thumbnail","6":"product_cat-insulated-food-jar","7":"product_tag-best","8":"product_tag-bulk","9":"product_tag-buy","10":"product_tag-custom","11":"product_tag-food-warmer-thermal","12":"product_tag-for-sale","13":"product_tag-good-quality","14":"product_tag-insulated-thermal-food-container","15":"product_tag-little-daisy-insulated-food-jar","16":"product_tag-manufacturers","17":"product_tag-manufacturing","18":"product_tag-price","19":"product_tag-small","20":"product_tag-stainless-steel-food-container-thermal","21":"product_tag-stainless-steel-thermal-jar","22":"product_tag-suppliers","23":"product_tag-thermal-food-jar","24":"product_tag-thermal-jar","25":"product_tag-wholesale","27":"first","28":"instock","29":"shipping-taxable","30":"product-type-simple"},"acf":[],"yoast_head":"<!-- This site is optimized with the Yoast SEO Premium plugin v27.4 (Yoast SEO v27.4) - https:\/\/yoast.com\/product\/yoast-seo-premium-wordpress\/ -->\n<title>Little Daisy Insulated Food Jar - Diller Water Bottle Manufacturer<\/title>\n<meta name=\"description\" content=\"As one of the best little daisy insulated food jar manufacturers and suppliers, we are engaged in manufacturing good quality water bottles. We warmly welcome you to wholesale or buy custom made little daisy insulated food jar at competitive price from us. Also, small quantity orders are acceptable.\" \/>\n<meta name=\"robots\" content=\"index, follow, max-snippet:-1, max-image-preview:large, max-video-preview:-1\" \/>\n<link rel=\"canonical\" href=\"https:\/\/www.dillerbottle.com\/de\/produkte\/ganseblumchen-isolierglas-fur-lebensmittel\" \/>\n<meta property=\"og:locale\" content=\"de_DE\" \/>\n<meta property=\"og:type\" content=\"article\" \/>\n<meta property=\"og:title\" content=\"Little Daisy Insulated Food Jar\" \/>\n<meta property=\"og:description\" content=\"As one of the best little daisy insulated food jar manufacturers and suppliers, we are engaged in manufacturing good quality water bottles. We warmly welcome you to wholesale or buy custom made little daisy insulated food jar at competitive price from us. Also, small quantity orders are acceptable.\" \/>\n<meta property=\"og:url\" content=\"https:\/\/www.dillerbottle.com\/de\/produkte\/ganseblumchen-isolierglas-fur-lebensmittel\" \/>\n<meta property=\"og:site_name\" content=\"Diller Water Bottle Manufacturer\" \/>\n<meta property=\"article:modified_time\" content=\"2025-07-10T07:42:14+00:00\" \/>\n<meta property=\"og:image\" content=\"https:\/\/www.dillerbottle.com\/wp-content\/uploads\/2024\/09\/little-daisy-insulated-food-jar3a9d6b5e-d6b3-481a-85d9-156fc9817880.jpg\" \/>\n\t<meta property=\"og:image:width\" content=\"730\" \/>\n\t<meta property=\"og:image:height\" content=\"730\" \/>\n\t<meta property=\"og:image:type\" content=\"image\/jpeg\" \/>\n<meta name=\"twitter:card\" content=\"summary_large_image\" \/>\n<meta name=\"twitter:label1\" content=\"Gesch\u00e4tzte Lesezeit\" \/>\n\t<meta name=\"twitter:data1\" content=\"6\u00a0Minuten\" \/>\n<script type=\"application\/ld+json\" class=\"yoast-schema-graph\">{\"@context\":\"https:\\\/\\\/schema.org\",\"@graph\":[{\"@type\":\"WebPage\",\"@id\":\"https:\\\/\\\/www.dillerbottle.com\\\/products\\\/little-daisy-insulated-food-jar\",\"url\":\"https:\\\/\\\/www.dillerbottle.com\\\/products\\\/little-daisy-insulated-food-jar\",\"name\":\"Little Daisy Insulated Food Jar - Diller Water Bottle Manufacturer\",\"isPartOf\":{\"@id\":\"https:\\\/\\\/www.dillerbottle.com\\\/#website\"},\"primaryImageOfPage\":{\"@id\":\"https:\\\/\\\/www.dillerbottle.com\\\/products\\\/little-daisy-insulated-food-jar#primaryimage\"},\"image\":{\"@id\":\"https:\\\/\\\/www.dillerbottle.com\\\/products\\\/little-daisy-insulated-food-jar#primaryimage\"},\"thumbnailUrl\":\"https:\\\/\\\/www.dillerbottle.com\\\/wp-content\\\/uploads\\\/2024\\\/09\\\/little-daisy-insulated-food-jar3a9d6b5e-d6b3-481a-85d9-156fc9817880.jpg\",\"datePublished\":\"2024-09-26T01:38:23+00:00\",\"dateModified\":\"2025-07-10T07:42:14+00:00\",\"description\":\"As one of the best little daisy insulated food jar manufacturers and suppliers, we are engaged in manufacturing good quality water bottles. We warmly welcome you to wholesale or buy custom made little daisy insulated food jar at competitive price from us. Also, small quantity orders are acceptable.\",\"breadcrumb\":{\"@id\":\"https:\\\/\\\/www.dillerbottle.com\\\/products\\\/little-daisy-insulated-food-jar#breadcrumb\"},\"inLanguage\":\"de\",\"potentialAction\":[{\"@type\":\"ReadAction\",\"target\":[\"https:\\\/\\\/www.dillerbottle.com\\\/products\\\/little-daisy-insulated-food-jar\"]}]},{\"@type\":\"ImageObject\",\"inLanguage\":\"de\",\"@id\":\"https:\\\/\\\/www.dillerbottle.com\\\/products\\\/little-daisy-insulated-food-jar#primaryimage\",\"url\":\"https:\\\/\\\/www.dillerbottle.com\\\/wp-content\\\/uploads\\\/2024\\\/09\\\/little-daisy-insulated-food-jar3a9d6b5e-d6b3-481a-85d9-156fc9817880.jpg\",\"contentUrl\":\"https:\\\/\\\/www.dillerbottle.com\\\/wp-content\\\/uploads\\\/2024\\\/09\\\/little-daisy-insulated-food-jar3a9d6b5e-d6b3-481a-85d9-156fc9817880.jpg\",\"width\":730,\"height\":730},{\"@type\":\"BreadcrumbList\",\"@id\":\"https:\\\/\\\/www.dillerbottle.com\\\/products\\\/little-daisy-insulated-food-jar#breadcrumb\",\"itemListElement\":[{\"@type\":\"ListItem\",\"position\":1,\"name\":\"Home\",\"item\":\"https:\\\/\\\/www.dillerbottle.com\\\/\"},{\"@type\":\"ListItem\",\"position\":2,\"name\":\"Products\",\"item\":\"https:\\\/\\\/www.dillerbottle.com\\\/shop\"},{\"@type\":\"ListItem\",\"position\":3,\"name\":\"Little Daisy Insulated Food Jar\"}]},{\"@type\":\"WebSite\",\"@id\":\"https:\\\/\\\/www.dillerbottle.com\\\/#website\",\"url\":\"https:\\\/\\\/www.dillerbottle.com\\\/\",\"name\":\"Diller Water Bottle Manufacturer\",\"description\":\"Water Bottle Manufacturer\",\"publisher\":{\"@id\":\"https:\\\/\\\/www.dillerbottle.com\\\/#organization\"},\"potentialAction\":[{\"@type\":\"SearchAction\",\"target\":{\"@type\":\"EntryPoint\",\"urlTemplate\":\"https:\\\/\\\/www.dillerbottle.com\\\/?s={search_term_string}\"},\"query-input\":{\"@type\":\"PropertyValueSpecification\",\"valueRequired\":true,\"valueName\":\"search_term_string\"}}],\"inLanguage\":\"de\"},{\"@type\":\"Organization\",\"@id\":\"https:\\\/\\\/www.dillerbottle.com\\\/#organization\",\"name\":\"Diller Water Bottle Manufacturer\",\"url\":\"https:\\\/\\\/www.dillerbottle.com\\\/\",\"logo\":{\"@type\":\"ImageObject\",\"inLanguage\":\"de\",\"@id\":\"https:\\\/\\\/www.dillerbottle.com\\\/#\\\/schema\\\/logo\\\/image\\\/\",\"url\":\"https:\\\/\\\/www.dillerbottle.com\\\/wp-content\\\/uploads\\\/2024\\\/09\\\/49918bfa848dcc1e9f8b509933603ac.png\",\"contentUrl\":\"https:\\\/\\\/www.dillerbottle.com\\\/wp-content\\\/uploads\\\/2024\\\/09\\\/49918bfa848dcc1e9f8b509933603ac.png\",\"width\":988,\"height\":198,\"caption\":\"Diller Water Bottle Manufacturer\"},\"image\":{\"@id\":\"https:\\\/\\\/www.dillerbottle.com\\\/#\\\/schema\\\/logo\\\/image\\\/\"}}]}<\/script>\n<!-- \/ Yoast SEO Premium plugin. -->","yoast_head_json":{"title":"Little Daisy Isoliertes Lebensmittelglas - Diller Wasserflasche Hersteller","description":"Als einer der besten Hersteller und Lieferanten von isolierten Lebensmittelbeh\u00e4ltern mit kleinem G\u00e4nsebl\u00fcmchen, besch\u00e4ftigen wir uns mit der Herstellung von Wasserflaschen guter Qualit\u00e4t. Wir hei\u00dfen Sie herzlich willkommen, Gro\u00dfhandel oder kaufen ma\u00dfgeschneiderte kleine G\u00e4nsebl\u00fcmchen isoliert Lebensmittel Glas zu wettbewerbsf\u00e4higen Preisen von uns. Auch kleine Mengen Bestellungen sind akzeptabel.","robots":{"index":"index","follow":"follow","max-snippet":"max-snippet:-1","max-image-preview":"max-image-preview:large","max-video-preview":"max-video-preview:-1"},"canonical":"https:\/\/www.dillerbottle.com\/de\/produkte\/ganseblumchen-isolierglas-fur-lebensmittel","og_locale":"de_DE","og_type":"article","og_title":"Little Daisy Insulated Food Jar","og_description":"As one of the best little daisy insulated food jar manufacturers and suppliers, we are engaged in manufacturing good quality water bottles. We warmly welcome you to wholesale or buy custom made little daisy insulated food jar at competitive price from us. Also, small quantity orders are acceptable.","og_url":"https:\/\/www.dillerbottle.com\/de\/produkte\/ganseblumchen-isolierglas-fur-lebensmittel","og_site_name":"Diller Water Bottle Manufacturer","article_modified_time":"2025-07-10T07:42:14+00:00","og_image":[{"width":730,"height":730,"url":"https:\/\/www.dillerbottle.com\/wp-content\/uploads\/2024\/09\/little-daisy-insulated-food-jar3a9d6b5e-d6b3-481a-85d9-156fc9817880.jpg","type":"image\/jpeg"}],"twitter_card":"summary_large_image","twitter_misc":{"Gesch\u00e4tzte Lesezeit":"6\u00a0Minuten"},"schema":{"@context":"https:\/\/schema.org","@graph":[{"@type":"WebPage","@id":"https:\/\/www.dillerbottle.com\/products\/little-daisy-insulated-food-jar","url":"https:\/\/www.dillerbottle.com\/products\/little-daisy-insulated-food-jar","name":"Little Daisy Isoliertes Lebensmittelglas - Diller Wasserflasche Hersteller","isPartOf":{"@id":"https:\/\/www.dillerbottle.com\/#website"},"primaryImageOfPage":{"@id":"https:\/\/www.dillerbottle.com\/products\/little-daisy-insulated-food-jar#primaryimage"},"image":{"@id":"https:\/\/www.dillerbottle.com\/products\/little-daisy-insulated-food-jar#primaryimage"},"thumbnailUrl":"https:\/\/www.dillerbottle.com\/wp-content\/uploads\/2024\/09\/little-daisy-insulated-food-jar3a9d6b5e-d6b3-481a-85d9-156fc9817880.jpg","datePublished":"2024-09-26T01:38:23+00:00","dateModified":"2025-07-10T07:42:14+00:00","description":"Als einer der besten Hersteller und Lieferanten von isolierten Lebensmittelbeh\u00e4ltern mit kleinem G\u00e4nsebl\u00fcmchen, besch\u00e4ftigen wir uns mit der Herstellung von Wasserflaschen guter Qualit\u00e4t. Wir hei\u00dfen Sie herzlich willkommen, Gro\u00dfhandel oder kaufen ma\u00dfgeschneiderte kleine G\u00e4nsebl\u00fcmchen isoliert Lebensmittel Glas zu wettbewerbsf\u00e4higen Preisen von uns. Auch kleine Mengen Bestellungen sind akzeptabel.","breadcrumb":{"@id":"https:\/\/www.dillerbottle.com\/products\/little-daisy-insulated-food-jar#breadcrumb"},"inLanguage":"de","potentialAction":[{"@type":"ReadAction","target":["https:\/\/www.dillerbottle.com\/products\/little-daisy-insulated-food-jar"]}]},{"@type":"ImageObject","inLanguage":"de","@id":"https:\/\/www.dillerbottle.com\/products\/little-daisy-insulated-food-jar#primaryimage","url":"https:\/\/www.dillerbottle.com\/wp-content\/uploads\/2024\/09\/little-daisy-insulated-food-jar3a9d6b5e-d6b3-481a-85d9-156fc9817880.jpg","contentUrl":"https:\/\/www.dillerbottle.com\/wp-content\/uploads\/2024\/09\/little-daisy-insulated-food-jar3a9d6b5e-d6b3-481a-85d9-156fc9817880.jpg","width":730,"height":730},{"@type":"BreadcrumbList","@id":"https:\/\/www.dillerbottle.com\/products\/little-daisy-insulated-food-jar#breadcrumb","itemListElement":[{"@type":"ListItem","position":1,"name":"Home","item":"https:\/\/www.dillerbottle.com\/"},{"@type":"ListItem","position":2,"name":"Products","item":"https:\/\/www.dillerbottle.com\/shop"},{"@type":"ListItem","position":3,"name":"Little Daisy Insulated Food Jar"}]},{"@type":"WebSite","@id":"https:\/\/www.dillerbottle.com\/#website","url":"https:\/\/www.dillerbottle.com\/","name":"Diller Wasserflaschenhersteller","description":"Wasserflaschenhersteller","publisher":{"@id":"https:\/\/www.dillerbottle.com\/#organization"},"potentialAction":[{"@type":"SearchAction","target":{"@type":"EntryPoint","urlTemplate":"https:\/\/www.dillerbottle.com\/?s={search_term_string}"},"query-input":{"@type":"PropertyValueSpecification","valueRequired":true,"valueName":"search_term_string"}}],"inLanguage":"de"},{"@type":"Organization","@id":"https:\/\/www.dillerbottle.com\/#organization","name":"Diller Wasserflaschenhersteller","url":"https:\/\/www.dillerbottle.com\/","logo":{"@type":"ImageObject","inLanguage":"de","@id":"https:\/\/www.dillerbottle.com\/#\/schema\/logo\/image\/","url":"https:\/\/www.dillerbottle.com\/wp-content\/uploads\/2024\/09\/49918bfa848dcc1e9f8b509933603ac.png","contentUrl":"https:\/\/www.dillerbottle.com\/wp-content\/uploads\/2024\/09\/49918bfa848dcc1e9f8b509933603ac.png","width":988,"height":198,"caption":"Diller Water Bottle Manufacturer"},"image":{"@id":"https:\/\/www.dillerbottle.com\/#\/schema\/logo\/image\/"}}]}},"_links":{"self":[{"href":"https:\/\/www.dillerbottle.com\/de\/wp-json\/wp\/v2\/product\/2760","targetHints":{"allow":["GET"]}}],"collection":[{"href":"https:\/\/www.dillerbottle.com\/de\/wp-json\/wp\/v2\/product"}],"about":[{"href":"https:\/\/www.dillerbottle.com\/de\/wp-json\/wp\/v2\/types\/product"}],"replies":[{"embeddable":true,"href":"https:\/\/www.dillerbottle.com\/de\/wp-json\/wp\/v2\/comments?post=2760"}],"wp:featuredmedia":[{"embeddable":true,"href":"https:\/\/www.dillerbottle.com\/de\/wp-json\/wp\/v2\/media\/2761"}],"wp:attachment":[{"href":"https:\/\/www.dillerbottle.com\/de\/wp-json\/wp\/v2\/media?parent=2760"}],"wp:term":[{"taxonomy":"product_brand","embeddable":true,"href":"https:\/\/www.dillerbottle.com\/de\/wp-json\/wp\/v2\/product_brand?post=2760"},{"taxonomy":"product_cat","embeddable":true,"href":"https:\/\/www.dillerbottle.com\/de\/wp-json\/wp\/v2\/product_cat?post=2760"},{"taxonomy":"product_tag","embeddable":true,"href":"https:\/\/www.dillerbottle.com\/de\/wp-json\/wp\/v2\/product_tag?post=2760"}],"curies":[{"name":"wp","href":"https:\/\/api.w.org\/{rel}","templated":true}]}}