{"id":3021,"date":"2024-09-26T09:41:51","date_gmt":"2024-09-26T01:41:51","guid":{"rendered":"https:\/\/demo.dillerbottle.com\/uncategorized\/thermos-stainless-steel-food-jar"},"modified":"2025-07-10T15:33:34","modified_gmt":"2025-07-10T07:33:34","slug":"thermos-edelstahl-lebensmittelgefas","status":"publish","type":"product","link":"https:\/\/www.dillerbottle.com\/de\/products\/thermos-stainless-steel-food-jar","title":{"rendered":"Thermos-Edelstahl-Lebensmittelglas"},"content":{"rendered":"<p>Merkmale:<br \/>\n1. die gro\u00dfe \u00d6ffnung macht die Thermoskanne aus rostfreiem Stahl leicht zu bef\u00fcllen und zu reinigen.<\/p>\n<p>2. die isolierte Dose eignet sich hervorragend f\u00fcr Reisende und Camper, aber auch f\u00fcr das Mittagessen auf der Arbeit oder in der Schule.<\/p>\n<p>3. die doppelwandige Vakuumisolierung h\u00e4lt hei\u00dfe oder kalte Temperaturen aufrecht.<\/p>\n<p>4. dauerhafte Lebensmittelqualit\u00e4t 304 (18\/8) Edelstahl innen und au\u00dfen.<br \/>\n5.450ml Fassungsverm\u00f6gen ist gro\u00df genug f\u00fcr den t\u00e4glichen Bedarf.<\/p>","protected":false},"excerpt":{"rendered":"<p>Diese Thermoskanne aus rostfreiem Stahl ist aus langlebigem 304er Edelstahl gefertigt.<br \/>\nDiese Thermoskanne aus Edelstahl kann den Inhalt bis zu 12 Stunden hei\u00df und bis zu 18 Stunden eiskalt halten.<br \/>\nOEM und OEM akzeptabel.<br \/>\nWir k\u00f6nnen<br \/>\nSie k\u00f6nnen den Beh\u00e4lter f\u00fcr Lebensmittel nach Ihren W\u00fcnschen gestalten.<br \/>\nWillkommen beim Gro\u00dfhandelskauf, senden Sie jetzt eine Anfrage!<\/p>","protected":false},"featured_media":3022,"comment_status":"open","ping_status":"closed","template":"","meta":{"_acf_changed":false},"product_brand":[],"product_cat":[108],"product_tag":[32,36,33,31,175,119,39,38,139,29,37,34,35,131,28,166,176,170,30],"class_list":{"0":"post-3021","1":"product","2":"type-product","3":"status-publish","4":"has-post-thumbnail","6":"product_cat-insulated-food-jar","7":"product_tag-best","8":"product_tag-bulk","9":"product_tag-buy","10":"product_tag-custom","11":"product_tag-flask-for-food","12":"product_tag-food-flask","13":"product_tag-for-sale","14":"product_tag-good-quality","15":"product_tag-hot-and-cold-thermal-food-container","16":"product_tag-manufacturers","17":"product_tag-manufacturing","18":"product_tag-price","19":"product_tag-small","20":"product_tag-stainless-steel-thermal-food-container","21":"product_tag-suppliers","22":"product_tag-thermal-lunch-box","23":"product_tag-thermos-stainless-steel-food-jar","24":"product_tag-vacuum-food-flask","25":"product_tag-wholesale","27":"first","28":"instock","29":"shipping-taxable","30":"product-type-simple"},"acf":[],"yoast_head":"<!-- This site is optimized with the Yoast SEO Premium plugin v27.5 (Yoast SEO v27.5) - https:\/\/yoast.com\/product\/yoast-seo-premium-wordpress\/ -->\n<title>Thermos Stainless Steel Food Jar - Diller Water Bottle Manufacturer<\/title>\n<meta name=\"description\" content=\"As one of the best thermos stainless steel food jar manufacturers and suppliers, we are engaged in manufacturing good quality water bottles. We warmly welcome you to wholesale or buy custom made thermos stainless steel food jar at competitive price from us. Also, small quantity orders are acceptable.\" \/>\n<meta name=\"robots\" content=\"index, follow, max-snippet:-1, max-image-preview:large, max-video-preview:-1\" \/>\n<link rel=\"canonical\" href=\"https:\/\/www.dillerbottle.com\/de\/produkte\/thermos-edelstahl-lebensmittelgefas\" \/>\n<meta property=\"og:locale\" content=\"de_DE\" \/>\n<meta property=\"og:type\" content=\"article\" \/>\n<meta property=\"og:title\" content=\"Thermos Stainless Steel Food Jar\" \/>\n<meta property=\"og:description\" content=\"As one of the best thermos stainless steel food jar manufacturers and suppliers, we are engaged in manufacturing good quality water bottles. We warmly welcome you to wholesale or buy custom made thermos stainless steel food jar at competitive price from us. Also, small quantity orders are acceptable.\" \/>\n<meta property=\"og:url\" content=\"https:\/\/www.dillerbottle.com\/de\/produkte\/thermos-edelstahl-lebensmittelgefas\" \/>\n<meta property=\"og:site_name\" content=\"Diller Water Bottle Manufacturer\" \/>\n<meta property=\"article:modified_time\" content=\"2025-07-10T07:33:34+00:00\" \/>\n<meta property=\"og:image\" content=\"https:\/\/www.dillerbottle.com\/wp-content\/uploads\/2024\/09\/thermos-stainless-steel-food-jar30412031084.jpg\" \/>\n\t<meta property=\"og:image:width\" content=\"730\" \/>\n\t<meta property=\"og:image:height\" content=\"730\" \/>\n\t<meta property=\"og:image:type\" content=\"image\/jpeg\" \/>\n<meta name=\"twitter:card\" content=\"summary_large_image\" \/>\n<meta name=\"twitter:label1\" content=\"Gesch\u00e4tzte Lesezeit\" \/>\n\t<meta name=\"twitter:data1\" content=\"2\u00a0Minuten\" \/>\n<script type=\"application\/ld+json\" class=\"yoast-schema-graph\">{\"@context\":\"https:\\\/\\\/schema.org\",\"@graph\":[{\"@type\":\"WebPage\",\"@id\":\"https:\\\/\\\/www.dillerbottle.com\\\/products\\\/thermos-stainless-steel-food-jar\",\"url\":\"https:\\\/\\\/www.dillerbottle.com\\\/products\\\/thermos-stainless-steel-food-jar\",\"name\":\"Thermos Stainless Steel Food Jar - Diller Water Bottle Manufacturer\",\"isPartOf\":{\"@id\":\"https:\\\/\\\/www.dillerbottle.com\\\/#website\"},\"primaryImageOfPage\":{\"@id\":\"https:\\\/\\\/www.dillerbottle.com\\\/products\\\/thermos-stainless-steel-food-jar#primaryimage\"},\"image\":{\"@id\":\"https:\\\/\\\/www.dillerbottle.com\\\/products\\\/thermos-stainless-steel-food-jar#primaryimage\"},\"thumbnailUrl\":\"https:\\\/\\\/www.dillerbottle.com\\\/wp-content\\\/uploads\\\/2024\\\/09\\\/thermos-stainless-steel-food-jar30412031084.jpg\",\"datePublished\":\"2024-09-26T01:41:51+00:00\",\"dateModified\":\"2025-07-10T07:33:34+00:00\",\"description\":\"As one of the best thermos stainless steel food jar manufacturers and suppliers, we are engaged in manufacturing good quality water bottles. We warmly welcome you to wholesale or buy custom made thermos stainless steel food jar at competitive price from us. Also, small quantity orders are acceptable.\",\"breadcrumb\":{\"@id\":\"https:\\\/\\\/www.dillerbottle.com\\\/products\\\/thermos-stainless-steel-food-jar#breadcrumb\"},\"inLanguage\":\"de\",\"potentialAction\":[{\"@type\":\"ReadAction\",\"target\":[\"https:\\\/\\\/www.dillerbottle.com\\\/products\\\/thermos-stainless-steel-food-jar\"]}]},{\"@type\":\"ImageObject\",\"inLanguage\":\"de\",\"@id\":\"https:\\\/\\\/www.dillerbottle.com\\\/products\\\/thermos-stainless-steel-food-jar#primaryimage\",\"url\":\"https:\\\/\\\/www.dillerbottle.com\\\/wp-content\\\/uploads\\\/2024\\\/09\\\/thermos-stainless-steel-food-jar30412031084.jpg\",\"contentUrl\":\"https:\\\/\\\/www.dillerbottle.com\\\/wp-content\\\/uploads\\\/2024\\\/09\\\/thermos-stainless-steel-food-jar30412031084.jpg\",\"width\":730,\"height\":730},{\"@type\":\"BreadcrumbList\",\"@id\":\"https:\\\/\\\/www.dillerbottle.com\\\/products\\\/thermos-stainless-steel-food-jar#breadcrumb\",\"itemListElement\":[{\"@type\":\"ListItem\",\"position\":1,\"name\":\"Home\",\"item\":\"https:\\\/\\\/www.dillerbottle.com\\\/\"},{\"@type\":\"ListItem\",\"position\":2,\"name\":\"Products\",\"item\":\"https:\\\/\\\/www.dillerbottle.com\\\/shop\"},{\"@type\":\"ListItem\",\"position\":3,\"name\":\"Thermos Stainless Steel Food Jar\"}]},{\"@type\":\"WebSite\",\"@id\":\"https:\\\/\\\/www.dillerbottle.com\\\/#website\",\"url\":\"https:\\\/\\\/www.dillerbottle.com\\\/\",\"name\":\"Diller Water Bottle Manufacturer\",\"description\":\"Water Bottle Manufacturer\",\"publisher\":{\"@id\":\"https:\\\/\\\/www.dillerbottle.com\\\/#organization\"},\"potentialAction\":[{\"@type\":\"SearchAction\",\"target\":{\"@type\":\"EntryPoint\",\"urlTemplate\":\"https:\\\/\\\/www.dillerbottle.com\\\/?s={search_term_string}\"},\"query-input\":{\"@type\":\"PropertyValueSpecification\",\"valueRequired\":true,\"valueName\":\"search_term_string\"}}],\"inLanguage\":\"de\"},{\"@type\":\"Organization\",\"@id\":\"https:\\\/\\\/www.dillerbottle.com\\\/#organization\",\"name\":\"Diller Water Bottle Manufacturer\",\"url\":\"https:\\\/\\\/www.dillerbottle.com\\\/\",\"logo\":{\"@type\":\"ImageObject\",\"inLanguage\":\"de\",\"@id\":\"https:\\\/\\\/www.dillerbottle.com\\\/#\\\/schema\\\/logo\\\/image\\\/\",\"url\":\"https:\\\/\\\/www.dillerbottle.com\\\/wp-content\\\/uploads\\\/2024\\\/09\\\/49918bfa848dcc1e9f8b509933603ac.png\",\"contentUrl\":\"https:\\\/\\\/www.dillerbottle.com\\\/wp-content\\\/uploads\\\/2024\\\/09\\\/49918bfa848dcc1e9f8b509933603ac.png\",\"width\":988,\"height\":198,\"caption\":\"Diller Water Bottle Manufacturer\"},\"image\":{\"@id\":\"https:\\\/\\\/www.dillerbottle.com\\\/#\\\/schema\\\/logo\\\/image\\\/\"}}]}<\/script>\n<!-- \/ Yoast SEO Premium plugin. -->","yoast_head_json":{"title":"Thermos Edelstahl Lebensmittelbeh\u00e4lter - Diller Wasserflasche Hersteller","description":"Als einer der besten Hersteller und Lieferanten von Thermoskannen aus rostfreiem Stahl, besch\u00e4ftigen wir uns mit der Herstellung von Wasserflaschen guter Qualit\u00e4t. Wir hei\u00dfen Sie herzlich willkommen, Gro\u00dfhandel oder kaufen ma\u00dfgeschneiderte Thermos Edelstahl Lebensmittel Glas zu wettbewerbsf\u00e4higen Preisen von uns. Auch kleine Mengen Bestellungen sind akzeptabel.","robots":{"index":"index","follow":"follow","max-snippet":"max-snippet:-1","max-image-preview":"max-image-preview:large","max-video-preview":"max-video-preview:-1"},"canonical":"https:\/\/www.dillerbottle.com\/de\/produkte\/thermos-edelstahl-lebensmittelgefas","og_locale":"de_DE","og_type":"article","og_title":"Thermos Stainless Steel Food Jar","og_description":"As one of the best thermos stainless steel food jar manufacturers and suppliers, we are engaged in manufacturing good quality water bottles. We warmly welcome you to wholesale or buy custom made thermos stainless steel food jar at competitive price from us. Also, small quantity orders are acceptable.","og_url":"https:\/\/www.dillerbottle.com\/de\/produkte\/thermos-edelstahl-lebensmittelgefas","og_site_name":"Diller Water Bottle Manufacturer","article_modified_time":"2025-07-10T07:33:34+00:00","og_image":[{"width":730,"height":730,"url":"https:\/\/www.dillerbottle.com\/wp-content\/uploads\/2024\/09\/thermos-stainless-steel-food-jar30412031084.jpg","type":"image\/jpeg"}],"twitter_card":"summary_large_image","twitter_misc":{"Gesch\u00e4tzte Lesezeit":"2\u00a0Minuten"},"schema":{"@context":"https:\/\/schema.org","@graph":[{"@type":"WebPage","@id":"https:\/\/www.dillerbottle.com\/products\/thermos-stainless-steel-food-jar","url":"https:\/\/www.dillerbottle.com\/products\/thermos-stainless-steel-food-jar","name":"Thermos Edelstahl Lebensmittelbeh\u00e4lter - Diller Wasserflasche Hersteller","isPartOf":{"@id":"https:\/\/www.dillerbottle.com\/#website"},"primaryImageOfPage":{"@id":"https:\/\/www.dillerbottle.com\/products\/thermos-stainless-steel-food-jar#primaryimage"},"image":{"@id":"https:\/\/www.dillerbottle.com\/products\/thermos-stainless-steel-food-jar#primaryimage"},"thumbnailUrl":"https:\/\/www.dillerbottle.com\/wp-content\/uploads\/2024\/09\/thermos-stainless-steel-food-jar30412031084.jpg","datePublished":"2024-09-26T01:41:51+00:00","dateModified":"2025-07-10T07:33:34+00:00","description":"Als einer der besten Hersteller und Lieferanten von Thermoskannen aus rostfreiem Stahl, besch\u00e4ftigen wir uns mit der Herstellung von Wasserflaschen guter Qualit\u00e4t. Wir hei\u00dfen Sie herzlich willkommen, Gro\u00dfhandel oder kaufen ma\u00dfgeschneiderte Thermos Edelstahl Lebensmittel Glas zu wettbewerbsf\u00e4higen Preisen von uns. Auch kleine Mengen Bestellungen sind akzeptabel.","breadcrumb":{"@id":"https:\/\/www.dillerbottle.com\/products\/thermos-stainless-steel-food-jar#breadcrumb"},"inLanguage":"de","potentialAction":[{"@type":"ReadAction","target":["https:\/\/www.dillerbottle.com\/products\/thermos-stainless-steel-food-jar"]}]},{"@type":"ImageObject","inLanguage":"de","@id":"https:\/\/www.dillerbottle.com\/products\/thermos-stainless-steel-food-jar#primaryimage","url":"https:\/\/www.dillerbottle.com\/wp-content\/uploads\/2024\/09\/thermos-stainless-steel-food-jar30412031084.jpg","contentUrl":"https:\/\/www.dillerbottle.com\/wp-content\/uploads\/2024\/09\/thermos-stainless-steel-food-jar30412031084.jpg","width":730,"height":730},{"@type":"BreadcrumbList","@id":"https:\/\/www.dillerbottle.com\/products\/thermos-stainless-steel-food-jar#breadcrumb","itemListElement":[{"@type":"ListItem","position":1,"name":"Home","item":"https:\/\/www.dillerbottle.com\/"},{"@type":"ListItem","position":2,"name":"Products","item":"https:\/\/www.dillerbottle.com\/shop"},{"@type":"ListItem","position":3,"name":"Thermos Stainless Steel Food Jar"}]},{"@type":"WebSite","@id":"https:\/\/www.dillerbottle.com\/#website","url":"https:\/\/www.dillerbottle.com\/","name":"Diller Wasserflaschenhersteller","description":"Wasserflaschenhersteller","publisher":{"@id":"https:\/\/www.dillerbottle.com\/#organization"},"potentialAction":[{"@type":"SearchAction","target":{"@type":"EntryPoint","urlTemplate":"https:\/\/www.dillerbottle.com\/?s={search_term_string}"},"query-input":{"@type":"PropertyValueSpecification","valueRequired":true,"valueName":"search_term_string"}}],"inLanguage":"de"},{"@type":"Organization","@id":"https:\/\/www.dillerbottle.com\/#organization","name":"Diller Wasserflaschenhersteller","url":"https:\/\/www.dillerbottle.com\/","logo":{"@type":"ImageObject","inLanguage":"de","@id":"https:\/\/www.dillerbottle.com\/#\/schema\/logo\/image\/","url":"https:\/\/www.dillerbottle.com\/wp-content\/uploads\/2024\/09\/49918bfa848dcc1e9f8b509933603ac.png","contentUrl":"https:\/\/www.dillerbottle.com\/wp-content\/uploads\/2024\/09\/49918bfa848dcc1e9f8b509933603ac.png","width":988,"height":198,"caption":"Diller Water Bottle Manufacturer"},"image":{"@id":"https:\/\/www.dillerbottle.com\/#\/schema\/logo\/image\/"}}]}},"_links":{"self":[{"href":"https:\/\/www.dillerbottle.com\/de\/wp-json\/wp\/v2\/product\/3021","targetHints":{"allow":["GET"]}}],"collection":[{"href":"https:\/\/www.dillerbottle.com\/de\/wp-json\/wp\/v2\/product"}],"about":[{"href":"https:\/\/www.dillerbottle.com\/de\/wp-json\/wp\/v2\/types\/product"}],"replies":[{"embeddable":true,"href":"https:\/\/www.dillerbottle.com\/de\/wp-json\/wp\/v2\/comments?post=3021"}],"wp:featuredmedia":[{"embeddable":true,"href":"https:\/\/www.dillerbottle.com\/de\/wp-json\/wp\/v2\/media\/3022"}],"wp:attachment":[{"href":"https:\/\/www.dillerbottle.com\/de\/wp-json\/wp\/v2\/media?parent=3021"}],"wp:term":[{"taxonomy":"product_brand","embeddable":true,"href":"https:\/\/www.dillerbottle.com\/de\/wp-json\/wp\/v2\/product_brand?post=3021"},{"taxonomy":"product_cat","embeddable":true,"href":"https:\/\/www.dillerbottle.com\/de\/wp-json\/wp\/v2\/product_cat?post=3021"},{"taxonomy":"product_tag","embeddable":true,"href":"https:\/\/www.dillerbottle.com\/de\/wp-json\/wp\/v2\/product_tag?post=3021"}],"curies":[{"name":"wp","href":"https:\/\/api.w.org\/{rel}","templated":true}]}}