{"id":3111,"date":"2024-09-26T09:42:51","date_gmt":"2024-09-26T01:42:51","guid":{"rendered":"https:\/\/demo.dillerbottle.com\/uncategorized\/vacuum-insulated-food-jar"},"modified":"2025-07-10T15:24:25","modified_gmt":"2025-07-10T07:24:25","slug":"vakuum-isolierte-lebensmittelbehalter","status":"publish","type":"product","link":"https:\/\/www.dillerbottle.com\/de\/products\/vacuum-insulated-food-jar","title":{"rendered":"Vakuum-Isolierglas f\u00fcr Lebensmittel"},"content":{"rendered":"<p>1. hochwertiges Material- Hergestellt aus lebensmittelechtem Edelstahl 304, kann 10-12 Stunden lang hei\u00df oder kalt gehalten werden, genie\u00dfen Sie einfach k\u00f6stliche gefrorene Fr\u00fcchte im Sommer und essen Sie warme Speisen im Winter.<br \/>\n2. gro\u00dfes Fassungsverm\u00f6gen- Mit 550ml Fassungsverm\u00f6gen und Edelstahl L\u00f6ffel, gro\u00df genug, um Mahlzeit zu halten.<br \/>\n3. vakuumisolierte Lebensmittelbeh\u00e4lter mit leicht zu bef\u00fcllender breiter \u00d6ffnung; gro\u00dfer Edelstahldeckel, der als Sch\u00fcssel verwendet werden kann; inkl. Teleskop-Edelstahll\u00f6ffel.<\/p>","protected":false},"excerpt":{"rendered":"<p>Eigenschaften: 1.hochwertiges Material- Hergestellt aus lebensmittelechtem 304 Edelstahl, in der Lage, hei\u00df oder kalt f\u00fcr 10-12 Stunden zu halten, genie\u00dfen Sie einfach k\u00f6stliche gefrorene Fr\u00fcchte im Sommer und essen Sie warme Speisen im Winter.<br \/>\n2. gro\u00dfes Fassungsverm\u00f6gen- Mit 550ml Fassungsverm\u00f6gen und Edelstahl L\u00f6ffel, gro\u00df genug, um Mahlzeit zu halten.<br \/>\n3.Vakuum...<\/p>","protected":false},"featured_media":3112,"comment_status":"open","ping_status":"closed","template":"","meta":{"_acf_changed":false},"product_brand":[],"product_cat":[108],"product_tag":[32,36,33,31,175,149,39,38,135,29,37,34,35,28,117,115,130,188,30],"class_list":{"0":"post-3111","1":"product","2":"type-product","3":"status-publish","4":"has-post-thumbnail","6":"product_cat-insulated-food-jar","7":"product_tag-best","8":"product_tag-bulk","9":"product_tag-buy","10":"product_tag-custom","11":"product_tag-flask-for-food","12":"product_tag-food-thermal-container-double-wall","13":"product_tag-for-sale","14":"product_tag-good-quality","15":"product_tag-insulated-thermal-food-container","16":"product_tag-manufacturers","17":"product_tag-manufacturing","18":"product_tag-price","19":"product_tag-small","20":"product_tag-suppliers","21":"product_tag-thermal-food-warmer","22":"product_tag-thermal-insulated-food-container","23":"product_tag-thermal-stainless-steel-food-jar","24":"product_tag-vacuum-insulated-food-jar","25":"product_tag-wholesale","27":"first","28":"instock","29":"shipping-taxable","30":"product-type-simple"},"acf":[],"yoast_head":"<!-- This site is optimized with the Yoast SEO Premium plugin v27.5 (Yoast SEO v27.5) - https:\/\/yoast.com\/product\/yoast-seo-premium-wordpress\/ -->\n<title>Vacuum Insulated Food Jar - Diller Water Bottle Manufacturer<\/title>\n<meta name=\"description\" content=\"As one of the best vacuum insulated food jar manufacturers and suppliers, we are engaged in manufacturing good quality water bottles. We warmly welcome you to wholesale or buy custom made vacuum insulated food jar at competitive price from us. Also, small quantity orders are acceptable.\" \/>\n<meta name=\"robots\" content=\"index, follow, max-snippet:-1, max-image-preview:large, max-video-preview:-1\" \/>\n<link rel=\"canonical\" href=\"https:\/\/www.dillerbottle.com\/de\/produkte\/vakuum-isolierte-lebensmittelbehalter\" \/>\n<meta property=\"og:locale\" content=\"de_DE\" \/>\n<meta property=\"og:type\" content=\"article\" \/>\n<meta property=\"og:title\" content=\"Vacuum Insulated Food Jar\" \/>\n<meta property=\"og:description\" content=\"As one of the best vacuum insulated food jar manufacturers and suppliers, we are engaged in manufacturing good quality water bottles. We warmly welcome you to wholesale or buy custom made vacuum insulated food jar at competitive price from us. Also, small quantity orders are acceptable.\" \/>\n<meta property=\"og:url\" content=\"https:\/\/www.dillerbottle.com\/de\/produkte\/vakuum-isolierte-lebensmittelbehalter\" \/>\n<meta property=\"og:site_name\" content=\"Diller Water Bottle Manufacturer\" \/>\n<meta property=\"article:modified_time\" content=\"2025-07-10T07:24:25+00:00\" \/>\n<meta property=\"og:image\" content=\"https:\/\/www.dillerbottle.com\/wp-content\/uploads\/2024\/09\/vacuum-insulated-food-jar23144822016.jpg\" \/>\n\t<meta property=\"og:image:width\" content=\"730\" \/>\n\t<meta property=\"og:image:height\" content=\"730\" \/>\n\t<meta property=\"og:image:type\" content=\"image\/jpeg\" \/>\n<meta name=\"twitter:card\" content=\"summary_large_image\" \/>\n<meta name=\"twitter:label1\" content=\"Gesch\u00e4tzte Lesezeit\" \/>\n\t<meta name=\"twitter:data1\" content=\"2\u00a0Minuten\" \/>\n<script type=\"application\/ld+json\" class=\"yoast-schema-graph\">{\"@context\":\"https:\\\/\\\/schema.org\",\"@graph\":[{\"@type\":\"WebPage\",\"@id\":\"https:\\\/\\\/www.dillerbottle.com\\\/products\\\/vacuum-insulated-food-jar\",\"url\":\"https:\\\/\\\/www.dillerbottle.com\\\/products\\\/vacuum-insulated-food-jar\",\"name\":\"Vacuum Insulated Food Jar - Diller Water Bottle Manufacturer\",\"isPartOf\":{\"@id\":\"https:\\\/\\\/www.dillerbottle.com\\\/#website\"},\"primaryImageOfPage\":{\"@id\":\"https:\\\/\\\/www.dillerbottle.com\\\/products\\\/vacuum-insulated-food-jar#primaryimage\"},\"image\":{\"@id\":\"https:\\\/\\\/www.dillerbottle.com\\\/products\\\/vacuum-insulated-food-jar#primaryimage\"},\"thumbnailUrl\":\"https:\\\/\\\/www.dillerbottle.com\\\/wp-content\\\/uploads\\\/2024\\\/09\\\/vacuum-insulated-food-jar23144822016.jpg\",\"datePublished\":\"2024-09-26T01:42:51+00:00\",\"dateModified\":\"2025-07-10T07:24:25+00:00\",\"description\":\"As one of the best vacuum insulated food jar manufacturers and suppliers, we are engaged in manufacturing good quality water bottles. We warmly welcome you to wholesale or buy custom made vacuum insulated food jar at competitive price from us. Also, small quantity orders are acceptable.\",\"breadcrumb\":{\"@id\":\"https:\\\/\\\/www.dillerbottle.com\\\/products\\\/vacuum-insulated-food-jar#breadcrumb\"},\"inLanguage\":\"de\",\"potentialAction\":[{\"@type\":\"ReadAction\",\"target\":[\"https:\\\/\\\/www.dillerbottle.com\\\/products\\\/vacuum-insulated-food-jar\"]}]},{\"@type\":\"ImageObject\",\"inLanguage\":\"de\",\"@id\":\"https:\\\/\\\/www.dillerbottle.com\\\/products\\\/vacuum-insulated-food-jar#primaryimage\",\"url\":\"https:\\\/\\\/www.dillerbottle.com\\\/wp-content\\\/uploads\\\/2024\\\/09\\\/vacuum-insulated-food-jar23144822016.jpg\",\"contentUrl\":\"https:\\\/\\\/www.dillerbottle.com\\\/wp-content\\\/uploads\\\/2024\\\/09\\\/vacuum-insulated-food-jar23144822016.jpg\",\"width\":730,\"height\":730},{\"@type\":\"BreadcrumbList\",\"@id\":\"https:\\\/\\\/www.dillerbottle.com\\\/products\\\/vacuum-insulated-food-jar#breadcrumb\",\"itemListElement\":[{\"@type\":\"ListItem\",\"position\":1,\"name\":\"Home\",\"item\":\"https:\\\/\\\/www.dillerbottle.com\\\/\"},{\"@type\":\"ListItem\",\"position\":2,\"name\":\"Products\",\"item\":\"https:\\\/\\\/www.dillerbottle.com\\\/shop\"},{\"@type\":\"ListItem\",\"position\":3,\"name\":\"Vacuum Insulated Food Jar\"}]},{\"@type\":\"WebSite\",\"@id\":\"https:\\\/\\\/www.dillerbottle.com\\\/#website\",\"url\":\"https:\\\/\\\/www.dillerbottle.com\\\/\",\"name\":\"Diller Water Bottle Manufacturer\",\"description\":\"Water Bottle Manufacturer\",\"publisher\":{\"@id\":\"https:\\\/\\\/www.dillerbottle.com\\\/#organization\"},\"potentialAction\":[{\"@type\":\"SearchAction\",\"target\":{\"@type\":\"EntryPoint\",\"urlTemplate\":\"https:\\\/\\\/www.dillerbottle.com\\\/?s={search_term_string}\"},\"query-input\":{\"@type\":\"PropertyValueSpecification\",\"valueRequired\":true,\"valueName\":\"search_term_string\"}}],\"inLanguage\":\"de\"},{\"@type\":\"Organization\",\"@id\":\"https:\\\/\\\/www.dillerbottle.com\\\/#organization\",\"name\":\"Diller Water Bottle Manufacturer\",\"url\":\"https:\\\/\\\/www.dillerbottle.com\\\/\",\"logo\":{\"@type\":\"ImageObject\",\"inLanguage\":\"de\",\"@id\":\"https:\\\/\\\/www.dillerbottle.com\\\/#\\\/schema\\\/logo\\\/image\\\/\",\"url\":\"https:\\\/\\\/www.dillerbottle.com\\\/wp-content\\\/uploads\\\/2024\\\/09\\\/49918bfa848dcc1e9f8b509933603ac.png\",\"contentUrl\":\"https:\\\/\\\/www.dillerbottle.com\\\/wp-content\\\/uploads\\\/2024\\\/09\\\/49918bfa848dcc1e9f8b509933603ac.png\",\"width\":988,\"height\":198,\"caption\":\"Diller Water Bottle Manufacturer\"},\"image\":{\"@id\":\"https:\\\/\\\/www.dillerbottle.com\\\/#\\\/schema\\\/logo\\\/image\\\/\"}}]}<\/script>\n<!-- \/ Yoast SEO Premium plugin. -->","yoast_head_json":{"title":"Vakuum-isolierte Lebensmittelbeh\u00e4lter - Diller Wasserflasche Hersteller","description":"Als einer der besten Hersteller und Lieferanten von vakuumisolierten Lebensmittelbeh\u00e4ltern besch\u00e4ftigen wir uns mit der Herstellung von Wasserflaschen guter Qualit\u00e4t. Wir hei\u00dfen Sie herzlich willkommen, um Gro\u00dfhandel oder kaufen ma\u00dfgeschneiderte Vakuum isolierte Lebensmittel Glas zu wettbewerbsf\u00e4higen Preisen von uns. Auch kleine Mengen Bestellungen sind akzeptabel.","robots":{"index":"index","follow":"follow","max-snippet":"max-snippet:-1","max-image-preview":"max-image-preview:large","max-video-preview":"max-video-preview:-1"},"canonical":"https:\/\/www.dillerbottle.com\/de\/produkte\/vakuum-isolierte-lebensmittelbehalter","og_locale":"de_DE","og_type":"article","og_title":"Vacuum Insulated Food Jar","og_description":"As one of the best vacuum insulated food jar manufacturers and suppliers, we are engaged in manufacturing good quality water bottles. We warmly welcome you to wholesale or buy custom made vacuum insulated food jar at competitive price from us. Also, small quantity orders are acceptable.","og_url":"https:\/\/www.dillerbottle.com\/de\/produkte\/vakuum-isolierte-lebensmittelbehalter","og_site_name":"Diller Water Bottle Manufacturer","article_modified_time":"2025-07-10T07:24:25+00:00","og_image":[{"width":730,"height":730,"url":"https:\/\/www.dillerbottle.com\/wp-content\/uploads\/2024\/09\/vacuum-insulated-food-jar23144822016.jpg","type":"image\/jpeg"}],"twitter_card":"summary_large_image","twitter_misc":{"Gesch\u00e4tzte Lesezeit":"2\u00a0Minuten"},"schema":{"@context":"https:\/\/schema.org","@graph":[{"@type":"WebPage","@id":"https:\/\/www.dillerbottle.com\/products\/vacuum-insulated-food-jar","url":"https:\/\/www.dillerbottle.com\/products\/vacuum-insulated-food-jar","name":"Vakuum-isolierte Lebensmittelbeh\u00e4lter - Diller Wasserflasche Hersteller","isPartOf":{"@id":"https:\/\/www.dillerbottle.com\/#website"},"primaryImageOfPage":{"@id":"https:\/\/www.dillerbottle.com\/products\/vacuum-insulated-food-jar#primaryimage"},"image":{"@id":"https:\/\/www.dillerbottle.com\/products\/vacuum-insulated-food-jar#primaryimage"},"thumbnailUrl":"https:\/\/www.dillerbottle.com\/wp-content\/uploads\/2024\/09\/vacuum-insulated-food-jar23144822016.jpg","datePublished":"2024-09-26T01:42:51+00:00","dateModified":"2025-07-10T07:24:25+00:00","description":"Als einer der besten Hersteller und Lieferanten von vakuumisolierten Lebensmittelbeh\u00e4ltern besch\u00e4ftigen wir uns mit der Herstellung von Wasserflaschen guter Qualit\u00e4t. Wir hei\u00dfen Sie herzlich willkommen, um Gro\u00dfhandel oder kaufen ma\u00dfgeschneiderte Vakuum isolierte Lebensmittel Glas zu wettbewerbsf\u00e4higen Preisen von uns. Auch kleine Mengen Bestellungen sind akzeptabel.","breadcrumb":{"@id":"https:\/\/www.dillerbottle.com\/products\/vacuum-insulated-food-jar#breadcrumb"},"inLanguage":"de","potentialAction":[{"@type":"ReadAction","target":["https:\/\/www.dillerbottle.com\/products\/vacuum-insulated-food-jar"]}]},{"@type":"ImageObject","inLanguage":"de","@id":"https:\/\/www.dillerbottle.com\/products\/vacuum-insulated-food-jar#primaryimage","url":"https:\/\/www.dillerbottle.com\/wp-content\/uploads\/2024\/09\/vacuum-insulated-food-jar23144822016.jpg","contentUrl":"https:\/\/www.dillerbottle.com\/wp-content\/uploads\/2024\/09\/vacuum-insulated-food-jar23144822016.jpg","width":730,"height":730},{"@type":"BreadcrumbList","@id":"https:\/\/www.dillerbottle.com\/products\/vacuum-insulated-food-jar#breadcrumb","itemListElement":[{"@type":"ListItem","position":1,"name":"Home","item":"https:\/\/www.dillerbottle.com\/"},{"@type":"ListItem","position":2,"name":"Products","item":"https:\/\/www.dillerbottle.com\/shop"},{"@type":"ListItem","position":3,"name":"Vacuum Insulated Food Jar"}]},{"@type":"WebSite","@id":"https:\/\/www.dillerbottle.com\/#website","url":"https:\/\/www.dillerbottle.com\/","name":"Diller Wasserflaschenhersteller","description":"Wasserflaschenhersteller","publisher":{"@id":"https:\/\/www.dillerbottle.com\/#organization"},"potentialAction":[{"@type":"SearchAction","target":{"@type":"EntryPoint","urlTemplate":"https:\/\/www.dillerbottle.com\/?s={search_term_string}"},"query-input":{"@type":"PropertyValueSpecification","valueRequired":true,"valueName":"search_term_string"}}],"inLanguage":"de"},{"@type":"Organization","@id":"https:\/\/www.dillerbottle.com\/#organization","name":"Diller Wasserflaschenhersteller","url":"https:\/\/www.dillerbottle.com\/","logo":{"@type":"ImageObject","inLanguage":"de","@id":"https:\/\/www.dillerbottle.com\/#\/schema\/logo\/image\/","url":"https:\/\/www.dillerbottle.com\/wp-content\/uploads\/2024\/09\/49918bfa848dcc1e9f8b509933603ac.png","contentUrl":"https:\/\/www.dillerbottle.com\/wp-content\/uploads\/2024\/09\/49918bfa848dcc1e9f8b509933603ac.png","width":988,"height":198,"caption":"Diller Water Bottle Manufacturer"},"image":{"@id":"https:\/\/www.dillerbottle.com\/#\/schema\/logo\/image\/"}}]}},"_links":{"self":[{"href":"https:\/\/www.dillerbottle.com\/de\/wp-json\/wp\/v2\/product\/3111","targetHints":{"allow":["GET"]}}],"collection":[{"href":"https:\/\/www.dillerbottle.com\/de\/wp-json\/wp\/v2\/product"}],"about":[{"href":"https:\/\/www.dillerbottle.com\/de\/wp-json\/wp\/v2\/types\/product"}],"replies":[{"embeddable":true,"href":"https:\/\/www.dillerbottle.com\/de\/wp-json\/wp\/v2\/comments?post=3111"}],"wp:featuredmedia":[{"embeddable":true,"href":"https:\/\/www.dillerbottle.com\/de\/wp-json\/wp\/v2\/media\/3112"}],"wp:attachment":[{"href":"https:\/\/www.dillerbottle.com\/de\/wp-json\/wp\/v2\/media?parent=3111"}],"wp:term":[{"taxonomy":"product_brand","embeddable":true,"href":"https:\/\/www.dillerbottle.com\/de\/wp-json\/wp\/v2\/product_brand?post=3111"},{"taxonomy":"product_cat","embeddable":true,"href":"https:\/\/www.dillerbottle.com\/de\/wp-json\/wp\/v2\/product_cat?post=3111"},{"taxonomy":"product_tag","embeddable":true,"href":"https:\/\/www.dillerbottle.com\/de\/wp-json\/wp\/v2\/product_tag?post=3111"}],"curies":[{"name":"wp","href":"https:\/\/api.w.org\/{rel}","templated":true}]}}