{"id":3665,"date":"2024-09-26T16:30:10","date_gmt":"2024-09-26T08:30:10","guid":{"rendered":"https:\/\/demo.dillerbottle.com\/uncategorized\/plastic-kids-water-bottle"},"modified":"2025-07-10T15:18:09","modified_gmt":"2025-07-10T07:18:09","slug":"plastiktrinkflasche-fur-kinder","status":"publish","type":"product","link":"https:\/\/www.dillerbottle.com\/de\/products\/plastic-kids-water-bottle","title":{"rendered":"Plastiktrinkflasche f\u00fcr Kinder"},"content":{"rendered":"<p>Produktbeschreibung<br \/>\n1.;Die Plastik-Wasserflasche f\u00fcr Kinder besteht aus hochwertigem Tritan-Material, das leicht zu recyceln, wiederverwendbar, nachf\u00fcllbar und leicht zu reinigen ist. Sie ist au\u00dferdem frei von Giftstoffen, BPA, Schadstoffen und Geruch. Tritan verleiht dem Wasser in der wiederverwendbaren Wasserflasche weder Geschmack noch Geruch. Dieses lebensmittelsichere Material stellt keine Gesundheitsrisiken dar.<\/p>\n<p>2. Halten Sie den Auslauf im Haus oder im Freien sauber. Die Abdeckung des Auslaufs sch\u00fctzt die Kontaktfl\u00e4chen und ist mit einem Schiebeverschluss versehen, der sie geschlossen h\u00e4lt. Wenn es Zeit zum Trinken ist, l\u00e4sst sich der Aktionsdeckel mit einer Hand bedienen, und der Ausgie\u00dfer springt auf Knopfdruck leicht auf. Die Verriegelungsfunktion verhindert, dass er sich versehentlich \u00f6ffnet und in der Schultasche ausl\u00e4uft.<\/p>\n<p>3.;Die 580 ml Plastiktrinkflasche f\u00fcr Kinder bietet viel Platz f\u00fcr Wasser, ist aber auch gef\u00fcllt leicht. Sie ist die perfekte Wahl, wenn Ihr Kind nicht zu viel zus\u00e4tzliches Gewicht tragen soll.;<\/p>","protected":false},"excerpt":{"rendered":"<p>Personalisieren Sie die Plastiktrinkflasche f\u00fcr Kinder mit Ihrem Logo, Ihrer Farbe, Ihrem Muster oder Ihrem eigenen Design.<br \/>\nKostenlose Proben erh\u00e4ltlich.<br \/>\nKaufen Sie Plastiktrinkflaschen f\u00fcr Kinder in gro\u00dfen Mengen zum Gro\u00dfhandelspreis, 50\u201360 St\u00fcck, niedrige Mindestbestellmenge zur Unterst\u00fctzung Ihres Gesch\u00e4fts.<br \/>\nHergestellt aus langlebigem, hochwertigem Tritan-Material, das leicht zu recyceln, wiederverwendbar, nachf\u00fcllbar und leicht zu reinigen ist. Au\u00dferdem ist es frei von Giftstoffen, BPA, Schadstoffen und Geruch.<br \/>\nDie Ausguss-Abdeckung sch\u00fctzt Kontaktfl\u00e4chen und ist mit einem Schiebeverschluss verschlossen.<br \/>\nWenn es Zeit zum Trinken ist, l\u00e4sst sich der Aktionsdeckel mit einer Hand bedienen und der Ausguss l\u00e4sst sich ganz einfach auf Knopfdruck herausklappen.<br \/>\nMit Verriegelungsfunktion, damit es sich nicht versehentlich \u00f6ffnet und in den Schulranzen leckt.<\/p>","protected":false},"featured_media":3666,"comment_status":"open","ping_status":"closed","template":"","meta":{"_acf_changed":false},"product_brand":[],"product_cat":[200],"product_tag":[32,36,33,31,244,39,38,247,29,37,203,252,34,35,239,253,28,225,30],"class_list":{"0":"post-3665","1":"product","2":"type-product","3":"status-publish","4":"has-post-thumbnail","6":"product_cat-kids-water-bottles","7":"product_tag-best","8":"product_tag-bulk","9":"product_tag-buy","10":"product_tag-custom","11":"product_tag-double-wall-stainless-steel-water-bottle-for-kids","12":"product_tag-for-sale","13":"product_tag-good-quality","14":"product_tag-kids-water-bottle-stainless-steel","15":"product_tag-manufacturers","16":"product_tag-manufacturing","17":"product_tag-oem-stainless-steel-water-bottle-thermal-flask","18":"product_tag-plastic-kids-water-bottle","19":"product_tag-price","20":"product_tag-small","21":"product_tag-stainless-steel-water-bottle-for-kids","22":"product_tag-steel-kids-water-bottle-with-custom-color","23":"product_tag-suppliers","24":"product_tag-water-bottle-stainless-steel-custom-logo","25":"product_tag-wholesale","27":"first","28":"instock","29":"shipping-taxable","30":"product-type-simple"},"acf":[],"yoast_head":"<!-- This site is optimized with the Yoast SEO Premium plugin v27.5 (Yoast SEO v27.5) - https:\/\/yoast.com\/product\/yoast-seo-premium-wordpress\/ -->\n<title>Plastic Kids Water Bottle - Diller Water Bottle Manufacturer<\/title>\n<meta name=\"description\" content=\"As one of the best plastic kids water bottle manufacturers and suppliers, we are engaged in manufacturing good quality water bottles. We warmly welcome you to wholesale or buy custom made plastic kids water bottle at competitive price from us. Also, small quantity orders are acceptable.\" \/>\n<meta name=\"robots\" content=\"index, follow, max-snippet:-1, max-image-preview:large, max-video-preview:-1\" \/>\n<link rel=\"canonical\" href=\"https:\/\/www.dillerbottle.com\/de\/produkte\/plastiktrinkflasche-fur-kinder\" \/>\n<meta property=\"og:locale\" content=\"de_DE\" \/>\n<meta property=\"og:type\" content=\"article\" \/>\n<meta property=\"og:title\" content=\"Plastic Kids Water Bottle\" \/>\n<meta property=\"og:description\" content=\"As one of the best plastic kids water bottle manufacturers and suppliers, we are engaged in manufacturing good quality water bottles. We warmly welcome you to wholesale or buy custom made plastic kids water bottle at competitive price from us. Also, small quantity orders are acceptable.\" \/>\n<meta property=\"og:url\" content=\"https:\/\/www.dillerbottle.com\/de\/produkte\/plastiktrinkflasche-fur-kinder\" \/>\n<meta property=\"og:site_name\" content=\"Diller Water Bottle Manufacturer\" \/>\n<meta property=\"article:modified_time\" content=\"2025-07-10T07:18:09+00:00\" \/>\n<meta property=\"og:image\" content=\"https:\/\/www.dillerbottle.com\/wp-content\/uploads\/2024\/09\/plastic-kids-water-bottle26373911601.jpg\" \/>\n\t<meta property=\"og:image:width\" content=\"730\" \/>\n\t<meta property=\"og:image:height\" content=\"730\" \/>\n\t<meta property=\"og:image:type\" content=\"image\/jpeg\" \/>\n<meta name=\"twitter:card\" content=\"summary_large_image\" \/>\n<meta name=\"twitter:label1\" content=\"Gesch\u00e4tzte Lesezeit\" \/>\n\t<meta name=\"twitter:data1\" content=\"2\u00a0Minuten\" \/>\n<script type=\"application\/ld+json\" class=\"yoast-schema-graph\">{\"@context\":\"https:\\\/\\\/schema.org\",\"@graph\":[{\"@type\":\"WebPage\",\"@id\":\"https:\\\/\\\/www.dillerbottle.com\\\/ru\\\/%d0%bf%d1%80%d0%be%d0%b4%d1%83%d0%ba%d1%82%d1%8b\\\/%d0%bf%d0%bb%d0%b0%d1%81%d1%82%d0%b8%d0%ba%d0%be%d0%b2%d0%b0%d1%8f-%d0%b4%d0%b5%d1%82%d1%81%d0%ba%d0%b0%d1%8f-%d0%b1%d1%83%d1%82%d1%8b%d0%bb%d0%ba%d0%b0-%d0%b4%d0%bb%d1%8f-%d0%b2%d0%be%d0%b4%d1%8b\",\"url\":\"https:\\\/\\\/www.dillerbottle.com\\\/ru\\\/%d0%bf%d1%80%d0%be%d0%b4%d1%83%d0%ba%d1%82%d1%8b\\\/%d0%bf%d0%bb%d0%b0%d1%81%d1%82%d0%b8%d0%ba%d0%be%d0%b2%d0%b0%d1%8f-%d0%b4%d0%b5%d1%82%d1%81%d0%ba%d0%b0%d1%8f-%d0%b1%d1%83%d1%82%d1%8b%d0%bb%d0%ba%d0%b0-%d0%b4%d0%bb%d1%8f-%d0%b2%d0%be%d0%b4%d1%8b\",\"name\":\"Plastic Kids Water Bottle - Diller Water Bottle Manufacturer\",\"isPartOf\":{\"@id\":\"https:\\\/\\\/www.dillerbottle.com\\\/#website\"},\"primaryImageOfPage\":{\"@id\":\"https:\\\/\\\/www.dillerbottle.com\\\/ru\\\/%d0%bf%d1%80%d0%be%d0%b4%d1%83%d0%ba%d1%82%d1%8b\\\/%d0%bf%d0%bb%d0%b0%d1%81%d1%82%d0%b8%d0%ba%d0%be%d0%b2%d0%b0%d1%8f-%d0%b4%d0%b5%d1%82%d1%81%d0%ba%d0%b0%d1%8f-%d0%b1%d1%83%d1%82%d1%8b%d0%bb%d0%ba%d0%b0-%d0%b4%d0%bb%d1%8f-%d0%b2%d0%be%d0%b4%d1%8b#primaryimage\"},\"image\":{\"@id\":\"https:\\\/\\\/www.dillerbottle.com\\\/ru\\\/%d0%bf%d1%80%d0%be%d0%b4%d1%83%d0%ba%d1%82%d1%8b\\\/%d0%bf%d0%bb%d0%b0%d1%81%d1%82%d0%b8%d0%ba%d0%be%d0%b2%d0%b0%d1%8f-%d0%b4%d0%b5%d1%82%d1%81%d0%ba%d0%b0%d1%8f-%d0%b1%d1%83%d1%82%d1%8b%d0%bb%d0%ba%d0%b0-%d0%b4%d0%bb%d1%8f-%d0%b2%d0%be%d0%b4%d1%8b#primaryimage\"},\"thumbnailUrl\":\"https:\\\/\\\/www.dillerbottle.com\\\/wp-content\\\/uploads\\\/2024\\\/09\\\/plastic-kids-water-bottle26373911601.jpg\",\"datePublished\":\"2024-09-26T08:30:10+00:00\",\"dateModified\":\"2025-07-10T07:18:09+00:00\",\"description\":\"As one of the best plastic kids water bottle manufacturers and suppliers, we are engaged in manufacturing good quality water bottles. We warmly welcome you to wholesale or buy custom made plastic kids water bottle at competitive price from us. Also, small quantity orders are acceptable.\",\"breadcrumb\":{\"@id\":\"https:\\\/\\\/www.dillerbottle.com\\\/ru\\\/%d0%bf%d1%80%d0%be%d0%b4%d1%83%d0%ba%d1%82%d1%8b\\\/%d0%bf%d0%bb%d0%b0%d1%81%d1%82%d0%b8%d0%ba%d0%be%d0%b2%d0%b0%d1%8f-%d0%b4%d0%b5%d1%82%d1%81%d0%ba%d0%b0%d1%8f-%d0%b1%d1%83%d1%82%d1%8b%d0%bb%d0%ba%d0%b0-%d0%b4%d0%bb%d1%8f-%d0%b2%d0%be%d0%b4%d1%8b#breadcrumb\"},\"inLanguage\":\"de\",\"potentialAction\":[{\"@type\":\"ReadAction\",\"target\":[\"https:\\\/\\\/www.dillerbottle.com\\\/ru\\\/%d0%bf%d1%80%d0%be%d0%b4%d1%83%d0%ba%d1%82%d1%8b\\\/%d0%bf%d0%bb%d0%b0%d1%81%d1%82%d0%b8%d0%ba%d0%be%d0%b2%d0%b0%d1%8f-%d0%b4%d0%b5%d1%82%d1%81%d0%ba%d0%b0%d1%8f-%d0%b1%d1%83%d1%82%d1%8b%d0%bb%d0%ba%d0%b0-%d0%b4%d0%bb%d1%8f-%d0%b2%d0%be%d0%b4%d1%8b\"]}]},{\"@type\":\"ImageObject\",\"inLanguage\":\"de\",\"@id\":\"https:\\\/\\\/www.dillerbottle.com\\\/ru\\\/%d0%bf%d1%80%d0%be%d0%b4%d1%83%d0%ba%d1%82%d1%8b\\\/%d0%bf%d0%bb%d0%b0%d1%81%d1%82%d0%b8%d0%ba%d0%be%d0%b2%d0%b0%d1%8f-%d0%b4%d0%b5%d1%82%d1%81%d0%ba%d0%b0%d1%8f-%d0%b1%d1%83%d1%82%d1%8b%d0%bb%d0%ba%d0%b0-%d0%b4%d0%bb%d1%8f-%d0%b2%d0%be%d0%b4%d1%8b#primaryimage\",\"url\":\"https:\\\/\\\/www.dillerbottle.com\\\/wp-content\\\/uploads\\\/2024\\\/09\\\/plastic-kids-water-bottle26373911601.jpg\",\"contentUrl\":\"https:\\\/\\\/www.dillerbottle.com\\\/wp-content\\\/uploads\\\/2024\\\/09\\\/plastic-kids-water-bottle26373911601.jpg\",\"width\":730,\"height\":730},{\"@type\":\"BreadcrumbList\",\"@id\":\"https:\\\/\\\/www.dillerbottle.com\\\/ru\\\/%d0%bf%d1%80%d0%be%d0%b4%d1%83%d0%ba%d1%82%d1%8b\\\/%d0%bf%d0%bb%d0%b0%d1%81%d1%82%d0%b8%d0%ba%d0%be%d0%b2%d0%b0%d1%8f-%d0%b4%d0%b5%d1%82%d1%81%d0%ba%d0%b0%d1%8f-%d0%b1%d1%83%d1%82%d1%8b%d0%bb%d0%ba%d0%b0-%d0%b4%d0%bb%d1%8f-%d0%b2%d0%be%d0%b4%d1%8b#breadcrumb\",\"itemListElement\":[{\"@type\":\"ListItem\",\"position\":1,\"name\":\"Home\",\"item\":\"https:\\\/\\\/www.dillerbottle.com\\\/\"},{\"@type\":\"ListItem\",\"position\":2,\"name\":\"Products\",\"item\":\"https:\\\/\\\/www.dillerbottle.com\\\/shop\"},{\"@type\":\"ListItem\",\"position\":3,\"name\":\"Plastic Kids Water Bottle\"}]},{\"@type\":\"WebSite\",\"@id\":\"https:\\\/\\\/www.dillerbottle.com\\\/#website\",\"url\":\"https:\\\/\\\/www.dillerbottle.com\\\/\",\"name\":\"Diller Water Bottle Manufacturer\",\"description\":\"Water Bottle Manufacturer\",\"publisher\":{\"@id\":\"https:\\\/\\\/www.dillerbottle.com\\\/#organization\"},\"potentialAction\":[{\"@type\":\"SearchAction\",\"target\":{\"@type\":\"EntryPoint\",\"urlTemplate\":\"https:\\\/\\\/www.dillerbottle.com\\\/?s={search_term_string}\"},\"query-input\":{\"@type\":\"PropertyValueSpecification\",\"valueRequired\":true,\"valueName\":\"search_term_string\"}}],\"inLanguage\":\"de\"},{\"@type\":\"Organization\",\"@id\":\"https:\\\/\\\/www.dillerbottle.com\\\/#organization\",\"name\":\"Diller Water Bottle Manufacturer\",\"url\":\"https:\\\/\\\/www.dillerbottle.com\\\/\",\"logo\":{\"@type\":\"ImageObject\",\"inLanguage\":\"de\",\"@id\":\"https:\\\/\\\/www.dillerbottle.com\\\/#\\\/schema\\\/logo\\\/image\\\/\",\"url\":\"https:\\\/\\\/www.dillerbottle.com\\\/wp-content\\\/uploads\\\/2024\\\/09\\\/49918bfa848dcc1e9f8b509933603ac.png\",\"contentUrl\":\"https:\\\/\\\/www.dillerbottle.com\\\/wp-content\\\/uploads\\\/2024\\\/09\\\/49918bfa848dcc1e9f8b509933603ac.png\",\"width\":988,\"height\":198,\"caption\":\"Diller Water Bottle Manufacturer\"},\"image\":{\"@id\":\"https:\\\/\\\/www.dillerbottle.com\\\/#\\\/schema\\\/logo\\\/image\\\/\"}}]}<\/script>\n<!-- \/ Yoast SEO Premium plugin. -->","yoast_head_json":{"title":"Plastik-Trinkflasche f\u00fcr Kinder - Diller Trinkflaschenhersteller","description":"Als einer der besten Hersteller und Lieferanten von Plastikwasserflaschen f\u00fcr Kinder sind wir auf die Herstellung qualitativ hochwertiger Wasserflaschen spezialisiert. Wir hei\u00dfen Sie herzlich willkommen, bei uns ma\u00dfgeschneiderte Plastikwasserflaschen f\u00fcr Kinder zu Gro\u00dfhandelspreisen zu kaufen oder zu wettbewerbsf\u00e4higen Preisen zu erwerben. Auch Bestellungen in kleinen Mengen sind akzeptabel.","robots":{"index":"index","follow":"follow","max-snippet":"max-snippet:-1","max-image-preview":"max-image-preview:large","max-video-preview":"max-video-preview:-1"},"canonical":"https:\/\/www.dillerbottle.com\/de\/produkte\/plastiktrinkflasche-fur-kinder","og_locale":"de_DE","og_type":"article","og_title":"Plastic Kids Water Bottle","og_description":"As one of the best plastic kids water bottle manufacturers and suppliers, we are engaged in manufacturing good quality water bottles. We warmly welcome you to wholesale or buy custom made plastic kids water bottle at competitive price from us. Also, small quantity orders are acceptable.","og_url":"https:\/\/www.dillerbottle.com\/de\/produkte\/plastiktrinkflasche-fur-kinder","og_site_name":"Diller Water Bottle Manufacturer","article_modified_time":"2025-07-10T07:18:09+00:00","og_image":[{"width":730,"height":730,"url":"https:\/\/www.dillerbottle.com\/wp-content\/uploads\/2024\/09\/plastic-kids-water-bottle26373911601.jpg","type":"image\/jpeg"}],"twitter_card":"summary_large_image","twitter_misc":{"Gesch\u00e4tzte Lesezeit":"2\u00a0Minuten"},"schema":{"@context":"https:\/\/schema.org","@graph":[{"@type":"WebPage","@id":"https:\/\/www.dillerbottle.com\/ru\/%d0%bf%d1%80%d0%be%d0%b4%d1%83%d0%ba%d1%82%d1%8b\/%d0%bf%d0%bb%d0%b0%d1%81%d1%82%d0%b8%d0%ba%d0%be%d0%b2%d0%b0%d1%8f-%d0%b4%d0%b5%d1%82%d1%81%d0%ba%d0%b0%d1%8f-%d0%b1%d1%83%d1%82%d1%8b%d0%bb%d0%ba%d0%b0-%d0%b4%d0%bb%d1%8f-%d0%b2%d0%be%d0%b4%d1%8b","url":"https:\/\/www.dillerbottle.com\/ru\/%d0%bf%d1%80%d0%be%d0%b4%d1%83%d0%ba%d1%82%d1%8b\/%d0%bf%d0%bb%d0%b0%d1%81%d1%82%d0%b8%d0%ba%d0%be%d0%b2%d0%b0%d1%8f-%d0%b4%d0%b5%d1%82%d1%81%d0%ba%d0%b0%d1%8f-%d0%b1%d1%83%d1%82%d1%8b%d0%bb%d0%ba%d0%b0-%d0%b4%d0%bb%d1%8f-%d0%b2%d0%be%d0%b4%d1%8b","name":"Plastik-Trinkflasche f\u00fcr Kinder - Diller Trinkflaschenhersteller","isPartOf":{"@id":"https:\/\/www.dillerbottle.com\/#website"},"primaryImageOfPage":{"@id":"https:\/\/www.dillerbottle.com\/ru\/%d0%bf%d1%80%d0%be%d0%b4%d1%83%d0%ba%d1%82%d1%8b\/%d0%bf%d0%bb%d0%b0%d1%81%d1%82%d0%b8%d0%ba%d0%be%d0%b2%d0%b0%d1%8f-%d0%b4%d0%b5%d1%82%d1%81%d0%ba%d0%b0%d1%8f-%d0%b1%d1%83%d1%82%d1%8b%d0%bb%d0%ba%d0%b0-%d0%b4%d0%bb%d1%8f-%d0%b2%d0%be%d0%b4%d1%8b#primaryimage"},"image":{"@id":"https:\/\/www.dillerbottle.com\/ru\/%d0%bf%d1%80%d0%be%d0%b4%d1%83%d0%ba%d1%82%d1%8b\/%d0%bf%d0%bb%d0%b0%d1%81%d1%82%d0%b8%d0%ba%d0%be%d0%b2%d0%b0%d1%8f-%d0%b4%d0%b5%d1%82%d1%81%d0%ba%d0%b0%d1%8f-%d0%b1%d1%83%d1%82%d1%8b%d0%bb%d0%ba%d0%b0-%d0%b4%d0%bb%d1%8f-%d0%b2%d0%be%d0%b4%d1%8b#primaryimage"},"thumbnailUrl":"https:\/\/www.dillerbottle.com\/wp-content\/uploads\/2024\/09\/plastic-kids-water-bottle26373911601.jpg","datePublished":"2024-09-26T08:30:10+00:00","dateModified":"2025-07-10T07:18:09+00:00","description":"Als einer der besten Hersteller und Lieferanten von Plastikwasserflaschen f\u00fcr Kinder sind wir auf die Herstellung qualitativ hochwertiger Wasserflaschen spezialisiert. Wir hei\u00dfen Sie herzlich willkommen, bei uns ma\u00dfgeschneiderte Plastikwasserflaschen f\u00fcr Kinder zu Gro\u00dfhandelspreisen zu kaufen oder zu wettbewerbsf\u00e4higen Preisen zu erwerben. Auch Bestellungen in kleinen Mengen sind akzeptabel.","breadcrumb":{"@id":"https:\/\/www.dillerbottle.com\/ru\/%d0%bf%d1%80%d0%be%d0%b4%d1%83%d0%ba%d1%82%d1%8b\/%d0%bf%d0%bb%d0%b0%d1%81%d1%82%d0%b8%d0%ba%d0%be%d0%b2%d0%b0%d1%8f-%d0%b4%d0%b5%d1%82%d1%81%d0%ba%d0%b0%d1%8f-%d0%b1%d1%83%d1%82%d1%8b%d0%bb%d0%ba%d0%b0-%d0%b4%d0%bb%d1%8f-%d0%b2%d0%be%d0%b4%d1%8b#breadcrumb"},"inLanguage":"de","potentialAction":[{"@type":"ReadAction","target":["https:\/\/www.dillerbottle.com\/ru\/%d0%bf%d1%80%d0%be%d0%b4%d1%83%d0%ba%d1%82%d1%8b\/%d0%bf%d0%bb%d0%b0%d1%81%d1%82%d0%b8%d0%ba%d0%be%d0%b2%d0%b0%d1%8f-%d0%b4%d0%b5%d1%82%d1%81%d0%ba%d0%b0%d1%8f-%d0%b1%d1%83%d1%82%d1%8b%d0%bb%d0%ba%d0%b0-%d0%b4%d0%bb%d1%8f-%d0%b2%d0%be%d0%b4%d1%8b"]}]},{"@type":"ImageObject","inLanguage":"de","@id":"https:\/\/www.dillerbottle.com\/ru\/%d0%bf%d1%80%d0%be%d0%b4%d1%83%d0%ba%d1%82%d1%8b\/%d0%bf%d0%bb%d0%b0%d1%81%d1%82%d0%b8%d0%ba%d0%be%d0%b2%d0%b0%d1%8f-%d0%b4%d0%b5%d1%82%d1%81%d0%ba%d0%b0%d1%8f-%d0%b1%d1%83%d1%82%d1%8b%d0%bb%d0%ba%d0%b0-%d0%b4%d0%bb%d1%8f-%d0%b2%d0%be%d0%b4%d1%8b#primaryimage","url":"https:\/\/www.dillerbottle.com\/wp-content\/uploads\/2024\/09\/plastic-kids-water-bottle26373911601.jpg","contentUrl":"https:\/\/www.dillerbottle.com\/wp-content\/uploads\/2024\/09\/plastic-kids-water-bottle26373911601.jpg","width":730,"height":730},{"@type":"BreadcrumbList","@id":"https:\/\/www.dillerbottle.com\/ru\/%d0%bf%d1%80%d0%be%d0%b4%d1%83%d0%ba%d1%82%d1%8b\/%d0%bf%d0%bb%d0%b0%d1%81%d1%82%d0%b8%d0%ba%d0%be%d0%b2%d0%b0%d1%8f-%d0%b4%d0%b5%d1%82%d1%81%d0%ba%d0%b0%d1%8f-%d0%b1%d1%83%d1%82%d1%8b%d0%bb%d0%ba%d0%b0-%d0%b4%d0%bb%d1%8f-%d0%b2%d0%be%d0%b4%d1%8b#breadcrumb","itemListElement":[{"@type":"ListItem","position":1,"name":"Home","item":"https:\/\/www.dillerbottle.com\/"},{"@type":"ListItem","position":2,"name":"Products","item":"https:\/\/www.dillerbottle.com\/shop"},{"@type":"ListItem","position":3,"name":"Plastic Kids Water Bottle"}]},{"@type":"WebSite","@id":"https:\/\/www.dillerbottle.com\/#website","url":"https:\/\/www.dillerbottle.com\/","name":"Diller Wasserflaschenhersteller","description":"Wasserflaschenhersteller","publisher":{"@id":"https:\/\/www.dillerbottle.com\/#organization"},"potentialAction":[{"@type":"SearchAction","target":{"@type":"EntryPoint","urlTemplate":"https:\/\/www.dillerbottle.com\/?s={search_term_string}"},"query-input":{"@type":"PropertyValueSpecification","valueRequired":true,"valueName":"search_term_string"}}],"inLanguage":"de"},{"@type":"Organization","@id":"https:\/\/www.dillerbottle.com\/#organization","name":"Diller Wasserflaschenhersteller","url":"https:\/\/www.dillerbottle.com\/","logo":{"@type":"ImageObject","inLanguage":"de","@id":"https:\/\/www.dillerbottle.com\/#\/schema\/logo\/image\/","url":"https:\/\/www.dillerbottle.com\/wp-content\/uploads\/2024\/09\/49918bfa848dcc1e9f8b509933603ac.png","contentUrl":"https:\/\/www.dillerbottle.com\/wp-content\/uploads\/2024\/09\/49918bfa848dcc1e9f8b509933603ac.png","width":988,"height":198,"caption":"Diller Water Bottle Manufacturer"},"image":{"@id":"https:\/\/www.dillerbottle.com\/#\/schema\/logo\/image\/"}}]}},"_links":{"self":[{"href":"https:\/\/www.dillerbottle.com\/de\/wp-json\/wp\/v2\/product\/3665","targetHints":{"allow":["GET"]}}],"collection":[{"href":"https:\/\/www.dillerbottle.com\/de\/wp-json\/wp\/v2\/product"}],"about":[{"href":"https:\/\/www.dillerbottle.com\/de\/wp-json\/wp\/v2\/types\/product"}],"replies":[{"embeddable":true,"href":"https:\/\/www.dillerbottle.com\/de\/wp-json\/wp\/v2\/comments?post=3665"}],"wp:featuredmedia":[{"embeddable":true,"href":"https:\/\/www.dillerbottle.com\/de\/wp-json\/wp\/v2\/media\/3666"}],"wp:attachment":[{"href":"https:\/\/www.dillerbottle.com\/de\/wp-json\/wp\/v2\/media?parent=3665"}],"wp:term":[{"taxonomy":"product_brand","embeddable":true,"href":"https:\/\/www.dillerbottle.com\/de\/wp-json\/wp\/v2\/product_brand?post=3665"},{"taxonomy":"product_cat","embeddable":true,"href":"https:\/\/www.dillerbottle.com\/de\/wp-json\/wp\/v2\/product_cat?post=3665"},{"taxonomy":"product_tag","embeddable":true,"href":"https:\/\/www.dillerbottle.com\/de\/wp-json\/wp\/v2\/product_tag?post=3665"}],"curies":[{"name":"wp","href":"https:\/\/api.w.org\/{rel}","templated":true}]}}