{"id":3698,"date":"2024-09-26T16:30:32","date_gmt":"2024-09-26T08:30:32","guid":{"rendered":"https:\/\/demo.dillerbottle.com\/uncategorized\/kids-straw-water-bottle"},"modified":"2025-07-10T15:13:28","modified_gmt":"2025-07-10T07:13:28","slug":"trinkflasche-mit-strohhalm-fur-kinder","status":"publish","type":"product","link":"https:\/\/www.dillerbottle.com\/de\/products\/kids-straw-water-bottle","title":{"rendered":"Trinkflasche mit Strohhalm f\u00fcr Kinder"},"content":{"rendered":"<p>Produktinformation:<br \/>\n1. Strohhalm aus lebensmittelechtem Silikon. Trinkflasche mit Strohhalm f\u00fcr Kinder aus Tritan-Material in Mutter-Baby-Qualit\u00e4t und Strohhalm aus lebensmittelechtem Silikon.<\/p>\n<p>2. Zum \u00d6ffnen dr\u00fccken, mit auslaufsicherem Sicherheitsschloss. Das Flaschen\u00f6ffner-Design spart die Arbeit beim \u00d6ffnen des Deckels, ist tragbar f\u00fcr Kinder, der \u00d6ffnungsknopf kann zum Verriegeln nach oben gedr\u00fcckt werden, um Wasserlecks zu verhindern.<\/p>\n<p>3. 500 ml Fassungsverm\u00f6gen reichen f\u00fcr den Einsatz im Freien, in der Schule oder zu Hause, eine tolle Gr\u00f6\u00dfe f\u00fcr kleine Kinder. Leicht und tragbar, damit Kinder sie \u00fcberallhin mitnehmen k\u00f6nnen.<\/p>\n<p>4. Die sch\u00fctzende Ausgussabdeckung h\u00e4lt groben Schmutz und Keime fern.<\/p>","protected":false},"excerpt":{"rendered":"<p>Merkmale: 1.<br \/>\nStrohhalm aus lebensmittelechtem Silikon.<br \/>\nKinder-Trinkflasche mit Strohhalm aus Tritan-Material in Mutter-Baby-Qualit\u00e4t und Strohhalm aus lebensmittelechtem Silikon.<br \/>\n2.<br \/>\nZum \u00d6ffnen durch Dr\u00fccken mit auslaufsicherem Sicherheitsverschluss.<br \/>\nDas Design der Flaschen\u00f6ffnung per Presse erspart die Arbeit des \u00d6ffnens des Deckels und ist f\u00fcr Kinder tragbar. Der \u00d6ffnungsknopf kann zum Verriegeln nach oben gedr\u00fcckt werden und verhindert so das Austreten von Wasser.<br \/>\n3.<br \/>\nDas Fassungsverm\u00f6gen von 500 ml reicht f\u00fcr den Einsatz im Freien, in der Schule oder zu Hause aus \u2026<\/p>","protected":false},"featured_media":3699,"comment_status":"open","ping_status":"closed","template":"","meta":{"_acf_changed":false},"product_brand":[],"product_cat":[200],"product_tag":[258,32,36,33,31,244,39,38,259,260,29,37,34,35,221,206,28,223,30],"class_list":{"0":"post-3698","1":"product","2":"type-product","3":"status-publish","4":"has-post-thumbnail","6":"product_cat-kids-water-bottles","7":"product_tag-5-gallon-water-bottle","8":"product_tag-best","9":"product_tag-bulk","10":"product_tag-buy","11":"product_tag-custom","12":"product_tag-double-wall-stainless-steel-water-bottle-for-kids","13":"product_tag-for-sale","14":"product_tag-good-quality","15":"product_tag-kids-straw-water-bottle","16":"product_tag-kids-water-bottle","17":"product_tag-manufacturers","18":"product_tag-manufacturing","19":"product_tag-price","20":"product_tag-small","21":"product_tag-stainless-steel-water-bottle-kids","22":"product_tag-steel-water-bottle","23":"product_tag-suppliers","24":"product_tag-water-bottle-baby-bottle","25":"product_tag-wholesale","27":"first","28":"instock","29":"shipping-taxable","30":"product-type-simple"},"acf":[],"yoast_head":"<!-- This site is optimized with the Yoast SEO Premium plugin v27.5 (Yoast SEO v27.5) - https:\/\/yoast.com\/product\/yoast-seo-premium-wordpress\/ -->\n<title>Kids Straw Water Bottle - Diller Water Bottle Manufacturer<\/title>\n<meta name=\"description\" content=\"As one of the best kids straw water bottle manufacturers and suppliers, we are engaged in manufacturing good quality water bottles. We warmly welcome you to wholesale or buy custom made kids straw water bottle at competitive price from us. Also, small quantity orders are acceptable.\" \/>\n<meta name=\"robots\" content=\"index, follow, max-snippet:-1, max-image-preview:large, max-video-preview:-1\" \/>\n<link rel=\"canonical\" href=\"https:\/\/www.dillerbottle.com\/de\/produkte\/trinkflasche-mit-strohhalm-fur-kinder\" \/>\n<meta property=\"og:locale\" content=\"de_DE\" \/>\n<meta property=\"og:type\" content=\"article\" \/>\n<meta property=\"og:title\" content=\"Kids Straw Water Bottle\" \/>\n<meta property=\"og:description\" content=\"As one of the best kids straw water bottle manufacturers and suppliers, we are engaged in manufacturing good quality water bottles. We warmly welcome you to wholesale or buy custom made kids straw water bottle at competitive price from us. Also, small quantity orders are acceptable.\" \/>\n<meta property=\"og:url\" content=\"https:\/\/www.dillerbottle.com\/de\/produkte\/trinkflasche-mit-strohhalm-fur-kinder\" \/>\n<meta property=\"og:site_name\" content=\"Diller Water Bottle Manufacturer\" \/>\n<meta property=\"article:modified_time\" content=\"2025-07-10T07:13:28+00:00\" \/>\n<meta property=\"og:image\" content=\"https:\/\/www.dillerbottle.com\/wp-content\/uploads\/2024\/09\/kids-straw-water-bottle45178624925.jpg\" \/>\n\t<meta property=\"og:image:width\" content=\"730\" \/>\n\t<meta property=\"og:image:height\" content=\"730\" \/>\n\t<meta property=\"og:image:type\" content=\"image\/jpeg\" \/>\n<meta name=\"twitter:card\" content=\"summary_large_image\" \/>\n<meta name=\"twitter:label1\" content=\"Gesch\u00e4tzte Lesezeit\" \/>\n\t<meta name=\"twitter:data1\" content=\"3\u00a0Minuten\" \/>\n<script type=\"application\/ld+json\" class=\"yoast-schema-graph\">{\"@context\":\"https:\\\/\\\/schema.org\",\"@graph\":[{\"@type\":\"WebPage\",\"@id\":\"https:\\\/\\\/www.dillerbottle.com\\\/products\\\/kids-straw-water-bottle\",\"url\":\"https:\\\/\\\/www.dillerbottle.com\\\/products\\\/kids-straw-water-bottle\",\"name\":\"Kids Straw Water Bottle - Diller Water Bottle Manufacturer\",\"isPartOf\":{\"@id\":\"https:\\\/\\\/www.dillerbottle.com\\\/#website\"},\"primaryImageOfPage\":{\"@id\":\"https:\\\/\\\/www.dillerbottle.com\\\/products\\\/kids-straw-water-bottle#primaryimage\"},\"image\":{\"@id\":\"https:\\\/\\\/www.dillerbottle.com\\\/products\\\/kids-straw-water-bottle#primaryimage\"},\"thumbnailUrl\":\"https:\\\/\\\/www.dillerbottle.com\\\/wp-content\\\/uploads\\\/2024\\\/09\\\/kids-straw-water-bottle45178624925.jpg\",\"datePublished\":\"2024-09-26T08:30:32+00:00\",\"dateModified\":\"2025-07-10T07:13:28+00:00\",\"description\":\"As one of the best kids straw water bottle manufacturers and suppliers, we are engaged in manufacturing good quality water bottles. We warmly welcome you to wholesale or buy custom made kids straw water bottle at competitive price from us. Also, small quantity orders are acceptable.\",\"breadcrumb\":{\"@id\":\"https:\\\/\\\/www.dillerbottle.com\\\/products\\\/kids-straw-water-bottle#breadcrumb\"},\"inLanguage\":\"de\",\"potentialAction\":[{\"@type\":\"ReadAction\",\"target\":[\"https:\\\/\\\/www.dillerbottle.com\\\/products\\\/kids-straw-water-bottle\"]}]},{\"@type\":\"ImageObject\",\"inLanguage\":\"de\",\"@id\":\"https:\\\/\\\/www.dillerbottle.com\\\/products\\\/kids-straw-water-bottle#primaryimage\",\"url\":\"https:\\\/\\\/www.dillerbottle.com\\\/wp-content\\\/uploads\\\/2024\\\/09\\\/kids-straw-water-bottle45178624925.jpg\",\"contentUrl\":\"https:\\\/\\\/www.dillerbottle.com\\\/wp-content\\\/uploads\\\/2024\\\/09\\\/kids-straw-water-bottle45178624925.jpg\",\"width\":730,\"height\":730},{\"@type\":\"BreadcrumbList\",\"@id\":\"https:\\\/\\\/www.dillerbottle.com\\\/products\\\/kids-straw-water-bottle#breadcrumb\",\"itemListElement\":[{\"@type\":\"ListItem\",\"position\":1,\"name\":\"Home\",\"item\":\"https:\\\/\\\/www.dillerbottle.com\\\/\"},{\"@type\":\"ListItem\",\"position\":2,\"name\":\"Products\",\"item\":\"https:\\\/\\\/www.dillerbottle.com\\\/shop\"},{\"@type\":\"ListItem\",\"position\":3,\"name\":\"Kids Straw Water Bottle\"}]},{\"@type\":\"WebSite\",\"@id\":\"https:\\\/\\\/www.dillerbottle.com\\\/#website\",\"url\":\"https:\\\/\\\/www.dillerbottle.com\\\/\",\"name\":\"Diller Water Bottle Manufacturer\",\"description\":\"Water Bottle Manufacturer\",\"publisher\":{\"@id\":\"https:\\\/\\\/www.dillerbottle.com\\\/#organization\"},\"potentialAction\":[{\"@type\":\"SearchAction\",\"target\":{\"@type\":\"EntryPoint\",\"urlTemplate\":\"https:\\\/\\\/www.dillerbottle.com\\\/?s={search_term_string}\"},\"query-input\":{\"@type\":\"PropertyValueSpecification\",\"valueRequired\":true,\"valueName\":\"search_term_string\"}}],\"inLanguage\":\"de\"},{\"@type\":\"Organization\",\"@id\":\"https:\\\/\\\/www.dillerbottle.com\\\/#organization\",\"name\":\"Diller Water Bottle Manufacturer\",\"url\":\"https:\\\/\\\/www.dillerbottle.com\\\/\",\"logo\":{\"@type\":\"ImageObject\",\"inLanguage\":\"de\",\"@id\":\"https:\\\/\\\/www.dillerbottle.com\\\/#\\\/schema\\\/logo\\\/image\\\/\",\"url\":\"https:\\\/\\\/www.dillerbottle.com\\\/wp-content\\\/uploads\\\/2024\\\/09\\\/49918bfa848dcc1e9f8b509933603ac.png\",\"contentUrl\":\"https:\\\/\\\/www.dillerbottle.com\\\/wp-content\\\/uploads\\\/2024\\\/09\\\/49918bfa848dcc1e9f8b509933603ac.png\",\"width\":988,\"height\":198,\"caption\":\"Diller Water Bottle Manufacturer\"},\"image\":{\"@id\":\"https:\\\/\\\/www.dillerbottle.com\\\/#\\\/schema\\\/logo\\\/image\\\/\"}}]}<\/script>\n<!-- \/ Yoast SEO Premium plugin. -->","yoast_head_json":{"title":"Trinkflasche mit Strohhalm f\u00fcr Kinder - Diller Trinkflaschenhersteller","description":"Als einer der besten Hersteller und Lieferanten von Trinkflaschen mit Strohhalm f\u00fcr Kinder sind wir auf die Herstellung qualitativ hochwertiger Trinkflaschen spezialisiert. Wir hei\u00dfen Sie herzlich willkommen, bei uns Trinkflaschen mit Strohhalm f\u00fcr Kinder im Gro\u00dfhandel zu kaufen oder individuell angefertigte Trinkflaschen mit Strohhalm zu wettbewerbsf\u00e4higen Preisen zu erwerben. Auch Bestellungen in kleinen Mengen sind akzeptabel.","robots":{"index":"index","follow":"follow","max-snippet":"max-snippet:-1","max-image-preview":"max-image-preview:large","max-video-preview":"max-video-preview:-1"},"canonical":"https:\/\/www.dillerbottle.com\/de\/produkte\/trinkflasche-mit-strohhalm-fur-kinder","og_locale":"de_DE","og_type":"article","og_title":"Kids Straw Water Bottle","og_description":"As one of the best kids straw water bottle manufacturers and suppliers, we are engaged in manufacturing good quality water bottles. We warmly welcome you to wholesale or buy custom made kids straw water bottle at competitive price from us. Also, small quantity orders are acceptable.","og_url":"https:\/\/www.dillerbottle.com\/de\/produkte\/trinkflasche-mit-strohhalm-fur-kinder","og_site_name":"Diller Water Bottle Manufacturer","article_modified_time":"2025-07-10T07:13:28+00:00","og_image":[{"width":730,"height":730,"url":"https:\/\/www.dillerbottle.com\/wp-content\/uploads\/2024\/09\/kids-straw-water-bottle45178624925.jpg","type":"image\/jpeg"}],"twitter_card":"summary_large_image","twitter_misc":{"Gesch\u00e4tzte Lesezeit":"3\u00a0Minuten"},"schema":{"@context":"https:\/\/schema.org","@graph":[{"@type":"WebPage","@id":"https:\/\/www.dillerbottle.com\/products\/kids-straw-water-bottle","url":"https:\/\/www.dillerbottle.com\/products\/kids-straw-water-bottle","name":"Trinkflasche mit Strohhalm f\u00fcr Kinder - Diller Trinkflaschenhersteller","isPartOf":{"@id":"https:\/\/www.dillerbottle.com\/#website"},"primaryImageOfPage":{"@id":"https:\/\/www.dillerbottle.com\/products\/kids-straw-water-bottle#primaryimage"},"image":{"@id":"https:\/\/www.dillerbottle.com\/products\/kids-straw-water-bottle#primaryimage"},"thumbnailUrl":"https:\/\/www.dillerbottle.com\/wp-content\/uploads\/2024\/09\/kids-straw-water-bottle45178624925.jpg","datePublished":"2024-09-26T08:30:32+00:00","dateModified":"2025-07-10T07:13:28+00:00","description":"Als einer der besten Hersteller und Lieferanten von Trinkflaschen mit Strohhalm f\u00fcr Kinder sind wir auf die Herstellung qualitativ hochwertiger Trinkflaschen spezialisiert. Wir hei\u00dfen Sie herzlich willkommen, bei uns Trinkflaschen mit Strohhalm f\u00fcr Kinder im Gro\u00dfhandel zu kaufen oder individuell angefertigte Trinkflaschen mit Strohhalm zu wettbewerbsf\u00e4higen Preisen zu erwerben. Auch Bestellungen in kleinen Mengen sind akzeptabel.","breadcrumb":{"@id":"https:\/\/www.dillerbottle.com\/products\/kids-straw-water-bottle#breadcrumb"},"inLanguage":"de","potentialAction":[{"@type":"ReadAction","target":["https:\/\/www.dillerbottle.com\/products\/kids-straw-water-bottle"]}]},{"@type":"ImageObject","inLanguage":"de","@id":"https:\/\/www.dillerbottle.com\/products\/kids-straw-water-bottle#primaryimage","url":"https:\/\/www.dillerbottle.com\/wp-content\/uploads\/2024\/09\/kids-straw-water-bottle45178624925.jpg","contentUrl":"https:\/\/www.dillerbottle.com\/wp-content\/uploads\/2024\/09\/kids-straw-water-bottle45178624925.jpg","width":730,"height":730},{"@type":"BreadcrumbList","@id":"https:\/\/www.dillerbottle.com\/products\/kids-straw-water-bottle#breadcrumb","itemListElement":[{"@type":"ListItem","position":1,"name":"Home","item":"https:\/\/www.dillerbottle.com\/"},{"@type":"ListItem","position":2,"name":"Products","item":"https:\/\/www.dillerbottle.com\/shop"},{"@type":"ListItem","position":3,"name":"Kids Straw Water Bottle"}]},{"@type":"WebSite","@id":"https:\/\/www.dillerbottle.com\/#website","url":"https:\/\/www.dillerbottle.com\/","name":"Diller Wasserflaschenhersteller","description":"Wasserflaschenhersteller","publisher":{"@id":"https:\/\/www.dillerbottle.com\/#organization"},"potentialAction":[{"@type":"SearchAction","target":{"@type":"EntryPoint","urlTemplate":"https:\/\/www.dillerbottle.com\/?s={search_term_string}"},"query-input":{"@type":"PropertyValueSpecification","valueRequired":true,"valueName":"search_term_string"}}],"inLanguage":"de"},{"@type":"Organization","@id":"https:\/\/www.dillerbottle.com\/#organization","name":"Diller Wasserflaschenhersteller","url":"https:\/\/www.dillerbottle.com\/","logo":{"@type":"ImageObject","inLanguage":"de","@id":"https:\/\/www.dillerbottle.com\/#\/schema\/logo\/image\/","url":"https:\/\/www.dillerbottle.com\/wp-content\/uploads\/2024\/09\/49918bfa848dcc1e9f8b509933603ac.png","contentUrl":"https:\/\/www.dillerbottle.com\/wp-content\/uploads\/2024\/09\/49918bfa848dcc1e9f8b509933603ac.png","width":988,"height":198,"caption":"Diller Water Bottle Manufacturer"},"image":{"@id":"https:\/\/www.dillerbottle.com\/#\/schema\/logo\/image\/"}}]}},"_links":{"self":[{"href":"https:\/\/www.dillerbottle.com\/de\/wp-json\/wp\/v2\/product\/3698","targetHints":{"allow":["GET"]}}],"collection":[{"href":"https:\/\/www.dillerbottle.com\/de\/wp-json\/wp\/v2\/product"}],"about":[{"href":"https:\/\/www.dillerbottle.com\/de\/wp-json\/wp\/v2\/types\/product"}],"replies":[{"embeddable":true,"href":"https:\/\/www.dillerbottle.com\/de\/wp-json\/wp\/v2\/comments?post=3698"}],"wp:featuredmedia":[{"embeddable":true,"href":"https:\/\/www.dillerbottle.com\/de\/wp-json\/wp\/v2\/media\/3699"}],"wp:attachment":[{"href":"https:\/\/www.dillerbottle.com\/de\/wp-json\/wp\/v2\/media?parent=3698"}],"wp:term":[{"taxonomy":"product_brand","embeddable":true,"href":"https:\/\/www.dillerbottle.com\/de\/wp-json\/wp\/v2\/product_brand?post=3698"},{"taxonomy":"product_cat","embeddable":true,"href":"https:\/\/www.dillerbottle.com\/de\/wp-json\/wp\/v2\/product_cat?post=3698"},{"taxonomy":"product_tag","embeddable":true,"href":"https:\/\/www.dillerbottle.com\/de\/wp-json\/wp\/v2\/product_tag?post=3698"}],"curies":[{"name":"wp","href":"https:\/\/api.w.org\/{rel}","templated":true}]}}