{"id":3860,"date":"2024-09-26T16:32:32","date_gmt":"2024-09-26T08:32:32","guid":{"rendered":"https:\/\/demo.dillerbottle.com\/uncategorized\/kids-vacuum-bottle"},"modified":"2025-07-10T15:09:59","modified_gmt":"2025-07-10T07:09:59","slug":"kinder-isolierflasche","status":"publish","type":"product","link":"https:\/\/www.dillerbottle.com\/de\/products\/kids-vacuum-bottle","title":{"rendered":"Kinder-Isolierflasche"},"content":{"rendered":"<p>Merkmale:<br \/>\n1. Diese Isolierflasche f\u00fcr Kinder ist aus hochwertigem 316 Edelstahl gefertigt. Bei regelm\u00e4\u00dfiger Verwendung wird diese Isolierflasche f\u00fcr Kinder niemals rosten, sich verbiegen oder brechen.<\/p>\n<p>2. Das Besondere an dieser Flasche ist, dass ein Deckel zwei Trinkm\u00f6glichkeiten bietet: einen Strohhalm und eine \u00d6ffnung zum direkten Trinken. Sie k\u00f6nnen je nach Ihren pers\u00f6nlichen Vorlieben zwischen verschiedenen Trinkm\u00f6glichkeiten w\u00e4hlen, ohne den Deckel wechseln zu m\u00fcssen.<\/p>\n<p>3. Diller verwendet eine fortschrittliche Vakuumisolationstechnologie, die eine l\u00e4nger anhaltende Isolierwirkung hat, die 9% h\u00f6her ist als die gew\u00f6hnliche Vakuumtechnologie der Vakuumflasche. H\u00e4lt 24 Stunden kalt und 13 Stunden warm.<\/p>\n<p>4. Mit der Diller-Isolierflasche f\u00fcr Kinder k\u00f6nnen Sie Ihrem Kind ein leckeres Getr\u00e4nk mit in die Schule geben. Mit verstellbarem Riemen f\u00fcr einfaches Tragen.<\/p>","protected":false},"excerpt":{"rendered":"<p>Diese Isolierflasche f\u00fcr Kinder ist aus hochwertigem 316 Edelstahl gefertigt. Bei regelm\u00e4\u00dfiger Verwendung wird diese Isolierflasche f\u00fcr Kinder niemals rosten, sich verbiegen oder brechen.<br \/>\nEin Deckel enth\u00e4lt zwei Trinkm\u00f6glichkeiten: einen Strohhalm und eine direkte Trink\u00f6ffnung.<br \/>\nVerwendet eine fortschrittliche Vakuumisolationstechnologie, die eine l\u00e4nger anhaltende Isolierwirkung hat, die 9% h\u00f6her ist als bei der gew\u00f6hnlichen Vakuumtechnologie der Vakuumflasche.<br \/>\nH\u00e4lt 24 Stunden kalt und 13 Stunden warm.<br \/>\nKostenlose Proben erh\u00e4ltlich.<br \/>\nWir k\u00f6nnen die Kinder-Isolierflasche nach Ihren Anforderungen wie Logo, Muster, Farbe und Verpackung personalisieren.<br \/>\nWillkommen beim Gro\u00dfhandelskauf, senden Sie jetzt eine Anfrage!<\/p>","protected":false},"featured_media":3861,"comment_status":"open","ping_status":"closed","template":"","meta":{"_acf_changed":false},"product_brand":[],"product_cat":[200],"product_tag":[258,32,36,33,31,39,38,240,236,270,29,37,203,34,35,206,28,217,30],"class_list":{"0":"post-3860","1":"product","2":"type-product","3":"status-publish","4":"has-post-thumbnail","6":"product_cat-kids-water-bottles","7":"product_tag-5-gallon-water-bottle","8":"product_tag-best","9":"product_tag-bulk","10":"product_tag-buy","11":"product_tag-custom","12":"product_tag-for-sale","13":"product_tag-good-quality","14":"product_tag-insulated-water-bottles-for-kids","15":"product_tag-kids-strap-water-bottles","16":"product_tag-kids-vacuum-bottle","17":"product_tag-manufacturers","18":"product_tag-manufacturing","19":"product_tag-oem-stainless-steel-water-bottle-thermal-flask","20":"product_tag-price","21":"product_tag-small","22":"product_tag-steel-water-bottle","23":"product_tag-suppliers","24":"product_tag-water-bottle-plastic","25":"product_tag-wholesale","27":"first","28":"instock","29":"shipping-taxable","30":"product-type-simple"},"acf":[],"yoast_head":"<!-- This site is optimized with the Yoast SEO Premium plugin v27.5 (Yoast SEO v27.5) - https:\/\/yoast.com\/product\/yoast-seo-premium-wordpress\/ -->\n<title>Kids Vacuum Bottle - Diller Water Bottle Manufacturer<\/title>\n<meta name=\"description\" content=\"As one of the best kids vacuum bottle manufacturers and suppliers, we are engaged in manufacturing good quality water bottles. We warmly welcome you to wholesale or buy custom made kids vacuum bottle at competitive price from us. Also, small quantity orders are acceptable.\" \/>\n<meta name=\"robots\" content=\"index, follow, max-snippet:-1, max-image-preview:large, max-video-preview:-1\" \/>\n<link rel=\"canonical\" href=\"https:\/\/www.dillerbottle.com\/de\/produkte\/kinder-isolierflasche\" \/>\n<meta property=\"og:locale\" content=\"de_DE\" \/>\n<meta property=\"og:type\" content=\"article\" \/>\n<meta property=\"og:title\" content=\"Kids Vacuum Bottle\" \/>\n<meta property=\"og:description\" content=\"As one of the best kids vacuum bottle manufacturers and suppliers, we are engaged in manufacturing good quality water bottles. We warmly welcome you to wholesale or buy custom made kids vacuum bottle at competitive price from us. Also, small quantity orders are acceptable.\" \/>\n<meta property=\"og:url\" content=\"https:\/\/www.dillerbottle.com\/de\/produkte\/kinder-isolierflasche\" \/>\n<meta property=\"og:site_name\" content=\"Diller Water Bottle Manufacturer\" \/>\n<meta property=\"article:modified_time\" content=\"2025-07-10T07:09:59+00:00\" \/>\n<meta property=\"og:image\" content=\"https:\/\/www.dillerbottle.com\/wp-content\/uploads\/2024\/09\/kids-vacuum-bottle40225477673.jpg\" \/>\n\t<meta property=\"og:image:width\" content=\"730\" \/>\n\t<meta property=\"og:image:height\" content=\"730\" \/>\n\t<meta property=\"og:image:type\" content=\"image\/jpeg\" \/>\n<meta name=\"twitter:card\" content=\"summary_large_image\" \/>\n<meta name=\"twitter:label1\" content=\"Gesch\u00e4tzte Lesezeit\" \/>\n\t<meta name=\"twitter:data1\" content=\"2\u00a0Minuten\" \/>\n<script type=\"application\/ld+json\" class=\"yoast-schema-graph\">{\"@context\":\"https:\\\/\\\/schema.org\",\"@graph\":[{\"@type\":\"WebPage\",\"@id\":\"https:\\\/\\\/www.dillerbottle.com\\\/ko\\\/%ec%a0%9c%ed%92%88\\\/%ec%96%b4%eb%a6%b0%ec%9d%b4%ec%9a%a9-%ec%a7%84%ea%b3%b5%eb%b3%91\",\"url\":\"https:\\\/\\\/www.dillerbottle.com\\\/ko\\\/%ec%a0%9c%ed%92%88\\\/%ec%96%b4%eb%a6%b0%ec%9d%b4%ec%9a%a9-%ec%a7%84%ea%b3%b5%eb%b3%91\",\"name\":\"Kids Vacuum Bottle - Diller Water Bottle Manufacturer\",\"isPartOf\":{\"@id\":\"https:\\\/\\\/www.dillerbottle.com\\\/#website\"},\"primaryImageOfPage\":{\"@id\":\"https:\\\/\\\/www.dillerbottle.com\\\/ko\\\/%ec%a0%9c%ed%92%88\\\/%ec%96%b4%eb%a6%b0%ec%9d%b4%ec%9a%a9-%ec%a7%84%ea%b3%b5%eb%b3%91#primaryimage\"},\"image\":{\"@id\":\"https:\\\/\\\/www.dillerbottle.com\\\/ko\\\/%ec%a0%9c%ed%92%88\\\/%ec%96%b4%eb%a6%b0%ec%9d%b4%ec%9a%a9-%ec%a7%84%ea%b3%b5%eb%b3%91#primaryimage\"},\"thumbnailUrl\":\"https:\\\/\\\/www.dillerbottle.com\\\/wp-content\\\/uploads\\\/2024\\\/09\\\/kids-vacuum-bottle40225477673.jpg\",\"datePublished\":\"2024-09-26T08:32:32+00:00\",\"dateModified\":\"2025-07-10T07:09:59+00:00\",\"description\":\"As one of the best kids vacuum bottle manufacturers and suppliers, we are engaged in manufacturing good quality water bottles. We warmly welcome you to wholesale or buy custom made kids vacuum bottle at competitive price from us. Also, small quantity orders are acceptable.\",\"breadcrumb\":{\"@id\":\"https:\\\/\\\/www.dillerbottle.com\\\/ko\\\/%ec%a0%9c%ed%92%88\\\/%ec%96%b4%eb%a6%b0%ec%9d%b4%ec%9a%a9-%ec%a7%84%ea%b3%b5%eb%b3%91#breadcrumb\"},\"inLanguage\":\"de\",\"potentialAction\":[{\"@type\":\"ReadAction\",\"target\":[\"https:\\\/\\\/www.dillerbottle.com\\\/ko\\\/%ec%a0%9c%ed%92%88\\\/%ec%96%b4%eb%a6%b0%ec%9d%b4%ec%9a%a9-%ec%a7%84%ea%b3%b5%eb%b3%91\"]}]},{\"@type\":\"ImageObject\",\"inLanguage\":\"de\",\"@id\":\"https:\\\/\\\/www.dillerbottle.com\\\/ko\\\/%ec%a0%9c%ed%92%88\\\/%ec%96%b4%eb%a6%b0%ec%9d%b4%ec%9a%a9-%ec%a7%84%ea%b3%b5%eb%b3%91#primaryimage\",\"url\":\"https:\\\/\\\/www.dillerbottle.com\\\/wp-content\\\/uploads\\\/2024\\\/09\\\/kids-vacuum-bottle40225477673.jpg\",\"contentUrl\":\"https:\\\/\\\/www.dillerbottle.com\\\/wp-content\\\/uploads\\\/2024\\\/09\\\/kids-vacuum-bottle40225477673.jpg\",\"width\":730,\"height\":730},{\"@type\":\"BreadcrumbList\",\"@id\":\"https:\\\/\\\/www.dillerbottle.com\\\/ko\\\/%ec%a0%9c%ed%92%88\\\/%ec%96%b4%eb%a6%b0%ec%9d%b4%ec%9a%a9-%ec%a7%84%ea%b3%b5%eb%b3%91#breadcrumb\",\"itemListElement\":[{\"@type\":\"ListItem\",\"position\":1,\"name\":\"Home\",\"item\":\"https:\\\/\\\/www.dillerbottle.com\\\/\"},{\"@type\":\"ListItem\",\"position\":2,\"name\":\"Products\",\"item\":\"https:\\\/\\\/www.dillerbottle.com\\\/shop\"},{\"@type\":\"ListItem\",\"position\":3,\"name\":\"Kids Vacuum Bottle\"}]},{\"@type\":\"WebSite\",\"@id\":\"https:\\\/\\\/www.dillerbottle.com\\\/#website\",\"url\":\"https:\\\/\\\/www.dillerbottle.com\\\/\",\"name\":\"Diller Water Bottle Manufacturer\",\"description\":\"Water Bottle Manufacturer\",\"publisher\":{\"@id\":\"https:\\\/\\\/www.dillerbottle.com\\\/#organization\"},\"potentialAction\":[{\"@type\":\"SearchAction\",\"target\":{\"@type\":\"EntryPoint\",\"urlTemplate\":\"https:\\\/\\\/www.dillerbottle.com\\\/?s={search_term_string}\"},\"query-input\":{\"@type\":\"PropertyValueSpecification\",\"valueRequired\":true,\"valueName\":\"search_term_string\"}}],\"inLanguage\":\"de\"},{\"@type\":\"Organization\",\"@id\":\"https:\\\/\\\/www.dillerbottle.com\\\/#organization\",\"name\":\"Diller Water Bottle Manufacturer\",\"url\":\"https:\\\/\\\/www.dillerbottle.com\\\/\",\"logo\":{\"@type\":\"ImageObject\",\"inLanguage\":\"de\",\"@id\":\"https:\\\/\\\/www.dillerbottle.com\\\/#\\\/schema\\\/logo\\\/image\\\/\",\"url\":\"https:\\\/\\\/www.dillerbottle.com\\\/wp-content\\\/uploads\\\/2024\\\/09\\\/49918bfa848dcc1e9f8b509933603ac.png\",\"contentUrl\":\"https:\\\/\\\/www.dillerbottle.com\\\/wp-content\\\/uploads\\\/2024\\\/09\\\/49918bfa848dcc1e9f8b509933603ac.png\",\"width\":988,\"height\":198,\"caption\":\"Diller Water Bottle Manufacturer\"},\"image\":{\"@id\":\"https:\\\/\\\/www.dillerbottle.com\\\/#\\\/schema\\\/logo\\\/image\\\/\"}}]}<\/script>\n<!-- \/ Yoast SEO Premium plugin. -->","yoast_head_json":{"title":"Kinder-Vakuumflasche - Diller Wasserflaschenhersteller","description":"Als einer der besten Hersteller und Lieferanten von Vakuumflaschen f\u00fcr Kinder sind wir auf die Herstellung hochwertiger Wasserflaschen spezialisiert. Wir hei\u00dfen Sie herzlich willkommen, bei uns im Gro\u00dfhandel oder zu wettbewerbsf\u00e4higen Preisen individuell angefertigte Vakuumflaschen f\u00fcr Kinder zu kaufen. Auch Bestellungen in kleinen Mengen sind akzeptabel.","robots":{"index":"index","follow":"follow","max-snippet":"max-snippet:-1","max-image-preview":"max-image-preview:large","max-video-preview":"max-video-preview:-1"},"canonical":"https:\/\/www.dillerbottle.com\/de\/produkte\/kinder-isolierflasche","og_locale":"de_DE","og_type":"article","og_title":"Kids Vacuum Bottle","og_description":"As one of the best kids vacuum bottle manufacturers and suppliers, we are engaged in manufacturing good quality water bottles. We warmly welcome you to wholesale or buy custom made kids vacuum bottle at competitive price from us. Also, small quantity orders are acceptable.","og_url":"https:\/\/www.dillerbottle.com\/de\/produkte\/kinder-isolierflasche","og_site_name":"Diller Water Bottle Manufacturer","article_modified_time":"2025-07-10T07:09:59+00:00","og_image":[{"width":730,"height":730,"url":"https:\/\/www.dillerbottle.com\/wp-content\/uploads\/2024\/09\/kids-vacuum-bottle40225477673.jpg","type":"image\/jpeg"}],"twitter_card":"summary_large_image","twitter_misc":{"Gesch\u00e4tzte Lesezeit":"2\u00a0Minuten"},"schema":{"@context":"https:\/\/schema.org","@graph":[{"@type":"WebPage","@id":"https:\/\/www.dillerbottle.com\/ko\/%ec%a0%9c%ed%92%88\/%ec%96%b4%eb%a6%b0%ec%9d%b4%ec%9a%a9-%ec%a7%84%ea%b3%b5%eb%b3%91","url":"https:\/\/www.dillerbottle.com\/ko\/%ec%a0%9c%ed%92%88\/%ec%96%b4%eb%a6%b0%ec%9d%b4%ec%9a%a9-%ec%a7%84%ea%b3%b5%eb%b3%91","name":"Kinder-Vakuumflasche - Diller Wasserflaschenhersteller","isPartOf":{"@id":"https:\/\/www.dillerbottle.com\/#website"},"primaryImageOfPage":{"@id":"https:\/\/www.dillerbottle.com\/ko\/%ec%a0%9c%ed%92%88\/%ec%96%b4%eb%a6%b0%ec%9d%b4%ec%9a%a9-%ec%a7%84%ea%b3%b5%eb%b3%91#primaryimage"},"image":{"@id":"https:\/\/www.dillerbottle.com\/ko\/%ec%a0%9c%ed%92%88\/%ec%96%b4%eb%a6%b0%ec%9d%b4%ec%9a%a9-%ec%a7%84%ea%b3%b5%eb%b3%91#primaryimage"},"thumbnailUrl":"https:\/\/www.dillerbottle.com\/wp-content\/uploads\/2024\/09\/kids-vacuum-bottle40225477673.jpg","datePublished":"2024-09-26T08:32:32+00:00","dateModified":"2025-07-10T07:09:59+00:00","description":"Als einer der besten Hersteller und Lieferanten von Vakuumflaschen f\u00fcr Kinder sind wir auf die Herstellung hochwertiger Wasserflaschen spezialisiert. Wir hei\u00dfen Sie herzlich willkommen, bei uns im Gro\u00dfhandel oder zu wettbewerbsf\u00e4higen Preisen individuell angefertigte Vakuumflaschen f\u00fcr Kinder zu kaufen. Auch Bestellungen in kleinen Mengen sind akzeptabel.","breadcrumb":{"@id":"https:\/\/www.dillerbottle.com\/ko\/%ec%a0%9c%ed%92%88\/%ec%96%b4%eb%a6%b0%ec%9d%b4%ec%9a%a9-%ec%a7%84%ea%b3%b5%eb%b3%91#breadcrumb"},"inLanguage":"de","potentialAction":[{"@type":"ReadAction","target":["https:\/\/www.dillerbottle.com\/ko\/%ec%a0%9c%ed%92%88\/%ec%96%b4%eb%a6%b0%ec%9d%b4%ec%9a%a9-%ec%a7%84%ea%b3%b5%eb%b3%91"]}]},{"@type":"ImageObject","inLanguage":"de","@id":"https:\/\/www.dillerbottle.com\/ko\/%ec%a0%9c%ed%92%88\/%ec%96%b4%eb%a6%b0%ec%9d%b4%ec%9a%a9-%ec%a7%84%ea%b3%b5%eb%b3%91#primaryimage","url":"https:\/\/www.dillerbottle.com\/wp-content\/uploads\/2024\/09\/kids-vacuum-bottle40225477673.jpg","contentUrl":"https:\/\/www.dillerbottle.com\/wp-content\/uploads\/2024\/09\/kids-vacuum-bottle40225477673.jpg","width":730,"height":730},{"@type":"BreadcrumbList","@id":"https:\/\/www.dillerbottle.com\/ko\/%ec%a0%9c%ed%92%88\/%ec%96%b4%eb%a6%b0%ec%9d%b4%ec%9a%a9-%ec%a7%84%ea%b3%b5%eb%b3%91#breadcrumb","itemListElement":[{"@type":"ListItem","position":1,"name":"Home","item":"https:\/\/www.dillerbottle.com\/"},{"@type":"ListItem","position":2,"name":"Products","item":"https:\/\/www.dillerbottle.com\/shop"},{"@type":"ListItem","position":3,"name":"Kids Vacuum Bottle"}]},{"@type":"WebSite","@id":"https:\/\/www.dillerbottle.com\/#website","url":"https:\/\/www.dillerbottle.com\/","name":"Diller Wasserflaschenhersteller","description":"Wasserflaschenhersteller","publisher":{"@id":"https:\/\/www.dillerbottle.com\/#organization"},"potentialAction":[{"@type":"SearchAction","target":{"@type":"EntryPoint","urlTemplate":"https:\/\/www.dillerbottle.com\/?s={search_term_string}"},"query-input":{"@type":"PropertyValueSpecification","valueRequired":true,"valueName":"search_term_string"}}],"inLanguage":"de"},{"@type":"Organization","@id":"https:\/\/www.dillerbottle.com\/#organization","name":"Diller Wasserflaschenhersteller","url":"https:\/\/www.dillerbottle.com\/","logo":{"@type":"ImageObject","inLanguage":"de","@id":"https:\/\/www.dillerbottle.com\/#\/schema\/logo\/image\/","url":"https:\/\/www.dillerbottle.com\/wp-content\/uploads\/2024\/09\/49918bfa848dcc1e9f8b509933603ac.png","contentUrl":"https:\/\/www.dillerbottle.com\/wp-content\/uploads\/2024\/09\/49918bfa848dcc1e9f8b509933603ac.png","width":988,"height":198,"caption":"Diller Water Bottle Manufacturer"},"image":{"@id":"https:\/\/www.dillerbottle.com\/#\/schema\/logo\/image\/"}}]}},"_links":{"self":[{"href":"https:\/\/www.dillerbottle.com\/de\/wp-json\/wp\/v2\/product\/3860","targetHints":{"allow":["GET"]}}],"collection":[{"href":"https:\/\/www.dillerbottle.com\/de\/wp-json\/wp\/v2\/product"}],"about":[{"href":"https:\/\/www.dillerbottle.com\/de\/wp-json\/wp\/v2\/types\/product"}],"replies":[{"embeddable":true,"href":"https:\/\/www.dillerbottle.com\/de\/wp-json\/wp\/v2\/comments?post=3860"}],"wp:featuredmedia":[{"embeddable":true,"href":"https:\/\/www.dillerbottle.com\/de\/wp-json\/wp\/v2\/media\/3861"}],"wp:attachment":[{"href":"https:\/\/www.dillerbottle.com\/de\/wp-json\/wp\/v2\/media?parent=3860"}],"wp:term":[{"taxonomy":"product_brand","embeddable":true,"href":"https:\/\/www.dillerbottle.com\/de\/wp-json\/wp\/v2\/product_brand?post=3860"},{"taxonomy":"product_cat","embeddable":true,"href":"https:\/\/www.dillerbottle.com\/de\/wp-json\/wp\/v2\/product_cat?post=3860"},{"taxonomy":"product_tag","embeddable":true,"href":"https:\/\/www.dillerbottle.com\/de\/wp-json\/wp\/v2\/product_tag?post=3860"}],"curies":[{"name":"wp","href":"https:\/\/api.w.org\/{rel}","templated":true}]}}