{"id":3957,"date":"2024-09-26T16:33:36","date_gmt":"2024-09-26T08:33:36","guid":{"rendered":"https:\/\/demo.dillerbottle.com\/uncategorized\/kids-spill-proof-water-bottle"},"modified":"2025-07-10T14:32:19","modified_gmt":"2025-07-10T06:32:19","slug":"auslaufsichere-wasserflasche-fur-kinder","status":"publish","type":"product","link":"https:\/\/www.dillerbottle.com\/de\/products\/kids-spill-proof-water-bottle","title":{"rendered":"Auslaufsichere Wasserflasche f\u00fcr Kinder"},"content":{"rendered":"<p>1. 100% BPA-frei. Hergestellt aus schlagfestem, geschmacksneutralem und leichtem lebensmittelechtem Kunststoff Tritan.<br \/>\n2. Einhandbedienung: Dr\u00fccken Sie den Knopf, um die Abdeckung hochzuklappen und den Trinkhalm freizugeben. Auch f\u00fcr kleine H\u00e4nde leicht zu bedienen.<br \/>\n3.;;Die hygienische Ausguss-Abdeckung sch\u00fctzt vor Schmutz und Keimen und h\u00e4lt den Ausguss bei Nichtgebrauch sauber und gesch\u00fctzt.<br \/>\n4. Auslaufsicher und spritzwassergesch\u00fctzt. Wenn Sie mit dem Trinken fertig sind, klappen Sie den Deckel zu, damit es nicht zu versehentlichem Versch\u00fctten kommt. Dank der richtigen Gr\u00f6\u00dfe ist sie ideal zum Mitnehmen in Taschen und Lunchboxen.;5. Diese Kinderwasserflasche hat Griffe und einen Schultergurt, sodass sie sich leicht auf Reisen zur Schule im Freien tragen l\u00e4sst.<\/p>","protected":false},"excerpt":{"rendered":"<p>Merkmale: 1.<br \/>\n100% BPA-frei.<br \/>\nHergestellt aus schlagfestem, geschmacksneutralem und leichtem lebensmittelechtem Kunststoff Tritan.<br \/>\n2.<br \/>\nEinhandbedienung.<br \/>\nDurch Dr\u00fccken des Knopfs klappt die Abdeckung hoch und gibt den Trinkhalm frei. Auch f\u00fcr kleine H\u00e4nde leicht zu bedienen.<br \/>\n3.<br \/>\nDie hygienische Ausguss-Abdeckung sch\u00fctzt den Ausguss vor Schmutz und Keimen und h\u00e4lt ihn sauber und gesch\u00fctzt, wenn er nicht verwendet wird.<br \/>\n4.<br \/>\nauslaufsicher und spritzwassergesch\u00fctzt.<br \/>\nWenn Sie mit dem Trinken fertig sind, lassen Sie den Deckel zuklappen. So passiert nichts versehentliches Versch\u00fctten.<br \/>\nDank der richtigen Gr\u00f6\u00dfe ideal zum Verstauen in Taschen und Lunchboxen \u2026<\/p>","protected":false},"featured_media":3958,"comment_status":"open","ping_status":"closed","template":"","meta":{"_acf_changed":false},"product_brand":[],"product_cat":[200],"product_tag":[32,36,33,241,31,39,38,248,280,255,29,37,203,34,35,242,28,205,30],"class_list":{"0":"post-3957","1":"product","2":"type-product","3":"status-publish","4":"has-post-thumbnail","6":"product_cat-kids-water-bottles","7":"product_tag-best","8":"product_tag-bulk","9":"product_tag-buy","10":"product_tag-children-water-bottle","11":"product_tag-custom","12":"product_tag-for-sale","13":"product_tag-good-quality","14":"product_tag-kids-insulated-water-bottle","15":"product_tag-kids-spill-proof-water-bottle","16":"product_tag-kids-sublimation-water-bottle","17":"product_tag-manufacturers","18":"product_tag-manufacturing","19":"product_tag-oem-stainless-steel-water-bottle-thermal-flask","20":"product_tag-price","21":"product_tag-small","22":"product_tag-steel-vacuum-water-sport-bottles-for-children","23":"product_tag-suppliers","24":"product_tag-vacuum-stainless-steel-water-bottles-with-handle","25":"product_tag-wholesale","27":"first","28":"instock","29":"shipping-taxable","30":"product-type-simple"},"acf":[],"yoast_head":"<!-- This site is optimized with the Yoast SEO Premium plugin v27.5 (Yoast SEO v27.5) - https:\/\/yoast.com\/product\/yoast-seo-premium-wordpress\/ -->\n<title>Kids Spill Proof Water Bottle - Diller Water Bottle Manufacturer<\/title>\n<meta name=\"description\" content=\"As one of the best kids spill proof water bottle manufacturers and suppliers, we are engaged in manufacturing good quality water bottles. We warmly welcome you to wholesale or buy custom made kids spill proof water bottle at competitive price from us. Also, small quantity orders are acceptable.\" \/>\n<meta name=\"robots\" content=\"index, follow, max-snippet:-1, max-image-preview:large, max-video-preview:-1\" \/>\n<link rel=\"canonical\" href=\"https:\/\/www.dillerbottle.com\/de\/produkte\/auslaufsichere-wasserflasche-fur-kinder\" \/>\n<meta property=\"og:locale\" content=\"de_DE\" \/>\n<meta property=\"og:type\" content=\"article\" \/>\n<meta property=\"og:title\" content=\"Kids Spill Proof Water Bottle\" \/>\n<meta property=\"og:description\" content=\"As one of the best kids spill proof water bottle manufacturers and suppliers, we are engaged in manufacturing good quality water bottles. We warmly welcome you to wholesale or buy custom made kids spill proof water bottle at competitive price from us. Also, small quantity orders are acceptable.\" \/>\n<meta property=\"og:url\" content=\"https:\/\/www.dillerbottle.com\/de\/produkte\/auslaufsichere-wasserflasche-fur-kinder\" \/>\n<meta property=\"og:site_name\" content=\"Diller Water Bottle Manufacturer\" \/>\n<meta property=\"article:modified_time\" content=\"2025-07-10T06:32:19+00:00\" \/>\n<meta property=\"og:image\" content=\"https:\/\/www.dillerbottle.com\/wp-content\/uploads\/2024\/09\/kids-spill-proof-water-bottle23529011859.jpg\" \/>\n\t<meta property=\"og:image:width\" content=\"730\" \/>\n\t<meta property=\"og:image:height\" content=\"730\" \/>\n\t<meta property=\"og:image:type\" content=\"image\/jpeg\" \/>\n<meta name=\"twitter:card\" content=\"summary_large_image\" \/>\n<meta name=\"twitter:label1\" content=\"Gesch\u00e4tzte Lesezeit\" \/>\n\t<meta name=\"twitter:data1\" content=\"3\u00a0Minuten\" \/>\n<script type=\"application\/ld+json\" class=\"yoast-schema-graph\">{\"@context\":\"https:\\\/\\\/schema.org\",\"@graph\":[{\"@type\":\"WebPage\",\"@id\":\"https:\\\/\\\/www.dillerbottle.com\\\/de\\\/produkte\\\/auslaufsichere-wasserflasche-fur-kinder\",\"url\":\"https:\\\/\\\/www.dillerbottle.com\\\/de\\\/produkte\\\/auslaufsichere-wasserflasche-fur-kinder\",\"name\":\"Kids Spill Proof Water Bottle - Diller Water Bottle Manufacturer\",\"isPartOf\":{\"@id\":\"https:\\\/\\\/www.dillerbottle.com\\\/#website\"},\"primaryImageOfPage\":{\"@id\":\"https:\\\/\\\/www.dillerbottle.com\\\/de\\\/produkte\\\/auslaufsichere-wasserflasche-fur-kinder#primaryimage\"},\"image\":{\"@id\":\"https:\\\/\\\/www.dillerbottle.com\\\/de\\\/produkte\\\/auslaufsichere-wasserflasche-fur-kinder#primaryimage\"},\"thumbnailUrl\":\"https:\\\/\\\/www.dillerbottle.com\\\/wp-content\\\/uploads\\\/2024\\\/09\\\/kids-spill-proof-water-bottle23529011859.jpg\",\"datePublished\":\"2024-09-26T08:33:36+00:00\",\"dateModified\":\"2025-07-10T06:32:19+00:00\",\"description\":\"As one of the best kids spill proof water bottle manufacturers and suppliers, we are engaged in manufacturing good quality water bottles. We warmly welcome you to wholesale or buy custom made kids spill proof water bottle at competitive price from us. Also, small quantity orders are acceptable.\",\"breadcrumb\":{\"@id\":\"https:\\\/\\\/www.dillerbottle.com\\\/de\\\/produkte\\\/auslaufsichere-wasserflasche-fur-kinder#breadcrumb\"},\"inLanguage\":\"de\",\"potentialAction\":[{\"@type\":\"ReadAction\",\"target\":[\"https:\\\/\\\/www.dillerbottle.com\\\/de\\\/produkte\\\/auslaufsichere-wasserflasche-fur-kinder\"]}]},{\"@type\":\"ImageObject\",\"inLanguage\":\"de\",\"@id\":\"https:\\\/\\\/www.dillerbottle.com\\\/de\\\/produkte\\\/auslaufsichere-wasserflasche-fur-kinder#primaryimage\",\"url\":\"https:\\\/\\\/www.dillerbottle.com\\\/wp-content\\\/uploads\\\/2024\\\/09\\\/kids-spill-proof-water-bottle23529011859.jpg\",\"contentUrl\":\"https:\\\/\\\/www.dillerbottle.com\\\/wp-content\\\/uploads\\\/2024\\\/09\\\/kids-spill-proof-water-bottle23529011859.jpg\",\"width\":730,\"height\":730},{\"@type\":\"BreadcrumbList\",\"@id\":\"https:\\\/\\\/www.dillerbottle.com\\\/de\\\/produkte\\\/auslaufsichere-wasserflasche-fur-kinder#breadcrumb\",\"itemListElement\":[{\"@type\":\"ListItem\",\"position\":1,\"name\":\"Home\",\"item\":\"https:\\\/\\\/www.dillerbottle.com\\\/\"},{\"@type\":\"ListItem\",\"position\":2,\"name\":\"Products\",\"item\":\"https:\\\/\\\/www.dillerbottle.com\\\/shop\"},{\"@type\":\"ListItem\",\"position\":3,\"name\":\"Kids Spill Proof Water Bottle\"}]},{\"@type\":\"WebSite\",\"@id\":\"https:\\\/\\\/www.dillerbottle.com\\\/#website\",\"url\":\"https:\\\/\\\/www.dillerbottle.com\\\/\",\"name\":\"Diller Water Bottle Manufacturer\",\"description\":\"Water Bottle Manufacturer\",\"publisher\":{\"@id\":\"https:\\\/\\\/www.dillerbottle.com\\\/#organization\"},\"potentialAction\":[{\"@type\":\"SearchAction\",\"target\":{\"@type\":\"EntryPoint\",\"urlTemplate\":\"https:\\\/\\\/www.dillerbottle.com\\\/?s={search_term_string}\"},\"query-input\":{\"@type\":\"PropertyValueSpecification\",\"valueRequired\":true,\"valueName\":\"search_term_string\"}}],\"inLanguage\":\"de\"},{\"@type\":\"Organization\",\"@id\":\"https:\\\/\\\/www.dillerbottle.com\\\/#organization\",\"name\":\"Diller Water Bottle Manufacturer\",\"url\":\"https:\\\/\\\/www.dillerbottle.com\\\/\",\"logo\":{\"@type\":\"ImageObject\",\"inLanguage\":\"de\",\"@id\":\"https:\\\/\\\/www.dillerbottle.com\\\/#\\\/schema\\\/logo\\\/image\\\/\",\"url\":\"https:\\\/\\\/www.dillerbottle.com\\\/wp-content\\\/uploads\\\/2024\\\/09\\\/49918bfa848dcc1e9f8b509933603ac.png\",\"contentUrl\":\"https:\\\/\\\/www.dillerbottle.com\\\/wp-content\\\/uploads\\\/2024\\\/09\\\/49918bfa848dcc1e9f8b509933603ac.png\",\"width\":988,\"height\":198,\"caption\":\"Diller Water Bottle Manufacturer\"},\"image\":{\"@id\":\"https:\\\/\\\/www.dillerbottle.com\\\/#\\\/schema\\\/logo\\\/image\\\/\"}}]}<\/script>\n<!-- \/ Yoast SEO Premium plugin. -->","yoast_head_json":{"title":"Auslaufsichere Wasserflasche f\u00fcr Kinder - Diller Wasserflaschenhersteller","description":"Als einer der besten Hersteller und Lieferanten von auslaufsicheren Wasserflaschen f\u00fcr Kinder sind wir auf die Herstellung qualitativ hochwertiger Wasserflaschen spezialisiert. Wir hei\u00dfen Sie herzlich willkommen, bei uns ma\u00dfgeschneiderte auslaufsichere Wasserflaschen f\u00fcr Kinder im Gro\u00dfhandel zu kaufen oder diese zu einem wettbewerbsf\u00e4higen Preis zu erwerben. Auch Bestellungen in kleinen Mengen sind akzeptabel.","robots":{"index":"index","follow":"follow","max-snippet":"max-snippet:-1","max-image-preview":"max-image-preview:large","max-video-preview":"max-video-preview:-1"},"canonical":"https:\/\/www.dillerbottle.com\/de\/produkte\/auslaufsichere-wasserflasche-fur-kinder","og_locale":"de_DE","og_type":"article","og_title":"Kids Spill Proof Water Bottle","og_description":"As one of the best kids spill proof water bottle manufacturers and suppliers, we are engaged in manufacturing good quality water bottles. We warmly welcome you to wholesale or buy custom made kids spill proof water bottle at competitive price from us. Also, small quantity orders are acceptable.","og_url":"https:\/\/www.dillerbottle.com\/de\/produkte\/auslaufsichere-wasserflasche-fur-kinder","og_site_name":"Diller Water Bottle Manufacturer","article_modified_time":"2025-07-10T06:32:19+00:00","og_image":[{"width":730,"height":730,"url":"https:\/\/www.dillerbottle.com\/wp-content\/uploads\/2024\/09\/kids-spill-proof-water-bottle23529011859.jpg","type":"image\/jpeg"}],"twitter_card":"summary_large_image","twitter_misc":{"Gesch\u00e4tzte Lesezeit":"3\u00a0Minuten"},"schema":{"@context":"https:\/\/schema.org","@graph":[{"@type":"WebPage","@id":"https:\/\/www.dillerbottle.com\/de\/produkte\/auslaufsichere-wasserflasche-fur-kinder","url":"https:\/\/www.dillerbottle.com\/de\/produkte\/auslaufsichere-wasserflasche-fur-kinder","name":"Auslaufsichere Wasserflasche f\u00fcr Kinder - Diller Wasserflaschenhersteller","isPartOf":{"@id":"https:\/\/www.dillerbottle.com\/#website"},"primaryImageOfPage":{"@id":"https:\/\/www.dillerbottle.com\/de\/produkte\/auslaufsichere-wasserflasche-fur-kinder#primaryimage"},"image":{"@id":"https:\/\/www.dillerbottle.com\/de\/produkte\/auslaufsichere-wasserflasche-fur-kinder#primaryimage"},"thumbnailUrl":"https:\/\/www.dillerbottle.com\/wp-content\/uploads\/2024\/09\/kids-spill-proof-water-bottle23529011859.jpg","datePublished":"2024-09-26T08:33:36+00:00","dateModified":"2025-07-10T06:32:19+00:00","description":"Als einer der besten Hersteller und Lieferanten von auslaufsicheren Wasserflaschen f\u00fcr Kinder sind wir auf die Herstellung qualitativ hochwertiger Wasserflaschen spezialisiert. Wir hei\u00dfen Sie herzlich willkommen, bei uns ma\u00dfgeschneiderte auslaufsichere Wasserflaschen f\u00fcr Kinder im Gro\u00dfhandel zu kaufen oder diese zu einem wettbewerbsf\u00e4higen Preis zu erwerben. Auch Bestellungen in kleinen Mengen sind akzeptabel.","breadcrumb":{"@id":"https:\/\/www.dillerbottle.com\/de\/produkte\/auslaufsichere-wasserflasche-fur-kinder#breadcrumb"},"inLanguage":"de","potentialAction":[{"@type":"ReadAction","target":["https:\/\/www.dillerbottle.com\/de\/produkte\/auslaufsichere-wasserflasche-fur-kinder"]}]},{"@type":"ImageObject","inLanguage":"de","@id":"https:\/\/www.dillerbottle.com\/de\/produkte\/auslaufsichere-wasserflasche-fur-kinder#primaryimage","url":"https:\/\/www.dillerbottle.com\/wp-content\/uploads\/2024\/09\/kids-spill-proof-water-bottle23529011859.jpg","contentUrl":"https:\/\/www.dillerbottle.com\/wp-content\/uploads\/2024\/09\/kids-spill-proof-water-bottle23529011859.jpg","width":730,"height":730},{"@type":"BreadcrumbList","@id":"https:\/\/www.dillerbottle.com\/de\/produkte\/auslaufsichere-wasserflasche-fur-kinder#breadcrumb","itemListElement":[{"@type":"ListItem","position":1,"name":"Home","item":"https:\/\/www.dillerbottle.com\/"},{"@type":"ListItem","position":2,"name":"Products","item":"https:\/\/www.dillerbottle.com\/shop"},{"@type":"ListItem","position":3,"name":"Kids Spill Proof Water Bottle"}]},{"@type":"WebSite","@id":"https:\/\/www.dillerbottle.com\/#website","url":"https:\/\/www.dillerbottle.com\/","name":"Diller Wasserflaschenhersteller","description":"Wasserflaschenhersteller","publisher":{"@id":"https:\/\/www.dillerbottle.com\/#organization"},"potentialAction":[{"@type":"SearchAction","target":{"@type":"EntryPoint","urlTemplate":"https:\/\/www.dillerbottle.com\/?s={search_term_string}"},"query-input":{"@type":"PropertyValueSpecification","valueRequired":true,"valueName":"search_term_string"}}],"inLanguage":"de"},{"@type":"Organization","@id":"https:\/\/www.dillerbottle.com\/#organization","name":"Diller Wasserflaschenhersteller","url":"https:\/\/www.dillerbottle.com\/","logo":{"@type":"ImageObject","inLanguage":"de","@id":"https:\/\/www.dillerbottle.com\/#\/schema\/logo\/image\/","url":"https:\/\/www.dillerbottle.com\/wp-content\/uploads\/2024\/09\/49918bfa848dcc1e9f8b509933603ac.png","contentUrl":"https:\/\/www.dillerbottle.com\/wp-content\/uploads\/2024\/09\/49918bfa848dcc1e9f8b509933603ac.png","width":988,"height":198,"caption":"Diller Water Bottle Manufacturer"},"image":{"@id":"https:\/\/www.dillerbottle.com\/#\/schema\/logo\/image\/"}}]}},"_links":{"self":[{"href":"https:\/\/www.dillerbottle.com\/de\/wp-json\/wp\/v2\/product\/3957","targetHints":{"allow":["GET"]}}],"collection":[{"href":"https:\/\/www.dillerbottle.com\/de\/wp-json\/wp\/v2\/product"}],"about":[{"href":"https:\/\/www.dillerbottle.com\/de\/wp-json\/wp\/v2\/types\/product"}],"replies":[{"embeddable":true,"href":"https:\/\/www.dillerbottle.com\/de\/wp-json\/wp\/v2\/comments?post=3957"}],"wp:featuredmedia":[{"embeddable":true,"href":"https:\/\/www.dillerbottle.com\/de\/wp-json\/wp\/v2\/media\/3958"}],"wp:attachment":[{"href":"https:\/\/www.dillerbottle.com\/de\/wp-json\/wp\/v2\/media?parent=3957"}],"wp:term":[{"taxonomy":"product_brand","embeddable":true,"href":"https:\/\/www.dillerbottle.com\/de\/wp-json\/wp\/v2\/product_brand?post=3957"},{"taxonomy":"product_cat","embeddable":true,"href":"https:\/\/www.dillerbottle.com\/de\/wp-json\/wp\/v2\/product_cat?post=3957"},{"taxonomy":"product_tag","embeddable":true,"href":"https:\/\/www.dillerbottle.com\/de\/wp-json\/wp\/v2\/product_tag?post=3957"}],"curies":[{"name":"wp","href":"https:\/\/api.w.org\/{rel}","templated":true}]}}