{"id":4083,"date":"2024-09-26T16:34:54","date_gmt":"2024-09-26T08:34:54","guid":{"rendered":"https:\/\/demo.dillerbottle.com\/uncategorized\/kid-water-bottle-with-strap"},"modified":"2025-07-10T14:29:07","modified_gmt":"2025-07-10T06:29:07","slug":"kindertrinkflasche-mit-riemen","status":"publish","type":"product","link":"https:\/\/www.dillerbottle.com\/de\/products\/kid-water-bottle-with-strap","title":{"rendered":"Kinderwasserflasche mit Riemen"},"content":{"rendered":"<p>1. Diese Kinderwasserflasche besteht aus BPA-freiem Tritan-Kunststoff, ist bruchsicher und auslaufsicher.<br \/>\n2. Diese Kinderwasserflasche hat zwei Arten von Trinkverschl\u00fcssen: einen Strohhalmdeckel und einen Saugerdeckel.<br \/>\n3.;Diese Wasserflasche ist mit einem abnehmbaren Griff und einem verstellbaren Schultergurt ausgestattet, der je nach Szenario ausgetauscht werden kann. Leicht zu tragen.<br \/>\n4. Strohhalm aus lebensmittelechtem Silikon, die Weichheit ist genau richtig. 5.;\u00d6ffnen Sie diese tragbare Trinkflasche mit nur einem Klick und beginnen Sie zu trinken! Einfacher und lustiger, wenn Sie sie als Geschenk f\u00fcr Ihre Kinder mitnehmen. Und der Knopf des verschlie\u00dfbaren Pop-Top-Deckels ist fest genug, um ein Auslaufen zu verhindern. Der ergonomische Klappdeckel ist sicher und verhindert Auslaufen, Versch\u00fctten oder Staub.;<\/p>","protected":false},"excerpt":{"rendered":"<p>Merkmale: 1.<br \/>\nDiese Kinderwasserflasche besteht aus BPA-freiem Tritan-Kunststoff und ist bruchsicher und auslaufsicher.<br \/>\n2.<br \/>\nDiese Kinderwasserflasche hat zwei Arten von Trinkverschl\u00fcssen: Strohhalmdeckel und Saugerdeckel.<br \/>\n3.<br \/>\nDiese Wasserflasche ist mit einem abnehmbaren Griff und einem verstellbaren Schultergurt ausgestattet, der je nach Szenario ausgetauscht werden kann.<br \/>\nLeicht zu tragen.<br \/>\n4.<br \/>\nStrohhalm aus lebensmittelechtem Silikon, die Weichheit ist genau richtig \u2026<\/p>","protected":false},"featured_media":4084,"comment_status":"open","ping_status":"closed","template":"","meta":{"_acf_changed":false},"product_brand":[],"product_cat":[200],"product_tag":[32,36,33,234,226,31,39,38,289,236,231,29,37,34,35,206,28,229,30],"class_list":{"0":"post-4083","1":"product","2":"type-product","3":"status-publish","4":"has-post-thumbnail","6":"product_cat-kids-water-bottles","7":"product_tag-best","8":"product_tag-bulk","9":"product_tag-buy","10":"product_tag-child-water-bottle","11":"product_tag-clear-kids-water-bottles","12":"product_tag-custom","13":"product_tag-for-sale","14":"product_tag-good-quality","15":"product_tag-kid-water-bottle-with-strap","16":"product_tag-kids-strap-water-bottles","17":"product_tag-kids-water-bottle-bpa-free","18":"product_tag-manufacturers","19":"product_tag-manufacturing","20":"product_tag-price","21":"product_tag-small","22":"product_tag-steel-water-bottle","23":"product_tag-suppliers","24":"product_tag-water-bottle-kids","25":"product_tag-wholesale","27":"first","28":"instock","29":"shipping-taxable","30":"product-type-simple"},"acf":[],"yoast_head":"<!-- This site is optimized with the Yoast SEO Premium plugin v27.5 (Yoast SEO v27.5) - https:\/\/yoast.com\/product\/yoast-seo-premium-wordpress\/ -->\n<title>Kid Water Bottle With Strap - Diller Water Bottle Manufacturer<\/title>\n<meta name=\"description\" content=\"As one of the best kid water bottle with strap manufacturers and suppliers, we are engaged in manufacturing good quality water bottles. We warmly welcome you to wholesale or buy custom made kid water bottle with strap at competitive price from us. Also, small quantity orders are acceptable.\" \/>\n<meta name=\"robots\" content=\"index, follow, max-snippet:-1, max-image-preview:large, max-video-preview:-1\" \/>\n<link rel=\"canonical\" href=\"https:\/\/www.dillerbottle.com\/de\/produkte\/kindertrinkflasche-mit-riemen\" \/>\n<meta property=\"og:locale\" content=\"de_DE\" \/>\n<meta property=\"og:type\" content=\"article\" \/>\n<meta property=\"og:title\" content=\"Kid Water Bottle With Strap\" \/>\n<meta property=\"og:description\" content=\"As one of the best kid water bottle with strap manufacturers and suppliers, we are engaged in manufacturing good quality water bottles. We warmly welcome you to wholesale or buy custom made kid water bottle with strap at competitive price from us. Also, small quantity orders are acceptable.\" \/>\n<meta property=\"og:url\" content=\"https:\/\/www.dillerbottle.com\/de\/produkte\/kindertrinkflasche-mit-riemen\" \/>\n<meta property=\"og:site_name\" content=\"Diller Water Bottle Manufacturer\" \/>\n<meta property=\"article:modified_time\" content=\"2025-07-10T06:29:07+00:00\" \/>\n<meta property=\"og:image\" content=\"https:\/\/www.dillerbottle.com\/wp-content\/uploads\/2024\/09\/kid-water-bottle-with-strap22224822189.jpg\" \/>\n\t<meta property=\"og:image:width\" content=\"730\" \/>\n\t<meta property=\"og:image:height\" content=\"730\" \/>\n\t<meta property=\"og:image:type\" content=\"image\/jpeg\" \/>\n<meta name=\"twitter:card\" content=\"summary_large_image\" \/>\n<meta name=\"twitter:label1\" content=\"Gesch\u00e4tzte Lesezeit\" \/>\n\t<meta name=\"twitter:data1\" content=\"3\u00a0Minuten\" \/>\n<script type=\"application\/ld+json\" class=\"yoast-schema-graph\">{\"@context\":\"https:\\\/\\\/schema.org\",\"@graph\":[{\"@type\":\"WebPage\",\"@id\":\"https:\\\/\\\/www.dillerbottle.com\\\/products\\\/kid-water-bottle-with-strap\",\"url\":\"https:\\\/\\\/www.dillerbottle.com\\\/products\\\/kid-water-bottle-with-strap\",\"name\":\"Kid Water Bottle With Strap - Diller Water Bottle Manufacturer\",\"isPartOf\":{\"@id\":\"https:\\\/\\\/www.dillerbottle.com\\\/#website\"},\"primaryImageOfPage\":{\"@id\":\"https:\\\/\\\/www.dillerbottle.com\\\/products\\\/kid-water-bottle-with-strap#primaryimage\"},\"image\":{\"@id\":\"https:\\\/\\\/www.dillerbottle.com\\\/products\\\/kid-water-bottle-with-strap#primaryimage\"},\"thumbnailUrl\":\"https:\\\/\\\/www.dillerbottle.com\\\/wp-content\\\/uploads\\\/2024\\\/09\\\/kid-water-bottle-with-strap22224822189.jpg\",\"datePublished\":\"2024-09-26T08:34:54+00:00\",\"dateModified\":\"2025-07-10T06:29:07+00:00\",\"description\":\"As one of the best kid water bottle with strap manufacturers and suppliers, we are engaged in manufacturing good quality water bottles. We warmly welcome you to wholesale or buy custom made kid water bottle with strap at competitive price from us. Also, small quantity orders are acceptable.\",\"breadcrumb\":{\"@id\":\"https:\\\/\\\/www.dillerbottle.com\\\/products\\\/kid-water-bottle-with-strap#breadcrumb\"},\"inLanguage\":\"de\",\"potentialAction\":[{\"@type\":\"ReadAction\",\"target\":[\"https:\\\/\\\/www.dillerbottle.com\\\/products\\\/kid-water-bottle-with-strap\"]}]},{\"@type\":\"ImageObject\",\"inLanguage\":\"de\",\"@id\":\"https:\\\/\\\/www.dillerbottle.com\\\/products\\\/kid-water-bottle-with-strap#primaryimage\",\"url\":\"https:\\\/\\\/www.dillerbottle.com\\\/wp-content\\\/uploads\\\/2024\\\/09\\\/kid-water-bottle-with-strap22224822189.jpg\",\"contentUrl\":\"https:\\\/\\\/www.dillerbottle.com\\\/wp-content\\\/uploads\\\/2024\\\/09\\\/kid-water-bottle-with-strap22224822189.jpg\",\"width\":730,\"height\":730},{\"@type\":\"BreadcrumbList\",\"@id\":\"https:\\\/\\\/www.dillerbottle.com\\\/products\\\/kid-water-bottle-with-strap#breadcrumb\",\"itemListElement\":[{\"@type\":\"ListItem\",\"position\":1,\"name\":\"Home\",\"item\":\"https:\\\/\\\/www.dillerbottle.com\\\/\"},{\"@type\":\"ListItem\",\"position\":2,\"name\":\"Products\",\"item\":\"https:\\\/\\\/www.dillerbottle.com\\\/shop\"},{\"@type\":\"ListItem\",\"position\":3,\"name\":\"Kid Water Bottle With Strap\"}]},{\"@type\":\"WebSite\",\"@id\":\"https:\\\/\\\/www.dillerbottle.com\\\/#website\",\"url\":\"https:\\\/\\\/www.dillerbottle.com\\\/\",\"name\":\"Diller Water Bottle Manufacturer\",\"description\":\"Water Bottle Manufacturer\",\"publisher\":{\"@id\":\"https:\\\/\\\/www.dillerbottle.com\\\/#organization\"},\"potentialAction\":[{\"@type\":\"SearchAction\",\"target\":{\"@type\":\"EntryPoint\",\"urlTemplate\":\"https:\\\/\\\/www.dillerbottle.com\\\/?s={search_term_string}\"},\"query-input\":{\"@type\":\"PropertyValueSpecification\",\"valueRequired\":true,\"valueName\":\"search_term_string\"}}],\"inLanguage\":\"de\"},{\"@type\":\"Organization\",\"@id\":\"https:\\\/\\\/www.dillerbottle.com\\\/#organization\",\"name\":\"Diller Water Bottle Manufacturer\",\"url\":\"https:\\\/\\\/www.dillerbottle.com\\\/\",\"logo\":{\"@type\":\"ImageObject\",\"inLanguage\":\"de\",\"@id\":\"https:\\\/\\\/www.dillerbottle.com\\\/#\\\/schema\\\/logo\\\/image\\\/\",\"url\":\"https:\\\/\\\/www.dillerbottle.com\\\/wp-content\\\/uploads\\\/2024\\\/09\\\/49918bfa848dcc1e9f8b509933603ac.png\",\"contentUrl\":\"https:\\\/\\\/www.dillerbottle.com\\\/wp-content\\\/uploads\\\/2024\\\/09\\\/49918bfa848dcc1e9f8b509933603ac.png\",\"width\":988,\"height\":198,\"caption\":\"Diller Water Bottle Manufacturer\"},\"image\":{\"@id\":\"https:\\\/\\\/www.dillerbottle.com\\\/#\\\/schema\\\/logo\\\/image\\\/\"}}]}<\/script>\n<!-- \/ Yoast SEO Premium plugin. -->","yoast_head_json":{"title":"Kinderwasserflasche mit Riemen - Diller Wasserflaschenhersteller","description":"Als einer der besten Hersteller und Lieferanten von Kinderwasserflaschen mit Riemen sind wir auf die Herstellung qualitativ hochwertiger Wasserflaschen spezialisiert. Wir hei\u00dfen Sie herzlich willkommen, bei uns ma\u00dfgeschneiderte Kinderwasserflaschen mit Riemen im Gro\u00dfhandel zu kaufen oder zu wettbewerbsf\u00e4higen Preisen zu erwerben. Auch Bestellungen in kleinen Mengen sind akzeptabel.","robots":{"index":"index","follow":"follow","max-snippet":"max-snippet:-1","max-image-preview":"max-image-preview:large","max-video-preview":"max-video-preview:-1"},"canonical":"https:\/\/www.dillerbottle.com\/de\/produkte\/kindertrinkflasche-mit-riemen","og_locale":"de_DE","og_type":"article","og_title":"Kid Water Bottle With Strap","og_description":"As one of the best kid water bottle with strap manufacturers and suppliers, we are engaged in manufacturing good quality water bottles. We warmly welcome you to wholesale or buy custom made kid water bottle with strap at competitive price from us. Also, small quantity orders are acceptable.","og_url":"https:\/\/www.dillerbottle.com\/de\/produkte\/kindertrinkflasche-mit-riemen","og_site_name":"Diller Water Bottle Manufacturer","article_modified_time":"2025-07-10T06:29:07+00:00","og_image":[{"width":730,"height":730,"url":"https:\/\/www.dillerbottle.com\/wp-content\/uploads\/2024\/09\/kid-water-bottle-with-strap22224822189.jpg","type":"image\/jpeg"}],"twitter_card":"summary_large_image","twitter_misc":{"Gesch\u00e4tzte Lesezeit":"3\u00a0Minuten"},"schema":{"@context":"https:\/\/schema.org","@graph":[{"@type":"WebPage","@id":"https:\/\/www.dillerbottle.com\/products\/kid-water-bottle-with-strap","url":"https:\/\/www.dillerbottle.com\/products\/kid-water-bottle-with-strap","name":"Kinderwasserflasche mit Riemen - Diller Wasserflaschenhersteller","isPartOf":{"@id":"https:\/\/www.dillerbottle.com\/#website"},"primaryImageOfPage":{"@id":"https:\/\/www.dillerbottle.com\/products\/kid-water-bottle-with-strap#primaryimage"},"image":{"@id":"https:\/\/www.dillerbottle.com\/products\/kid-water-bottle-with-strap#primaryimage"},"thumbnailUrl":"https:\/\/www.dillerbottle.com\/wp-content\/uploads\/2024\/09\/kid-water-bottle-with-strap22224822189.jpg","datePublished":"2024-09-26T08:34:54+00:00","dateModified":"2025-07-10T06:29:07+00:00","description":"Als einer der besten Hersteller und Lieferanten von Kinderwasserflaschen mit Riemen sind wir auf die Herstellung qualitativ hochwertiger Wasserflaschen spezialisiert. Wir hei\u00dfen Sie herzlich willkommen, bei uns ma\u00dfgeschneiderte Kinderwasserflaschen mit Riemen im Gro\u00dfhandel zu kaufen oder zu wettbewerbsf\u00e4higen Preisen zu erwerben. Auch Bestellungen in kleinen Mengen sind akzeptabel.","breadcrumb":{"@id":"https:\/\/www.dillerbottle.com\/products\/kid-water-bottle-with-strap#breadcrumb"},"inLanguage":"de","potentialAction":[{"@type":"ReadAction","target":["https:\/\/www.dillerbottle.com\/products\/kid-water-bottle-with-strap"]}]},{"@type":"ImageObject","inLanguage":"de","@id":"https:\/\/www.dillerbottle.com\/products\/kid-water-bottle-with-strap#primaryimage","url":"https:\/\/www.dillerbottle.com\/wp-content\/uploads\/2024\/09\/kid-water-bottle-with-strap22224822189.jpg","contentUrl":"https:\/\/www.dillerbottle.com\/wp-content\/uploads\/2024\/09\/kid-water-bottle-with-strap22224822189.jpg","width":730,"height":730},{"@type":"BreadcrumbList","@id":"https:\/\/www.dillerbottle.com\/products\/kid-water-bottle-with-strap#breadcrumb","itemListElement":[{"@type":"ListItem","position":1,"name":"Home","item":"https:\/\/www.dillerbottle.com\/"},{"@type":"ListItem","position":2,"name":"Products","item":"https:\/\/www.dillerbottle.com\/shop"},{"@type":"ListItem","position":3,"name":"Kid Water Bottle With Strap"}]},{"@type":"WebSite","@id":"https:\/\/www.dillerbottle.com\/#website","url":"https:\/\/www.dillerbottle.com\/","name":"Diller Wasserflaschenhersteller","description":"Wasserflaschenhersteller","publisher":{"@id":"https:\/\/www.dillerbottle.com\/#organization"},"potentialAction":[{"@type":"SearchAction","target":{"@type":"EntryPoint","urlTemplate":"https:\/\/www.dillerbottle.com\/?s={search_term_string}"},"query-input":{"@type":"PropertyValueSpecification","valueRequired":true,"valueName":"search_term_string"}}],"inLanguage":"de"},{"@type":"Organization","@id":"https:\/\/www.dillerbottle.com\/#organization","name":"Diller Wasserflaschenhersteller","url":"https:\/\/www.dillerbottle.com\/","logo":{"@type":"ImageObject","inLanguage":"de","@id":"https:\/\/www.dillerbottle.com\/#\/schema\/logo\/image\/","url":"https:\/\/www.dillerbottle.com\/wp-content\/uploads\/2024\/09\/49918bfa848dcc1e9f8b509933603ac.png","contentUrl":"https:\/\/www.dillerbottle.com\/wp-content\/uploads\/2024\/09\/49918bfa848dcc1e9f8b509933603ac.png","width":988,"height":198,"caption":"Diller Water Bottle Manufacturer"},"image":{"@id":"https:\/\/www.dillerbottle.com\/#\/schema\/logo\/image\/"}}]}},"_links":{"self":[{"href":"https:\/\/www.dillerbottle.com\/de\/wp-json\/wp\/v2\/product\/4083","targetHints":{"allow":["GET"]}}],"collection":[{"href":"https:\/\/www.dillerbottle.com\/de\/wp-json\/wp\/v2\/product"}],"about":[{"href":"https:\/\/www.dillerbottle.com\/de\/wp-json\/wp\/v2\/types\/product"}],"replies":[{"embeddable":true,"href":"https:\/\/www.dillerbottle.com\/de\/wp-json\/wp\/v2\/comments?post=4083"}],"wp:featuredmedia":[{"embeddable":true,"href":"https:\/\/www.dillerbottle.com\/de\/wp-json\/wp\/v2\/media\/4084"}],"wp:attachment":[{"href":"https:\/\/www.dillerbottle.com\/de\/wp-json\/wp\/v2\/media?parent=4083"}],"wp:term":[{"taxonomy":"product_brand","embeddable":true,"href":"https:\/\/www.dillerbottle.com\/de\/wp-json\/wp\/v2\/product_brand?post=4083"},{"taxonomy":"product_cat","embeddable":true,"href":"https:\/\/www.dillerbottle.com\/de\/wp-json\/wp\/v2\/product_cat?post=4083"},{"taxonomy":"product_tag","embeddable":true,"href":"https:\/\/www.dillerbottle.com\/de\/wp-json\/wp\/v2\/product_tag?post=4083"}],"curies":[{"name":"wp","href":"https:\/\/api.w.org\/{rel}","templated":true}]}}