{"id":4141,"date":"2024-09-26T16:35:29","date_gmt":"2024-09-26T08:35:29","guid":{"rendered":"https:\/\/demo.dillerbottle.com\/uncategorized\/kids-stainless-water-bottle"},"modified":"2025-07-10T14:28:46","modified_gmt":"2025-07-10T06:28:46","slug":"edelstahl-wasserflasche-fur-kinder","status":"publish","type":"product","link":"https:\/\/www.dillerbottle.com\/de\/products\/kids-stainless-water-bottle","title":{"rendered":"Edelstahl-Wasserflasche f\u00fcr Kinder"},"content":{"rendered":"<p>Produktbeschreibung:<br \/>\n1. Alle Teile einschlie\u00dflich des Deckels bestehen aus hochwertigen Materialien und sind frei von Giftstoffen und sch\u00e4dlichen Chemikalien. Die Flasche wird mit einem niedlichen Cartoon-Flaschendeckel geliefert.<\/p>\n<p>2. Der Strohhalmdeckel mit breiter \u00d6ffnung verf\u00fcgt \u00fcber eine T\u00fclle aus weichem Silikon, die sanft zu den Z\u00e4hnen ist und sich perfekt f\u00fcr Kinder und Kleinkinder eignet! Edelstahl-Wasserflasche f\u00fcr Kinder mit Druckknopfdeckel, sodass sie leicht zu tragen und zu \u00f6ffnen ist.<\/p>\n<p>3. Die hochwertige Konstruktion aus Edelstahl 316 und 304 ist so konstruiert, dass sie St\u00fcrzen, Dellen und diversen Raufereien standh\u00e4lt. Sie k\u00f6nnen diese Edelstahl-Wasserflasche f\u00fcr Kinder in die Sp\u00fclmaschine geben, obwohl das Waschen per Hand empfohlen wird.<\/p>\n<p>4. 30% bietet eine bessere Leistung als herk\u00f6mmliche vakuumisolierte Edelstahlflaschen. H\u00e4lt Getr\u00e4nke 24 Stunden lang kalt und 12 Stunden lang hei\u00df.<\/p>","protected":false},"excerpt":{"rendered":"<p>Suchen Sie nach einer einzigartigen und individuellen Edelstahl-Wasserflasche f\u00fcr Kinder? Suchen Sie nicht weiter! Unser Team kann mit Ihnen zusammenarbeiten, um ein einzigartiges Design oder Muster zu erstellen, das Ihre Marke perfekt widerspiegelt.<br \/>\nMit einer Palette an Farben und Mustern zur Auswahl sowie der M\u00f6glichkeit, Ihr eigenes Logo oder Design hinzuzuf\u00fcgen, machen wir es Ihnen leicht, eine Flasche zu kreieren, die perfekt zu Ihnen passt.<br \/>\nUnd wenn Sie eine Gro\u00dfbestellung ben\u00f6tigen, bieten wir Ihnen Gro\u00dfhandelspreise an, um die Preise zu senken.<br \/>\nWir bieten auch kostenlose Muster an, um Ihnen die Entscheidung zu erleichtern.<br \/>\nDie hochwertige Konstruktion aus Edelstahl 316 und 304 h\u00e4lt St\u00fcrzen, Dellen und anderen Strapazen stand und ist sp\u00fclmaschinenfest.<br \/>\n30% bietet eine bessere Leistung als herk\u00f6mmliche vakuumisolierte Edelstahlflaschen. H\u00e4lt Getr\u00e4nke 24 Stunden lang kalt und 12 Stunden lang hei\u00df.<\/p>","protected":false},"featured_media":4142,"comment_status":"open","ping_status":"closed","template":"","meta":{"_acf_changed":false},"product_brand":[],"product_cat":[200],"product_tag":[96,32,36,33,226,31,39,38,219,248,237,292,29,37,34,35,28,220,30],"class_list":{"0":"post-4141","1":"product","2":"type-product","3":"status-publish","4":"has-post-thumbnail","6":"product_cat-kids-water-bottles","7":"product_tag-baby-water-bottle","8":"product_tag-best","9":"product_tag-bulk","10":"product_tag-buy","11":"product_tag-clear-kids-water-bottles","12":"product_tag-custom","13":"product_tag-for-sale","14":"product_tag-good-quality","15":"product_tag-hello-kitty-water-bottle","16":"product_tag-kids-insulated-water-bottle","17":"product_tag-kids-stainless-steel-water-bottle","18":"product_tag-kids-stainless-water-bottle","19":"product_tag-manufacturers","20":"product_tag-manufacturing","21":"product_tag-price","22":"product_tag-small","23":"product_tag-suppliers","24":"product_tag-water-bottle-for-kid","25":"product_tag-wholesale","27":"first","28":"instock","29":"shipping-taxable","30":"product-type-simple"},"acf":[],"yoast_head":"<!-- This site is optimized with the Yoast SEO Premium plugin v27.5 (Yoast SEO v27.5) - https:\/\/yoast.com\/product\/yoast-seo-premium-wordpress\/ -->\n<title>Kids Stainless Water Bottle - Diller Water Bottle Manufacturer<\/title>\n<meta name=\"description\" content=\"As one of the best kids stainless water bottle manufacturers and suppliers, we are engaged in manufacturing good quality water bottles. We warmly welcome you to wholesale or buy custom made kids stainless water bottle at competitive price from us. Also, small quantity orders are acceptable.\" \/>\n<meta name=\"robots\" content=\"index, follow, max-snippet:-1, max-image-preview:large, max-video-preview:-1\" \/>\n<link rel=\"canonical\" href=\"https:\/\/www.dillerbottle.com\/de\/produkte\/edelstahl-wasserflasche-fur-kinder\" \/>\n<meta property=\"og:locale\" content=\"de_DE\" \/>\n<meta property=\"og:type\" content=\"article\" \/>\n<meta property=\"og:title\" content=\"Kids Stainless Water Bottle\" \/>\n<meta property=\"og:description\" content=\"As one of the best kids stainless water bottle manufacturers and suppliers, we are engaged in manufacturing good quality water bottles. We warmly welcome you to wholesale or buy custom made kids stainless water bottle at competitive price from us. Also, small quantity orders are acceptable.\" \/>\n<meta property=\"og:url\" content=\"https:\/\/www.dillerbottle.com\/de\/produkte\/edelstahl-wasserflasche-fur-kinder\" \/>\n<meta property=\"og:site_name\" content=\"Diller Water Bottle Manufacturer\" \/>\n<meta property=\"article:modified_time\" content=\"2025-07-10T06:28:46+00:00\" \/>\n<meta property=\"og:image\" content=\"https:\/\/www.dillerbottle.com\/wp-content\/uploads\/2024\/09\/kids-stainless-water-bottle18003128759.jpg\" \/>\n\t<meta property=\"og:image:width\" content=\"730\" \/>\n\t<meta property=\"og:image:height\" content=\"730\" \/>\n\t<meta property=\"og:image:type\" content=\"image\/jpeg\" \/>\n<meta name=\"twitter:card\" content=\"summary_large_image\" \/>\n<meta name=\"twitter:label1\" content=\"Gesch\u00e4tzte Lesezeit\" \/>\n\t<meta name=\"twitter:data1\" content=\"2\u00a0Minuten\" \/>\n<script type=\"application\/ld+json\" class=\"yoast-schema-graph\">{\"@context\":\"https:\\\/\\\/schema.org\",\"@graph\":[{\"@type\":\"WebPage\",\"@id\":\"https:\\\/\\\/www.dillerbottle.com\\\/tr\\\/urunler\\\/cocuklar-paslanmaz-su-sisesi\",\"url\":\"https:\\\/\\\/www.dillerbottle.com\\\/tr\\\/urunler\\\/cocuklar-paslanmaz-su-sisesi\",\"name\":\"Kids Stainless Water Bottle - Diller Water Bottle Manufacturer\",\"isPartOf\":{\"@id\":\"https:\\\/\\\/www.dillerbottle.com\\\/#website\"},\"primaryImageOfPage\":{\"@id\":\"https:\\\/\\\/www.dillerbottle.com\\\/tr\\\/urunler\\\/cocuklar-paslanmaz-su-sisesi#primaryimage\"},\"image\":{\"@id\":\"https:\\\/\\\/www.dillerbottle.com\\\/tr\\\/urunler\\\/cocuklar-paslanmaz-su-sisesi#primaryimage\"},\"thumbnailUrl\":\"https:\\\/\\\/www.dillerbottle.com\\\/wp-content\\\/uploads\\\/2024\\\/09\\\/kids-stainless-water-bottle18003128759.jpg\",\"datePublished\":\"2024-09-26T08:35:29+00:00\",\"dateModified\":\"2025-07-10T06:28:46+00:00\",\"description\":\"As one of the best kids stainless water bottle manufacturers and suppliers, we are engaged in manufacturing good quality water bottles. We warmly welcome you to wholesale or buy custom made kids stainless water bottle at competitive price from us. Also, small quantity orders are acceptable.\",\"breadcrumb\":{\"@id\":\"https:\\\/\\\/www.dillerbottle.com\\\/tr\\\/urunler\\\/cocuklar-paslanmaz-su-sisesi#breadcrumb\"},\"inLanguage\":\"de\",\"potentialAction\":[{\"@type\":\"ReadAction\",\"target\":[\"https:\\\/\\\/www.dillerbottle.com\\\/tr\\\/urunler\\\/cocuklar-paslanmaz-su-sisesi\"]}]},{\"@type\":\"ImageObject\",\"inLanguage\":\"de\",\"@id\":\"https:\\\/\\\/www.dillerbottle.com\\\/tr\\\/urunler\\\/cocuklar-paslanmaz-su-sisesi#primaryimage\",\"url\":\"https:\\\/\\\/www.dillerbottle.com\\\/wp-content\\\/uploads\\\/2024\\\/09\\\/kids-stainless-water-bottle18003128759.jpg\",\"contentUrl\":\"https:\\\/\\\/www.dillerbottle.com\\\/wp-content\\\/uploads\\\/2024\\\/09\\\/kids-stainless-water-bottle18003128759.jpg\",\"width\":730,\"height\":730},{\"@type\":\"BreadcrumbList\",\"@id\":\"https:\\\/\\\/www.dillerbottle.com\\\/tr\\\/urunler\\\/cocuklar-paslanmaz-su-sisesi#breadcrumb\",\"itemListElement\":[{\"@type\":\"ListItem\",\"position\":1,\"name\":\"Home\",\"item\":\"https:\\\/\\\/www.dillerbottle.com\\\/\"},{\"@type\":\"ListItem\",\"position\":2,\"name\":\"Products\",\"item\":\"https:\\\/\\\/www.dillerbottle.com\\\/shop\"},{\"@type\":\"ListItem\",\"position\":3,\"name\":\"Kids Stainless Water Bottle\"}]},{\"@type\":\"WebSite\",\"@id\":\"https:\\\/\\\/www.dillerbottle.com\\\/#website\",\"url\":\"https:\\\/\\\/www.dillerbottle.com\\\/\",\"name\":\"Diller Water Bottle Manufacturer\",\"description\":\"Water Bottle Manufacturer\",\"publisher\":{\"@id\":\"https:\\\/\\\/www.dillerbottle.com\\\/#organization\"},\"potentialAction\":[{\"@type\":\"SearchAction\",\"target\":{\"@type\":\"EntryPoint\",\"urlTemplate\":\"https:\\\/\\\/www.dillerbottle.com\\\/?s={search_term_string}\"},\"query-input\":{\"@type\":\"PropertyValueSpecification\",\"valueRequired\":true,\"valueName\":\"search_term_string\"}}],\"inLanguage\":\"de\"},{\"@type\":\"Organization\",\"@id\":\"https:\\\/\\\/www.dillerbottle.com\\\/#organization\",\"name\":\"Diller Water Bottle Manufacturer\",\"url\":\"https:\\\/\\\/www.dillerbottle.com\\\/\",\"logo\":{\"@type\":\"ImageObject\",\"inLanguage\":\"de\",\"@id\":\"https:\\\/\\\/www.dillerbottle.com\\\/#\\\/schema\\\/logo\\\/image\\\/\",\"url\":\"https:\\\/\\\/www.dillerbottle.com\\\/wp-content\\\/uploads\\\/2024\\\/09\\\/49918bfa848dcc1e9f8b509933603ac.png\",\"contentUrl\":\"https:\\\/\\\/www.dillerbottle.com\\\/wp-content\\\/uploads\\\/2024\\\/09\\\/49918bfa848dcc1e9f8b509933603ac.png\",\"width\":988,\"height\":198,\"caption\":\"Diller Water Bottle Manufacturer\"},\"image\":{\"@id\":\"https:\\\/\\\/www.dillerbottle.com\\\/#\\\/schema\\\/logo\\\/image\\\/\"}}]}<\/script>\n<!-- \/ Yoast SEO Premium plugin. -->","yoast_head_json":{"title":"Edelstahl-Wasserflasche f\u00fcr Kinder - Diller Wasserflaschenhersteller","description":"Als einer der besten Hersteller und Lieferanten von Edelstahl-Trinkflaschen f\u00fcr Kinder sind wir auf die Herstellung hochwertiger Trinkflaschen spezialisiert. Wir hei\u00dfen Sie herzlich willkommen, bei uns ma\u00dfgeschneiderte Edelstahl-Trinkflaschen f\u00fcr Kinder im Gro\u00dfhandel zu wettbewerbsf\u00e4higen Preisen zu kaufen. Auch Bestellungen in kleinen Mengen sind akzeptabel.","robots":{"index":"index","follow":"follow","max-snippet":"max-snippet:-1","max-image-preview":"max-image-preview:large","max-video-preview":"max-video-preview:-1"},"canonical":"https:\/\/www.dillerbottle.com\/de\/produkte\/edelstahl-wasserflasche-fur-kinder","og_locale":"de_DE","og_type":"article","og_title":"Kids Stainless Water Bottle","og_description":"As one of the best kids stainless water bottle manufacturers and suppliers, we are engaged in manufacturing good quality water bottles. We warmly welcome you to wholesale or buy custom made kids stainless water bottle at competitive price from us. Also, small quantity orders are acceptable.","og_url":"https:\/\/www.dillerbottle.com\/de\/produkte\/edelstahl-wasserflasche-fur-kinder","og_site_name":"Diller Water Bottle Manufacturer","article_modified_time":"2025-07-10T06:28:46+00:00","og_image":[{"width":730,"height":730,"url":"https:\/\/www.dillerbottle.com\/wp-content\/uploads\/2024\/09\/kids-stainless-water-bottle18003128759.jpg","type":"image\/jpeg"}],"twitter_card":"summary_large_image","twitter_misc":{"Gesch\u00e4tzte Lesezeit":"2\u00a0Minuten"},"schema":{"@context":"https:\/\/schema.org","@graph":[{"@type":"WebPage","@id":"https:\/\/www.dillerbottle.com\/tr\/urunler\/cocuklar-paslanmaz-su-sisesi","url":"https:\/\/www.dillerbottle.com\/tr\/urunler\/cocuklar-paslanmaz-su-sisesi","name":"Edelstahl-Wasserflasche f\u00fcr Kinder - Diller Wasserflaschenhersteller","isPartOf":{"@id":"https:\/\/www.dillerbottle.com\/#website"},"primaryImageOfPage":{"@id":"https:\/\/www.dillerbottle.com\/tr\/urunler\/cocuklar-paslanmaz-su-sisesi#primaryimage"},"image":{"@id":"https:\/\/www.dillerbottle.com\/tr\/urunler\/cocuklar-paslanmaz-su-sisesi#primaryimage"},"thumbnailUrl":"https:\/\/www.dillerbottle.com\/wp-content\/uploads\/2024\/09\/kids-stainless-water-bottle18003128759.jpg","datePublished":"2024-09-26T08:35:29+00:00","dateModified":"2025-07-10T06:28:46+00:00","description":"Als einer der besten Hersteller und Lieferanten von Edelstahl-Trinkflaschen f\u00fcr Kinder sind wir auf die Herstellung hochwertiger Trinkflaschen spezialisiert. Wir hei\u00dfen Sie herzlich willkommen, bei uns ma\u00dfgeschneiderte Edelstahl-Trinkflaschen f\u00fcr Kinder im Gro\u00dfhandel zu wettbewerbsf\u00e4higen Preisen zu kaufen. Auch Bestellungen in kleinen Mengen sind akzeptabel.","breadcrumb":{"@id":"https:\/\/www.dillerbottle.com\/tr\/urunler\/cocuklar-paslanmaz-su-sisesi#breadcrumb"},"inLanguage":"de","potentialAction":[{"@type":"ReadAction","target":["https:\/\/www.dillerbottle.com\/tr\/urunler\/cocuklar-paslanmaz-su-sisesi"]}]},{"@type":"ImageObject","inLanguage":"de","@id":"https:\/\/www.dillerbottle.com\/tr\/urunler\/cocuklar-paslanmaz-su-sisesi#primaryimage","url":"https:\/\/www.dillerbottle.com\/wp-content\/uploads\/2024\/09\/kids-stainless-water-bottle18003128759.jpg","contentUrl":"https:\/\/www.dillerbottle.com\/wp-content\/uploads\/2024\/09\/kids-stainless-water-bottle18003128759.jpg","width":730,"height":730},{"@type":"BreadcrumbList","@id":"https:\/\/www.dillerbottle.com\/tr\/urunler\/cocuklar-paslanmaz-su-sisesi#breadcrumb","itemListElement":[{"@type":"ListItem","position":1,"name":"Home","item":"https:\/\/www.dillerbottle.com\/"},{"@type":"ListItem","position":2,"name":"Products","item":"https:\/\/www.dillerbottle.com\/shop"},{"@type":"ListItem","position":3,"name":"Kids Stainless Water Bottle"}]},{"@type":"WebSite","@id":"https:\/\/www.dillerbottle.com\/#website","url":"https:\/\/www.dillerbottle.com\/","name":"Diller Wasserflaschenhersteller","description":"Wasserflaschenhersteller","publisher":{"@id":"https:\/\/www.dillerbottle.com\/#organization"},"potentialAction":[{"@type":"SearchAction","target":{"@type":"EntryPoint","urlTemplate":"https:\/\/www.dillerbottle.com\/?s={search_term_string}"},"query-input":{"@type":"PropertyValueSpecification","valueRequired":true,"valueName":"search_term_string"}}],"inLanguage":"de"},{"@type":"Organization","@id":"https:\/\/www.dillerbottle.com\/#organization","name":"Diller Wasserflaschenhersteller","url":"https:\/\/www.dillerbottle.com\/","logo":{"@type":"ImageObject","inLanguage":"de","@id":"https:\/\/www.dillerbottle.com\/#\/schema\/logo\/image\/","url":"https:\/\/www.dillerbottle.com\/wp-content\/uploads\/2024\/09\/49918bfa848dcc1e9f8b509933603ac.png","contentUrl":"https:\/\/www.dillerbottle.com\/wp-content\/uploads\/2024\/09\/49918bfa848dcc1e9f8b509933603ac.png","width":988,"height":198,"caption":"Diller Water Bottle Manufacturer"},"image":{"@id":"https:\/\/www.dillerbottle.com\/#\/schema\/logo\/image\/"}}]}},"_links":{"self":[{"href":"https:\/\/www.dillerbottle.com\/de\/wp-json\/wp\/v2\/product\/4141","targetHints":{"allow":["GET"]}}],"collection":[{"href":"https:\/\/www.dillerbottle.com\/de\/wp-json\/wp\/v2\/product"}],"about":[{"href":"https:\/\/www.dillerbottle.com\/de\/wp-json\/wp\/v2\/types\/product"}],"replies":[{"embeddable":true,"href":"https:\/\/www.dillerbottle.com\/de\/wp-json\/wp\/v2\/comments?post=4141"}],"wp:featuredmedia":[{"embeddable":true,"href":"https:\/\/www.dillerbottle.com\/de\/wp-json\/wp\/v2\/media\/4142"}],"wp:attachment":[{"href":"https:\/\/www.dillerbottle.com\/de\/wp-json\/wp\/v2\/media?parent=4141"}],"wp:term":[{"taxonomy":"product_brand","embeddable":true,"href":"https:\/\/www.dillerbottle.com\/de\/wp-json\/wp\/v2\/product_brand?post=4141"},{"taxonomy":"product_cat","embeddable":true,"href":"https:\/\/www.dillerbottle.com\/de\/wp-json\/wp\/v2\/product_cat?post=4141"},{"taxonomy":"product_tag","embeddable":true,"href":"https:\/\/www.dillerbottle.com\/de\/wp-json\/wp\/v2\/product_tag?post=4141"}],"curies":[{"name":"wp","href":"https:\/\/api.w.org\/{rel}","templated":true}]}}