{"id":4491,"date":"2024-09-27T17:45:25","date_gmt":"2024-09-27T09:45:25","guid":{"rendered":"https:\/\/demo.dillerbottle.com\/uncategorized\/gradient-color-plastic-water-bottles"},"modified":"2025-07-10T14:21:37","modified_gmt":"2025-07-10T06:21:37","slug":"plastikwasserflaschen-mit-farbverlauf","status":"publish","type":"product","link":"https:\/\/www.dillerbottle.com\/de\/products\/gradient-color-plastic-water-bottles","title":{"rendered":"Plastikwasserflaschen mit Farbverlauf"},"content":{"rendered":"<p>1. Die Plastikwasserflaschen mit Farbverlauf sind aus Tritan-Material gefertigt. Tritan ist sehr hitzebest\u00e4ndig und schlagfest. Sicher und harmlos, frei von Schadstoffen wie BPA. Der schillernde Flaschenk\u00f6rper mit Farbverlauf ist ein Must-have und Blickfang beim Ausgehen.<\/p>\n<p>2. Eine Abdeckung doppelte Getr\u00e4nk Methode, kann durch einen Strohhalm oder direkt konsumiert werden. Der Becher hat einen versiegelten Silikonring, und es wird nicht auslaufen, auch wenn invertiert 360 \u00b0.<\/p>\n<p>3. Der Becherdeckel und der Becherk\u00f6rper haben jeweils einen Griff, und es gibt auch einen kostenlosen verstellbaren Riemen, der das Tragen und Reisen erleichtert.<\/p>\n<p>OEM und ODM akzeptabel.<br \/>\nWir k\u00f6nnen die Wasserflasche nach Ihren W\u00fcnschen gestalten.<br \/>\nWillkommen beim Gro\u00dfhandelskauf, senden Sie jetzt eine Anfrage!<\/p>\n<p><iframe title=\"Tragbare Sport-Fitness-Wasserflasche, umweltfreundlich, Tritan, BPA-frei, Kunststoff, Wasserflasche mit Strohhalm D2313\" width=\"800\" height=\"600\" src=\"https:\/\/www.youtube.com\/embed\/Z9p9-E-33Ro?feature=oembed\" frameborder=\"0\" allow=\"accelerometer; autoplay; clipboard-write; encrypted-media; gyroscope; picture-in-picture; web-share\" referrerpolicy=\"strict-origin-when-cross-origin\" allowfullscreen><\/iframe><\/p>","protected":false},"excerpt":{"rendered":"<p>Diese Plastikflaschen mit Farbverlauf sind aus langlebigem Tritan und lebensmittelechten Materialien hergestellt.<br \/>\nSie k\u00f6nnen einen Strohhalm verwenden, um Wasser zu trinken, oder einen direkten Trinkmund.<br \/>\nDer auslaufsichere Deckel l\u00e4sst sich per Knopfdruck mit einer Hand leicht \u00f6ffnen.<br \/>\nDie Flasche ist mit einem Griff versehen, so dass sie bequemer zu tragen ist.<br \/>\nOEM und ODM akzeptabel.<br \/>\nWir k\u00f6nnen die Kunststoff-Sportflasche entsprechend Ihren Anforderungen anpassen.<br \/>\nWillkommen beim Gro\u00dfhandelskauf, senden Sie jetzt eine Anfrage!<\/p>","protected":false},"featured_media":4492,"comment_status":"open","ping_status":"closed","template":"","meta":{"_acf_changed":false},"product_brand":[],"product_cat":[309],"product_tag":[32,36,33,31,39,38,341,343,29,37,344,34,35,28,342,346,345,30,323],"class_list":{"0":"post-4491","1":"product","2":"type-product","3":"status-publish","4":"has-post-thumbnail","6":"product_cat-plastic-water-bottle","7":"product_tag-best","8":"product_tag-bulk","9":"product_tag-buy","10":"product_tag-custom","11":"product_tag-for-sale","12":"product_tag-good-quality","13":"product_tag-gradient-color-plastic-water-bottles","14":"product_tag-green-plastic-wide-mouth-water-sports-bottle","15":"product_tag-manufacturers","16":"product_tag-manufacturing","17":"product_tag-motivational-water-bottles-with-straw","18":"product_tag-price","19":"product_tag-small","20":"product_tag-suppliers","21":"product_tag-tritan-plastic-water-bottle","22":"product_tag-tumbler-water-bottle","23":"product_tag-water-bottle-2-litre","24":"product_tag-wholesale","25":"product_tag-wholesale-cute-water-bottles","27":"first","28":"instock","29":"shipping-taxable","30":"product-type-simple"},"acf":[],"yoast_head":"<!-- This site is optimized with the Yoast SEO Premium plugin v27.5 (Yoast SEO v27.5) - https:\/\/yoast.com\/product\/yoast-seo-premium-wordpress\/ -->\n<title>Gradient Color Plastic Water Bottles - Diller Water Bottle Manufacturer<\/title>\n<meta name=\"description\" content=\"As one of the best gradient color plastic water bottles manufacturers and suppliers, we are engaged in manufacturing good quality water bottles. We warmly welcome you to wholesale or buy custom made gradient color plastic water bottles at competitive price from us. Also, small quantity orders are acceptable.\" \/>\n<meta name=\"robots\" content=\"index, follow, max-snippet:-1, max-image-preview:large, max-video-preview:-1\" \/>\n<link rel=\"canonical\" href=\"https:\/\/www.dillerbottle.com\/de\/produkte\/plastikwasserflaschen-mit-farbverlauf\" \/>\n<meta property=\"og:locale\" content=\"de_DE\" \/>\n<meta property=\"og:type\" content=\"article\" \/>\n<meta property=\"og:title\" content=\"Gradient Color Plastic Water Bottles\" \/>\n<meta property=\"og:description\" content=\"As one of the best gradient color plastic water bottles manufacturers and suppliers, we are engaged in manufacturing good quality water bottles. We warmly welcome you to wholesale or buy custom made gradient color plastic water bottles at competitive price from us. Also, small quantity orders are acceptable.\" \/>\n<meta property=\"og:url\" content=\"https:\/\/www.dillerbottle.com\/de\/produkte\/plastikwasserflaschen-mit-farbverlauf\" \/>\n<meta property=\"og:site_name\" content=\"Diller Water Bottle Manufacturer\" \/>\n<meta property=\"article:modified_time\" content=\"2025-07-10T06:21:37+00:00\" \/>\n<meta property=\"og:image\" content=\"https:\/\/www.dillerbottle.com\/wp-content\/uploads\/2024\/09\/gradient-color-plastic-water-bottlese43af043-3560-4bb3-8e52-0392acda6be8.jpg\" \/>\n\t<meta property=\"og:image:width\" content=\"730\" \/>\n\t<meta property=\"og:image:height\" content=\"730\" \/>\n\t<meta property=\"og:image:type\" content=\"image\/jpeg\" \/>\n<meta name=\"twitter:card\" content=\"summary_large_image\" \/>\n<meta name=\"twitter:label1\" content=\"Gesch\u00e4tzte Lesezeit\" \/>\n\t<meta name=\"twitter:data1\" content=\"6\u00a0Minuten\" \/>\n<script type=\"application\/ld+json\" class=\"yoast-schema-graph\">{\"@context\":\"https:\\\/\\\/schema.org\",\"@graph\":[{\"@type\":\"WebPage\",\"@id\":\"https:\\\/\\\/www.dillerbottle.com\\\/ko\\\/%ec%a0%9c%ed%92%88\\\/%ea%b7%b8%eb%9d%bc%eb%8d%b0%ec%9d%b4%ec%85%98-%ec%bb%ac%eb%9f%ac-%ed%94%8c%eb%9d%bc%ec%8a%a4%ed%8b%b1-%eb%ac%bc%eb%b3%91\",\"url\":\"https:\\\/\\\/www.dillerbottle.com\\\/ko\\\/%ec%a0%9c%ed%92%88\\\/%ea%b7%b8%eb%9d%bc%eb%8d%b0%ec%9d%b4%ec%85%98-%ec%bb%ac%eb%9f%ac-%ed%94%8c%eb%9d%bc%ec%8a%a4%ed%8b%b1-%eb%ac%bc%eb%b3%91\",\"name\":\"Gradient Color Plastic Water Bottles - Diller Water Bottle Manufacturer\",\"isPartOf\":{\"@id\":\"https:\\\/\\\/www.dillerbottle.com\\\/#website\"},\"primaryImageOfPage\":{\"@id\":\"https:\\\/\\\/www.dillerbottle.com\\\/ko\\\/%ec%a0%9c%ed%92%88\\\/%ea%b7%b8%eb%9d%bc%eb%8d%b0%ec%9d%b4%ec%85%98-%ec%bb%ac%eb%9f%ac-%ed%94%8c%eb%9d%bc%ec%8a%a4%ed%8b%b1-%eb%ac%bc%eb%b3%91#primaryimage\"},\"image\":{\"@id\":\"https:\\\/\\\/www.dillerbottle.com\\\/ko\\\/%ec%a0%9c%ed%92%88\\\/%ea%b7%b8%eb%9d%bc%eb%8d%b0%ec%9d%b4%ec%85%98-%ec%bb%ac%eb%9f%ac-%ed%94%8c%eb%9d%bc%ec%8a%a4%ed%8b%b1-%eb%ac%bc%eb%b3%91#primaryimage\"},\"thumbnailUrl\":\"https:\\\/\\\/www.dillerbottle.com\\\/wp-content\\\/uploads\\\/2024\\\/09\\\/gradient-color-plastic-water-bottlese43af043-3560-4bb3-8e52-0392acda6be8.jpg\",\"datePublished\":\"2024-09-27T09:45:25+00:00\",\"dateModified\":\"2025-07-10T06:21:37+00:00\",\"description\":\"As one of the best gradient color plastic water bottles manufacturers and suppliers, we are engaged in manufacturing good quality water bottles. We warmly welcome you to wholesale or buy custom made gradient color plastic water bottles at competitive price from us. Also, small quantity orders are acceptable.\",\"breadcrumb\":{\"@id\":\"https:\\\/\\\/www.dillerbottle.com\\\/ko\\\/%ec%a0%9c%ed%92%88\\\/%ea%b7%b8%eb%9d%bc%eb%8d%b0%ec%9d%b4%ec%85%98-%ec%bb%ac%eb%9f%ac-%ed%94%8c%eb%9d%bc%ec%8a%a4%ed%8b%b1-%eb%ac%bc%eb%b3%91#breadcrumb\"},\"inLanguage\":\"de\",\"potentialAction\":[{\"@type\":\"ReadAction\",\"target\":[\"https:\\\/\\\/www.dillerbottle.com\\\/ko\\\/%ec%a0%9c%ed%92%88\\\/%ea%b7%b8%eb%9d%bc%eb%8d%b0%ec%9d%b4%ec%85%98-%ec%bb%ac%eb%9f%ac-%ed%94%8c%eb%9d%bc%ec%8a%a4%ed%8b%b1-%eb%ac%bc%eb%b3%91\"]}]},{\"@type\":\"ImageObject\",\"inLanguage\":\"de\",\"@id\":\"https:\\\/\\\/www.dillerbottle.com\\\/ko\\\/%ec%a0%9c%ed%92%88\\\/%ea%b7%b8%eb%9d%bc%eb%8d%b0%ec%9d%b4%ec%85%98-%ec%bb%ac%eb%9f%ac-%ed%94%8c%eb%9d%bc%ec%8a%a4%ed%8b%b1-%eb%ac%bc%eb%b3%91#primaryimage\",\"url\":\"https:\\\/\\\/www.dillerbottle.com\\\/wp-content\\\/uploads\\\/2024\\\/09\\\/gradient-color-plastic-water-bottlese43af043-3560-4bb3-8e52-0392acda6be8.jpg\",\"contentUrl\":\"https:\\\/\\\/www.dillerbottle.com\\\/wp-content\\\/uploads\\\/2024\\\/09\\\/gradient-color-plastic-water-bottlese43af043-3560-4bb3-8e52-0392acda6be8.jpg\",\"width\":730,\"height\":730},{\"@type\":\"BreadcrumbList\",\"@id\":\"https:\\\/\\\/www.dillerbottle.com\\\/ko\\\/%ec%a0%9c%ed%92%88\\\/%ea%b7%b8%eb%9d%bc%eb%8d%b0%ec%9d%b4%ec%85%98-%ec%bb%ac%eb%9f%ac-%ed%94%8c%eb%9d%bc%ec%8a%a4%ed%8b%b1-%eb%ac%bc%eb%b3%91#breadcrumb\",\"itemListElement\":[{\"@type\":\"ListItem\",\"position\":1,\"name\":\"Home\",\"item\":\"https:\\\/\\\/www.dillerbottle.com\\\/\"},{\"@type\":\"ListItem\",\"position\":2,\"name\":\"Products\",\"item\":\"https:\\\/\\\/www.dillerbottle.com\\\/shop\"},{\"@type\":\"ListItem\",\"position\":3,\"name\":\"Gradient Color Plastic Water Bottles\"}]},{\"@type\":\"WebSite\",\"@id\":\"https:\\\/\\\/www.dillerbottle.com\\\/#website\",\"url\":\"https:\\\/\\\/www.dillerbottle.com\\\/\",\"name\":\"Diller Water Bottle Manufacturer\",\"description\":\"Water Bottle Manufacturer\",\"publisher\":{\"@id\":\"https:\\\/\\\/www.dillerbottle.com\\\/#organization\"},\"potentialAction\":[{\"@type\":\"SearchAction\",\"target\":{\"@type\":\"EntryPoint\",\"urlTemplate\":\"https:\\\/\\\/www.dillerbottle.com\\\/?s={search_term_string}\"},\"query-input\":{\"@type\":\"PropertyValueSpecification\",\"valueRequired\":true,\"valueName\":\"search_term_string\"}}],\"inLanguage\":\"de\"},{\"@type\":\"Organization\",\"@id\":\"https:\\\/\\\/www.dillerbottle.com\\\/#organization\",\"name\":\"Diller Water Bottle Manufacturer\",\"url\":\"https:\\\/\\\/www.dillerbottle.com\\\/\",\"logo\":{\"@type\":\"ImageObject\",\"inLanguage\":\"de\",\"@id\":\"https:\\\/\\\/www.dillerbottle.com\\\/#\\\/schema\\\/logo\\\/image\\\/\",\"url\":\"https:\\\/\\\/www.dillerbottle.com\\\/wp-content\\\/uploads\\\/2024\\\/09\\\/49918bfa848dcc1e9f8b509933603ac.png\",\"contentUrl\":\"https:\\\/\\\/www.dillerbottle.com\\\/wp-content\\\/uploads\\\/2024\\\/09\\\/49918bfa848dcc1e9f8b509933603ac.png\",\"width\":988,\"height\":198,\"caption\":\"Diller Water Bottle Manufacturer\"},\"image\":{\"@id\":\"https:\\\/\\\/www.dillerbottle.com\\\/#\\\/schema\\\/logo\\\/image\\\/\"}}]}<\/script>\n<!-- \/ Yoast SEO Premium plugin. -->","yoast_head_json":{"title":"Gradient Farbe Kunststoff Wasserflaschen - Diller Wasserflasche Hersteller","description":"Als einer der besten Farbverlauf Kunststoff Wasserflaschen Hersteller und Lieferanten, sind wir in der Herstellung von guter Qualit\u00e4t Wasserflaschen besch\u00e4ftigt. Wir hei\u00dfen Sie herzlich willkommen, Gro\u00dfhandel oder kaufen ma\u00dfgeschneiderte Farbverlauf Kunststoff Wasserflaschen zu wettbewerbsf\u00e4higen Preisen von uns. Auch, kleine Menge Bestellungen sind akzeptabel.","robots":{"index":"index","follow":"follow","max-snippet":"max-snippet:-1","max-image-preview":"max-image-preview:large","max-video-preview":"max-video-preview:-1"},"canonical":"https:\/\/www.dillerbottle.com\/de\/produkte\/plastikwasserflaschen-mit-farbverlauf","og_locale":"de_DE","og_type":"article","og_title":"Gradient Color Plastic Water Bottles","og_description":"As one of the best gradient color plastic water bottles manufacturers and suppliers, we are engaged in manufacturing good quality water bottles. We warmly welcome you to wholesale or buy custom made gradient color plastic water bottles at competitive price from us. Also, small quantity orders are acceptable.","og_url":"https:\/\/www.dillerbottle.com\/de\/produkte\/plastikwasserflaschen-mit-farbverlauf","og_site_name":"Diller Water Bottle Manufacturer","article_modified_time":"2025-07-10T06:21:37+00:00","og_image":[{"width":730,"height":730,"url":"https:\/\/www.dillerbottle.com\/wp-content\/uploads\/2024\/09\/gradient-color-plastic-water-bottlese43af043-3560-4bb3-8e52-0392acda6be8.jpg","type":"image\/jpeg"}],"twitter_card":"summary_large_image","twitter_misc":{"Gesch\u00e4tzte Lesezeit":"6\u00a0Minuten"},"schema":{"@context":"https:\/\/schema.org","@graph":[{"@type":"WebPage","@id":"https:\/\/www.dillerbottle.com\/ko\/%ec%a0%9c%ed%92%88\/%ea%b7%b8%eb%9d%bc%eb%8d%b0%ec%9d%b4%ec%85%98-%ec%bb%ac%eb%9f%ac-%ed%94%8c%eb%9d%bc%ec%8a%a4%ed%8b%b1-%eb%ac%bc%eb%b3%91","url":"https:\/\/www.dillerbottle.com\/ko\/%ec%a0%9c%ed%92%88\/%ea%b7%b8%eb%9d%bc%eb%8d%b0%ec%9d%b4%ec%85%98-%ec%bb%ac%eb%9f%ac-%ed%94%8c%eb%9d%bc%ec%8a%a4%ed%8b%b1-%eb%ac%bc%eb%b3%91","name":"Gradient Farbe Kunststoff Wasserflaschen - Diller Wasserflasche Hersteller","isPartOf":{"@id":"https:\/\/www.dillerbottle.com\/#website"},"primaryImageOfPage":{"@id":"https:\/\/www.dillerbottle.com\/ko\/%ec%a0%9c%ed%92%88\/%ea%b7%b8%eb%9d%bc%eb%8d%b0%ec%9d%b4%ec%85%98-%ec%bb%ac%eb%9f%ac-%ed%94%8c%eb%9d%bc%ec%8a%a4%ed%8b%b1-%eb%ac%bc%eb%b3%91#primaryimage"},"image":{"@id":"https:\/\/www.dillerbottle.com\/ko\/%ec%a0%9c%ed%92%88\/%ea%b7%b8%eb%9d%bc%eb%8d%b0%ec%9d%b4%ec%85%98-%ec%bb%ac%eb%9f%ac-%ed%94%8c%eb%9d%bc%ec%8a%a4%ed%8b%b1-%eb%ac%bc%eb%b3%91#primaryimage"},"thumbnailUrl":"https:\/\/www.dillerbottle.com\/wp-content\/uploads\/2024\/09\/gradient-color-plastic-water-bottlese43af043-3560-4bb3-8e52-0392acda6be8.jpg","datePublished":"2024-09-27T09:45:25+00:00","dateModified":"2025-07-10T06:21:37+00:00","description":"Als einer der besten Farbverlauf Kunststoff Wasserflaschen Hersteller und Lieferanten, sind wir in der Herstellung von guter Qualit\u00e4t Wasserflaschen besch\u00e4ftigt. Wir hei\u00dfen Sie herzlich willkommen, Gro\u00dfhandel oder kaufen ma\u00dfgeschneiderte Farbverlauf Kunststoff Wasserflaschen zu wettbewerbsf\u00e4higen Preisen von uns. Auch, kleine Menge Bestellungen sind akzeptabel.","breadcrumb":{"@id":"https:\/\/www.dillerbottle.com\/ko\/%ec%a0%9c%ed%92%88\/%ea%b7%b8%eb%9d%bc%eb%8d%b0%ec%9d%b4%ec%85%98-%ec%bb%ac%eb%9f%ac-%ed%94%8c%eb%9d%bc%ec%8a%a4%ed%8b%b1-%eb%ac%bc%eb%b3%91#breadcrumb"},"inLanguage":"de","potentialAction":[{"@type":"ReadAction","target":["https:\/\/www.dillerbottle.com\/ko\/%ec%a0%9c%ed%92%88\/%ea%b7%b8%eb%9d%bc%eb%8d%b0%ec%9d%b4%ec%85%98-%ec%bb%ac%eb%9f%ac-%ed%94%8c%eb%9d%bc%ec%8a%a4%ed%8b%b1-%eb%ac%bc%eb%b3%91"]}]},{"@type":"ImageObject","inLanguage":"de","@id":"https:\/\/www.dillerbottle.com\/ko\/%ec%a0%9c%ed%92%88\/%ea%b7%b8%eb%9d%bc%eb%8d%b0%ec%9d%b4%ec%85%98-%ec%bb%ac%eb%9f%ac-%ed%94%8c%eb%9d%bc%ec%8a%a4%ed%8b%b1-%eb%ac%bc%eb%b3%91#primaryimage","url":"https:\/\/www.dillerbottle.com\/wp-content\/uploads\/2024\/09\/gradient-color-plastic-water-bottlese43af043-3560-4bb3-8e52-0392acda6be8.jpg","contentUrl":"https:\/\/www.dillerbottle.com\/wp-content\/uploads\/2024\/09\/gradient-color-plastic-water-bottlese43af043-3560-4bb3-8e52-0392acda6be8.jpg","width":730,"height":730},{"@type":"BreadcrumbList","@id":"https:\/\/www.dillerbottle.com\/ko\/%ec%a0%9c%ed%92%88\/%ea%b7%b8%eb%9d%bc%eb%8d%b0%ec%9d%b4%ec%85%98-%ec%bb%ac%eb%9f%ac-%ed%94%8c%eb%9d%bc%ec%8a%a4%ed%8b%b1-%eb%ac%bc%eb%b3%91#breadcrumb","itemListElement":[{"@type":"ListItem","position":1,"name":"Home","item":"https:\/\/www.dillerbottle.com\/"},{"@type":"ListItem","position":2,"name":"Products","item":"https:\/\/www.dillerbottle.com\/shop"},{"@type":"ListItem","position":3,"name":"Gradient Color Plastic Water Bottles"}]},{"@type":"WebSite","@id":"https:\/\/www.dillerbottle.com\/#website","url":"https:\/\/www.dillerbottle.com\/","name":"Diller Wasserflaschenhersteller","description":"Wasserflaschenhersteller","publisher":{"@id":"https:\/\/www.dillerbottle.com\/#organization"},"potentialAction":[{"@type":"SearchAction","target":{"@type":"EntryPoint","urlTemplate":"https:\/\/www.dillerbottle.com\/?s={search_term_string}"},"query-input":{"@type":"PropertyValueSpecification","valueRequired":true,"valueName":"search_term_string"}}],"inLanguage":"de"},{"@type":"Organization","@id":"https:\/\/www.dillerbottle.com\/#organization","name":"Diller Wasserflaschenhersteller","url":"https:\/\/www.dillerbottle.com\/","logo":{"@type":"ImageObject","inLanguage":"de","@id":"https:\/\/www.dillerbottle.com\/#\/schema\/logo\/image\/","url":"https:\/\/www.dillerbottle.com\/wp-content\/uploads\/2024\/09\/49918bfa848dcc1e9f8b509933603ac.png","contentUrl":"https:\/\/www.dillerbottle.com\/wp-content\/uploads\/2024\/09\/49918bfa848dcc1e9f8b509933603ac.png","width":988,"height":198,"caption":"Diller Water Bottle Manufacturer"},"image":{"@id":"https:\/\/www.dillerbottle.com\/#\/schema\/logo\/image\/"}}]}},"_links":{"self":[{"href":"https:\/\/www.dillerbottle.com\/de\/wp-json\/wp\/v2\/product\/4491","targetHints":{"allow":["GET"]}}],"collection":[{"href":"https:\/\/www.dillerbottle.com\/de\/wp-json\/wp\/v2\/product"}],"about":[{"href":"https:\/\/www.dillerbottle.com\/de\/wp-json\/wp\/v2\/types\/product"}],"replies":[{"embeddable":true,"href":"https:\/\/www.dillerbottle.com\/de\/wp-json\/wp\/v2\/comments?post=4491"}],"wp:featuredmedia":[{"embeddable":true,"href":"https:\/\/www.dillerbottle.com\/de\/wp-json\/wp\/v2\/media\/4492"}],"wp:attachment":[{"href":"https:\/\/www.dillerbottle.com\/de\/wp-json\/wp\/v2\/media?parent=4491"}],"wp:term":[{"taxonomy":"product_brand","embeddable":true,"href":"https:\/\/www.dillerbottle.com\/de\/wp-json\/wp\/v2\/product_brand?post=4491"},{"taxonomy":"product_cat","embeddable":true,"href":"https:\/\/www.dillerbottle.com\/de\/wp-json\/wp\/v2\/product_cat?post=4491"},{"taxonomy":"product_tag","embeddable":true,"href":"https:\/\/www.dillerbottle.com\/de\/wp-json\/wp\/v2\/product_tag?post=4491"}],"curies":[{"name":"wp","href":"https:\/\/api.w.org\/{rel}","templated":true}]}}