{"id":4650,"date":"2024-09-27T17:47:38","date_gmt":"2024-09-27T09:47:38","guid":{"rendered":"https:\/\/demo.dillerbottle.com\/uncategorized\/eco-friendly-plastic-water-flask"},"modified":"2025-07-10T14:09:10","modified_gmt":"2025-07-10T06:09:10","slug":"umweltfreundliche-plastikwasserflasche","status":"publish","type":"product","link":"https:\/\/www.dillerbottle.com\/de\/products\/eco-friendly-plastic-water-flask","title":{"rendered":"Umweltfreundliche Plastik-Wasserflasche"},"content":{"rendered":"<p>Merkmale:<br \/>\n1. Die umweltfreundliche Kunststoff-Wasserflasche besteht aus Tritan-Material und lebensmittelechten Materialien. Tritan hat eine ausgezeichnete Temperaturbest\u00e4ndigkeit und Schlagfestigkeit. Sicher und harmlos, frei von sch\u00e4dlichen Substanzen wie BPA.<\/p>\n<p>2. Doppelte Trinkmethode mit einem Deckel, kann durch einen Strohhalm oder direkt konsumiert werden. Der Becher hat einen versiegelten Silikonring und l\u00e4uft auch bei 360\u00b0-Umdrehung nicht aus. Deckel\u00f6ffnung mit einem Klick, Einhandbedienung, bequemeres Trinken.<\/p>\n<p>3.;Ausgestattet mit abnehmbaren und verstellbaren Riemen kann es beim Sport, Camping, Tourismus, in der Schule und bei anderen Gelegenheiten verwendet werden.<\/p>","protected":false},"excerpt":{"rendered":"<p>Diese umweltfreundliche Wasserflasche aus Kunststoff besteht aus langlebigem Tritan und lebensmittelechten Materialien.<br \/>\nDie Oberseite des Deckels ist mit einer weichen Saugd\u00fcse aus Silikon ausgestattet.<br \/>\nSie k\u00f6nnen einen Strohhalm verwenden, um Wasser zu trinken, oder einen direkten Trinkmund.<br \/>\nDer auslaufsichere Deckel l\u00e4sst sich per Knopfdruck mit einer Hand leicht \u00f6ffnen.<br \/>\nOEM und ODM akzeptabel.<br \/>\nWir k\u00f6nnen die Kunststoff-Sportflasche entsprechend Ihren Anforderungen anpassen.<br \/>\nWillkommen beim Gro\u00dfhandelskauf, senden Sie jetzt eine Anfrage!<\/p>","protected":false},"featured_media":4652,"comment_status":"open","ping_status":"closed","template":"","meta":{"_acf_changed":false},"product_brand":[],"product_cat":[309],"product_tag":[365,366,32,36,33,320,31,364,39,38,29,37,34,35,28,314,367,212,30],"class_list":{"0":"post-4650","1":"product","2":"type-product","3":"status-publish","4":"has-post-thumbnail","6":"product_cat-plastic-water-bottle","7":"product_tag-2-2l-water-bottle","8":"product_tag-500ml-plastic-water-bottle","9":"product_tag-best","10":"product_tag-bulk","11":"product_tag-buy","12":"product_tag-cartoon-plastic-water-bottle","13":"product_tag-custom","14":"product_tag-eco-friendly-plastic-water-flask","15":"product_tag-for-sale","16":"product_tag-good-quality","17":"product_tag-manufacturers","18":"product_tag-manufacturing","19":"product_tag-price","20":"product_tag-small","21":"product_tag-suppliers","22":"product_tag-tea-water-bottle","23":"product_tag-water-bottle-motivational","24":"product_tag-water-bottle-with-straw-and-handle","25":"product_tag-wholesale","27":"first","28":"instock","29":"shipping-taxable","30":"product-type-simple"},"acf":[],"yoast_head":"<!-- This site is optimized with the Yoast SEO Premium plugin v27.5 (Yoast SEO v27.5) - https:\/\/yoast.com\/product\/yoast-seo-premium-wordpress\/ -->\n<title>Eco Friendly Plastic Water Flask - Diller Water Bottle Manufacturer<\/title>\n<meta name=\"description\" content=\"As one of the best eco friendly plastic water flask manufacturers and suppliers, we are engaged in manufacturing good quality water bottles. We warmly welcome you to wholesale or buy custom made eco friendly plastic water flask at competitive price from us. Also, small quantity orders are acceptable.\" \/>\n<meta name=\"robots\" content=\"index, follow, max-snippet:-1, max-image-preview:large, max-video-preview:-1\" \/>\n<link rel=\"canonical\" href=\"https:\/\/www.dillerbottle.com\/de\/produkte\/umweltfreundliche-plastikwasserflasche\" \/>\n<meta property=\"og:locale\" content=\"de_DE\" \/>\n<meta property=\"og:type\" content=\"article\" \/>\n<meta property=\"og:title\" content=\"Eco Friendly Plastic Water Flask\" \/>\n<meta property=\"og:description\" content=\"As one of the best eco friendly plastic water flask manufacturers and suppliers, we are engaged in manufacturing good quality water bottles. We warmly welcome you to wholesale or buy custom made eco friendly plastic water flask at competitive price from us. Also, small quantity orders are acceptable.\" \/>\n<meta property=\"og:url\" content=\"https:\/\/www.dillerbottle.com\/de\/produkte\/umweltfreundliche-plastikwasserflasche\" \/>\n<meta property=\"og:site_name\" content=\"Diller Water Bottle Manufacturer\" \/>\n<meta property=\"article:modified_time\" content=\"2025-07-10T06:09:10+00:00\" \/>\n<meta property=\"og:image\" content=\"https:\/\/www.dillerbottle.com\/wp-content\/uploads\/2024\/09\/eco-friendly-plastic-water-flask0305ba1b-0a3c-46da-b1dd-e40afed8ef81.jpg\" \/>\n\t<meta property=\"og:image:width\" content=\"730\" \/>\n\t<meta property=\"og:image:height\" content=\"730\" \/>\n\t<meta property=\"og:image:type\" content=\"image\/jpeg\" \/>\n<meta name=\"twitter:card\" content=\"summary_large_image\" \/>\n<meta name=\"twitter:label1\" content=\"Gesch\u00e4tzte Lesezeit\" \/>\n\t<meta name=\"twitter:data1\" content=\"7\u00a0Minuten\" \/>\n<script type=\"application\/ld+json\" class=\"yoast-schema-graph\">{\"@context\":\"https:\\\/\\\/schema.org\",\"@graph\":[{\"@type\":\"WebPage\",\"@id\":\"https:\\\/\\\/www.dillerbottle.com\\\/th\\\/%e0%b8%aa%e0%b8%b4%e0%b8%99%e0%b8%84%e0%b9%89%e0%b8%b2\\\/%e0%b8%82%e0%b8%a7%e0%b8%94%e0%b8%99%e0%b9%89%e0%b8%b3%e0%b8%9e%e0%b8%a5%e0%b8%b2%e0%b8%aa%e0%b8%95%e0%b8%b4%e0%b8%81%e0%b9%80%e0%b8%9b%e0%b9%87%e0%b8%99%e0%b8%a1%e0%b8%b4%e0%b8%95%e0%b8%a3%e0%b8%81\",\"url\":\"https:\\\/\\\/www.dillerbottle.com\\\/th\\\/%e0%b8%aa%e0%b8%b4%e0%b8%99%e0%b8%84%e0%b9%89%e0%b8%b2\\\/%e0%b8%82%e0%b8%a7%e0%b8%94%e0%b8%99%e0%b9%89%e0%b8%b3%e0%b8%9e%e0%b8%a5%e0%b8%b2%e0%b8%aa%e0%b8%95%e0%b8%b4%e0%b8%81%e0%b9%80%e0%b8%9b%e0%b9%87%e0%b8%99%e0%b8%a1%e0%b8%b4%e0%b8%95%e0%b8%a3%e0%b8%81\",\"name\":\"Eco Friendly Plastic Water Flask - Diller Water Bottle Manufacturer\",\"isPartOf\":{\"@id\":\"https:\\\/\\\/www.dillerbottle.com\\\/#website\"},\"primaryImageOfPage\":{\"@id\":\"https:\\\/\\\/www.dillerbottle.com\\\/th\\\/%e0%b8%aa%e0%b8%b4%e0%b8%99%e0%b8%84%e0%b9%89%e0%b8%b2\\\/%e0%b8%82%e0%b8%a7%e0%b8%94%e0%b8%99%e0%b9%89%e0%b8%b3%e0%b8%9e%e0%b8%a5%e0%b8%b2%e0%b8%aa%e0%b8%95%e0%b8%b4%e0%b8%81%e0%b9%80%e0%b8%9b%e0%b9%87%e0%b8%99%e0%b8%a1%e0%b8%b4%e0%b8%95%e0%b8%a3%e0%b8%81#primaryimage\"},\"image\":{\"@id\":\"https:\\\/\\\/www.dillerbottle.com\\\/th\\\/%e0%b8%aa%e0%b8%b4%e0%b8%99%e0%b8%84%e0%b9%89%e0%b8%b2\\\/%e0%b8%82%e0%b8%a7%e0%b8%94%e0%b8%99%e0%b9%89%e0%b8%b3%e0%b8%9e%e0%b8%a5%e0%b8%b2%e0%b8%aa%e0%b8%95%e0%b8%b4%e0%b8%81%e0%b9%80%e0%b8%9b%e0%b9%87%e0%b8%99%e0%b8%a1%e0%b8%b4%e0%b8%95%e0%b8%a3%e0%b8%81#primaryimage\"},\"thumbnailUrl\":\"https:\\\/\\\/www.dillerbottle.com\\\/wp-content\\\/uploads\\\/2024\\\/09\\\/eco-friendly-plastic-water-flask0305ba1b-0a3c-46da-b1dd-e40afed8ef81.jpg\",\"datePublished\":\"2024-09-27T09:47:38+00:00\",\"dateModified\":\"2025-07-10T06:09:10+00:00\",\"description\":\"As one of the best eco friendly plastic water flask manufacturers and suppliers, we are engaged in manufacturing good quality water bottles. We warmly welcome you to wholesale or buy custom made eco friendly plastic water flask at competitive price from us. Also, small quantity orders are acceptable.\",\"breadcrumb\":{\"@id\":\"https:\\\/\\\/www.dillerbottle.com\\\/th\\\/%e0%b8%aa%e0%b8%b4%e0%b8%99%e0%b8%84%e0%b9%89%e0%b8%b2\\\/%e0%b8%82%e0%b8%a7%e0%b8%94%e0%b8%99%e0%b9%89%e0%b8%b3%e0%b8%9e%e0%b8%a5%e0%b8%b2%e0%b8%aa%e0%b8%95%e0%b8%b4%e0%b8%81%e0%b9%80%e0%b8%9b%e0%b9%87%e0%b8%99%e0%b8%a1%e0%b8%b4%e0%b8%95%e0%b8%a3%e0%b8%81#breadcrumb\"},\"inLanguage\":\"de\",\"potentialAction\":[{\"@type\":\"ReadAction\",\"target\":[\"https:\\\/\\\/www.dillerbottle.com\\\/th\\\/%e0%b8%aa%e0%b8%b4%e0%b8%99%e0%b8%84%e0%b9%89%e0%b8%b2\\\/%e0%b8%82%e0%b8%a7%e0%b8%94%e0%b8%99%e0%b9%89%e0%b8%b3%e0%b8%9e%e0%b8%a5%e0%b8%b2%e0%b8%aa%e0%b8%95%e0%b8%b4%e0%b8%81%e0%b9%80%e0%b8%9b%e0%b9%87%e0%b8%99%e0%b8%a1%e0%b8%b4%e0%b8%95%e0%b8%a3%e0%b8%81\"]}]},{\"@type\":\"ImageObject\",\"inLanguage\":\"de\",\"@id\":\"https:\\\/\\\/www.dillerbottle.com\\\/th\\\/%e0%b8%aa%e0%b8%b4%e0%b8%99%e0%b8%84%e0%b9%89%e0%b8%b2\\\/%e0%b8%82%e0%b8%a7%e0%b8%94%e0%b8%99%e0%b9%89%e0%b8%b3%e0%b8%9e%e0%b8%a5%e0%b8%b2%e0%b8%aa%e0%b8%95%e0%b8%b4%e0%b8%81%e0%b9%80%e0%b8%9b%e0%b9%87%e0%b8%99%e0%b8%a1%e0%b8%b4%e0%b8%95%e0%b8%a3%e0%b8%81#primaryimage\",\"url\":\"https:\\\/\\\/www.dillerbottle.com\\\/wp-content\\\/uploads\\\/2024\\\/09\\\/eco-friendly-plastic-water-flask0305ba1b-0a3c-46da-b1dd-e40afed8ef81.jpg\",\"contentUrl\":\"https:\\\/\\\/www.dillerbottle.com\\\/wp-content\\\/uploads\\\/2024\\\/09\\\/eco-friendly-plastic-water-flask0305ba1b-0a3c-46da-b1dd-e40afed8ef81.jpg\",\"width\":730,\"height\":730},{\"@type\":\"BreadcrumbList\",\"@id\":\"https:\\\/\\\/www.dillerbottle.com\\\/th\\\/%e0%b8%aa%e0%b8%b4%e0%b8%99%e0%b8%84%e0%b9%89%e0%b8%b2\\\/%e0%b8%82%e0%b8%a7%e0%b8%94%e0%b8%99%e0%b9%89%e0%b8%b3%e0%b8%9e%e0%b8%a5%e0%b8%b2%e0%b8%aa%e0%b8%95%e0%b8%b4%e0%b8%81%e0%b9%80%e0%b8%9b%e0%b9%87%e0%b8%99%e0%b8%a1%e0%b8%b4%e0%b8%95%e0%b8%a3%e0%b8%81#breadcrumb\",\"itemListElement\":[{\"@type\":\"ListItem\",\"position\":1,\"name\":\"Home\",\"item\":\"https:\\\/\\\/www.dillerbottle.com\\\/\"},{\"@type\":\"ListItem\",\"position\":2,\"name\":\"Products\",\"item\":\"https:\\\/\\\/www.dillerbottle.com\\\/shop\"},{\"@type\":\"ListItem\",\"position\":3,\"name\":\"Eco Friendly Plastic Water Flask\"}]},{\"@type\":\"WebSite\",\"@id\":\"https:\\\/\\\/www.dillerbottle.com\\\/#website\",\"url\":\"https:\\\/\\\/www.dillerbottle.com\\\/\",\"name\":\"Diller Water Bottle Manufacturer\",\"description\":\"Water Bottle Manufacturer\",\"publisher\":{\"@id\":\"https:\\\/\\\/www.dillerbottle.com\\\/#organization\"},\"potentialAction\":[{\"@type\":\"SearchAction\",\"target\":{\"@type\":\"EntryPoint\",\"urlTemplate\":\"https:\\\/\\\/www.dillerbottle.com\\\/?s={search_term_string}\"},\"query-input\":{\"@type\":\"PropertyValueSpecification\",\"valueRequired\":true,\"valueName\":\"search_term_string\"}}],\"inLanguage\":\"de\"},{\"@type\":\"Organization\",\"@id\":\"https:\\\/\\\/www.dillerbottle.com\\\/#organization\",\"name\":\"Diller Water Bottle Manufacturer\",\"url\":\"https:\\\/\\\/www.dillerbottle.com\\\/\",\"logo\":{\"@type\":\"ImageObject\",\"inLanguage\":\"de\",\"@id\":\"https:\\\/\\\/www.dillerbottle.com\\\/#\\\/schema\\\/logo\\\/image\\\/\",\"url\":\"https:\\\/\\\/www.dillerbottle.com\\\/wp-content\\\/uploads\\\/2024\\\/09\\\/49918bfa848dcc1e9f8b509933603ac.png\",\"contentUrl\":\"https:\\\/\\\/www.dillerbottle.com\\\/wp-content\\\/uploads\\\/2024\\\/09\\\/49918bfa848dcc1e9f8b509933603ac.png\",\"width\":988,\"height\":198,\"caption\":\"Diller Water Bottle Manufacturer\"},\"image\":{\"@id\":\"https:\\\/\\\/www.dillerbottle.com\\\/#\\\/schema\\\/logo\\\/image\\\/\"}}]}<\/script>\n<!-- \/ Yoast SEO Premium plugin. -->","yoast_head_json":{"title":"Umweltfreundliche Plastikwasserflasche - Diller Wasserflaschenhersteller","description":"Als einer der besten Hersteller und Lieferanten von umweltfreundlichen Plastikwasserflaschen sind wir auf die Herstellung hochwertiger Wasserflaschen spezialisiert. Wir hei\u00dfen Sie herzlich willkommen, bei uns ma\u00dfgeschneiderte umweltfreundliche Plastikwasserflaschen im Gro\u00dfhandel zu kaufen oder zu wettbewerbsf\u00e4higen Preisen zu erwerben. Auch Bestellungen in kleinen Mengen sind akzeptabel.","robots":{"index":"index","follow":"follow","max-snippet":"max-snippet:-1","max-image-preview":"max-image-preview:large","max-video-preview":"max-video-preview:-1"},"canonical":"https:\/\/www.dillerbottle.com\/de\/produkte\/umweltfreundliche-plastikwasserflasche","og_locale":"de_DE","og_type":"article","og_title":"Eco Friendly Plastic Water Flask","og_description":"As one of the best eco friendly plastic water flask manufacturers and suppliers, we are engaged in manufacturing good quality water bottles. We warmly welcome you to wholesale or buy custom made eco friendly plastic water flask at competitive price from us. Also, small quantity orders are acceptable.","og_url":"https:\/\/www.dillerbottle.com\/de\/produkte\/umweltfreundliche-plastikwasserflasche","og_site_name":"Diller Water Bottle Manufacturer","article_modified_time":"2025-07-10T06:09:10+00:00","og_image":[{"width":730,"height":730,"url":"https:\/\/www.dillerbottle.com\/wp-content\/uploads\/2024\/09\/eco-friendly-plastic-water-flask0305ba1b-0a3c-46da-b1dd-e40afed8ef81.jpg","type":"image\/jpeg"}],"twitter_card":"summary_large_image","twitter_misc":{"Gesch\u00e4tzte Lesezeit":"7\u00a0Minuten"},"schema":{"@context":"https:\/\/schema.org","@graph":[{"@type":"WebPage","@id":"https:\/\/www.dillerbottle.com\/th\/%e0%b8%aa%e0%b8%b4%e0%b8%99%e0%b8%84%e0%b9%89%e0%b8%b2\/%e0%b8%82%e0%b8%a7%e0%b8%94%e0%b8%99%e0%b9%89%e0%b8%b3%e0%b8%9e%e0%b8%a5%e0%b8%b2%e0%b8%aa%e0%b8%95%e0%b8%b4%e0%b8%81%e0%b9%80%e0%b8%9b%e0%b9%87%e0%b8%99%e0%b8%a1%e0%b8%b4%e0%b8%95%e0%b8%a3%e0%b8%81","url":"https:\/\/www.dillerbottle.com\/th\/%e0%b8%aa%e0%b8%b4%e0%b8%99%e0%b8%84%e0%b9%89%e0%b8%b2\/%e0%b8%82%e0%b8%a7%e0%b8%94%e0%b8%99%e0%b9%89%e0%b8%b3%e0%b8%9e%e0%b8%a5%e0%b8%b2%e0%b8%aa%e0%b8%95%e0%b8%b4%e0%b8%81%e0%b9%80%e0%b8%9b%e0%b9%87%e0%b8%99%e0%b8%a1%e0%b8%b4%e0%b8%95%e0%b8%a3%e0%b8%81","name":"Umweltfreundliche Plastikwasserflasche - Diller Wasserflaschenhersteller","isPartOf":{"@id":"https:\/\/www.dillerbottle.com\/#website"},"primaryImageOfPage":{"@id":"https:\/\/www.dillerbottle.com\/th\/%e0%b8%aa%e0%b8%b4%e0%b8%99%e0%b8%84%e0%b9%89%e0%b8%b2\/%e0%b8%82%e0%b8%a7%e0%b8%94%e0%b8%99%e0%b9%89%e0%b8%b3%e0%b8%9e%e0%b8%a5%e0%b8%b2%e0%b8%aa%e0%b8%95%e0%b8%b4%e0%b8%81%e0%b9%80%e0%b8%9b%e0%b9%87%e0%b8%99%e0%b8%a1%e0%b8%b4%e0%b8%95%e0%b8%a3%e0%b8%81#primaryimage"},"image":{"@id":"https:\/\/www.dillerbottle.com\/th\/%e0%b8%aa%e0%b8%b4%e0%b8%99%e0%b8%84%e0%b9%89%e0%b8%b2\/%e0%b8%82%e0%b8%a7%e0%b8%94%e0%b8%99%e0%b9%89%e0%b8%b3%e0%b8%9e%e0%b8%a5%e0%b8%b2%e0%b8%aa%e0%b8%95%e0%b8%b4%e0%b8%81%e0%b9%80%e0%b8%9b%e0%b9%87%e0%b8%99%e0%b8%a1%e0%b8%b4%e0%b8%95%e0%b8%a3%e0%b8%81#primaryimage"},"thumbnailUrl":"https:\/\/www.dillerbottle.com\/wp-content\/uploads\/2024\/09\/eco-friendly-plastic-water-flask0305ba1b-0a3c-46da-b1dd-e40afed8ef81.jpg","datePublished":"2024-09-27T09:47:38+00:00","dateModified":"2025-07-10T06:09:10+00:00","description":"Als einer der besten Hersteller und Lieferanten von umweltfreundlichen Plastikwasserflaschen sind wir auf die Herstellung hochwertiger Wasserflaschen spezialisiert. Wir hei\u00dfen Sie herzlich willkommen, bei uns ma\u00dfgeschneiderte umweltfreundliche Plastikwasserflaschen im Gro\u00dfhandel zu kaufen oder zu wettbewerbsf\u00e4higen Preisen zu erwerben. Auch Bestellungen in kleinen Mengen sind akzeptabel.","breadcrumb":{"@id":"https:\/\/www.dillerbottle.com\/th\/%e0%b8%aa%e0%b8%b4%e0%b8%99%e0%b8%84%e0%b9%89%e0%b8%b2\/%e0%b8%82%e0%b8%a7%e0%b8%94%e0%b8%99%e0%b9%89%e0%b8%b3%e0%b8%9e%e0%b8%a5%e0%b8%b2%e0%b8%aa%e0%b8%95%e0%b8%b4%e0%b8%81%e0%b9%80%e0%b8%9b%e0%b9%87%e0%b8%99%e0%b8%a1%e0%b8%b4%e0%b8%95%e0%b8%a3%e0%b8%81#breadcrumb"},"inLanguage":"de","potentialAction":[{"@type":"ReadAction","target":["https:\/\/www.dillerbottle.com\/th\/%e0%b8%aa%e0%b8%b4%e0%b8%99%e0%b8%84%e0%b9%89%e0%b8%b2\/%e0%b8%82%e0%b8%a7%e0%b8%94%e0%b8%99%e0%b9%89%e0%b8%b3%e0%b8%9e%e0%b8%a5%e0%b8%b2%e0%b8%aa%e0%b8%95%e0%b8%b4%e0%b8%81%e0%b9%80%e0%b8%9b%e0%b9%87%e0%b8%99%e0%b8%a1%e0%b8%b4%e0%b8%95%e0%b8%a3%e0%b8%81"]}]},{"@type":"ImageObject","inLanguage":"de","@id":"https:\/\/www.dillerbottle.com\/th\/%e0%b8%aa%e0%b8%b4%e0%b8%99%e0%b8%84%e0%b9%89%e0%b8%b2\/%e0%b8%82%e0%b8%a7%e0%b8%94%e0%b8%99%e0%b9%89%e0%b8%b3%e0%b8%9e%e0%b8%a5%e0%b8%b2%e0%b8%aa%e0%b8%95%e0%b8%b4%e0%b8%81%e0%b9%80%e0%b8%9b%e0%b9%87%e0%b8%99%e0%b8%a1%e0%b8%b4%e0%b8%95%e0%b8%a3%e0%b8%81#primaryimage","url":"https:\/\/www.dillerbottle.com\/wp-content\/uploads\/2024\/09\/eco-friendly-plastic-water-flask0305ba1b-0a3c-46da-b1dd-e40afed8ef81.jpg","contentUrl":"https:\/\/www.dillerbottle.com\/wp-content\/uploads\/2024\/09\/eco-friendly-plastic-water-flask0305ba1b-0a3c-46da-b1dd-e40afed8ef81.jpg","width":730,"height":730},{"@type":"BreadcrumbList","@id":"https:\/\/www.dillerbottle.com\/th\/%e0%b8%aa%e0%b8%b4%e0%b8%99%e0%b8%84%e0%b9%89%e0%b8%b2\/%e0%b8%82%e0%b8%a7%e0%b8%94%e0%b8%99%e0%b9%89%e0%b8%b3%e0%b8%9e%e0%b8%a5%e0%b8%b2%e0%b8%aa%e0%b8%95%e0%b8%b4%e0%b8%81%e0%b9%80%e0%b8%9b%e0%b9%87%e0%b8%99%e0%b8%a1%e0%b8%b4%e0%b8%95%e0%b8%a3%e0%b8%81#breadcrumb","itemListElement":[{"@type":"ListItem","position":1,"name":"Home","item":"https:\/\/www.dillerbottle.com\/"},{"@type":"ListItem","position":2,"name":"Products","item":"https:\/\/www.dillerbottle.com\/shop"},{"@type":"ListItem","position":3,"name":"Eco Friendly Plastic Water Flask"}]},{"@type":"WebSite","@id":"https:\/\/www.dillerbottle.com\/#website","url":"https:\/\/www.dillerbottle.com\/","name":"Diller Wasserflaschenhersteller","description":"Wasserflaschenhersteller","publisher":{"@id":"https:\/\/www.dillerbottle.com\/#organization"},"potentialAction":[{"@type":"SearchAction","target":{"@type":"EntryPoint","urlTemplate":"https:\/\/www.dillerbottle.com\/?s={search_term_string}"},"query-input":{"@type":"PropertyValueSpecification","valueRequired":true,"valueName":"search_term_string"}}],"inLanguage":"de"},{"@type":"Organization","@id":"https:\/\/www.dillerbottle.com\/#organization","name":"Diller Wasserflaschenhersteller","url":"https:\/\/www.dillerbottle.com\/","logo":{"@type":"ImageObject","inLanguage":"de","@id":"https:\/\/www.dillerbottle.com\/#\/schema\/logo\/image\/","url":"https:\/\/www.dillerbottle.com\/wp-content\/uploads\/2024\/09\/49918bfa848dcc1e9f8b509933603ac.png","contentUrl":"https:\/\/www.dillerbottle.com\/wp-content\/uploads\/2024\/09\/49918bfa848dcc1e9f8b509933603ac.png","width":988,"height":198,"caption":"Diller Water Bottle Manufacturer"},"image":{"@id":"https:\/\/www.dillerbottle.com\/#\/schema\/logo\/image\/"}}]}},"_links":{"self":[{"href":"https:\/\/www.dillerbottle.com\/de\/wp-json\/wp\/v2\/product\/4650","targetHints":{"allow":["GET"]}}],"collection":[{"href":"https:\/\/www.dillerbottle.com\/de\/wp-json\/wp\/v2\/product"}],"about":[{"href":"https:\/\/www.dillerbottle.com\/de\/wp-json\/wp\/v2\/types\/product"}],"replies":[{"embeddable":true,"href":"https:\/\/www.dillerbottle.com\/de\/wp-json\/wp\/v2\/comments?post=4650"}],"wp:featuredmedia":[{"embeddable":true,"href":"https:\/\/www.dillerbottle.com\/de\/wp-json\/wp\/v2\/media\/4652"}],"wp:attachment":[{"href":"https:\/\/www.dillerbottle.com\/de\/wp-json\/wp\/v2\/media?parent=4650"}],"wp:term":[{"taxonomy":"product_brand","embeddable":true,"href":"https:\/\/www.dillerbottle.com\/de\/wp-json\/wp\/v2\/product_brand?post=4650"},{"taxonomy":"product_cat","embeddable":true,"href":"https:\/\/www.dillerbottle.com\/de\/wp-json\/wp\/v2\/product_cat?post=4650"},{"taxonomy":"product_tag","embeddable":true,"href":"https:\/\/www.dillerbottle.com\/de\/wp-json\/wp\/v2\/product_tag?post=4650"}],"curies":[{"name":"wp","href":"https:\/\/api.w.org\/{rel}","templated":true}]}}