{"id":4684,"date":"2024-09-27T17:48:05","date_gmt":"2024-09-27T09:48:05","guid":{"rendered":"https:\/\/demo.dillerbottle.com\/uncategorized\/portable-sports-plastic-water-bottle"},"modified":"2025-07-10T14:09:09","modified_gmt":"2025-07-10T06:09:09","slug":"tragbare-sport-wasserflasche-aus-plastik","status":"publish","type":"product","link":"https:\/\/www.dillerbottle.com\/de\/products\/portable-sports-plastic-water-bottle","title":{"rendered":"Tragbare Sport-Plastik-Wasserflasche"},"content":{"rendered":"<p>1. Die tragbare Sportwasserflasche aus Kunststoff besteht aus lebensmittelechtem PC-Material, das langlebig und leicht ist. Am Becherdeckel befindet sich ein tragbarer Griff, sodass Sie die Flasche \u00fcberallhin mitnehmen und trinken k\u00f6nnen.<\/p>\n<p>2.;Ausgestattet mit einem unabh\u00e4ngigen und abnehmbaren feinen Tee-Ei kann es Teebl\u00e4tter filtern und das Trinken bequemer machen.<\/p>\n<p>3. Das Design des Anti-Ber\u00fchrungsverschlusses verhindert ein versehentliches \u00d6ffnen und das Austreten von Wasser beim Einlegen in die Tasche.<\/p>\n<p>4. Sie k\u00f6nnen Eis oder Obst durch die breite Flaschen\u00f6ffnung hinzuf\u00fcgen, und es kann auch leicht mit einer B\u00fcrste gereinigt werden.<\/p>","protected":false},"excerpt":{"rendered":"<p>Diese tragbare Sportwasserflasche aus Kunststoff besteht aus PC und lebensmittelechten Materialien.<br \/>\nDer Deckel des Bechers hat einen Silikongriff, der das Tragen erleichtert.<br \/>\nDie Wasserflasche ist mit einem Tee-Ei ausgestattet, das Tee oder Fr\u00fcchte trennen kann.<br \/>\nOEM und ODM akzeptabel.<br \/>\nWir k\u00f6nnen die Kunststoff-Sportflasche entsprechend Ihren Anforderungen anpassen.<br \/>\nWillkommen beim Gro\u00dfhandelskauf, senden Sie jetzt eine Anfrage!<\/p>","protected":false},"featured_media":4685,"comment_status":"open","ping_status":"closed","template":"","meta":{"_acf_changed":false},"product_brand":[],"product_cat":[309],"product_tag":[371,348,32,36,33,355,31,39,38,29,37,368,34,35,28,370,369,333,30],"class_list":{"0":"post-4684","1":"product","2":"type-product","3":"status-publish","4":"has-post-thumbnail","6":"product_cat-plastic-water-bottle","7":"product_tag-1200-ml-water-bottle","8":"product_tag-2023-water-bottle","9":"product_tag-best","10":"product_tag-bulk","11":"product_tag-buy","12":"product_tag-colored-water-bottle-plastic-with-straw","13":"product_tag-custom","14":"product_tag-for-sale","15":"product_tag-good-quality","16":"product_tag-manufacturers","17":"product_tag-manufacturing","18":"product_tag-portable-sports-plastic-water-bottle","19":"product_tag-price","20":"product_tag-small","21":"product_tag-suppliers","22":"product_tag-tritan-bpa-free-fitness-sports-water-bottles","23":"product_tag-water-bottle-bpa-free","24":"product_tag-water-bottle-bpa-free-plastic","25":"product_tag-wholesale","27":"first","28":"instock","29":"shipping-taxable","30":"product-type-simple"},"acf":[],"yoast_head":"<!-- This site is optimized with the Yoast SEO Premium plugin v27.5 (Yoast SEO v27.5) - https:\/\/yoast.com\/product\/yoast-seo-premium-wordpress\/ -->\n<title>Portable Sports Plastic Water Bottle - Diller Water Bottle Manufacturer<\/title>\n<meta name=\"description\" content=\"As one of the best portable sports plastic water bottle manufacturers and suppliers, we are engaged in manufacturing good quality water bottles. We warmly welcome you to wholesale or buy custom made portable sports plastic water bottle at competitive price from us. Also, small quantity orders are acceptable.\" \/>\n<meta name=\"robots\" content=\"index, follow, max-snippet:-1, max-image-preview:large, max-video-preview:-1\" \/>\n<link rel=\"canonical\" href=\"https:\/\/www.dillerbottle.com\/de\/produkte\/tragbare-sport-wasserflasche-aus-plastik\" \/>\n<meta property=\"og:locale\" content=\"de_DE\" \/>\n<meta property=\"og:type\" content=\"article\" \/>\n<meta property=\"og:title\" content=\"Portable Sports Plastic Water Bottle\" \/>\n<meta property=\"og:description\" content=\"As one of the best portable sports plastic water bottle manufacturers and suppliers, we are engaged in manufacturing good quality water bottles. We warmly welcome you to wholesale or buy custom made portable sports plastic water bottle at competitive price from us. Also, small quantity orders are acceptable.\" \/>\n<meta property=\"og:url\" content=\"https:\/\/www.dillerbottle.com\/de\/produkte\/tragbare-sport-wasserflasche-aus-plastik\" \/>\n<meta property=\"og:site_name\" content=\"Diller Water Bottle Manufacturer\" \/>\n<meta property=\"article:modified_time\" content=\"2025-07-10T06:09:09+00:00\" \/>\n<meta property=\"og:image\" content=\"https:\/\/www.dillerbottle.com\/wp-content\/uploads\/2024\/09\/portable-sports-plastic-water-bottlee460016f-5900-464d-b0d9-99e6f6b91c5f.jpg\" \/>\n\t<meta property=\"og:image:width\" content=\"730\" \/>\n\t<meta property=\"og:image:height\" content=\"730\" \/>\n\t<meta property=\"og:image:type\" content=\"image\/jpeg\" \/>\n<meta name=\"twitter:card\" content=\"summary_large_image\" \/>\n<meta name=\"twitter:label1\" content=\"Gesch\u00e4tzte Lesezeit\" \/>\n\t<meta name=\"twitter:data1\" content=\"6\u00a0Minuten\" \/>\n<script type=\"application\/ld+json\" class=\"yoast-schema-graph\">{\"@context\":\"https:\\\/\\\/schema.org\",\"@graph\":[{\"@type\":\"WebPage\",\"@id\":\"https:\\\/\\\/www.dillerbottle.com\\\/vn\\\/cac-san-pham\\\/binh-dung-nuoc-the-thao-bang-nhua-di-dong\",\"url\":\"https:\\\/\\\/www.dillerbottle.com\\\/vn\\\/cac-san-pham\\\/binh-dung-nuoc-the-thao-bang-nhua-di-dong\",\"name\":\"Portable Sports Plastic Water Bottle - Diller Water Bottle Manufacturer\",\"isPartOf\":{\"@id\":\"https:\\\/\\\/www.dillerbottle.com\\\/#website\"},\"primaryImageOfPage\":{\"@id\":\"https:\\\/\\\/www.dillerbottle.com\\\/vn\\\/cac-san-pham\\\/binh-dung-nuoc-the-thao-bang-nhua-di-dong#primaryimage\"},\"image\":{\"@id\":\"https:\\\/\\\/www.dillerbottle.com\\\/vn\\\/cac-san-pham\\\/binh-dung-nuoc-the-thao-bang-nhua-di-dong#primaryimage\"},\"thumbnailUrl\":\"https:\\\/\\\/www.dillerbottle.com\\\/wp-content\\\/uploads\\\/2024\\\/09\\\/portable-sports-plastic-water-bottlee460016f-5900-464d-b0d9-99e6f6b91c5f.jpg\",\"datePublished\":\"2024-09-27T09:48:05+00:00\",\"dateModified\":\"2025-07-10T06:09:09+00:00\",\"description\":\"As one of the best portable sports plastic water bottle manufacturers and suppliers, we are engaged in manufacturing good quality water bottles. We warmly welcome you to wholesale or buy custom made portable sports plastic water bottle at competitive price from us. Also, small quantity orders are acceptable.\",\"breadcrumb\":{\"@id\":\"https:\\\/\\\/www.dillerbottle.com\\\/vn\\\/cac-san-pham\\\/binh-dung-nuoc-the-thao-bang-nhua-di-dong#breadcrumb\"},\"inLanguage\":\"de\",\"potentialAction\":[{\"@type\":\"ReadAction\",\"target\":[\"https:\\\/\\\/www.dillerbottle.com\\\/vn\\\/cac-san-pham\\\/binh-dung-nuoc-the-thao-bang-nhua-di-dong\"]}]},{\"@type\":\"ImageObject\",\"inLanguage\":\"de\",\"@id\":\"https:\\\/\\\/www.dillerbottle.com\\\/vn\\\/cac-san-pham\\\/binh-dung-nuoc-the-thao-bang-nhua-di-dong#primaryimage\",\"url\":\"https:\\\/\\\/www.dillerbottle.com\\\/wp-content\\\/uploads\\\/2024\\\/09\\\/portable-sports-plastic-water-bottlee460016f-5900-464d-b0d9-99e6f6b91c5f.jpg\",\"contentUrl\":\"https:\\\/\\\/www.dillerbottle.com\\\/wp-content\\\/uploads\\\/2024\\\/09\\\/portable-sports-plastic-water-bottlee460016f-5900-464d-b0d9-99e6f6b91c5f.jpg\",\"width\":730,\"height\":730},{\"@type\":\"BreadcrumbList\",\"@id\":\"https:\\\/\\\/www.dillerbottle.com\\\/vn\\\/cac-san-pham\\\/binh-dung-nuoc-the-thao-bang-nhua-di-dong#breadcrumb\",\"itemListElement\":[{\"@type\":\"ListItem\",\"position\":1,\"name\":\"Home\",\"item\":\"https:\\\/\\\/www.dillerbottle.com\\\/\"},{\"@type\":\"ListItem\",\"position\":2,\"name\":\"Products\",\"item\":\"https:\\\/\\\/www.dillerbottle.com\\\/shop\"},{\"@type\":\"ListItem\",\"position\":3,\"name\":\"Portable Sports Plastic Water Bottle\"}]},{\"@type\":\"WebSite\",\"@id\":\"https:\\\/\\\/www.dillerbottle.com\\\/#website\",\"url\":\"https:\\\/\\\/www.dillerbottle.com\\\/\",\"name\":\"Diller Water Bottle Manufacturer\",\"description\":\"Water Bottle Manufacturer\",\"publisher\":{\"@id\":\"https:\\\/\\\/www.dillerbottle.com\\\/#organization\"},\"potentialAction\":[{\"@type\":\"SearchAction\",\"target\":{\"@type\":\"EntryPoint\",\"urlTemplate\":\"https:\\\/\\\/www.dillerbottle.com\\\/?s={search_term_string}\"},\"query-input\":{\"@type\":\"PropertyValueSpecification\",\"valueRequired\":true,\"valueName\":\"search_term_string\"}}],\"inLanguage\":\"de\"},{\"@type\":\"Organization\",\"@id\":\"https:\\\/\\\/www.dillerbottle.com\\\/#organization\",\"name\":\"Diller Water Bottle Manufacturer\",\"url\":\"https:\\\/\\\/www.dillerbottle.com\\\/\",\"logo\":{\"@type\":\"ImageObject\",\"inLanguage\":\"de\",\"@id\":\"https:\\\/\\\/www.dillerbottle.com\\\/#\\\/schema\\\/logo\\\/image\\\/\",\"url\":\"https:\\\/\\\/www.dillerbottle.com\\\/wp-content\\\/uploads\\\/2024\\\/09\\\/49918bfa848dcc1e9f8b509933603ac.png\",\"contentUrl\":\"https:\\\/\\\/www.dillerbottle.com\\\/wp-content\\\/uploads\\\/2024\\\/09\\\/49918bfa848dcc1e9f8b509933603ac.png\",\"width\":988,\"height\":198,\"caption\":\"Diller Water Bottle Manufacturer\"},\"image\":{\"@id\":\"https:\\\/\\\/www.dillerbottle.com\\\/#\\\/schema\\\/logo\\\/image\\\/\"}}]}<\/script>\n<!-- \/ Yoast SEO Premium plugin. -->","yoast_head_json":{"title":"Tragbare Sport-Wasserflasche aus Kunststoff - Diller Wasserflaschenhersteller","description":"Als einer der besten Hersteller und Lieferanten tragbarer Sportwasserflaschen aus Kunststoff sind wir auf die Herstellung hochwertiger Wasserflaschen spezialisiert. Wir hei\u00dfen Sie herzlich willkommen, tragbare Sportwasserflaschen aus Kunststoff im Gro\u00dfhandel zu kaufen oder sie zu einem wettbewerbsf\u00e4higen Preis bei uns zu bestellen. Auch Bestellungen in kleinen Mengen sind akzeptabel.","robots":{"index":"index","follow":"follow","max-snippet":"max-snippet:-1","max-image-preview":"max-image-preview:large","max-video-preview":"max-video-preview:-1"},"canonical":"https:\/\/www.dillerbottle.com\/de\/produkte\/tragbare-sport-wasserflasche-aus-plastik","og_locale":"de_DE","og_type":"article","og_title":"Portable Sports Plastic Water Bottle","og_description":"As one of the best portable sports plastic water bottle manufacturers and suppliers, we are engaged in manufacturing good quality water bottles. We warmly welcome you to wholesale or buy custom made portable sports plastic water bottle at competitive price from us. Also, small quantity orders are acceptable.","og_url":"https:\/\/www.dillerbottle.com\/de\/produkte\/tragbare-sport-wasserflasche-aus-plastik","og_site_name":"Diller Water Bottle Manufacturer","article_modified_time":"2025-07-10T06:09:09+00:00","og_image":[{"width":730,"height":730,"url":"https:\/\/www.dillerbottle.com\/wp-content\/uploads\/2024\/09\/portable-sports-plastic-water-bottlee460016f-5900-464d-b0d9-99e6f6b91c5f.jpg","type":"image\/jpeg"}],"twitter_card":"summary_large_image","twitter_misc":{"Gesch\u00e4tzte Lesezeit":"6\u00a0Minuten"},"schema":{"@context":"https:\/\/schema.org","@graph":[{"@type":"WebPage","@id":"https:\/\/www.dillerbottle.com\/vn\/cac-san-pham\/binh-dung-nuoc-the-thao-bang-nhua-di-dong","url":"https:\/\/www.dillerbottle.com\/vn\/cac-san-pham\/binh-dung-nuoc-the-thao-bang-nhua-di-dong","name":"Tragbare Sport-Wasserflasche aus Kunststoff - Diller Wasserflaschenhersteller","isPartOf":{"@id":"https:\/\/www.dillerbottle.com\/#website"},"primaryImageOfPage":{"@id":"https:\/\/www.dillerbottle.com\/vn\/cac-san-pham\/binh-dung-nuoc-the-thao-bang-nhua-di-dong#primaryimage"},"image":{"@id":"https:\/\/www.dillerbottle.com\/vn\/cac-san-pham\/binh-dung-nuoc-the-thao-bang-nhua-di-dong#primaryimage"},"thumbnailUrl":"https:\/\/www.dillerbottle.com\/wp-content\/uploads\/2024\/09\/portable-sports-plastic-water-bottlee460016f-5900-464d-b0d9-99e6f6b91c5f.jpg","datePublished":"2024-09-27T09:48:05+00:00","dateModified":"2025-07-10T06:09:09+00:00","description":"Als einer der besten Hersteller und Lieferanten tragbarer Sportwasserflaschen aus Kunststoff sind wir auf die Herstellung hochwertiger Wasserflaschen spezialisiert. Wir hei\u00dfen Sie herzlich willkommen, tragbare Sportwasserflaschen aus Kunststoff im Gro\u00dfhandel zu kaufen oder sie zu einem wettbewerbsf\u00e4higen Preis bei uns zu bestellen. Auch Bestellungen in kleinen Mengen sind akzeptabel.","breadcrumb":{"@id":"https:\/\/www.dillerbottle.com\/vn\/cac-san-pham\/binh-dung-nuoc-the-thao-bang-nhua-di-dong#breadcrumb"},"inLanguage":"de","potentialAction":[{"@type":"ReadAction","target":["https:\/\/www.dillerbottle.com\/vn\/cac-san-pham\/binh-dung-nuoc-the-thao-bang-nhua-di-dong"]}]},{"@type":"ImageObject","inLanguage":"de","@id":"https:\/\/www.dillerbottle.com\/vn\/cac-san-pham\/binh-dung-nuoc-the-thao-bang-nhua-di-dong#primaryimage","url":"https:\/\/www.dillerbottle.com\/wp-content\/uploads\/2024\/09\/portable-sports-plastic-water-bottlee460016f-5900-464d-b0d9-99e6f6b91c5f.jpg","contentUrl":"https:\/\/www.dillerbottle.com\/wp-content\/uploads\/2024\/09\/portable-sports-plastic-water-bottlee460016f-5900-464d-b0d9-99e6f6b91c5f.jpg","width":730,"height":730},{"@type":"BreadcrumbList","@id":"https:\/\/www.dillerbottle.com\/vn\/cac-san-pham\/binh-dung-nuoc-the-thao-bang-nhua-di-dong#breadcrumb","itemListElement":[{"@type":"ListItem","position":1,"name":"Home","item":"https:\/\/www.dillerbottle.com\/"},{"@type":"ListItem","position":2,"name":"Products","item":"https:\/\/www.dillerbottle.com\/shop"},{"@type":"ListItem","position":3,"name":"Portable Sports Plastic Water Bottle"}]},{"@type":"WebSite","@id":"https:\/\/www.dillerbottle.com\/#website","url":"https:\/\/www.dillerbottle.com\/","name":"Diller Wasserflaschenhersteller","description":"Wasserflaschenhersteller","publisher":{"@id":"https:\/\/www.dillerbottle.com\/#organization"},"potentialAction":[{"@type":"SearchAction","target":{"@type":"EntryPoint","urlTemplate":"https:\/\/www.dillerbottle.com\/?s={search_term_string}"},"query-input":{"@type":"PropertyValueSpecification","valueRequired":true,"valueName":"search_term_string"}}],"inLanguage":"de"},{"@type":"Organization","@id":"https:\/\/www.dillerbottle.com\/#organization","name":"Diller Wasserflaschenhersteller","url":"https:\/\/www.dillerbottle.com\/","logo":{"@type":"ImageObject","inLanguage":"de","@id":"https:\/\/www.dillerbottle.com\/#\/schema\/logo\/image\/","url":"https:\/\/www.dillerbottle.com\/wp-content\/uploads\/2024\/09\/49918bfa848dcc1e9f8b509933603ac.png","contentUrl":"https:\/\/www.dillerbottle.com\/wp-content\/uploads\/2024\/09\/49918bfa848dcc1e9f8b509933603ac.png","width":988,"height":198,"caption":"Diller Water Bottle Manufacturer"},"image":{"@id":"https:\/\/www.dillerbottle.com\/#\/schema\/logo\/image\/"}}]}},"_links":{"self":[{"href":"https:\/\/www.dillerbottle.com\/de\/wp-json\/wp\/v2\/product\/4684","targetHints":{"allow":["GET"]}}],"collection":[{"href":"https:\/\/www.dillerbottle.com\/de\/wp-json\/wp\/v2\/product"}],"about":[{"href":"https:\/\/www.dillerbottle.com\/de\/wp-json\/wp\/v2\/types\/product"}],"replies":[{"embeddable":true,"href":"https:\/\/www.dillerbottle.com\/de\/wp-json\/wp\/v2\/comments?post=4684"}],"wp:featuredmedia":[{"embeddable":true,"href":"https:\/\/www.dillerbottle.com\/de\/wp-json\/wp\/v2\/media\/4685"}],"wp:attachment":[{"href":"https:\/\/www.dillerbottle.com\/de\/wp-json\/wp\/v2\/media?parent=4684"}],"wp:term":[{"taxonomy":"product_brand","embeddable":true,"href":"https:\/\/www.dillerbottle.com\/de\/wp-json\/wp\/v2\/product_brand?post=4684"},{"taxonomy":"product_cat","embeddable":true,"href":"https:\/\/www.dillerbottle.com\/de\/wp-json\/wp\/v2\/product_cat?post=4684"},{"taxonomy":"product_tag","embeddable":true,"href":"https:\/\/www.dillerbottle.com\/de\/wp-json\/wp\/v2\/product_tag?post=4684"}],"curies":[{"name":"wp","href":"https:\/\/api.w.org\/{rel}","templated":true}]}}