{"id":4714,"date":"2024-09-27T17:48:30","date_gmt":"2024-09-27T09:48:30","guid":{"rendered":"https:\/\/demo.dillerbottle.com\/uncategorized\/large-capacity-tritan-water-bottle"},"modified":"2025-07-10T14:09:07","modified_gmt":"2025-07-10T06:09:07","slug":"tritan-wasserflasche-mit-grosem-fassungsvermogen","status":"publish","type":"product","link":"https:\/\/www.dillerbottle.com\/de\/products\/large-capacity-tritan-water-bottle","title":{"rendered":"Tritan-Wasserflasche mit gro\u00dfem Fassungsverm\u00f6gen"},"content":{"rendered":"<p>Merkmale:<br \/>\n1. Die Tritan-Wasserflasche mit gro\u00dfem Fassungsverm\u00f6gen besteht aus Tritan-Material und lebensmittelechten Materialien. Tritan ist hochhitzebest\u00e4ndig, sto\u00df- und verschlei\u00dffest, sicher und harmlos, BPA-frei.<\/p>\n<p>2.;Ausgestattet mit einem unabh\u00e4ngigen Tee-Ei, geeignet zum Aufbr\u00fchen von Tee und Fr\u00fcchtetee.;Kann zur Reinigung zerlegt werden.<\/p>\n<p>3. Der Becherdeckel und der Becherk\u00f6rper haben jeweils einen Griff, und es gibt auch einen kostenlosen verstellbaren Riemen, der das Tragen und Reisen bequem macht. Die Wasserflasche hat einen versiegelten Silikonring und l\u00e4uft auch bei einer 360\u00b0-Umkehrung nicht aus.<\/p>\n<div style=\"width: 640px;\" class=\"wp-video\"><video class=\"wp-video-shortcode\" id=\"video-4714-1\" width=\"640\" height=\"360\" preload=\"metadata\" controls=\"controls\"><source type=\"video\/mp4\" src=\"\/wp-content\/uploads\/2024\/09\/66f67f74c0a00-video202302141704083815187.mp4?_=1\" \/><a href=\"\/wp-content\/uploads\/2024\/09\/66f67f74c0a00-video202302141704083815187.mp4\">\/wp-content\/uploads\/2024\/09\/66f67f74c0a00-video202302141704083815187.mp4<\/a><\/video><\/div>","protected":false},"excerpt":{"rendered":"<p>Diese Tritan-Wasserflasche mit gro\u00dfem Fassungsverm\u00f6gen ist aus langlebigem Tritan und lebensmittelechten Materialien hergestellt.<br \/>\nDer Flaschenk\u00f6rper hat einen Griff, der das Tragen erleichtert.<br \/>\nDiese Wasserflasche enth\u00e4lt einen Fruchteinlauf, der mit Tee oder Fr\u00fcchten gef\u00fcllt werden kann.<br \/>\nOEM und ODM akzeptabel.<br \/>\nWir k\u00f6nnen die Kunststoff-Sportflasche entsprechend Ihren Anforderungen anpassen.<br \/>\nWillkommen beim Gro\u00dfhandelskauf, senden Sie jetzt eine Anfrage!<\/p>","protected":false},"featured_media":4715,"comment_status":"open","ping_status":"closed","template":"","meta":{"_acf_changed":false},"product_brand":[],"product_cat":[309],"product_tag":[32,36,33,31,337,39,38,372,29,37,362,34,373,35,28,369,113,338,30],"class_list":{"0":"post-4714","1":"product","2":"type-product","3":"status-publish","4":"has-post-thumbnail","6":"product_cat-plastic-water-bottle","7":"product_tag-best","8":"product_tag-bulk","9":"product_tag-buy","10":"product_tag-custom","11":"product_tag-custom-logo-frosted-water-bottle-sustainable","12":"product_tag-for-sale","13":"product_tag-good-quality","14":"product_tag-large-capacity-tritan-water-bottle","15":"product_tag-manufacturers","16":"product_tag-manufacturing","17":"product_tag-mouth-plastic-water-bottle-sport-travel-bottle","18":"product_tag-price","19":"product_tag-slim-water-bottle-with-straw","20":"product_tag-small","21":"product_tag-suppliers","22":"product_tag-water-bottle-bpa-free","23":"product_tag-water-bottle-with-filter","24":"product_tag-white-water-bottle","25":"product_tag-wholesale","27":"first","28":"instock","29":"shipping-taxable","30":"product-type-simple"},"acf":[],"yoast_head":"<!-- This site is optimized with the Yoast SEO Premium plugin v27.5 (Yoast SEO v27.5) - https:\/\/yoast.com\/product\/yoast-seo-premium-wordpress\/ -->\n<title>Large Capacity Tritan Water Bottle - Diller Water Bottle Manufacturer<\/title>\n<meta name=\"description\" content=\"As one of the best large capacity tritan water bottle manufacturers and suppliers, we are engaged in manufacturing good quality water bottles. We warmly welcome you to wholesale or buy custom made large capacity tritan water bottle at competitive price from us. Also, small quantity orders are acceptable.\" \/>\n<meta name=\"robots\" content=\"index, follow, max-snippet:-1, max-image-preview:large, max-video-preview:-1\" \/>\n<link rel=\"canonical\" href=\"https:\/\/www.dillerbottle.com\/de\/produkte\/tritan-wasserflasche-mit-grosem-fassungsvermogen\" \/>\n<meta property=\"og:locale\" content=\"de_DE\" \/>\n<meta property=\"og:type\" content=\"article\" \/>\n<meta property=\"og:title\" content=\"Large Capacity Tritan Water Bottle\" \/>\n<meta property=\"og:description\" content=\"As one of the best large capacity tritan water bottle manufacturers and suppliers, we are engaged in manufacturing good quality water bottles. We warmly welcome you to wholesale or buy custom made large capacity tritan water bottle at competitive price from us. Also, small quantity orders are acceptable.\" \/>\n<meta property=\"og:url\" content=\"https:\/\/www.dillerbottle.com\/de\/produkte\/tritan-wasserflasche-mit-grosem-fassungsvermogen\" \/>\n<meta property=\"og:site_name\" content=\"Diller Water Bottle Manufacturer\" \/>\n<meta property=\"article:modified_time\" content=\"2025-07-10T06:09:07+00:00\" \/>\n<meta property=\"og:image\" content=\"https:\/\/www.dillerbottle.com\/wp-content\/uploads\/2024\/09\/large-capacity-tritan-water-bottle81e3c787-42a6-4185-b548-cd256082bb7e.jpg\" \/>\n\t<meta property=\"og:image:width\" content=\"730\" \/>\n\t<meta property=\"og:image:height\" content=\"730\" \/>\n\t<meta property=\"og:image:type\" content=\"image\/jpeg\" \/>\n<meta name=\"twitter:card\" content=\"summary_large_image\" \/>\n<meta name=\"twitter:label1\" content=\"Gesch\u00e4tzte Lesezeit\" \/>\n\t<meta name=\"twitter:data1\" content=\"6\u00a0Minuten\" \/>\n<script type=\"application\/ld+json\" class=\"yoast-schema-graph\">{\"@context\":\"https:\\\/\\\/schema.org\",\"@graph\":[{\"@type\":\"WebPage\",\"@id\":\"https:\\\/\\\/www.dillerbottle.com\\\/tr\\\/urunler\\\/buyuk-kapasiteli-tritan-su-sisesi\",\"url\":\"https:\\\/\\\/www.dillerbottle.com\\\/tr\\\/urunler\\\/buyuk-kapasiteli-tritan-su-sisesi\",\"name\":\"Large Capacity Tritan Water Bottle - Diller Water Bottle Manufacturer\",\"isPartOf\":{\"@id\":\"https:\\\/\\\/www.dillerbottle.com\\\/#website\"},\"primaryImageOfPage\":{\"@id\":\"https:\\\/\\\/www.dillerbottle.com\\\/tr\\\/urunler\\\/buyuk-kapasiteli-tritan-su-sisesi#primaryimage\"},\"image\":{\"@id\":\"https:\\\/\\\/www.dillerbottle.com\\\/tr\\\/urunler\\\/buyuk-kapasiteli-tritan-su-sisesi#primaryimage\"},\"thumbnailUrl\":\"https:\\\/\\\/www.dillerbottle.com\\\/wp-content\\\/uploads\\\/2024\\\/09\\\/large-capacity-tritan-water-bottle81e3c787-42a6-4185-b548-cd256082bb7e.jpg\",\"datePublished\":\"2024-09-27T09:48:30+00:00\",\"dateModified\":\"2025-07-10T06:09:07+00:00\",\"description\":\"As one of the best large capacity tritan water bottle manufacturers and suppliers, we are engaged in manufacturing good quality water bottles. We warmly welcome you to wholesale or buy custom made large capacity tritan water bottle at competitive price from us. Also, small quantity orders are acceptable.\",\"breadcrumb\":{\"@id\":\"https:\\\/\\\/www.dillerbottle.com\\\/tr\\\/urunler\\\/buyuk-kapasiteli-tritan-su-sisesi#breadcrumb\"},\"inLanguage\":\"de\",\"potentialAction\":[{\"@type\":\"ReadAction\",\"target\":[\"https:\\\/\\\/www.dillerbottle.com\\\/tr\\\/urunler\\\/buyuk-kapasiteli-tritan-su-sisesi\"]}]},{\"@type\":\"ImageObject\",\"inLanguage\":\"de\",\"@id\":\"https:\\\/\\\/www.dillerbottle.com\\\/tr\\\/urunler\\\/buyuk-kapasiteli-tritan-su-sisesi#primaryimage\",\"url\":\"https:\\\/\\\/www.dillerbottle.com\\\/wp-content\\\/uploads\\\/2024\\\/09\\\/large-capacity-tritan-water-bottle81e3c787-42a6-4185-b548-cd256082bb7e.jpg\",\"contentUrl\":\"https:\\\/\\\/www.dillerbottle.com\\\/wp-content\\\/uploads\\\/2024\\\/09\\\/large-capacity-tritan-water-bottle81e3c787-42a6-4185-b548-cd256082bb7e.jpg\",\"width\":730,\"height\":730},{\"@type\":\"BreadcrumbList\",\"@id\":\"https:\\\/\\\/www.dillerbottle.com\\\/tr\\\/urunler\\\/buyuk-kapasiteli-tritan-su-sisesi#breadcrumb\",\"itemListElement\":[{\"@type\":\"ListItem\",\"position\":1,\"name\":\"Home\",\"item\":\"https:\\\/\\\/www.dillerbottle.com\\\/\"},{\"@type\":\"ListItem\",\"position\":2,\"name\":\"Products\",\"item\":\"https:\\\/\\\/www.dillerbottle.com\\\/shop\"},{\"@type\":\"ListItem\",\"position\":3,\"name\":\"Large Capacity Tritan Water Bottle\"}]},{\"@type\":\"WebSite\",\"@id\":\"https:\\\/\\\/www.dillerbottle.com\\\/#website\",\"url\":\"https:\\\/\\\/www.dillerbottle.com\\\/\",\"name\":\"Diller Water Bottle Manufacturer\",\"description\":\"Water Bottle Manufacturer\",\"publisher\":{\"@id\":\"https:\\\/\\\/www.dillerbottle.com\\\/#organization\"},\"potentialAction\":[{\"@type\":\"SearchAction\",\"target\":{\"@type\":\"EntryPoint\",\"urlTemplate\":\"https:\\\/\\\/www.dillerbottle.com\\\/?s={search_term_string}\"},\"query-input\":{\"@type\":\"PropertyValueSpecification\",\"valueRequired\":true,\"valueName\":\"search_term_string\"}}],\"inLanguage\":\"de\"},{\"@type\":\"Organization\",\"@id\":\"https:\\\/\\\/www.dillerbottle.com\\\/#organization\",\"name\":\"Diller Water Bottle Manufacturer\",\"url\":\"https:\\\/\\\/www.dillerbottle.com\\\/\",\"logo\":{\"@type\":\"ImageObject\",\"inLanguage\":\"de\",\"@id\":\"https:\\\/\\\/www.dillerbottle.com\\\/#\\\/schema\\\/logo\\\/image\\\/\",\"url\":\"https:\\\/\\\/www.dillerbottle.com\\\/wp-content\\\/uploads\\\/2024\\\/09\\\/49918bfa848dcc1e9f8b509933603ac.png\",\"contentUrl\":\"https:\\\/\\\/www.dillerbottle.com\\\/wp-content\\\/uploads\\\/2024\\\/09\\\/49918bfa848dcc1e9f8b509933603ac.png\",\"width\":988,\"height\":198,\"caption\":\"Diller Water Bottle Manufacturer\"},\"image\":{\"@id\":\"https:\\\/\\\/www.dillerbottle.com\\\/#\\\/schema\\\/logo\\\/image\\\/\"}}]}<\/script>\n<!-- \/ Yoast SEO Premium plugin. -->","yoast_head_json":{"title":"Tritan-Wasserflasche mit gro\u00dfem Fassungsverm\u00f6gen - Diller Wasserflaschenhersteller","description":"Als einer der besten Hersteller und Lieferanten von Tritan-Wasserflaschen mit gro\u00dfem Fassungsverm\u00f6gen sind wir auf die Herstellung qualitativ hochwertiger Wasserflaschen spezialisiert. Wir hei\u00dfen Sie herzlich willkommen, bei uns ma\u00dfgeschneiderte Tritan-Wasserflaschen mit gro\u00dfem Fassungsverm\u00f6gen zu wettbewerbsf\u00e4higen Preisen im Gro\u00dfhandel zu kaufen oder zu kaufen. Auch Bestellungen in kleinen Mengen sind akzeptabel.","robots":{"index":"index","follow":"follow","max-snippet":"max-snippet:-1","max-image-preview":"max-image-preview:large","max-video-preview":"max-video-preview:-1"},"canonical":"https:\/\/www.dillerbottle.com\/de\/produkte\/tritan-wasserflasche-mit-grosem-fassungsvermogen","og_locale":"de_DE","og_type":"article","og_title":"Large Capacity Tritan Water Bottle","og_description":"As one of the best large capacity tritan water bottle manufacturers and suppliers, we are engaged in manufacturing good quality water bottles. We warmly welcome you to wholesale or buy custom made large capacity tritan water bottle at competitive price from us. Also, small quantity orders are acceptable.","og_url":"https:\/\/www.dillerbottle.com\/de\/produkte\/tritan-wasserflasche-mit-grosem-fassungsvermogen","og_site_name":"Diller Water Bottle Manufacturer","article_modified_time":"2025-07-10T06:09:07+00:00","og_image":[{"width":730,"height":730,"url":"https:\/\/www.dillerbottle.com\/wp-content\/uploads\/2024\/09\/large-capacity-tritan-water-bottle81e3c787-42a6-4185-b548-cd256082bb7e.jpg","type":"image\/jpeg"}],"twitter_card":"summary_large_image","twitter_misc":{"Gesch\u00e4tzte Lesezeit":"6\u00a0Minuten"},"schema":{"@context":"https:\/\/schema.org","@graph":[{"@type":"WebPage","@id":"https:\/\/www.dillerbottle.com\/tr\/urunler\/buyuk-kapasiteli-tritan-su-sisesi","url":"https:\/\/www.dillerbottle.com\/tr\/urunler\/buyuk-kapasiteli-tritan-su-sisesi","name":"Tritan-Wasserflasche mit gro\u00dfem Fassungsverm\u00f6gen - Diller Wasserflaschenhersteller","isPartOf":{"@id":"https:\/\/www.dillerbottle.com\/#website"},"primaryImageOfPage":{"@id":"https:\/\/www.dillerbottle.com\/tr\/urunler\/buyuk-kapasiteli-tritan-su-sisesi#primaryimage"},"image":{"@id":"https:\/\/www.dillerbottle.com\/tr\/urunler\/buyuk-kapasiteli-tritan-su-sisesi#primaryimage"},"thumbnailUrl":"https:\/\/www.dillerbottle.com\/wp-content\/uploads\/2024\/09\/large-capacity-tritan-water-bottle81e3c787-42a6-4185-b548-cd256082bb7e.jpg","datePublished":"2024-09-27T09:48:30+00:00","dateModified":"2025-07-10T06:09:07+00:00","description":"Als einer der besten Hersteller und Lieferanten von Tritan-Wasserflaschen mit gro\u00dfem Fassungsverm\u00f6gen sind wir auf die Herstellung qualitativ hochwertiger Wasserflaschen spezialisiert. Wir hei\u00dfen Sie herzlich willkommen, bei uns ma\u00dfgeschneiderte Tritan-Wasserflaschen mit gro\u00dfem Fassungsverm\u00f6gen zu wettbewerbsf\u00e4higen Preisen im Gro\u00dfhandel zu kaufen oder zu kaufen. Auch Bestellungen in kleinen Mengen sind akzeptabel.","breadcrumb":{"@id":"https:\/\/www.dillerbottle.com\/tr\/urunler\/buyuk-kapasiteli-tritan-su-sisesi#breadcrumb"},"inLanguage":"de","potentialAction":[{"@type":"ReadAction","target":["https:\/\/www.dillerbottle.com\/tr\/urunler\/buyuk-kapasiteli-tritan-su-sisesi"]}]},{"@type":"ImageObject","inLanguage":"de","@id":"https:\/\/www.dillerbottle.com\/tr\/urunler\/buyuk-kapasiteli-tritan-su-sisesi#primaryimage","url":"https:\/\/www.dillerbottle.com\/wp-content\/uploads\/2024\/09\/large-capacity-tritan-water-bottle81e3c787-42a6-4185-b548-cd256082bb7e.jpg","contentUrl":"https:\/\/www.dillerbottle.com\/wp-content\/uploads\/2024\/09\/large-capacity-tritan-water-bottle81e3c787-42a6-4185-b548-cd256082bb7e.jpg","width":730,"height":730},{"@type":"BreadcrumbList","@id":"https:\/\/www.dillerbottle.com\/tr\/urunler\/buyuk-kapasiteli-tritan-su-sisesi#breadcrumb","itemListElement":[{"@type":"ListItem","position":1,"name":"Home","item":"https:\/\/www.dillerbottle.com\/"},{"@type":"ListItem","position":2,"name":"Products","item":"https:\/\/www.dillerbottle.com\/shop"},{"@type":"ListItem","position":3,"name":"Large Capacity Tritan Water Bottle"}]},{"@type":"WebSite","@id":"https:\/\/www.dillerbottle.com\/#website","url":"https:\/\/www.dillerbottle.com\/","name":"Diller Wasserflaschenhersteller","description":"Wasserflaschenhersteller","publisher":{"@id":"https:\/\/www.dillerbottle.com\/#organization"},"potentialAction":[{"@type":"SearchAction","target":{"@type":"EntryPoint","urlTemplate":"https:\/\/www.dillerbottle.com\/?s={search_term_string}"},"query-input":{"@type":"PropertyValueSpecification","valueRequired":true,"valueName":"search_term_string"}}],"inLanguage":"de"},{"@type":"Organization","@id":"https:\/\/www.dillerbottle.com\/#organization","name":"Diller Wasserflaschenhersteller","url":"https:\/\/www.dillerbottle.com\/","logo":{"@type":"ImageObject","inLanguage":"de","@id":"https:\/\/www.dillerbottle.com\/#\/schema\/logo\/image\/","url":"https:\/\/www.dillerbottle.com\/wp-content\/uploads\/2024\/09\/49918bfa848dcc1e9f8b509933603ac.png","contentUrl":"https:\/\/www.dillerbottle.com\/wp-content\/uploads\/2024\/09\/49918bfa848dcc1e9f8b509933603ac.png","width":988,"height":198,"caption":"Diller Water Bottle Manufacturer"},"image":{"@id":"https:\/\/www.dillerbottle.com\/#\/schema\/logo\/image\/"}}]}},"_links":{"self":[{"href":"https:\/\/www.dillerbottle.com\/de\/wp-json\/wp\/v2\/product\/4714","targetHints":{"allow":["GET"]}}],"collection":[{"href":"https:\/\/www.dillerbottle.com\/de\/wp-json\/wp\/v2\/product"}],"about":[{"href":"https:\/\/www.dillerbottle.com\/de\/wp-json\/wp\/v2\/types\/product"}],"replies":[{"embeddable":true,"href":"https:\/\/www.dillerbottle.com\/de\/wp-json\/wp\/v2\/comments?post=4714"}],"wp:featuredmedia":[{"embeddable":true,"href":"https:\/\/www.dillerbottle.com\/de\/wp-json\/wp\/v2\/media\/4715"}],"wp:attachment":[{"href":"https:\/\/www.dillerbottle.com\/de\/wp-json\/wp\/v2\/media?parent=4714"}],"wp:term":[{"taxonomy":"product_brand","embeddable":true,"href":"https:\/\/www.dillerbottle.com\/de\/wp-json\/wp\/v2\/product_brand?post=4714"},{"taxonomy":"product_cat","embeddable":true,"href":"https:\/\/www.dillerbottle.com\/de\/wp-json\/wp\/v2\/product_cat?post=4714"},{"taxonomy":"product_tag","embeddable":true,"href":"https:\/\/www.dillerbottle.com\/de\/wp-json\/wp\/v2\/product_tag?post=4714"}],"curies":[{"name":"wp","href":"https:\/\/api.w.org\/{rel}","templated":true}]}}