{"id":5052,"date":"2024-09-27T17:53:03","date_gmt":"2024-09-27T09:53:03","guid":{"rendered":"https:\/\/demo.dillerbottle.com\/uncategorized\/frosted-bpa-free-water-bottle"},"modified":"2025-07-10T11:59:37","modified_gmt":"2025-07-10T03:59:37","slug":"mattierte-bpa-freie-wasserflasche","status":"publish","type":"product","link":"https:\/\/www.dillerbottle.com\/de\/products\/frosted-bpa-free-water-bottle","title":{"rendered":"Gefrostete BPA-freie Wasserflasche"},"content":{"rendered":"<p>1. Diese Kunststoff-Wasserflasche ist aus Eastman Tritan, 100% BPA frei, sicher, ungiftig, umweltfreundlich recycelbares Material. Dies ist eine sehr gesunde Kunststoff-Wasserflasche.<\/p>\n<p>2. Diese Tritan Wasserflasche hat zwei Stile, die clrear \/ transparente Tasse K\u00f6rper und gefrostet Tasse K\u00f6rper sind. Es gibt zwei Arten von Trinkmethoden: Silikon Stroh Saugnapf und gerade trinken Mund.<\/p>\n<p>3. Drei Kapazit\u00e4ten verf\u00fcgbar: 550 ml \/ 700 ml \/ 850 ml, es kann den unterschiedlichen Bed\u00fcrfnissen der Menschen gerecht werden, egal ob zu Hause, in der Schule oder bei Outdoor-Aktivit\u00e4ten, es ist eine gute Wahl.<\/p>\n<p>4. Die Flasche kommt mit einem lebensmittelechten Silikon Tragseil, starke Z\u00e4higkeit, langlebig und nicht leicht zu brechen.<br \/>\n5. Der Deckel der Wasserflasche nimmt den Druckknopf \u00f6ffnen Design, das schnell und bequem zu bedienen ist.<\/p>","protected":false},"excerpt":{"rendered":"<p>Diese mattierte, BPA-freie Wasserflasche ist aus langlebigem Tritan und lebensmittelechten Materialien hergestellt.<br \/>\nDer Deckel des Bechers ist mit einem Silikonband versehen, das bequemer zu tragen ist.<br \/>\nDer Deckel der Wasserflasche verf\u00fcgt \u00fcber ein Druckknopf-\u00d6ffnungsdesign, das eine schnelle und bequeme Bedienung erm\u00f6glicht.<br \/>\nDrei Farben und Kapazit\u00e4ten zur Auswahl.<br \/>\nOEM und ODM akzeptabel.<br \/>\nWir k\u00f6nnen die Kunststoff-Sportflasche entsprechend Ihren Anforderungen anpassen.<br \/>\nWillkommen beim Gro\u00dfhandelskauf, senden Sie jetzt eine Anfrage!<\/p>","protected":false},"featured_media":5053,"comment_status":"open","ping_status":"closed","template":"","meta":{"_acf_changed":false},"product_brand":[],"product_cat":[309],"product_tag":[32,36,33,31,39,409,38,29,37,328,401,34,35,41,28,370,342,375,30],"class_list":{"0":"post-5052","1":"product","2":"type-product","3":"status-publish","4":"has-post-thumbnail","6":"product_cat-plastic-water-bottle","7":"product_tag-best","8":"product_tag-bulk","9":"product_tag-buy","10":"product_tag-custom","11":"product_tag-for-sale","12":"product_tag-frosted-bpa-free-water-bottle","13":"product_tag-good-quality","14":"product_tag-manufacturers","15":"product_tag-manufacturing","16":"product_tag-pink-water-bottle","17":"product_tag-plastic-water-bottle-cute-plastic-water-bottle","18":"product_tag-price","19":"product_tag-small","20":"product_tag-strap-gym-motivational-sports-water-bottle","21":"product_tag-suppliers","22":"product_tag-tritan-bpa-free-fitness-sports-water-bottles","23":"product_tag-tritan-plastic-water-bottle","24":"product_tag-water-bottle-for-sports","25":"product_tag-wholesale","27":"first","28":"instock","29":"shipping-taxable","30":"product-type-simple"},"acf":[],"yoast_head":"<!-- This site is optimized with the Yoast SEO Premium plugin v27.5 (Yoast SEO v27.5) - https:\/\/yoast.com\/product\/yoast-seo-premium-wordpress\/ -->\n<title>Frosted BPA Free Water Bottle - Diller Water Bottle Manufacturer<\/title>\n<meta name=\"description\" content=\"As one of the best frosted bpa free water bottle manufacturers and suppliers, we are engaged in manufacturing good quality water bottles. We warmly welcome you to wholesale or buy custom made frosted bpa free water bottle at competitive price from us. Also, small quantity orders are acceptable.\" \/>\n<meta name=\"robots\" content=\"index, follow, max-snippet:-1, max-image-preview:large, max-video-preview:-1\" \/>\n<link rel=\"canonical\" href=\"https:\/\/www.dillerbottle.com\/de\/produkte\/mattierte-bpa-freie-wasserflasche\" \/>\n<meta property=\"og:locale\" content=\"de_DE\" \/>\n<meta property=\"og:type\" content=\"article\" \/>\n<meta property=\"og:title\" content=\"Frosted BPA Free Water Bottle\" \/>\n<meta property=\"og:description\" content=\"As one of the best frosted bpa free water bottle manufacturers and suppliers, we are engaged in manufacturing good quality water bottles. We warmly welcome you to wholesale or buy custom made frosted bpa free water bottle at competitive price from us. Also, small quantity orders are acceptable.\" \/>\n<meta property=\"og:url\" content=\"https:\/\/www.dillerbottle.com\/de\/produkte\/mattierte-bpa-freie-wasserflasche\" \/>\n<meta property=\"og:site_name\" content=\"Diller Water Bottle Manufacturer\" \/>\n<meta property=\"article:modified_time\" content=\"2025-07-10T03:59:37+00:00\" \/>\n<meta property=\"og:image\" content=\"https:\/\/www.dillerbottle.com\/wp-content\/uploads\/2024\/09\/frosted-bpa-free-water-bottle156c41f6-99f8-49c9-a4f2-5f5a075abe49.jpg\" \/>\n\t<meta property=\"og:image:width\" content=\"730\" \/>\n\t<meta property=\"og:image:height\" content=\"730\" \/>\n\t<meta property=\"og:image:type\" content=\"image\/jpeg\" \/>\n<meta name=\"twitter:card\" content=\"summary_large_image\" \/>\n<meta name=\"twitter:label1\" content=\"Gesch\u00e4tzte Lesezeit\" \/>\n\t<meta name=\"twitter:data1\" content=\"5\u00a0Minuten\" \/>\n<script type=\"application\/ld+json\" class=\"yoast-schema-graph\">{\"@context\":\"https:\\\/\\\/schema.org\",\"@graph\":[{\"@type\":\"WebPage\",\"@id\":\"https:\\\/\\\/www.dillerbottle.com\\\/products\\\/frosted-bpa-free-water-bottle\",\"url\":\"https:\\\/\\\/www.dillerbottle.com\\\/products\\\/frosted-bpa-free-water-bottle\",\"name\":\"Frosted BPA Free Water Bottle - Diller Water Bottle Manufacturer\",\"isPartOf\":{\"@id\":\"https:\\\/\\\/www.dillerbottle.com\\\/#website\"},\"primaryImageOfPage\":{\"@id\":\"https:\\\/\\\/www.dillerbottle.com\\\/products\\\/frosted-bpa-free-water-bottle#primaryimage\"},\"image\":{\"@id\":\"https:\\\/\\\/www.dillerbottle.com\\\/products\\\/frosted-bpa-free-water-bottle#primaryimage\"},\"thumbnailUrl\":\"https:\\\/\\\/www.dillerbottle.com\\\/wp-content\\\/uploads\\\/2024\\\/09\\\/frosted-bpa-free-water-bottle156c41f6-99f8-49c9-a4f2-5f5a075abe49.jpg\",\"datePublished\":\"2024-09-27T09:53:03+00:00\",\"dateModified\":\"2025-07-10T03:59:37+00:00\",\"description\":\"As one of the best frosted bpa free water bottle manufacturers and suppliers, we are engaged in manufacturing good quality water bottles. We warmly welcome you to wholesale or buy custom made frosted bpa free water bottle at competitive price from us. Also, small quantity orders are acceptable.\",\"breadcrumb\":{\"@id\":\"https:\\\/\\\/www.dillerbottle.com\\\/products\\\/frosted-bpa-free-water-bottle#breadcrumb\"},\"inLanguage\":\"de\",\"potentialAction\":[{\"@type\":\"ReadAction\",\"target\":[\"https:\\\/\\\/www.dillerbottle.com\\\/products\\\/frosted-bpa-free-water-bottle\"]}]},{\"@type\":\"ImageObject\",\"inLanguage\":\"de\",\"@id\":\"https:\\\/\\\/www.dillerbottle.com\\\/products\\\/frosted-bpa-free-water-bottle#primaryimage\",\"url\":\"https:\\\/\\\/www.dillerbottle.com\\\/wp-content\\\/uploads\\\/2024\\\/09\\\/frosted-bpa-free-water-bottle156c41f6-99f8-49c9-a4f2-5f5a075abe49.jpg\",\"contentUrl\":\"https:\\\/\\\/www.dillerbottle.com\\\/wp-content\\\/uploads\\\/2024\\\/09\\\/frosted-bpa-free-water-bottle156c41f6-99f8-49c9-a4f2-5f5a075abe49.jpg\",\"width\":730,\"height\":730},{\"@type\":\"BreadcrumbList\",\"@id\":\"https:\\\/\\\/www.dillerbottle.com\\\/products\\\/frosted-bpa-free-water-bottle#breadcrumb\",\"itemListElement\":[{\"@type\":\"ListItem\",\"position\":1,\"name\":\"Home\",\"item\":\"https:\\\/\\\/www.dillerbottle.com\\\/\"},{\"@type\":\"ListItem\",\"position\":2,\"name\":\"Products\",\"item\":\"https:\\\/\\\/www.dillerbottle.com\\\/shop\"},{\"@type\":\"ListItem\",\"position\":3,\"name\":\"Frosted BPA Free Water Bottle\"}]},{\"@type\":\"WebSite\",\"@id\":\"https:\\\/\\\/www.dillerbottle.com\\\/#website\",\"url\":\"https:\\\/\\\/www.dillerbottle.com\\\/\",\"name\":\"Diller Water Bottle Manufacturer\",\"description\":\"Water Bottle Manufacturer\",\"publisher\":{\"@id\":\"https:\\\/\\\/www.dillerbottle.com\\\/#organization\"},\"potentialAction\":[{\"@type\":\"SearchAction\",\"target\":{\"@type\":\"EntryPoint\",\"urlTemplate\":\"https:\\\/\\\/www.dillerbottle.com\\\/?s={search_term_string}\"},\"query-input\":{\"@type\":\"PropertyValueSpecification\",\"valueRequired\":true,\"valueName\":\"search_term_string\"}}],\"inLanguage\":\"de\"},{\"@type\":\"Organization\",\"@id\":\"https:\\\/\\\/www.dillerbottle.com\\\/#organization\",\"name\":\"Diller Water Bottle Manufacturer\",\"url\":\"https:\\\/\\\/www.dillerbottle.com\\\/\",\"logo\":{\"@type\":\"ImageObject\",\"inLanguage\":\"de\",\"@id\":\"https:\\\/\\\/www.dillerbottle.com\\\/#\\\/schema\\\/logo\\\/image\\\/\",\"url\":\"https:\\\/\\\/www.dillerbottle.com\\\/wp-content\\\/uploads\\\/2024\\\/09\\\/49918bfa848dcc1e9f8b509933603ac.png\",\"contentUrl\":\"https:\\\/\\\/www.dillerbottle.com\\\/wp-content\\\/uploads\\\/2024\\\/09\\\/49918bfa848dcc1e9f8b509933603ac.png\",\"width\":988,\"height\":198,\"caption\":\"Diller Water Bottle Manufacturer\"},\"image\":{\"@id\":\"https:\\\/\\\/www.dillerbottle.com\\\/#\\\/schema\\\/logo\\\/image\\\/\"}}]}<\/script>\n<!-- \/ Yoast SEO Premium plugin. -->","yoast_head_json":{"title":"Frosted BPA-freie Wasserflasche - Diller Wasserflaschenhersteller","description":"Als einer der besten Hersteller und Lieferanten von mattierten BPA-freien Wasserflaschen sind wir auf die Herstellung hochwertiger Wasserflaschen spezialisiert. Wir hei\u00dfen Sie herzlich willkommen, bei uns ma\u00dfgeschneiderte mattierte BPA-freie Wasserflaschen zu wettbewerbsf\u00e4higen Preisen im Gro\u00dfhandel zu kaufen oder zu kaufen. Auch Bestellungen in kleinen Mengen sind akzeptabel.","robots":{"index":"index","follow":"follow","max-snippet":"max-snippet:-1","max-image-preview":"max-image-preview:large","max-video-preview":"max-video-preview:-1"},"canonical":"https:\/\/www.dillerbottle.com\/de\/produkte\/mattierte-bpa-freie-wasserflasche","og_locale":"de_DE","og_type":"article","og_title":"Frosted BPA Free Water Bottle","og_description":"As one of the best frosted bpa free water bottle manufacturers and suppliers, we are engaged in manufacturing good quality water bottles. We warmly welcome you to wholesale or buy custom made frosted bpa free water bottle at competitive price from us. Also, small quantity orders are acceptable.","og_url":"https:\/\/www.dillerbottle.com\/de\/produkte\/mattierte-bpa-freie-wasserflasche","og_site_name":"Diller Water Bottle Manufacturer","article_modified_time":"2025-07-10T03:59:37+00:00","og_image":[{"width":730,"height":730,"url":"https:\/\/www.dillerbottle.com\/wp-content\/uploads\/2024\/09\/frosted-bpa-free-water-bottle156c41f6-99f8-49c9-a4f2-5f5a075abe49.jpg","type":"image\/jpeg"}],"twitter_card":"summary_large_image","twitter_misc":{"Gesch\u00e4tzte Lesezeit":"5\u00a0Minuten"},"schema":{"@context":"https:\/\/schema.org","@graph":[{"@type":"WebPage","@id":"https:\/\/www.dillerbottle.com\/products\/frosted-bpa-free-water-bottle","url":"https:\/\/www.dillerbottle.com\/products\/frosted-bpa-free-water-bottle","name":"Frosted BPA-freie Wasserflasche - Diller Wasserflaschenhersteller","isPartOf":{"@id":"https:\/\/www.dillerbottle.com\/#website"},"primaryImageOfPage":{"@id":"https:\/\/www.dillerbottle.com\/products\/frosted-bpa-free-water-bottle#primaryimage"},"image":{"@id":"https:\/\/www.dillerbottle.com\/products\/frosted-bpa-free-water-bottle#primaryimage"},"thumbnailUrl":"https:\/\/www.dillerbottle.com\/wp-content\/uploads\/2024\/09\/frosted-bpa-free-water-bottle156c41f6-99f8-49c9-a4f2-5f5a075abe49.jpg","datePublished":"2024-09-27T09:53:03+00:00","dateModified":"2025-07-10T03:59:37+00:00","description":"Als einer der besten Hersteller und Lieferanten von mattierten BPA-freien Wasserflaschen sind wir auf die Herstellung hochwertiger Wasserflaschen spezialisiert. Wir hei\u00dfen Sie herzlich willkommen, bei uns ma\u00dfgeschneiderte mattierte BPA-freie Wasserflaschen zu wettbewerbsf\u00e4higen Preisen im Gro\u00dfhandel zu kaufen oder zu kaufen. Auch Bestellungen in kleinen Mengen sind akzeptabel.","breadcrumb":{"@id":"https:\/\/www.dillerbottle.com\/products\/frosted-bpa-free-water-bottle#breadcrumb"},"inLanguage":"de","potentialAction":[{"@type":"ReadAction","target":["https:\/\/www.dillerbottle.com\/products\/frosted-bpa-free-water-bottle"]}]},{"@type":"ImageObject","inLanguage":"de","@id":"https:\/\/www.dillerbottle.com\/products\/frosted-bpa-free-water-bottle#primaryimage","url":"https:\/\/www.dillerbottle.com\/wp-content\/uploads\/2024\/09\/frosted-bpa-free-water-bottle156c41f6-99f8-49c9-a4f2-5f5a075abe49.jpg","contentUrl":"https:\/\/www.dillerbottle.com\/wp-content\/uploads\/2024\/09\/frosted-bpa-free-water-bottle156c41f6-99f8-49c9-a4f2-5f5a075abe49.jpg","width":730,"height":730},{"@type":"BreadcrumbList","@id":"https:\/\/www.dillerbottle.com\/products\/frosted-bpa-free-water-bottle#breadcrumb","itemListElement":[{"@type":"ListItem","position":1,"name":"Home","item":"https:\/\/www.dillerbottle.com\/"},{"@type":"ListItem","position":2,"name":"Products","item":"https:\/\/www.dillerbottle.com\/shop"},{"@type":"ListItem","position":3,"name":"Frosted BPA Free Water Bottle"}]},{"@type":"WebSite","@id":"https:\/\/www.dillerbottle.com\/#website","url":"https:\/\/www.dillerbottle.com\/","name":"Diller Wasserflaschenhersteller","description":"Wasserflaschenhersteller","publisher":{"@id":"https:\/\/www.dillerbottle.com\/#organization"},"potentialAction":[{"@type":"SearchAction","target":{"@type":"EntryPoint","urlTemplate":"https:\/\/www.dillerbottle.com\/?s={search_term_string}"},"query-input":{"@type":"PropertyValueSpecification","valueRequired":true,"valueName":"search_term_string"}}],"inLanguage":"de"},{"@type":"Organization","@id":"https:\/\/www.dillerbottle.com\/#organization","name":"Diller Wasserflaschenhersteller","url":"https:\/\/www.dillerbottle.com\/","logo":{"@type":"ImageObject","inLanguage":"de","@id":"https:\/\/www.dillerbottle.com\/#\/schema\/logo\/image\/","url":"https:\/\/www.dillerbottle.com\/wp-content\/uploads\/2024\/09\/49918bfa848dcc1e9f8b509933603ac.png","contentUrl":"https:\/\/www.dillerbottle.com\/wp-content\/uploads\/2024\/09\/49918bfa848dcc1e9f8b509933603ac.png","width":988,"height":198,"caption":"Diller Water Bottle Manufacturer"},"image":{"@id":"https:\/\/www.dillerbottle.com\/#\/schema\/logo\/image\/"}}]}},"_links":{"self":[{"href":"https:\/\/www.dillerbottle.com\/de\/wp-json\/wp\/v2\/product\/5052","targetHints":{"allow":["GET"]}}],"collection":[{"href":"https:\/\/www.dillerbottle.com\/de\/wp-json\/wp\/v2\/product"}],"about":[{"href":"https:\/\/www.dillerbottle.com\/de\/wp-json\/wp\/v2\/types\/product"}],"replies":[{"embeddable":true,"href":"https:\/\/www.dillerbottle.com\/de\/wp-json\/wp\/v2\/comments?post=5052"}],"wp:featuredmedia":[{"embeddable":true,"href":"https:\/\/www.dillerbottle.com\/de\/wp-json\/wp\/v2\/media\/5053"}],"wp:attachment":[{"href":"https:\/\/www.dillerbottle.com\/de\/wp-json\/wp\/v2\/media?parent=5052"}],"wp:term":[{"taxonomy":"product_brand","embeddable":true,"href":"https:\/\/www.dillerbottle.com\/de\/wp-json\/wp\/v2\/product_brand?post=5052"},{"taxonomy":"product_cat","embeddable":true,"href":"https:\/\/www.dillerbottle.com\/de\/wp-json\/wp\/v2\/product_cat?post=5052"},{"taxonomy":"product_tag","embeddable":true,"href":"https:\/\/www.dillerbottle.com\/de\/wp-json\/wp\/v2\/product_tag?post=5052"}],"curies":[{"name":"wp","href":"https:\/\/api.w.org\/{rel}","templated":true}]}}