{"id":5167,"date":"2024-09-27T17:54:40","date_gmt":"2024-09-27T09:54:40","guid":{"rendered":"https:\/\/demo.dillerbottle.com\/uncategorized\/square-plastic-straw-water-bottle"},"modified":"2025-07-10T11:56:41","modified_gmt":"2025-07-10T03:56:41","slug":"quadratische-trinkflasche-aus-plastik-mit-strohhalm","status":"publish","type":"product","link":"https:\/\/www.dillerbottle.com\/de\/products\/square-plastic-straw-water-bottle","title":{"rendered":"Quadratische Plastikstrohhalm-Wasserflasche"},"content":{"rendered":"<p>1. Die Wasserflasche besteht aus BPA-freiem Tritan-Material, ist sicher und gesund, wiederverwendbar und recycelbar, ohne Plastikgeruch, sp\u00fclmaschinenfest.<\/p>\n<p>2. Mit weichem Silikonausguss und gro\u00dfem Bei\u00dfventil f\u00fcr leichteres Trinken als bei anderen Wasserflaschen mit Strohhalm und hoher Haltbarkeit. Und der aufklappbare Deckel mit Druckknopf ist einfach zu bedienen.<\/p>\n<p>3. Diese BPA-freie Tritan-Wasserflasche ist mit einem modischen und exquisiten Riemen ausgestattet, mit dem Sie die Wasserflasche jederzeit bei sich tragen k\u00f6nnen.<\/p>\n<p>4. Modisches Aussehen: Um mit dem urspr\u00fcnglichen Stereotyp von Sportwasserflaschen aufzubrechen, verf\u00fcgt diese Tritan-Wasserflasche \u00fcber ein quadratisches Design mit abgerundeten Ecken und der Flaschenk\u00f6rper ist mit einer mattierten Beschichtung versehen, um dem Benutzer ein sehr angenehmes Erlebnis zu bieten.<\/p>","protected":false},"excerpt":{"rendered":"<p>Diese quadratische Wasserflasche mit Strohhalm aus Kunststoff besteht aus langlebigem Tritan und lebensmittelechten Materialien.<br \/>\nDie Sicherheitsverriegelung an der Au\u00dfenseite des Becherdeckels soll verhindern, dass der Deckel versehentlich ber\u00fchrt und ge\u00f6ffnet wird.<br \/>\nVerstellbare Riemen f\u00fcr bequemeres Reisen.<br \/>\nOEM und ODM akzeptabel.<br \/>\nWir k\u00f6nnen die Kunststoff-Sportflasche entsprechend Ihren Anforderungen anpassen.<br \/>\nWillkommen beim Gro\u00dfhandelskauf, senden Sie jetzt eine Anfrage!<\/p>","protected":false},"featured_media":5168,"comment_status":"open","ping_status":"closed","template":"","meta":{"_acf_changed":false},"product_brand":[],"product_cat":[309],"product_tag":[32,36,33,31,39,420,38,29,37,344,328,401,34,35,419,28,342,113,30],"class_list":{"0":"post-5167","1":"product","2":"type-product","3":"status-publish","4":"has-post-thumbnail","6":"product_cat-plastic-water-bottle","7":"product_tag-best","8":"product_tag-bulk","9":"product_tag-buy","10":"product_tag-custom","11":"product_tag-for-sale","12":"product_tag-frosted-square-water-bottles","13":"product_tag-good-quality","14":"product_tag-manufacturers","15":"product_tag-manufacturing","16":"product_tag-motivational-water-bottles-with-straw","17":"product_tag-pink-water-bottle","18":"product_tag-plastic-water-bottle-cute-plastic-water-bottle","19":"product_tag-price","20":"product_tag-small","21":"product_tag-square-plastic-straw-water-bottle","22":"product_tag-suppliers","23":"product_tag-tritan-plastic-water-bottle","24":"product_tag-water-bottle-with-filter","25":"product_tag-wholesale","27":"first","28":"instock","29":"shipping-taxable","30":"product-type-simple"},"acf":[],"yoast_head":"<!-- This site is optimized with the Yoast SEO Premium plugin v27.5 (Yoast SEO v27.5) - https:\/\/yoast.com\/product\/yoast-seo-premium-wordpress\/ -->\n<title>Square Plastic Straw Water Bottle - Diller Water Bottle Manufacturer<\/title>\n<meta name=\"description\" content=\"As one of the best square plastic straw water bottle manufacturers and suppliers, we are engaged in manufacturing good quality water bottles. We warmly welcome you to wholesale or buy custom made square plastic straw water bottle at competitive price from us. Also, small quantity orders are acceptable.\" \/>\n<meta name=\"robots\" content=\"index, follow, max-snippet:-1, max-image-preview:large, max-video-preview:-1\" \/>\n<link rel=\"canonical\" href=\"https:\/\/www.dillerbottle.com\/de\/produkte\/quadratische-trinkflasche-aus-plastik-mit-strohhalm\" \/>\n<meta property=\"og:locale\" content=\"de_DE\" \/>\n<meta property=\"og:type\" content=\"article\" \/>\n<meta property=\"og:title\" content=\"Square Plastic Straw Water Bottle\" \/>\n<meta property=\"og:description\" content=\"As one of the best square plastic straw water bottle manufacturers and suppliers, we are engaged in manufacturing good quality water bottles. We warmly welcome you to wholesale or buy custom made square plastic straw water bottle at competitive price from us. Also, small quantity orders are acceptable.\" \/>\n<meta property=\"og:url\" content=\"https:\/\/www.dillerbottle.com\/de\/produkte\/quadratische-trinkflasche-aus-plastik-mit-strohhalm\" \/>\n<meta property=\"og:site_name\" content=\"Diller Water Bottle Manufacturer\" \/>\n<meta property=\"article:modified_time\" content=\"2025-07-10T03:56:41+00:00\" \/>\n<meta property=\"og:image\" content=\"https:\/\/www.dillerbottle.com\/wp-content\/uploads\/2024\/09\/square-plastic-straw-water-bottle5db002bd-5ffe-4913-aaf9-baac2b1d4228.jpg\" \/>\n\t<meta property=\"og:image:width\" content=\"730\" \/>\n\t<meta property=\"og:image:height\" content=\"730\" \/>\n\t<meta property=\"og:image:type\" content=\"image\/jpeg\" \/>\n<meta name=\"twitter:card\" content=\"summary_large_image\" \/>\n<meta name=\"twitter:label1\" content=\"Gesch\u00e4tzte Lesezeit\" \/>\n\t<meta name=\"twitter:data1\" content=\"6\u00a0Minuten\" \/>\n<script type=\"application\/ld+json\" class=\"yoast-schema-graph\">{\"@context\":\"https:\\\/\\\/schema.org\",\"@graph\":[{\"@type\":\"WebPage\",\"@id\":\"https:\\\/\\\/www.dillerbottle.com\\\/products\\\/square-plastic-straw-water-bottle\",\"url\":\"https:\\\/\\\/www.dillerbottle.com\\\/products\\\/square-plastic-straw-water-bottle\",\"name\":\"Square Plastic Straw Water Bottle - Diller Water Bottle Manufacturer\",\"isPartOf\":{\"@id\":\"https:\\\/\\\/www.dillerbottle.com\\\/#website\"},\"primaryImageOfPage\":{\"@id\":\"https:\\\/\\\/www.dillerbottle.com\\\/products\\\/square-plastic-straw-water-bottle#primaryimage\"},\"image\":{\"@id\":\"https:\\\/\\\/www.dillerbottle.com\\\/products\\\/square-plastic-straw-water-bottle#primaryimage\"},\"thumbnailUrl\":\"https:\\\/\\\/www.dillerbottle.com\\\/wp-content\\\/uploads\\\/2024\\\/09\\\/square-plastic-straw-water-bottle5db002bd-5ffe-4913-aaf9-baac2b1d4228.jpg\",\"datePublished\":\"2024-09-27T09:54:40+00:00\",\"dateModified\":\"2025-07-10T03:56:41+00:00\",\"description\":\"As one of the best square plastic straw water bottle manufacturers and suppliers, we are engaged in manufacturing good quality water bottles. We warmly welcome you to wholesale or buy custom made square plastic straw water bottle at competitive price from us. Also, small quantity orders are acceptable.\",\"breadcrumb\":{\"@id\":\"https:\\\/\\\/www.dillerbottle.com\\\/products\\\/square-plastic-straw-water-bottle#breadcrumb\"},\"inLanguage\":\"de\",\"potentialAction\":[{\"@type\":\"ReadAction\",\"target\":[\"https:\\\/\\\/www.dillerbottle.com\\\/products\\\/square-plastic-straw-water-bottle\"]}]},{\"@type\":\"ImageObject\",\"inLanguage\":\"de\",\"@id\":\"https:\\\/\\\/www.dillerbottle.com\\\/products\\\/square-plastic-straw-water-bottle#primaryimage\",\"url\":\"https:\\\/\\\/www.dillerbottle.com\\\/wp-content\\\/uploads\\\/2024\\\/09\\\/square-plastic-straw-water-bottle5db002bd-5ffe-4913-aaf9-baac2b1d4228.jpg\",\"contentUrl\":\"https:\\\/\\\/www.dillerbottle.com\\\/wp-content\\\/uploads\\\/2024\\\/09\\\/square-plastic-straw-water-bottle5db002bd-5ffe-4913-aaf9-baac2b1d4228.jpg\",\"width\":730,\"height\":730},{\"@type\":\"BreadcrumbList\",\"@id\":\"https:\\\/\\\/www.dillerbottle.com\\\/products\\\/square-plastic-straw-water-bottle#breadcrumb\",\"itemListElement\":[{\"@type\":\"ListItem\",\"position\":1,\"name\":\"Home\",\"item\":\"https:\\\/\\\/www.dillerbottle.com\\\/\"},{\"@type\":\"ListItem\",\"position\":2,\"name\":\"Products\",\"item\":\"https:\\\/\\\/www.dillerbottle.com\\\/shop\"},{\"@type\":\"ListItem\",\"position\":3,\"name\":\"Square Plastic Straw Water Bottle\"}]},{\"@type\":\"WebSite\",\"@id\":\"https:\\\/\\\/www.dillerbottle.com\\\/#website\",\"url\":\"https:\\\/\\\/www.dillerbottle.com\\\/\",\"name\":\"Diller Water Bottle Manufacturer\",\"description\":\"Water Bottle Manufacturer\",\"publisher\":{\"@id\":\"https:\\\/\\\/www.dillerbottle.com\\\/#organization\"},\"potentialAction\":[{\"@type\":\"SearchAction\",\"target\":{\"@type\":\"EntryPoint\",\"urlTemplate\":\"https:\\\/\\\/www.dillerbottle.com\\\/?s={search_term_string}\"},\"query-input\":{\"@type\":\"PropertyValueSpecification\",\"valueRequired\":true,\"valueName\":\"search_term_string\"}}],\"inLanguage\":\"de\"},{\"@type\":\"Organization\",\"@id\":\"https:\\\/\\\/www.dillerbottle.com\\\/#organization\",\"name\":\"Diller Water Bottle Manufacturer\",\"url\":\"https:\\\/\\\/www.dillerbottle.com\\\/\",\"logo\":{\"@type\":\"ImageObject\",\"inLanguage\":\"de\",\"@id\":\"https:\\\/\\\/www.dillerbottle.com\\\/#\\\/schema\\\/logo\\\/image\\\/\",\"url\":\"https:\\\/\\\/www.dillerbottle.com\\\/wp-content\\\/uploads\\\/2024\\\/09\\\/49918bfa848dcc1e9f8b509933603ac.png\",\"contentUrl\":\"https:\\\/\\\/www.dillerbottle.com\\\/wp-content\\\/uploads\\\/2024\\\/09\\\/49918bfa848dcc1e9f8b509933603ac.png\",\"width\":988,\"height\":198,\"caption\":\"Diller Water Bottle Manufacturer\"},\"image\":{\"@id\":\"https:\\\/\\\/www.dillerbottle.com\\\/#\\\/schema\\\/logo\\\/image\\\/\"}}]}<\/script>\n<!-- \/ Yoast SEO Premium plugin. -->","yoast_head_json":{"title":"Quadratische Plastik-Trinkflasche mit Strohhalm - Diller Wasserflaschenhersteller","description":"Als einer der besten Hersteller und Lieferanten von quadratischen Plastiktrinkflaschen mit Strohhalmen sind wir auf die Herstellung qualitativ hochwertiger Trinkflaschen spezialisiert. Wir hei\u00dfen Sie herzlich willkommen, quadratische Plastiktrinkflaschen mit Strohhalmen im Gro\u00dfhandel zu kaufen oder sie zu einem wettbewerbsf\u00e4higen Preis bei uns zu kaufen. Auch Bestellungen in kleinen Mengen sind akzeptabel.","robots":{"index":"index","follow":"follow","max-snippet":"max-snippet:-1","max-image-preview":"max-image-preview:large","max-video-preview":"max-video-preview:-1"},"canonical":"https:\/\/www.dillerbottle.com\/de\/produkte\/quadratische-trinkflasche-aus-plastik-mit-strohhalm","og_locale":"de_DE","og_type":"article","og_title":"Square Plastic Straw Water Bottle","og_description":"As one of the best square plastic straw water bottle manufacturers and suppliers, we are engaged in manufacturing good quality water bottles. We warmly welcome you to wholesale or buy custom made square plastic straw water bottle at competitive price from us. Also, small quantity orders are acceptable.","og_url":"https:\/\/www.dillerbottle.com\/de\/produkte\/quadratische-trinkflasche-aus-plastik-mit-strohhalm","og_site_name":"Diller Water Bottle Manufacturer","article_modified_time":"2025-07-10T03:56:41+00:00","og_image":[{"width":730,"height":730,"url":"https:\/\/www.dillerbottle.com\/wp-content\/uploads\/2024\/09\/square-plastic-straw-water-bottle5db002bd-5ffe-4913-aaf9-baac2b1d4228.jpg","type":"image\/jpeg"}],"twitter_card":"summary_large_image","twitter_misc":{"Gesch\u00e4tzte Lesezeit":"6\u00a0Minuten"},"schema":{"@context":"https:\/\/schema.org","@graph":[{"@type":"WebPage","@id":"https:\/\/www.dillerbottle.com\/products\/square-plastic-straw-water-bottle","url":"https:\/\/www.dillerbottle.com\/products\/square-plastic-straw-water-bottle","name":"Quadratische Plastik-Trinkflasche mit Strohhalm - Diller Wasserflaschenhersteller","isPartOf":{"@id":"https:\/\/www.dillerbottle.com\/#website"},"primaryImageOfPage":{"@id":"https:\/\/www.dillerbottle.com\/products\/square-plastic-straw-water-bottle#primaryimage"},"image":{"@id":"https:\/\/www.dillerbottle.com\/products\/square-plastic-straw-water-bottle#primaryimage"},"thumbnailUrl":"https:\/\/www.dillerbottle.com\/wp-content\/uploads\/2024\/09\/square-plastic-straw-water-bottle5db002bd-5ffe-4913-aaf9-baac2b1d4228.jpg","datePublished":"2024-09-27T09:54:40+00:00","dateModified":"2025-07-10T03:56:41+00:00","description":"Als einer der besten Hersteller und Lieferanten von quadratischen Plastiktrinkflaschen mit Strohhalmen sind wir auf die Herstellung qualitativ hochwertiger Trinkflaschen spezialisiert. Wir hei\u00dfen Sie herzlich willkommen, quadratische Plastiktrinkflaschen mit Strohhalmen im Gro\u00dfhandel zu kaufen oder sie zu einem wettbewerbsf\u00e4higen Preis bei uns zu kaufen. Auch Bestellungen in kleinen Mengen sind akzeptabel.","breadcrumb":{"@id":"https:\/\/www.dillerbottle.com\/products\/square-plastic-straw-water-bottle#breadcrumb"},"inLanguage":"de","potentialAction":[{"@type":"ReadAction","target":["https:\/\/www.dillerbottle.com\/products\/square-plastic-straw-water-bottle"]}]},{"@type":"ImageObject","inLanguage":"de","@id":"https:\/\/www.dillerbottle.com\/products\/square-plastic-straw-water-bottle#primaryimage","url":"https:\/\/www.dillerbottle.com\/wp-content\/uploads\/2024\/09\/square-plastic-straw-water-bottle5db002bd-5ffe-4913-aaf9-baac2b1d4228.jpg","contentUrl":"https:\/\/www.dillerbottle.com\/wp-content\/uploads\/2024\/09\/square-plastic-straw-water-bottle5db002bd-5ffe-4913-aaf9-baac2b1d4228.jpg","width":730,"height":730},{"@type":"BreadcrumbList","@id":"https:\/\/www.dillerbottle.com\/products\/square-plastic-straw-water-bottle#breadcrumb","itemListElement":[{"@type":"ListItem","position":1,"name":"Home","item":"https:\/\/www.dillerbottle.com\/"},{"@type":"ListItem","position":2,"name":"Products","item":"https:\/\/www.dillerbottle.com\/shop"},{"@type":"ListItem","position":3,"name":"Square Plastic Straw Water Bottle"}]},{"@type":"WebSite","@id":"https:\/\/www.dillerbottle.com\/#website","url":"https:\/\/www.dillerbottle.com\/","name":"Diller Wasserflaschenhersteller","description":"Wasserflaschenhersteller","publisher":{"@id":"https:\/\/www.dillerbottle.com\/#organization"},"potentialAction":[{"@type":"SearchAction","target":{"@type":"EntryPoint","urlTemplate":"https:\/\/www.dillerbottle.com\/?s={search_term_string}"},"query-input":{"@type":"PropertyValueSpecification","valueRequired":true,"valueName":"search_term_string"}}],"inLanguage":"de"},{"@type":"Organization","@id":"https:\/\/www.dillerbottle.com\/#organization","name":"Diller Wasserflaschenhersteller","url":"https:\/\/www.dillerbottle.com\/","logo":{"@type":"ImageObject","inLanguage":"de","@id":"https:\/\/www.dillerbottle.com\/#\/schema\/logo\/image\/","url":"https:\/\/www.dillerbottle.com\/wp-content\/uploads\/2024\/09\/49918bfa848dcc1e9f8b509933603ac.png","contentUrl":"https:\/\/www.dillerbottle.com\/wp-content\/uploads\/2024\/09\/49918bfa848dcc1e9f8b509933603ac.png","width":988,"height":198,"caption":"Diller Water Bottle Manufacturer"},"image":{"@id":"https:\/\/www.dillerbottle.com\/#\/schema\/logo\/image\/"}}]}},"_links":{"self":[{"href":"https:\/\/www.dillerbottle.com\/de\/wp-json\/wp\/v2\/product\/5167","targetHints":{"allow":["GET"]}}],"collection":[{"href":"https:\/\/www.dillerbottle.com\/de\/wp-json\/wp\/v2\/product"}],"about":[{"href":"https:\/\/www.dillerbottle.com\/de\/wp-json\/wp\/v2\/types\/product"}],"replies":[{"embeddable":true,"href":"https:\/\/www.dillerbottle.com\/de\/wp-json\/wp\/v2\/comments?post=5167"}],"wp:featuredmedia":[{"embeddable":true,"href":"https:\/\/www.dillerbottle.com\/de\/wp-json\/wp\/v2\/media\/5168"}],"wp:attachment":[{"href":"https:\/\/www.dillerbottle.com\/de\/wp-json\/wp\/v2\/media?parent=5167"}],"wp:term":[{"taxonomy":"product_brand","embeddable":true,"href":"https:\/\/www.dillerbottle.com\/de\/wp-json\/wp\/v2\/product_brand?post=5167"},{"taxonomy":"product_cat","embeddable":true,"href":"https:\/\/www.dillerbottle.com\/de\/wp-json\/wp\/v2\/product_cat?post=5167"},{"taxonomy":"product_tag","embeddable":true,"href":"https:\/\/www.dillerbottle.com\/de\/wp-json\/wp\/v2\/product_tag?post=5167"}],"curies":[{"name":"wp","href":"https:\/\/api.w.org\/{rel}","templated":true}]}}