{"id":5348,"date":"2024-09-27T17:57:08","date_gmt":"2024-09-27T09:57:08","guid":{"rendered":"https:\/\/demo.dillerbottle.com\/uncategorized\/large-sports-water-bottle"},"modified":"2025-07-10T11:55:51","modified_gmt":"2025-07-10T03:55:51","slug":"grose-sportwasserflasche","status":"publish","type":"product","link":"https:\/\/www.dillerbottle.com\/de\/products\/large-sports-water-bottle","title":{"rendered":"Gro\u00dfe Sportwasserflasche"},"content":{"rendered":"<p>Eigenschaften der gro\u00dfen Sport-Trinkflasche:<br \/>\n1.;Premium-Qualit\u00e4t. 100% sicheres, lebensmittelechtes Material. Die gro\u00dfe Sportwasserflasche besteht aus leichtem, umweltfreundlichem, BPA-freiem Tritan-Kunststoff und ist robust und \u00e4u\u00dferst langlebig f\u00fcr jede Aktivit\u00e4t.<\/p>\n<p>2. Diese gro\u00dfe Sportwasserflasche l\u00e4sst sich leicht halten und tragen: Der Griff im Krug-Stil und der robuste Nylonriemen bieten zwei M\u00f6glichkeiten zum Tragen der Flasche.<\/p>\n<p>3.;Gro\u00dfe Kapazit\u00e4t.<br \/>\n2,7L (91oz) oder<br \/>\nMit einem Fassungsverm\u00f6gen von 3,8 l (128,5 oz) fasst sie mehr als 8 Gl\u00e4ser Wasser pro Tag f\u00fcr lange Wanderungen, Sportveranstaltungen und intensive Trainingseinheiten. Das Design mit breiter \u00d6ffnung erleichtert das Hinzuf\u00fcgen von Eis oder geschnittenem Obst!<\/p>","protected":false},"excerpt":{"rendered":"<p>Merkmale der gro\u00dfen Sportwasserflasche: 1.<br \/>\nPremium Qualit\u00e4t.<br \/>\n100% sicheres, lebensmittelechtes Material.<br \/>\nDie gro\u00dfe Sportwasserflasche besteht aus leichtem, umweltfreundlichem, BPA-freiem Tritan-Kunststoff und ist robust und \u00e4u\u00dferst langlebig f\u00fcr jede Aktivit\u00e4t.<br \/>\n2.<br \/>\nDiese gro\u00dfe Sportwasserflasche l\u00e4sst sich leicht halten und tragen: \u2026<\/p>","protected":false},"featured_media":5349,"comment_status":"open","ping_status":"closed","template":"","meta":{"_acf_changed":false},"product_brand":[],"product_cat":[309],"product_tag":[321,434,366,32,36,33,31,39,38,433,29,37,45,34,35,28,370,338,30],"class_list":{"0":"post-5348","1":"product","2":"type-product","3":"status-publish","4":"has-post-thumbnail","6":"product_cat-plastic-water-bottle","7":"product_tag-1-gallon-water-bottles-wholesale","8":"product_tag-1-litre-water-bottle","9":"product_tag-500ml-plastic-water-bottle","10":"product_tag-best","11":"product_tag-bulk","12":"product_tag-buy","13":"product_tag-custom","14":"product_tag-for-sale","15":"product_tag-good-quality","16":"product_tag-large-sports-water-bottle","17":"product_tag-manufacturers","18":"product_tag-manufacturing","19":"product_tag-plastic-water-drinking-bottle","20":"product_tag-price","21":"product_tag-small","22":"product_tag-suppliers","23":"product_tag-tritan-bpa-free-fitness-sports-water-bottles","24":"product_tag-white-water-bottle","25":"product_tag-wholesale","27":"first","28":"instock","29":"shipping-taxable","30":"product-type-simple"},"acf":[],"yoast_head":"<!-- This site is optimized with the Yoast SEO Premium plugin v27.5 (Yoast SEO v27.5) - https:\/\/yoast.com\/product\/yoast-seo-premium-wordpress\/ -->\n<title>Large Sports Water Bottle - Diller Water Bottle Manufacturer<\/title>\n<meta name=\"description\" content=\"As one of the best large sports water bottle manufacturers and suppliers, we are engaged in manufacturing good quality water bottles. We warmly welcome you to wholesale or buy custom made large sports water bottle at competitive price from us. Also, small quantity orders are acceptable.\" \/>\n<meta name=\"robots\" content=\"index, follow, max-snippet:-1, max-image-preview:large, max-video-preview:-1\" \/>\n<link rel=\"canonical\" href=\"https:\/\/www.dillerbottle.com\/de\/produkte\/grose-sportwasserflasche\" \/>\n<meta property=\"og:locale\" content=\"de_DE\" \/>\n<meta property=\"og:type\" content=\"article\" \/>\n<meta property=\"og:title\" content=\"Large Sports Water Bottle\" \/>\n<meta property=\"og:description\" content=\"As one of the best large sports water bottle manufacturers and suppliers, we are engaged in manufacturing good quality water bottles. We warmly welcome you to wholesale or buy custom made large sports water bottle at competitive price from us. Also, small quantity orders are acceptable.\" \/>\n<meta property=\"og:url\" content=\"https:\/\/www.dillerbottle.com\/de\/produkte\/grose-sportwasserflasche\" \/>\n<meta property=\"og:site_name\" content=\"Diller Water Bottle Manufacturer\" \/>\n<meta property=\"article:modified_time\" content=\"2025-07-10T03:55:51+00:00\" \/>\n<meta property=\"og:image\" content=\"https:\/\/www.dillerbottle.com\/wp-content\/uploads\/2024\/09\/large-sports-water-bottle6108d020-6fa5-45b3-a3c4-5e9e47b82051.jpg\" \/>\n\t<meta property=\"og:image:width\" content=\"730\" \/>\n\t<meta property=\"og:image:height\" content=\"730\" \/>\n\t<meta property=\"og:image:type\" content=\"image\/jpeg\" \/>\n<meta name=\"twitter:card\" content=\"summary_large_image\" \/>\n<meta name=\"twitter:label1\" content=\"Gesch\u00e4tzte Lesezeit\" \/>\n\t<meta name=\"twitter:data1\" content=\"2\u00a0Minuten\" \/>\n<script type=\"application\/ld+json\" class=\"yoast-schema-graph\">{\"@context\":\"https:\\\/\\\/schema.org\",\"@graph\":[{\"@type\":\"WebPage\",\"@id\":\"https:\\\/\\\/www.dillerbottle.com\\\/pt\\\/produtos\\\/grande-garrafa-de-agua-esportiva\",\"url\":\"https:\\\/\\\/www.dillerbottle.com\\\/pt\\\/produtos\\\/grande-garrafa-de-agua-esportiva\",\"name\":\"Large Sports Water Bottle - Diller Water Bottle Manufacturer\",\"isPartOf\":{\"@id\":\"https:\\\/\\\/www.dillerbottle.com\\\/#website\"},\"primaryImageOfPage\":{\"@id\":\"https:\\\/\\\/www.dillerbottle.com\\\/pt\\\/produtos\\\/grande-garrafa-de-agua-esportiva#primaryimage\"},\"image\":{\"@id\":\"https:\\\/\\\/www.dillerbottle.com\\\/pt\\\/produtos\\\/grande-garrafa-de-agua-esportiva#primaryimage\"},\"thumbnailUrl\":\"https:\\\/\\\/www.dillerbottle.com\\\/wp-content\\\/uploads\\\/2024\\\/09\\\/large-sports-water-bottle6108d020-6fa5-45b3-a3c4-5e9e47b82051.jpg\",\"datePublished\":\"2024-09-27T09:57:08+00:00\",\"dateModified\":\"2025-07-10T03:55:51+00:00\",\"description\":\"As one of the best large sports water bottle manufacturers and suppliers, we are engaged in manufacturing good quality water bottles. We warmly welcome you to wholesale or buy custom made large sports water bottle at competitive price from us. Also, small quantity orders are acceptable.\",\"breadcrumb\":{\"@id\":\"https:\\\/\\\/www.dillerbottle.com\\\/pt\\\/produtos\\\/grande-garrafa-de-agua-esportiva#breadcrumb\"},\"inLanguage\":\"de\",\"potentialAction\":[{\"@type\":\"ReadAction\",\"target\":[\"https:\\\/\\\/www.dillerbottle.com\\\/pt\\\/produtos\\\/grande-garrafa-de-agua-esportiva\"]}]},{\"@type\":\"ImageObject\",\"inLanguage\":\"de\",\"@id\":\"https:\\\/\\\/www.dillerbottle.com\\\/pt\\\/produtos\\\/grande-garrafa-de-agua-esportiva#primaryimage\",\"url\":\"https:\\\/\\\/www.dillerbottle.com\\\/wp-content\\\/uploads\\\/2024\\\/09\\\/large-sports-water-bottle6108d020-6fa5-45b3-a3c4-5e9e47b82051.jpg\",\"contentUrl\":\"https:\\\/\\\/www.dillerbottle.com\\\/wp-content\\\/uploads\\\/2024\\\/09\\\/large-sports-water-bottle6108d020-6fa5-45b3-a3c4-5e9e47b82051.jpg\",\"width\":730,\"height\":730},{\"@type\":\"BreadcrumbList\",\"@id\":\"https:\\\/\\\/www.dillerbottle.com\\\/pt\\\/produtos\\\/grande-garrafa-de-agua-esportiva#breadcrumb\",\"itemListElement\":[{\"@type\":\"ListItem\",\"position\":1,\"name\":\"Home\",\"item\":\"https:\\\/\\\/www.dillerbottle.com\\\/\"},{\"@type\":\"ListItem\",\"position\":2,\"name\":\"Products\",\"item\":\"https:\\\/\\\/www.dillerbottle.com\\\/shop\"},{\"@type\":\"ListItem\",\"position\":3,\"name\":\"Large Sports Water Bottle\"}]},{\"@type\":\"WebSite\",\"@id\":\"https:\\\/\\\/www.dillerbottle.com\\\/#website\",\"url\":\"https:\\\/\\\/www.dillerbottle.com\\\/\",\"name\":\"Diller Water Bottle Manufacturer\",\"description\":\"Water Bottle Manufacturer\",\"publisher\":{\"@id\":\"https:\\\/\\\/www.dillerbottle.com\\\/#organization\"},\"potentialAction\":[{\"@type\":\"SearchAction\",\"target\":{\"@type\":\"EntryPoint\",\"urlTemplate\":\"https:\\\/\\\/www.dillerbottle.com\\\/?s={search_term_string}\"},\"query-input\":{\"@type\":\"PropertyValueSpecification\",\"valueRequired\":true,\"valueName\":\"search_term_string\"}}],\"inLanguage\":\"de\"},{\"@type\":\"Organization\",\"@id\":\"https:\\\/\\\/www.dillerbottle.com\\\/#organization\",\"name\":\"Diller Water Bottle Manufacturer\",\"url\":\"https:\\\/\\\/www.dillerbottle.com\\\/\",\"logo\":{\"@type\":\"ImageObject\",\"inLanguage\":\"de\",\"@id\":\"https:\\\/\\\/www.dillerbottle.com\\\/#\\\/schema\\\/logo\\\/image\\\/\",\"url\":\"https:\\\/\\\/www.dillerbottle.com\\\/wp-content\\\/uploads\\\/2024\\\/09\\\/49918bfa848dcc1e9f8b509933603ac.png\",\"contentUrl\":\"https:\\\/\\\/www.dillerbottle.com\\\/wp-content\\\/uploads\\\/2024\\\/09\\\/49918bfa848dcc1e9f8b509933603ac.png\",\"width\":988,\"height\":198,\"caption\":\"Diller Water Bottle Manufacturer\"},\"image\":{\"@id\":\"https:\\\/\\\/www.dillerbottle.com\\\/#\\\/schema\\\/logo\\\/image\\\/\"}}]}<\/script>\n<!-- \/ Yoast SEO Premium plugin. -->","yoast_head_json":{"title":"Gro\u00dfe Sportwasserflasche - Diller Wasserflaschenhersteller","description":"Als einer der besten Hersteller und Lieferanten gro\u00dfer Sportwasserflaschen sind wir auf die Herstellung qualitativ hochwertiger Wasserflaschen spezialisiert. Wir hei\u00dfen Sie herzlich willkommen, gro\u00dfe Sportwasserflaschen im Gro\u00dfhandel zu kaufen oder sie zu wettbewerbsf\u00e4higen Preisen bei uns zu bestellen. Auch Bestellungen in kleinen Mengen sind m\u00f6glich.","robots":{"index":"index","follow":"follow","max-snippet":"max-snippet:-1","max-image-preview":"max-image-preview:large","max-video-preview":"max-video-preview:-1"},"canonical":"https:\/\/www.dillerbottle.com\/de\/produkte\/grose-sportwasserflasche","og_locale":"de_DE","og_type":"article","og_title":"Large Sports Water Bottle","og_description":"As one of the best large sports water bottle manufacturers and suppliers, we are engaged in manufacturing good quality water bottles. We warmly welcome you to wholesale or buy custom made large sports water bottle at competitive price from us. Also, small quantity orders are acceptable.","og_url":"https:\/\/www.dillerbottle.com\/de\/produkte\/grose-sportwasserflasche","og_site_name":"Diller Water Bottle Manufacturer","article_modified_time":"2025-07-10T03:55:51+00:00","og_image":[{"width":730,"height":730,"url":"https:\/\/www.dillerbottle.com\/wp-content\/uploads\/2024\/09\/large-sports-water-bottle6108d020-6fa5-45b3-a3c4-5e9e47b82051.jpg","type":"image\/jpeg"}],"twitter_card":"summary_large_image","twitter_misc":{"Gesch\u00e4tzte Lesezeit":"2\u00a0Minuten"},"schema":{"@context":"https:\/\/schema.org","@graph":[{"@type":"WebPage","@id":"https:\/\/www.dillerbottle.com\/pt\/produtos\/grande-garrafa-de-agua-esportiva","url":"https:\/\/www.dillerbottle.com\/pt\/produtos\/grande-garrafa-de-agua-esportiva","name":"Gro\u00dfe Sportwasserflasche - Diller Wasserflaschenhersteller","isPartOf":{"@id":"https:\/\/www.dillerbottle.com\/#website"},"primaryImageOfPage":{"@id":"https:\/\/www.dillerbottle.com\/pt\/produtos\/grande-garrafa-de-agua-esportiva#primaryimage"},"image":{"@id":"https:\/\/www.dillerbottle.com\/pt\/produtos\/grande-garrafa-de-agua-esportiva#primaryimage"},"thumbnailUrl":"https:\/\/www.dillerbottle.com\/wp-content\/uploads\/2024\/09\/large-sports-water-bottle6108d020-6fa5-45b3-a3c4-5e9e47b82051.jpg","datePublished":"2024-09-27T09:57:08+00:00","dateModified":"2025-07-10T03:55:51+00:00","description":"Als einer der besten Hersteller und Lieferanten gro\u00dfer Sportwasserflaschen sind wir auf die Herstellung qualitativ hochwertiger Wasserflaschen spezialisiert. Wir hei\u00dfen Sie herzlich willkommen, gro\u00dfe Sportwasserflaschen im Gro\u00dfhandel zu kaufen oder sie zu wettbewerbsf\u00e4higen Preisen bei uns zu bestellen. Auch Bestellungen in kleinen Mengen sind m\u00f6glich.","breadcrumb":{"@id":"https:\/\/www.dillerbottle.com\/pt\/produtos\/grande-garrafa-de-agua-esportiva#breadcrumb"},"inLanguage":"de","potentialAction":[{"@type":"ReadAction","target":["https:\/\/www.dillerbottle.com\/pt\/produtos\/grande-garrafa-de-agua-esportiva"]}]},{"@type":"ImageObject","inLanguage":"de","@id":"https:\/\/www.dillerbottle.com\/pt\/produtos\/grande-garrafa-de-agua-esportiva#primaryimage","url":"https:\/\/www.dillerbottle.com\/wp-content\/uploads\/2024\/09\/large-sports-water-bottle6108d020-6fa5-45b3-a3c4-5e9e47b82051.jpg","contentUrl":"https:\/\/www.dillerbottle.com\/wp-content\/uploads\/2024\/09\/large-sports-water-bottle6108d020-6fa5-45b3-a3c4-5e9e47b82051.jpg","width":730,"height":730},{"@type":"BreadcrumbList","@id":"https:\/\/www.dillerbottle.com\/pt\/produtos\/grande-garrafa-de-agua-esportiva#breadcrumb","itemListElement":[{"@type":"ListItem","position":1,"name":"Home","item":"https:\/\/www.dillerbottle.com\/"},{"@type":"ListItem","position":2,"name":"Products","item":"https:\/\/www.dillerbottle.com\/shop"},{"@type":"ListItem","position":3,"name":"Large Sports Water Bottle"}]},{"@type":"WebSite","@id":"https:\/\/www.dillerbottle.com\/#website","url":"https:\/\/www.dillerbottle.com\/","name":"Diller Wasserflaschenhersteller","description":"Wasserflaschenhersteller","publisher":{"@id":"https:\/\/www.dillerbottle.com\/#organization"},"potentialAction":[{"@type":"SearchAction","target":{"@type":"EntryPoint","urlTemplate":"https:\/\/www.dillerbottle.com\/?s={search_term_string}"},"query-input":{"@type":"PropertyValueSpecification","valueRequired":true,"valueName":"search_term_string"}}],"inLanguage":"de"},{"@type":"Organization","@id":"https:\/\/www.dillerbottle.com\/#organization","name":"Diller Wasserflaschenhersteller","url":"https:\/\/www.dillerbottle.com\/","logo":{"@type":"ImageObject","inLanguage":"de","@id":"https:\/\/www.dillerbottle.com\/#\/schema\/logo\/image\/","url":"https:\/\/www.dillerbottle.com\/wp-content\/uploads\/2024\/09\/49918bfa848dcc1e9f8b509933603ac.png","contentUrl":"https:\/\/www.dillerbottle.com\/wp-content\/uploads\/2024\/09\/49918bfa848dcc1e9f8b509933603ac.png","width":988,"height":198,"caption":"Diller Water Bottle Manufacturer"},"image":{"@id":"https:\/\/www.dillerbottle.com\/#\/schema\/logo\/image\/"}}]}},"_links":{"self":[{"href":"https:\/\/www.dillerbottle.com\/de\/wp-json\/wp\/v2\/product\/5348","targetHints":{"allow":["GET"]}}],"collection":[{"href":"https:\/\/www.dillerbottle.com\/de\/wp-json\/wp\/v2\/product"}],"about":[{"href":"https:\/\/www.dillerbottle.com\/de\/wp-json\/wp\/v2\/types\/product"}],"replies":[{"embeddable":true,"href":"https:\/\/www.dillerbottle.com\/de\/wp-json\/wp\/v2\/comments?post=5348"}],"wp:featuredmedia":[{"embeddable":true,"href":"https:\/\/www.dillerbottle.com\/de\/wp-json\/wp\/v2\/media\/5349"}],"wp:attachment":[{"href":"https:\/\/www.dillerbottle.com\/de\/wp-json\/wp\/v2\/media?parent=5348"}],"wp:term":[{"taxonomy":"product_brand","embeddable":true,"href":"https:\/\/www.dillerbottle.com\/de\/wp-json\/wp\/v2\/product_brand?post=5348"},{"taxonomy":"product_cat","embeddable":true,"href":"https:\/\/www.dillerbottle.com\/de\/wp-json\/wp\/v2\/product_cat?post=5348"},{"taxonomy":"product_tag","embeddable":true,"href":"https:\/\/www.dillerbottle.com\/de\/wp-json\/wp\/v2\/product_tag?post=5348"}],"curies":[{"name":"wp","href":"https:\/\/api.w.org\/{rel}","templated":true}]}}