{"id":5624,"date":"2024-09-27T17:59:56","date_gmt":"2024-09-27T09:59:56","guid":{"rendered":"https:\/\/demo.dillerbottle.com\/uncategorized\/plastic-bottles-for-drinking-water"},"modified":"2025-07-10T09:20:56","modified_gmt":"2025-07-10T01:20:56","slug":"plastikflaschen-fur-trinkwasser","status":"publish","type":"product","link":"https:\/\/www.dillerbottle.com\/de\/products\/plastic-bottles-for-drinking-water","title":{"rendered":"Plastikflaschen f\u00fcr Trinkwasser"},"content":{"rendered":"<p>Merkmale:<br \/>\n1.;Diese Plastikwasserflasche besteht aus hochwertigem, lebensmittelechtem Tritan, BPA-frei. Kann kaltes und hei\u00dfes Wasser aufnehmen.<\/p>\n<p>2.;Gro\u00dfe Kapazit\u00e4t. 860 ml \/ 29 oz Design, kann mehr Wasser einf\u00fcllen und stellt sicher, dass ein Erwachsener t\u00e4glich genug Wasser bekommt. Es ist transparent mit Skala, gut, um einen Plan zu machen, jeden Tag Wasser zu trinken.<\/p>\n<p>3.;Einfach zu tragen. Design mit verstellbarem Tragegurt, kann den Druck entlasten, wenn Sie lange Wanderungen, Camping usw. unternehmen.<\/p>\n<p>4.;Design mit weiter \u00d6ffnung, erleichtert die Reinigung.<br \/>\n5. Diese Trinkwasserflasche aus Kunststoff eignet sich f\u00fcr zahlreiche Gelegenheiten: Wandern, Camping, Angeln, Reisen. Sie ist das ideale Geschenk f\u00fcr Familiencamping und Freunde, die gerne Outdoor-Sport treiben.<\/p>","protected":false},"excerpt":{"rendered":"<p>Diese Trinkwasserflasche aus Kunststoff ist aus gesunden, ungiftigen und BPA-freien Materialien hergestellt. Der Flaschenk\u00f6rper besteht aus Tritan, gesund f\u00fcr Ihr t\u00e4gliches Wassertrinken.<br \/>\nDesign mit verstellbarem Tragegurt, leicht zu tragen.<br \/>\nOEM und OEM akzeptabel.<br \/>\nWir k\u00f6nnen die Plastiktrinkwasserflasche nach Ihren W\u00fcnschen individualisieren.<br \/>\nWillkommen beim Gro\u00dfhandelskauf, senden Sie jetzt eine Anfrage!<\/p>","protected":false},"featured_media":5625,"comment_status":"open","ping_status":"closed","template":"","meta":{"_acf_changed":false},"product_brand":[],"product_cat":[309],"product_tag":[371,32,36,33,31,428,39,38,29,37,362,467,468,329,34,35,28,331,30],"class_list":{"0":"post-5624","1":"product","2":"type-product","3":"status-publish","4":"has-post-thumbnail","6":"product_cat-plastic-water-bottle","7":"product_tag-1200-ml-water-bottle","8":"product_tag-best","9":"product_tag-bulk","10":"product_tag-buy","11":"product_tag-custom","12":"product_tag-fitness-water-bottle","13":"product_tag-for-sale","14":"product_tag-good-quality","15":"product_tag-manufacturers","16":"product_tag-manufacturing","17":"product_tag-mouth-plastic-water-bottle-sport-travel-bottle","18":"product_tag-plastic-bottles-for-drinking-water","19":"product_tag-plastic-water-bottle-with-straw","20":"product_tag-plastic-wide-mouth-pink-water-bottle-sports-bottle","21":"product_tag-price","22":"product_tag-small","23":"product_tag-suppliers","24":"product_tag-water-bottle-3-liter","25":"product_tag-wholesale","27":"first","28":"instock","29":"shipping-taxable","30":"product-type-simple"},"acf":[],"yoast_head":"<!-- This site is optimized with the Yoast SEO Premium plugin v27.5 (Yoast SEO v27.5) - https:\/\/yoast.com\/product\/yoast-seo-premium-wordpress\/ -->\n<title>Plastic Bottles For Drinking Water - Diller Water Bottle Manufacturer<\/title>\n<meta name=\"description\" content=\"As one of the best plastic bottles for drinking water manufacturers and suppliers, we are engaged in manufacturing good quality water bottles. We warmly welcome you to wholesale or buy custom made plastic bottles for drinking water at competitive price from us. Also, small quantity orders are acceptable.\" \/>\n<meta name=\"robots\" content=\"index, follow, max-snippet:-1, max-image-preview:large, max-video-preview:-1\" \/>\n<link rel=\"canonical\" href=\"https:\/\/www.dillerbottle.com\/de\/produkte\/plastikflaschen-fur-trinkwasser\" \/>\n<meta property=\"og:locale\" content=\"de_DE\" \/>\n<meta property=\"og:type\" content=\"article\" \/>\n<meta property=\"og:title\" content=\"Plastic Bottles For Drinking Water\" \/>\n<meta property=\"og:description\" content=\"As one of the best plastic bottles for drinking water manufacturers and suppliers, we are engaged in manufacturing good quality water bottles. We warmly welcome you to wholesale or buy custom made plastic bottles for drinking water at competitive price from us. Also, small quantity orders are acceptable.\" \/>\n<meta property=\"og:url\" content=\"https:\/\/www.dillerbottle.com\/de\/produkte\/plastikflaschen-fur-trinkwasser\" \/>\n<meta property=\"og:site_name\" content=\"Diller Water Bottle Manufacturer\" \/>\n<meta property=\"article:modified_time\" content=\"2025-07-10T01:20:56+00:00\" \/>\n<meta property=\"og:image\" content=\"https:\/\/www.dillerbottle.com\/wp-content\/uploads\/2024\/09\/plastic-bottles-for-drinking-water19248898214.jpg\" \/>\n\t<meta property=\"og:image:width\" content=\"730\" \/>\n\t<meta property=\"og:image:height\" content=\"730\" \/>\n\t<meta property=\"og:image:type\" content=\"image\/jpeg\" \/>\n<meta name=\"twitter:card\" content=\"summary_large_image\" \/>\n<meta name=\"twitter:label1\" content=\"Gesch\u00e4tzte Lesezeit\" \/>\n\t<meta name=\"twitter:data1\" content=\"2\u00a0Minuten\" \/>\n<script type=\"application\/ld+json\" class=\"yoast-schema-graph\">{\"@context\":\"https:\\\/\\\/schema.org\",\"@graph\":[{\"@type\":\"WebPage\",\"@id\":\"https:\\\/\\\/www.dillerbottle.com\\\/ar\\\/%d9%85%d9%86%d8%aa%d8%ac%d8%a7%d8%aa\\\/%d8%b2%d8%ac%d8%a7%d8%ac%d8%a7%d8%aa-%d8%a8%d9%84%d8%a7%d8%b3%d8%aa%d9%8a%d9%83%d9%8a%d8%a9-%d9%84%d9%85%d9%8a%d8%a7%d9%87-%d8%a7%d9%84%d8%b4%d8%b1%d8%a8\",\"url\":\"https:\\\/\\\/www.dillerbottle.com\\\/ar\\\/%d9%85%d9%86%d8%aa%d8%ac%d8%a7%d8%aa\\\/%d8%b2%d8%ac%d8%a7%d8%ac%d8%a7%d8%aa-%d8%a8%d9%84%d8%a7%d8%b3%d8%aa%d9%8a%d9%83%d9%8a%d8%a9-%d9%84%d9%85%d9%8a%d8%a7%d9%87-%d8%a7%d9%84%d8%b4%d8%b1%d8%a8\",\"name\":\"Plastic Bottles For Drinking Water - Diller Water Bottle Manufacturer\",\"isPartOf\":{\"@id\":\"https:\\\/\\\/www.dillerbottle.com\\\/#website\"},\"primaryImageOfPage\":{\"@id\":\"https:\\\/\\\/www.dillerbottle.com\\\/ar\\\/%d9%85%d9%86%d8%aa%d8%ac%d8%a7%d8%aa\\\/%d8%b2%d8%ac%d8%a7%d8%ac%d8%a7%d8%aa-%d8%a8%d9%84%d8%a7%d8%b3%d8%aa%d9%8a%d9%83%d9%8a%d8%a9-%d9%84%d9%85%d9%8a%d8%a7%d9%87-%d8%a7%d9%84%d8%b4%d8%b1%d8%a8#primaryimage\"},\"image\":{\"@id\":\"https:\\\/\\\/www.dillerbottle.com\\\/ar\\\/%d9%85%d9%86%d8%aa%d8%ac%d8%a7%d8%aa\\\/%d8%b2%d8%ac%d8%a7%d8%ac%d8%a7%d8%aa-%d8%a8%d9%84%d8%a7%d8%b3%d8%aa%d9%8a%d9%83%d9%8a%d8%a9-%d9%84%d9%85%d9%8a%d8%a7%d9%87-%d8%a7%d9%84%d8%b4%d8%b1%d8%a8#primaryimage\"},\"thumbnailUrl\":\"https:\\\/\\\/www.dillerbottle.com\\\/wp-content\\\/uploads\\\/2024\\\/09\\\/plastic-bottles-for-drinking-water19248898214.jpg\",\"datePublished\":\"2024-09-27T09:59:56+00:00\",\"dateModified\":\"2025-07-10T01:20:56+00:00\",\"description\":\"As one of the best plastic bottles for drinking water manufacturers and suppliers, we are engaged in manufacturing good quality water bottles. We warmly welcome you to wholesale or buy custom made plastic bottles for drinking water at competitive price from us. Also, small quantity orders are acceptable.\",\"breadcrumb\":{\"@id\":\"https:\\\/\\\/www.dillerbottle.com\\\/ar\\\/%d9%85%d9%86%d8%aa%d8%ac%d8%a7%d8%aa\\\/%d8%b2%d8%ac%d8%a7%d8%ac%d8%a7%d8%aa-%d8%a8%d9%84%d8%a7%d8%b3%d8%aa%d9%8a%d9%83%d9%8a%d8%a9-%d9%84%d9%85%d9%8a%d8%a7%d9%87-%d8%a7%d9%84%d8%b4%d8%b1%d8%a8#breadcrumb\"},\"inLanguage\":\"de\",\"potentialAction\":[{\"@type\":\"ReadAction\",\"target\":[\"https:\\\/\\\/www.dillerbottle.com\\\/ar\\\/%d9%85%d9%86%d8%aa%d8%ac%d8%a7%d8%aa\\\/%d8%b2%d8%ac%d8%a7%d8%ac%d8%a7%d8%aa-%d8%a8%d9%84%d8%a7%d8%b3%d8%aa%d9%8a%d9%83%d9%8a%d8%a9-%d9%84%d9%85%d9%8a%d8%a7%d9%87-%d8%a7%d9%84%d8%b4%d8%b1%d8%a8\"]}]},{\"@type\":\"ImageObject\",\"inLanguage\":\"de\",\"@id\":\"https:\\\/\\\/www.dillerbottle.com\\\/ar\\\/%d9%85%d9%86%d8%aa%d8%ac%d8%a7%d8%aa\\\/%d8%b2%d8%ac%d8%a7%d8%ac%d8%a7%d8%aa-%d8%a8%d9%84%d8%a7%d8%b3%d8%aa%d9%8a%d9%83%d9%8a%d8%a9-%d9%84%d9%85%d9%8a%d8%a7%d9%87-%d8%a7%d9%84%d8%b4%d8%b1%d8%a8#primaryimage\",\"url\":\"https:\\\/\\\/www.dillerbottle.com\\\/wp-content\\\/uploads\\\/2024\\\/09\\\/plastic-bottles-for-drinking-water19248898214.jpg\",\"contentUrl\":\"https:\\\/\\\/www.dillerbottle.com\\\/wp-content\\\/uploads\\\/2024\\\/09\\\/plastic-bottles-for-drinking-water19248898214.jpg\",\"width\":730,\"height\":730},{\"@type\":\"BreadcrumbList\",\"@id\":\"https:\\\/\\\/www.dillerbottle.com\\\/ar\\\/%d9%85%d9%86%d8%aa%d8%ac%d8%a7%d8%aa\\\/%d8%b2%d8%ac%d8%a7%d8%ac%d8%a7%d8%aa-%d8%a8%d9%84%d8%a7%d8%b3%d8%aa%d9%8a%d9%83%d9%8a%d8%a9-%d9%84%d9%85%d9%8a%d8%a7%d9%87-%d8%a7%d9%84%d8%b4%d8%b1%d8%a8#breadcrumb\",\"itemListElement\":[{\"@type\":\"ListItem\",\"position\":1,\"name\":\"Home\",\"item\":\"https:\\\/\\\/www.dillerbottle.com\\\/\"},{\"@type\":\"ListItem\",\"position\":2,\"name\":\"Products\",\"item\":\"https:\\\/\\\/www.dillerbottle.com\\\/shop\"},{\"@type\":\"ListItem\",\"position\":3,\"name\":\"Plastic Bottles For Drinking Water\"}]},{\"@type\":\"WebSite\",\"@id\":\"https:\\\/\\\/www.dillerbottle.com\\\/#website\",\"url\":\"https:\\\/\\\/www.dillerbottle.com\\\/\",\"name\":\"Diller Water Bottle Manufacturer\",\"description\":\"Water Bottle Manufacturer\",\"publisher\":{\"@id\":\"https:\\\/\\\/www.dillerbottle.com\\\/#organization\"},\"potentialAction\":[{\"@type\":\"SearchAction\",\"target\":{\"@type\":\"EntryPoint\",\"urlTemplate\":\"https:\\\/\\\/www.dillerbottle.com\\\/?s={search_term_string}\"},\"query-input\":{\"@type\":\"PropertyValueSpecification\",\"valueRequired\":true,\"valueName\":\"search_term_string\"}}],\"inLanguage\":\"de\"},{\"@type\":\"Organization\",\"@id\":\"https:\\\/\\\/www.dillerbottle.com\\\/#organization\",\"name\":\"Diller Water Bottle Manufacturer\",\"url\":\"https:\\\/\\\/www.dillerbottle.com\\\/\",\"logo\":{\"@type\":\"ImageObject\",\"inLanguage\":\"de\",\"@id\":\"https:\\\/\\\/www.dillerbottle.com\\\/#\\\/schema\\\/logo\\\/image\\\/\",\"url\":\"https:\\\/\\\/www.dillerbottle.com\\\/wp-content\\\/uploads\\\/2024\\\/09\\\/49918bfa848dcc1e9f8b509933603ac.png\",\"contentUrl\":\"https:\\\/\\\/www.dillerbottle.com\\\/wp-content\\\/uploads\\\/2024\\\/09\\\/49918bfa848dcc1e9f8b509933603ac.png\",\"width\":988,\"height\":198,\"caption\":\"Diller Water Bottle Manufacturer\"},\"image\":{\"@id\":\"https:\\\/\\\/www.dillerbottle.com\\\/#\\\/schema\\\/logo\\\/image\\\/\"}}]}<\/script>\n<!-- \/ Yoast SEO Premium plugin. -->","yoast_head_json":{"title":"Plastikflaschen f\u00fcr Trinkwasser - Diller Wasserflaschenhersteller","description":"Als einer der besten Hersteller und Lieferanten von Plastikflaschen f\u00fcr Trinkwasser sind wir auf die Herstellung qualitativ hochwertiger Wasserflaschen spezialisiert. Wir hei\u00dfen Sie herzlich willkommen, bei uns ma\u00dfgeschneiderte Plastikflaschen f\u00fcr Trinkwasser im Gro\u00dfhandel zu kaufen oder zu wettbewerbsf\u00e4higen Preisen zu erwerben. Auch Bestellungen in kleinen Mengen sind akzeptabel.","robots":{"index":"index","follow":"follow","max-snippet":"max-snippet:-1","max-image-preview":"max-image-preview:large","max-video-preview":"max-video-preview:-1"},"canonical":"https:\/\/www.dillerbottle.com\/de\/produkte\/plastikflaschen-fur-trinkwasser","og_locale":"de_DE","og_type":"article","og_title":"Plastic Bottles For Drinking Water","og_description":"As one of the best plastic bottles for drinking water manufacturers and suppliers, we are engaged in manufacturing good quality water bottles. We warmly welcome you to wholesale or buy custom made plastic bottles for drinking water at competitive price from us. Also, small quantity orders are acceptable.","og_url":"https:\/\/www.dillerbottle.com\/de\/produkte\/plastikflaschen-fur-trinkwasser","og_site_name":"Diller Water Bottle Manufacturer","article_modified_time":"2025-07-10T01:20:56+00:00","og_image":[{"width":730,"height":730,"url":"https:\/\/www.dillerbottle.com\/wp-content\/uploads\/2024\/09\/plastic-bottles-for-drinking-water19248898214.jpg","type":"image\/jpeg"}],"twitter_card":"summary_large_image","twitter_misc":{"Gesch\u00e4tzte Lesezeit":"2\u00a0Minuten"},"schema":{"@context":"https:\/\/schema.org","@graph":[{"@type":"WebPage","@id":"https:\/\/www.dillerbottle.com\/ar\/%d9%85%d9%86%d8%aa%d8%ac%d8%a7%d8%aa\/%d8%b2%d8%ac%d8%a7%d8%ac%d8%a7%d8%aa-%d8%a8%d9%84%d8%a7%d8%b3%d8%aa%d9%8a%d9%83%d9%8a%d8%a9-%d9%84%d9%85%d9%8a%d8%a7%d9%87-%d8%a7%d9%84%d8%b4%d8%b1%d8%a8","url":"https:\/\/www.dillerbottle.com\/ar\/%d9%85%d9%86%d8%aa%d8%ac%d8%a7%d8%aa\/%d8%b2%d8%ac%d8%a7%d8%ac%d8%a7%d8%aa-%d8%a8%d9%84%d8%a7%d8%b3%d8%aa%d9%8a%d9%83%d9%8a%d8%a9-%d9%84%d9%85%d9%8a%d8%a7%d9%87-%d8%a7%d9%84%d8%b4%d8%b1%d8%a8","name":"Plastikflaschen f\u00fcr Trinkwasser - Diller Wasserflaschenhersteller","isPartOf":{"@id":"https:\/\/www.dillerbottle.com\/#website"},"primaryImageOfPage":{"@id":"https:\/\/www.dillerbottle.com\/ar\/%d9%85%d9%86%d8%aa%d8%ac%d8%a7%d8%aa\/%d8%b2%d8%ac%d8%a7%d8%ac%d8%a7%d8%aa-%d8%a8%d9%84%d8%a7%d8%b3%d8%aa%d9%8a%d9%83%d9%8a%d8%a9-%d9%84%d9%85%d9%8a%d8%a7%d9%87-%d8%a7%d9%84%d8%b4%d8%b1%d8%a8#primaryimage"},"image":{"@id":"https:\/\/www.dillerbottle.com\/ar\/%d9%85%d9%86%d8%aa%d8%ac%d8%a7%d8%aa\/%d8%b2%d8%ac%d8%a7%d8%ac%d8%a7%d8%aa-%d8%a8%d9%84%d8%a7%d8%b3%d8%aa%d9%8a%d9%83%d9%8a%d8%a9-%d9%84%d9%85%d9%8a%d8%a7%d9%87-%d8%a7%d9%84%d8%b4%d8%b1%d8%a8#primaryimage"},"thumbnailUrl":"https:\/\/www.dillerbottle.com\/wp-content\/uploads\/2024\/09\/plastic-bottles-for-drinking-water19248898214.jpg","datePublished":"2024-09-27T09:59:56+00:00","dateModified":"2025-07-10T01:20:56+00:00","description":"Als einer der besten Hersteller und Lieferanten von Plastikflaschen f\u00fcr Trinkwasser sind wir auf die Herstellung qualitativ hochwertiger Wasserflaschen spezialisiert. Wir hei\u00dfen Sie herzlich willkommen, bei uns ma\u00dfgeschneiderte Plastikflaschen f\u00fcr Trinkwasser im Gro\u00dfhandel zu kaufen oder zu wettbewerbsf\u00e4higen Preisen zu erwerben. Auch Bestellungen in kleinen Mengen sind akzeptabel.","breadcrumb":{"@id":"https:\/\/www.dillerbottle.com\/ar\/%d9%85%d9%86%d8%aa%d8%ac%d8%a7%d8%aa\/%d8%b2%d8%ac%d8%a7%d8%ac%d8%a7%d8%aa-%d8%a8%d9%84%d8%a7%d8%b3%d8%aa%d9%8a%d9%83%d9%8a%d8%a9-%d9%84%d9%85%d9%8a%d8%a7%d9%87-%d8%a7%d9%84%d8%b4%d8%b1%d8%a8#breadcrumb"},"inLanguage":"de","potentialAction":[{"@type":"ReadAction","target":["https:\/\/www.dillerbottle.com\/ar\/%d9%85%d9%86%d8%aa%d8%ac%d8%a7%d8%aa\/%d8%b2%d8%ac%d8%a7%d8%ac%d8%a7%d8%aa-%d8%a8%d9%84%d8%a7%d8%b3%d8%aa%d9%8a%d9%83%d9%8a%d8%a9-%d9%84%d9%85%d9%8a%d8%a7%d9%87-%d8%a7%d9%84%d8%b4%d8%b1%d8%a8"]}]},{"@type":"ImageObject","inLanguage":"de","@id":"https:\/\/www.dillerbottle.com\/ar\/%d9%85%d9%86%d8%aa%d8%ac%d8%a7%d8%aa\/%d8%b2%d8%ac%d8%a7%d8%ac%d8%a7%d8%aa-%d8%a8%d9%84%d8%a7%d8%b3%d8%aa%d9%8a%d9%83%d9%8a%d8%a9-%d9%84%d9%85%d9%8a%d8%a7%d9%87-%d8%a7%d9%84%d8%b4%d8%b1%d8%a8#primaryimage","url":"https:\/\/www.dillerbottle.com\/wp-content\/uploads\/2024\/09\/plastic-bottles-for-drinking-water19248898214.jpg","contentUrl":"https:\/\/www.dillerbottle.com\/wp-content\/uploads\/2024\/09\/plastic-bottles-for-drinking-water19248898214.jpg","width":730,"height":730},{"@type":"BreadcrumbList","@id":"https:\/\/www.dillerbottle.com\/ar\/%d9%85%d9%86%d8%aa%d8%ac%d8%a7%d8%aa\/%d8%b2%d8%ac%d8%a7%d8%ac%d8%a7%d8%aa-%d8%a8%d9%84%d8%a7%d8%b3%d8%aa%d9%8a%d9%83%d9%8a%d8%a9-%d9%84%d9%85%d9%8a%d8%a7%d9%87-%d8%a7%d9%84%d8%b4%d8%b1%d8%a8#breadcrumb","itemListElement":[{"@type":"ListItem","position":1,"name":"Home","item":"https:\/\/www.dillerbottle.com\/"},{"@type":"ListItem","position":2,"name":"Products","item":"https:\/\/www.dillerbottle.com\/shop"},{"@type":"ListItem","position":3,"name":"Plastic Bottles For Drinking Water"}]},{"@type":"WebSite","@id":"https:\/\/www.dillerbottle.com\/#website","url":"https:\/\/www.dillerbottle.com\/","name":"Diller Wasserflaschenhersteller","description":"Wasserflaschenhersteller","publisher":{"@id":"https:\/\/www.dillerbottle.com\/#organization"},"potentialAction":[{"@type":"SearchAction","target":{"@type":"EntryPoint","urlTemplate":"https:\/\/www.dillerbottle.com\/?s={search_term_string}"},"query-input":{"@type":"PropertyValueSpecification","valueRequired":true,"valueName":"search_term_string"}}],"inLanguage":"de"},{"@type":"Organization","@id":"https:\/\/www.dillerbottle.com\/#organization","name":"Diller Wasserflaschenhersteller","url":"https:\/\/www.dillerbottle.com\/","logo":{"@type":"ImageObject","inLanguage":"de","@id":"https:\/\/www.dillerbottle.com\/#\/schema\/logo\/image\/","url":"https:\/\/www.dillerbottle.com\/wp-content\/uploads\/2024\/09\/49918bfa848dcc1e9f8b509933603ac.png","contentUrl":"https:\/\/www.dillerbottle.com\/wp-content\/uploads\/2024\/09\/49918bfa848dcc1e9f8b509933603ac.png","width":988,"height":198,"caption":"Diller Water Bottle Manufacturer"},"image":{"@id":"https:\/\/www.dillerbottle.com\/#\/schema\/logo\/image\/"}}]}},"_links":{"self":[{"href":"https:\/\/www.dillerbottle.com\/de\/wp-json\/wp\/v2\/product\/5624","targetHints":{"allow":["GET"]}}],"collection":[{"href":"https:\/\/www.dillerbottle.com\/de\/wp-json\/wp\/v2\/product"}],"about":[{"href":"https:\/\/www.dillerbottle.com\/de\/wp-json\/wp\/v2\/types\/product"}],"replies":[{"embeddable":true,"href":"https:\/\/www.dillerbottle.com\/de\/wp-json\/wp\/v2\/comments?post=5624"}],"wp:featuredmedia":[{"embeddable":true,"href":"https:\/\/www.dillerbottle.com\/de\/wp-json\/wp\/v2\/media\/5625"}],"wp:attachment":[{"href":"https:\/\/www.dillerbottle.com\/de\/wp-json\/wp\/v2\/media?parent=5624"}],"wp:term":[{"taxonomy":"product_brand","embeddable":true,"href":"https:\/\/www.dillerbottle.com\/de\/wp-json\/wp\/v2\/product_brand?post=5624"},{"taxonomy":"product_cat","embeddable":true,"href":"https:\/\/www.dillerbottle.com\/de\/wp-json\/wp\/v2\/product_cat?post=5624"},{"taxonomy":"product_tag","embeddable":true,"href":"https:\/\/www.dillerbottle.com\/de\/wp-json\/wp\/v2\/product_tag?post=5624"}],"curies":[{"name":"wp","href":"https:\/\/api.w.org\/{rel}","templated":true}]}}