{"id":5738,"date":"2024-09-27T18:01:06","date_gmt":"2024-09-27T10:01:06","guid":{"rendered":"https:\/\/demo.dillerbottle.com\/uncategorized\/clear-plastic-water-bottle-with-straw"},"modified":"2025-07-10T09:18:29","modified_gmt":"2025-07-10T01:18:29","slug":"durchsichtige-plastikwasserflasche-mit-strohhalm","status":"publish","type":"product","link":"https:\/\/www.dillerbottle.com\/de\/products\/clear-plastic-water-bottle-with-straw","title":{"rendered":"Klare Plastikwasserflasche mit Strohhalm"},"content":{"rendered":"<p>1. Klare Kunststoff-Wasserflasche mit Flip-Top-Deckel, damit Sie beim Laufen, Training oder mitten im Spiel schnell etwas trinken k\u00f6nnen. 100% auslaufsicherer Deckel, um Auslaufen und Versch\u00fctten zu verhindern..;<br \/>\n2; 100% ungiftig und BPA-frei. Diese Kunststoff-Wasserflasche besteht aus hochwertigem, haltbarem Eastman Tritan Copolyester, einem giftfreien, lebensmittelechten Kunststoff, der auch harten Bedingungen standh\u00e4lt. Umweltfreundlich, recycelbar, wiederverwendbar, nachf\u00fcllbar und bruchsicher.<br \/>\n3; Leicht zu tragen und einfach zu benutzen. Diese klare Kunststoff-Wasserflasche mit integriertem Schlaufengriff ist leicht zu tragen.<br \/>\n(4);Die ein Klick auslaufsicher Deckel wird schwingen \u00f6ffnet leicht mit einem Knopfdruck mit einer Hand.5.Die klare Kunststoff-Wasserflasche mit Lebensmittelqualit\u00e4t Silikon Stroh.<\/p>","protected":false},"excerpt":{"rendered":"<p>Merkmale: 1.<br \/>\nDie durchsichtige Kunststoff-Wasserflasche mit Flip-Top-Deckel erm\u00f6glicht es Ihnen, beim Laufen, beim Training oder mitten im Spiel einen schnellen Drink zu sich zu nehmen.<br \/>\n100% auslaufsicherer Deckel zum Schutz vor Auslaufen und Versch\u00fctten.<br \/>\n2.<br \/>\n100% ungiftig und BPA-frei.<br \/>\nDiese Kunststoff-Wasserflasche ist aus hochwertigem, haltbarem Eastman Tritan Copolyester hergestellt, einem giftfreien Kunststoff in Lebensmittelqualit\u00e4t, der auch harten Bedingungen standh\u00e4lt.<br \/>\nUmweltfreundlich, recycelbar, wiederverwendbar, nachf\u00fcllbar und bruchsicher.3.<br \/>\nLeicht zu tragen und einfach zu benutzen.<br \/>\nDiese durchsichtige Kunststoff-Wasserflasche mit integriertem Schlaufengriff ist leicht zu tragen.4.<br \/>\nDer auslaufsichere Deckel l\u00e4sst sich per Knopfdruck mit einer Hand \u00f6ffnen.5. Die klare Plastikflasche mit lebensmittelechtem Silikonstrohhalm...<\/p>","protected":false},"featured_media":5739,"comment_status":"open","ping_status":"closed","template":"","meta":{"_acf_changed":false},"product_brand":[],"product_cat":[309],"product_tag":[366,32,36,33,478,31,39,38,29,37,427,414,34,413,35,28,213,463,30],"class_list":{"0":"post-5738","1":"product","2":"type-product","3":"status-publish","4":"has-post-thumbnail","6":"product_cat-plastic-water-bottle","7":"product_tag-500ml-plastic-water-bottle","8":"product_tag-best","9":"product_tag-bulk","10":"product_tag-buy","11":"product_tag-clear-plastic-water-bottle-with-straw","12":"product_tag-custom","13":"product_tag-for-sale","14":"product_tag-good-quality","15":"product_tag-manufacturers","16":"product_tag-manufacturing","17":"product_tag-oem-bpa-free-reusable-gym-sports-water-bottle","18":"product_tag-plain-water-bottles","19":"product_tag-price","20":"product_tag-school-plastic-water-bottles","21":"product_tag-small","22":"product_tag-suppliers","23":"product_tag-water-bottle-plastic-300ml","24":"product_tag-water-bottles-2023","25":"product_tag-wholesale","27":"first","28":"instock","29":"shipping-taxable","30":"product-type-simple"},"acf":[],"yoast_head":"<!-- This site is optimized with the Yoast SEO Premium plugin v27.5 (Yoast SEO v27.5) - https:\/\/yoast.com\/product\/yoast-seo-premium-wordpress\/ -->\n<title>Clear Plastic Water Bottle with Straw - Diller Water Bottle Manufacturer<\/title>\n<meta name=\"description\" content=\"As one of the best clear plastic water bottle with straw manufacturers and suppliers, we are engaged in manufacturing good quality water bottles. We warmly welcome you to wholesale or buy custom made clear plastic water bottle with straw at competitive price from us. Also, small quantity orders are acceptable.\" \/>\n<meta name=\"robots\" content=\"index, follow, max-snippet:-1, max-image-preview:large, max-video-preview:-1\" \/>\n<link rel=\"canonical\" href=\"https:\/\/www.dillerbottle.com\/de\/produkte\/durchsichtige-plastikwasserflasche-mit-strohhalm\" \/>\n<meta property=\"og:locale\" content=\"de_DE\" \/>\n<meta property=\"og:type\" content=\"article\" \/>\n<meta property=\"og:title\" content=\"Clear Plastic Water Bottle with Straw\" \/>\n<meta property=\"og:description\" content=\"As one of the best clear plastic water bottle with straw manufacturers and suppliers, we are engaged in manufacturing good quality water bottles. We warmly welcome you to wholesale or buy custom made clear plastic water bottle with straw at competitive price from us. Also, small quantity orders are acceptable.\" \/>\n<meta property=\"og:url\" content=\"https:\/\/www.dillerbottle.com\/de\/produkte\/durchsichtige-plastikwasserflasche-mit-strohhalm\" \/>\n<meta property=\"og:site_name\" content=\"Diller Water Bottle Manufacturer\" \/>\n<meta property=\"article:modified_time\" content=\"2025-07-10T01:18:29+00:00\" \/>\n<meta property=\"og:image\" content=\"https:\/\/www.dillerbottle.com\/wp-content\/uploads\/2024\/09\/clear-plastic-water-bottle-with-straw53047197037.jpg\" \/>\n\t<meta property=\"og:image:width\" content=\"730\" \/>\n\t<meta property=\"og:image:height\" content=\"730\" \/>\n\t<meta property=\"og:image:type\" content=\"image\/jpeg\" \/>\n<meta name=\"twitter:card\" content=\"summary_large_image\" \/>\n<meta name=\"twitter:label1\" content=\"Gesch\u00e4tzte Lesezeit\" \/>\n\t<meta name=\"twitter:data1\" content=\"3\u00a0Minuten\" \/>\n<script type=\"application\/ld+json\" class=\"yoast-schema-graph\">{\"@context\":\"https:\\\/\\\/schema.org\",\"@graph\":[{\"@type\":\"WebPage\",\"@id\":\"https:\\\/\\\/www.dillerbottle.com\\\/products\\\/clear-plastic-water-bottle-with-straw\",\"url\":\"https:\\\/\\\/www.dillerbottle.com\\\/products\\\/clear-plastic-water-bottle-with-straw\",\"name\":\"Clear Plastic Water Bottle with Straw - Diller Water Bottle Manufacturer\",\"isPartOf\":{\"@id\":\"https:\\\/\\\/www.dillerbottle.com\\\/#website\"},\"primaryImageOfPage\":{\"@id\":\"https:\\\/\\\/www.dillerbottle.com\\\/products\\\/clear-plastic-water-bottle-with-straw#primaryimage\"},\"image\":{\"@id\":\"https:\\\/\\\/www.dillerbottle.com\\\/products\\\/clear-plastic-water-bottle-with-straw#primaryimage\"},\"thumbnailUrl\":\"https:\\\/\\\/www.dillerbottle.com\\\/wp-content\\\/uploads\\\/2024\\\/09\\\/clear-plastic-water-bottle-with-straw53047197037.jpg\",\"datePublished\":\"2024-09-27T10:01:06+00:00\",\"dateModified\":\"2025-07-10T01:18:29+00:00\",\"description\":\"As one of the best clear plastic water bottle with straw manufacturers and suppliers, we are engaged in manufacturing good quality water bottles. We warmly welcome you to wholesale or buy custom made clear plastic water bottle with straw at competitive price from us. Also, small quantity orders are acceptable.\",\"breadcrumb\":{\"@id\":\"https:\\\/\\\/www.dillerbottle.com\\\/products\\\/clear-plastic-water-bottle-with-straw#breadcrumb\"},\"inLanguage\":\"de\",\"potentialAction\":[{\"@type\":\"ReadAction\",\"target\":[\"https:\\\/\\\/www.dillerbottle.com\\\/products\\\/clear-plastic-water-bottle-with-straw\"]}]},{\"@type\":\"ImageObject\",\"inLanguage\":\"de\",\"@id\":\"https:\\\/\\\/www.dillerbottle.com\\\/products\\\/clear-plastic-water-bottle-with-straw#primaryimage\",\"url\":\"https:\\\/\\\/www.dillerbottle.com\\\/wp-content\\\/uploads\\\/2024\\\/09\\\/clear-plastic-water-bottle-with-straw53047197037.jpg\",\"contentUrl\":\"https:\\\/\\\/www.dillerbottle.com\\\/wp-content\\\/uploads\\\/2024\\\/09\\\/clear-plastic-water-bottle-with-straw53047197037.jpg\",\"width\":730,\"height\":730},{\"@type\":\"BreadcrumbList\",\"@id\":\"https:\\\/\\\/www.dillerbottle.com\\\/products\\\/clear-plastic-water-bottle-with-straw#breadcrumb\",\"itemListElement\":[{\"@type\":\"ListItem\",\"position\":1,\"name\":\"Home\",\"item\":\"https:\\\/\\\/www.dillerbottle.com\\\/\"},{\"@type\":\"ListItem\",\"position\":2,\"name\":\"Products\",\"item\":\"https:\\\/\\\/www.dillerbottle.com\\\/shop\"},{\"@type\":\"ListItem\",\"position\":3,\"name\":\"Clear Plastic Water Bottle with Straw\"}]},{\"@type\":\"WebSite\",\"@id\":\"https:\\\/\\\/www.dillerbottle.com\\\/#website\",\"url\":\"https:\\\/\\\/www.dillerbottle.com\\\/\",\"name\":\"Diller Water Bottle Manufacturer\",\"description\":\"Water Bottle Manufacturer\",\"publisher\":{\"@id\":\"https:\\\/\\\/www.dillerbottle.com\\\/#organization\"},\"potentialAction\":[{\"@type\":\"SearchAction\",\"target\":{\"@type\":\"EntryPoint\",\"urlTemplate\":\"https:\\\/\\\/www.dillerbottle.com\\\/?s={search_term_string}\"},\"query-input\":{\"@type\":\"PropertyValueSpecification\",\"valueRequired\":true,\"valueName\":\"search_term_string\"}}],\"inLanguage\":\"de\"},{\"@type\":\"Organization\",\"@id\":\"https:\\\/\\\/www.dillerbottle.com\\\/#organization\",\"name\":\"Diller Water Bottle Manufacturer\",\"url\":\"https:\\\/\\\/www.dillerbottle.com\\\/\",\"logo\":{\"@type\":\"ImageObject\",\"inLanguage\":\"de\",\"@id\":\"https:\\\/\\\/www.dillerbottle.com\\\/#\\\/schema\\\/logo\\\/image\\\/\",\"url\":\"https:\\\/\\\/www.dillerbottle.com\\\/wp-content\\\/uploads\\\/2024\\\/09\\\/49918bfa848dcc1e9f8b509933603ac.png\",\"contentUrl\":\"https:\\\/\\\/www.dillerbottle.com\\\/wp-content\\\/uploads\\\/2024\\\/09\\\/49918bfa848dcc1e9f8b509933603ac.png\",\"width\":988,\"height\":198,\"caption\":\"Diller Water Bottle Manufacturer\"},\"image\":{\"@id\":\"https:\\\/\\\/www.dillerbottle.com\\\/#\\\/schema\\\/logo\\\/image\\\/\"}}]}<\/script>\n<!-- \/ Yoast SEO Premium plugin. -->","yoast_head_json":{"title":"Klare Kunststoff-Wasserflasche mit Strohhalm - Diller Wasserflasche Hersteller","description":"Als einer der besten Hersteller und Lieferanten von klaren Kunststoff-Wasserflaschen mit Strohhalm besch\u00e4ftigen wir uns mit der Herstellung von Wasserflaschen guter Qualit\u00e4t. Wir hei\u00dfen Sie herzlich willkommen, Gro\u00dfhandel oder kaufen ma\u00dfgeschneiderte klare Kunststoff-Wasserflasche mit Strohhalm zu wettbewerbsf\u00e4higen Preisen von uns. Auch kleine Menge Bestellungen sind akzeptabel.","robots":{"index":"index","follow":"follow","max-snippet":"max-snippet:-1","max-image-preview":"max-image-preview:large","max-video-preview":"max-video-preview:-1"},"canonical":"https:\/\/www.dillerbottle.com\/de\/produkte\/durchsichtige-plastikwasserflasche-mit-strohhalm","og_locale":"de_DE","og_type":"article","og_title":"Clear Plastic Water Bottle with Straw","og_description":"As one of the best clear plastic water bottle with straw manufacturers and suppliers, we are engaged in manufacturing good quality water bottles. We warmly welcome you to wholesale or buy custom made clear plastic water bottle with straw at competitive price from us. Also, small quantity orders are acceptable.","og_url":"https:\/\/www.dillerbottle.com\/de\/produkte\/durchsichtige-plastikwasserflasche-mit-strohhalm","og_site_name":"Diller Water Bottle Manufacturer","article_modified_time":"2025-07-10T01:18:29+00:00","og_image":[{"width":730,"height":730,"url":"https:\/\/www.dillerbottle.com\/wp-content\/uploads\/2024\/09\/clear-plastic-water-bottle-with-straw53047197037.jpg","type":"image\/jpeg"}],"twitter_card":"summary_large_image","twitter_misc":{"Gesch\u00e4tzte Lesezeit":"3\u00a0Minuten"},"schema":{"@context":"https:\/\/schema.org","@graph":[{"@type":"WebPage","@id":"https:\/\/www.dillerbottle.com\/products\/clear-plastic-water-bottle-with-straw","url":"https:\/\/www.dillerbottle.com\/products\/clear-plastic-water-bottle-with-straw","name":"Klare Kunststoff-Wasserflasche mit Strohhalm - Diller Wasserflasche Hersteller","isPartOf":{"@id":"https:\/\/www.dillerbottle.com\/#website"},"primaryImageOfPage":{"@id":"https:\/\/www.dillerbottle.com\/products\/clear-plastic-water-bottle-with-straw#primaryimage"},"image":{"@id":"https:\/\/www.dillerbottle.com\/products\/clear-plastic-water-bottle-with-straw#primaryimage"},"thumbnailUrl":"https:\/\/www.dillerbottle.com\/wp-content\/uploads\/2024\/09\/clear-plastic-water-bottle-with-straw53047197037.jpg","datePublished":"2024-09-27T10:01:06+00:00","dateModified":"2025-07-10T01:18:29+00:00","description":"Als einer der besten Hersteller und Lieferanten von klaren Kunststoff-Wasserflaschen mit Strohhalm besch\u00e4ftigen wir uns mit der Herstellung von Wasserflaschen guter Qualit\u00e4t. Wir hei\u00dfen Sie herzlich willkommen, Gro\u00dfhandel oder kaufen ma\u00dfgeschneiderte klare Kunststoff-Wasserflasche mit Strohhalm zu wettbewerbsf\u00e4higen Preisen von uns. Auch kleine Menge Bestellungen sind akzeptabel.","breadcrumb":{"@id":"https:\/\/www.dillerbottle.com\/products\/clear-plastic-water-bottle-with-straw#breadcrumb"},"inLanguage":"de","potentialAction":[{"@type":"ReadAction","target":["https:\/\/www.dillerbottle.com\/products\/clear-plastic-water-bottle-with-straw"]}]},{"@type":"ImageObject","inLanguage":"de","@id":"https:\/\/www.dillerbottle.com\/products\/clear-plastic-water-bottle-with-straw#primaryimage","url":"https:\/\/www.dillerbottle.com\/wp-content\/uploads\/2024\/09\/clear-plastic-water-bottle-with-straw53047197037.jpg","contentUrl":"https:\/\/www.dillerbottle.com\/wp-content\/uploads\/2024\/09\/clear-plastic-water-bottle-with-straw53047197037.jpg","width":730,"height":730},{"@type":"BreadcrumbList","@id":"https:\/\/www.dillerbottle.com\/products\/clear-plastic-water-bottle-with-straw#breadcrumb","itemListElement":[{"@type":"ListItem","position":1,"name":"Home","item":"https:\/\/www.dillerbottle.com\/"},{"@type":"ListItem","position":2,"name":"Products","item":"https:\/\/www.dillerbottle.com\/shop"},{"@type":"ListItem","position":3,"name":"Clear Plastic Water Bottle with Straw"}]},{"@type":"WebSite","@id":"https:\/\/www.dillerbottle.com\/#website","url":"https:\/\/www.dillerbottle.com\/","name":"Diller Wasserflaschenhersteller","description":"Wasserflaschenhersteller","publisher":{"@id":"https:\/\/www.dillerbottle.com\/#organization"},"potentialAction":[{"@type":"SearchAction","target":{"@type":"EntryPoint","urlTemplate":"https:\/\/www.dillerbottle.com\/?s={search_term_string}"},"query-input":{"@type":"PropertyValueSpecification","valueRequired":true,"valueName":"search_term_string"}}],"inLanguage":"de"},{"@type":"Organization","@id":"https:\/\/www.dillerbottle.com\/#organization","name":"Diller Wasserflaschenhersteller","url":"https:\/\/www.dillerbottle.com\/","logo":{"@type":"ImageObject","inLanguage":"de","@id":"https:\/\/www.dillerbottle.com\/#\/schema\/logo\/image\/","url":"https:\/\/www.dillerbottle.com\/wp-content\/uploads\/2024\/09\/49918bfa848dcc1e9f8b509933603ac.png","contentUrl":"https:\/\/www.dillerbottle.com\/wp-content\/uploads\/2024\/09\/49918bfa848dcc1e9f8b509933603ac.png","width":988,"height":198,"caption":"Diller Water Bottle Manufacturer"},"image":{"@id":"https:\/\/www.dillerbottle.com\/#\/schema\/logo\/image\/"}}]}},"_links":{"self":[{"href":"https:\/\/www.dillerbottle.com\/de\/wp-json\/wp\/v2\/product\/5738","targetHints":{"allow":["GET"]}}],"collection":[{"href":"https:\/\/www.dillerbottle.com\/de\/wp-json\/wp\/v2\/product"}],"about":[{"href":"https:\/\/www.dillerbottle.com\/de\/wp-json\/wp\/v2\/types\/product"}],"replies":[{"embeddable":true,"href":"https:\/\/www.dillerbottle.com\/de\/wp-json\/wp\/v2\/comments?post=5738"}],"wp:featuredmedia":[{"embeddable":true,"href":"https:\/\/www.dillerbottle.com\/de\/wp-json\/wp\/v2\/media\/5739"}],"wp:attachment":[{"href":"https:\/\/www.dillerbottle.com\/de\/wp-json\/wp\/v2\/media?parent=5738"}],"wp:term":[{"taxonomy":"product_brand","embeddable":true,"href":"https:\/\/www.dillerbottle.com\/de\/wp-json\/wp\/v2\/product_brand?post=5738"},{"taxonomy":"product_cat","embeddable":true,"href":"https:\/\/www.dillerbottle.com\/de\/wp-json\/wp\/v2\/product_cat?post=5738"},{"taxonomy":"product_tag","embeddable":true,"href":"https:\/\/www.dillerbottle.com\/de\/wp-json\/wp\/v2\/product_tag?post=5738"}],"curies":[{"name":"wp","href":"https:\/\/api.w.org\/{rel}","templated":true}]}}