{"id":5995,"date":"2024-09-27T18:03:42","date_gmt":"2024-09-27T10:03:42","guid":{"rendered":"https:\/\/demo.dillerbottle.com\/uncategorized\/tritan-bpa-free-water-bottle"},"modified":"2026-02-11T16:18:30","modified_gmt":"2026-02-11T08:18:30","slug":"bpa-freie-tritan-wasserflasche-3","status":"publish","type":"product","link":"https:\/\/www.dillerbottle.com\/de\/products\/tritan-bpa-free-water-bottle","title":{"rendered":"Tritan Bpa Free Wasserflasche"},"content":{"rendered":"<p>1. Die Wasserflasche besteht aus bruchsicherem, BPA-freiem, ungiftigem Tritan-Copolyester-Kunststoff 100% f\u00fcr zuverl\u00e4ssige, lang anhaltende Stabilit\u00e4t.<\/p>\n<p>2. Der Klappdeckel der BPA-freien Tritan-Wasserflasche l\u00e4sst sich mit der Hand \u00f6ffnen. Der mit lebensmittelechter Silikondichtung ausgekleidete Deckel verhindert ein Auslaufen. Mit einem Nylonseil f\u00fcr einfaches Tragen.<\/p>\n<p>3. Die Doppeltrinkmethode mit einem Deckel erm\u00f6glicht direktes Trinken oder Trinken mit einem Strohhalm. Niedliche Panda-Staubkappe, sauber und hygienisch und verhindert das Austreten von Wasser.<\/p>\n<p>4. Das modische und schlichte Design eignet sich sehr gut f\u00fcr junge Leute. Es ist eine gute Wahl f\u00fcr den t\u00e4glichen Gebrauch zu Hause, in der Schule oder f\u00fcr Outdoor-Aktivit\u00e4ten.<\/p>\n<p>5. Mit dieser transparenten Kunststoff-Tritan-Wasserflasche k\u00f6nnen Sie die tats\u00e4chliche Wasseraufnahme einfach und deutlich \u00fcberpr\u00fcfen.<\/p>\n<p>OEM und ODM akzeptabel.<br \/>\nWir k\u00f6nnen die Kunststoffflasche nach Ihren W\u00fcnschen gestalten.<br \/>\nWillkommen beim Gro\u00dfhandelskauf, senden Sie jetzt eine Anfrage!<\/p>\n<p><iframe title=\"Gro\u00dfhandel Diller Panda BPA-freie wiederverwendbare Plastikwasserflasche mit Strohhalm D2431\" width=\"563\" height=\"1000\" src=\"https:\/\/www.youtube.com\/embed\/iW7MMDYkHiY?feature=oembed\" frameborder=\"0\" allow=\"accelerometer; autoplay; clipboard-write; encrypted-media; gyroscope; picture-in-picture; web-share\" referrerpolicy=\"strict-origin-when-cross-origin\" allowfullscreen><\/iframe><\/p>","protected":false},"excerpt":{"rendered":"<p>Die Wasserflasche besteht aus bruchsicherem, BPA-freiem und ungiftigem Tritan-Copolyester-Kunststoff (100%) f\u00fcr zuverl\u00e4ssige, lang anhaltende Stabilit\u00e4t.<br \/>\nDer Klappdeckel der BPA-freien Tritan-Wasserflasche l\u00e4sst sich von Hand \u00f6ffnen. Der mit lebensmittelechter Silikondichtung ausgekleidete Deckel verhindert ein Auslaufen. Mit einem Nylonseil f\u00fcr einfaches Tragen.<br \/>\nDie Doppeltrinkmethode mit einem Deckel erm\u00f6glicht direktes Trinken oder Trinken mit einem Strohhalm. Niedliche Panda-Staubkappe, sauber und hygienisch und verhindert das Austreten von Wasser.<br \/>\nDas modische und schlichte Design eignet sich sehr gut f\u00fcr junge Leute. Es ist eine gute Wahl f\u00fcr den t\u00e4glichen Gebrauch zu Hause, in der Schule oder f\u00fcr Outdoor-Aktivit\u00e4ten.<br \/>\nMit dieser transparenten Kunststoff-Tritan-Wasserflasche k\u00f6nnen Sie die tats\u00e4chlich aufgenommene Wassermenge einfach und deutlich \u00fcberpr\u00fcfen.<br \/>\nOEM und ODM akzeptabel.<\/p>","protected":false},"featured_media":15385,"comment_status":"open","ping_status":"closed","template":"","meta":{"_acf_changed":false},"product_brand":[],"product_cat":[309],"product_tag":[386],"class_list":{"0":"post-5995","1":"product","2":"type-product","3":"status-publish","4":"has-post-thumbnail","6":"product_cat-plastic-water-bottle","7":"product_tag-plastic-sports-water-bottle","9":"first","10":"instock","11":"shipping-taxable","12":"product-type-simple"},"acf":[],"yoast_head":"<!-- This site is optimized with the Yoast SEO Premium plugin v27.5 (Yoast SEO v27.5) - https:\/\/yoast.com\/product\/yoast-seo-premium-wordpress\/ -->\n<title>Tritan Bpa Free Water Bottle - Diller Water Bottle Manufacturer<\/title>\n<meta name=\"description\" content=\"As one of the best tritan bpa free water bottle manufacturers and suppliers, we are engaged in manufacturing good quality water bottles. We warmly welcome you to wholesale or buy custom made tritan bpa free water bottle at competitive price from us. Also, small quantity orders are acceptable.\" \/>\n<meta name=\"robots\" content=\"index, follow, max-snippet:-1, max-image-preview:large, max-video-preview:-1\" \/>\n<link rel=\"canonical\" href=\"https:\/\/www.dillerbottle.com\/de\/produkte\/bpa-freie-tritan-wasserflasche-3\" \/>\n<meta property=\"og:locale\" content=\"de_DE\" \/>\n<meta property=\"og:type\" content=\"article\" \/>\n<meta property=\"og:title\" content=\"Tritan Bpa Free Water Bottle\" \/>\n<meta property=\"og:description\" content=\"As one of the best tritan bpa free water bottle manufacturers and suppliers, we are engaged in manufacturing good quality water bottles. We warmly welcome you to wholesale or buy custom made tritan bpa free water bottle at competitive price from us. Also, small quantity orders are acceptable.\" \/>\n<meta property=\"og:url\" content=\"https:\/\/www.dillerbottle.com\/de\/produkte\/bpa-freie-tritan-wasserflasche-3\" \/>\n<meta property=\"og:site_name\" content=\"Diller Water Bottle Manufacturer\" \/>\n<meta property=\"article:modified_time\" content=\"2026-02-11T08:18:30+00:00\" \/>\n<meta property=\"og:image\" content=\"https:\/\/www.dillerbottle.com\/wp-content\/uploads\/2024\/09\/tritan-bpa-free-water-bottle-2431-1.jpg\" \/>\n\t<meta property=\"og:image:width\" content=\"800\" \/>\n\t<meta property=\"og:image:height\" content=\"800\" \/>\n\t<meta property=\"og:image:type\" content=\"image\/jpeg\" \/>\n<meta name=\"twitter:card\" content=\"summary_large_image\" \/>\n<meta name=\"twitter:label1\" content=\"Gesch\u00e4tzte Lesezeit\" \/>\n\t<meta name=\"twitter:data1\" content=\"3\u00a0Minuten\" \/>\n<script type=\"application\/ld+json\" class=\"yoast-schema-graph\">{\"@context\":\"https:\\\/\\\/schema.org\",\"@graph\":[{\"@type\":\"WebPage\",\"@id\":\"https:\\\/\\\/www.dillerbottle.com\\\/products\\\/tritan-bpa-free-water-bottle\",\"url\":\"https:\\\/\\\/www.dillerbottle.com\\\/products\\\/tritan-bpa-free-water-bottle\",\"name\":\"Tritan Bpa Free Water Bottle - Diller Water Bottle Manufacturer\",\"isPartOf\":{\"@id\":\"https:\\\/\\\/www.dillerbottle.com\\\/#website\"},\"primaryImageOfPage\":{\"@id\":\"https:\\\/\\\/www.dillerbottle.com\\\/products\\\/tritan-bpa-free-water-bottle#primaryimage\"},\"image\":{\"@id\":\"https:\\\/\\\/www.dillerbottle.com\\\/products\\\/tritan-bpa-free-water-bottle#primaryimage\"},\"thumbnailUrl\":\"https:\\\/\\\/www.dillerbottle.com\\\/wp-content\\\/uploads\\\/2024\\\/09\\\/tritan-bpa-free-water-bottle-2431-1.jpg\",\"datePublished\":\"2024-09-27T10:03:42+00:00\",\"dateModified\":\"2026-02-11T08:18:30+00:00\",\"description\":\"As one of the best tritan bpa free water bottle manufacturers and suppliers, we are engaged in manufacturing good quality water bottles. We warmly welcome you to wholesale or buy custom made tritan bpa free water bottle at competitive price from us. Also, small quantity orders are acceptable.\",\"breadcrumb\":{\"@id\":\"https:\\\/\\\/www.dillerbottle.com\\\/products\\\/tritan-bpa-free-water-bottle#breadcrumb\"},\"inLanguage\":\"de\",\"potentialAction\":[{\"@type\":\"ReadAction\",\"target\":[\"https:\\\/\\\/www.dillerbottle.com\\\/products\\\/tritan-bpa-free-water-bottle\"]}]},{\"@type\":\"ImageObject\",\"inLanguage\":\"de\",\"@id\":\"https:\\\/\\\/www.dillerbottle.com\\\/products\\\/tritan-bpa-free-water-bottle#primaryimage\",\"url\":\"https:\\\/\\\/www.dillerbottle.com\\\/wp-content\\\/uploads\\\/2024\\\/09\\\/tritan-bpa-free-water-bottle-2431-1.jpg\",\"contentUrl\":\"https:\\\/\\\/www.dillerbottle.com\\\/wp-content\\\/uploads\\\/2024\\\/09\\\/tritan-bpa-free-water-bottle-2431-1.jpg\",\"width\":800,\"height\":800},{\"@type\":\"BreadcrumbList\",\"@id\":\"https:\\\/\\\/www.dillerbottle.com\\\/products\\\/tritan-bpa-free-water-bottle#breadcrumb\",\"itemListElement\":[{\"@type\":\"ListItem\",\"position\":1,\"name\":\"Home\",\"item\":\"https:\\\/\\\/www.dillerbottle.com\\\/\"},{\"@type\":\"ListItem\",\"position\":2,\"name\":\"Products\",\"item\":\"https:\\\/\\\/www.dillerbottle.com\\\/shop\"},{\"@type\":\"ListItem\",\"position\":3,\"name\":\"Tritan Bpa Free Water Bottle\"}]},{\"@type\":\"WebSite\",\"@id\":\"https:\\\/\\\/www.dillerbottle.com\\\/#website\",\"url\":\"https:\\\/\\\/www.dillerbottle.com\\\/\",\"name\":\"Diller Water Bottle Manufacturer\",\"description\":\"Water Bottle Manufacturer\",\"publisher\":{\"@id\":\"https:\\\/\\\/www.dillerbottle.com\\\/#organization\"},\"potentialAction\":[{\"@type\":\"SearchAction\",\"target\":{\"@type\":\"EntryPoint\",\"urlTemplate\":\"https:\\\/\\\/www.dillerbottle.com\\\/?s={search_term_string}\"},\"query-input\":{\"@type\":\"PropertyValueSpecification\",\"valueRequired\":true,\"valueName\":\"search_term_string\"}}],\"inLanguage\":\"de\"},{\"@type\":\"Organization\",\"@id\":\"https:\\\/\\\/www.dillerbottle.com\\\/#organization\",\"name\":\"Diller Water Bottle Manufacturer\",\"url\":\"https:\\\/\\\/www.dillerbottle.com\\\/\",\"logo\":{\"@type\":\"ImageObject\",\"inLanguage\":\"de\",\"@id\":\"https:\\\/\\\/www.dillerbottle.com\\\/#\\\/schema\\\/logo\\\/image\\\/\",\"url\":\"https:\\\/\\\/www.dillerbottle.com\\\/wp-content\\\/uploads\\\/2024\\\/09\\\/49918bfa848dcc1e9f8b509933603ac.png\",\"contentUrl\":\"https:\\\/\\\/www.dillerbottle.com\\\/wp-content\\\/uploads\\\/2024\\\/09\\\/49918bfa848dcc1e9f8b509933603ac.png\",\"width\":988,\"height\":198,\"caption\":\"Diller Water Bottle Manufacturer\"},\"image\":{\"@id\":\"https:\\\/\\\/www.dillerbottle.com\\\/#\\\/schema\\\/logo\\\/image\\\/\"}}]}<\/script>\n<!-- \/ Yoast SEO Premium plugin. -->","yoast_head_json":{"title":"Tritan BPA-freie Wasserflasche - Diller Wasserflaschenhersteller","description":"Als einer der besten Hersteller und Lieferanten von BPA-freien Tritan-Wasserflaschen sind wir auf die Herstellung hochwertiger Wasserflaschen spezialisiert. Wir hei\u00dfen Sie herzlich willkommen, bei uns ma\u00dfgeschneiderte BPA-freie Tritan-Wasserflaschen zu Gro\u00dfhandelspreisen zu kaufen oder zu wettbewerbsf\u00e4higen Preisen zu erwerben. Auch Bestellungen in kleinen Mengen sind m\u00f6glich.","robots":{"index":"index","follow":"follow","max-snippet":"max-snippet:-1","max-image-preview":"max-image-preview:large","max-video-preview":"max-video-preview:-1"},"canonical":"https:\/\/www.dillerbottle.com\/de\/produkte\/bpa-freie-tritan-wasserflasche-3","og_locale":"de_DE","og_type":"article","og_title":"Tritan Bpa Free Water Bottle","og_description":"As one of the best tritan bpa free water bottle manufacturers and suppliers, we are engaged in manufacturing good quality water bottles. We warmly welcome you to wholesale or buy custom made tritan bpa free water bottle at competitive price from us. Also, small quantity orders are acceptable.","og_url":"https:\/\/www.dillerbottle.com\/de\/produkte\/bpa-freie-tritan-wasserflasche-3","og_site_name":"Diller Water Bottle Manufacturer","article_modified_time":"2026-02-11T08:18:30+00:00","og_image":[{"width":800,"height":800,"url":"https:\/\/www.dillerbottle.com\/wp-content\/uploads\/2024\/09\/tritan-bpa-free-water-bottle-2431-1.jpg","type":"image\/jpeg"}],"twitter_card":"summary_large_image","twitter_misc":{"Gesch\u00e4tzte Lesezeit":"3\u00a0Minuten"},"schema":{"@context":"https:\/\/schema.org","@graph":[{"@type":"WebPage","@id":"https:\/\/www.dillerbottle.com\/products\/tritan-bpa-free-water-bottle","url":"https:\/\/www.dillerbottle.com\/products\/tritan-bpa-free-water-bottle","name":"Tritan BPA-freie Wasserflasche - Diller Wasserflaschenhersteller","isPartOf":{"@id":"https:\/\/www.dillerbottle.com\/#website"},"primaryImageOfPage":{"@id":"https:\/\/www.dillerbottle.com\/products\/tritan-bpa-free-water-bottle#primaryimage"},"image":{"@id":"https:\/\/www.dillerbottle.com\/products\/tritan-bpa-free-water-bottle#primaryimage"},"thumbnailUrl":"https:\/\/www.dillerbottle.com\/wp-content\/uploads\/2024\/09\/tritan-bpa-free-water-bottle-2431-1.jpg","datePublished":"2024-09-27T10:03:42+00:00","dateModified":"2026-02-11T08:18:30+00:00","description":"Als einer der besten Hersteller und Lieferanten von BPA-freien Tritan-Wasserflaschen sind wir auf die Herstellung hochwertiger Wasserflaschen spezialisiert. Wir hei\u00dfen Sie herzlich willkommen, bei uns ma\u00dfgeschneiderte BPA-freie Tritan-Wasserflaschen zu Gro\u00dfhandelspreisen zu kaufen oder zu wettbewerbsf\u00e4higen Preisen zu erwerben. Auch Bestellungen in kleinen Mengen sind m\u00f6glich.","breadcrumb":{"@id":"https:\/\/www.dillerbottle.com\/products\/tritan-bpa-free-water-bottle#breadcrumb"},"inLanguage":"de","potentialAction":[{"@type":"ReadAction","target":["https:\/\/www.dillerbottle.com\/products\/tritan-bpa-free-water-bottle"]}]},{"@type":"ImageObject","inLanguage":"de","@id":"https:\/\/www.dillerbottle.com\/products\/tritan-bpa-free-water-bottle#primaryimage","url":"https:\/\/www.dillerbottle.com\/wp-content\/uploads\/2024\/09\/tritan-bpa-free-water-bottle-2431-1.jpg","contentUrl":"https:\/\/www.dillerbottle.com\/wp-content\/uploads\/2024\/09\/tritan-bpa-free-water-bottle-2431-1.jpg","width":800,"height":800},{"@type":"BreadcrumbList","@id":"https:\/\/www.dillerbottle.com\/products\/tritan-bpa-free-water-bottle#breadcrumb","itemListElement":[{"@type":"ListItem","position":1,"name":"Home","item":"https:\/\/www.dillerbottle.com\/"},{"@type":"ListItem","position":2,"name":"Products","item":"https:\/\/www.dillerbottle.com\/shop"},{"@type":"ListItem","position":3,"name":"Tritan Bpa Free Water Bottle"}]},{"@type":"WebSite","@id":"https:\/\/www.dillerbottle.com\/#website","url":"https:\/\/www.dillerbottle.com\/","name":"Diller Wasserflaschenhersteller","description":"Wasserflaschenhersteller","publisher":{"@id":"https:\/\/www.dillerbottle.com\/#organization"},"potentialAction":[{"@type":"SearchAction","target":{"@type":"EntryPoint","urlTemplate":"https:\/\/www.dillerbottle.com\/?s={search_term_string}"},"query-input":{"@type":"PropertyValueSpecification","valueRequired":true,"valueName":"search_term_string"}}],"inLanguage":"de"},{"@type":"Organization","@id":"https:\/\/www.dillerbottle.com\/#organization","name":"Diller Wasserflaschenhersteller","url":"https:\/\/www.dillerbottle.com\/","logo":{"@type":"ImageObject","inLanguage":"de","@id":"https:\/\/www.dillerbottle.com\/#\/schema\/logo\/image\/","url":"https:\/\/www.dillerbottle.com\/wp-content\/uploads\/2024\/09\/49918bfa848dcc1e9f8b509933603ac.png","contentUrl":"https:\/\/www.dillerbottle.com\/wp-content\/uploads\/2024\/09\/49918bfa848dcc1e9f8b509933603ac.png","width":988,"height":198,"caption":"Diller Water Bottle Manufacturer"},"image":{"@id":"https:\/\/www.dillerbottle.com\/#\/schema\/logo\/image\/"}}]}},"_links":{"self":[{"href":"https:\/\/www.dillerbottle.com\/de\/wp-json\/wp\/v2\/product\/5995","targetHints":{"allow":["GET"]}}],"collection":[{"href":"https:\/\/www.dillerbottle.com\/de\/wp-json\/wp\/v2\/product"}],"about":[{"href":"https:\/\/www.dillerbottle.com\/de\/wp-json\/wp\/v2\/types\/product"}],"replies":[{"embeddable":true,"href":"https:\/\/www.dillerbottle.com\/de\/wp-json\/wp\/v2\/comments?post=5995"}],"wp:featuredmedia":[{"embeddable":true,"href":"https:\/\/www.dillerbottle.com\/de\/wp-json\/wp\/v2\/media\/15385"}],"wp:attachment":[{"href":"https:\/\/www.dillerbottle.com\/de\/wp-json\/wp\/v2\/media?parent=5995"}],"wp:term":[{"taxonomy":"product_brand","embeddable":true,"href":"https:\/\/www.dillerbottle.com\/de\/wp-json\/wp\/v2\/product_brand?post=5995"},{"taxonomy":"product_cat","embeddable":true,"href":"https:\/\/www.dillerbottle.com\/de\/wp-json\/wp\/v2\/product_cat?post=5995"},{"taxonomy":"product_tag","embeddable":true,"href":"https:\/\/www.dillerbottle.com\/de\/wp-json\/wp\/v2\/product_tag?post=5995"}],"curies":[{"name":"wp","href":"https:\/\/api.w.org\/{rel}","templated":true}]}}