{"id":6006,"date":"2024-09-27T18:03:49","date_gmt":"2024-09-27T10:03:49","guid":{"rendered":"https:\/\/demo.dillerbottle.com\/uncategorized\/square-frosted-water-bottle"},"modified":"2025-07-09T17:56:33","modified_gmt":"2025-07-09T09:56:33","slug":"quadratische-gefrostete-wasserflasche","status":"publish","type":"product","link":"https:\/\/www.dillerbottle.com\/de\/products\/square-frosted-water-bottle","title":{"rendered":"Quadratische Wasserflasche, mattiert"},"content":{"rendered":"<p>Aufmerksamkeit<\/p>\n<p>1. Nicht mit Dampf sterilisieren oder kochen, da dies zu einer Verformung des Becherdeckels f\u00fchren kann.<\/p>\n<p>2. In 70 \u00b0C warmem Salzwasser einweichen oder mit Zahnpasta waschen.<\/p>\n<p>3. Legen Sie diese quadratische gefrostete Wasserflasche nicht in den Mikrowellenherd zum Erhitzen, es wird die Flasche besch\u00e4digen.<\/p>\n<p>4. Befolgen Sie bitte genau die Anweisungen im Produkthandbuch.<\/p>\n<p>1.Lebensmittelechtes PC ohne BPA bietet Sicherheit und hohe mechanische Festigkeit. Der lebensmittelechte Silikonring im Deckel sorgt f\u00fcr 360-Grad-Auslaufsicherheit.<\/p>\n<p>2. mit tragbaren Nylonseil, es ist leicht zu tragen f\u00fcr den Ausgang oder Sport. Geeignet f\u00fcr alle Arten von Outdoor-und Indoor-Aktivit\u00e4ten.<\/p>\n<p>3. Quadratische, gefrostete Wasserflasche mit genauen Messmarkierungen.<\/p>\n<p>4. Die mattierte Oberfl\u00e4che sorgt f\u00fcr einen rutschfesten Griff und ein angenehmeres Gef\u00fchl in der Hand.<\/p>\n<p>M\u00f6chten Sie eine quadratische, gefrostete Wasserflasche kaufen? Dann k\u00f6nnen Sie sich f\u00fcr unser Unternehmen entscheiden.<\/p>","protected":false},"excerpt":{"rendered":"<p>Diese quadratische, gefrostete Wasserflasche ist aus langlebigem PC und lebensmittelechten Materialien hergestellt.<br \/>\nDas Seil des Becherdeckels l\u00e4sst sich bequemer herausnehmen.<br \/>\nDer Dichtungsring des Becherdeckels ist bei 360 \u00b0C dicht.<br \/>\nDie mattierte Oberfl\u00e4che sorgt f\u00fcr rutschfesten Griff und ein angenehmeres Gef\u00fchl in der Hand.<br \/>\nGeeignet f\u00fcr alle Arten von Outdoor- und Indoor-Aktivit\u00e4ten.<br \/>\nOEM und ODM akzeptabel.<br \/>\nWir k\u00f6nnen die Kunststoff-Sportflasche entsprechend Ihren Anforderungen anpassen.<br \/>\nWillkommen beim Gro\u00dfhandelskauf, senden Sie jetzt eine Anfrage!<\/p>","protected":false},"featured_media":6007,"comment_status":"open","ping_status":"closed","template":"","meta":{"_acf_changed":false},"product_brand":[],"product_cat":[309],"product_tag":[32,36,33,31,39,43,38,29,37,42,45,34,35,27,41,28,44,40,30],"class_list":{"0":"post-6006","1":"product","2":"type-product","3":"status-publish","4":"has-post-thumbnail","6":"product_cat-plastic-water-bottle","7":"product_tag-best","8":"product_tag-bulk","9":"product_tag-buy","10":"product_tag-custom","11":"product_tag-for-sale","12":"product_tag-fruit-infuser-water-bottle","13":"product_tag-good-quality","14":"product_tag-manufacturers","15":"product_tag-manufacturing","16":"product_tag-plastic-water-bottles","17":"product_tag-plastic-water-drinking-bottle","18":"product_tag-price","19":"product_tag-small","20":"product_tag-square-frosted-water-bottle","21":"product_tag-strap-gym-motivational-sports-water-bottle","22":"product_tag-suppliers","23":"product_tag-transparent-with-time-scale-water-bottle","24":"product_tag-water-bottle-gym","25":"product_tag-wholesale","27":"first","28":"instock","29":"shipping-taxable","30":"product-type-simple"},"acf":[],"yoast_head":"<!-- This site is optimized with the Yoast SEO Premium plugin v27.5 (Yoast SEO v27.5) - https:\/\/yoast.com\/product\/yoast-seo-premium-wordpress\/ -->\n<title>Square Frosted Water Bottle - Diller Water Bottle Manufacturer<\/title>\n<meta name=\"description\" content=\"As one of the best Square Frosted Water Bottle manufacturers and suppliers, we are engaged in manufacturing good quality water bottles. We warmly welcome you to wholesale or buy custom made Square Frosted Water Bottle at competitive price from us. Also, small quantity orders are acceptable.\" \/>\n<meta name=\"robots\" content=\"index, follow, max-snippet:-1, max-image-preview:large, max-video-preview:-1\" \/>\n<link rel=\"canonical\" href=\"https:\/\/www.dillerbottle.com\/de\/produkte\/quadratische-gefrostete-wasserflasche\" \/>\n<meta property=\"og:locale\" content=\"de_DE\" \/>\n<meta property=\"og:type\" content=\"article\" \/>\n<meta property=\"og:title\" content=\"Square Frosted Water Bottle\" \/>\n<meta property=\"og:description\" content=\"As one of the best Square Frosted Water Bottle manufacturers and suppliers, we are engaged in manufacturing good quality water bottles. We warmly welcome you to wholesale or buy custom made Square Frosted Water Bottle at competitive price from us. Also, small quantity orders are acceptable.\" \/>\n<meta property=\"og:url\" content=\"https:\/\/www.dillerbottle.com\/de\/produkte\/quadratische-gefrostete-wasserflasche\" \/>\n<meta property=\"og:site_name\" content=\"Diller Water Bottle Manufacturer\" \/>\n<meta property=\"article:modified_time\" content=\"2025-07-09T09:56:33+00:00\" \/>\n<meta property=\"og:image\" content=\"https:\/\/www.dillerbottle.com\/wp-content\/uploads\/2024\/09\/frosted-square-water-bottle5f0b53ec-cc97-461a-ab42-0d4f5496ce4b.jpg\" \/>\n\t<meta property=\"og:image:width\" content=\"730\" \/>\n\t<meta property=\"og:image:height\" content=\"730\" \/>\n\t<meta property=\"og:image:type\" content=\"image\/jpeg\" \/>\n<meta name=\"twitter:card\" content=\"summary_large_image\" \/>\n<meta name=\"twitter:label1\" content=\"Gesch\u00e4tzte Lesezeit\" \/>\n\t<meta name=\"twitter:data1\" content=\"4\u00a0Minuten\" \/>\n<script type=\"application\/ld+json\" class=\"yoast-schema-graph\">{\"@context\":\"https:\\\/\\\/schema.org\",\"@graph\":[{\"@type\":\"WebPage\",\"@id\":\"https:\\\/\\\/www.dillerbottle.com\\\/vn\\\/cac-san-pham\\\/binh-dung-nuoc-vuong-mo\",\"url\":\"https:\\\/\\\/www.dillerbottle.com\\\/vn\\\/cac-san-pham\\\/binh-dung-nuoc-vuong-mo\",\"name\":\"Square Frosted Water Bottle - Diller Water Bottle Manufacturer\",\"isPartOf\":{\"@id\":\"https:\\\/\\\/www.dillerbottle.com\\\/#website\"},\"primaryImageOfPage\":{\"@id\":\"https:\\\/\\\/www.dillerbottle.com\\\/vn\\\/cac-san-pham\\\/binh-dung-nuoc-vuong-mo#primaryimage\"},\"image\":{\"@id\":\"https:\\\/\\\/www.dillerbottle.com\\\/vn\\\/cac-san-pham\\\/binh-dung-nuoc-vuong-mo#primaryimage\"},\"thumbnailUrl\":\"https:\\\/\\\/www.dillerbottle.com\\\/wp-content\\\/uploads\\\/2024\\\/09\\\/frosted-square-water-bottle5f0b53ec-cc97-461a-ab42-0d4f5496ce4b.jpg\",\"datePublished\":\"2024-09-27T10:03:49+00:00\",\"dateModified\":\"2025-07-09T09:56:33+00:00\",\"description\":\"As one of the best Square Frosted Water Bottle manufacturers and suppliers, we are engaged in manufacturing good quality water bottles. We warmly welcome you to wholesale or buy custom made Square Frosted Water Bottle at competitive price from us. Also, small quantity orders are acceptable.\",\"breadcrumb\":{\"@id\":\"https:\\\/\\\/www.dillerbottle.com\\\/vn\\\/cac-san-pham\\\/binh-dung-nuoc-vuong-mo#breadcrumb\"},\"inLanguage\":\"de\",\"potentialAction\":[{\"@type\":\"ReadAction\",\"target\":[\"https:\\\/\\\/www.dillerbottle.com\\\/vn\\\/cac-san-pham\\\/binh-dung-nuoc-vuong-mo\"]}]},{\"@type\":\"ImageObject\",\"inLanguage\":\"de\",\"@id\":\"https:\\\/\\\/www.dillerbottle.com\\\/vn\\\/cac-san-pham\\\/binh-dung-nuoc-vuong-mo#primaryimage\",\"url\":\"https:\\\/\\\/www.dillerbottle.com\\\/wp-content\\\/uploads\\\/2024\\\/09\\\/frosted-square-water-bottle5f0b53ec-cc97-461a-ab42-0d4f5496ce4b.jpg\",\"contentUrl\":\"https:\\\/\\\/www.dillerbottle.com\\\/wp-content\\\/uploads\\\/2024\\\/09\\\/frosted-square-water-bottle5f0b53ec-cc97-461a-ab42-0d4f5496ce4b.jpg\",\"width\":730,\"height\":730},{\"@type\":\"BreadcrumbList\",\"@id\":\"https:\\\/\\\/www.dillerbottle.com\\\/vn\\\/cac-san-pham\\\/binh-dung-nuoc-vuong-mo#breadcrumb\",\"itemListElement\":[{\"@type\":\"ListItem\",\"position\":1,\"name\":\"Home\",\"item\":\"https:\\\/\\\/www.dillerbottle.com\\\/\"},{\"@type\":\"ListItem\",\"position\":2,\"name\":\"Products\",\"item\":\"https:\\\/\\\/www.dillerbottle.com\\\/shop\"},{\"@type\":\"ListItem\",\"position\":3,\"name\":\"Square Frosted Water Bottle\"}]},{\"@type\":\"WebSite\",\"@id\":\"https:\\\/\\\/www.dillerbottle.com\\\/#website\",\"url\":\"https:\\\/\\\/www.dillerbottle.com\\\/\",\"name\":\"Diller Water Bottle Manufacturer\",\"description\":\"Water Bottle Manufacturer\",\"publisher\":{\"@id\":\"https:\\\/\\\/www.dillerbottle.com\\\/#organization\"},\"potentialAction\":[{\"@type\":\"SearchAction\",\"target\":{\"@type\":\"EntryPoint\",\"urlTemplate\":\"https:\\\/\\\/www.dillerbottle.com\\\/?s={search_term_string}\"},\"query-input\":{\"@type\":\"PropertyValueSpecification\",\"valueRequired\":true,\"valueName\":\"search_term_string\"}}],\"inLanguage\":\"de\"},{\"@type\":\"Organization\",\"@id\":\"https:\\\/\\\/www.dillerbottle.com\\\/#organization\",\"name\":\"Diller Water Bottle Manufacturer\",\"url\":\"https:\\\/\\\/www.dillerbottle.com\\\/\",\"logo\":{\"@type\":\"ImageObject\",\"inLanguage\":\"de\",\"@id\":\"https:\\\/\\\/www.dillerbottle.com\\\/#\\\/schema\\\/logo\\\/image\\\/\",\"url\":\"https:\\\/\\\/www.dillerbottle.com\\\/wp-content\\\/uploads\\\/2024\\\/09\\\/49918bfa848dcc1e9f8b509933603ac.png\",\"contentUrl\":\"https:\\\/\\\/www.dillerbottle.com\\\/wp-content\\\/uploads\\\/2024\\\/09\\\/49918bfa848dcc1e9f8b509933603ac.png\",\"width\":988,\"height\":198,\"caption\":\"Diller Water Bottle Manufacturer\"},\"image\":{\"@id\":\"https:\\\/\\\/www.dillerbottle.com\\\/#\\\/schema\\\/logo\\\/image\\\/\"}}]}<\/script>\n<!-- \/ Yoast SEO Premium plugin. -->","yoast_head_json":{"title":"Quadratische, gefrostete Wasserflasche - Diller Wasserflaschenhersteller","description":"Als einer der besten Hersteller und Lieferanten von quadratischen, mattierten Wasserflaschen sind wir auf die Herstellung hochwertiger Wasserflaschen spezialisiert. Wir hei\u00dfen Sie herzlich willkommen, bei uns ma\u00dfgeschneiderte quadratische, mattierte Wasserflaschen im Gro\u00dfhandel zu wettbewerbsf\u00e4higen Preisen zu kaufen. Auch Bestellungen in kleinen Mengen sind akzeptabel.","robots":{"index":"index","follow":"follow","max-snippet":"max-snippet:-1","max-image-preview":"max-image-preview:large","max-video-preview":"max-video-preview:-1"},"canonical":"https:\/\/www.dillerbottle.com\/de\/produkte\/quadratische-gefrostete-wasserflasche","og_locale":"de_DE","og_type":"article","og_title":"Square Frosted Water Bottle","og_description":"As one of the best Square Frosted Water Bottle manufacturers and suppliers, we are engaged in manufacturing good quality water bottles. We warmly welcome you to wholesale or buy custom made Square Frosted Water Bottle at competitive price from us. Also, small quantity orders are acceptable.","og_url":"https:\/\/www.dillerbottle.com\/de\/produkte\/quadratische-gefrostete-wasserflasche","og_site_name":"Diller Water Bottle Manufacturer","article_modified_time":"2025-07-09T09:56:33+00:00","og_image":[{"width":730,"height":730,"url":"https:\/\/www.dillerbottle.com\/wp-content\/uploads\/2024\/09\/frosted-square-water-bottle5f0b53ec-cc97-461a-ab42-0d4f5496ce4b.jpg","type":"image\/jpeg"}],"twitter_card":"summary_large_image","twitter_misc":{"Gesch\u00e4tzte Lesezeit":"4\u00a0Minuten"},"schema":{"@context":"https:\/\/schema.org","@graph":[{"@type":"WebPage","@id":"https:\/\/www.dillerbottle.com\/vn\/cac-san-pham\/binh-dung-nuoc-vuong-mo","url":"https:\/\/www.dillerbottle.com\/vn\/cac-san-pham\/binh-dung-nuoc-vuong-mo","name":"Quadratische, gefrostete Wasserflasche - Diller Wasserflaschenhersteller","isPartOf":{"@id":"https:\/\/www.dillerbottle.com\/#website"},"primaryImageOfPage":{"@id":"https:\/\/www.dillerbottle.com\/vn\/cac-san-pham\/binh-dung-nuoc-vuong-mo#primaryimage"},"image":{"@id":"https:\/\/www.dillerbottle.com\/vn\/cac-san-pham\/binh-dung-nuoc-vuong-mo#primaryimage"},"thumbnailUrl":"https:\/\/www.dillerbottle.com\/wp-content\/uploads\/2024\/09\/frosted-square-water-bottle5f0b53ec-cc97-461a-ab42-0d4f5496ce4b.jpg","datePublished":"2024-09-27T10:03:49+00:00","dateModified":"2025-07-09T09:56:33+00:00","description":"Als einer der besten Hersteller und Lieferanten von quadratischen, mattierten Wasserflaschen sind wir auf die Herstellung hochwertiger Wasserflaschen spezialisiert. Wir hei\u00dfen Sie herzlich willkommen, bei uns ma\u00dfgeschneiderte quadratische, mattierte Wasserflaschen im Gro\u00dfhandel zu wettbewerbsf\u00e4higen Preisen zu kaufen. Auch Bestellungen in kleinen Mengen sind akzeptabel.","breadcrumb":{"@id":"https:\/\/www.dillerbottle.com\/vn\/cac-san-pham\/binh-dung-nuoc-vuong-mo#breadcrumb"},"inLanguage":"de","potentialAction":[{"@type":"ReadAction","target":["https:\/\/www.dillerbottle.com\/vn\/cac-san-pham\/binh-dung-nuoc-vuong-mo"]}]},{"@type":"ImageObject","inLanguage":"de","@id":"https:\/\/www.dillerbottle.com\/vn\/cac-san-pham\/binh-dung-nuoc-vuong-mo#primaryimage","url":"https:\/\/www.dillerbottle.com\/wp-content\/uploads\/2024\/09\/frosted-square-water-bottle5f0b53ec-cc97-461a-ab42-0d4f5496ce4b.jpg","contentUrl":"https:\/\/www.dillerbottle.com\/wp-content\/uploads\/2024\/09\/frosted-square-water-bottle5f0b53ec-cc97-461a-ab42-0d4f5496ce4b.jpg","width":730,"height":730},{"@type":"BreadcrumbList","@id":"https:\/\/www.dillerbottle.com\/vn\/cac-san-pham\/binh-dung-nuoc-vuong-mo#breadcrumb","itemListElement":[{"@type":"ListItem","position":1,"name":"Home","item":"https:\/\/www.dillerbottle.com\/"},{"@type":"ListItem","position":2,"name":"Products","item":"https:\/\/www.dillerbottle.com\/shop"},{"@type":"ListItem","position":3,"name":"Square Frosted Water Bottle"}]},{"@type":"WebSite","@id":"https:\/\/www.dillerbottle.com\/#website","url":"https:\/\/www.dillerbottle.com\/","name":"Diller Wasserflaschenhersteller","description":"Wasserflaschenhersteller","publisher":{"@id":"https:\/\/www.dillerbottle.com\/#organization"},"potentialAction":[{"@type":"SearchAction","target":{"@type":"EntryPoint","urlTemplate":"https:\/\/www.dillerbottle.com\/?s={search_term_string}"},"query-input":{"@type":"PropertyValueSpecification","valueRequired":true,"valueName":"search_term_string"}}],"inLanguage":"de"},{"@type":"Organization","@id":"https:\/\/www.dillerbottle.com\/#organization","name":"Diller Wasserflaschenhersteller","url":"https:\/\/www.dillerbottle.com\/","logo":{"@type":"ImageObject","inLanguage":"de","@id":"https:\/\/www.dillerbottle.com\/#\/schema\/logo\/image\/","url":"https:\/\/www.dillerbottle.com\/wp-content\/uploads\/2024\/09\/49918bfa848dcc1e9f8b509933603ac.png","contentUrl":"https:\/\/www.dillerbottle.com\/wp-content\/uploads\/2024\/09\/49918bfa848dcc1e9f8b509933603ac.png","width":988,"height":198,"caption":"Diller Water Bottle Manufacturer"},"image":{"@id":"https:\/\/www.dillerbottle.com\/#\/schema\/logo\/image\/"}}]}},"_links":{"self":[{"href":"https:\/\/www.dillerbottle.com\/de\/wp-json\/wp\/v2\/product\/6006","targetHints":{"allow":["GET"]}}],"collection":[{"href":"https:\/\/www.dillerbottle.com\/de\/wp-json\/wp\/v2\/product"}],"about":[{"href":"https:\/\/www.dillerbottle.com\/de\/wp-json\/wp\/v2\/types\/product"}],"replies":[{"embeddable":true,"href":"https:\/\/www.dillerbottle.com\/de\/wp-json\/wp\/v2\/comments?post=6006"}],"wp:featuredmedia":[{"embeddable":true,"href":"https:\/\/www.dillerbottle.com\/de\/wp-json\/wp\/v2\/media\/6007"}],"wp:attachment":[{"href":"https:\/\/www.dillerbottle.com\/de\/wp-json\/wp\/v2\/media?parent=6006"}],"wp:term":[{"taxonomy":"product_brand","embeddable":true,"href":"https:\/\/www.dillerbottle.com\/de\/wp-json\/wp\/v2\/product_brand?post=6006"},{"taxonomy":"product_cat","embeddable":true,"href":"https:\/\/www.dillerbottle.com\/de\/wp-json\/wp\/v2\/product_cat?post=6006"},{"taxonomy":"product_tag","embeddable":true,"href":"https:\/\/www.dillerbottle.com\/de\/wp-json\/wp\/v2\/product_tag?post=6006"}],"curies":[{"name":"wp","href":"https:\/\/api.w.org\/{rel}","templated":true}]}}